{"id":252,"date":"2010-06-04T03:05:36","date_gmt":"2010-06-04T01:05:36","guid":{"rendered":"http:\/\/abc-latina.com\/parque_arenal-htm\/"},"modified":"2018-06-12T11:18:55","modified_gmt":"2018-06-12T09:18:55","slug":"parque_arenal","status":"publish","type":"page","link":"https:\/\/abc-latina.com\/costarica\/parque_arenal\/","title":{"rendered":"PARQUE NACIONAL ARENAL"},"content":{"rendered":"<div><img loading=\"lazy\" decoding=\"async\" class=\" size-full wp-image-250\" src=\"http:\/\/abc-latina.com\/wp-content\/uploads\/2010\/06\/016-volcan-arenal-costa-rica.png\" title=\"VOLCAN ARENAL\" alt=\"VOLCAN ARENAL\" width=\"480\" height=\"281\" srcset=\"https:\/\/abc-latina.com\/wp-content\/uploads\/2010\/06\/016-volcan-arenal-costa-rica.png 580w, https:\/\/abc-latina.com\/wp-content\/uploads\/2010\/06\/016-volcan-arenal-costa-rica-300x176.png 300w\" sizes=\"auto, (max-width: 480px) 100vw, 480px\" \/><\/div>\n<div>&nbsp;<\/div>\n<div>Le volcan Arenal repr\u00e9sente l&rsquo;image parfaite que l&rsquo;on se fait d&rsquo;un volcan en \u00e9ruption. D&rsquo;abord parce que cette montagne est bien isol\u00e9e et se d\u00e9marque des montagnes avoisinantes par son \u00e9l\u00e9gance et sa forme triangulaire. (Avec ses 1 633 m d&rsquo;altitude, le volcan Arenal est facilement rep\u00e9rable, de toutes directions, et particuli\u00e8rement du c\u00f4t\u00e9 ouest, l\u00e0 o\u00f9 se trouve le lac Arenal.) Ensuite parce que cette montagne est consid\u00e9r\u00e9e comme l&rsquo;un des volcans les plus actifs au monde.&nbsp;<\/div>\n<div>&nbsp;<\/div>\n<div><img loading=\"lazy\" decoding=\"async\" class=\" alignright size-full wp-image-251\" src=\"http:\/\/abc-latina.com\/wp-content\/uploads\/2010\/06\/arenales.jpg\" title=\"ARENALES\" alt=\"\" width=\"220\" vspace=\"9\" hspace=\"15\" height=\"220\" align=\"right\" srcset=\"https:\/\/abc-latina.com\/wp-content\/uploads\/2010\/06\/arenales.jpg 220w, https:\/\/abc-latina.com\/wp-content\/uploads\/2010\/06\/arenales-150x150.jpg 150w\" sizes=\"auto, (max-width: 220px) 100vw, 220px\" \/>Le <span class=\"tourisme-chapitre\">Parque Nacional Arenal<\/span>, d&rsquo;une superficie de 12 016 ha et cr\u00e9\u00e9 en septembre 1994, fait partie de l&rsquo;Area de Conservaci\u00f3n Arenal. Ce tout jeune parc vise \u00e0 prot\u00e9ger cette r\u00e9gion, mais \u00e9galement \u00e0 renseigner les visiteurs sur ce volcan fort actif. L&rsquo;endroit le plus visit\u00e9 du parc est le Mirador, situ\u00e9 \u00e0 1,3 km de l&rsquo;entr\u00e9e. Il est possible d&rsquo;y acc\u00e9der \u00e0 pied, via un petit sentier, ou en voiture. Ce point de vue, bas\u00e9 au pied du volcan, constitue un excellent endroit pour admirer, \u00e9couter et sentir toute sa puissante activit\u00e9. On distingue ais\u00e9ment les nombreuses coul\u00e9es de lave qui se sont fray\u00e9 un chemin jusqu&rsquo;\u00e0 la base de la montagne en consumant tout sur leur passage. Selon le jour, vous apercevrez peut-\u00eatre des envol\u00e9es de poussi\u00e8re et de cendre jaillir du sommet. De plus, il n&rsquo;est pas rare de ressentir une secousse terrestre accompagn\u00e9e de grondements tr\u00e8s perceptibles, comme si le volcan Arenal voulait ne laisser aucun doute sur sa puissance et sa capacit\u00e9 destructrice effroyable.&nbsp;<\/div>\n<div>&nbsp;<\/div>\n<p><a href=\"..\/tour_operateur\" target=\"_blank\" style=\"text-decoration: none;\"><img loading=\"lazy\" decoding=\"async\" class=\" size-full wp-image-41\" alt=\"\" src=\"http:\/\/abc-latina.com\/wp-content\/uploads\/2010\/04\/timbre_to.gif\" class=\"touroperateur\" width=\"125\" height=\"90\" \/><\/a><\/p>\n<h3>Pr\u00e9parez votre voyage au Parque Arenal:<\/h3>\n<div><a href=\"https:\/\/www.abc-latina.com\/costarica\/agence_de_voyages\">Agences de voyage g\u00e9n\u00e9ralistes et discounteurs<\/a><\/div>\n<div><a href=\"https:\/\/www.abc-latina.com\/costarica\/tour_operateur\">Tours Op\u00e9rateurs sp\u00e9cialistes du Costa Rica<\/a><\/div>\n<div><a href=\"https:\/\/www.abc-latina.com\/to\/reservation_billet_avion\" target=\"_blank\">R\u00e9servez votre billet d&rsquo;avion<\/a><\/div>\n<div><a href=\"https:\/\/www.abc-latina.com\/costarica\/hotels\">R\u00e9servez votre h\u00f4tel au Costa Rica<\/a>&nbsp;<\/div>\n<div><a href=\"https:\/\/www.abc-latina.com\/to\/location_de_voiture_costa_rica\" target=\"_blank\">Location de voiture<\/a><\/div>\n","protected":false},"excerpt":{"rendered":"<p>&nbsp; Le volcan Arenal repr\u00e9sente l&rsquo;image parfaite que l&rsquo;on se fait d&rsquo;un volcan en \u00e9ruption. D&rsquo;abord parce que cette montagne [&hellip;]<\/p>\n","protected":false},"author":3,"featured_media":250,"parent":2300,"menu_order":0,"comment_status":"closed","ping_status":"closed","template":"","meta":{"site-sidebar-layout":"default","site-content-layout":"","ast-site-content-layout":"default","site-content-style":"default","site-sidebar-style":"default","ast-global-header-display":"","ast-banner-title-visibility":"","ast-main-header-display":"","ast-hfb-above-header-display":"","ast-hfb-below-header-display":"","ast-hfb-mobile-header-display":"","site-post-title":"","ast-breadcrumbs-content":"","ast-featured-img":"","footer-sml-layout":"","ast-disable-related-posts":"","theme-transparent-header-meta":"","adv-header-id-meta":"","stick-header-meta":"","header-above-stick-meta":"","header-main-stick-meta":"","header-below-stick-meta":"","astra-migrate-meta-layouts":"default","ast-page-background-enabled":"default","ast-page-background-meta":{"desktop":{"background-color":"var(--ast-global-color-5)","background-image":"","background-repeat":"repeat","background-position":"center center","background-size":"auto","background-attachment":"scroll","background-type":"","background-media":"","overlay-type":"","overlay-color":"","overlay-opacity":"","overlay-gradient":""},"tablet":{"background-color":"","background-image":"","background-repeat":"repeat","background-position":"center center","background-size":"auto","background-attachment":"scroll","background-type":"","background-media":"","overlay-type":"","overlay-color":"","overlay-opacity":"","overlay-gradient":""},"mobile":{"background-color":"","background-image":"","background-repeat":"repeat","background-position":"center center","background-size":"auto","background-attachment":"scroll","background-type":"","background-media":"","overlay-type":"","overlay-color":"","overlay-opacity":"","overlay-gradient":""}},"ast-content-background-meta":{"desktop":{"background-color":"var(--ast-global-color-4)","background-image":"","background-repeat":"repeat","background-position":"center center","background-size":"auto","background-attachment":"scroll","background-type":"","background-media":"","overlay-type":"","overlay-color":"","overlay-opacity":"","overlay-gradient":""},"tablet":{"background-color":"var(--ast-global-color-4)","background-image":"","background-repeat":"repeat","background-position":"center center","background-size":"auto","background-attachment":"scroll","background-type":"","background-media":"","overlay-type":"","overlay-color":"","overlay-opacity":"","overlay-gradient":""},"mobile":{"background-color":"var(--ast-global-color-4)","background-image":"","background-repeat":"repeat","background-position":"center center","background-size":"auto","background-attachment":"scroll","background-type":"","background-media":"","overlay-type":"","overlay-color":"","overlay-opacity":"","overlay-gradient":""}},"footnotes":""},"class_list":["post-252","page","type-page","status-publish","has-post-thumbnail","hentry"],"yoast_head":"<!-- This site is optimized with the Yoast SEO plugin v27.5 - https:\/\/yoast.com\/product\/yoast-seo-wordpress\/ -->\n<title>PARQUE NACIONAL ARENAL - Abc-latina<\/title>\n<meta name=\"description\" content=\"Voyage au Costa Rica, visite du Parque national Arenal.\" \/>\n<meta name=\"robots\" content=\"index, follow, max-snippet:-1, max-image-preview:large, max-video-preview:-1\" \/>\n<link rel=\"canonical\" href=\"https:\/\/abc-latina.com\/costarica\/parque_arenal\/\" \/>\n<meta property=\"og:locale\" content=\"fr_FR\" \/>\n<meta property=\"og:type\" content=\"article\" \/>\n<meta property=\"og:title\" content=\"PARQUE NACIONAL ARENAL - Abc-latina\" \/>\n<meta property=\"og:description\" content=\"Voyage au Costa Rica, visite du Parque national Arenal.\" \/>\n<meta property=\"og:url\" content=\"https:\/\/abc-latina.com\/costarica\/parque_arenal\/\" \/>\n<meta property=\"og:site_name\" content=\"Abc-latina\" \/>\n<meta property=\"article:modified_time\" content=\"2018-06-12T09:18:55+00:00\" \/>\n<meta property=\"og:image\" content=\"https:\/\/abc-latina.com\/wp-content\/uploads\/2010\/06\/016-volcan-arenal-costa-rica.png\" \/>\n\t<meta property=\"og:image:width\" content=\"580\" \/>\n\t<meta property=\"og:image:height\" content=\"340\" \/>\n\t<meta property=\"og:image:type\" content=\"image\/png\" \/>\n<meta name=\"twitter:card\" content=\"summary_large_image\" \/>\n<meta name=\"twitter:label1\" content=\"Dur\u00e9e de lecture estim\u00e9e\" \/>\n\t<meta name=\"twitter:data1\" content=\"2 minutes\" \/>\n<script type=\"application\/ld+json\" class=\"yoast-schema-graph\">{\"@context\":\"https:\\\/\\\/schema.org\",\"@graph\":[{\"@type\":\"WebPage\",\"@id\":\"https:\\\/\\\/abc-latina.com\\\/costarica\\\/parque_arenal\\\/\",\"url\":\"https:\\\/\\\/abc-latina.com\\\/costarica\\\/parque_arenal\\\/\",\"name\":\"PARQUE NACIONAL ARENAL - Abc-latina\",\"isPartOf\":{\"@id\":\"https:\\\/\\\/abc-latina.com\\\/#website\"},\"primaryImageOfPage\":{\"@id\":\"https:\\\/\\\/abc-latina.com\\\/costarica\\\/parque_arenal\\\/#primaryimage\"},\"image\":{\"@id\":\"https:\\\/\\\/abc-latina.com\\\/costarica\\\/parque_arenal\\\/#primaryimage\"},\"thumbnailUrl\":\"https:\\\/\\\/abc-latina.com\\\/wp-content\\\/uploads\\\/2010\\\/06\\\/016-volcan-arenal-costa-rica.png\",\"datePublished\":\"2010-06-04T01:05:36+00:00\",\"dateModified\":\"2018-06-12T09:18:55+00:00\",\"description\":\"Voyage au Costa Rica, visite du Parque national Arenal.\",\"breadcrumb\":{\"@id\":\"https:\\\/\\\/abc-latina.com\\\/costarica\\\/parque_arenal\\\/#breadcrumb\"},\"inLanguage\":\"fr-FR\",\"potentialAction\":[{\"@type\":\"ReadAction\",\"target\":[\"https:\\\/\\\/abc-latina.com\\\/costarica\\\/parque_arenal\\\/\"]}]},{\"@type\":\"ImageObject\",\"inLanguage\":\"fr-FR\",\"@id\":\"https:\\\/\\\/abc-latina.com\\\/costarica\\\/parque_arenal\\\/#primaryimage\",\"url\":\"https:\\\/\\\/abc-latina.com\\\/wp-content\\\/uploads\\\/2010\\\/06\\\/016-volcan-arenal-costa-rica.png\",\"contentUrl\":\"https:\\\/\\\/abc-latina.com\\\/wp-content\\\/uploads\\\/2010\\\/06\\\/016-volcan-arenal-costa-rica.png\",\"width\":580,\"height\":340,\"caption\":\"VOLCAN ARENAL\"},{\"@type\":\"BreadcrumbList\",\"@id\":\"https:\\\/\\\/abc-latina.com\\\/costarica\\\/parque_arenal\\\/#breadcrumb\",\"itemListElement\":[{\"@type\":\"ListItem\",\"position\":1,\"name\":\"Accueil\",\"item\":\"https:\\\/\\\/abc-latina.com\\\/\"},{\"@type\":\"ListItem\",\"position\":2,\"name\":\"PARQUE NACIONAL ARENAL\"}]},{\"@type\":\"WebSite\",\"@id\":\"https:\\\/\\\/abc-latina.com\\\/#website\",\"url\":\"https:\\\/\\\/abc-latina.com\\\/\",\"name\":\"Abc-latina\",\"description\":\"\",\"publisher\":{\"@id\":\"https:\\\/\\\/abc-latina.com\\\/#organization\"},\"potentialAction\":[{\"@type\":\"SearchAction\",\"target\":{\"@type\":\"EntryPoint\",\"urlTemplate\":\"https:\\\/\\\/abc-latina.com\\\/?s={search_term_string}\"},\"query-input\":{\"@type\":\"PropertyValueSpecification\",\"valueRequired\":true,\"valueName\":\"search_term_string\"}}],\"inLanguage\":\"fr-FR\"},{\"@type\":\"Organization\",\"@id\":\"https:\\\/\\\/abc-latina.com\\\/#organization\",\"name\":\"Abc-latina\",\"url\":\"https:\\\/\\\/abc-latina.com\\\/\",\"logo\":{\"@type\":\"ImageObject\",\"inLanguage\":\"fr-FR\",\"@id\":\"https:\\\/\\\/abc-latina.com\\\/#\\\/schema\\\/logo\\\/image\\\/\",\"url\":\"https:\\\/\\\/abc-latina.com\\\/wp-content\\\/uploads\\\/2026\\\/05\\\/cropped-logo.gif\",\"contentUrl\":\"https:\\\/\\\/abc-latina.com\\\/wp-content\\\/uploads\\\/2026\\\/05\\\/cropped-logo.gif\",\"width\":89,\"height\":84,\"caption\":\"Abc-latina\"},\"image\":{\"@id\":\"https:\\\/\\\/abc-latina.com\\\/#\\\/schema\\\/logo\\\/image\\\/\"}}]}<\/script>\n<!-- \/ Yoast SEO plugin. -->","yoast_head_json":{"title":"PARQUE NACIONAL ARENAL - Abc-latina","description":"Voyage au Costa Rica, visite du Parque national Arenal.","robots":{"index":"index","follow":"follow","max-snippet":"max-snippet:-1","max-image-preview":"max-image-preview:large","max-video-preview":"max-video-preview:-1"},"canonical":"https:\/\/abc-latina.com\/costarica\/parque_arenal\/","og_locale":"fr_FR","og_type":"article","og_title":"PARQUE NACIONAL ARENAL - Abc-latina","og_description":"Voyage au Costa Rica, visite du Parque national Arenal.","og_url":"https:\/\/abc-latina.com\/costarica\/parque_arenal\/","og_site_name":"Abc-latina","article_modified_time":"2018-06-12T09:18:55+00:00","og_image":[{"width":580,"height":340,"url":"https:\/\/abc-latina.com\/wp-content\/uploads\/2010\/06\/016-volcan-arenal-costa-rica.png","type":"image\/png"}],"twitter_card":"summary_large_image","twitter_misc":{"Dur\u00e9e de lecture estim\u00e9e":"2 minutes"},"schema":{"@context":"https:\/\/schema.org","@graph":[{"@type":"WebPage","@id":"https:\/\/abc-latina.com\/costarica\/parque_arenal\/","url":"https:\/\/abc-latina.com\/costarica\/parque_arenal\/","name":"PARQUE NACIONAL ARENAL - Abc-latina","isPartOf":{"@id":"https:\/\/abc-latina.com\/#website"},"primaryImageOfPage":{"@id":"https:\/\/abc-latina.com\/costarica\/parque_arenal\/#primaryimage"},"image":{"@id":"https:\/\/abc-latina.com\/costarica\/parque_arenal\/#primaryimage"},"thumbnailUrl":"https:\/\/abc-latina.com\/wp-content\/uploads\/2010\/06\/016-volcan-arenal-costa-rica.png","datePublished":"2010-06-04T01:05:36+00:00","dateModified":"2018-06-12T09:18:55+00:00","description":"Voyage au Costa Rica, visite du Parque national Arenal.","breadcrumb":{"@id":"https:\/\/abc-latina.com\/costarica\/parque_arenal\/#breadcrumb"},"inLanguage":"fr-FR","potentialAction":[{"@type":"ReadAction","target":["https:\/\/abc-latina.com\/costarica\/parque_arenal\/"]}]},{"@type":"ImageObject","inLanguage":"fr-FR","@id":"https:\/\/abc-latina.com\/costarica\/parque_arenal\/#primaryimage","url":"https:\/\/abc-latina.com\/wp-content\/uploads\/2010\/06\/016-volcan-arenal-costa-rica.png","contentUrl":"https:\/\/abc-latina.com\/wp-content\/uploads\/2010\/06\/016-volcan-arenal-costa-rica.png","width":580,"height":340,"caption":"VOLCAN ARENAL"},{"@type":"BreadcrumbList","@id":"https:\/\/abc-latina.com\/costarica\/parque_arenal\/#breadcrumb","itemListElement":[{"@type":"ListItem","position":1,"name":"Accueil","item":"https:\/\/abc-latina.com\/"},{"@type":"ListItem","position":2,"name":"PARQUE NACIONAL ARENAL"}]},{"@type":"WebSite","@id":"https:\/\/abc-latina.com\/#website","url":"https:\/\/abc-latina.com\/","name":"Abc-latina","description":"","publisher":{"@id":"https:\/\/abc-latina.com\/#organization"},"potentialAction":[{"@type":"SearchAction","target":{"@type":"EntryPoint","urlTemplate":"https:\/\/abc-latina.com\/?s={search_term_string}"},"query-input":{"@type":"PropertyValueSpecification","valueRequired":true,"valueName":"search_term_string"}}],"inLanguage":"fr-FR"},{"@type":"Organization","@id":"https:\/\/abc-latina.com\/#organization","name":"Abc-latina","url":"https:\/\/abc-latina.com\/","logo":{"@type":"ImageObject","inLanguage":"fr-FR","@id":"https:\/\/abc-latina.com\/#\/schema\/logo\/image\/","url":"https:\/\/abc-latina.com\/wp-content\/uploads\/2026\/05\/cropped-logo.gif","contentUrl":"https:\/\/abc-latina.com\/wp-content\/uploads\/2026\/05\/cropped-logo.gif","width":89,"height":84,"caption":"Abc-latina"},"image":{"@id":"https:\/\/abc-latina.com\/#\/schema\/logo\/image\/"}}]}},"_links":{"self":[{"href":"https:\/\/abc-latina.com\/wp-json\/wp\/v2\/pages\/252","targetHints":{"allow":["GET"]}}],"collection":[{"href":"https:\/\/abc-latina.com\/wp-json\/wp\/v2\/pages"}],"about":[{"href":"https:\/\/abc-latina.com\/wp-json\/wp\/v2\/types\/page"}],"author":[{"embeddable":true,"href":"https:\/\/abc-latina.com\/wp-json\/wp\/v2\/users\/3"}],"replies":[{"embeddable":true,"href":"https:\/\/abc-latina.com\/wp-json\/wp\/v2\/comments?post=252"}],"version-history":[{"count":0,"href":"https:\/\/abc-latina.com\/wp-json\/wp\/v2\/pages\/252\/revisions"}],"up":[{"embeddable":true,"href":"https:\/\/abc-latina.com\/wp-json\/wp\/v2\/pages\/2300"}],"wp:featuredmedia":[{"embeddable":true,"href":"https:\/\/abc-latina.com\/wp-json\/wp\/v2\/media\/250"}],"wp:attachment":[{"href":"https:\/\/abc-latina.com\/wp-json\/wp\/v2\/media?parent=252"}],"curies":[{"name":"wp","href":"https:\/\/api.w.org\/{rel}","templated":true}]}}