{"id":2524,"date":"2010-11-15T00:43:51","date_gmt":"2010-11-14T23:43:51","guid":{"rendered":"http:\/\/abc-latina.com\/christophe_colomb-htm\/"},"modified":"2026-04-30T18:25:21","modified_gmt":"2026-04-30T16:25:21","slug":"christophe_colomb","status":"publish","type":"page","link":"https:\/\/abc-latina.com\/personnalites\/christophe_colomb\/","title":{"rendered":"CHRISTOPHE COLOMB"},"content":{"rendered":"<div style=\"text-align: center;\"><a href=\"https:\/\/www.abc-latina.com\/personnalites\/photos\/photos-christophe-colomb.php\"><img loading=\"lazy\" decoding=\"async\" class=\" size-full wp-image-2523\" src=\"http:\/\/abc-latina.com\/wp-content\/uploads\/2010\/11\/christophe-colomb-1.gif\" title=\" CHRISTOPHE COLOMB\" alt=\"\" width=\"300\" height=\"396\" \/><\/a><\/div>\n<div>&nbsp;<\/div>\n<div><strong><span style=\"color: rgb(255, 102, 0); \">Christophe Colomb<\/span><\/strong> (n\u00e9 en 1451 \u00e0 G\u00eanes, <a target=\"_blank\" href=\"http:\/\/www.europa-planet.com\/italie\/\">Italie<\/a> &#8211; d\u00e9c\u00e9d\u00e9 le 20 mai 1506 \u00e0 Valladolid, <a target=\"_blank\" href=\"http:\/\/www.europa-planet.com\/espagne\/\">Espagne<\/a>) est un navigateur espagnol, &laquo; d\u00e9couvreur &raquo; des Am\u00e9riques et fut vice-roi des &laquo; Indes occidentales &raquo;<\/div>\n<div>Christophe Colomb nait \u00e0 G\u00eanes et devient tr\u00e8s t\u00f4t marin. En 1476, il embarque sur un convoi en partance pour Lisbonne puis l&rsquo;<a target=\"_blank\" href=\"http:\/\/www.europa-planet.com\/angleterre\/\">Angleterre<\/a>. Le convoi est attaqu\u00e9 par les fran\u00e7ais et Christophe Colomb se r\u00e9fugie \u00e0 Lagos puis part chez son fr\u00e8re, cartographe \u00e0 Lisbonne. Il \u00e9pouse en 1479 Filipa Perestrlo e Moniz, fille d&rsquo;un des premiers colonisateurs de l&rsquo;\u00eele de Mad\u00e8re. Elle mourra peu de temps apr\u00e8s la naissance de leur seul fils. Christophe Colomb se perfectionne alors aux sciences de la navigation en voyageant notamment en Afrique. C&rsquo;est aux alentours de 1484 que l&rsquo;id\u00e9e de passer par l&rsquo;Atlantique pour aller aux Indes lui vient.<\/div>\n<div>&nbsp;<\/div>\n<div>Le jeune navigateur est loin d&rsquo;\u00eatre le seul \u00e0 penser une telle chose qui parait impossible \u00e0 l&rsquo;\u00e9poque. Une partie de la communaut\u00e9 scientifique de l&rsquo;\u00e9poque croit en la probabilit\u00e9 d&rsquo;une telle exp\u00e9dition gr\u00e2ce notamment aux \u00e9crits de Ptol\u00e9m\u00e9e qui a m\u00eame fait des estimations sur la distance \u00e0 parcourir : 16 090 km. La distance largement fausse parait trop importante \u00e0 Colomb qui la r\u00e9duit \u00e0 2 414 km.<\/div>\n<div>Le projet est sur pied, mais le futur explorateur n&rsquo;est pas au bout de ses peines. Un groupe d&rsquo;experts choisit par le roi Jean II du Portugal rejette son projet. Colomb se tourne alors en direction des chefs d&rsquo;Etats rivaux du Portugal. Il est re\u00e7u par Isabelle de Castille en 1486, mais une r\u00e9ponse n\u00e9gative lui est \u00e0 nouveau rendue en 1490. En 1491, sa demande est en passe d&rsquo;\u00eatre accept\u00e9e mais sa trop grande ambition fait \u00e9chouer sa qu\u00eate, il veut notamment \u00eatre vice-roi de toutes les terres d\u00e9couvertes et obtenir un titre de noblesse. C&rsquo;est gr\u00e2ce \u00e0 l&rsquo;insistance du conseiller du roi Ferdinand que le projet est approuv\u00e9 par la Reine notamment aux vues des possibles retomb\u00e9es \u00e9conomiques: n&rsquo;oublions pas que c&rsquo;est une nouvelle route vers les Indes qui risque d&rsquo;\u00eatre d\u00e9couverte.<\/div>\n<div>&nbsp;<\/div>\n<div>Le 3 ao\u00fbt 1492, Colomb est au d\u00e9part \u00e0 Palos avec 3 navires et 90 membres d&rsquo;\u00e9quipage. Une premi\u00e8re escale a lieu aux Canaries, mais les tensions se font d\u00e9j\u00e0 ressentir entre Colomb et ses marins. Le 12 octobre, la terre est en vue, se sera la future San Salvador (Guanahami). Premi\u00e8re rencontre avec les indig\u00e8nes que Colomb nomme &quot;Indiens&quot; d&rsquo;apr\u00e8s la conception du continent qu&rsquo;il croyait aborder; ceux-ci lui indiquent que de l&rsquo;or se trouve plus \u00e0 l&rsquo;Ouest. Le 28 octobre, Colomb mouille \u00e0 <a target=\"_blank\" href=\"https:\/\/www.abc-latina.com\/cuba\/\">Cuba<\/a> o\u00f9 il pense connaitre parfaitement sa position sur le continent asiatique. Alors qu&rsquo;il longe les c\u00f4tes cubaines en direction de l&rsquo;Est, le capitaine de la Pinta, l&rsquo;une des 3 caravelles de l&rsquo;exp\u00e9dition d\u00e9serte avec son \u00e9quipage afin de chercher de l&rsquo;or. L&rsquo;exp\u00e9dition s&rsquo;av\u00e8re fructueuse et de l&rsquo;or coule \u00e0 flot, mais la santa Maria s&rsquo;\u00e9choue et devient inutilisable. Apr\u00e8s avoir laiss\u00e9 39 hommes dans une fortification de fortune sur le continent, l&rsquo;explorateur rentre en Espagne o\u00f9 il croise la Pinta.<\/div>\n<div>&nbsp;<\/div>\n<div>Rentr\u00e9 en Espagne, il pr\u00e9pare une nouvelle exp\u00e9dition beaucoup plus ambitieuse, il l\u00e8ve l&rsquo;ancre pour un nouveau voyage en septembre 1493 avec une flotte de 17 navires et environ 1500 hommes, son objectif : fonder une colonie. A son retour \u00e0 Cuba, le fort a \u00e9t\u00e9 d\u00e9truit par les Indiens et il d\u00e9cide de s&rsquo;installer un peu plus loin. Il pr\u00e9pare une flotille vers l&rsquo;Ouest pour explorer les c\u00f4tes sud de Cuba. Son enthousiasme d&rsquo;avoir trouver l&rsquo;Inde est visible dans sa correspondance avec le royaume d&rsquo;Espagne qu&rsquo;il ne rejoindra qu&rsquo;en 1496.<\/div>\n<div>En 1498, nouveau d\u00e9part, nouvelle flotte compos\u00e9e de 8 navires. Il arrive le 31 juillet \u00e0 l&rsquo; \u00eele de Trinidad avec seulement trois navires, le reste de la flotille ayant rejoint Hispaniola afin de mettre fin \u00e0 la p\u00e9nurie de produit de premi\u00e8re n\u00e9cessit\u00e9 de la colonie. Il se trouve \u00e0 quelques lieues de la c\u00f4te sud-am\u00e9ricaine et devine la pr\u00e9sence du continent mais la colonie est d\u00e9sorganis\u00e9e. Colomb est rappel\u00e9 d&rsquo;urgence \u00e0 la cour d&rsquo;Espagne pour \u00eatre jug\u00e9 par Ferdinand et Isabelle en cons\u00e9quence des nombreuses plaintes re\u00e7ues envers lui et son fr\u00e8re.<\/div>\n<div>&nbsp;<\/div>\n<div>L&rsquo;issue du proc\u00e8s lui est finalement assez favorable et il peut repartir en 1502; il est cependant \u00e9cart\u00e9 de la gestion de la colonie. Arriv\u00e9 sur les c\u00f4tes de l&rsquo;actuel <a target=\"_blank\" href=\"https:\/\/www.abc-latina.com\/honduras\/\">Honduras<\/a>, il navigue en direction du Sud \u00e0 la recherche d&rsquo;un passage vers l&rsquo;Ouest. L&rsquo;or abondant au <a target=\"_blank\" href=\"https:\/\/www.abc-latina.com\/panama\/\">Panama<\/a>, de nombreux conflits \u00e9clatent avec les indig\u00e8nes. Colomb se trouve en face de l&rsquo;isthme du Panama qu&rsquo;il prend pour celui de <a target=\"_blank\" href=\"http:\/\/www.asie-planete.com\/malaisie\/\">Malaisie<\/a>. Peu \u00e0 peu ses navires sont d\u00e9truits et il envoie r\u00e9clamer de l&rsquo;aide aupr\u00e8s de la colonie d&rsquo;Hispaniola qui ne se presse pas. Il revient piteusement en 1504 en Espagne.<\/div>\n<div>Il meurt en 1506 \u00e0 Valladolid, certe persuad\u00e9 d&rsquo;avoir d\u00e9couvert la route des Indes mais frustr\u00e9 par le nombres de privil\u00e8ges qui lui ont \u00e9t\u00e9 soustraits.<\/div>\n<div>&nbsp;<\/div>\n<div><span class=\"tsource\">source Wikip\u00e9dia<\/span><\/div>\n<div>&nbsp;<\/div>\n<div><span class=\"person\">REPERES<\/span><\/div>\n<div><span class=\"person-date\">1451<\/span> &#8211; Naissance de Christophe Colomb<\/div>\n<div><span class=\"person-date\">1492<\/span> &#8211; Il d\u00e9couvre le nouveau monde<\/div>\n<div><span class=\"person-date\">1493<\/span> &#8211; Second voyage avec 17 navires<\/div>\n<div><span class=\"person-date\">1498<\/span> &#8211; Troisi\u00e9me voyage avec 8 navires<\/div>\n<div><span class=\"person-date\">1502<\/span> &#8211; Il effectue son 4\u00e9me et dernier voyage<\/div>\n<div><span class=\"person-date\">1506<\/span> &#8211; Il meurt \u00e0 l&rsquo;age de 55 ans<\/div>\n","protected":false},"excerpt":{"rendered":"<p>&nbsp; Christophe Colomb (n\u00e9 en 1451 \u00e0 G\u00eanes, Italie &#8211; d\u00e9c\u00e9d\u00e9 le 20 mai 1506 \u00e0 Valladolid, Espagne) est un [&hellip;]<\/p>\n","protected":false},"author":3,"featured_media":2523,"parent":2633,"menu_order":0,"comment_status":"closed","ping_status":"closed","template":"","meta":{"site-sidebar-layout":"default","site-content-layout":"","ast-site-content-layout":"default","site-content-style":"default","site-sidebar-style":"default","ast-global-header-display":"","ast-banner-title-visibility":"","ast-main-header-display":"","ast-hfb-above-header-display":"","ast-hfb-below-header-display":"","ast-hfb-mobile-header-display":"","site-post-title":"","ast-breadcrumbs-content":"","ast-featured-img":"","footer-sml-layout":"","ast-disable-related-posts":"","theme-transparent-header-meta":"","adv-header-id-meta":"","stick-header-meta":"","header-above-stick-meta":"","header-main-stick-meta":"","header-below-stick-meta":"","astra-migrate-meta-layouts":"default","ast-page-background-enabled":"default","ast-page-background-meta":{"desktop":{"background-color":"var(--ast-global-color-5)","background-image":"","background-repeat":"repeat","background-position":"center center","background-size":"auto","background-attachment":"scroll","background-type":"","background-media":"","overlay-type":"","overlay-color":"","overlay-opacity":"","overlay-gradient":""},"tablet":{"background-color":"","background-image":"","background-repeat":"repeat","background-position":"center center","background-size":"auto","background-attachment":"scroll","background-type":"","background-media":"","overlay-type":"","overlay-color":"","overlay-opacity":"","overlay-gradient":""},"mobile":{"background-color":"","background-image":"","background-repeat":"repeat","background-position":"center center","background-size":"auto","background-attachment":"scroll","background-type":"","background-media":"","overlay-type":"","overlay-color":"","overlay-opacity":"","overlay-gradient":""}},"ast-content-background-meta":{"desktop":{"background-color":"var(--ast-global-color-4)","background-image":"","background-repeat":"repeat","background-position":"center center","background-size":"auto","background-attachment":"scroll","background-type":"","background-media":"","overlay-type":"","overlay-color":"","overlay-opacity":"","overlay-gradient":""},"tablet":{"background-color":"var(--ast-global-color-4)","background-image":"","background-repeat":"repeat","background-position":"center center","background-size":"auto","background-attachment":"scroll","background-type":"","background-media":"","overlay-type":"","overlay-color":"","overlay-opacity":"","overlay-gradient":""},"mobile":{"background-color":"var(--ast-global-color-4)","background-image":"","background-repeat":"repeat","background-position":"center center","background-size":"auto","background-attachment":"scroll","background-type":"","background-media":"","overlay-type":"","overlay-color":"","overlay-opacity":"","overlay-gradient":""}},"footnotes":""},"class_list":["post-2524","page","type-page","status-publish","has-post-thumbnail","hentry"],"yoast_head":"<!-- This site is optimized with the Yoast SEO plugin v27.5 - https:\/\/yoast.com\/product\/yoast-seo-wordpress\/ -->\n<title>CHRISTOPHE COLOMB - Abc-latina<\/title>\n<meta name=\"description\" content=\"Christophe Colomb.\" \/>\n<meta name=\"robots\" content=\"index, follow, max-snippet:-1, max-image-preview:large, max-video-preview:-1\" \/>\n<link rel=\"canonical\" href=\"https:\/\/abc-latina.com\/personnalites\/christophe_colomb\/\" \/>\n<meta property=\"og:locale\" content=\"fr_FR\" \/>\n<meta property=\"og:type\" content=\"article\" \/>\n<meta property=\"og:title\" content=\"CHRISTOPHE COLOMB - Abc-latina\" \/>\n<meta property=\"og:description\" content=\"Christophe Colomb.\" \/>\n<meta property=\"og:url\" content=\"https:\/\/abc-latina.com\/personnalites\/christophe_colomb\/\" \/>\n<meta property=\"og:site_name\" content=\"Abc-latina\" \/>\n<meta property=\"article:modified_time\" content=\"2026-04-30T16:25:21+00:00\" \/>\n<meta property=\"og:image\" content=\"https:\/\/abc-latina.com\/wp-content\/uploads\/2010\/11\/christophe-colomb-1.gif\" \/>\n\t<meta property=\"og:image:width\" content=\"300\" \/>\n\t<meta property=\"og:image:height\" content=\"396\" \/>\n\t<meta property=\"og:image:type\" content=\"image\/gif\" \/>\n<meta name=\"twitter:card\" content=\"summary_large_image\" \/>\n<meta name=\"twitter:label1\" content=\"Dur\u00e9e de lecture estim\u00e9e\" \/>\n\t<meta name=\"twitter:data1\" content=\"4 minutes\" \/>\n<script type=\"application\/ld+json\" class=\"yoast-schema-graph\">{\"@context\":\"https:\\\/\\\/schema.org\",\"@graph\":[{\"@type\":\"WebPage\",\"@id\":\"https:\\\/\\\/abc-latina.com\\\/personnalites\\\/christophe_colomb\\\/\",\"url\":\"https:\\\/\\\/abc-latina.com\\\/personnalites\\\/christophe_colomb\\\/\",\"name\":\"CHRISTOPHE COLOMB - Abc-latina\",\"isPartOf\":{\"@id\":\"https:\\\/\\\/abc-latina.com\\\/#website\"},\"primaryImageOfPage\":{\"@id\":\"https:\\\/\\\/abc-latina.com\\\/personnalites\\\/christophe_colomb\\\/#primaryimage\"},\"image\":{\"@id\":\"https:\\\/\\\/abc-latina.com\\\/personnalites\\\/christophe_colomb\\\/#primaryimage\"},\"thumbnailUrl\":\"https:\\\/\\\/abc-latina.com\\\/wp-content\\\/uploads\\\/2010\\\/11\\\/christophe-colomb-1.gif\",\"datePublished\":\"2010-11-14T23:43:51+00:00\",\"dateModified\":\"2026-04-30T16:25:21+00:00\",\"description\":\"Christophe Colomb.\",\"breadcrumb\":{\"@id\":\"https:\\\/\\\/abc-latina.com\\\/personnalites\\\/christophe_colomb\\\/#breadcrumb\"},\"inLanguage\":\"fr-FR\",\"potentialAction\":[{\"@type\":\"ReadAction\",\"target\":[\"https:\\\/\\\/abc-latina.com\\\/personnalites\\\/christophe_colomb\\\/\"]}]},{\"@type\":\"ImageObject\",\"inLanguage\":\"fr-FR\",\"@id\":\"https:\\\/\\\/abc-latina.com\\\/personnalites\\\/christophe_colomb\\\/#primaryimage\",\"url\":\"https:\\\/\\\/abc-latina.com\\\/wp-content\\\/uploads\\\/2010\\\/11\\\/christophe-colomb-1.gif\",\"contentUrl\":\"https:\\\/\\\/abc-latina.com\\\/wp-content\\\/uploads\\\/2010\\\/11\\\/christophe-colomb-1.gif\",\"width\":300,\"height\":396,\"caption\":\"CHRISTOPHE COLOMB\"},{\"@type\":\"BreadcrumbList\",\"@id\":\"https:\\\/\\\/abc-latina.com\\\/personnalites\\\/christophe_colomb\\\/#breadcrumb\",\"itemListElement\":[{\"@type\":\"ListItem\",\"position\":1,\"name\":\"Accueil\",\"item\":\"https:\\\/\\\/abc-latina.com\\\/\"},{\"@type\":\"ListItem\",\"position\":2,\"name\":\"CHRISTOPHE COLOMB\"}]},{\"@type\":\"WebSite\",\"@id\":\"https:\\\/\\\/abc-latina.com\\\/#website\",\"url\":\"https:\\\/\\\/abc-latina.com\\\/\",\"name\":\"Abc-latina\",\"description\":\"\",\"publisher\":{\"@id\":\"https:\\\/\\\/abc-latina.com\\\/#organization\"},\"potentialAction\":[{\"@type\":\"SearchAction\",\"target\":{\"@type\":\"EntryPoint\",\"urlTemplate\":\"https:\\\/\\\/abc-latina.com\\\/?s={search_term_string}\"},\"query-input\":{\"@type\":\"PropertyValueSpecification\",\"valueRequired\":true,\"valueName\":\"search_term_string\"}}],\"inLanguage\":\"fr-FR\"},{\"@type\":\"Organization\",\"@id\":\"https:\\\/\\\/abc-latina.com\\\/#organization\",\"name\":\"Abc-latina\",\"url\":\"https:\\\/\\\/abc-latina.com\\\/\",\"logo\":{\"@type\":\"ImageObject\",\"inLanguage\":\"fr-FR\",\"@id\":\"https:\\\/\\\/abc-latina.com\\\/#\\\/schema\\\/logo\\\/image\\\/\",\"url\":\"https:\\\/\\\/abc-latina.com\\\/wp-content\\\/uploads\\\/2026\\\/05\\\/cropped-logo.gif\",\"contentUrl\":\"https:\\\/\\\/abc-latina.com\\\/wp-content\\\/uploads\\\/2026\\\/05\\\/cropped-logo.gif\",\"width\":89,\"height\":84,\"caption\":\"Abc-latina\"},\"image\":{\"@id\":\"https:\\\/\\\/abc-latina.com\\\/#\\\/schema\\\/logo\\\/image\\\/\"}}]}<\/script>\n<!-- \/ Yoast SEO plugin. -->","yoast_head_json":{"title":"CHRISTOPHE COLOMB - Abc-latina","description":"Christophe Colomb.","robots":{"index":"index","follow":"follow","max-snippet":"max-snippet:-1","max-image-preview":"max-image-preview:large","max-video-preview":"max-video-preview:-1"},"canonical":"https:\/\/abc-latina.com\/personnalites\/christophe_colomb\/","og_locale":"fr_FR","og_type":"article","og_title":"CHRISTOPHE COLOMB - Abc-latina","og_description":"Christophe Colomb.","og_url":"https:\/\/abc-latina.com\/personnalites\/christophe_colomb\/","og_site_name":"Abc-latina","article_modified_time":"2026-04-30T16:25:21+00:00","og_image":[{"width":300,"height":396,"url":"https:\/\/abc-latina.com\/wp-content\/uploads\/2010\/11\/christophe-colomb-1.gif","type":"image\/gif"}],"twitter_card":"summary_large_image","twitter_misc":{"Dur\u00e9e de lecture estim\u00e9e":"4 minutes"},"schema":{"@context":"https:\/\/schema.org","@graph":[{"@type":"WebPage","@id":"https:\/\/abc-latina.com\/personnalites\/christophe_colomb\/","url":"https:\/\/abc-latina.com\/personnalites\/christophe_colomb\/","name":"CHRISTOPHE COLOMB - Abc-latina","isPartOf":{"@id":"https:\/\/abc-latina.com\/#website"},"primaryImageOfPage":{"@id":"https:\/\/abc-latina.com\/personnalites\/christophe_colomb\/#primaryimage"},"image":{"@id":"https:\/\/abc-latina.com\/personnalites\/christophe_colomb\/#primaryimage"},"thumbnailUrl":"https:\/\/abc-latina.com\/wp-content\/uploads\/2010\/11\/christophe-colomb-1.gif","datePublished":"2010-11-14T23:43:51+00:00","dateModified":"2026-04-30T16:25:21+00:00","description":"Christophe Colomb.","breadcrumb":{"@id":"https:\/\/abc-latina.com\/personnalites\/christophe_colomb\/#breadcrumb"},"inLanguage":"fr-FR","potentialAction":[{"@type":"ReadAction","target":["https:\/\/abc-latina.com\/personnalites\/christophe_colomb\/"]}]},{"@type":"ImageObject","inLanguage":"fr-FR","@id":"https:\/\/abc-latina.com\/personnalites\/christophe_colomb\/#primaryimage","url":"https:\/\/abc-latina.com\/wp-content\/uploads\/2010\/11\/christophe-colomb-1.gif","contentUrl":"https:\/\/abc-latina.com\/wp-content\/uploads\/2010\/11\/christophe-colomb-1.gif","width":300,"height":396,"caption":"CHRISTOPHE COLOMB"},{"@type":"BreadcrumbList","@id":"https:\/\/abc-latina.com\/personnalites\/christophe_colomb\/#breadcrumb","itemListElement":[{"@type":"ListItem","position":1,"name":"Accueil","item":"https:\/\/abc-latina.com\/"},{"@type":"ListItem","position":2,"name":"CHRISTOPHE COLOMB"}]},{"@type":"WebSite","@id":"https:\/\/abc-latina.com\/#website","url":"https:\/\/abc-latina.com\/","name":"Abc-latina","description":"","publisher":{"@id":"https:\/\/abc-latina.com\/#organization"},"potentialAction":[{"@type":"SearchAction","target":{"@type":"EntryPoint","urlTemplate":"https:\/\/abc-latina.com\/?s={search_term_string}"},"query-input":{"@type":"PropertyValueSpecification","valueRequired":true,"valueName":"search_term_string"}}],"inLanguage":"fr-FR"},{"@type":"Organization","@id":"https:\/\/abc-latina.com\/#organization","name":"Abc-latina","url":"https:\/\/abc-latina.com\/","logo":{"@type":"ImageObject","inLanguage":"fr-FR","@id":"https:\/\/abc-latina.com\/#\/schema\/logo\/image\/","url":"https:\/\/abc-latina.com\/wp-content\/uploads\/2026\/05\/cropped-logo.gif","contentUrl":"https:\/\/abc-latina.com\/wp-content\/uploads\/2026\/05\/cropped-logo.gif","width":89,"height":84,"caption":"Abc-latina"},"image":{"@id":"https:\/\/abc-latina.com\/#\/schema\/logo\/image\/"}}]}},"_links":{"self":[{"href":"https:\/\/abc-latina.com\/wp-json\/wp\/v2\/pages\/2524","targetHints":{"allow":["GET"]}}],"collection":[{"href":"https:\/\/abc-latina.com\/wp-json\/wp\/v2\/pages"}],"about":[{"href":"https:\/\/abc-latina.com\/wp-json\/wp\/v2\/types\/page"}],"author":[{"embeddable":true,"href":"https:\/\/abc-latina.com\/wp-json\/wp\/v2\/users\/3"}],"replies":[{"embeddable":true,"href":"https:\/\/abc-latina.com\/wp-json\/wp\/v2\/comments?post=2524"}],"version-history":[{"count":1,"href":"https:\/\/abc-latina.com\/wp-json\/wp\/v2\/pages\/2524\/revisions"}],"predecessor-version":[{"id":3810,"href":"https:\/\/abc-latina.com\/wp-json\/wp\/v2\/pages\/2524\/revisions\/3810"}],"up":[{"embeddable":true,"href":"https:\/\/abc-latina.com\/wp-json\/wp\/v2\/pages\/2633"}],"wp:featuredmedia":[{"embeddable":true,"href":"https:\/\/abc-latina.com\/wp-json\/wp\/v2\/media\/2523"}],"wp:attachment":[{"href":"https:\/\/abc-latina.com\/wp-json\/wp\/v2\/media?parent=2524"}],"curies":[{"name":"wp","href":"https:\/\/api.w.org\/{rel}","templated":true}]}}