{"id":2530,"date":"2010-11-15T01:26:31","date_gmt":"2010-11-15T00:26:31","guid":{"rendered":"http:\/\/abc-latina.com\/diego_velazquez-htm\/"},"modified":"2026-04-30T18:25:21","modified_gmt":"2026-04-30T16:25:21","slug":"diego_velazquez","status":"publish","type":"page","link":"https:\/\/abc-latina.com\/personnalites\/diego_velazquez\/","title":{"rendered":"DIEGO VELAZQUEZ"},"content":{"rendered":"<div>N\u00e9 \u00e0 Cu\u00e9llar (S\u00e9govie), <span style=\"color: rgb(255, 102, 0); \"><strong>Diego Velazquez<\/strong><\/span> accompagne <a href=\"https:\/\/www.abc-latina.com\/personnalites\/christophe_colomb\">Christophe Colomb<\/a> dans son deuxi\u00e8me voyage. Il collabore avec le gouverneur Nicol\u00e1s de Ovando pour la pacification d&rsquo;Hispaniola. Le gouverneur suivant Diego Col\u00f3n le pousse \u00e0 monter une exp\u00e9dition pour conqu\u00e9rir et coloniser <a target=\"_blank\" href=\"https:\/\/www.abc-latina.com\/cuba\/\">Cuba<\/a> en 1511.<\/p>\n<div>Diego Velazquez fonde Baracoa la premi\u00e8re ville de Cuba en 1512; puis en 1514 <a target=\"_blank\" href=\"https:\/\/www.abc-latina.com\/cuba\/voyages\/la_havane\">La Havane<\/a> qui deviendra la capitale du pays. Constatant le manque d&rsquo;ardeur au travail colonial intensif des indiens il commence l&rsquo;importation d&rsquo;esclaves d&rsquo;<a target=\"_blank\" href=\"http:\/\/www.afrique-planete.com\/\">Afrique<\/a>.<\/div>\n<div>Il soutient l&rsquo;exp\u00e9dition d&rsquo;Hern\u00e1ndez de C\u00f3rdoba au Yucat\u00e1n en 1517 et celle de Juan de Grijalva et Pedro de Alvarado sur les c\u00f4tes du <a target=\"_blank\" href=\"https:\/\/www.abc-latina.com\/mexique\/\">Mexique<\/a> en 1518. Cette ann\u00e9e l\u00e0, il forme une soci\u00e9t\u00e9 avec <a href=\"https:\/\/www.abc-latina.com\/personnalites\/herman_cortes\">Hern\u00e1n Cortes<\/a> pour organiser une exp\u00e9dition \u00e0 Cul\u00faa mais des d\u00e9saccords surgissent entre eux. Apr\u00e8s le d\u00e9part de Cort\u00e9s il envoie une exp\u00e9dition sous les ordres de P\u00e1nfilo de Narv\u00e1ez pour le capturer, mais c&rsquo;est l&rsquo;inverse qui se produit. Plus tard il incita Crist\u00f3bal de Olid de se rebeller contre Cort\u00e9s en 1524, mais sans l&rsquo;obtenir. Il meurt dans la nuit du 11 au 12 juin 1524 \u00e0 <a target=\"_blank\" href=\"https:\/\/www.abc-latina.com\/cuba\/voyages\/santiago_de_cuba\">Santiago de Cuba<\/a> ayant plusieurs grandes fermes.<\/div>\n<div>&nbsp;<\/div>\n<div><span class=\"tsource\">Source Wikip\u00e9dia<\/span><\/div>\n<\/div>\n","protected":false},"excerpt":{"rendered":"<p>N\u00e9 \u00e0 Cu\u00e9llar (S\u00e9govie), Diego Velazquez accompagne Christophe Colomb dans son deuxi\u00e8me voyage. Il collabore avec le gouverneur Nicol\u00e1s de [&hellip;]<\/p>\n","protected":false},"author":3,"featured_media":0,"parent":2633,"menu_order":0,"comment_status":"closed","ping_status":"closed","template":"","meta":{"site-sidebar-layout":"default","site-content-layout":"","ast-site-content-layout":"default","site-content-style":"default","site-sidebar-style":"default","ast-global-header-display":"","ast-banner-title-visibility":"","ast-main-header-display":"","ast-hfb-above-header-display":"","ast-hfb-below-header-display":"","ast-hfb-mobile-header-display":"","site-post-title":"","ast-breadcrumbs-content":"","ast-featured-img":"","footer-sml-layout":"","ast-disable-related-posts":"","theme-transparent-header-meta":"","adv-header-id-meta":"","stick-header-meta":"","header-above-stick-meta":"","header-main-stick-meta":"","header-below-stick-meta":"","astra-migrate-meta-layouts":"default","ast-page-background-enabled":"default","ast-page-background-meta":{"desktop":{"background-color":"var(--ast-global-color-5)","background-image":"","background-repeat":"repeat","background-position":"center center","background-size":"auto","background-attachment":"scroll","background-type":"","background-media":"","overlay-type":"","overlay-color":"","overlay-opacity":"","overlay-gradient":""},"tablet":{"background-color":"","background-image":"","background-repeat":"repeat","background-position":"center center","background-size":"auto","background-attachment":"scroll","background-type":"","background-media":"","overlay-type":"","overlay-color":"","overlay-opacity":"","overlay-gradient":""},"mobile":{"background-color":"","background-image":"","background-repeat":"repeat","background-position":"center center","background-size":"auto","background-attachment":"scroll","background-type":"","background-media":"","overlay-type":"","overlay-color":"","overlay-opacity":"","overlay-gradient":""}},"ast-content-background-meta":{"desktop":{"background-color":"var(--ast-global-color-4)","background-image":"","background-repeat":"repeat","background-position":"center center","background-size":"auto","background-attachment":"scroll","background-type":"","background-media":"","overlay-type":"","overlay-color":"","overlay-opacity":"","overlay-gradient":""},"tablet":{"background-color":"var(--ast-global-color-4)","background-image":"","background-repeat":"repeat","background-position":"center center","background-size":"auto","background-attachment":"scroll","background-type":"","background-media":"","overlay-type":"","overlay-color":"","overlay-opacity":"","overlay-gradient":""},"mobile":{"background-color":"var(--ast-global-color-4)","background-image":"","background-repeat":"repeat","background-position":"center center","background-size":"auto","background-attachment":"scroll","background-type":"","background-media":"","overlay-type":"","overlay-color":"","overlay-opacity":"","overlay-gradient":""}},"footnotes":""},"class_list":["post-2530","page","type-page","status-publish","hentry"],"yoast_head":"<!-- This site is optimized with the Yoast SEO plugin v27.5 - https:\/\/yoast.com\/product\/yoast-seo-wordpress\/ -->\n<title>DIEGO VELAZQUEZ - Abc-latina<\/title>\n<meta name=\"description\" content=\"Diego Velazquez, conquistador de Cuba.\" \/>\n<meta name=\"robots\" content=\"index, follow, max-snippet:-1, max-image-preview:large, max-video-preview:-1\" \/>\n<link rel=\"canonical\" href=\"https:\/\/abc-latina.com\/personnalites\/diego_velazquez\/\" \/>\n<meta property=\"og:locale\" content=\"fr_FR\" \/>\n<meta property=\"og:type\" content=\"article\" \/>\n<meta property=\"og:title\" content=\"DIEGO VELAZQUEZ - Abc-latina\" \/>\n<meta property=\"og:description\" content=\"Diego Velazquez, conquistador de Cuba.\" \/>\n<meta property=\"og:url\" content=\"https:\/\/abc-latina.com\/personnalites\/diego_velazquez\/\" \/>\n<meta property=\"og:site_name\" content=\"Abc-latina\" \/>\n<meta property=\"article:modified_time\" content=\"2026-04-30T16:25:21+00:00\" \/>\n<meta name=\"twitter:card\" content=\"summary_large_image\" \/>\n<meta name=\"twitter:label1\" content=\"Dur\u00e9e de lecture estim\u00e9e\" \/>\n\t<meta name=\"twitter:data1\" content=\"1 minute\" \/>\n<script type=\"application\/ld+json\" class=\"yoast-schema-graph\">{\"@context\":\"https:\\\/\\\/schema.org\",\"@graph\":[{\"@type\":\"WebPage\",\"@id\":\"https:\\\/\\\/abc-latina.com\\\/personnalites\\\/diego_velazquez\\\/\",\"url\":\"https:\\\/\\\/abc-latina.com\\\/personnalites\\\/diego_velazquez\\\/\",\"name\":\"DIEGO VELAZQUEZ - Abc-latina\",\"isPartOf\":{\"@id\":\"https:\\\/\\\/abc-latina.com\\\/#website\"},\"datePublished\":\"2010-11-15T00:26:31+00:00\",\"dateModified\":\"2026-04-30T16:25:21+00:00\",\"description\":\"Diego Velazquez, conquistador de Cuba.\",\"breadcrumb\":{\"@id\":\"https:\\\/\\\/abc-latina.com\\\/personnalites\\\/diego_velazquez\\\/#breadcrumb\"},\"inLanguage\":\"fr-FR\",\"potentialAction\":[{\"@type\":\"ReadAction\",\"target\":[\"https:\\\/\\\/abc-latina.com\\\/personnalites\\\/diego_velazquez\\\/\"]}]},{\"@type\":\"BreadcrumbList\",\"@id\":\"https:\\\/\\\/abc-latina.com\\\/personnalites\\\/diego_velazquez\\\/#breadcrumb\",\"itemListElement\":[{\"@type\":\"ListItem\",\"position\":1,\"name\":\"Accueil\",\"item\":\"https:\\\/\\\/abc-latina.com\\\/\"},{\"@type\":\"ListItem\",\"position\":2,\"name\":\"DIEGO VELAZQUEZ\"}]},{\"@type\":\"WebSite\",\"@id\":\"https:\\\/\\\/abc-latina.com\\\/#website\",\"url\":\"https:\\\/\\\/abc-latina.com\\\/\",\"name\":\"Abc-latina\",\"description\":\"\",\"publisher\":{\"@id\":\"https:\\\/\\\/abc-latina.com\\\/#organization\"},\"potentialAction\":[{\"@type\":\"SearchAction\",\"target\":{\"@type\":\"EntryPoint\",\"urlTemplate\":\"https:\\\/\\\/abc-latina.com\\\/?s={search_term_string}\"},\"query-input\":{\"@type\":\"PropertyValueSpecification\",\"valueRequired\":true,\"valueName\":\"search_term_string\"}}],\"inLanguage\":\"fr-FR\"},{\"@type\":\"Organization\",\"@id\":\"https:\\\/\\\/abc-latina.com\\\/#organization\",\"name\":\"Abc-latina\",\"url\":\"https:\\\/\\\/abc-latina.com\\\/\",\"logo\":{\"@type\":\"ImageObject\",\"inLanguage\":\"fr-FR\",\"@id\":\"https:\\\/\\\/abc-latina.com\\\/#\\\/schema\\\/logo\\\/image\\\/\",\"url\":\"https:\\\/\\\/abc-latina.com\\\/wp-content\\\/uploads\\\/2026\\\/05\\\/cropped-logo.gif\",\"contentUrl\":\"https:\\\/\\\/abc-latina.com\\\/wp-content\\\/uploads\\\/2026\\\/05\\\/cropped-logo.gif\",\"width\":89,\"height\":84,\"caption\":\"Abc-latina\"},\"image\":{\"@id\":\"https:\\\/\\\/abc-latina.com\\\/#\\\/schema\\\/logo\\\/image\\\/\"}}]}<\/script>\n<!-- \/ Yoast SEO plugin. -->","yoast_head_json":{"title":"DIEGO VELAZQUEZ - Abc-latina","description":"Diego Velazquez, conquistador de Cuba.","robots":{"index":"index","follow":"follow","max-snippet":"max-snippet:-1","max-image-preview":"max-image-preview:large","max-video-preview":"max-video-preview:-1"},"canonical":"https:\/\/abc-latina.com\/personnalites\/diego_velazquez\/","og_locale":"fr_FR","og_type":"article","og_title":"DIEGO VELAZQUEZ - Abc-latina","og_description":"Diego Velazquez, conquistador de Cuba.","og_url":"https:\/\/abc-latina.com\/personnalites\/diego_velazquez\/","og_site_name":"Abc-latina","article_modified_time":"2026-04-30T16:25:21+00:00","twitter_card":"summary_large_image","twitter_misc":{"Dur\u00e9e de lecture estim\u00e9e":"1 minute"},"schema":{"@context":"https:\/\/schema.org","@graph":[{"@type":"WebPage","@id":"https:\/\/abc-latina.com\/personnalites\/diego_velazquez\/","url":"https:\/\/abc-latina.com\/personnalites\/diego_velazquez\/","name":"DIEGO VELAZQUEZ - Abc-latina","isPartOf":{"@id":"https:\/\/abc-latina.com\/#website"},"datePublished":"2010-11-15T00:26:31+00:00","dateModified":"2026-04-30T16:25:21+00:00","description":"Diego Velazquez, conquistador de Cuba.","breadcrumb":{"@id":"https:\/\/abc-latina.com\/personnalites\/diego_velazquez\/#breadcrumb"},"inLanguage":"fr-FR","potentialAction":[{"@type":"ReadAction","target":["https:\/\/abc-latina.com\/personnalites\/diego_velazquez\/"]}]},{"@type":"BreadcrumbList","@id":"https:\/\/abc-latina.com\/personnalites\/diego_velazquez\/#breadcrumb","itemListElement":[{"@type":"ListItem","position":1,"name":"Accueil","item":"https:\/\/abc-latina.com\/"},{"@type":"ListItem","position":2,"name":"DIEGO VELAZQUEZ"}]},{"@type":"WebSite","@id":"https:\/\/abc-latina.com\/#website","url":"https:\/\/abc-latina.com\/","name":"Abc-latina","description":"","publisher":{"@id":"https:\/\/abc-latina.com\/#organization"},"potentialAction":[{"@type":"SearchAction","target":{"@type":"EntryPoint","urlTemplate":"https:\/\/abc-latina.com\/?s={search_term_string}"},"query-input":{"@type":"PropertyValueSpecification","valueRequired":true,"valueName":"search_term_string"}}],"inLanguage":"fr-FR"},{"@type":"Organization","@id":"https:\/\/abc-latina.com\/#organization","name":"Abc-latina","url":"https:\/\/abc-latina.com\/","logo":{"@type":"ImageObject","inLanguage":"fr-FR","@id":"https:\/\/abc-latina.com\/#\/schema\/logo\/image\/","url":"https:\/\/abc-latina.com\/wp-content\/uploads\/2026\/05\/cropped-logo.gif","contentUrl":"https:\/\/abc-latina.com\/wp-content\/uploads\/2026\/05\/cropped-logo.gif","width":89,"height":84,"caption":"Abc-latina"},"image":{"@id":"https:\/\/abc-latina.com\/#\/schema\/logo\/image\/"}}]}},"_links":{"self":[{"href":"https:\/\/abc-latina.com\/wp-json\/wp\/v2\/pages\/2530","targetHints":{"allow":["GET"]}}],"collection":[{"href":"https:\/\/abc-latina.com\/wp-json\/wp\/v2\/pages"}],"about":[{"href":"https:\/\/abc-latina.com\/wp-json\/wp\/v2\/types\/page"}],"author":[{"embeddable":true,"href":"https:\/\/abc-latina.com\/wp-json\/wp\/v2\/users\/3"}],"replies":[{"embeddable":true,"href":"https:\/\/abc-latina.com\/wp-json\/wp\/v2\/comments?post=2530"}],"version-history":[{"count":1,"href":"https:\/\/abc-latina.com\/wp-json\/wp\/v2\/pages\/2530\/revisions"}],"predecessor-version":[{"id":3814,"href":"https:\/\/abc-latina.com\/wp-json\/wp\/v2\/pages\/2530\/revisions\/3814"}],"up":[{"embeddable":true,"href":"https:\/\/abc-latina.com\/wp-json\/wp\/v2\/pages\/2633"}],"wp:attachment":[{"href":"https:\/\/abc-latina.com\/wp-json\/wp\/v2\/media?parent=2530"}],"curies":[{"name":"wp","href":"https:\/\/api.w.org\/{rel}","templated":true}]}}