{"id":2534,"date":"2010-11-15T01:43:52","date_gmt":"2010-11-15T00:43:52","guid":{"rendered":"http:\/\/abc-latina.com\/emiliano_zapata-htm\/"},"modified":"2026-04-30T18:25:21","modified_gmt":"2026-04-30T16:25:21","slug":"emiliano_zapata","status":"publish","type":"page","link":"https:\/\/abc-latina.com\/personnalites\/emiliano_zapata\/","title":{"rendered":"EMILIANO ZAPATA"},"content":{"rendered":"<div>\n<p style=\"text-align: center;\"><a href=\"https:\/\/www.abc-latina.com\/personnalites\/photos\/photos-emiliano-zapata.php\"><img loading=\"lazy\" decoding=\"async\" class=\" size-full wp-image-2533\" src=\"http:\/\/abc-latina.com\/wp-content\/uploads\/2010\/11\/emiliano-zapata-1.jpg\" title=\"EMILIANO ZAPATA\" alt=\"EMILIANO ZAPATA\" width=\"347\" height=\"499\" srcset=\"https:\/\/abc-latina.com\/wp-content\/uploads\/2010\/11\/emiliano-zapata-1.jpg 347w, https:\/\/abc-latina.com\/wp-content\/uploads\/2010\/11\/emiliano-zapata-1-209x300.jpg 209w\" sizes=\"auto, (max-width: 347px) 100vw, 347px\" \/><\/a><\/p>\n<div>\n<div>\n<div>&nbsp;<\/div>\n<div><span class=\"tourisme-chapitre\">Emiliano Zapat<\/span><span class=\"tourisme-chapitre\">a<\/span> (8 ao\u00fbt 1879 &#8211; 9 avril 1919), le plus c\u00e9l\u00e8bre et le plus ardent de tous les r\u00e9volutionnaires de 1910, rejoint d\u00e8s les premi\u00e8res heures Franscisco Madero et prend les armes au d\u00e9but de la r\u00e9volution, lui au sud et <a href=\"pancho_villa\">Pancho Villa<\/a> au nord.&nbsp;<\/div>\n<div>Sa vie a consid\u00e9rablement inspir\u00e9 la vie politique mexicaine et des mouvements r\u00e9volutionnaires, comme l&rsquo;Arm\u00e9e zapatiste de lib\u00e9ration nationale.<\/div>\n<div>&nbsp;<\/div>\n<div>Emiliano Zapata est issu d&rsquo;un milieu relativement ais\u00e9, n\u00e9 de sang m\u00e9tis \u00e0 Anenecuilco, petit village de l&rsquo;\u00c9tat de Morelos, situ\u00e9 au sud de la capitale du <a href=\"https:\/\/www.abc-latina.com\/mexique\/\" target=\"_blank\">Mexique<\/a>.<\/div>\n<div>Durant la <a href=\"https:\/\/www.abc-latina.com\/mexique\/revolution_mexicaine.php\" target=\"_blank\">r\u00e9volution<\/a> il re\u00e7ut le grade de g\u00e9n\u00e9ral, mais \u00e0 l&rsquo;inverse de Pancho Villa, il ne porta jamais l&rsquo;uniforme de l&rsquo;arm\u00e9e mexicaine.<\/div>\n<div>Si son engagement dans la r\u00e9volution fut sans faille, \u00e0 l&rsquo;instar de Pancho Vila, il fut tr\u00e8s vite d\u00e9\u00e7u par les d\u00e9cisions et actions prisent apr\u00e8s les accords sign\u00e9s entre Francisco Madero et les partisans de l&rsquo;ex-dictateur <a href=\"porfirio_diaz\">Porfirio Diaz<\/a>.&nbsp;<\/div>\n<div>&nbsp;<\/div>\n<div>La violence de ses partisans et son id\u00e9alisme radical devinrent g\u00eanants pour ses coll\u00e8gues et il fut assassin\u00e9 par eux.&nbsp;<\/div>\n<\/div>\n<div>&nbsp;<\/div>\n<div><span class=\"person\">REPERES<\/span><\/div>\n<div><span class=\"person-date\">1879<\/span> &#8211; naissance d&rsquo;Emiliano Zapata<\/div>\n<div><span class=\"person-date\">1919<\/span> &#8211; Il meurt \u00e0 l&rsquo;age de 39 ans<\/div>\n<\/div>\n<\/div>\n","protected":false},"excerpt":{"rendered":"<p>&nbsp; Emiliano Zapata (8 ao\u00fbt 1879 &#8211; 9 avril 1919), le plus c\u00e9l\u00e8bre et le plus ardent de tous les [&hellip;]<\/p>\n","protected":false},"author":3,"featured_media":2533,"parent":2633,"menu_order":0,"comment_status":"closed","ping_status":"closed","template":"","meta":{"site-sidebar-layout":"default","site-content-layout":"","ast-site-content-layout":"default","site-content-style":"default","site-sidebar-style":"default","ast-global-header-display":"","ast-banner-title-visibility":"","ast-main-header-display":"","ast-hfb-above-header-display":"","ast-hfb-below-header-display":"","ast-hfb-mobile-header-display":"","site-post-title":"","ast-breadcrumbs-content":"","ast-featured-img":"","footer-sml-layout":"","ast-disable-related-posts":"","theme-transparent-header-meta":"","adv-header-id-meta":"","stick-header-meta":"","header-above-stick-meta":"","header-main-stick-meta":"","header-below-stick-meta":"","astra-migrate-meta-layouts":"default","ast-page-background-enabled":"default","ast-page-background-meta":{"desktop":{"background-color":"var(--ast-global-color-5)","background-image":"","background-repeat":"repeat","background-position":"center center","background-size":"auto","background-attachment":"scroll","background-type":"","background-media":"","overlay-type":"","overlay-color":"","overlay-opacity":"","overlay-gradient":""},"tablet":{"background-color":"","background-image":"","background-repeat":"repeat","background-position":"center center","background-size":"auto","background-attachment":"scroll","background-type":"","background-media":"","overlay-type":"","overlay-color":"","overlay-opacity":"","overlay-gradient":""},"mobile":{"background-color":"","background-image":"","background-repeat":"repeat","background-position":"center center","background-size":"auto","background-attachment":"scroll","background-type":"","background-media":"","overlay-type":"","overlay-color":"","overlay-opacity":"","overlay-gradient":""}},"ast-content-background-meta":{"desktop":{"background-color":"var(--ast-global-color-4)","background-image":"","background-repeat":"repeat","background-position":"center center","background-size":"auto","background-attachment":"scroll","background-type":"","background-media":"","overlay-type":"","overlay-color":"","overlay-opacity":"","overlay-gradient":""},"tablet":{"background-color":"var(--ast-global-color-4)","background-image":"","background-repeat":"repeat","background-position":"center center","background-size":"auto","background-attachment":"scroll","background-type":"","background-media":"","overlay-type":"","overlay-color":"","overlay-opacity":"","overlay-gradient":""},"mobile":{"background-color":"var(--ast-global-color-4)","background-image":"","background-repeat":"repeat","background-position":"center center","background-size":"auto","background-attachment":"scroll","background-type":"","background-media":"","overlay-type":"","overlay-color":"","overlay-opacity":"","overlay-gradient":""}},"footnotes":""},"class_list":["post-2534","page","type-page","status-publish","has-post-thumbnail","hentry"],"yoast_head":"<!-- This site is optimized with the Yoast SEO plugin v27.5 - https:\/\/yoast.com\/product\/yoast-seo-wordpress\/ -->\n<title>EMILIANO ZAPATA - Abc-latina<\/title>\n<meta name=\"description\" content=\"Emiliano Zapata, leader de la r\u00e9volution mexicaine.\" \/>\n<meta name=\"robots\" content=\"index, follow, max-snippet:-1, max-image-preview:large, max-video-preview:-1\" \/>\n<link rel=\"canonical\" href=\"https:\/\/abc-latina.com\/personnalites\/emiliano_zapata\/\" \/>\n<meta property=\"og:locale\" content=\"fr_FR\" \/>\n<meta property=\"og:type\" content=\"article\" \/>\n<meta property=\"og:title\" content=\"EMILIANO ZAPATA - Abc-latina\" \/>\n<meta property=\"og:description\" content=\"Emiliano Zapata, leader de la r\u00e9volution mexicaine.\" \/>\n<meta property=\"og:url\" content=\"https:\/\/abc-latina.com\/personnalites\/emiliano_zapata\/\" \/>\n<meta property=\"og:site_name\" content=\"Abc-latina\" \/>\n<meta property=\"article:modified_time\" content=\"2026-04-30T16:25:21+00:00\" \/>\n<meta property=\"og:image\" content=\"https:\/\/abc-latina.com\/wp-content\/uploads\/2010\/11\/emiliano-zapata-1.jpg\" \/>\n\t<meta property=\"og:image:width\" content=\"347\" \/>\n\t<meta property=\"og:image:height\" content=\"499\" \/>\n\t<meta property=\"og:image:type\" content=\"image\/jpeg\" \/>\n<meta name=\"twitter:card\" content=\"summary_large_image\" \/>\n<meta name=\"twitter:label1\" content=\"Dur\u00e9e de lecture estim\u00e9e\" \/>\n\t<meta name=\"twitter:data1\" content=\"1 minute\" \/>\n<script type=\"application\/ld+json\" class=\"yoast-schema-graph\">{\"@context\":\"https:\\\/\\\/schema.org\",\"@graph\":[{\"@type\":\"WebPage\",\"@id\":\"https:\\\/\\\/abc-latina.com\\\/personnalites\\\/emiliano_zapata\\\/\",\"url\":\"https:\\\/\\\/abc-latina.com\\\/personnalites\\\/emiliano_zapata\\\/\",\"name\":\"EMILIANO ZAPATA - Abc-latina\",\"isPartOf\":{\"@id\":\"https:\\\/\\\/abc-latina.com\\\/#website\"},\"primaryImageOfPage\":{\"@id\":\"https:\\\/\\\/abc-latina.com\\\/personnalites\\\/emiliano_zapata\\\/#primaryimage\"},\"image\":{\"@id\":\"https:\\\/\\\/abc-latina.com\\\/personnalites\\\/emiliano_zapata\\\/#primaryimage\"},\"thumbnailUrl\":\"https:\\\/\\\/abc-latina.com\\\/wp-content\\\/uploads\\\/2010\\\/11\\\/emiliano-zapata-1.jpg\",\"datePublished\":\"2010-11-15T00:43:52+00:00\",\"dateModified\":\"2026-04-30T16:25:21+00:00\",\"description\":\"Emiliano Zapata, leader de la r\u00e9volution mexicaine.\",\"breadcrumb\":{\"@id\":\"https:\\\/\\\/abc-latina.com\\\/personnalites\\\/emiliano_zapata\\\/#breadcrumb\"},\"inLanguage\":\"fr-FR\",\"potentialAction\":[{\"@type\":\"ReadAction\",\"target\":[\"https:\\\/\\\/abc-latina.com\\\/personnalites\\\/emiliano_zapata\\\/\"]}]},{\"@type\":\"ImageObject\",\"inLanguage\":\"fr-FR\",\"@id\":\"https:\\\/\\\/abc-latina.com\\\/personnalites\\\/emiliano_zapata\\\/#primaryimage\",\"url\":\"https:\\\/\\\/abc-latina.com\\\/wp-content\\\/uploads\\\/2010\\\/11\\\/emiliano-zapata-1.jpg\",\"contentUrl\":\"https:\\\/\\\/abc-latina.com\\\/wp-content\\\/uploads\\\/2010\\\/11\\\/emiliano-zapata-1.jpg\",\"width\":347,\"height\":499,\"caption\":\"EMILIANO ZAPATA\"},{\"@type\":\"BreadcrumbList\",\"@id\":\"https:\\\/\\\/abc-latina.com\\\/personnalites\\\/emiliano_zapata\\\/#breadcrumb\",\"itemListElement\":[{\"@type\":\"ListItem\",\"position\":1,\"name\":\"Accueil\",\"item\":\"https:\\\/\\\/abc-latina.com\\\/\"},{\"@type\":\"ListItem\",\"position\":2,\"name\":\"EMILIANO ZAPATA\"}]},{\"@type\":\"WebSite\",\"@id\":\"https:\\\/\\\/abc-latina.com\\\/#website\",\"url\":\"https:\\\/\\\/abc-latina.com\\\/\",\"name\":\"Abc-latina\",\"description\":\"\",\"publisher\":{\"@id\":\"https:\\\/\\\/abc-latina.com\\\/#organization\"},\"potentialAction\":[{\"@type\":\"SearchAction\",\"target\":{\"@type\":\"EntryPoint\",\"urlTemplate\":\"https:\\\/\\\/abc-latina.com\\\/?s={search_term_string}\"},\"query-input\":{\"@type\":\"PropertyValueSpecification\",\"valueRequired\":true,\"valueName\":\"search_term_string\"}}],\"inLanguage\":\"fr-FR\"},{\"@type\":\"Organization\",\"@id\":\"https:\\\/\\\/abc-latina.com\\\/#organization\",\"name\":\"Abc-latina\",\"url\":\"https:\\\/\\\/abc-latina.com\\\/\",\"logo\":{\"@type\":\"ImageObject\",\"inLanguage\":\"fr-FR\",\"@id\":\"https:\\\/\\\/abc-latina.com\\\/#\\\/schema\\\/logo\\\/image\\\/\",\"url\":\"https:\\\/\\\/abc-latina.com\\\/wp-content\\\/uploads\\\/2026\\\/05\\\/cropped-logo.gif\",\"contentUrl\":\"https:\\\/\\\/abc-latina.com\\\/wp-content\\\/uploads\\\/2026\\\/05\\\/cropped-logo.gif\",\"width\":89,\"height\":84,\"caption\":\"Abc-latina\"},\"image\":{\"@id\":\"https:\\\/\\\/abc-latina.com\\\/#\\\/schema\\\/logo\\\/image\\\/\"}}]}<\/script>\n<!-- \/ Yoast SEO plugin. -->","yoast_head_json":{"title":"EMILIANO ZAPATA - Abc-latina","description":"Emiliano Zapata, leader de la r\u00e9volution mexicaine.","robots":{"index":"index","follow":"follow","max-snippet":"max-snippet:-1","max-image-preview":"max-image-preview:large","max-video-preview":"max-video-preview:-1"},"canonical":"https:\/\/abc-latina.com\/personnalites\/emiliano_zapata\/","og_locale":"fr_FR","og_type":"article","og_title":"EMILIANO ZAPATA - Abc-latina","og_description":"Emiliano Zapata, leader de la r\u00e9volution mexicaine.","og_url":"https:\/\/abc-latina.com\/personnalites\/emiliano_zapata\/","og_site_name":"Abc-latina","article_modified_time":"2026-04-30T16:25:21+00:00","og_image":[{"width":347,"height":499,"url":"https:\/\/abc-latina.com\/wp-content\/uploads\/2010\/11\/emiliano-zapata-1.jpg","type":"image\/jpeg"}],"twitter_card":"summary_large_image","twitter_misc":{"Dur\u00e9e de lecture estim\u00e9e":"1 minute"},"schema":{"@context":"https:\/\/schema.org","@graph":[{"@type":"WebPage","@id":"https:\/\/abc-latina.com\/personnalites\/emiliano_zapata\/","url":"https:\/\/abc-latina.com\/personnalites\/emiliano_zapata\/","name":"EMILIANO ZAPATA - Abc-latina","isPartOf":{"@id":"https:\/\/abc-latina.com\/#website"},"primaryImageOfPage":{"@id":"https:\/\/abc-latina.com\/personnalites\/emiliano_zapata\/#primaryimage"},"image":{"@id":"https:\/\/abc-latina.com\/personnalites\/emiliano_zapata\/#primaryimage"},"thumbnailUrl":"https:\/\/abc-latina.com\/wp-content\/uploads\/2010\/11\/emiliano-zapata-1.jpg","datePublished":"2010-11-15T00:43:52+00:00","dateModified":"2026-04-30T16:25:21+00:00","description":"Emiliano Zapata, leader de la r\u00e9volution mexicaine.","breadcrumb":{"@id":"https:\/\/abc-latina.com\/personnalites\/emiliano_zapata\/#breadcrumb"},"inLanguage":"fr-FR","potentialAction":[{"@type":"ReadAction","target":["https:\/\/abc-latina.com\/personnalites\/emiliano_zapata\/"]}]},{"@type":"ImageObject","inLanguage":"fr-FR","@id":"https:\/\/abc-latina.com\/personnalites\/emiliano_zapata\/#primaryimage","url":"https:\/\/abc-latina.com\/wp-content\/uploads\/2010\/11\/emiliano-zapata-1.jpg","contentUrl":"https:\/\/abc-latina.com\/wp-content\/uploads\/2010\/11\/emiliano-zapata-1.jpg","width":347,"height":499,"caption":"EMILIANO ZAPATA"},{"@type":"BreadcrumbList","@id":"https:\/\/abc-latina.com\/personnalites\/emiliano_zapata\/#breadcrumb","itemListElement":[{"@type":"ListItem","position":1,"name":"Accueil","item":"https:\/\/abc-latina.com\/"},{"@type":"ListItem","position":2,"name":"EMILIANO ZAPATA"}]},{"@type":"WebSite","@id":"https:\/\/abc-latina.com\/#website","url":"https:\/\/abc-latina.com\/","name":"Abc-latina","description":"","publisher":{"@id":"https:\/\/abc-latina.com\/#organization"},"potentialAction":[{"@type":"SearchAction","target":{"@type":"EntryPoint","urlTemplate":"https:\/\/abc-latina.com\/?s={search_term_string}"},"query-input":{"@type":"PropertyValueSpecification","valueRequired":true,"valueName":"search_term_string"}}],"inLanguage":"fr-FR"},{"@type":"Organization","@id":"https:\/\/abc-latina.com\/#organization","name":"Abc-latina","url":"https:\/\/abc-latina.com\/","logo":{"@type":"ImageObject","inLanguage":"fr-FR","@id":"https:\/\/abc-latina.com\/#\/schema\/logo\/image\/","url":"https:\/\/abc-latina.com\/wp-content\/uploads\/2026\/05\/cropped-logo.gif","contentUrl":"https:\/\/abc-latina.com\/wp-content\/uploads\/2026\/05\/cropped-logo.gif","width":89,"height":84,"caption":"Abc-latina"},"image":{"@id":"https:\/\/abc-latina.com\/#\/schema\/logo\/image\/"}}]}},"_links":{"self":[{"href":"https:\/\/abc-latina.com\/wp-json\/wp\/v2\/pages\/2534","targetHints":{"allow":["GET"]}}],"collection":[{"href":"https:\/\/abc-latina.com\/wp-json\/wp\/v2\/pages"}],"about":[{"href":"https:\/\/abc-latina.com\/wp-json\/wp\/v2\/types\/page"}],"author":[{"embeddable":true,"href":"https:\/\/abc-latina.com\/wp-json\/wp\/v2\/users\/3"}],"replies":[{"embeddable":true,"href":"https:\/\/abc-latina.com\/wp-json\/wp\/v2\/comments?post=2534"}],"version-history":[{"count":1,"href":"https:\/\/abc-latina.com\/wp-json\/wp\/v2\/pages\/2534\/revisions"}],"predecessor-version":[{"id":3817,"href":"https:\/\/abc-latina.com\/wp-json\/wp\/v2\/pages\/2534\/revisions\/3817"}],"up":[{"embeddable":true,"href":"https:\/\/abc-latina.com\/wp-json\/wp\/v2\/pages\/2633"}],"wp:featuredmedia":[{"embeddable":true,"href":"https:\/\/abc-latina.com\/wp-json\/wp\/v2\/media\/2533"}],"wp:attachment":[{"href":"https:\/\/abc-latina.com\/wp-json\/wp\/v2\/media?parent=2534"}],"curies":[{"name":"wp","href":"https:\/\/api.w.org\/{rel}","templated":true}]}}