{"id":2538,"date":"2010-11-15T01:53:24","date_gmt":"2010-11-15T00:53:24","guid":{"rendered":"http:\/\/abc-latina.com\/evita_peron-htm\/"},"modified":"2026-04-30T18:25:21","modified_gmt":"2026-04-30T16:25:21","slug":"evita_peron","status":"publish","type":"page","link":"https:\/\/abc-latina.com\/personnalites\/evita_peron\/","title":{"rendered":"EVITA PERON"},"content":{"rendered":"<div><span style=\"color: rgb(255, 102, 0); \"><strong><img loading=\"lazy\" decoding=\"async\" class=\" alignright size-full wp-image-2537\" src=\"http:\/\/abc-latina.com\/wp-content\/uploads\/2010\/11\/evita-peron.jpg\" title=\"EVITA PERON\" alt=\"\" width=\"220\" vspace=\"9\" hspace=\"15\" height=\"220\" align=\"right\" srcset=\"https:\/\/abc-latina.com\/wp-content\/uploads\/2010\/11\/evita-peron.jpg 220w, https:\/\/abc-latina.com\/wp-content\/uploads\/2010\/11\/evita-peron-150x150.jpg 150w\" sizes=\"auto, (max-width: 220px) 100vw, 220px\" \/><\/strong><\/span><span style=\"color: rgb(255, 102, 0); \"><strong>Evita Peron<\/strong><\/span> n\u00e9e Maria Eva Duarte est une des cinq filles ill\u00e9gitimes mais reconnues qu&rsquo;une humble cuisini\u00e8re, Juana Ibarguren a eu d&rsquo;un riche \u00e9leveur, Juan Duarte. Elle grandit dans les environs de Junin dans un milieu social d\u00e9favoris\u00e9. \u00c0 15 ans, elle part pour <a target=\"_blank\" href=\"https:\/\/www.abc-latina.com\/argentine\/buenosaires\">Buenos Aires<\/a>. Elle y devient une actrice de cin\u00e9ma dans des m\u00e9lodrames de s\u00e9rie B et de radio.<\/p>\n<div>Son talent d&rsquo;actrice est reconnu, et elle arrive m\u00eame \u00e0 devenir co-propri\u00e9taire de la station de radio.<\/div>\n<div>Elle rencontre le colonel <a href=\"juan_peron\">Juan Per\u00f3n<\/a> lors d&rsquo;une vente de charit\u00e9. Apr\u00e8s avoir \u00e9t\u00e9 pendant un temps sa ma\u00eetresse, elle l&rsquo;\u00e9pouse le 21 octobre 1945.<\/div>\n<div>Ses racines humbles l&rsquo;ont tout naturellement amen\u00e9e \u00e0 assurer la liaison entre son mari et les travailleurs. Elle a fortement contribu\u00e9 \u00e0 la campagne de son mari pour l&rsquo;\u00e9lection pr\u00e9sidentielle de 1946. Utilisant son \u00e9mission de radio hebdomadaire, elle se lance dans de grands discours \u00e0 la rh\u00e9torique populiste appelant les pauvres \u00e0 se relever. Malgr\u00e9 la richesse accumul\u00e9e gr\u00e2ce \u00e0 son succ\u00e8s \u00e0 la radio, elle met en avant ses racines modestes afin de montrer sa solidarit\u00e9 avec les classes les plus d\u00e9favoris\u00e9es.<\/div>\n<div>Apr\u00e8s l&rsquo;\u00e9lection de son mari, Evita prit imm\u00e9diatement un r\u00f4le consid\u00e9rable dans le gouvernement. Elle cr\u00e9e la Fondation Eva Per\u00f3n dont le r\u00f4le est d&rsquo;assister les pauvres. Elle devient rapidement tr\u00e8s populaire et a laiss\u00e9 au pays des contributions non n\u00e9gligeables : nombre d&rsquo;h\u00f4pitaux ou d&rsquo;orphelinats cr\u00e9\u00e9s par la Fondation ont surv\u00e9cu \u00e0 la mort pr\u00e9matur\u00e9e d&rsquo;Evita. La Fondation a \u00e9galement augment\u00e9 consid\u00e9rablement son pouvoir<\/div>\n<div>En 1949, Evita, comme on la surnomme \u00e0 pr\u00e9sent, est une des figures les plus influentes d&rsquo;<a target=\"_blank\" href=\"https:\/\/www.abc-latina.com\/argentine\/\">Argentine<\/a>.<\/div>\n<div>Elle fit l&rsquo;objet d&rsquo;un culte de la personnalit\u00e9, son nom et son image apparaissant partout. Malgr\u00e9 son contr\u00f4le tr\u00e8s \u00e9troit sur l&rsquo;agenda de son mari, elle justifie chacune de ses actions comme un acte &quot; encourag\u00e9 &quot; ou &quot; inspir\u00e9 &quot; par la sagesse et la passion de Per\u00f3n. En priv\u00e9, la vie de couple est extr\u00eamement tendue. Le couple n&rsquo;a d&rsquo;ailleurs jamais eu d&rsquo;enfants, ce qui a donn\u00e9 lieu \u00e0 quelques controverses sur la pauvret\u00e9, voire l&rsquo;absence de vie sexuelle dans le couple pr\u00e9sidentiel.<\/div>\n<div>Alors qu&rsquo;Evita est quasi-v\u00e9n\u00e9r\u00e9e par la classe des travailleurs, elle est profond\u00e9ment d\u00e9test\u00e9e par les riches argentins anglophones qui la m\u00e9prisent \u00e0 cause de ses origines sociales, ses histoires sulfureuses et de son activit\u00e9 dans le domaine politique, un peu trop importante \u00e0 leur go\u00fbt. Ainsi a-t-elle pris l&rsquo;habitude de les nommer les Oligarques.<\/div>\n<div>En 1950, Evita se lance dans un Rainbow Tour hautement m\u00e9diatis\u00e9 en Europe, rencontrant de nombreux chefs d&rsquo;Etats dont. Le but \u00e9tait de redorer le blason et les relations diplomatiques du r\u00e9gime de Per\u00f3n. Evita a m\u00eame essay\u00e9 de l\u00e9gitimer son pouvoir en briguant la vice-pr\u00e9sidence en 1951. Cependant, ceci a vivement irrit\u00e9 certains militaires haut plac\u00e9s qui ne souhaitaient pas voir cette femme gagner de l&rsquo;influence. Sous la pression, Juan a annul\u00e9 la nomination d&rsquo;Evita \u00e0 ce poste.<\/div>\n<div>&nbsp;<\/div>\n<div>Eva Per\u00f3n a \u00e9t\u00e9 emport\u00e9e par un cancer de l&rsquo;ut\u00e9rus \u00e0 l&rsquo;\u00e2ge de 33 ans. Son corps a \u00e9t\u00e9 embaum\u00e9 et expos\u00e9 jusqu&rsquo;\u00e0 ce qu&rsquo;un coup d&rsquo;\u00e9tat militaire ne chasse son mari du pouvoir en 1955. Son corps a alors \u00e9t\u00e9 transport\u00e9 \u00e0 Milan (Italie), puis enterr\u00e9. Seize ans plus tard, en 1971, son cadavre a \u00e9t\u00e9 exhum\u00e9 et envoy\u00e9 en Espagne. Son mari, retournant en Argentine comme pr\u00e9sident apr\u00e8s son exil, y meurt en 1974. Le corps d&rsquo;Evita est alors rapatri\u00e9 en Argentine, bri\u00e8vement expos\u00e9 au public. Elle a \u00e9t\u00e9 une nouvelle fois enterr\u00e9e dans la tombe familiale du cimeti\u00e8re La Recoleta de Buenos Aires.<\/div>\n<div>&nbsp;<\/div>\n<div><span class=\"tourisme-chapitre\">Personnalit\u00e9s argentines<\/span><\/div>\n<div><a href=\"bernardino_rivadavia\">Bernardino Rivadavia<\/a><\/div>\n<div><a href=\"ernesto_guevara\">Che Guevara<\/a><\/div>\n<div><a href=\"cristina_kirchner\">Cristina Kirchner<\/a><\/div>\n<div><a href=\"evita_peron\">Evita Peron<\/a><\/div>\n<div><a href=\"jorge_rafael_videla\">Jorge Rafael Videla<\/a><\/div>\n<div><a href=\"juan_peron\">Juan Peron<\/a><\/div>\n<div><a href=\"nestor_kirchner\">Nestor Kirchner<\/a><\/div>\n<div><a href=\"personnalites-argentines\">Tous les argentins<\/a><\/div>\n<\/div>\n","protected":false},"excerpt":{"rendered":"<p>Evita Peron n\u00e9e Maria Eva Duarte est une des cinq filles ill\u00e9gitimes mais reconnues qu&rsquo;une humble cuisini\u00e8re, Juana Ibarguren a [&hellip;]<\/p>\n","protected":false},"author":3,"featured_media":2537,"parent":2633,"menu_order":0,"comment_status":"closed","ping_status":"closed","template":"","meta":{"site-sidebar-layout":"default","site-content-layout":"","ast-site-content-layout":"default","site-content-style":"default","site-sidebar-style":"default","ast-global-header-display":"","ast-banner-title-visibility":"","ast-main-header-display":"","ast-hfb-above-header-display":"","ast-hfb-below-header-display":"","ast-hfb-mobile-header-display":"","site-post-title":"","ast-breadcrumbs-content":"","ast-featured-img":"","footer-sml-layout":"","ast-disable-related-posts":"","theme-transparent-header-meta":"","adv-header-id-meta":"","stick-header-meta":"","header-above-stick-meta":"","header-main-stick-meta":"","header-below-stick-meta":"","astra-migrate-meta-layouts":"default","ast-page-background-enabled":"default","ast-page-background-meta":{"desktop":{"background-color":"var(--ast-global-color-5)","background-image":"","background-repeat":"repeat","background-position":"center center","background-size":"auto","background-attachment":"scroll","background-type":"","background-media":"","overlay-type":"","overlay-color":"","overlay-opacity":"","overlay-gradient":""},"tablet":{"background-color":"","background-image":"","background-repeat":"repeat","background-position":"center center","background-size":"auto","background-attachment":"scroll","background-type":"","background-media":"","overlay-type":"","overlay-color":"","overlay-opacity":"","overlay-gradient":""},"mobile":{"background-color":"","background-image":"","background-repeat":"repeat","background-position":"center center","background-size":"auto","background-attachment":"scroll","background-type":"","background-media":"","overlay-type":"","overlay-color":"","overlay-opacity":"","overlay-gradient":""}},"ast-content-background-meta":{"desktop":{"background-color":"var(--ast-global-color-4)","background-image":"","background-repeat":"repeat","background-position":"center center","background-size":"auto","background-attachment":"scroll","background-type":"","background-media":"","overlay-type":"","overlay-color":"","overlay-opacity":"","overlay-gradient":""},"tablet":{"background-color":"var(--ast-global-color-4)","background-image":"","background-repeat":"repeat","background-position":"center center","background-size":"auto","background-attachment":"scroll","background-type":"","background-media":"","overlay-type":"","overlay-color":"","overlay-opacity":"","overlay-gradient":""},"mobile":{"background-color":"var(--ast-global-color-4)","background-image":"","background-repeat":"repeat","background-position":"center center","background-size":"auto","background-attachment":"scroll","background-type":"","background-media":"","overlay-type":"","overlay-color":"","overlay-opacity":"","overlay-gradient":""}},"footnotes":""},"class_list":["post-2538","page","type-page","status-publish","has-post-thumbnail","hentry"],"yoast_head":"<!-- This site is optimized with the Yoast SEO plugin v27.5 - https:\/\/yoast.com\/product\/yoast-seo-wordpress\/ -->\n<title>EVITA PERON - Abc-latina<\/title>\n<meta name=\"description\" content=\"Evita Peron.\" \/>\n<meta name=\"robots\" content=\"index, follow, max-snippet:-1, max-image-preview:large, max-video-preview:-1\" \/>\n<link rel=\"canonical\" href=\"https:\/\/abc-latina.com\/personnalites\/evita_peron\/\" \/>\n<meta property=\"og:locale\" content=\"fr_FR\" \/>\n<meta property=\"og:type\" content=\"article\" \/>\n<meta property=\"og:title\" content=\"EVITA PERON - Abc-latina\" \/>\n<meta property=\"og:description\" content=\"Evita Peron.\" \/>\n<meta property=\"og:url\" content=\"https:\/\/abc-latina.com\/personnalites\/evita_peron\/\" \/>\n<meta property=\"og:site_name\" content=\"Abc-latina\" \/>\n<meta property=\"article:modified_time\" content=\"2026-04-30T16:25:21+00:00\" \/>\n<meta property=\"og:image\" content=\"https:\/\/abc-latina.com\/wp-content\/uploads\/2010\/11\/evita-peron.jpg\" \/>\n\t<meta property=\"og:image:width\" content=\"220\" \/>\n\t<meta property=\"og:image:height\" content=\"220\" \/>\n\t<meta property=\"og:image:type\" content=\"image\/jpeg\" \/>\n<meta name=\"twitter:card\" content=\"summary_large_image\" \/>\n<meta name=\"twitter:label1\" content=\"Dur\u00e9e de lecture estim\u00e9e\" \/>\n\t<meta name=\"twitter:data1\" content=\"3 minutes\" \/>\n<script type=\"application\/ld+json\" class=\"yoast-schema-graph\">{\"@context\":\"https:\\\/\\\/schema.org\",\"@graph\":[{\"@type\":\"WebPage\",\"@id\":\"https:\\\/\\\/abc-latina.com\\\/personnalites\\\/evita_peron\\\/\",\"url\":\"https:\\\/\\\/abc-latina.com\\\/personnalites\\\/evita_peron\\\/\",\"name\":\"EVITA PERON - Abc-latina\",\"isPartOf\":{\"@id\":\"https:\\\/\\\/abc-latina.com\\\/#website\"},\"primaryImageOfPage\":{\"@id\":\"https:\\\/\\\/abc-latina.com\\\/personnalites\\\/evita_peron\\\/#primaryimage\"},\"image\":{\"@id\":\"https:\\\/\\\/abc-latina.com\\\/personnalites\\\/evita_peron\\\/#primaryimage\"},\"thumbnailUrl\":\"https:\\\/\\\/abc-latina.com\\\/wp-content\\\/uploads\\\/2010\\\/11\\\/evita-peron.jpg\",\"datePublished\":\"2010-11-15T00:53:24+00:00\",\"dateModified\":\"2026-04-30T16:25:21+00:00\",\"description\":\"Evita Peron.\",\"breadcrumb\":{\"@id\":\"https:\\\/\\\/abc-latina.com\\\/personnalites\\\/evita_peron\\\/#breadcrumb\"},\"inLanguage\":\"fr-FR\",\"potentialAction\":[{\"@type\":\"ReadAction\",\"target\":[\"https:\\\/\\\/abc-latina.com\\\/personnalites\\\/evita_peron\\\/\"]}]},{\"@type\":\"ImageObject\",\"inLanguage\":\"fr-FR\",\"@id\":\"https:\\\/\\\/abc-latina.com\\\/personnalites\\\/evita_peron\\\/#primaryimage\",\"url\":\"https:\\\/\\\/abc-latina.com\\\/wp-content\\\/uploads\\\/2010\\\/11\\\/evita-peron.jpg\",\"contentUrl\":\"https:\\\/\\\/abc-latina.com\\\/wp-content\\\/uploads\\\/2010\\\/11\\\/evita-peron.jpg\",\"width\":220,\"height\":220,\"caption\":\"EVITA PERON\"},{\"@type\":\"BreadcrumbList\",\"@id\":\"https:\\\/\\\/abc-latina.com\\\/personnalites\\\/evita_peron\\\/#breadcrumb\",\"itemListElement\":[{\"@type\":\"ListItem\",\"position\":1,\"name\":\"Accueil\",\"item\":\"https:\\\/\\\/abc-latina.com\\\/\"},{\"@type\":\"ListItem\",\"position\":2,\"name\":\"EVITA PERON\"}]},{\"@type\":\"WebSite\",\"@id\":\"https:\\\/\\\/abc-latina.com\\\/#website\",\"url\":\"https:\\\/\\\/abc-latina.com\\\/\",\"name\":\"Abc-latina\",\"description\":\"\",\"publisher\":{\"@id\":\"https:\\\/\\\/abc-latina.com\\\/#organization\"},\"potentialAction\":[{\"@type\":\"SearchAction\",\"target\":{\"@type\":\"EntryPoint\",\"urlTemplate\":\"https:\\\/\\\/abc-latina.com\\\/?s={search_term_string}\"},\"query-input\":{\"@type\":\"PropertyValueSpecification\",\"valueRequired\":true,\"valueName\":\"search_term_string\"}}],\"inLanguage\":\"fr-FR\"},{\"@type\":\"Organization\",\"@id\":\"https:\\\/\\\/abc-latina.com\\\/#organization\",\"name\":\"Abc-latina\",\"url\":\"https:\\\/\\\/abc-latina.com\\\/\",\"logo\":{\"@type\":\"ImageObject\",\"inLanguage\":\"fr-FR\",\"@id\":\"https:\\\/\\\/abc-latina.com\\\/#\\\/schema\\\/logo\\\/image\\\/\",\"url\":\"https:\\\/\\\/abc-latina.com\\\/wp-content\\\/uploads\\\/2026\\\/05\\\/cropped-logo.gif\",\"contentUrl\":\"https:\\\/\\\/abc-latina.com\\\/wp-content\\\/uploads\\\/2026\\\/05\\\/cropped-logo.gif\",\"width\":89,\"height\":84,\"caption\":\"Abc-latina\"},\"image\":{\"@id\":\"https:\\\/\\\/abc-latina.com\\\/#\\\/schema\\\/logo\\\/image\\\/\"}}]}<\/script>\n<!-- \/ Yoast SEO plugin. -->","yoast_head_json":{"title":"EVITA PERON - Abc-latina","description":"Evita Peron.","robots":{"index":"index","follow":"follow","max-snippet":"max-snippet:-1","max-image-preview":"max-image-preview:large","max-video-preview":"max-video-preview:-1"},"canonical":"https:\/\/abc-latina.com\/personnalites\/evita_peron\/","og_locale":"fr_FR","og_type":"article","og_title":"EVITA PERON - Abc-latina","og_description":"Evita Peron.","og_url":"https:\/\/abc-latina.com\/personnalites\/evita_peron\/","og_site_name":"Abc-latina","article_modified_time":"2026-04-30T16:25:21+00:00","og_image":[{"width":220,"height":220,"url":"https:\/\/abc-latina.com\/wp-content\/uploads\/2010\/11\/evita-peron.jpg","type":"image\/jpeg"}],"twitter_card":"summary_large_image","twitter_misc":{"Dur\u00e9e de lecture estim\u00e9e":"3 minutes"},"schema":{"@context":"https:\/\/schema.org","@graph":[{"@type":"WebPage","@id":"https:\/\/abc-latina.com\/personnalites\/evita_peron\/","url":"https:\/\/abc-latina.com\/personnalites\/evita_peron\/","name":"EVITA PERON - Abc-latina","isPartOf":{"@id":"https:\/\/abc-latina.com\/#website"},"primaryImageOfPage":{"@id":"https:\/\/abc-latina.com\/personnalites\/evita_peron\/#primaryimage"},"image":{"@id":"https:\/\/abc-latina.com\/personnalites\/evita_peron\/#primaryimage"},"thumbnailUrl":"https:\/\/abc-latina.com\/wp-content\/uploads\/2010\/11\/evita-peron.jpg","datePublished":"2010-11-15T00:53:24+00:00","dateModified":"2026-04-30T16:25:21+00:00","description":"Evita Peron.","breadcrumb":{"@id":"https:\/\/abc-latina.com\/personnalites\/evita_peron\/#breadcrumb"},"inLanguage":"fr-FR","potentialAction":[{"@type":"ReadAction","target":["https:\/\/abc-latina.com\/personnalites\/evita_peron\/"]}]},{"@type":"ImageObject","inLanguage":"fr-FR","@id":"https:\/\/abc-latina.com\/personnalites\/evita_peron\/#primaryimage","url":"https:\/\/abc-latina.com\/wp-content\/uploads\/2010\/11\/evita-peron.jpg","contentUrl":"https:\/\/abc-latina.com\/wp-content\/uploads\/2010\/11\/evita-peron.jpg","width":220,"height":220,"caption":"EVITA PERON"},{"@type":"BreadcrumbList","@id":"https:\/\/abc-latina.com\/personnalites\/evita_peron\/#breadcrumb","itemListElement":[{"@type":"ListItem","position":1,"name":"Accueil","item":"https:\/\/abc-latina.com\/"},{"@type":"ListItem","position":2,"name":"EVITA PERON"}]},{"@type":"WebSite","@id":"https:\/\/abc-latina.com\/#website","url":"https:\/\/abc-latina.com\/","name":"Abc-latina","description":"","publisher":{"@id":"https:\/\/abc-latina.com\/#organization"},"potentialAction":[{"@type":"SearchAction","target":{"@type":"EntryPoint","urlTemplate":"https:\/\/abc-latina.com\/?s={search_term_string}"},"query-input":{"@type":"PropertyValueSpecification","valueRequired":true,"valueName":"search_term_string"}}],"inLanguage":"fr-FR"},{"@type":"Organization","@id":"https:\/\/abc-latina.com\/#organization","name":"Abc-latina","url":"https:\/\/abc-latina.com\/","logo":{"@type":"ImageObject","inLanguage":"fr-FR","@id":"https:\/\/abc-latina.com\/#\/schema\/logo\/image\/","url":"https:\/\/abc-latina.com\/wp-content\/uploads\/2026\/05\/cropped-logo.gif","contentUrl":"https:\/\/abc-latina.com\/wp-content\/uploads\/2026\/05\/cropped-logo.gif","width":89,"height":84,"caption":"Abc-latina"},"image":{"@id":"https:\/\/abc-latina.com\/#\/schema\/logo\/image\/"}}]}},"_links":{"self":[{"href":"https:\/\/abc-latina.com\/wp-json\/wp\/v2\/pages\/2538","targetHints":{"allow":["GET"]}}],"collection":[{"href":"https:\/\/abc-latina.com\/wp-json\/wp\/v2\/pages"}],"about":[{"href":"https:\/\/abc-latina.com\/wp-json\/wp\/v2\/types\/page"}],"author":[{"embeddable":true,"href":"https:\/\/abc-latina.com\/wp-json\/wp\/v2\/users\/3"}],"replies":[{"embeddable":true,"href":"https:\/\/abc-latina.com\/wp-json\/wp\/v2\/comments?post=2538"}],"version-history":[{"count":1,"href":"https:\/\/abc-latina.com\/wp-json\/wp\/v2\/pages\/2538\/revisions"}],"predecessor-version":[{"id":3819,"href":"https:\/\/abc-latina.com\/wp-json\/wp\/v2\/pages\/2538\/revisions\/3819"}],"up":[{"embeddable":true,"href":"https:\/\/abc-latina.com\/wp-json\/wp\/v2\/pages\/2633"}],"wp:featuredmedia":[{"embeddable":true,"href":"https:\/\/abc-latina.com\/wp-json\/wp\/v2\/media\/2537"}],"wp:attachment":[{"href":"https:\/\/abc-latina.com\/wp-json\/wp\/v2\/media?parent=2538"}],"curies":[{"name":"wp","href":"https:\/\/api.w.org\/{rel}","templated":true}]}}