{"id":254,"date":"2010-06-04T03:08:12","date_gmt":"2010-06-04T01:08:12","guid":{"rendered":"http:\/\/abc-latina.com\/parque_carillo-htm\/"},"modified":"2018-06-12T11:18:15","modified_gmt":"2018-06-12T09:18:15","slug":"parque_carillo","status":"publish","type":"page","link":"https:\/\/abc-latina.com\/costarica\/parque_carillo\/","title":{"rendered":"PARQUE NACIONAL BRAULIO CARRILLO"},"content":{"rendered":"<div><img loading=\"lazy\" decoding=\"async\" class=\" alignright size-full wp-image-253\" src=\"http:\/\/abc-latina.com\/wp-content\/uploads\/2010\/06\/braulio-carrillo.jpg\" title=\"BRAULIO CARRILLO\" alt=\"\" width=\"215\" vspace=\"9\" hspace=\"15\" height=\"215\" align=\"right\" srcset=\"https:\/\/abc-latina.com\/wp-content\/uploads\/2010\/06\/braulio-carrillo.jpg 215w, https:\/\/abc-latina.com\/wp-content\/uploads\/2010\/06\/braulio-carrillo-150x150.jpg 150w\" sizes=\"auto, (max-width: 215px) 100vw, 215px\" \/>Situ\u00e9 \u00e0 seulement 20 km de San Jos\u00e9, le <span class=\"tourisme-chapitre\">Parque Nacional Braulio Carrillo<\/span> est constitu\u00e9 de plaines et de hautes montagnes d&rsquo;o\u00f9 s&rsquo;\u00e9coule une grande partie de l&rsquo;eau n\u00e9cessaire aux diverses cultures et \u00e0 l&rsquo;approvisionnement des habitants de la Vall\u00e9e centrale, r\u00e9gion la plus dens\u00e9ment peupl\u00e9e du Costa Rica. Mais contrairement \u00e0 ce que l&rsquo;on pourrait croire, le parc demeure une r\u00e9gion tr\u00e8s sauvage et peu explor\u00e9e, notamment en raison des hautes montagnes, de la densit\u00e9 de la v\u00e9g\u00e9tation et de son acc\u00e8s difficile, jusqu&rsquo;\u00e0 tout r\u00e9cemment.&nbsp;<\/div>\n<div>&nbsp;<\/div>\n<div>Le parc national couvre une superficie de 45 899 ha, ce qui en fait le plus vaste parc de la Vall\u00e9e centrale.<\/div>\n<div>Il fallut attendre jusqu&rsquo;en 1977 pour qu&rsquo;un nouveau projet de route voie le jour. Craignant un \u00e9talement urbain excessif et une d\u00e9forestation massive si l&rsquo;acc\u00e8s \u00e0 ce territoire devenait trop facile, on d\u00e9cida de prot\u00e9ger cette r\u00e9gion en cr\u00e9ant, le 15 avril 1978, le Parque Nacional Braulio Carrillo.<\/div>\n<div>&nbsp;<\/div>\n<div>Avec des pr\u00e9cipitations annuelles de 4,5 m, le parc b\u00e9n\u00e9ficie d&rsquo;une flore exceptionnelle. Dans ses sept zones de vie \u00e9cologique, allant de la for\u00eat tropicale humide \u00e0 la for\u00eat pluvieuse des montagnes, on d\u00e9nombre quelque 6000 esp\u00e8ces de plantes. La flore y est diversifi\u00e9e en raison des diff\u00e9rences appr\u00e9ciables d&rsquo;altitudes et de climats. La r\u00e9gion la plus basse du parc se situe \u00e0 36m d&rsquo;altitude, tandis que la plus haute atteint 2906m, soit le sommet du volcan Barva. En basse altitude, la moyenne des temp\u00e9ratures grimpe entre 25&ordm;C et 30&ordm;C, alors qu&rsquo;en montagne elle descend \u00e0 15&ordm;C. Bien qu&rsquo;il y pleuve tr\u00e8s souvent, notamment en montagne, la saison s\u00e8che s&rsquo;\u00e9tend de janvier \u00e0 avril.<\/div>\n<div>&nbsp;<\/div>\n<div>Cette diversit\u00e9 s&rsquo;applique \u00e9galement \u00e0 la faune du parc, o\u00f9 l&rsquo;on a observ\u00e9 plus de 100 esp\u00e8ces d&rsquo;amphibiens et de reptiles, ainsi que 135 esp\u00e8ces de mammif\u00e8res, entre autres le puma, l&rsquo;ocelot, le jaguar, le singe capucin, le singe hurleur, le tapir et le paresseux. Parmi les 350 esp\u00e8ces d&rsquo;oiseaux recens\u00e9es, mentionnons les toucans, les aras, les aigles ainsi que le fameux quetzal.<\/div>\n<div>&nbsp;<\/div>\n<div><a href=\"..\/tour_operateur\" target=\"_blank\"><img loading=\"lazy\" decoding=\"async\" class=\" size-full wp-image-41\" alt=\"\" class=\"touroperateur\" src=\"http:\/\/abc-latina.com\/wp-content\/uploads\/2010\/04\/timbre_to.gif\" width=\"125\" height=\"90\" \/><\/a>Le Rain Forest Aerial Tram est un t\u00e9l\u00e9ph\u00e9rique survolant la riche et complexe for\u00eat tropicale humide, afin que les visiteurs puissent admirer la flore et la faune qui \u00e9voluent \u00e0 la cime des arbres, d\u00e9nomm\u00e9e la &laquo;canop\u00e9e&raquo;. Il fait partie d&rsquo;une r\u00e9serve naturelle priv\u00e9e de 450 ha, \u00e0 quelques minutes du Parque Nacional Braulio Carrillo. L&rsquo;extraordinaire richesse faunique et florale de la canop\u00e9e fut scrut\u00e9e \u00e0 la loupe par Donald Perry, un biologiste \u00e9tasunien venu s&rsquo;\u00e9tablir au Costa Rica en 1974. Afin d&rsquo;explorer et d&rsquo;observer pendant des heures les plantes, mousses, fourmis, insectes, reptiles et autres larves du haut de ces arbres qui d\u00e9passent facilement les 30 m de hauteur, Donald Perry a d\u00fb inventer et mettre au point diverses formes de hissage ainsi que des plates-formes o\u00f9 il pouvait noter confortablement ses observations. Ainsi lui est venue l&rsquo;id\u00e9e audacieuse de l&rsquo;installation d&rsquo;un t\u00e9l\u00e9ph\u00e9rique a\u00e9rien qui permettrait aux visiteurs du monde entier de d\u00e9couvrir ces richesses insoup\u00e7onn\u00e9es sans bouleverser l&rsquo;\u00e9cosyst\u00e8me de la for\u00eat.<\/div>\n<div>&nbsp;<\/div>\n<h3>Pr\u00e9parez votre voyage au Parque Carillo:<\/h3>\n<div><a href=\"https:\/\/www.abc-latina.com\/costarica\/agence_de_voyages\">Agences de voyage g\u00e9n\u00e9ralistes et discounteurs<\/a><\/div>\n<div><a href=\"https:\/\/www.abc-latina.com\/costarica\/tour_operateur\">Tours Op\u00e9rateurs sp\u00e9cialistes du Costa Rica<\/a><\/div>\n<div><a href=\"https:\/\/www.abc-latina.com\/to\/reservation_billet_avion\" target=\"_blank\">R\u00e9servez votre billet d&rsquo;avion<\/a><\/div>\n<div><a href=\"https:\/\/www.abc-latina.com\/costarica\/hotels\">R\u00e9servez votre h\u00f4tel au Costa Rica<\/a>&nbsp;<\/div>\n<div><a href=\"https:\/\/www.abc-latina.com\/to\/location_de_voiture_costa_rica\" target=\"_blank\">Location de voiture<\/a><\/div>\n","protected":false},"excerpt":{"rendered":"<p>Situ\u00e9 \u00e0 seulement 20 km de San Jos\u00e9, le Parque Nacional Braulio Carrillo est constitu\u00e9 de plaines et de hautes [&hellip;]<\/p>\n","protected":false},"author":3,"featured_media":253,"parent":2300,"menu_order":0,"comment_status":"closed","ping_status":"closed","template":"","meta":{"site-sidebar-layout":"default","site-content-layout":"","ast-site-content-layout":"default","site-content-style":"default","site-sidebar-style":"default","ast-global-header-display":"","ast-banner-title-visibility":"","ast-main-header-display":"","ast-hfb-above-header-display":"","ast-hfb-below-header-display":"","ast-hfb-mobile-header-display":"","site-post-title":"","ast-breadcrumbs-content":"","ast-featured-img":"","footer-sml-layout":"","ast-disable-related-posts":"","theme-transparent-header-meta":"","adv-header-id-meta":"","stick-header-meta":"","header-above-stick-meta":"","header-main-stick-meta":"","header-below-stick-meta":"","astra-migrate-meta-layouts":"default","ast-page-background-enabled":"default","ast-page-background-meta":{"desktop":{"background-color":"var(--ast-global-color-5)","background-image":"","background-repeat":"repeat","background-position":"center center","background-size":"auto","background-attachment":"scroll","background-type":"","background-media":"","overlay-type":"","overlay-color":"","overlay-opacity":"","overlay-gradient":""},"tablet":{"background-color":"","background-image":"","background-repeat":"repeat","background-position":"center center","background-size":"auto","background-attachment":"scroll","background-type":"","background-media":"","overlay-type":"","overlay-color":"","overlay-opacity":"","overlay-gradient":""},"mobile":{"background-color":"","background-image":"","background-repeat":"repeat","background-position":"center center","background-size":"auto","background-attachment":"scroll","background-type":"","background-media":"","overlay-type":"","overlay-color":"","overlay-opacity":"","overlay-gradient":""}},"ast-content-background-meta":{"desktop":{"background-color":"var(--ast-global-color-4)","background-image":"","background-repeat":"repeat","background-position":"center center","background-size":"auto","background-attachment":"scroll","background-type":"","background-media":"","overlay-type":"","overlay-color":"","overlay-opacity":"","overlay-gradient":""},"tablet":{"background-color":"var(--ast-global-color-4)","background-image":"","background-repeat":"repeat","background-position":"center center","background-size":"auto","background-attachment":"scroll","background-type":"","background-media":"","overlay-type":"","overlay-color":"","overlay-opacity":"","overlay-gradient":""},"mobile":{"background-color":"var(--ast-global-color-4)","background-image":"","background-repeat":"repeat","background-position":"center center","background-size":"auto","background-attachment":"scroll","background-type":"","background-media":"","overlay-type":"","overlay-color":"","overlay-opacity":"","overlay-gradient":""}},"footnotes":""},"class_list":["post-254","page","type-page","status-publish","has-post-thumbnail","hentry"],"yoast_head":"<!-- This site is optimized with the Yoast SEO plugin v27.5 - https:\/\/yoast.com\/product\/yoast-seo-wordpress\/ -->\n<title>PARQUE NACIONAL BRAULIO CARRILLO - Abc-latina<\/title>\n<meta name=\"description\" content=\"Voyage au Costa Rica, visite du Parque national Braulio Carrillo.\" \/>\n<meta name=\"robots\" content=\"index, follow, max-snippet:-1, max-image-preview:large, max-video-preview:-1\" \/>\n<link rel=\"canonical\" href=\"https:\/\/abc-latina.com\/costarica\/parque_carillo\/\" \/>\n<meta property=\"og:locale\" content=\"fr_FR\" \/>\n<meta property=\"og:type\" content=\"article\" \/>\n<meta property=\"og:title\" content=\"PARQUE NACIONAL BRAULIO CARRILLO - Abc-latina\" \/>\n<meta property=\"og:description\" content=\"Voyage au Costa Rica, visite du Parque national Braulio Carrillo.\" \/>\n<meta property=\"og:url\" content=\"https:\/\/abc-latina.com\/costarica\/parque_carillo\/\" \/>\n<meta property=\"og:site_name\" content=\"Abc-latina\" \/>\n<meta property=\"article:modified_time\" content=\"2018-06-12T09:18:15+00:00\" \/>\n<meta property=\"og:image\" content=\"https:\/\/abc-latina.com\/wp-content\/uploads\/2010\/06\/braulio-carrillo.jpg\" \/>\n\t<meta property=\"og:image:width\" content=\"215\" \/>\n\t<meta property=\"og:image:height\" content=\"215\" \/>\n\t<meta property=\"og:image:type\" content=\"image\/jpeg\" \/>\n<meta name=\"twitter:card\" content=\"summary_large_image\" \/>\n<meta name=\"twitter:label1\" content=\"Dur\u00e9e de lecture estim\u00e9e\" \/>\n\t<meta name=\"twitter:data1\" content=\"3 minutes\" \/>\n<script type=\"application\/ld+json\" class=\"yoast-schema-graph\">{\"@context\":\"https:\\\/\\\/schema.org\",\"@graph\":[{\"@type\":\"WebPage\",\"@id\":\"https:\\\/\\\/abc-latina.com\\\/costarica\\\/parque_carillo\\\/\",\"url\":\"https:\\\/\\\/abc-latina.com\\\/costarica\\\/parque_carillo\\\/\",\"name\":\"PARQUE NACIONAL BRAULIO CARRILLO - Abc-latina\",\"isPartOf\":{\"@id\":\"https:\\\/\\\/abc-latina.com\\\/#website\"},\"primaryImageOfPage\":{\"@id\":\"https:\\\/\\\/abc-latina.com\\\/costarica\\\/parque_carillo\\\/#primaryimage\"},\"image\":{\"@id\":\"https:\\\/\\\/abc-latina.com\\\/costarica\\\/parque_carillo\\\/#primaryimage\"},\"thumbnailUrl\":\"https:\\\/\\\/abc-latina.com\\\/wp-content\\\/uploads\\\/2010\\\/06\\\/braulio-carrillo.jpg\",\"datePublished\":\"2010-06-04T01:08:12+00:00\",\"dateModified\":\"2018-06-12T09:18:15+00:00\",\"description\":\"Voyage au Costa Rica, visite du Parque national Braulio Carrillo.\",\"breadcrumb\":{\"@id\":\"https:\\\/\\\/abc-latina.com\\\/costarica\\\/parque_carillo\\\/#breadcrumb\"},\"inLanguage\":\"fr-FR\",\"potentialAction\":[{\"@type\":\"ReadAction\",\"target\":[\"https:\\\/\\\/abc-latina.com\\\/costarica\\\/parque_carillo\\\/\"]}]},{\"@type\":\"ImageObject\",\"inLanguage\":\"fr-FR\",\"@id\":\"https:\\\/\\\/abc-latina.com\\\/costarica\\\/parque_carillo\\\/#primaryimage\",\"url\":\"https:\\\/\\\/abc-latina.com\\\/wp-content\\\/uploads\\\/2010\\\/06\\\/braulio-carrillo.jpg\",\"contentUrl\":\"https:\\\/\\\/abc-latina.com\\\/wp-content\\\/uploads\\\/2010\\\/06\\\/braulio-carrillo.jpg\",\"width\":215,\"height\":215,\"caption\":\"BRAULIO CARRILLO\"},{\"@type\":\"BreadcrumbList\",\"@id\":\"https:\\\/\\\/abc-latina.com\\\/costarica\\\/parque_carillo\\\/#breadcrumb\",\"itemListElement\":[{\"@type\":\"ListItem\",\"position\":1,\"name\":\"Accueil\",\"item\":\"https:\\\/\\\/abc-latina.com\\\/\"},{\"@type\":\"ListItem\",\"position\":2,\"name\":\"PARQUE NACIONAL BRAULIO CARRILLO\"}]},{\"@type\":\"WebSite\",\"@id\":\"https:\\\/\\\/abc-latina.com\\\/#website\",\"url\":\"https:\\\/\\\/abc-latina.com\\\/\",\"name\":\"Abc-latina\",\"description\":\"\",\"publisher\":{\"@id\":\"https:\\\/\\\/abc-latina.com\\\/#organization\"},\"potentialAction\":[{\"@type\":\"SearchAction\",\"target\":{\"@type\":\"EntryPoint\",\"urlTemplate\":\"https:\\\/\\\/abc-latina.com\\\/?s={search_term_string}\"},\"query-input\":{\"@type\":\"PropertyValueSpecification\",\"valueRequired\":true,\"valueName\":\"search_term_string\"}}],\"inLanguage\":\"fr-FR\"},{\"@type\":\"Organization\",\"@id\":\"https:\\\/\\\/abc-latina.com\\\/#organization\",\"name\":\"Abc-latina\",\"url\":\"https:\\\/\\\/abc-latina.com\\\/\",\"logo\":{\"@type\":\"ImageObject\",\"inLanguage\":\"fr-FR\",\"@id\":\"https:\\\/\\\/abc-latina.com\\\/#\\\/schema\\\/logo\\\/image\\\/\",\"url\":\"https:\\\/\\\/abc-latina.com\\\/wp-content\\\/uploads\\\/2026\\\/05\\\/cropped-logo.gif\",\"contentUrl\":\"https:\\\/\\\/abc-latina.com\\\/wp-content\\\/uploads\\\/2026\\\/05\\\/cropped-logo.gif\",\"width\":89,\"height\":84,\"caption\":\"Abc-latina\"},\"image\":{\"@id\":\"https:\\\/\\\/abc-latina.com\\\/#\\\/schema\\\/logo\\\/image\\\/\"}}]}<\/script>\n<!-- \/ Yoast SEO plugin. -->","yoast_head_json":{"title":"PARQUE NACIONAL BRAULIO CARRILLO - Abc-latina","description":"Voyage au Costa Rica, visite du Parque national Braulio Carrillo.","robots":{"index":"index","follow":"follow","max-snippet":"max-snippet:-1","max-image-preview":"max-image-preview:large","max-video-preview":"max-video-preview:-1"},"canonical":"https:\/\/abc-latina.com\/costarica\/parque_carillo\/","og_locale":"fr_FR","og_type":"article","og_title":"PARQUE NACIONAL BRAULIO CARRILLO - Abc-latina","og_description":"Voyage au Costa Rica, visite du Parque national Braulio Carrillo.","og_url":"https:\/\/abc-latina.com\/costarica\/parque_carillo\/","og_site_name":"Abc-latina","article_modified_time":"2018-06-12T09:18:15+00:00","og_image":[{"width":215,"height":215,"url":"https:\/\/abc-latina.com\/wp-content\/uploads\/2010\/06\/braulio-carrillo.jpg","type":"image\/jpeg"}],"twitter_card":"summary_large_image","twitter_misc":{"Dur\u00e9e de lecture estim\u00e9e":"3 minutes"},"schema":{"@context":"https:\/\/schema.org","@graph":[{"@type":"WebPage","@id":"https:\/\/abc-latina.com\/costarica\/parque_carillo\/","url":"https:\/\/abc-latina.com\/costarica\/parque_carillo\/","name":"PARQUE NACIONAL BRAULIO CARRILLO - Abc-latina","isPartOf":{"@id":"https:\/\/abc-latina.com\/#website"},"primaryImageOfPage":{"@id":"https:\/\/abc-latina.com\/costarica\/parque_carillo\/#primaryimage"},"image":{"@id":"https:\/\/abc-latina.com\/costarica\/parque_carillo\/#primaryimage"},"thumbnailUrl":"https:\/\/abc-latina.com\/wp-content\/uploads\/2010\/06\/braulio-carrillo.jpg","datePublished":"2010-06-04T01:08:12+00:00","dateModified":"2018-06-12T09:18:15+00:00","description":"Voyage au Costa Rica, visite du Parque national Braulio Carrillo.","breadcrumb":{"@id":"https:\/\/abc-latina.com\/costarica\/parque_carillo\/#breadcrumb"},"inLanguage":"fr-FR","potentialAction":[{"@type":"ReadAction","target":["https:\/\/abc-latina.com\/costarica\/parque_carillo\/"]}]},{"@type":"ImageObject","inLanguage":"fr-FR","@id":"https:\/\/abc-latina.com\/costarica\/parque_carillo\/#primaryimage","url":"https:\/\/abc-latina.com\/wp-content\/uploads\/2010\/06\/braulio-carrillo.jpg","contentUrl":"https:\/\/abc-latina.com\/wp-content\/uploads\/2010\/06\/braulio-carrillo.jpg","width":215,"height":215,"caption":"BRAULIO CARRILLO"},{"@type":"BreadcrumbList","@id":"https:\/\/abc-latina.com\/costarica\/parque_carillo\/#breadcrumb","itemListElement":[{"@type":"ListItem","position":1,"name":"Accueil","item":"https:\/\/abc-latina.com\/"},{"@type":"ListItem","position":2,"name":"PARQUE NACIONAL BRAULIO CARRILLO"}]},{"@type":"WebSite","@id":"https:\/\/abc-latina.com\/#website","url":"https:\/\/abc-latina.com\/","name":"Abc-latina","description":"","publisher":{"@id":"https:\/\/abc-latina.com\/#organization"},"potentialAction":[{"@type":"SearchAction","target":{"@type":"EntryPoint","urlTemplate":"https:\/\/abc-latina.com\/?s={search_term_string}"},"query-input":{"@type":"PropertyValueSpecification","valueRequired":true,"valueName":"search_term_string"}}],"inLanguage":"fr-FR"},{"@type":"Organization","@id":"https:\/\/abc-latina.com\/#organization","name":"Abc-latina","url":"https:\/\/abc-latina.com\/","logo":{"@type":"ImageObject","inLanguage":"fr-FR","@id":"https:\/\/abc-latina.com\/#\/schema\/logo\/image\/","url":"https:\/\/abc-latina.com\/wp-content\/uploads\/2026\/05\/cropped-logo.gif","contentUrl":"https:\/\/abc-latina.com\/wp-content\/uploads\/2026\/05\/cropped-logo.gif","width":89,"height":84,"caption":"Abc-latina"},"image":{"@id":"https:\/\/abc-latina.com\/#\/schema\/logo\/image\/"}}]}},"_links":{"self":[{"href":"https:\/\/abc-latina.com\/wp-json\/wp\/v2\/pages\/254","targetHints":{"allow":["GET"]}}],"collection":[{"href":"https:\/\/abc-latina.com\/wp-json\/wp\/v2\/pages"}],"about":[{"href":"https:\/\/abc-latina.com\/wp-json\/wp\/v2\/types\/page"}],"author":[{"embeddable":true,"href":"https:\/\/abc-latina.com\/wp-json\/wp\/v2\/users\/3"}],"replies":[{"embeddable":true,"href":"https:\/\/abc-latina.com\/wp-json\/wp\/v2\/comments?post=254"}],"version-history":[{"count":0,"href":"https:\/\/abc-latina.com\/wp-json\/wp\/v2\/pages\/254\/revisions"}],"up":[{"embeddable":true,"href":"https:\/\/abc-latina.com\/wp-json\/wp\/v2\/pages\/2300"}],"wp:featuredmedia":[{"embeddable":true,"href":"https:\/\/abc-latina.com\/wp-json\/wp\/v2\/media\/253"}],"wp:attachment":[{"href":"https:\/\/abc-latina.com\/wp-json\/wp\/v2\/media?parent=254"}],"curies":[{"name":"wp","href":"https:\/\/api.w.org\/{rel}","templated":true}]}}