{"id":2544,"date":"2010-11-15T02:12:49","date_gmt":"2010-11-15T01:12:49","guid":{"rendered":"http:\/\/abc-latina.com\/fernando_lugo-htm\/"},"modified":"2026-04-30T18:25:21","modified_gmt":"2026-04-30T16:25:21","slug":"fernando_lugo","status":"publish","type":"page","link":"https:\/\/abc-latina.com\/personnalites\/fernando_lugo\/","title":{"rendered":"FERNANDO LUGO"},"content":{"rendered":"<div><span style=\"color: rgb(255, 153, 0); \"><strong><img loading=\"lazy\" decoding=\"async\" class=\" alignright size-full wp-image-2543\" src=\"http:\/\/abc-latina.com\/wp-content\/uploads\/2010\/11\/fernando-lugo.jpg\" title=\"FERNANDO LUGO\" alt=\"\" width=\"220\" vspace=\"9\" hspace=\"15\" height=\"220\" align=\"right\" srcset=\"https:\/\/abc-latina.com\/wp-content\/uploads\/2010\/11\/fernando-lugo.jpg 220w, https:\/\/abc-latina.com\/wp-content\/uploads\/2010\/11\/fernando-lugo-150x150.jpg 150w\" sizes=\"auto, (max-width: 220px) 100vw, 220px\" \/><\/strong><\/span><span style=\"color: rgb(255, 153, 0); \"><strong>Fernando Lugo<\/strong><\/span> est n\u00e9 le 30 mai 1951 \u00e0 San Solano, dans la r\u00e9gion d&rsquo;Itapua (sud), l&rsquo;une des plus d\u00e9favoris\u00e9es du <a target=\"_blank\" href=\"https:\/\/www.abc-latina.com\/paraguay\/\">Paraguay<\/a>, dont un tiers de la population vit sous le seuil de pauvret\u00e9. Ses proches sont modestes, non pratiquants, unis et surtout tr\u00e8s politis\u00e9s, \u00e0 l&rsquo;image de son oncle Epifanio Mendez Fleitas, une des figures de proue du Parti Colorado (conservateur), qui entra en dissidence contre le dictateur Stroessner. Militants oppos\u00e9s au r\u00e9gime, trois de ses fr\u00e8res avaient \u00e9t\u00e9 contraints \u00e0 l&rsquo;exil, apr\u00e8s avoir \u00e9t\u00e9 tortur\u00e9s, et son p\u00e8re avait \u00e9galement \u00e9t\u00e9 maintes fois arr\u00eat\u00e9.<\/p>\n<div>&nbsp;<\/div>\n<div>La conscience politique de Fernando Lugo s&rsquo;est \u00e9veill\u00e9e tr\u00e8s t\u00f4t au sein de sa propre famille pers\u00e9cut\u00e9e sous la dictature d&rsquo;<a href=\"https:\/\/www.abc-latina.com\/personnalites\/alfredo_stroessner\">Alfredo Stroessner<\/a> (1954-1989). Mais lui, touch\u00e9 par Dieu \u00e0 19 ans, et au grand dam de son p\u00e8re, a choisi d&rsquo;entrer au S\u00e9minaire de la Congr\u00e9gation de la Parole Divine en 1971 avant d&rsquo;\u00eatre ordonn\u00e9 pr\u00eatre six ans plus tard et d&rsquo;int\u00e9grer l&rsquo;Universit\u00e9 catholique de Notre-Dame d&rsquo;Asuncion.<\/div>\n<div>&nbsp;<\/div>\n<div>Missionnaire, il part ensuite en <a target=\"_blank\" href=\"https:\/\/www.abc-latina.com\/equateur\/\">Equateur<\/a> pour y travailler jusqu&rsquo;en 1982 au contact des couches sociales les plus d\u00e9favoris\u00e9es.&nbsp;<\/div>\n<div>Ces ann\u00e9es lui valent aujourd&rsquo;hui le surnom d&rsquo;&quot;\u00e9v\u00eaque des pauvres&quot;, en r\u00e9f\u00e9rence \u00e0 l&rsquo;influence de l&rsquo;Equatorien Leonidas Proano, adepte de la Th\u00e9ologie de la lib\u00e9ration, un mouvement social issu de l&rsquo;Eglise catholique, teint\u00e9 de marxisme et d\u00e9velopp\u00e9 en Am\u00e9rique latine dans les ann\u00e9es 70.<\/div>\n<div>Expuls\u00e9 du Paraguay en 1983 par le r\u00e9gime de Stroessner, il conna\u00eet quatre ans d&rsquo;exil \u00e0 Rome, avant de rentrer au pays, o\u00f9 il est devenu en 1994 \u00e9v\u00eaque de San Pedro (centre), un d\u00e9partement socialement d\u00e9favoris\u00e9 aux relations chaotiques avec les autorit\u00e9s.<\/div>\n<div>&nbsp;<\/div>\n<div>Fernando Lugo n&rsquo;a \u00e9t\u00e9 convaincu qu&rsquo;en mars 2006 par l&rsquo;opposition d&#8217;emmener l&rsquo;APC, coalition d&rsquo;une vingtaine de formations majoritairement de gauche, \u00e0 l&rsquo;\u00e9lection pr\u00e9sidentielle. Parfois surnomm\u00e9 depuis &quot;l&rsquo;\u00e9v\u00eaque rouge&quot;, Lugo dit pr\u00e9f\u00e9rer au qualificatif de &quot;gauche&quot; qu&rsquo;on lui accole celui de &quot;progressiste&quot;.<\/div>\n<div>Les autorit\u00e9s eccl\u00e9siastiques qui ne l&rsquo;on pas excommuni\u00e9 l&rsquo;avaient publiquement qualifi\u00e9 de rebelle, le comparant &quot;\u00e0 un poignard plant\u00e9 dans le corps de l&rsquo;Eglise&quot;.<\/div>\n<div>Il a \u00e9t\u00e9 \u00e9lu le dimanche 20 avril 2008, pr\u00e9sident du Paraguay.<\/div>\n<div>&nbsp;<\/div>\n<div>\n<div>La droite, majoritaire au Parlement, se sert d&rsquo;\u00e9v\u00e9nements tragiques survenus dans le pays pour destituer Fernando Lugo le 22 juin 2012.<\/div>\n<\/div>\n<div>&nbsp;<\/div>\n<div><span class=\"tsource\">Source partielle nouvelobs.com<\/span><\/div>\n<div>&nbsp;<\/div>\n<div><span class=\"person\">REPERES<\/span><\/div>\n<div><span class=\"person-date\">1951<\/span> &#8211; Naissance de Fernando Lugo<\/div>\n<div><span class=\"person-date\">1977<\/span> &#8211; Il est ordonn\u00e9 Pr\u00eatre&nbsp;<\/div>\n<div><span class=\"person-date\">1994<\/span> &#8211; Il est ordonn\u00e9 Ev\u00eaque<\/div>\n<div><span class=\"person-date\">2008<\/span> &#8211; Il est \u00e9lu \u00e0 la pr\u00e9sidence<\/div>\n<\/div>\n","protected":false},"excerpt":{"rendered":"<p>Fernando Lugo est n\u00e9 le 30 mai 1951 \u00e0 San Solano, dans la r\u00e9gion d&rsquo;Itapua (sud), l&rsquo;une des plus d\u00e9favoris\u00e9es [&hellip;]<\/p>\n","protected":false},"author":3,"featured_media":2543,"parent":2633,"menu_order":0,"comment_status":"closed","ping_status":"closed","template":"","meta":{"site-sidebar-layout":"default","site-content-layout":"","ast-site-content-layout":"default","site-content-style":"default","site-sidebar-style":"default","ast-global-header-display":"","ast-banner-title-visibility":"","ast-main-header-display":"","ast-hfb-above-header-display":"","ast-hfb-below-header-display":"","ast-hfb-mobile-header-display":"","site-post-title":"","ast-breadcrumbs-content":"","ast-featured-img":"","footer-sml-layout":"","ast-disable-related-posts":"","theme-transparent-header-meta":"","adv-header-id-meta":"","stick-header-meta":"","header-above-stick-meta":"","header-main-stick-meta":"","header-below-stick-meta":"","astra-migrate-meta-layouts":"default","ast-page-background-enabled":"default","ast-page-background-meta":{"desktop":{"background-color":"var(--ast-global-color-5)","background-image":"","background-repeat":"repeat","background-position":"center center","background-size":"auto","background-attachment":"scroll","background-type":"","background-media":"","overlay-type":"","overlay-color":"","overlay-opacity":"","overlay-gradient":""},"tablet":{"background-color":"","background-image":"","background-repeat":"repeat","background-position":"center center","background-size":"auto","background-attachment":"scroll","background-type":"","background-media":"","overlay-type":"","overlay-color":"","overlay-opacity":"","overlay-gradient":""},"mobile":{"background-color":"","background-image":"","background-repeat":"repeat","background-position":"center center","background-size":"auto","background-attachment":"scroll","background-type":"","background-media":"","overlay-type":"","overlay-color":"","overlay-opacity":"","overlay-gradient":""}},"ast-content-background-meta":{"desktop":{"background-color":"var(--ast-global-color-4)","background-image":"","background-repeat":"repeat","background-position":"center center","background-size":"auto","background-attachment":"scroll","background-type":"","background-media":"","overlay-type":"","overlay-color":"","overlay-opacity":"","overlay-gradient":""},"tablet":{"background-color":"var(--ast-global-color-4)","background-image":"","background-repeat":"repeat","background-position":"center center","background-size":"auto","background-attachment":"scroll","background-type":"","background-media":"","overlay-type":"","overlay-color":"","overlay-opacity":"","overlay-gradient":""},"mobile":{"background-color":"var(--ast-global-color-4)","background-image":"","background-repeat":"repeat","background-position":"center center","background-size":"auto","background-attachment":"scroll","background-type":"","background-media":"","overlay-type":"","overlay-color":"","overlay-opacity":"","overlay-gradient":""}},"footnotes":""},"class_list":["post-2544","page","type-page","status-publish","has-post-thumbnail","hentry"],"yoast_head":"<!-- This site is optimized with the Yoast SEO plugin v27.5 - https:\/\/yoast.com\/product\/yoast-seo-wordpress\/ -->\n<title>FERNANDO LUGO - Abc-latina<\/title>\n<meta name=\"description\" content=\"Fernando Lugo, Pr\u00e9sident du Paraguay.\" \/>\n<meta name=\"robots\" content=\"index, follow, max-snippet:-1, max-image-preview:large, max-video-preview:-1\" \/>\n<link rel=\"canonical\" href=\"https:\/\/abc-latina.com\/personnalites\/fernando_lugo\/\" \/>\n<meta property=\"og:locale\" content=\"fr_FR\" \/>\n<meta property=\"og:type\" content=\"article\" \/>\n<meta property=\"og:title\" content=\"FERNANDO LUGO - Abc-latina\" \/>\n<meta property=\"og:description\" content=\"Fernando Lugo, Pr\u00e9sident du Paraguay.\" \/>\n<meta property=\"og:url\" content=\"https:\/\/abc-latina.com\/personnalites\/fernando_lugo\/\" \/>\n<meta property=\"og:site_name\" content=\"Abc-latina\" \/>\n<meta property=\"article:modified_time\" content=\"2026-04-30T16:25:21+00:00\" \/>\n<meta property=\"og:image\" content=\"https:\/\/abc-latina.com\/wp-content\/uploads\/2010\/11\/fernando-lugo.jpg\" \/>\n\t<meta property=\"og:image:width\" content=\"220\" \/>\n\t<meta property=\"og:image:height\" content=\"220\" \/>\n\t<meta property=\"og:image:type\" content=\"image\/jpeg\" \/>\n<meta name=\"twitter:card\" content=\"summary_large_image\" \/>\n<meta name=\"twitter:label1\" content=\"Dur\u00e9e de lecture estim\u00e9e\" \/>\n\t<meta name=\"twitter:data1\" content=\"2 minutes\" \/>\n<script type=\"application\/ld+json\" class=\"yoast-schema-graph\">{\"@context\":\"https:\\\/\\\/schema.org\",\"@graph\":[{\"@type\":\"WebPage\",\"@id\":\"https:\\\/\\\/abc-latina.com\\\/personnalites\\\/fernando_lugo\\\/\",\"url\":\"https:\\\/\\\/abc-latina.com\\\/personnalites\\\/fernando_lugo\\\/\",\"name\":\"FERNANDO LUGO - Abc-latina\",\"isPartOf\":{\"@id\":\"https:\\\/\\\/abc-latina.com\\\/#website\"},\"primaryImageOfPage\":{\"@id\":\"https:\\\/\\\/abc-latina.com\\\/personnalites\\\/fernando_lugo\\\/#primaryimage\"},\"image\":{\"@id\":\"https:\\\/\\\/abc-latina.com\\\/personnalites\\\/fernando_lugo\\\/#primaryimage\"},\"thumbnailUrl\":\"https:\\\/\\\/abc-latina.com\\\/wp-content\\\/uploads\\\/2010\\\/11\\\/fernando-lugo.jpg\",\"datePublished\":\"2010-11-15T01:12:49+00:00\",\"dateModified\":\"2026-04-30T16:25:21+00:00\",\"description\":\"Fernando Lugo, Pr\u00e9sident du Paraguay.\",\"breadcrumb\":{\"@id\":\"https:\\\/\\\/abc-latina.com\\\/personnalites\\\/fernando_lugo\\\/#breadcrumb\"},\"inLanguage\":\"fr-FR\",\"potentialAction\":[{\"@type\":\"ReadAction\",\"target\":[\"https:\\\/\\\/abc-latina.com\\\/personnalites\\\/fernando_lugo\\\/\"]}]},{\"@type\":\"ImageObject\",\"inLanguage\":\"fr-FR\",\"@id\":\"https:\\\/\\\/abc-latina.com\\\/personnalites\\\/fernando_lugo\\\/#primaryimage\",\"url\":\"https:\\\/\\\/abc-latina.com\\\/wp-content\\\/uploads\\\/2010\\\/11\\\/fernando-lugo.jpg\",\"contentUrl\":\"https:\\\/\\\/abc-latina.com\\\/wp-content\\\/uploads\\\/2010\\\/11\\\/fernando-lugo.jpg\",\"width\":220,\"height\":220,\"caption\":\"FERNANDO LUGO\"},{\"@type\":\"BreadcrumbList\",\"@id\":\"https:\\\/\\\/abc-latina.com\\\/personnalites\\\/fernando_lugo\\\/#breadcrumb\",\"itemListElement\":[{\"@type\":\"ListItem\",\"position\":1,\"name\":\"Accueil\",\"item\":\"https:\\\/\\\/abc-latina.com\\\/\"},{\"@type\":\"ListItem\",\"position\":2,\"name\":\"FERNANDO LUGO\"}]},{\"@type\":\"WebSite\",\"@id\":\"https:\\\/\\\/abc-latina.com\\\/#website\",\"url\":\"https:\\\/\\\/abc-latina.com\\\/\",\"name\":\"Abc-latina\",\"description\":\"\",\"publisher\":{\"@id\":\"https:\\\/\\\/abc-latina.com\\\/#organization\"},\"potentialAction\":[{\"@type\":\"SearchAction\",\"target\":{\"@type\":\"EntryPoint\",\"urlTemplate\":\"https:\\\/\\\/abc-latina.com\\\/?s={search_term_string}\"},\"query-input\":{\"@type\":\"PropertyValueSpecification\",\"valueRequired\":true,\"valueName\":\"search_term_string\"}}],\"inLanguage\":\"fr-FR\"},{\"@type\":\"Organization\",\"@id\":\"https:\\\/\\\/abc-latina.com\\\/#organization\",\"name\":\"Abc-latina\",\"url\":\"https:\\\/\\\/abc-latina.com\\\/\",\"logo\":{\"@type\":\"ImageObject\",\"inLanguage\":\"fr-FR\",\"@id\":\"https:\\\/\\\/abc-latina.com\\\/#\\\/schema\\\/logo\\\/image\\\/\",\"url\":\"https:\\\/\\\/abc-latina.com\\\/wp-content\\\/uploads\\\/2026\\\/05\\\/cropped-logo.gif\",\"contentUrl\":\"https:\\\/\\\/abc-latina.com\\\/wp-content\\\/uploads\\\/2026\\\/05\\\/cropped-logo.gif\",\"width\":89,\"height\":84,\"caption\":\"Abc-latina\"},\"image\":{\"@id\":\"https:\\\/\\\/abc-latina.com\\\/#\\\/schema\\\/logo\\\/image\\\/\"}}]}<\/script>\n<!-- \/ Yoast SEO plugin. -->","yoast_head_json":{"title":"FERNANDO LUGO - Abc-latina","description":"Fernando Lugo, Pr\u00e9sident du Paraguay.","robots":{"index":"index","follow":"follow","max-snippet":"max-snippet:-1","max-image-preview":"max-image-preview:large","max-video-preview":"max-video-preview:-1"},"canonical":"https:\/\/abc-latina.com\/personnalites\/fernando_lugo\/","og_locale":"fr_FR","og_type":"article","og_title":"FERNANDO LUGO - Abc-latina","og_description":"Fernando Lugo, Pr\u00e9sident du Paraguay.","og_url":"https:\/\/abc-latina.com\/personnalites\/fernando_lugo\/","og_site_name":"Abc-latina","article_modified_time":"2026-04-30T16:25:21+00:00","og_image":[{"width":220,"height":220,"url":"https:\/\/abc-latina.com\/wp-content\/uploads\/2010\/11\/fernando-lugo.jpg","type":"image\/jpeg"}],"twitter_card":"summary_large_image","twitter_misc":{"Dur\u00e9e de lecture estim\u00e9e":"2 minutes"},"schema":{"@context":"https:\/\/schema.org","@graph":[{"@type":"WebPage","@id":"https:\/\/abc-latina.com\/personnalites\/fernando_lugo\/","url":"https:\/\/abc-latina.com\/personnalites\/fernando_lugo\/","name":"FERNANDO LUGO - Abc-latina","isPartOf":{"@id":"https:\/\/abc-latina.com\/#website"},"primaryImageOfPage":{"@id":"https:\/\/abc-latina.com\/personnalites\/fernando_lugo\/#primaryimage"},"image":{"@id":"https:\/\/abc-latina.com\/personnalites\/fernando_lugo\/#primaryimage"},"thumbnailUrl":"https:\/\/abc-latina.com\/wp-content\/uploads\/2010\/11\/fernando-lugo.jpg","datePublished":"2010-11-15T01:12:49+00:00","dateModified":"2026-04-30T16:25:21+00:00","description":"Fernando Lugo, Pr\u00e9sident du Paraguay.","breadcrumb":{"@id":"https:\/\/abc-latina.com\/personnalites\/fernando_lugo\/#breadcrumb"},"inLanguage":"fr-FR","potentialAction":[{"@type":"ReadAction","target":["https:\/\/abc-latina.com\/personnalites\/fernando_lugo\/"]}]},{"@type":"ImageObject","inLanguage":"fr-FR","@id":"https:\/\/abc-latina.com\/personnalites\/fernando_lugo\/#primaryimage","url":"https:\/\/abc-latina.com\/wp-content\/uploads\/2010\/11\/fernando-lugo.jpg","contentUrl":"https:\/\/abc-latina.com\/wp-content\/uploads\/2010\/11\/fernando-lugo.jpg","width":220,"height":220,"caption":"FERNANDO LUGO"},{"@type":"BreadcrumbList","@id":"https:\/\/abc-latina.com\/personnalites\/fernando_lugo\/#breadcrumb","itemListElement":[{"@type":"ListItem","position":1,"name":"Accueil","item":"https:\/\/abc-latina.com\/"},{"@type":"ListItem","position":2,"name":"FERNANDO LUGO"}]},{"@type":"WebSite","@id":"https:\/\/abc-latina.com\/#website","url":"https:\/\/abc-latina.com\/","name":"Abc-latina","description":"","publisher":{"@id":"https:\/\/abc-latina.com\/#organization"},"potentialAction":[{"@type":"SearchAction","target":{"@type":"EntryPoint","urlTemplate":"https:\/\/abc-latina.com\/?s={search_term_string}"},"query-input":{"@type":"PropertyValueSpecification","valueRequired":true,"valueName":"search_term_string"}}],"inLanguage":"fr-FR"},{"@type":"Organization","@id":"https:\/\/abc-latina.com\/#organization","name":"Abc-latina","url":"https:\/\/abc-latina.com\/","logo":{"@type":"ImageObject","inLanguage":"fr-FR","@id":"https:\/\/abc-latina.com\/#\/schema\/logo\/image\/","url":"https:\/\/abc-latina.com\/wp-content\/uploads\/2026\/05\/cropped-logo.gif","contentUrl":"https:\/\/abc-latina.com\/wp-content\/uploads\/2026\/05\/cropped-logo.gif","width":89,"height":84,"caption":"Abc-latina"},"image":{"@id":"https:\/\/abc-latina.com\/#\/schema\/logo\/image\/"}}]}},"_links":{"self":[{"href":"https:\/\/abc-latina.com\/wp-json\/wp\/v2\/pages\/2544","targetHints":{"allow":["GET"]}}],"collection":[{"href":"https:\/\/abc-latina.com\/wp-json\/wp\/v2\/pages"}],"about":[{"href":"https:\/\/abc-latina.com\/wp-json\/wp\/v2\/types\/page"}],"author":[{"embeddable":true,"href":"https:\/\/abc-latina.com\/wp-json\/wp\/v2\/users\/3"}],"replies":[{"embeddable":true,"href":"https:\/\/abc-latina.com\/wp-json\/wp\/v2\/comments?post=2544"}],"version-history":[{"count":1,"href":"https:\/\/abc-latina.com\/wp-json\/wp\/v2\/pages\/2544\/revisions"}],"predecessor-version":[{"id":3823,"href":"https:\/\/abc-latina.com\/wp-json\/wp\/v2\/pages\/2544\/revisions\/3823"}],"up":[{"embeddable":true,"href":"https:\/\/abc-latina.com\/wp-json\/wp\/v2\/pages\/2633"}],"wp:featuredmedia":[{"embeddable":true,"href":"https:\/\/abc-latina.com\/wp-json\/wp\/v2\/media\/2543"}],"wp:attachment":[{"href":"https:\/\/abc-latina.com\/wp-json\/wp\/v2\/media?parent=2544"}],"curies":[{"name":"wp","href":"https:\/\/api.w.org\/{rel}","templated":true}]}}