{"id":2556,"date":"2010-11-15T03:27:23","date_gmt":"2010-11-15T02:27:23","guid":{"rendered":"http:\/\/abc-latina.com\/gabriela_mistral-htm\/"},"modified":"2026-04-30T18:25:21","modified_gmt":"2026-04-30T16:25:21","slug":"gabriela_mistral","status":"publish","type":"page","link":"https:\/\/abc-latina.com\/personnalites\/gabriela_mistral\/","title":{"rendered":"GABRIELA MISTRAL"},"content":{"rendered":"<div><img loading=\"lazy\" decoding=\"async\" class=\" alignright size-full wp-image-2555\" style=\"margin: 9px; float: right;\" src=\"http:\/\/abc-latina.com\/wp-content\/uploads\/2010\/11\/gabriela_mistral.jpg\" title=\"GABRIELA MISTRAL\" alt=\"\" width=\"200\" height=\"195\" \/>Le premier <a target=\"_blank\" href=\"https:\/\/www.abc-latina.com\/amerique_latine\/prix_nobel\">prix Nobel<\/a> du <a target=\"_blank\" href=\"https:\/\/www.abc-latina.com\/chili\/\"><strong>Chili<\/strong><\/a> est n\u00e9 \u00e0 Vicuna, dans un petit village proche de La Serana. Lucila Godoy, de son vrai nom, fut une petite institutrice rurale et exer\u00e7a ce m\u00e9tier du nord au sud du pays. Le destin l&rsquo;am\u00e8me ensuite \u00e0 participer \u00e0 la r\u00e9forme de l&rsquo;enseignement au <a target=\"_blank\" href=\"https:\/\/www.abc-latina.com\/mexique\/\">Mexique<\/a> puis \u00e0 devenir consul du Chili. Elle commence \u00e0 parcourir le monde tout en \u00e9crivant sur son pays. En 1945, quand elle obtient le prix Nobel, il est d\u00e9j\u00e0 tr\u00e8s populaire au Chili. La souffrance de la disparition de l&rsquo;\u00eatre aim\u00e9 en 1909 et de son fils adoptif en 1943 ont marqu\u00e9 sa po\u00e9sie d&rsquo;une douleur et d&rsquo;un sens humain que le peuple reconna\u00eet. L&rsquo;institutrice n&rsquo;a pas oubli\u00e9 non plus les enfants auxquels elle d\u00e9die ses plus belles pages. Elle meurt en 1957, aim\u00e9e de tous les chiliens.<\/p>\n<div>&nbsp;<\/div>\n<div><span class=\"person\">REPERES<\/span><\/div>\n<div><span class=\"person-date\">1889 <\/span>&#8211; Naissance de Gabriela Mistral<\/div>\n<div><span class=\"person-date\">1945<\/span> &#8211; Elle obtient le prix Nobel de litt\u00e9rature<\/div>\n<div><span class=\"person-date\">1957 <\/span>&#8211; Elle d\u00e9c\u00e9de<\/div>\n<\/div>\n","protected":false},"excerpt":{"rendered":"<p>Le premier prix Nobel du Chili est n\u00e9 \u00e0 Vicuna, dans un petit village proche de La Serana. Lucila Godoy, [&hellip;]<\/p>\n","protected":false},"author":3,"featured_media":2555,"parent":2633,"menu_order":0,"comment_status":"closed","ping_status":"closed","template":"","meta":{"site-sidebar-layout":"default","site-content-layout":"","ast-site-content-layout":"default","site-content-style":"default","site-sidebar-style":"default","ast-global-header-display":"","ast-banner-title-visibility":"","ast-main-header-display":"","ast-hfb-above-header-display":"","ast-hfb-below-header-display":"","ast-hfb-mobile-header-display":"","site-post-title":"","ast-breadcrumbs-content":"","ast-featured-img":"","footer-sml-layout":"","ast-disable-related-posts":"","theme-transparent-header-meta":"","adv-header-id-meta":"","stick-header-meta":"","header-above-stick-meta":"","header-main-stick-meta":"","header-below-stick-meta":"","astra-migrate-meta-layouts":"default","ast-page-background-enabled":"default","ast-page-background-meta":{"desktop":{"background-color":"var(--ast-global-color-5)","background-image":"","background-repeat":"repeat","background-position":"center center","background-size":"auto","background-attachment":"scroll","background-type":"","background-media":"","overlay-type":"","overlay-color":"","overlay-opacity":"","overlay-gradient":""},"tablet":{"background-color":"","background-image":"","background-repeat":"repeat","background-position":"center center","background-size":"auto","background-attachment":"scroll","background-type":"","background-media":"","overlay-type":"","overlay-color":"","overlay-opacity":"","overlay-gradient":""},"mobile":{"background-color":"","background-image":"","background-repeat":"repeat","background-position":"center center","background-size":"auto","background-attachment":"scroll","background-type":"","background-media":"","overlay-type":"","overlay-color":"","overlay-opacity":"","overlay-gradient":""}},"ast-content-background-meta":{"desktop":{"background-color":"var(--ast-global-color-4)","background-image":"","background-repeat":"repeat","background-position":"center center","background-size":"auto","background-attachment":"scroll","background-type":"","background-media":"","overlay-type":"","overlay-color":"","overlay-opacity":"","overlay-gradient":""},"tablet":{"background-color":"var(--ast-global-color-4)","background-image":"","background-repeat":"repeat","background-position":"center center","background-size":"auto","background-attachment":"scroll","background-type":"","background-media":"","overlay-type":"","overlay-color":"","overlay-opacity":"","overlay-gradient":""},"mobile":{"background-color":"var(--ast-global-color-4)","background-image":"","background-repeat":"repeat","background-position":"center center","background-size":"auto","background-attachment":"scroll","background-type":"","background-media":"","overlay-type":"","overlay-color":"","overlay-opacity":"","overlay-gradient":""}},"footnotes":""},"class_list":["post-2556","page","type-page","status-publish","has-post-thumbnail","hentry"],"yoast_head":"<!-- This site is optimized with the Yoast SEO plugin v27.5 - https:\/\/yoast.com\/product\/yoast-seo-wordpress\/ -->\n<title>GABRIELA MISTRAL - Abc-latina<\/title>\n<meta name=\"description\" content=\"Gabriela Mistral, \u00e9crivain chilien, prix Nobel de lit\u00e9rature.\" \/>\n<meta name=\"robots\" content=\"index, follow, max-snippet:-1, max-image-preview:large, max-video-preview:-1\" \/>\n<link rel=\"canonical\" href=\"https:\/\/abc-latina.com\/personnalites\/gabriela_mistral\/\" \/>\n<meta property=\"og:locale\" content=\"fr_FR\" \/>\n<meta property=\"og:type\" content=\"article\" \/>\n<meta property=\"og:title\" content=\"GABRIELA MISTRAL - Abc-latina\" \/>\n<meta property=\"og:description\" content=\"Gabriela Mistral, \u00e9crivain chilien, prix Nobel de lit\u00e9rature.\" \/>\n<meta property=\"og:url\" content=\"https:\/\/abc-latina.com\/personnalites\/gabriela_mistral\/\" \/>\n<meta property=\"og:site_name\" content=\"Abc-latina\" \/>\n<meta property=\"article:modified_time\" content=\"2026-04-30T16:25:21+00:00\" \/>\n<meta property=\"og:image\" content=\"https:\/\/abc-latina.com\/wp-content\/uploads\/2010\/11\/gabriela_mistral.jpg\" \/>\n\t<meta property=\"og:image:width\" content=\"200\" \/>\n\t<meta property=\"og:image:height\" content=\"195\" \/>\n\t<meta property=\"og:image:type\" content=\"image\/jpeg\" \/>\n<meta name=\"twitter:card\" content=\"summary_large_image\" \/>\n<meta name=\"twitter:label1\" content=\"Dur\u00e9e de lecture estim\u00e9e\" \/>\n\t<meta name=\"twitter:data1\" content=\"1 minute\" \/>\n<script type=\"application\/ld+json\" class=\"yoast-schema-graph\">{\"@context\":\"https:\\\/\\\/schema.org\",\"@graph\":[{\"@type\":\"WebPage\",\"@id\":\"https:\\\/\\\/abc-latina.com\\\/personnalites\\\/gabriela_mistral\\\/\",\"url\":\"https:\\\/\\\/abc-latina.com\\\/personnalites\\\/gabriela_mistral\\\/\",\"name\":\"GABRIELA MISTRAL - Abc-latina\",\"isPartOf\":{\"@id\":\"https:\\\/\\\/abc-latina.com\\\/#website\"},\"primaryImageOfPage\":{\"@id\":\"https:\\\/\\\/abc-latina.com\\\/personnalites\\\/gabriela_mistral\\\/#primaryimage\"},\"image\":{\"@id\":\"https:\\\/\\\/abc-latina.com\\\/personnalites\\\/gabriela_mistral\\\/#primaryimage\"},\"thumbnailUrl\":\"https:\\\/\\\/abc-latina.com\\\/wp-content\\\/uploads\\\/2010\\\/11\\\/gabriela_mistral.jpg\",\"datePublished\":\"2010-11-15T02:27:23+00:00\",\"dateModified\":\"2026-04-30T16:25:21+00:00\",\"description\":\"Gabriela Mistral, \u00e9crivain chilien, prix Nobel de lit\u00e9rature.\",\"breadcrumb\":{\"@id\":\"https:\\\/\\\/abc-latina.com\\\/personnalites\\\/gabriela_mistral\\\/#breadcrumb\"},\"inLanguage\":\"fr-FR\",\"potentialAction\":[{\"@type\":\"ReadAction\",\"target\":[\"https:\\\/\\\/abc-latina.com\\\/personnalites\\\/gabriela_mistral\\\/\"]}]},{\"@type\":\"ImageObject\",\"inLanguage\":\"fr-FR\",\"@id\":\"https:\\\/\\\/abc-latina.com\\\/personnalites\\\/gabriela_mistral\\\/#primaryimage\",\"url\":\"https:\\\/\\\/abc-latina.com\\\/wp-content\\\/uploads\\\/2010\\\/11\\\/gabriela_mistral.jpg\",\"contentUrl\":\"https:\\\/\\\/abc-latina.com\\\/wp-content\\\/uploads\\\/2010\\\/11\\\/gabriela_mistral.jpg\",\"width\":200,\"height\":195,\"caption\":\"GABRIELA MISTRAL\"},{\"@type\":\"BreadcrumbList\",\"@id\":\"https:\\\/\\\/abc-latina.com\\\/personnalites\\\/gabriela_mistral\\\/#breadcrumb\",\"itemListElement\":[{\"@type\":\"ListItem\",\"position\":1,\"name\":\"Accueil\",\"item\":\"https:\\\/\\\/abc-latina.com\\\/\"},{\"@type\":\"ListItem\",\"position\":2,\"name\":\"GABRIELA MISTRAL\"}]},{\"@type\":\"WebSite\",\"@id\":\"https:\\\/\\\/abc-latina.com\\\/#website\",\"url\":\"https:\\\/\\\/abc-latina.com\\\/\",\"name\":\"Abc-latina\",\"description\":\"\",\"publisher\":{\"@id\":\"https:\\\/\\\/abc-latina.com\\\/#organization\"},\"potentialAction\":[{\"@type\":\"SearchAction\",\"target\":{\"@type\":\"EntryPoint\",\"urlTemplate\":\"https:\\\/\\\/abc-latina.com\\\/?s={search_term_string}\"},\"query-input\":{\"@type\":\"PropertyValueSpecification\",\"valueRequired\":true,\"valueName\":\"search_term_string\"}}],\"inLanguage\":\"fr-FR\"},{\"@type\":\"Organization\",\"@id\":\"https:\\\/\\\/abc-latina.com\\\/#organization\",\"name\":\"Abc-latina\",\"url\":\"https:\\\/\\\/abc-latina.com\\\/\",\"logo\":{\"@type\":\"ImageObject\",\"inLanguage\":\"fr-FR\",\"@id\":\"https:\\\/\\\/abc-latina.com\\\/#\\\/schema\\\/logo\\\/image\\\/\",\"url\":\"https:\\\/\\\/abc-latina.com\\\/wp-content\\\/uploads\\\/2026\\\/05\\\/cropped-logo.gif\",\"contentUrl\":\"https:\\\/\\\/abc-latina.com\\\/wp-content\\\/uploads\\\/2026\\\/05\\\/cropped-logo.gif\",\"width\":89,\"height\":84,\"caption\":\"Abc-latina\"},\"image\":{\"@id\":\"https:\\\/\\\/abc-latina.com\\\/#\\\/schema\\\/logo\\\/image\\\/\"}}]}<\/script>\n<!-- \/ Yoast SEO plugin. -->","yoast_head_json":{"title":"GABRIELA MISTRAL - Abc-latina","description":"Gabriela Mistral, \u00e9crivain chilien, prix Nobel de lit\u00e9rature.","robots":{"index":"index","follow":"follow","max-snippet":"max-snippet:-1","max-image-preview":"max-image-preview:large","max-video-preview":"max-video-preview:-1"},"canonical":"https:\/\/abc-latina.com\/personnalites\/gabriela_mistral\/","og_locale":"fr_FR","og_type":"article","og_title":"GABRIELA MISTRAL - Abc-latina","og_description":"Gabriela Mistral, \u00e9crivain chilien, prix Nobel de lit\u00e9rature.","og_url":"https:\/\/abc-latina.com\/personnalites\/gabriela_mistral\/","og_site_name":"Abc-latina","article_modified_time":"2026-04-30T16:25:21+00:00","og_image":[{"width":200,"height":195,"url":"https:\/\/abc-latina.com\/wp-content\/uploads\/2010\/11\/gabriela_mistral.jpg","type":"image\/jpeg"}],"twitter_card":"summary_large_image","twitter_misc":{"Dur\u00e9e de lecture estim\u00e9e":"1 minute"},"schema":{"@context":"https:\/\/schema.org","@graph":[{"@type":"WebPage","@id":"https:\/\/abc-latina.com\/personnalites\/gabriela_mistral\/","url":"https:\/\/abc-latina.com\/personnalites\/gabriela_mistral\/","name":"GABRIELA MISTRAL - Abc-latina","isPartOf":{"@id":"https:\/\/abc-latina.com\/#website"},"primaryImageOfPage":{"@id":"https:\/\/abc-latina.com\/personnalites\/gabriela_mistral\/#primaryimage"},"image":{"@id":"https:\/\/abc-latina.com\/personnalites\/gabriela_mistral\/#primaryimage"},"thumbnailUrl":"https:\/\/abc-latina.com\/wp-content\/uploads\/2010\/11\/gabriela_mistral.jpg","datePublished":"2010-11-15T02:27:23+00:00","dateModified":"2026-04-30T16:25:21+00:00","description":"Gabriela Mistral, \u00e9crivain chilien, prix Nobel de lit\u00e9rature.","breadcrumb":{"@id":"https:\/\/abc-latina.com\/personnalites\/gabriela_mistral\/#breadcrumb"},"inLanguage":"fr-FR","potentialAction":[{"@type":"ReadAction","target":["https:\/\/abc-latina.com\/personnalites\/gabriela_mistral\/"]}]},{"@type":"ImageObject","inLanguage":"fr-FR","@id":"https:\/\/abc-latina.com\/personnalites\/gabriela_mistral\/#primaryimage","url":"https:\/\/abc-latina.com\/wp-content\/uploads\/2010\/11\/gabriela_mistral.jpg","contentUrl":"https:\/\/abc-latina.com\/wp-content\/uploads\/2010\/11\/gabriela_mistral.jpg","width":200,"height":195,"caption":"GABRIELA MISTRAL"},{"@type":"BreadcrumbList","@id":"https:\/\/abc-latina.com\/personnalites\/gabriela_mistral\/#breadcrumb","itemListElement":[{"@type":"ListItem","position":1,"name":"Accueil","item":"https:\/\/abc-latina.com\/"},{"@type":"ListItem","position":2,"name":"GABRIELA MISTRAL"}]},{"@type":"WebSite","@id":"https:\/\/abc-latina.com\/#website","url":"https:\/\/abc-latina.com\/","name":"Abc-latina","description":"","publisher":{"@id":"https:\/\/abc-latina.com\/#organization"},"potentialAction":[{"@type":"SearchAction","target":{"@type":"EntryPoint","urlTemplate":"https:\/\/abc-latina.com\/?s={search_term_string}"},"query-input":{"@type":"PropertyValueSpecification","valueRequired":true,"valueName":"search_term_string"}}],"inLanguage":"fr-FR"},{"@type":"Organization","@id":"https:\/\/abc-latina.com\/#organization","name":"Abc-latina","url":"https:\/\/abc-latina.com\/","logo":{"@type":"ImageObject","inLanguage":"fr-FR","@id":"https:\/\/abc-latina.com\/#\/schema\/logo\/image\/","url":"https:\/\/abc-latina.com\/wp-content\/uploads\/2026\/05\/cropped-logo.gif","contentUrl":"https:\/\/abc-latina.com\/wp-content\/uploads\/2026\/05\/cropped-logo.gif","width":89,"height":84,"caption":"Abc-latina"},"image":{"@id":"https:\/\/abc-latina.com\/#\/schema\/logo\/image\/"}}]}},"_links":{"self":[{"href":"https:\/\/abc-latina.com\/wp-json\/wp\/v2\/pages\/2556","targetHints":{"allow":["GET"]}}],"collection":[{"href":"https:\/\/abc-latina.com\/wp-json\/wp\/v2\/pages"}],"about":[{"href":"https:\/\/abc-latina.com\/wp-json\/wp\/v2\/types\/page"}],"author":[{"embeddable":true,"href":"https:\/\/abc-latina.com\/wp-json\/wp\/v2\/users\/3"}],"replies":[{"embeddable":true,"href":"https:\/\/abc-latina.com\/wp-json\/wp\/v2\/comments?post=2556"}],"version-history":[{"count":1,"href":"https:\/\/abc-latina.com\/wp-json\/wp\/v2\/pages\/2556\/revisions"}],"predecessor-version":[{"id":3829,"href":"https:\/\/abc-latina.com\/wp-json\/wp\/v2\/pages\/2556\/revisions\/3829"}],"up":[{"embeddable":true,"href":"https:\/\/abc-latina.com\/wp-json\/wp\/v2\/pages\/2633"}],"wp:featuredmedia":[{"embeddable":true,"href":"https:\/\/abc-latina.com\/wp-json\/wp\/v2\/media\/2555"}],"wp:attachment":[{"href":"https:\/\/abc-latina.com\/wp-json\/wp\/v2\/media?parent=2556"}],"curies":[{"name":"wp","href":"https:\/\/api.w.org\/{rel}","templated":true}]}}