{"id":256,"date":"2010-06-04T03:12:27","date_gmt":"2010-06-04T01:12:27","guid":{"rendered":"http:\/\/abc-latina.com\/parque_rincon-vieja-htm\/"},"modified":"2018-06-12T11:25:08","modified_gmt":"2018-06-12T09:25:08","slug":"parque_rincon-vieja","status":"publish","type":"page","link":"https:\/\/abc-latina.com\/costarica\/parque_rincon-vieja\/","title":{"rendered":"PARQUE NACIONAL RINC\u00d3N DE LA VIEJA"},"content":{"rendered":"<div>Tout simplement l&rsquo;un des plus beaux parcs du Costa Rica, le <span class=\"tourisme-chapitre\">Parque Nacional Rinc\u00f3n de la Vieja<\/span> a vraiment tout pour plaire aux amants de la nature et aux adeptes de la randonn\u00e9e p\u00e9destre. Chose curieuse, il n&rsquo;est que le neuvi\u00e8me parc le plus visit\u00e9 du pays. Vous y trouverez des paysages magnifiques, des points de vue \u00e9poustouflants, un volcan qui a du caract\u00e8re, des rivi\u00e8res apaisantes, des chutes spectaculaires, des eaux thermales relaxantes, des lieux de baignade, des aires de pique-nique, des terrains de camping, des sentiers bien balis\u00e9s ainsi qu&rsquo;une documentation bien d\u00e9taill\u00e9e.<\/div>\n<div>&nbsp;<\/div>\n<div>Le Parque Nacional Rinc\u00f3n de la Vieja, d&rsquo;une superficie de 14084 ha, s&rsquo;\u00e9tend \u00e0 environ 25 km au nord-est de la ville de Liberia, capitale de la province du Guanacaste. Il est divis\u00e9 en deux secteurs, Las Pailas et Santa Mar\u00eda, qui sont \u00e9loign\u00e9s l&rsquo;un de l&rsquo;autre d&rsquo;environ 8 km. Le parc fut cr\u00e9\u00e9 le 23 octobre 1973 dans le but de prot\u00e9ger les nombreuses sources d&rsquo;eau qui alimentent une partie de la province ainsi que la grande diversit\u00e9 florale et faunique qu&rsquo;on y trouve.<\/div>\n<div>&nbsp;<\/div>\n<div>Le volcan Rinc\u00f3n de la Vieja, compos\u00e9 de neuf crat\u00e8res, a depuis toujours fait parler de lui. Ainsi, \u00e0 une \u00e9poque lointaine, il est dit que le volcan \u00e9tait si souvent en \u00e9ruption qu&rsquo;il servait de phare aux navigateurs qui longeaient la c\u00f4te du Pacifique! Mais plus vraisemblables sans doute sont les premiers rapports d&rsquo;observation, datant de 1851, faisant \u00e9tat d&rsquo;\u00e9ruptions, de cendres et de fum\u00e9e. Au fil des d\u00e9cennies, de nombreuses \u00e9ruptions sans gravit\u00e9 furent ainsi rapport\u00e9es. Puis, autour de 1967, des \u00e9ruptions plus s\u00e9rieuses, impliquant des chutes de pierres d&rsquo;assez bonnes dimensions (jusqu&rsquo;\u00e0 2kg), firent craindre le pire aux habitants des environs imm\u00e9diats du volcan. Plusieurs for\u00eats et pr\u00e9s furent d\u00e9truits, et certaines rivi\u00e8res furent pollu\u00e9es par les \u00e9missions de gaz toxiques.<\/div>\n<div>&nbsp;<\/div>\n<div><a href=\"..\/tour_operateur\" target=\"_blank\"><img loading=\"lazy\" decoding=\"async\" class=\" size-full wp-image-41\" alt=\"\" class=\"touroperateur\" src=\"http:\/\/abc-latina.com\/wp-content\/uploads\/2010\/04\/timbre_to.gif\" width=\"125\" height=\"90\" \/><\/a>En 1983 et 1984, puis en 1991 et de nouveau en 1995, d&rsquo;autres \u00e9ruptions confirm\u00e8rent que le volcan &laquo;crachait&raquo; r\u00e9guli\u00e8rement, comme s&rsquo;il voulait signifier qu&rsquo;il peut, \u00e0 tout moment, se d\u00e9cha\u00eener. La derni\u00e8re \u00e9ruption en date se produisit au printemps 1998 et affecta davantage le versant nord, soit celui donnant sur le Nicaragua, ce versant \u00e9tant une zone quasi inhabit\u00e9e.<\/div>\n<div>&nbsp;<\/div>\n<div>Les diff\u00e9rents niveaux d&rsquo;altitude du parc, qui vont de 600 m \u00e0 pr\u00e8s de 2 000 m, favorisent une flore des plus diversifi\u00e9es. Les nombreuses pr\u00e9cipitations d&rsquo;eau et les cendres volcaniques contribuent \u00e9galement au d\u00e9veloppement de cette richesse naturelle. Entre 600 m et 1 200 m d&rsquo;altitude, se trouve la for\u00eat s\u00e8che, compos\u00e9e, entre autres, d&rsquo;essences telles que le guanacaste (Enterolobium cyclocarpum), le laurel (Cedrela odorata) et le cedro amargo (Cedrela odonta). Entre 1 200 m et 1400m d&rsquo;altitude, la for\u00eat humide re\u00e7oit une pluie abondante et l&rsquo;on y observe de nombreux copeys (Clusia rosea), arbres bien adapt\u00e9s \u00e0 cette r\u00e9gion. Au-del\u00e0 de 1400m d&rsquo;altitude, les arbres deviennent rabougris, puis font place aux arbustes et aux tapis de mousse.<\/div>\n<div>&nbsp;<\/div>\n<div>La faune du parc est tout aussi vari\u00e9e que fascinante. Avec un peu de chance, et si vous demeurez silencieux, vous pourrez voir des iguanes, des agoutis, des coatis, des singes hurleurs, des singes capucins \u00e0 face blanche et des singes-araign\u00e9es. Plus difficilement observables, mais quand m\u00eame pr\u00e9sents dans le parc, se trouvent des armadillos (tatous), des tapirs de Baird, des p\u00e9caris, des ocelots, des pumas et des jaguars. La faune ail\u00e9e est \u00e9galement bien repr\u00e9sent\u00e9e, avec quelque 300 esp\u00e8ces, notamment des perroquets, des toucans, des trogons (parfois le quetzal), des oiseaux-mouches, des colombes, des pics, des hiboux et des aigles. Vous y surprendrez aussi de superbes papillons.<\/div>\n<div>&nbsp;<\/div>\n<h3>Pr\u00e9parez votre voyage au Rincon de la vieja:<\/h3>\n<div><a href=\"https:\/\/www.abc-latina.com\/costarica\/agence_de_voyages\">Agences de voyage g\u00e9n\u00e9ralistes et discounteurs<\/a><\/div>\n<div><a href=\"https:\/\/www.abc-latina.com\/costarica\/tour_operateur\">Tours Op\u00e9rateurs sp\u00e9cialistes du Costa Rica<\/a><\/div>\n<div><a href=\"https:\/\/www.abc-latina.com\/to\/reservation_billet_avion\" target=\"_blank\">R\u00e9servez votre billet d&rsquo;avion<\/a><\/div>\n<div><a href=\"https:\/\/www.abc-latina.com\/costarica\/hotels\">R\u00e9servez votre h\u00f4tel au Costa Rica<\/a>&nbsp;<\/div>\n<div><a href=\"https:\/\/www.abc-latina.com\/to\/location_de_voiture_costa_rica\" target=\"_blank\">Location de voiture<\/a><\/div>\n","protected":false},"excerpt":{"rendered":"<p>Tout simplement l&rsquo;un des plus beaux parcs du Costa Rica, le Parque Nacional Rinc\u00f3n de la Vieja a vraiment tout [&hellip;]<\/p>\n","protected":false},"author":3,"featured_media":41,"parent":2300,"menu_order":0,"comment_status":"closed","ping_status":"closed","template":"","meta":{"site-sidebar-layout":"default","site-content-layout":"","ast-site-content-layout":"default","site-content-style":"default","site-sidebar-style":"default","ast-global-header-display":"","ast-banner-title-visibility":"","ast-main-header-display":"","ast-hfb-above-header-display":"","ast-hfb-below-header-display":"","ast-hfb-mobile-header-display":"","site-post-title":"","ast-breadcrumbs-content":"","ast-featured-img":"","footer-sml-layout":"","ast-disable-related-posts":"","theme-transparent-header-meta":"","adv-header-id-meta":"","stick-header-meta":"","header-above-stick-meta":"","header-main-stick-meta":"","header-below-stick-meta":"","astra-migrate-meta-layouts":"default","ast-page-background-enabled":"default","ast-page-background-meta":{"desktop":{"background-color":"var(--ast-global-color-5)","background-image":"","background-repeat":"repeat","background-position":"center center","background-size":"auto","background-attachment":"scroll","background-type":"","background-media":"","overlay-type":"","overlay-color":"","overlay-opacity":"","overlay-gradient":""},"tablet":{"background-color":"","background-image":"","background-repeat":"repeat","background-position":"center center","background-size":"auto","background-attachment":"scroll","background-type":"","background-media":"","overlay-type":"","overlay-color":"","overlay-opacity":"","overlay-gradient":""},"mobile":{"background-color":"","background-image":"","background-repeat":"repeat","background-position":"center center","background-size":"auto","background-attachment":"scroll","background-type":"","background-media":"","overlay-type":"","overlay-color":"","overlay-opacity":"","overlay-gradient":""}},"ast-content-background-meta":{"desktop":{"background-color":"var(--ast-global-color-4)","background-image":"","background-repeat":"repeat","background-position":"center center","background-size":"auto","background-attachment":"scroll","background-type":"","background-media":"","overlay-type":"","overlay-color":"","overlay-opacity":"","overlay-gradient":""},"tablet":{"background-color":"var(--ast-global-color-4)","background-image":"","background-repeat":"repeat","background-position":"center center","background-size":"auto","background-attachment":"scroll","background-type":"","background-media":"","overlay-type":"","overlay-color":"","overlay-opacity":"","overlay-gradient":""},"mobile":{"background-color":"var(--ast-global-color-4)","background-image":"","background-repeat":"repeat","background-position":"center center","background-size":"auto","background-attachment":"scroll","background-type":"","background-media":"","overlay-type":"","overlay-color":"","overlay-opacity":"","overlay-gradient":""}},"footnotes":""},"class_list":["post-256","page","type-page","status-publish","has-post-thumbnail","hentry"],"yoast_head":"<!-- This site is optimized with the Yoast SEO plugin v27.5 - https:\/\/yoast.com\/product\/yoast-seo-wordpress\/ -->\n<title>PARQUE NACIONAL RINC\u00d3N DE LA VIEJA - Abc-latina<\/title>\n<meta name=\"description\" content=\"Voyage au Costa Rica, visite du Parque national Rincon de la Vieja.\" \/>\n<meta name=\"robots\" content=\"index, follow, max-snippet:-1, max-image-preview:large, max-video-preview:-1\" \/>\n<link rel=\"canonical\" href=\"https:\/\/abc-latina.com\/costarica\/parque_rincon-vieja\/\" \/>\n<meta property=\"og:locale\" content=\"fr_FR\" \/>\n<meta property=\"og:type\" content=\"article\" \/>\n<meta property=\"og:title\" content=\"PARQUE NACIONAL RINC\u00d3N DE LA VIEJA - Abc-latina\" \/>\n<meta property=\"og:description\" content=\"Voyage au Costa Rica, visite du Parque national Rincon de la Vieja.\" \/>\n<meta property=\"og:url\" content=\"https:\/\/abc-latina.com\/costarica\/parque_rincon-vieja\/\" \/>\n<meta property=\"og:site_name\" content=\"Abc-latina\" \/>\n<meta property=\"article:modified_time\" content=\"2018-06-12T09:25:08+00:00\" \/>\n<meta property=\"og:image\" content=\"https:\/\/abc-latina.com\/wp-content\/uploads\/2010\/04\/timbre_to.gif\" \/>\n\t<meta property=\"og:image:width\" content=\"125\" \/>\n\t<meta property=\"og:image:height\" content=\"90\" \/>\n\t<meta property=\"og:image:type\" content=\"image\/gif\" \/>\n<meta name=\"twitter:card\" content=\"summary_large_image\" \/>\n<meta name=\"twitter:label1\" content=\"Dur\u00e9e de lecture estim\u00e9e\" \/>\n\t<meta name=\"twitter:data1\" content=\"3 minutes\" \/>\n<script type=\"application\/ld+json\" class=\"yoast-schema-graph\">{\"@context\":\"https:\\\/\\\/schema.org\",\"@graph\":[{\"@type\":\"WebPage\",\"@id\":\"https:\\\/\\\/abc-latina.com\\\/costarica\\\/parque_rincon-vieja\\\/\",\"url\":\"https:\\\/\\\/abc-latina.com\\\/costarica\\\/parque_rincon-vieja\\\/\",\"name\":\"PARQUE NACIONAL RINC\u00d3N DE LA VIEJA - Abc-latina\",\"isPartOf\":{\"@id\":\"https:\\\/\\\/abc-latina.com\\\/#website\"},\"primaryImageOfPage\":{\"@id\":\"https:\\\/\\\/abc-latina.com\\\/costarica\\\/parque_rincon-vieja\\\/#primaryimage\"},\"image\":{\"@id\":\"https:\\\/\\\/abc-latina.com\\\/costarica\\\/parque_rincon-vieja\\\/#primaryimage\"},\"thumbnailUrl\":\"https:\\\/\\\/abc-latina.com\\\/wp-content\\\/uploads\\\/2010\\\/04\\\/timbre_to.gif\",\"datePublished\":\"2010-06-04T01:12:27+00:00\",\"dateModified\":\"2018-06-12T09:25:08+00:00\",\"description\":\"Voyage au Costa Rica, visite du Parque national Rincon de la Vieja.\",\"breadcrumb\":{\"@id\":\"https:\\\/\\\/abc-latina.com\\\/costarica\\\/parque_rincon-vieja\\\/#breadcrumb\"},\"inLanguage\":\"fr-FR\",\"potentialAction\":[{\"@type\":\"ReadAction\",\"target\":[\"https:\\\/\\\/abc-latina.com\\\/costarica\\\/parque_rincon-vieja\\\/\"]}]},{\"@type\":\"ImageObject\",\"inLanguage\":\"fr-FR\",\"@id\":\"https:\\\/\\\/abc-latina.com\\\/costarica\\\/parque_rincon-vieja\\\/#primaryimage\",\"url\":\"https:\\\/\\\/abc-latina.com\\\/wp-content\\\/uploads\\\/2010\\\/04\\\/timbre_to.gif\",\"contentUrl\":\"https:\\\/\\\/abc-latina.com\\\/wp-content\\\/uploads\\\/2010\\\/04\\\/timbre_to.gif\",\"width\":125,\"height\":90},{\"@type\":\"BreadcrumbList\",\"@id\":\"https:\\\/\\\/abc-latina.com\\\/costarica\\\/parque_rincon-vieja\\\/#breadcrumb\",\"itemListElement\":[{\"@type\":\"ListItem\",\"position\":1,\"name\":\"Accueil\",\"item\":\"https:\\\/\\\/abc-latina.com\\\/\"},{\"@type\":\"ListItem\",\"position\":2,\"name\":\"PARQUE NACIONAL RINC\u00d3N DE LA VIEJA\"}]},{\"@type\":\"WebSite\",\"@id\":\"https:\\\/\\\/abc-latina.com\\\/#website\",\"url\":\"https:\\\/\\\/abc-latina.com\\\/\",\"name\":\"Abc-latina\",\"description\":\"\",\"publisher\":{\"@id\":\"https:\\\/\\\/abc-latina.com\\\/#organization\"},\"potentialAction\":[{\"@type\":\"SearchAction\",\"target\":{\"@type\":\"EntryPoint\",\"urlTemplate\":\"https:\\\/\\\/abc-latina.com\\\/?s={search_term_string}\"},\"query-input\":{\"@type\":\"PropertyValueSpecification\",\"valueRequired\":true,\"valueName\":\"search_term_string\"}}],\"inLanguage\":\"fr-FR\"},{\"@type\":\"Organization\",\"@id\":\"https:\\\/\\\/abc-latina.com\\\/#organization\",\"name\":\"Abc-latina\",\"url\":\"https:\\\/\\\/abc-latina.com\\\/\",\"logo\":{\"@type\":\"ImageObject\",\"inLanguage\":\"fr-FR\",\"@id\":\"https:\\\/\\\/abc-latina.com\\\/#\\\/schema\\\/logo\\\/image\\\/\",\"url\":\"https:\\\/\\\/abc-latina.com\\\/wp-content\\\/uploads\\\/2026\\\/05\\\/cropped-logo.gif\",\"contentUrl\":\"https:\\\/\\\/abc-latina.com\\\/wp-content\\\/uploads\\\/2026\\\/05\\\/cropped-logo.gif\",\"width\":89,\"height\":84,\"caption\":\"Abc-latina\"},\"image\":{\"@id\":\"https:\\\/\\\/abc-latina.com\\\/#\\\/schema\\\/logo\\\/image\\\/\"}}]}<\/script>\n<!-- \/ Yoast SEO plugin. -->","yoast_head_json":{"title":"PARQUE NACIONAL RINC\u00d3N DE LA VIEJA - Abc-latina","description":"Voyage au Costa Rica, visite du Parque national Rincon de la Vieja.","robots":{"index":"index","follow":"follow","max-snippet":"max-snippet:-1","max-image-preview":"max-image-preview:large","max-video-preview":"max-video-preview:-1"},"canonical":"https:\/\/abc-latina.com\/costarica\/parque_rincon-vieja\/","og_locale":"fr_FR","og_type":"article","og_title":"PARQUE NACIONAL RINC\u00d3N DE LA VIEJA - Abc-latina","og_description":"Voyage au Costa Rica, visite du Parque national Rincon de la Vieja.","og_url":"https:\/\/abc-latina.com\/costarica\/parque_rincon-vieja\/","og_site_name":"Abc-latina","article_modified_time":"2018-06-12T09:25:08+00:00","og_image":[{"width":125,"height":90,"url":"https:\/\/abc-latina.com\/wp-content\/uploads\/2010\/04\/timbre_to.gif","type":"image\/gif"}],"twitter_card":"summary_large_image","twitter_misc":{"Dur\u00e9e de lecture estim\u00e9e":"3 minutes"},"schema":{"@context":"https:\/\/schema.org","@graph":[{"@type":"WebPage","@id":"https:\/\/abc-latina.com\/costarica\/parque_rincon-vieja\/","url":"https:\/\/abc-latina.com\/costarica\/parque_rincon-vieja\/","name":"PARQUE NACIONAL RINC\u00d3N DE LA VIEJA - Abc-latina","isPartOf":{"@id":"https:\/\/abc-latina.com\/#website"},"primaryImageOfPage":{"@id":"https:\/\/abc-latina.com\/costarica\/parque_rincon-vieja\/#primaryimage"},"image":{"@id":"https:\/\/abc-latina.com\/costarica\/parque_rincon-vieja\/#primaryimage"},"thumbnailUrl":"https:\/\/abc-latina.com\/wp-content\/uploads\/2010\/04\/timbre_to.gif","datePublished":"2010-06-04T01:12:27+00:00","dateModified":"2018-06-12T09:25:08+00:00","description":"Voyage au Costa Rica, visite du Parque national Rincon de la Vieja.","breadcrumb":{"@id":"https:\/\/abc-latina.com\/costarica\/parque_rincon-vieja\/#breadcrumb"},"inLanguage":"fr-FR","potentialAction":[{"@type":"ReadAction","target":["https:\/\/abc-latina.com\/costarica\/parque_rincon-vieja\/"]}]},{"@type":"ImageObject","inLanguage":"fr-FR","@id":"https:\/\/abc-latina.com\/costarica\/parque_rincon-vieja\/#primaryimage","url":"https:\/\/abc-latina.com\/wp-content\/uploads\/2010\/04\/timbre_to.gif","contentUrl":"https:\/\/abc-latina.com\/wp-content\/uploads\/2010\/04\/timbre_to.gif","width":125,"height":90},{"@type":"BreadcrumbList","@id":"https:\/\/abc-latina.com\/costarica\/parque_rincon-vieja\/#breadcrumb","itemListElement":[{"@type":"ListItem","position":1,"name":"Accueil","item":"https:\/\/abc-latina.com\/"},{"@type":"ListItem","position":2,"name":"PARQUE NACIONAL RINC\u00d3N DE LA VIEJA"}]},{"@type":"WebSite","@id":"https:\/\/abc-latina.com\/#website","url":"https:\/\/abc-latina.com\/","name":"Abc-latina","description":"","publisher":{"@id":"https:\/\/abc-latina.com\/#organization"},"potentialAction":[{"@type":"SearchAction","target":{"@type":"EntryPoint","urlTemplate":"https:\/\/abc-latina.com\/?s={search_term_string}"},"query-input":{"@type":"PropertyValueSpecification","valueRequired":true,"valueName":"search_term_string"}}],"inLanguage":"fr-FR"},{"@type":"Organization","@id":"https:\/\/abc-latina.com\/#organization","name":"Abc-latina","url":"https:\/\/abc-latina.com\/","logo":{"@type":"ImageObject","inLanguage":"fr-FR","@id":"https:\/\/abc-latina.com\/#\/schema\/logo\/image\/","url":"https:\/\/abc-latina.com\/wp-content\/uploads\/2026\/05\/cropped-logo.gif","contentUrl":"https:\/\/abc-latina.com\/wp-content\/uploads\/2026\/05\/cropped-logo.gif","width":89,"height":84,"caption":"Abc-latina"},"image":{"@id":"https:\/\/abc-latina.com\/#\/schema\/logo\/image\/"}}]}},"_links":{"self":[{"href":"https:\/\/abc-latina.com\/wp-json\/wp\/v2\/pages\/256","targetHints":{"allow":["GET"]}}],"collection":[{"href":"https:\/\/abc-latina.com\/wp-json\/wp\/v2\/pages"}],"about":[{"href":"https:\/\/abc-latina.com\/wp-json\/wp\/v2\/types\/page"}],"author":[{"embeddable":true,"href":"https:\/\/abc-latina.com\/wp-json\/wp\/v2\/users\/3"}],"replies":[{"embeddable":true,"href":"https:\/\/abc-latina.com\/wp-json\/wp\/v2\/comments?post=256"}],"version-history":[{"count":0,"href":"https:\/\/abc-latina.com\/wp-json\/wp\/v2\/pages\/256\/revisions"}],"up":[{"embeddable":true,"href":"https:\/\/abc-latina.com\/wp-json\/wp\/v2\/pages\/2300"}],"wp:featuredmedia":[{"embeddable":true,"href":"https:\/\/abc-latina.com\/wp-json\/wp\/v2\/media\/41"}],"wp:attachment":[{"href":"https:\/\/abc-latina.com\/wp-json\/wp\/v2\/media?parent=256"}],"curies":[{"name":"wp","href":"https:\/\/api.w.org\/{rel}","templated":true}]}}