{"id":2570,"date":"2010-11-27T17:55:42","date_gmt":"2010-11-27T16:55:42","guid":{"rendered":"http:\/\/abc-latina.com\/charango-php\/"},"modified":"2026-04-30T18:25:09","modified_gmt":"2026-04-30T16:25:09","slug":"charango","status":"publish","type":"page","link":"https:\/\/abc-latina.com\/index\/charango\/","title":{"rendered":"Le CHARANGO"},"content":{"rendered":"<div style=\"text-align: center;\"><img loading=\"lazy\" decoding=\"async\" class=\" size-full wp-image-2569\" src=\"http:\/\/abc-latina.com\/wp-content\/uploads\/2010\/11\/charango-bolivien-1.jpg\" title=\"LE CHARANGO\" alt=\"\" width=\"400\" height=\"300\" srcset=\"https:\/\/abc-latina.com\/wp-content\/uploads\/2010\/11\/charango-bolivien-1.jpg 400w, https:\/\/abc-latina.com\/wp-content\/uploads\/2010\/11\/charango-bolivien-1-300x225.jpg 300w\" sizes=\"auto, (max-width: 400px) 100vw, 400px\" \/><\/div>\n<div>&nbsp;<\/div>\n<div>Le charango est un instrument de musique \u00e0 cordes pinc\u00e9es inspir\u00e9 de la guitare et originaire de Bolivie, de la ville de Potos\u00ed, au XVIIe si\u00e8cle. Suite \u00e0 l&rsquo;arriv\u00e9e des Espagnols en Am\u00e9rique, les indig\u00e8nes s&rsquo;inspir\u00e8rent de la guitarrilla ou du timple pour cr\u00e9er ce petit instrument qui s&rsquo;est r\u00e9pandu dans tous les pays andins : Argentine, Chili, P\u00e9rou.<\/div>\n<div>&nbsp;<\/div>\n<div>Les premiers charangos \u00e9taient construits en utilisant une carapace de tatous de petite taille, appel\u00e9s en indien kirkincho, comme caisse de r\u00e9sonance. Cette pratique se poursuit bien que certaines races de tatous soient prot\u00e9g\u00e9es. Cependant, l&rsquo;utilisation du bois pour la caisse de r\u00e9sonance est de plus en plus fr\u00e9quente, les meilleurs charangos en \u00e9tant con\u00e7us d&rsquo;une seule pi\u00e8ce.<\/div>\n<div>&nbsp;<\/div>\n<div>Il est mont\u00e9 de dix cordes (cinq doubl\u00e9es) en nylon (voire en boyaux ou en m\u00e9tal) accord\u00e9 le plus souvent en sol-sol, do-do, mi-MI, la-la, mi-mi, de la dixi\u00e8me corde vers la premi\u00e8re corde, chaque ch\u0153urs \u00e9tant accord\u00e9 \u00e0 l&rsquo;unisson, \u00e0 l&rsquo;exception du mi des 3e cordes qui ont une octave de diff\u00e9rence. L&rsquo;ordre des cordes est atypique : la corde la plus grave est donc le MI (corde 3a), puis sol (5e cordes), la (2e cordes), do (4e cordes) et mi (1res cordes et corde 3b). Le chevillier peut \u00eatre soit \u00e0 l&rsquo;ancienne, soit moderne, avec des chevilles soit \u00e0 friction, soit \u00e0 m\u00e9canisme. Le manche est frett\u00e9s.<\/div>\n<div>&nbsp;<\/div>\n<div><a href=\"https:\/\/www.abc-latina.com\/musique\/photos-instruments-musique\/photos-charango.php\">Photos du charango<\/a><\/div>\n<p>&nbsp;<\/p>\n","protected":false},"excerpt":{"rendered":"<p>&nbsp; Le charango est un instrument de musique \u00e0 cordes pinc\u00e9es inspir\u00e9 de la guitare et originaire de Bolivie, de [&hellip;]<\/p>\n","protected":false},"author":3,"featured_media":2569,"parent":2566,"menu_order":0,"comment_status":"closed","ping_status":"closed","template":"","meta":{"site-sidebar-layout":"default","site-content-layout":"","ast-site-content-layout":"default","site-content-style":"default","site-sidebar-style":"default","ast-global-header-display":"","ast-banner-title-visibility":"","ast-main-header-display":"","ast-hfb-above-header-display":"","ast-hfb-below-header-display":"","ast-hfb-mobile-header-display":"","site-post-title":"","ast-breadcrumbs-content":"","ast-featured-img":"","footer-sml-layout":"","ast-disable-related-posts":"","theme-transparent-header-meta":"","adv-header-id-meta":"","stick-header-meta":"","header-above-stick-meta":"","header-main-stick-meta":"","header-below-stick-meta":"","astra-migrate-meta-layouts":"default","ast-page-background-enabled":"default","ast-page-background-meta":{"desktop":{"background-color":"var(--ast-global-color-5)","background-image":"","background-repeat":"repeat","background-position":"center center","background-size":"auto","background-attachment":"scroll","background-type":"","background-media":"","overlay-type":"","overlay-color":"","overlay-opacity":"","overlay-gradient":""},"tablet":{"background-color":"","background-image":"","background-repeat":"repeat","background-position":"center center","background-size":"auto","background-attachment":"scroll","background-type":"","background-media":"","overlay-type":"","overlay-color":"","overlay-opacity":"","overlay-gradient":""},"mobile":{"background-color":"","background-image":"","background-repeat":"repeat","background-position":"center center","background-size":"auto","background-attachment":"scroll","background-type":"","background-media":"","overlay-type":"","overlay-color":"","overlay-opacity":"","overlay-gradient":""}},"ast-content-background-meta":{"desktop":{"background-color":"var(--ast-global-color-4)","background-image":"","background-repeat":"repeat","background-position":"center center","background-size":"auto","background-attachment":"scroll","background-type":"","background-media":"","overlay-type":"","overlay-color":"","overlay-opacity":"","overlay-gradient":""},"tablet":{"background-color":"var(--ast-global-color-4)","background-image":"","background-repeat":"repeat","background-position":"center center","background-size":"auto","background-attachment":"scroll","background-type":"","background-media":"","overlay-type":"","overlay-color":"","overlay-opacity":"","overlay-gradient":""},"mobile":{"background-color":"var(--ast-global-color-4)","background-image":"","background-repeat":"repeat","background-position":"center center","background-size":"auto","background-attachment":"scroll","background-type":"","background-media":"","overlay-type":"","overlay-color":"","overlay-opacity":"","overlay-gradient":""}},"footnotes":""},"class_list":["post-2570","page","type-page","status-publish","has-post-thumbnail","hentry"],"yoast_head":"<!-- This site is optimized with the Yoast SEO plugin v27.5 - https:\/\/yoast.com\/product\/yoast-seo-wordpress\/ -->\n<title>Le CHARANGO - Abc-latina<\/title>\n<meta name=\"description\" content=\"Les instruments de musiques traditionnelles d&#039;Am\u00e9rique latine: le charango.\" \/>\n<meta name=\"robots\" content=\"index, follow, max-snippet:-1, max-image-preview:large, max-video-preview:-1\" \/>\n<link rel=\"canonical\" href=\"https:\/\/abc-latina.com\/index\/charango\/\" \/>\n<meta property=\"og:locale\" content=\"fr_FR\" \/>\n<meta property=\"og:type\" content=\"article\" \/>\n<meta property=\"og:title\" content=\"Le CHARANGO - Abc-latina\" \/>\n<meta property=\"og:description\" content=\"Les instruments de musiques traditionnelles d&#039;Am\u00e9rique latine: le charango.\" \/>\n<meta property=\"og:url\" content=\"https:\/\/abc-latina.com\/index\/charango\/\" \/>\n<meta property=\"og:site_name\" content=\"Abc-latina\" \/>\n<meta property=\"article:modified_time\" content=\"2026-04-30T16:25:09+00:00\" \/>\n<meta property=\"og:image\" content=\"https:\/\/abc-latina.com\/wp-content\/uploads\/2010\/11\/charango-bolivien-1.jpg\" \/>\n\t<meta property=\"og:image:width\" content=\"400\" \/>\n\t<meta property=\"og:image:height\" content=\"300\" \/>\n\t<meta property=\"og:image:type\" content=\"image\/jpeg\" \/>\n<meta name=\"twitter:card\" content=\"summary_large_image\" \/>\n<meta name=\"twitter:label1\" content=\"Dur\u00e9e de lecture estim\u00e9e\" \/>\n\t<meta name=\"twitter:data1\" content=\"1 minute\" \/>\n<script type=\"application\/ld+json\" class=\"yoast-schema-graph\">{\"@context\":\"https:\\\/\\\/schema.org\",\"@graph\":[{\"@type\":\"WebPage\",\"@id\":\"https:\\\/\\\/abc-latina.com\\\/index\\\/charango\\\/\",\"url\":\"https:\\\/\\\/abc-latina.com\\\/index\\\/charango\\\/\",\"name\":\"Le CHARANGO - Abc-latina\",\"isPartOf\":{\"@id\":\"https:\\\/\\\/abc-latina.com\\\/#website\"},\"primaryImageOfPage\":{\"@id\":\"https:\\\/\\\/abc-latina.com\\\/index\\\/charango\\\/#primaryimage\"},\"image\":{\"@id\":\"https:\\\/\\\/abc-latina.com\\\/index\\\/charango\\\/#primaryimage\"},\"thumbnailUrl\":\"https:\\\/\\\/abc-latina.com\\\/wp-content\\\/uploads\\\/2010\\\/11\\\/charango-bolivien-1.jpg\",\"datePublished\":\"2010-11-27T16:55:42+00:00\",\"dateModified\":\"2026-04-30T16:25:09+00:00\",\"description\":\"Les instruments de musiques traditionnelles d'Am\u00e9rique latine: le charango.\",\"breadcrumb\":{\"@id\":\"https:\\\/\\\/abc-latina.com\\\/index\\\/charango\\\/#breadcrumb\"},\"inLanguage\":\"fr-FR\",\"potentialAction\":[{\"@type\":\"ReadAction\",\"target\":[\"https:\\\/\\\/abc-latina.com\\\/index\\\/charango\\\/\"]}]},{\"@type\":\"ImageObject\",\"inLanguage\":\"fr-FR\",\"@id\":\"https:\\\/\\\/abc-latina.com\\\/index\\\/charango\\\/#primaryimage\",\"url\":\"https:\\\/\\\/abc-latina.com\\\/wp-content\\\/uploads\\\/2010\\\/11\\\/charango-bolivien-1.jpg\",\"contentUrl\":\"https:\\\/\\\/abc-latina.com\\\/wp-content\\\/uploads\\\/2010\\\/11\\\/charango-bolivien-1.jpg\",\"width\":400,\"height\":300,\"caption\":\"LE CHARANGO\"},{\"@type\":\"BreadcrumbList\",\"@id\":\"https:\\\/\\\/abc-latina.com\\\/index\\\/charango\\\/#breadcrumb\",\"itemListElement\":[{\"@type\":\"ListItem\",\"position\":1,\"name\":\"Accueil\",\"item\":\"https:\\\/\\\/abc-latina.com\\\/\"},{\"@type\":\"ListItem\",\"position\":2,\"name\":\"Le CHARANGO\"}]},{\"@type\":\"WebSite\",\"@id\":\"https:\\\/\\\/abc-latina.com\\\/#website\",\"url\":\"https:\\\/\\\/abc-latina.com\\\/\",\"name\":\"Abc-latina\",\"description\":\"\",\"publisher\":{\"@id\":\"https:\\\/\\\/abc-latina.com\\\/#organization\"},\"potentialAction\":[{\"@type\":\"SearchAction\",\"target\":{\"@type\":\"EntryPoint\",\"urlTemplate\":\"https:\\\/\\\/abc-latina.com\\\/?s={search_term_string}\"},\"query-input\":{\"@type\":\"PropertyValueSpecification\",\"valueRequired\":true,\"valueName\":\"search_term_string\"}}],\"inLanguage\":\"fr-FR\"},{\"@type\":\"Organization\",\"@id\":\"https:\\\/\\\/abc-latina.com\\\/#organization\",\"name\":\"Abc-latina\",\"url\":\"https:\\\/\\\/abc-latina.com\\\/\",\"logo\":{\"@type\":\"ImageObject\",\"inLanguage\":\"fr-FR\",\"@id\":\"https:\\\/\\\/abc-latina.com\\\/#\\\/schema\\\/logo\\\/image\\\/\",\"url\":\"https:\\\/\\\/abc-latina.com\\\/wp-content\\\/uploads\\\/2026\\\/05\\\/cropped-logo.gif\",\"contentUrl\":\"https:\\\/\\\/abc-latina.com\\\/wp-content\\\/uploads\\\/2026\\\/05\\\/cropped-logo.gif\",\"width\":89,\"height\":84,\"caption\":\"Abc-latina\"},\"image\":{\"@id\":\"https:\\\/\\\/abc-latina.com\\\/#\\\/schema\\\/logo\\\/image\\\/\"}}]}<\/script>\n<!-- \/ Yoast SEO plugin. -->","yoast_head_json":{"title":"Le CHARANGO - Abc-latina","description":"Les instruments de musiques traditionnelles d'Am\u00e9rique latine: le charango.","robots":{"index":"index","follow":"follow","max-snippet":"max-snippet:-1","max-image-preview":"max-image-preview:large","max-video-preview":"max-video-preview:-1"},"canonical":"https:\/\/abc-latina.com\/index\/charango\/","og_locale":"fr_FR","og_type":"article","og_title":"Le CHARANGO - Abc-latina","og_description":"Les instruments de musiques traditionnelles d'Am\u00e9rique latine: le charango.","og_url":"https:\/\/abc-latina.com\/index\/charango\/","og_site_name":"Abc-latina","article_modified_time":"2026-04-30T16:25:09+00:00","og_image":[{"width":400,"height":300,"url":"https:\/\/abc-latina.com\/wp-content\/uploads\/2010\/11\/charango-bolivien-1.jpg","type":"image\/jpeg"}],"twitter_card":"summary_large_image","twitter_misc":{"Dur\u00e9e de lecture estim\u00e9e":"1 minute"},"schema":{"@context":"https:\/\/schema.org","@graph":[{"@type":"WebPage","@id":"https:\/\/abc-latina.com\/index\/charango\/","url":"https:\/\/abc-latina.com\/index\/charango\/","name":"Le CHARANGO - Abc-latina","isPartOf":{"@id":"https:\/\/abc-latina.com\/#website"},"primaryImageOfPage":{"@id":"https:\/\/abc-latina.com\/index\/charango\/#primaryimage"},"image":{"@id":"https:\/\/abc-latina.com\/index\/charango\/#primaryimage"},"thumbnailUrl":"https:\/\/abc-latina.com\/wp-content\/uploads\/2010\/11\/charango-bolivien-1.jpg","datePublished":"2010-11-27T16:55:42+00:00","dateModified":"2026-04-30T16:25:09+00:00","description":"Les instruments de musiques traditionnelles d'Am\u00e9rique latine: le charango.","breadcrumb":{"@id":"https:\/\/abc-latina.com\/index\/charango\/#breadcrumb"},"inLanguage":"fr-FR","potentialAction":[{"@type":"ReadAction","target":["https:\/\/abc-latina.com\/index\/charango\/"]}]},{"@type":"ImageObject","inLanguage":"fr-FR","@id":"https:\/\/abc-latina.com\/index\/charango\/#primaryimage","url":"https:\/\/abc-latina.com\/wp-content\/uploads\/2010\/11\/charango-bolivien-1.jpg","contentUrl":"https:\/\/abc-latina.com\/wp-content\/uploads\/2010\/11\/charango-bolivien-1.jpg","width":400,"height":300,"caption":"LE CHARANGO"},{"@type":"BreadcrumbList","@id":"https:\/\/abc-latina.com\/index\/charango\/#breadcrumb","itemListElement":[{"@type":"ListItem","position":1,"name":"Accueil","item":"https:\/\/abc-latina.com\/"},{"@type":"ListItem","position":2,"name":"Le CHARANGO"}]},{"@type":"WebSite","@id":"https:\/\/abc-latina.com\/#website","url":"https:\/\/abc-latina.com\/","name":"Abc-latina","description":"","publisher":{"@id":"https:\/\/abc-latina.com\/#organization"},"potentialAction":[{"@type":"SearchAction","target":{"@type":"EntryPoint","urlTemplate":"https:\/\/abc-latina.com\/?s={search_term_string}"},"query-input":{"@type":"PropertyValueSpecification","valueRequired":true,"valueName":"search_term_string"}}],"inLanguage":"fr-FR"},{"@type":"Organization","@id":"https:\/\/abc-latina.com\/#organization","name":"Abc-latina","url":"https:\/\/abc-latina.com\/","logo":{"@type":"ImageObject","inLanguage":"fr-FR","@id":"https:\/\/abc-latina.com\/#\/schema\/logo\/image\/","url":"https:\/\/abc-latina.com\/wp-content\/uploads\/2026\/05\/cropped-logo.gif","contentUrl":"https:\/\/abc-latina.com\/wp-content\/uploads\/2026\/05\/cropped-logo.gif","width":89,"height":84,"caption":"Abc-latina"},"image":{"@id":"https:\/\/abc-latina.com\/#\/schema\/logo\/image\/"}}]}},"_links":{"self":[{"href":"https:\/\/abc-latina.com\/wp-json\/wp\/v2\/pages\/2570","targetHints":{"allow":["GET"]}}],"collection":[{"href":"https:\/\/abc-latina.com\/wp-json\/wp\/v2\/pages"}],"about":[{"href":"https:\/\/abc-latina.com\/wp-json\/wp\/v2\/types\/page"}],"author":[{"embeddable":true,"href":"https:\/\/abc-latina.com\/wp-json\/wp\/v2\/users\/3"}],"replies":[{"embeddable":true,"href":"https:\/\/abc-latina.com\/wp-json\/wp\/v2\/comments?post=2570"}],"version-history":[{"count":1,"href":"https:\/\/abc-latina.com\/wp-json\/wp\/v2\/pages\/2570\/revisions"}],"predecessor-version":[{"id":3571,"href":"https:\/\/abc-latina.com\/wp-json\/wp\/v2\/pages\/2570\/revisions\/3571"}],"up":[{"embeddable":true,"href":"https:\/\/abc-latina.com\/wp-json\/wp\/v2\/pages\/2566"}],"wp:featuredmedia":[{"embeddable":true,"href":"https:\/\/abc-latina.com\/wp-json\/wp\/v2\/media\/2569"}],"wp:attachment":[{"href":"https:\/\/abc-latina.com\/wp-json\/wp\/v2\/media?parent=2570"}],"curies":[{"name":"wp","href":"https:\/\/api.w.org\/{rel}","templated":true}]}}