{"id":2573,"date":"2010-12-06T23:30:09","date_gmt":"2010-12-06T22:30:09","guid":{"rendered":"http:\/\/abc-latina.com\/efrain_rios_montt-htm\/"},"modified":"2026-04-30T18:25:21","modified_gmt":"2026-04-30T16:25:21","slug":"efrain_rios_montt","status":"publish","type":"page","link":"https:\/\/abc-latina.com\/personnalites\/efrain_rios_montt\/","title":{"rendered":"EFRAIN RIOS MONTT"},"content":{"rendered":"<div><span style=\"color: rgb(255, 102, 0); \"><strong>Efrain Rios Montt<\/strong><\/span> na\u00eet le 16 juin 1924 au <a target=\"_blank\" href=\"https:\/\/www.abc-latina.com\/guatemala\/\"><strong>Guatemala<\/strong><\/a>. Il commence sa carri\u00e8re militaire comme cadet en 1946 et devient g\u00e9n\u00e9ral en 1972. Il est chef de l&rsquo;Etat-Major entre 1970 et 1974. En 1974, il se pr\u00e9sente comme candidat pr\u00e9sidentiel pour une coalition qui comprend le Parti D\u00e9mocratie Chr\u00e9tienne. Il gagne mais une fraude permet au g\u00e9n\u00e9ral Kjell Laugerud, candidat de l&rsquo;arm\u00e9e, de prendre le pouvoir.<\/p>\n<div>&nbsp;<\/div>\n<div>En 1978, Rios Montt devient pasteur de la secte \u00e9vang\u00e9lique Eglise du Verbe, d&rsquo;origine \u00e9tats-unienne, et quitte l&rsquo;arm\u00e9e. En mars 1982, les promoteurs d&rsquo;un coup d&rsquo;Etat contre le g\u00e9n\u00e9ral Lucas Garcia qui avait succ\u00e9d\u00e9 \u00e0 Laugerud le placent \u00e0 la t\u00eate de la Junte militaire. Sa politique de la terre br\u00fbl\u00e9e m\u00e8ne \u00e0 une r\u00e9pression caract\u00e9ris\u00e9e par le massacre de populations indiennes et l&rsquo;an\u00e9antissement de 440 villages indiens, provoquant des milliers de victimes enfouies dans des centaines de fosses communes clandestines.<\/div>\n<div>&nbsp;<\/div>\n<div>Rios Montt est \u00e0 son tour \u00e9cart\u00e9 du pouvoir par un coup d&rsquo;Etat de son ministre de la D\u00e9fense, Mejia Victores en ao\u00fbt 1983.<\/div>\n<div>Plus tard, il fonde un parti politique, le Front R\u00e9publicain Guat\u00e9malt\u00e8que (FRG).<\/div>\n<div>En 2000, il devient Pr\u00e9sident du Congr\u00e8s.<\/div>\n<div>&nbsp;<\/div>\n<div>Le 5 mars 2001, la Cour supr\u00eame lui retire son immunit\u00e9 pour fraude, falsification de documents et destruction de preuves dans une sombre affaire de taxes sur des boissons gazeuses. Mais une man\u0153uvre du FRG, majoritaire au Congr\u00e8s, lui permet de la regagner. Il veut alors se pr\u00e9senter aux \u00e9lections pr\u00e9sidentielles de novembre 2003. L&rsquo;article 126 de la Constitution de 1985 ne permettant pas aux personnes ayant pris le pouvoir par un coup d&rsquo;Etat de postuler, Rios Montt fait changer les membres de la Cour Constitutionnelle puis lui demande l&rsquo;autorisation de pr\u00e9senter sa candidature pr\u00e9sidentielle. Le 14 juillet 2003, la Cour, par 4 voix contre 3, la lui accorde&#8230;<\/div>\n<div>&nbsp;<\/div>\n<div>Aux \u00e9lections, il arrive \u00e0 la 3e place avec 19,7% des voix, ce qui signifie sans doute sa fin politique. N&rsquo;\u00e9tant plus d\u00e9put\u00e9, le 14 janvier 2004, il perd son immunit\u00e9 parlementaire.<\/div>\n<div>&nbsp;<\/div>\n<div>En mars 2004, il est assign\u00e9 \u00e0 r\u00e9sidence pour sa responsabilit\u00e9 dans l&rsquo;organisation des manifestations violentes du &lsquo;Jeudi Noir&rsquo; de juillet 2003 lorsque des manifestations extr\u00eamement violentes avaient secou\u00e9 le pays avant les \u00e9lections, manifestations qui semblent maintenant avoir \u00e9t\u00e9 organis\u00e9es par le FRG dont il \u00e9tait le chef. La Cour d&rsquo;appel a confirm\u00e9 cette assignation \u00e0 domicile.<\/div>\n<div>&nbsp;<\/div>\n<div>D&rsquo;autre part, le g\u00e9n\u00e9ral Rios Montt est l&rsquo;objet d&rsquo;une proc\u00e9dure judiciaire en Espagne, mais \u00e9galement au Guat\u00e9mala.<\/div>\n<div>&nbsp;<\/div>\n<div><span class=\"person\">REPERES<\/span><\/div>\n<div><span class=\"person-date\">1924<\/span> &#8211; Naissance de Efrain Rios Montt<\/div>\n<div><span class=\"person-date\">1972<\/span> &#8211; Il devient g\u00e9n\u00e9ral<\/div>\n<div><span class=\"person-date\">1978<\/span> &#8211; Il devient pasteur d&rsquo;une secte \u00e9vang\u00e9lique<\/div>\n<div><span class=\"person-date\">1982<\/span> &#8211; Il est plac\u00e9 \u00e0 la t\u00eate de la nation suite \u00e0 un coup d&rsquo;\u00e9tat<\/div>\n<div><span class=\"person-date\">1983<\/span> &#8211; Il est \u00e9cart\u00e9 du pouvoir<\/div>\n<div><span class=\"person-date\">2000<\/span> &#8211; Il devient pr\u00e9sident du congr\u00e8s<\/div>\n<div><span class=\"person-date\">2004<\/span> &#8211; Il perd son immunit\u00e9 parlementaire et est assign\u00e9 \u00e0 r\u00e9sidence<\/div>\n<\/div>\n","protected":false},"excerpt":{"rendered":"<p>Efrain Rios Montt na\u00eet le 16 juin 1924 au Guatemala. Il commence sa carri\u00e8re militaire comme cadet en 1946 et [&hellip;]<\/p>\n","protected":false},"author":3,"featured_media":0,"parent":2633,"menu_order":0,"comment_status":"closed","ping_status":"closed","template":"","meta":{"site-sidebar-layout":"default","site-content-layout":"","ast-site-content-layout":"default","site-content-style":"default","site-sidebar-style":"default","ast-global-header-display":"","ast-banner-title-visibility":"","ast-main-header-display":"","ast-hfb-above-header-display":"","ast-hfb-below-header-display":"","ast-hfb-mobile-header-display":"","site-post-title":"","ast-breadcrumbs-content":"","ast-featured-img":"","footer-sml-layout":"","ast-disable-related-posts":"","theme-transparent-header-meta":"","adv-header-id-meta":"","stick-header-meta":"","header-above-stick-meta":"","header-main-stick-meta":"","header-below-stick-meta":"","astra-migrate-meta-layouts":"default","ast-page-background-enabled":"default","ast-page-background-meta":{"desktop":{"background-color":"var(--ast-global-color-5)","background-image":"","background-repeat":"repeat","background-position":"center center","background-size":"auto","background-attachment":"scroll","background-type":"","background-media":"","overlay-type":"","overlay-color":"","overlay-opacity":"","overlay-gradient":""},"tablet":{"background-color":"","background-image":"","background-repeat":"repeat","background-position":"center center","background-size":"auto","background-attachment":"scroll","background-type":"","background-media":"","overlay-type":"","overlay-color":"","overlay-opacity":"","overlay-gradient":""},"mobile":{"background-color":"","background-image":"","background-repeat":"repeat","background-position":"center center","background-size":"auto","background-attachment":"scroll","background-type":"","background-media":"","overlay-type":"","overlay-color":"","overlay-opacity":"","overlay-gradient":""}},"ast-content-background-meta":{"desktop":{"background-color":"var(--ast-global-color-4)","background-image":"","background-repeat":"repeat","background-position":"center center","background-size":"auto","background-attachment":"scroll","background-type":"","background-media":"","overlay-type":"","overlay-color":"","overlay-opacity":"","overlay-gradient":""},"tablet":{"background-color":"var(--ast-global-color-4)","background-image":"","background-repeat":"repeat","background-position":"center center","background-size":"auto","background-attachment":"scroll","background-type":"","background-media":"","overlay-type":"","overlay-color":"","overlay-opacity":"","overlay-gradient":""},"mobile":{"background-color":"var(--ast-global-color-4)","background-image":"","background-repeat":"repeat","background-position":"center center","background-size":"auto","background-attachment":"scroll","background-type":"","background-media":"","overlay-type":"","overlay-color":"","overlay-opacity":"","overlay-gradient":""}},"footnotes":""},"class_list":["post-2573","page","type-page","status-publish","hentry"],"yoast_head":"<!-- This site is optimized with the Yoast SEO plugin v27.5 - https:\/\/yoast.com\/product\/yoast-seo-wordpress\/ -->\n<title>EFRAIN RIOS MONTT - Abc-latina<\/title>\n<meta name=\"description\" content=\"Efrain Rios Montt.\" \/>\n<meta name=\"robots\" content=\"index, follow, max-snippet:-1, max-image-preview:large, max-video-preview:-1\" \/>\n<link rel=\"canonical\" href=\"https:\/\/abc-latina.com\/personnalites\/efrain_rios_montt\/\" \/>\n<meta property=\"og:locale\" content=\"fr_FR\" \/>\n<meta property=\"og:type\" content=\"article\" \/>\n<meta property=\"og:title\" content=\"EFRAIN RIOS MONTT - Abc-latina\" \/>\n<meta property=\"og:description\" content=\"Efrain Rios Montt.\" \/>\n<meta property=\"og:url\" content=\"https:\/\/abc-latina.com\/personnalites\/efrain_rios_montt\/\" \/>\n<meta property=\"og:site_name\" content=\"Abc-latina\" \/>\n<meta property=\"article:modified_time\" content=\"2026-04-30T16:25:21+00:00\" \/>\n<meta name=\"twitter:card\" content=\"summary_large_image\" \/>\n<meta name=\"twitter:label1\" content=\"Dur\u00e9e de lecture estim\u00e9e\" \/>\n\t<meta name=\"twitter:data1\" content=\"2 minutes\" \/>\n<script type=\"application\/ld+json\" class=\"yoast-schema-graph\">{\"@context\":\"https:\\\/\\\/schema.org\",\"@graph\":[{\"@type\":\"WebPage\",\"@id\":\"https:\\\/\\\/abc-latina.com\\\/personnalites\\\/efrain_rios_montt\\\/\",\"url\":\"https:\\\/\\\/abc-latina.com\\\/personnalites\\\/efrain_rios_montt\\\/\",\"name\":\"EFRAIN RIOS MONTT - Abc-latina\",\"isPartOf\":{\"@id\":\"https:\\\/\\\/abc-latina.com\\\/#website\"},\"datePublished\":\"2010-12-06T22:30:09+00:00\",\"dateModified\":\"2026-04-30T16:25:21+00:00\",\"description\":\"Efrain Rios Montt.\",\"breadcrumb\":{\"@id\":\"https:\\\/\\\/abc-latina.com\\\/personnalites\\\/efrain_rios_montt\\\/#breadcrumb\"},\"inLanguage\":\"fr-FR\",\"potentialAction\":[{\"@type\":\"ReadAction\",\"target\":[\"https:\\\/\\\/abc-latina.com\\\/personnalites\\\/efrain_rios_montt\\\/\"]}]},{\"@type\":\"BreadcrumbList\",\"@id\":\"https:\\\/\\\/abc-latina.com\\\/personnalites\\\/efrain_rios_montt\\\/#breadcrumb\",\"itemListElement\":[{\"@type\":\"ListItem\",\"position\":1,\"name\":\"Accueil\",\"item\":\"https:\\\/\\\/abc-latina.com\\\/\"},{\"@type\":\"ListItem\",\"position\":2,\"name\":\"EFRAIN RIOS MONTT\"}]},{\"@type\":\"WebSite\",\"@id\":\"https:\\\/\\\/abc-latina.com\\\/#website\",\"url\":\"https:\\\/\\\/abc-latina.com\\\/\",\"name\":\"Abc-latina\",\"description\":\"\",\"publisher\":{\"@id\":\"https:\\\/\\\/abc-latina.com\\\/#organization\"},\"potentialAction\":[{\"@type\":\"SearchAction\",\"target\":{\"@type\":\"EntryPoint\",\"urlTemplate\":\"https:\\\/\\\/abc-latina.com\\\/?s={search_term_string}\"},\"query-input\":{\"@type\":\"PropertyValueSpecification\",\"valueRequired\":true,\"valueName\":\"search_term_string\"}}],\"inLanguage\":\"fr-FR\"},{\"@type\":\"Organization\",\"@id\":\"https:\\\/\\\/abc-latina.com\\\/#organization\",\"name\":\"Abc-latina\",\"url\":\"https:\\\/\\\/abc-latina.com\\\/\",\"logo\":{\"@type\":\"ImageObject\",\"inLanguage\":\"fr-FR\",\"@id\":\"https:\\\/\\\/abc-latina.com\\\/#\\\/schema\\\/logo\\\/image\\\/\",\"url\":\"https:\\\/\\\/abc-latina.com\\\/wp-content\\\/uploads\\\/2026\\\/05\\\/cropped-logo.gif\",\"contentUrl\":\"https:\\\/\\\/abc-latina.com\\\/wp-content\\\/uploads\\\/2026\\\/05\\\/cropped-logo.gif\",\"width\":89,\"height\":84,\"caption\":\"Abc-latina\"},\"image\":{\"@id\":\"https:\\\/\\\/abc-latina.com\\\/#\\\/schema\\\/logo\\\/image\\\/\"}}]}<\/script>\n<!-- \/ Yoast SEO plugin. -->","yoast_head_json":{"title":"EFRAIN RIOS MONTT - Abc-latina","description":"Efrain Rios Montt.","robots":{"index":"index","follow":"follow","max-snippet":"max-snippet:-1","max-image-preview":"max-image-preview:large","max-video-preview":"max-video-preview:-1"},"canonical":"https:\/\/abc-latina.com\/personnalites\/efrain_rios_montt\/","og_locale":"fr_FR","og_type":"article","og_title":"EFRAIN RIOS MONTT - Abc-latina","og_description":"Efrain Rios Montt.","og_url":"https:\/\/abc-latina.com\/personnalites\/efrain_rios_montt\/","og_site_name":"Abc-latina","article_modified_time":"2026-04-30T16:25:21+00:00","twitter_card":"summary_large_image","twitter_misc":{"Dur\u00e9e de lecture estim\u00e9e":"2 minutes"},"schema":{"@context":"https:\/\/schema.org","@graph":[{"@type":"WebPage","@id":"https:\/\/abc-latina.com\/personnalites\/efrain_rios_montt\/","url":"https:\/\/abc-latina.com\/personnalites\/efrain_rios_montt\/","name":"EFRAIN RIOS MONTT - Abc-latina","isPartOf":{"@id":"https:\/\/abc-latina.com\/#website"},"datePublished":"2010-12-06T22:30:09+00:00","dateModified":"2026-04-30T16:25:21+00:00","description":"Efrain Rios Montt.","breadcrumb":{"@id":"https:\/\/abc-latina.com\/personnalites\/efrain_rios_montt\/#breadcrumb"},"inLanguage":"fr-FR","potentialAction":[{"@type":"ReadAction","target":["https:\/\/abc-latina.com\/personnalites\/efrain_rios_montt\/"]}]},{"@type":"BreadcrumbList","@id":"https:\/\/abc-latina.com\/personnalites\/efrain_rios_montt\/#breadcrumb","itemListElement":[{"@type":"ListItem","position":1,"name":"Accueil","item":"https:\/\/abc-latina.com\/"},{"@type":"ListItem","position":2,"name":"EFRAIN RIOS MONTT"}]},{"@type":"WebSite","@id":"https:\/\/abc-latina.com\/#website","url":"https:\/\/abc-latina.com\/","name":"Abc-latina","description":"","publisher":{"@id":"https:\/\/abc-latina.com\/#organization"},"potentialAction":[{"@type":"SearchAction","target":{"@type":"EntryPoint","urlTemplate":"https:\/\/abc-latina.com\/?s={search_term_string}"},"query-input":{"@type":"PropertyValueSpecification","valueRequired":true,"valueName":"search_term_string"}}],"inLanguage":"fr-FR"},{"@type":"Organization","@id":"https:\/\/abc-latina.com\/#organization","name":"Abc-latina","url":"https:\/\/abc-latina.com\/","logo":{"@type":"ImageObject","inLanguage":"fr-FR","@id":"https:\/\/abc-latina.com\/#\/schema\/logo\/image\/","url":"https:\/\/abc-latina.com\/wp-content\/uploads\/2026\/05\/cropped-logo.gif","contentUrl":"https:\/\/abc-latina.com\/wp-content\/uploads\/2026\/05\/cropped-logo.gif","width":89,"height":84,"caption":"Abc-latina"},"image":{"@id":"https:\/\/abc-latina.com\/#\/schema\/logo\/image\/"}}]}},"_links":{"self":[{"href":"https:\/\/abc-latina.com\/wp-json\/wp\/v2\/pages\/2573","targetHints":{"allow":["GET"]}}],"collection":[{"href":"https:\/\/abc-latina.com\/wp-json\/wp\/v2\/pages"}],"about":[{"href":"https:\/\/abc-latina.com\/wp-json\/wp\/v2\/types\/page"}],"author":[{"embeddable":true,"href":"https:\/\/abc-latina.com\/wp-json\/wp\/v2\/users\/3"}],"replies":[{"embeddable":true,"href":"https:\/\/abc-latina.com\/wp-json\/wp\/v2\/comments?post=2573"}],"version-history":[{"count":1,"href":"https:\/\/abc-latina.com\/wp-json\/wp\/v2\/pages\/2573\/revisions"}],"predecessor-version":[{"id":3816,"href":"https:\/\/abc-latina.com\/wp-json\/wp\/v2\/pages\/2573\/revisions\/3816"}],"up":[{"embeddable":true,"href":"https:\/\/abc-latina.com\/wp-json\/wp\/v2\/pages\/2633"}],"wp:attachment":[{"href":"https:\/\/abc-latina.com\/wp-json\/wp\/v2\/media?parent=2573"}],"curies":[{"name":"wp","href":"https:\/\/api.w.org\/{rel}","templated":true}]}}