{"id":2574,"date":"2010-12-06T23:54:08","date_gmt":"2010-12-06T22:54:08","guid":{"rendered":"http:\/\/abc-latina.com\/fernando_belaunde_terry-htm\/"},"modified":"2026-04-30T18:25:21","modified_gmt":"2026-04-30T16:25:21","slug":"fernando_belaunde_terry","status":"publish","type":"page","link":"https:\/\/abc-latina.com\/personnalites\/fernando_belaunde_terry\/","title":{"rendered":"FERNANDO BELAUNDE"},"content":{"rendered":"<div>\n<div><span style=\"background-color: rgb(255, 255, 255); \"><span style=\"color: rgb(255, 102, 0); \"><strong>Fernando Belaunde Terry<\/strong><\/span><\/span> est un homme politique p\u00e9ruvien, et architecte de formation, n\u00e9 en 1912 \u00e0 <a target=\"_blank\" href=\"https:\/\/www.abc-latina.com\/perou\/lima\">Lima<\/a>. <a target=\"_blank\" href=\"https:\/\/www.abc-latina.com\/perou\/div\/president_peruvien\">Pr\u00e9sident de la r\u00e9publique<\/a> \u00e0 deux reprises (1963-1968 et 1980-1985). Il commence sa carri\u00e8re politique en prenant part \u00e0 la cr\u00e9ation du Front National D\u00e9mocratique, dont il est d\u00e9put\u00e9 de 1945 \u00e0 1948.&nbsp;<\/p>\n<div>\n<div>En 1956 il fonde le parti <a target=\"_blank\" href=\"https:\/\/www.abc-latina.com\/perou\/div\/accion-popular\">Acci\u00f3n Populaire<\/a>.&nbsp;<\/div>\n<div>En 1963 il gagne les \u00e9lections pr\u00e9sidentielles en coalition avec les d\u00e9mocrates-chr\u00e9tiens et avec l&rsquo;appui officieux du Parti Communiste. Gen\u00e9 dans son travail par cette coalition. Il suit une politique mod\u00e9r\u00e9e et lance de timides r\u00e9formes qui ne satisfont ni les classes populaires ni la bourgeoisie.&nbsp;<\/div>\n<div>\u00c9cart\u00e9 du pouvoir en 1968 par un coup d&rsquo;\u00e9tat et exil\u00e9, il est r\u00e9\u00e9lu en 1980. Il n&rsquo;est pas r\u00e9\u00e9lu lors des \u00e9lections de 1985 et est battu par le candidat de l&rsquo;<a target=\"_blank\" href=\"https:\/\/www.abc-latina.com\/perou\/div\/apra.php\">APRA<\/a>, <a href=\"alan_garcia_perez\">Alan Garcia<\/a>.<\/div>\n<\/div>\n<div>&nbsp;<\/div>\n<div><span class=\"person\">REPERES<\/span><\/div>\n<div><span class=\"person-date\">1912 <\/span>&#8211; Naissance de Fernando Belaunde Terry<\/div>\n<div><span class=\"person-date\">1956<\/span> &#8211; Il fonde le parti&nbsp;Acci\u00f3n Popular<\/div>\n<div><span class=\"person-date\">1963<\/span> &#8211; Il est \u00e9lu pr\u00e9sident de la r\u00e9publique<\/div>\n<div><span class=\"person-date\">1968<\/span> &#8211; Il est exil\u00e9 en Argentine<\/div>\n<div><span class=\"person-date\">1980<\/span> &#8211; Il revient \u00e0 la t\u00eate de l&rsquo;\u00e9tat<\/div>\n<div><span class=\"person-date\">2002<\/span> &#8211; Il meurt \u00e0 l&rsquo;age de 89 ans<\/div>\n<\/div>\n<\/div>\n","protected":false},"excerpt":{"rendered":"<p>Fernando Belaunde Terry est un homme politique p\u00e9ruvien, et architecte de formation, n\u00e9 en 1912 \u00e0 Lima. Pr\u00e9sident de la [&hellip;]<\/p>\n","protected":false},"author":3,"featured_media":0,"parent":2633,"menu_order":0,"comment_status":"closed","ping_status":"closed","template":"","meta":{"site-sidebar-layout":"default","site-content-layout":"","ast-site-content-layout":"default","site-content-style":"default","site-sidebar-style":"default","ast-global-header-display":"","ast-banner-title-visibility":"","ast-main-header-display":"","ast-hfb-above-header-display":"","ast-hfb-below-header-display":"","ast-hfb-mobile-header-display":"","site-post-title":"","ast-breadcrumbs-content":"","ast-featured-img":"","footer-sml-layout":"","ast-disable-related-posts":"","theme-transparent-header-meta":"","adv-header-id-meta":"","stick-header-meta":"","header-above-stick-meta":"","header-main-stick-meta":"","header-below-stick-meta":"","astra-migrate-meta-layouts":"default","ast-page-background-enabled":"default","ast-page-background-meta":{"desktop":{"background-color":"var(--ast-global-color-5)","background-image":"","background-repeat":"repeat","background-position":"center center","background-size":"auto","background-attachment":"scroll","background-type":"","background-media":"","overlay-type":"","overlay-color":"","overlay-opacity":"","overlay-gradient":""},"tablet":{"background-color":"","background-image":"","background-repeat":"repeat","background-position":"center center","background-size":"auto","background-attachment":"scroll","background-type":"","background-media":"","overlay-type":"","overlay-color":"","overlay-opacity":"","overlay-gradient":""},"mobile":{"background-color":"","background-image":"","background-repeat":"repeat","background-position":"center center","background-size":"auto","background-attachment":"scroll","background-type":"","background-media":"","overlay-type":"","overlay-color":"","overlay-opacity":"","overlay-gradient":""}},"ast-content-background-meta":{"desktop":{"background-color":"var(--ast-global-color-4)","background-image":"","background-repeat":"repeat","background-position":"center center","background-size":"auto","background-attachment":"scroll","background-type":"","background-media":"","overlay-type":"","overlay-color":"","overlay-opacity":"","overlay-gradient":""},"tablet":{"background-color":"var(--ast-global-color-4)","background-image":"","background-repeat":"repeat","background-position":"center center","background-size":"auto","background-attachment":"scroll","background-type":"","background-media":"","overlay-type":"","overlay-color":"","overlay-opacity":"","overlay-gradient":""},"mobile":{"background-color":"var(--ast-global-color-4)","background-image":"","background-repeat":"repeat","background-position":"center center","background-size":"auto","background-attachment":"scroll","background-type":"","background-media":"","overlay-type":"","overlay-color":"","overlay-opacity":"","overlay-gradient":""}},"footnotes":""},"class_list":["post-2574","page","type-page","status-publish","hentry"],"yoast_head":"<!-- This site is optimized with the Yoast SEO plugin v27.5 - https:\/\/yoast.com\/product\/yoast-seo-wordpress\/ -->\n<title>FERNANDO BELAUNDE - Abc-latina<\/title>\n<meta name=\"description\" content=\"Fernando Belaunde Terry, ex pr\u00e9sident du P\u00e9rou.\" \/>\n<meta name=\"robots\" content=\"index, follow, max-snippet:-1, max-image-preview:large, max-video-preview:-1\" \/>\n<link rel=\"canonical\" href=\"https:\/\/abc-latina.com\/personnalites\/fernando_belaunde_terry\/\" \/>\n<meta property=\"og:locale\" content=\"fr_FR\" \/>\n<meta property=\"og:type\" content=\"article\" \/>\n<meta property=\"og:title\" content=\"FERNANDO BELAUNDE - Abc-latina\" \/>\n<meta property=\"og:description\" content=\"Fernando Belaunde Terry, ex pr\u00e9sident du P\u00e9rou.\" \/>\n<meta property=\"og:url\" content=\"https:\/\/abc-latina.com\/personnalites\/fernando_belaunde_terry\/\" \/>\n<meta property=\"og:site_name\" content=\"Abc-latina\" \/>\n<meta property=\"article:modified_time\" content=\"2026-04-30T16:25:21+00:00\" \/>\n<meta name=\"twitter:card\" content=\"summary_large_image\" \/>\n<meta name=\"twitter:label1\" content=\"Dur\u00e9e de lecture estim\u00e9e\" \/>\n\t<meta name=\"twitter:data1\" content=\"1 minute\" \/>\n<script type=\"application\/ld+json\" class=\"yoast-schema-graph\">{\"@context\":\"https:\\\/\\\/schema.org\",\"@graph\":[{\"@type\":\"WebPage\",\"@id\":\"https:\\\/\\\/abc-latina.com\\\/personnalites\\\/fernando_belaunde_terry\\\/\",\"url\":\"https:\\\/\\\/abc-latina.com\\\/personnalites\\\/fernando_belaunde_terry\\\/\",\"name\":\"FERNANDO BELAUNDE - Abc-latina\",\"isPartOf\":{\"@id\":\"https:\\\/\\\/abc-latina.com\\\/#website\"},\"datePublished\":\"2010-12-06T22:54:08+00:00\",\"dateModified\":\"2026-04-30T16:25:21+00:00\",\"description\":\"Fernando Belaunde Terry, ex pr\u00e9sident du P\u00e9rou.\",\"breadcrumb\":{\"@id\":\"https:\\\/\\\/abc-latina.com\\\/personnalites\\\/fernando_belaunde_terry\\\/#breadcrumb\"},\"inLanguage\":\"fr-FR\",\"potentialAction\":[{\"@type\":\"ReadAction\",\"target\":[\"https:\\\/\\\/abc-latina.com\\\/personnalites\\\/fernando_belaunde_terry\\\/\"]}]},{\"@type\":\"BreadcrumbList\",\"@id\":\"https:\\\/\\\/abc-latina.com\\\/personnalites\\\/fernando_belaunde_terry\\\/#breadcrumb\",\"itemListElement\":[{\"@type\":\"ListItem\",\"position\":1,\"name\":\"Accueil\",\"item\":\"https:\\\/\\\/abc-latina.com\\\/\"},{\"@type\":\"ListItem\",\"position\":2,\"name\":\"FERNANDO BELAUNDE\"}]},{\"@type\":\"WebSite\",\"@id\":\"https:\\\/\\\/abc-latina.com\\\/#website\",\"url\":\"https:\\\/\\\/abc-latina.com\\\/\",\"name\":\"Abc-latina\",\"description\":\"\",\"publisher\":{\"@id\":\"https:\\\/\\\/abc-latina.com\\\/#organization\"},\"potentialAction\":[{\"@type\":\"SearchAction\",\"target\":{\"@type\":\"EntryPoint\",\"urlTemplate\":\"https:\\\/\\\/abc-latina.com\\\/?s={search_term_string}\"},\"query-input\":{\"@type\":\"PropertyValueSpecification\",\"valueRequired\":true,\"valueName\":\"search_term_string\"}}],\"inLanguage\":\"fr-FR\"},{\"@type\":\"Organization\",\"@id\":\"https:\\\/\\\/abc-latina.com\\\/#organization\",\"name\":\"Abc-latina\",\"url\":\"https:\\\/\\\/abc-latina.com\\\/\",\"logo\":{\"@type\":\"ImageObject\",\"inLanguage\":\"fr-FR\",\"@id\":\"https:\\\/\\\/abc-latina.com\\\/#\\\/schema\\\/logo\\\/image\\\/\",\"url\":\"https:\\\/\\\/abc-latina.com\\\/wp-content\\\/uploads\\\/2026\\\/05\\\/cropped-logo.gif\",\"contentUrl\":\"https:\\\/\\\/abc-latina.com\\\/wp-content\\\/uploads\\\/2026\\\/05\\\/cropped-logo.gif\",\"width\":89,\"height\":84,\"caption\":\"Abc-latina\"},\"image\":{\"@id\":\"https:\\\/\\\/abc-latina.com\\\/#\\\/schema\\\/logo\\\/image\\\/\"}}]}<\/script>\n<!-- \/ Yoast SEO plugin. -->","yoast_head_json":{"title":"FERNANDO BELAUNDE - Abc-latina","description":"Fernando Belaunde Terry, ex pr\u00e9sident du P\u00e9rou.","robots":{"index":"index","follow":"follow","max-snippet":"max-snippet:-1","max-image-preview":"max-image-preview:large","max-video-preview":"max-video-preview:-1"},"canonical":"https:\/\/abc-latina.com\/personnalites\/fernando_belaunde_terry\/","og_locale":"fr_FR","og_type":"article","og_title":"FERNANDO BELAUNDE - Abc-latina","og_description":"Fernando Belaunde Terry, ex pr\u00e9sident du P\u00e9rou.","og_url":"https:\/\/abc-latina.com\/personnalites\/fernando_belaunde_terry\/","og_site_name":"Abc-latina","article_modified_time":"2026-04-30T16:25:21+00:00","twitter_card":"summary_large_image","twitter_misc":{"Dur\u00e9e de lecture estim\u00e9e":"1 minute"},"schema":{"@context":"https:\/\/schema.org","@graph":[{"@type":"WebPage","@id":"https:\/\/abc-latina.com\/personnalites\/fernando_belaunde_terry\/","url":"https:\/\/abc-latina.com\/personnalites\/fernando_belaunde_terry\/","name":"FERNANDO BELAUNDE - Abc-latina","isPartOf":{"@id":"https:\/\/abc-latina.com\/#website"},"datePublished":"2010-12-06T22:54:08+00:00","dateModified":"2026-04-30T16:25:21+00:00","description":"Fernando Belaunde Terry, ex pr\u00e9sident du P\u00e9rou.","breadcrumb":{"@id":"https:\/\/abc-latina.com\/personnalites\/fernando_belaunde_terry\/#breadcrumb"},"inLanguage":"fr-FR","potentialAction":[{"@type":"ReadAction","target":["https:\/\/abc-latina.com\/personnalites\/fernando_belaunde_terry\/"]}]},{"@type":"BreadcrumbList","@id":"https:\/\/abc-latina.com\/personnalites\/fernando_belaunde_terry\/#breadcrumb","itemListElement":[{"@type":"ListItem","position":1,"name":"Accueil","item":"https:\/\/abc-latina.com\/"},{"@type":"ListItem","position":2,"name":"FERNANDO BELAUNDE"}]},{"@type":"WebSite","@id":"https:\/\/abc-latina.com\/#website","url":"https:\/\/abc-latina.com\/","name":"Abc-latina","description":"","publisher":{"@id":"https:\/\/abc-latina.com\/#organization"},"potentialAction":[{"@type":"SearchAction","target":{"@type":"EntryPoint","urlTemplate":"https:\/\/abc-latina.com\/?s={search_term_string}"},"query-input":{"@type":"PropertyValueSpecification","valueRequired":true,"valueName":"search_term_string"}}],"inLanguage":"fr-FR"},{"@type":"Organization","@id":"https:\/\/abc-latina.com\/#organization","name":"Abc-latina","url":"https:\/\/abc-latina.com\/","logo":{"@type":"ImageObject","inLanguage":"fr-FR","@id":"https:\/\/abc-latina.com\/#\/schema\/logo\/image\/","url":"https:\/\/abc-latina.com\/wp-content\/uploads\/2026\/05\/cropped-logo.gif","contentUrl":"https:\/\/abc-latina.com\/wp-content\/uploads\/2026\/05\/cropped-logo.gif","width":89,"height":84,"caption":"Abc-latina"},"image":{"@id":"https:\/\/abc-latina.com\/#\/schema\/logo\/image\/"}}]}},"_links":{"self":[{"href":"https:\/\/abc-latina.com\/wp-json\/wp\/v2\/pages\/2574","targetHints":{"allow":["GET"]}}],"collection":[{"href":"https:\/\/abc-latina.com\/wp-json\/wp\/v2\/pages"}],"about":[{"href":"https:\/\/abc-latina.com\/wp-json\/wp\/v2\/types\/page"}],"author":[{"embeddable":true,"href":"https:\/\/abc-latina.com\/wp-json\/wp\/v2\/users\/3"}],"replies":[{"embeddable":true,"href":"https:\/\/abc-latina.com\/wp-json\/wp\/v2\/comments?post=2574"}],"version-history":[{"count":1,"href":"https:\/\/abc-latina.com\/wp-json\/wp\/v2\/pages\/2574\/revisions"}],"predecessor-version":[{"id":3821,"href":"https:\/\/abc-latina.com\/wp-json\/wp\/v2\/pages\/2574\/revisions\/3821"}],"up":[{"embeddable":true,"href":"https:\/\/abc-latina.com\/wp-json\/wp\/v2\/pages\/2633"}],"wp:attachment":[{"href":"https:\/\/abc-latina.com\/wp-json\/wp\/v2\/media?parent=2574"}],"curies":[{"name":"wp","href":"https:\/\/api.w.org\/{rel}","templated":true}]}}