{"id":2578,"date":"2010-12-07T00:30:35","date_gmt":"2010-12-06T23:30:35","guid":{"rendered":"http:\/\/abc-latina.com\/gregorio_alvarez-htm\/"},"modified":"2026-04-30T18:25:22","modified_gmt":"2026-04-30T16:25:22","slug":"gregorio_alvarez","status":"publish","type":"page","link":"https:\/\/abc-latina.com\/personnalites\/gregorio_alvarez\/","title":{"rendered":"GREGORIO CONRADO ALVAREZ"},"content":{"rendered":"<div><span class=\"person\">Gregorio Conrado Alvarez Armelino<\/span> (dit el Goyo) est n\u00e9 le 26 novembre 1926 \u00e0 Montevideo. Au pouvoir entre 1981 et 1985, l&rsquo;ancien g\u00e9n\u00e9ral a \u00e9t\u00e9 le dernier chef de la dictature militaire uruguayenne qui a d\u00e9but\u00e9 en 1973.<\/div>\n<div>&nbsp;<\/div>\n<div>Il entre \u00e0 l&rsquo;Acad\u00e9mie militaire uruguayenne en 1940, avant de devenir en 1962 chef de la police mont\u00e9e de Montevideo. En 1971, il est promu au grade de g\u00e9n\u00e9ral et prend la t\u00eate de l&rsquo;Etat-major commun (Estado Mayor Conjunto, ESMACO), une structure interne \u00e0 l&rsquo;arm\u00e9e cr\u00e9\u00e9e afin de prendre en charge la lutte contre la gu\u00e9rilla des Tupamaros. Quand les militaires s&#8217;emparent du pouvoir en 1973, Alvarez, en tant que chef de l&rsquo;ESMACO, devient secr\u00e9taire permanent du Conseil de s\u00e9curit\u00e9 national (Consejo de Seguridad Nacional), un nouvel organe pr\u00e9sid\u00e9 par les commandants de l&rsquo;arm\u00e9e de terre, de la marine et de l&rsquo;arm\u00e9e de l&rsquo;air ainsi que les ministres de la d\u00e9fense nationale, de l&rsquo;int\u00e9rieur et des affaires \u00e9trang\u00e8res.<\/div>\n<div>&nbsp;<\/div>\n<div>En 1978, il devient commandant en chef des forces arm\u00e9es et conserve ce poste pr\u00e8s d&rsquo;un an, suite \u00e0 quoi son influence semble quelque peu p\u00e9ricliter. Toutefois, en 1979, toute une s\u00e9rie de promotions dans l&rsquo;arm\u00e9e place un nombre important de ses supporters \u00e0 des postes cl\u00e9s. En 1980, l&rsquo;arm\u00e9e souhaite se l\u00e9gitimer en organisant un pl\u00e9biscite sur une nouvelle constitution, laquelle est vivement d\u00e9nonc\u00e9e par les opposants politiques. Finalement, les uruguayens la rejettent massivement \u00e0 57,2% lors du r\u00e9f\u00e9rendum organis\u00e9 le 30 novembre 1980.<\/div>\n<div>&nbsp;<\/div>\n<div>Le 1er septembre 1981, Alvarez fait pression sur le Conseil de s\u00e9curit\u00e9 national et obtient d&rsquo;\u00eatre nomm\u00e9 pr\u00e9sident. A ce titre, il continuera la r\u00e9pression contre les Tupamaros mais \u00e9galement contre les syndicats. Le 12 f\u00e9vrier 1985, Gregorio Alvarez laisse le pouvoir au Pr\u00e9sident de la Cour de justice supr\u00eame en exercice qui organise des \u00e9lections. Le 1er mars 1985 Julio Mar\u00eda Sanguinetti est \u00e9lu pr\u00e9sident.<\/div>\n<div>&nbsp;<\/div>\n<div>Pour favoriser le retour vers une paix civile, Sanguinetti principalement entreprend une campagne de r\u00e9conciliation nationale en faisant adopter en 1986 la loi &quot; Caducit\u00e9 de la pr\u00e9tention punitive d&rsquo;Etat &quot; (Caducidad de la Pretensi\u00f3n Punitiva de Estado) appel\u00e9 aussi populairement &quot; loi de l&rsquo;impunit\u00e9 &quot; (ley de impunidad) ou &quot; loi de caducit\u00e9 &quot; (ley de caducidad). En substance, elle pr\u00e9voit que l&rsquo;Etat renonce \u00e0 son pouvoir punitif pour les violations aux droits de l&rsquo;homme commises, durant la p\u00e9riode allant de juin 1973 \u00e0 mars 1985, par des fonctionnaires militaires et policiers, pour des mobiles politiques ou dans l&rsquo;exercice de leurs fonctions, \u00e0 l&rsquo;occasion d&rsquo;actions ordonn\u00e9es par les sup\u00e9rieurs hi\u00e9rarchiques.<\/div>\n<div>&nbsp;<\/div>\n<div>En d\u00e9pit de cette loi, suite \u00e0 des plaintes d\u00e9pos\u00e9es par des parents de disparus, Alvarez a \u00e9t\u00e9 arr\u00eat\u00e9 et plac\u00e9 en d\u00e9tention le 17 d\u00e9cembre 2007.<\/div>\n","protected":false},"excerpt":{"rendered":"<p>Gregorio Conrado Alvarez Armelino (dit el Goyo) est n\u00e9 le 26 novembre 1926 \u00e0 Montevideo. Au pouvoir entre 1981 et [&hellip;]<\/p>\n","protected":false},"author":3,"featured_media":0,"parent":2633,"menu_order":0,"comment_status":"closed","ping_status":"closed","template":"","meta":{"site-sidebar-layout":"default","site-content-layout":"","ast-site-content-layout":"default","site-content-style":"default","site-sidebar-style":"default","ast-global-header-display":"","ast-banner-title-visibility":"","ast-main-header-display":"","ast-hfb-above-header-display":"","ast-hfb-below-header-display":"","ast-hfb-mobile-header-display":"","site-post-title":"","ast-breadcrumbs-content":"","ast-featured-img":"","footer-sml-layout":"","ast-disable-related-posts":"","theme-transparent-header-meta":"","adv-header-id-meta":"","stick-header-meta":"","header-above-stick-meta":"","header-main-stick-meta":"","header-below-stick-meta":"","astra-migrate-meta-layouts":"default","ast-page-background-enabled":"default","ast-page-background-meta":{"desktop":{"background-color":"var(--ast-global-color-5)","background-image":"","background-repeat":"repeat","background-position":"center center","background-size":"auto","background-attachment":"scroll","background-type":"","background-media":"","overlay-type":"","overlay-color":"","overlay-opacity":"","overlay-gradient":""},"tablet":{"background-color":"","background-image":"","background-repeat":"repeat","background-position":"center center","background-size":"auto","background-attachment":"scroll","background-type":"","background-media":"","overlay-type":"","overlay-color":"","overlay-opacity":"","overlay-gradient":""},"mobile":{"background-color":"","background-image":"","background-repeat":"repeat","background-position":"center center","background-size":"auto","background-attachment":"scroll","background-type":"","background-media":"","overlay-type":"","overlay-color":"","overlay-opacity":"","overlay-gradient":""}},"ast-content-background-meta":{"desktop":{"background-color":"var(--ast-global-color-4)","background-image":"","background-repeat":"repeat","background-position":"center center","background-size":"auto","background-attachment":"scroll","background-type":"","background-media":"","overlay-type":"","overlay-color":"","overlay-opacity":"","overlay-gradient":""},"tablet":{"background-color":"var(--ast-global-color-4)","background-image":"","background-repeat":"repeat","background-position":"center center","background-size":"auto","background-attachment":"scroll","background-type":"","background-media":"","overlay-type":"","overlay-color":"","overlay-opacity":"","overlay-gradient":""},"mobile":{"background-color":"var(--ast-global-color-4)","background-image":"","background-repeat":"repeat","background-position":"center center","background-size":"auto","background-attachment":"scroll","background-type":"","background-media":"","overlay-type":"","overlay-color":"","overlay-opacity":"","overlay-gradient":""}},"footnotes":""},"class_list":["post-2578","page","type-page","status-publish","hentry"],"yoast_head":"<!-- This site is optimized with the Yoast SEO plugin v27.5 - https:\/\/yoast.com\/product\/yoast-seo-wordpress\/ -->\n<title>GREGORIO CONRADO ALVAREZ - Abc-latina<\/title>\n<meta name=\"description\" content=\"Gregorio Conrado Alvarez - Uruguay.\" \/>\n<meta name=\"robots\" content=\"index, follow, max-snippet:-1, max-image-preview:large, max-video-preview:-1\" \/>\n<link rel=\"canonical\" href=\"https:\/\/abc-latina.com\/personnalites\/gregorio_alvarez\/\" \/>\n<meta property=\"og:locale\" content=\"fr_FR\" \/>\n<meta property=\"og:type\" content=\"article\" \/>\n<meta property=\"og:title\" content=\"GREGORIO CONRADO ALVAREZ - Abc-latina\" \/>\n<meta property=\"og:description\" content=\"Gregorio Conrado Alvarez - Uruguay.\" \/>\n<meta property=\"og:url\" content=\"https:\/\/abc-latina.com\/personnalites\/gregorio_alvarez\/\" \/>\n<meta property=\"og:site_name\" content=\"Abc-latina\" \/>\n<meta property=\"article:modified_time\" content=\"2026-04-30T16:25:22+00:00\" \/>\n<meta name=\"twitter:card\" content=\"summary_large_image\" \/>\n<meta name=\"twitter:label1\" content=\"Dur\u00e9e de lecture estim\u00e9e\" \/>\n\t<meta name=\"twitter:data1\" content=\"2 minutes\" \/>\n<script type=\"application\/ld+json\" class=\"yoast-schema-graph\">{\"@context\":\"https:\\\/\\\/schema.org\",\"@graph\":[{\"@type\":\"WebPage\",\"@id\":\"https:\\\/\\\/abc-latina.com\\\/personnalites\\\/gregorio_alvarez\\\/\",\"url\":\"https:\\\/\\\/abc-latina.com\\\/personnalites\\\/gregorio_alvarez\\\/\",\"name\":\"GREGORIO CONRADO ALVAREZ - Abc-latina\",\"isPartOf\":{\"@id\":\"https:\\\/\\\/abc-latina.com\\\/#website\"},\"datePublished\":\"2010-12-06T23:30:35+00:00\",\"dateModified\":\"2026-04-30T16:25:22+00:00\",\"description\":\"Gregorio Conrado Alvarez - Uruguay.\",\"breadcrumb\":{\"@id\":\"https:\\\/\\\/abc-latina.com\\\/personnalites\\\/gregorio_alvarez\\\/#breadcrumb\"},\"inLanguage\":\"fr-FR\",\"potentialAction\":[{\"@type\":\"ReadAction\",\"target\":[\"https:\\\/\\\/abc-latina.com\\\/personnalites\\\/gregorio_alvarez\\\/\"]}]},{\"@type\":\"BreadcrumbList\",\"@id\":\"https:\\\/\\\/abc-latina.com\\\/personnalites\\\/gregorio_alvarez\\\/#breadcrumb\",\"itemListElement\":[{\"@type\":\"ListItem\",\"position\":1,\"name\":\"Accueil\",\"item\":\"https:\\\/\\\/abc-latina.com\\\/\"},{\"@type\":\"ListItem\",\"position\":2,\"name\":\"GREGORIO CONRADO ALVAREZ\"}]},{\"@type\":\"WebSite\",\"@id\":\"https:\\\/\\\/abc-latina.com\\\/#website\",\"url\":\"https:\\\/\\\/abc-latina.com\\\/\",\"name\":\"Abc-latina\",\"description\":\"\",\"publisher\":{\"@id\":\"https:\\\/\\\/abc-latina.com\\\/#organization\"},\"potentialAction\":[{\"@type\":\"SearchAction\",\"target\":{\"@type\":\"EntryPoint\",\"urlTemplate\":\"https:\\\/\\\/abc-latina.com\\\/?s={search_term_string}\"},\"query-input\":{\"@type\":\"PropertyValueSpecification\",\"valueRequired\":true,\"valueName\":\"search_term_string\"}}],\"inLanguage\":\"fr-FR\"},{\"@type\":\"Organization\",\"@id\":\"https:\\\/\\\/abc-latina.com\\\/#organization\",\"name\":\"Abc-latina\",\"url\":\"https:\\\/\\\/abc-latina.com\\\/\",\"logo\":{\"@type\":\"ImageObject\",\"inLanguage\":\"fr-FR\",\"@id\":\"https:\\\/\\\/abc-latina.com\\\/#\\\/schema\\\/logo\\\/image\\\/\",\"url\":\"https:\\\/\\\/abc-latina.com\\\/wp-content\\\/uploads\\\/2026\\\/05\\\/cropped-logo.gif\",\"contentUrl\":\"https:\\\/\\\/abc-latina.com\\\/wp-content\\\/uploads\\\/2026\\\/05\\\/cropped-logo.gif\",\"width\":89,\"height\":84,\"caption\":\"Abc-latina\"},\"image\":{\"@id\":\"https:\\\/\\\/abc-latina.com\\\/#\\\/schema\\\/logo\\\/image\\\/\"}}]}<\/script>\n<!-- \/ Yoast SEO plugin. -->","yoast_head_json":{"title":"GREGORIO CONRADO ALVAREZ - Abc-latina","description":"Gregorio Conrado Alvarez - Uruguay.","robots":{"index":"index","follow":"follow","max-snippet":"max-snippet:-1","max-image-preview":"max-image-preview:large","max-video-preview":"max-video-preview:-1"},"canonical":"https:\/\/abc-latina.com\/personnalites\/gregorio_alvarez\/","og_locale":"fr_FR","og_type":"article","og_title":"GREGORIO CONRADO ALVAREZ - Abc-latina","og_description":"Gregorio Conrado Alvarez - Uruguay.","og_url":"https:\/\/abc-latina.com\/personnalites\/gregorio_alvarez\/","og_site_name":"Abc-latina","article_modified_time":"2026-04-30T16:25:22+00:00","twitter_card":"summary_large_image","twitter_misc":{"Dur\u00e9e de lecture estim\u00e9e":"2 minutes"},"schema":{"@context":"https:\/\/schema.org","@graph":[{"@type":"WebPage","@id":"https:\/\/abc-latina.com\/personnalites\/gregorio_alvarez\/","url":"https:\/\/abc-latina.com\/personnalites\/gregorio_alvarez\/","name":"GREGORIO CONRADO ALVAREZ - Abc-latina","isPartOf":{"@id":"https:\/\/abc-latina.com\/#website"},"datePublished":"2010-12-06T23:30:35+00:00","dateModified":"2026-04-30T16:25:22+00:00","description":"Gregorio Conrado Alvarez - Uruguay.","breadcrumb":{"@id":"https:\/\/abc-latina.com\/personnalites\/gregorio_alvarez\/#breadcrumb"},"inLanguage":"fr-FR","potentialAction":[{"@type":"ReadAction","target":["https:\/\/abc-latina.com\/personnalites\/gregorio_alvarez\/"]}]},{"@type":"BreadcrumbList","@id":"https:\/\/abc-latina.com\/personnalites\/gregorio_alvarez\/#breadcrumb","itemListElement":[{"@type":"ListItem","position":1,"name":"Accueil","item":"https:\/\/abc-latina.com\/"},{"@type":"ListItem","position":2,"name":"GREGORIO CONRADO ALVAREZ"}]},{"@type":"WebSite","@id":"https:\/\/abc-latina.com\/#website","url":"https:\/\/abc-latina.com\/","name":"Abc-latina","description":"","publisher":{"@id":"https:\/\/abc-latina.com\/#organization"},"potentialAction":[{"@type":"SearchAction","target":{"@type":"EntryPoint","urlTemplate":"https:\/\/abc-latina.com\/?s={search_term_string}"},"query-input":{"@type":"PropertyValueSpecification","valueRequired":true,"valueName":"search_term_string"}}],"inLanguage":"fr-FR"},{"@type":"Organization","@id":"https:\/\/abc-latina.com\/#organization","name":"Abc-latina","url":"https:\/\/abc-latina.com\/","logo":{"@type":"ImageObject","inLanguage":"fr-FR","@id":"https:\/\/abc-latina.com\/#\/schema\/logo\/image\/","url":"https:\/\/abc-latina.com\/wp-content\/uploads\/2026\/05\/cropped-logo.gif","contentUrl":"https:\/\/abc-latina.com\/wp-content\/uploads\/2026\/05\/cropped-logo.gif","width":89,"height":84,"caption":"Abc-latina"},"image":{"@id":"https:\/\/abc-latina.com\/#\/schema\/logo\/image\/"}}]}},"_links":{"self":[{"href":"https:\/\/abc-latina.com\/wp-json\/wp\/v2\/pages\/2578","targetHints":{"allow":["GET"]}}],"collection":[{"href":"https:\/\/abc-latina.com\/wp-json\/wp\/v2\/pages"}],"about":[{"href":"https:\/\/abc-latina.com\/wp-json\/wp\/v2\/types\/page"}],"author":[{"embeddable":true,"href":"https:\/\/abc-latina.com\/wp-json\/wp\/v2\/users\/3"}],"replies":[{"embeddable":true,"href":"https:\/\/abc-latina.com\/wp-json\/wp\/v2\/comments?post=2578"}],"version-history":[{"count":1,"href":"https:\/\/abc-latina.com\/wp-json\/wp\/v2\/pages\/2578\/revisions"}],"predecessor-version":[{"id":3833,"href":"https:\/\/abc-latina.com\/wp-json\/wp\/v2\/pages\/2578\/revisions\/3833"}],"up":[{"embeddable":true,"href":"https:\/\/abc-latina.com\/wp-json\/wp\/v2\/pages\/2633"}],"wp:attachment":[{"href":"https:\/\/abc-latina.com\/wp-json\/wp\/v2\/media?parent=2578"}],"curies":[{"name":"wp","href":"https:\/\/api.w.org\/{rel}","templated":true}]}}