{"id":2585,"date":"2010-12-07T01:17:27","date_gmt":"2010-12-07T00:17:27","guid":{"rendered":"http:\/\/abc-latina.com\/ingrid_betancourt-htm\/"},"modified":"2026-04-30T18:25:22","modified_gmt":"2026-04-30T16:25:22","slug":"ingrid_betancourt","status":"publish","type":"page","link":"https:\/\/abc-latina.com\/personnalites\/ingrid_betancourt\/","title":{"rendered":"INGRID BETANCOURT"},"content":{"rendered":"<div><strong><span style=\"color: rgb(255, 102, 0); \"><img loading=\"lazy\" decoding=\"async\" class=\" alignright size-full wp-image-2584\" src=\"http:\/\/abc-latina.com\/wp-content\/uploads\/2010\/12\/ingrid-betancourt.jpg\" title=\"INGRID BETANCOURT\" alt=\"\" width=\"220\" vspace=\"9\" hspace=\"15\" height=\"220\" align=\"right\" srcset=\"https:\/\/abc-latina.com\/wp-content\/uploads\/2010\/12\/ingrid-betancourt.jpg 220w, https:\/\/abc-latina.com\/wp-content\/uploads\/2010\/12\/ingrid-betancourt-150x150.jpg 150w\" sizes=\"auto, (max-width: 220px) 100vw, 220px\" \/><\/span><\/strong><strong><span style=\"color: rgb(255, 102, 0); \">Ingrid Betancourt<\/span><\/strong> grandit entre <a target=\"_blank\" href=\"https:\/\/www.abc-latina.com\/colombie\/bogota\">Bogota<\/a> et Paris, o\u00f9 son p\u00e8re est ambassadeur de <a target=\"_blank\" href=\"https:\/\/www.abc-latina.com\/colombie\/\"><strong>Colombie<\/strong><\/a> \u00e0 l&rsquo;Unesco. Apr\u00e8s de brillantes \u00e9tudes en sciences politiques \u00e0 Paris, elle \u00e9pouse un diplomate fran\u00e7ais. De retour en Colombie, elle est engag\u00e9e au minist\u00e8re des Finances \u00e0 l&rsquo;\u00e2ge de vingt-neuf ans. D\u00e9put\u00e9e et s\u00e9nateur, elle lutte contre la corruption et le trafic de coca\u00efne qui d\u00e9vastent ce pays min\u00e9 par plus de quarante ans de guerre civile, et d\u00e9nonce les dirigeants compromis avec la mafia. Le projet de cette femme politique d\u00e9termin\u00e9e et courageuse : assainir le pays le plus corrompu d&rsquo;Am\u00e9rique latine.&nbsp;<\/p>\n<div>\n<div>En 1998, elle cr\u00e9e son parti, Oxygeno.&nbsp;<\/div>\n<div>&nbsp;<\/div>\n<div>Candidate \u00e9cologiste aux \u00e9lections pr\u00e9sidentielles, Ingrid Betancourt est enlev\u00e9e par les <a target=\"_blank\" href=\"https:\/\/www.abc-latina.com\/colombie\/farc\">FARC<\/a> &#8211; forces arm\u00e9es r\u00e9volutionnaires de Colombie &#8211; principale gu\u00e9rilla de Colombie avec plus de 17.000 hommes, inscrite par l&rsquo;Union europ\u00e9enne et les Etats-Unis sur la liste des organisations terroristes, sur une route au sud de Bogota, le 23 f\u00e9vrier 2002. Depuis, le monde entier se mobilise pour obtenir sa lib\u00e9ration.<\/div>\n<div>&nbsp;<\/div>\n<div>Elle est d\u00e9livr\u00e9e, en compagnie de quatorze autres otages, lors de l&rsquo;op\u00e9ration Jaque men\u00e9e par l&rsquo;arm\u00e9e nationale colombienne le 2 juillet 2008, six ans et demi apr\u00e8s son enl\u00e8vement4. Sa lib\u00e9ration, de m\u00eame que son enl\u00e8vement en f\u00e9vrier 2002, ont re\u00e7u un large \u00e9cho dans les m\u00e9dias.<\/div>\n<div>&nbsp;<\/div>\n<div><span class=\"person\">REPERES<\/span><\/div>\n<div><span class=\"person-date\">1961<\/span> &#8211; Naissance d&rsquo;Ingrid Betancourt<\/div>\n<div><span class=\"person-date\">1994<\/span> &#8211; Elle est \u00e9lue d\u00e9put\u00e9e<\/div>\n<div><span class=\"person-date\">1998<\/span> &#8211; Elle est \u00e9lue s\u00e9natrice<\/div>\n<div><span class=\"person-date\">2002<\/span> &#8211; Elle est enlev\u00e9e par les FARC<\/div>\n<div><span class=\"person-date\">2008<\/span> &#8211; Ingrid Betancourt est lib\u00e9r\u00e9e<\/div>\n<\/div>\n<p>&nbsp;<\/p>\n<\/div>\n","protected":false},"excerpt":{"rendered":"<p>Ingrid Betancourt grandit entre Bogota et Paris, o\u00f9 son p\u00e8re est ambassadeur de Colombie \u00e0 l&rsquo;Unesco. Apr\u00e8s de brillantes \u00e9tudes [&hellip;]<\/p>\n","protected":false},"author":3,"featured_media":2584,"parent":2633,"menu_order":0,"comment_status":"closed","ping_status":"closed","template":"","meta":{"site-sidebar-layout":"default","site-content-layout":"","ast-site-content-layout":"default","site-content-style":"default","site-sidebar-style":"default","ast-global-header-display":"","ast-banner-title-visibility":"","ast-main-header-display":"","ast-hfb-above-header-display":"","ast-hfb-below-header-display":"","ast-hfb-mobile-header-display":"","site-post-title":"","ast-breadcrumbs-content":"","ast-featured-img":"","footer-sml-layout":"","ast-disable-related-posts":"","theme-transparent-header-meta":"","adv-header-id-meta":"","stick-header-meta":"","header-above-stick-meta":"","header-main-stick-meta":"","header-below-stick-meta":"","astra-migrate-meta-layouts":"default","ast-page-background-enabled":"default","ast-page-background-meta":{"desktop":{"background-color":"var(--ast-global-color-5)","background-image":"","background-repeat":"repeat","background-position":"center center","background-size":"auto","background-attachment":"scroll","background-type":"","background-media":"","overlay-type":"","overlay-color":"","overlay-opacity":"","overlay-gradient":""},"tablet":{"background-color":"","background-image":"","background-repeat":"repeat","background-position":"center center","background-size":"auto","background-attachment":"scroll","background-type":"","background-media":"","overlay-type":"","overlay-color":"","overlay-opacity":"","overlay-gradient":""},"mobile":{"background-color":"","background-image":"","background-repeat":"repeat","background-position":"center center","background-size":"auto","background-attachment":"scroll","background-type":"","background-media":"","overlay-type":"","overlay-color":"","overlay-opacity":"","overlay-gradient":""}},"ast-content-background-meta":{"desktop":{"background-color":"var(--ast-global-color-4)","background-image":"","background-repeat":"repeat","background-position":"center center","background-size":"auto","background-attachment":"scroll","background-type":"","background-media":"","overlay-type":"","overlay-color":"","overlay-opacity":"","overlay-gradient":""},"tablet":{"background-color":"var(--ast-global-color-4)","background-image":"","background-repeat":"repeat","background-position":"center center","background-size":"auto","background-attachment":"scroll","background-type":"","background-media":"","overlay-type":"","overlay-color":"","overlay-opacity":"","overlay-gradient":""},"mobile":{"background-color":"var(--ast-global-color-4)","background-image":"","background-repeat":"repeat","background-position":"center center","background-size":"auto","background-attachment":"scroll","background-type":"","background-media":"","overlay-type":"","overlay-color":"","overlay-opacity":"","overlay-gradient":""}},"footnotes":""},"class_list":["post-2585","page","type-page","status-publish","has-post-thumbnail","hentry"],"yoast_head":"<!-- This site is optimized with the Yoast SEO plugin v27.5 - https:\/\/yoast.com\/product\/yoast-seo-wordpress\/ -->\n<title>INGRID BETANCOURT - Abc-latina<\/title>\n<meta name=\"description\" content=\"Ingrid Betancourt, femme politique franco-colombienne.\" \/>\n<meta name=\"robots\" content=\"index, follow, max-snippet:-1, max-image-preview:large, max-video-preview:-1\" \/>\n<link rel=\"canonical\" href=\"https:\/\/abc-latina.com\/personnalites\/ingrid_betancourt\/\" \/>\n<meta property=\"og:locale\" content=\"fr_FR\" \/>\n<meta property=\"og:type\" content=\"article\" \/>\n<meta property=\"og:title\" content=\"INGRID BETANCOURT - Abc-latina\" \/>\n<meta property=\"og:description\" content=\"Ingrid Betancourt, femme politique franco-colombienne.\" \/>\n<meta property=\"og:url\" content=\"https:\/\/abc-latina.com\/personnalites\/ingrid_betancourt\/\" \/>\n<meta property=\"og:site_name\" content=\"Abc-latina\" \/>\n<meta property=\"article:modified_time\" content=\"2026-04-30T16:25:22+00:00\" \/>\n<meta property=\"og:image\" content=\"https:\/\/abc-latina.com\/wp-content\/uploads\/2010\/12\/ingrid-betancourt.jpg\" \/>\n\t<meta property=\"og:image:width\" content=\"220\" \/>\n\t<meta property=\"og:image:height\" content=\"220\" \/>\n\t<meta property=\"og:image:type\" content=\"image\/jpeg\" \/>\n<meta name=\"twitter:card\" content=\"summary_large_image\" \/>\n<meta name=\"twitter:label1\" content=\"Dur\u00e9e de lecture estim\u00e9e\" \/>\n\t<meta name=\"twitter:data1\" content=\"1 minute\" \/>\n<script type=\"application\/ld+json\" class=\"yoast-schema-graph\">{\"@context\":\"https:\\\/\\\/schema.org\",\"@graph\":[{\"@type\":\"WebPage\",\"@id\":\"https:\\\/\\\/abc-latina.com\\\/personnalites\\\/ingrid_betancourt\\\/\",\"url\":\"https:\\\/\\\/abc-latina.com\\\/personnalites\\\/ingrid_betancourt\\\/\",\"name\":\"INGRID BETANCOURT - Abc-latina\",\"isPartOf\":{\"@id\":\"https:\\\/\\\/abc-latina.com\\\/#website\"},\"primaryImageOfPage\":{\"@id\":\"https:\\\/\\\/abc-latina.com\\\/personnalites\\\/ingrid_betancourt\\\/#primaryimage\"},\"image\":{\"@id\":\"https:\\\/\\\/abc-latina.com\\\/personnalites\\\/ingrid_betancourt\\\/#primaryimage\"},\"thumbnailUrl\":\"https:\\\/\\\/abc-latina.com\\\/wp-content\\\/uploads\\\/2010\\\/12\\\/ingrid-betancourt.jpg\",\"datePublished\":\"2010-12-07T00:17:27+00:00\",\"dateModified\":\"2026-04-30T16:25:22+00:00\",\"description\":\"Ingrid Betancourt, femme politique franco-colombienne.\",\"breadcrumb\":{\"@id\":\"https:\\\/\\\/abc-latina.com\\\/personnalites\\\/ingrid_betancourt\\\/#breadcrumb\"},\"inLanguage\":\"fr-FR\",\"potentialAction\":[{\"@type\":\"ReadAction\",\"target\":[\"https:\\\/\\\/abc-latina.com\\\/personnalites\\\/ingrid_betancourt\\\/\"]}]},{\"@type\":\"ImageObject\",\"inLanguage\":\"fr-FR\",\"@id\":\"https:\\\/\\\/abc-latina.com\\\/personnalites\\\/ingrid_betancourt\\\/#primaryimage\",\"url\":\"https:\\\/\\\/abc-latina.com\\\/wp-content\\\/uploads\\\/2010\\\/12\\\/ingrid-betancourt.jpg\",\"contentUrl\":\"https:\\\/\\\/abc-latina.com\\\/wp-content\\\/uploads\\\/2010\\\/12\\\/ingrid-betancourt.jpg\",\"width\":220,\"height\":220,\"caption\":\"INGRID BETANCOURT\"},{\"@type\":\"BreadcrumbList\",\"@id\":\"https:\\\/\\\/abc-latina.com\\\/personnalites\\\/ingrid_betancourt\\\/#breadcrumb\",\"itemListElement\":[{\"@type\":\"ListItem\",\"position\":1,\"name\":\"Accueil\",\"item\":\"https:\\\/\\\/abc-latina.com\\\/\"},{\"@type\":\"ListItem\",\"position\":2,\"name\":\"INGRID BETANCOURT\"}]},{\"@type\":\"WebSite\",\"@id\":\"https:\\\/\\\/abc-latina.com\\\/#website\",\"url\":\"https:\\\/\\\/abc-latina.com\\\/\",\"name\":\"Abc-latina\",\"description\":\"\",\"publisher\":{\"@id\":\"https:\\\/\\\/abc-latina.com\\\/#organization\"},\"potentialAction\":[{\"@type\":\"SearchAction\",\"target\":{\"@type\":\"EntryPoint\",\"urlTemplate\":\"https:\\\/\\\/abc-latina.com\\\/?s={search_term_string}\"},\"query-input\":{\"@type\":\"PropertyValueSpecification\",\"valueRequired\":true,\"valueName\":\"search_term_string\"}}],\"inLanguage\":\"fr-FR\"},{\"@type\":\"Organization\",\"@id\":\"https:\\\/\\\/abc-latina.com\\\/#organization\",\"name\":\"Abc-latina\",\"url\":\"https:\\\/\\\/abc-latina.com\\\/\",\"logo\":{\"@type\":\"ImageObject\",\"inLanguage\":\"fr-FR\",\"@id\":\"https:\\\/\\\/abc-latina.com\\\/#\\\/schema\\\/logo\\\/image\\\/\",\"url\":\"https:\\\/\\\/abc-latina.com\\\/wp-content\\\/uploads\\\/2026\\\/05\\\/cropped-logo.gif\",\"contentUrl\":\"https:\\\/\\\/abc-latina.com\\\/wp-content\\\/uploads\\\/2026\\\/05\\\/cropped-logo.gif\",\"width\":89,\"height\":84,\"caption\":\"Abc-latina\"},\"image\":{\"@id\":\"https:\\\/\\\/abc-latina.com\\\/#\\\/schema\\\/logo\\\/image\\\/\"}}]}<\/script>\n<!-- \/ Yoast SEO plugin. -->","yoast_head_json":{"title":"INGRID BETANCOURT - Abc-latina","description":"Ingrid Betancourt, femme politique franco-colombienne.","robots":{"index":"index","follow":"follow","max-snippet":"max-snippet:-1","max-image-preview":"max-image-preview:large","max-video-preview":"max-video-preview:-1"},"canonical":"https:\/\/abc-latina.com\/personnalites\/ingrid_betancourt\/","og_locale":"fr_FR","og_type":"article","og_title":"INGRID BETANCOURT - Abc-latina","og_description":"Ingrid Betancourt, femme politique franco-colombienne.","og_url":"https:\/\/abc-latina.com\/personnalites\/ingrid_betancourt\/","og_site_name":"Abc-latina","article_modified_time":"2026-04-30T16:25:22+00:00","og_image":[{"width":220,"height":220,"url":"https:\/\/abc-latina.com\/wp-content\/uploads\/2010\/12\/ingrid-betancourt.jpg","type":"image\/jpeg"}],"twitter_card":"summary_large_image","twitter_misc":{"Dur\u00e9e de lecture estim\u00e9e":"1 minute"},"schema":{"@context":"https:\/\/schema.org","@graph":[{"@type":"WebPage","@id":"https:\/\/abc-latina.com\/personnalites\/ingrid_betancourt\/","url":"https:\/\/abc-latina.com\/personnalites\/ingrid_betancourt\/","name":"INGRID BETANCOURT - Abc-latina","isPartOf":{"@id":"https:\/\/abc-latina.com\/#website"},"primaryImageOfPage":{"@id":"https:\/\/abc-latina.com\/personnalites\/ingrid_betancourt\/#primaryimage"},"image":{"@id":"https:\/\/abc-latina.com\/personnalites\/ingrid_betancourt\/#primaryimage"},"thumbnailUrl":"https:\/\/abc-latina.com\/wp-content\/uploads\/2010\/12\/ingrid-betancourt.jpg","datePublished":"2010-12-07T00:17:27+00:00","dateModified":"2026-04-30T16:25:22+00:00","description":"Ingrid Betancourt, femme politique franco-colombienne.","breadcrumb":{"@id":"https:\/\/abc-latina.com\/personnalites\/ingrid_betancourt\/#breadcrumb"},"inLanguage":"fr-FR","potentialAction":[{"@type":"ReadAction","target":["https:\/\/abc-latina.com\/personnalites\/ingrid_betancourt\/"]}]},{"@type":"ImageObject","inLanguage":"fr-FR","@id":"https:\/\/abc-latina.com\/personnalites\/ingrid_betancourt\/#primaryimage","url":"https:\/\/abc-latina.com\/wp-content\/uploads\/2010\/12\/ingrid-betancourt.jpg","contentUrl":"https:\/\/abc-latina.com\/wp-content\/uploads\/2010\/12\/ingrid-betancourt.jpg","width":220,"height":220,"caption":"INGRID BETANCOURT"},{"@type":"BreadcrumbList","@id":"https:\/\/abc-latina.com\/personnalites\/ingrid_betancourt\/#breadcrumb","itemListElement":[{"@type":"ListItem","position":1,"name":"Accueil","item":"https:\/\/abc-latina.com\/"},{"@type":"ListItem","position":2,"name":"INGRID BETANCOURT"}]},{"@type":"WebSite","@id":"https:\/\/abc-latina.com\/#website","url":"https:\/\/abc-latina.com\/","name":"Abc-latina","description":"","publisher":{"@id":"https:\/\/abc-latina.com\/#organization"},"potentialAction":[{"@type":"SearchAction","target":{"@type":"EntryPoint","urlTemplate":"https:\/\/abc-latina.com\/?s={search_term_string}"},"query-input":{"@type":"PropertyValueSpecification","valueRequired":true,"valueName":"search_term_string"}}],"inLanguage":"fr-FR"},{"@type":"Organization","@id":"https:\/\/abc-latina.com\/#organization","name":"Abc-latina","url":"https:\/\/abc-latina.com\/","logo":{"@type":"ImageObject","inLanguage":"fr-FR","@id":"https:\/\/abc-latina.com\/#\/schema\/logo\/image\/","url":"https:\/\/abc-latina.com\/wp-content\/uploads\/2026\/05\/cropped-logo.gif","contentUrl":"https:\/\/abc-latina.com\/wp-content\/uploads\/2026\/05\/cropped-logo.gif","width":89,"height":84,"caption":"Abc-latina"},"image":{"@id":"https:\/\/abc-latina.com\/#\/schema\/logo\/image\/"}}]}},"_links":{"self":[{"href":"https:\/\/abc-latina.com\/wp-json\/wp\/v2\/pages\/2585","targetHints":{"allow":["GET"]}}],"collection":[{"href":"https:\/\/abc-latina.com\/wp-json\/wp\/v2\/pages"}],"about":[{"href":"https:\/\/abc-latina.com\/wp-json\/wp\/v2\/types\/page"}],"author":[{"embeddable":true,"href":"https:\/\/abc-latina.com\/wp-json\/wp\/v2\/users\/3"}],"replies":[{"embeddable":true,"href":"https:\/\/abc-latina.com\/wp-json\/wp\/v2\/comments?post=2585"}],"version-history":[{"count":1,"href":"https:\/\/abc-latina.com\/wp-json\/wp\/v2\/pages\/2585\/revisions"}],"predecessor-version":[{"id":3839,"href":"https:\/\/abc-latina.com\/wp-json\/wp\/v2\/pages\/2585\/revisions\/3839"}],"up":[{"embeddable":true,"href":"https:\/\/abc-latina.com\/wp-json\/wp\/v2\/pages\/2633"}],"wp:featuredmedia":[{"embeddable":true,"href":"https:\/\/abc-latina.com\/wp-json\/wp\/v2\/media\/2584"}],"wp:attachment":[{"href":"https:\/\/abc-latina.com\/wp-json\/wp\/v2\/media?parent=2585"}],"curies":[{"name":"wp","href":"https:\/\/api.w.org\/{rel}","templated":true}]}}