{"id":259,"date":"2010-06-04T03:47:05","date_gmt":"2010-06-04T01:47:05","guid":{"rendered":"http:\/\/abc-latina.com\/tortuguero-htm\/"},"modified":"2018-06-12T11:32:49","modified_gmt":"2018-06-12T09:32:49","slug":"tortuguero","status":"publish","type":"page","link":"https:\/\/abc-latina.com\/costarica\/tortuguero\/","title":{"rendered":"TORTUGUERO"},"content":{"rendered":"<div>La r\u00e9gion de Tortuguero inclut le village de Tortuguero, de nombreux canaux ainsi que le Parque Nacional Tortuguero. Il s&rsquo;agit de l&rsquo;une des r\u00e9gions les plus belles et int\u00e9ressantes du Costa Rica.<\/div>\n<div>C&rsquo;est le lieu r\u00eav\u00e9 ou vous pourrez observer la flore et la faune.<\/div>\n<div>&nbsp;<\/div>\n<div>La r\u00e9gion de Tortuguero s&rsquo;av\u00e8re riche d&rsquo;une faune et d&rsquo;une flore exceptionnelles comptant d&rsquo;innombrables esp\u00e8ces gr\u00e2ce \u00e0 son climat particulier. Ainsi, il tombe plus de 5 000 mm de pluie par an, soit un niveau de pluviosit\u00e9 parmi les plus \u00e9lev\u00e9s au monde. On ne peut pas vraiment parler de saison s\u00e8che, bien que les mois de f\u00e9vrier, mars et septembre soient ceux recevant le moins de pr\u00e9cipitations.<\/div>\n<div>&nbsp;<\/div>\n<div><a href=\"..\/tour_operateur\" target=\"_blank\"><img loading=\"lazy\" decoding=\"async\" class=\" size-full wp-image-41\" alt=\"\" class=\"touroperateur\" src=\"http:\/\/abc-latina.com\/wp-content\/uploads\/2010\/04\/timbre_to.gif\" width=\"125\" height=\"90\" \/><\/a>Le <span class=\"tourisme-chapitre\">Parque Nacional Tortuguero<\/span>, d&rsquo;une superficie terrestre de 18 946 ha et marine de 52 266 ha, a \u00e9t\u00e9 cr\u00e9\u00e9 en 1975 dans le but de prot\u00e9ger les tortues de la r\u00e9gion, ainsi que la for\u00eat et les canaux qui ne sont pas sans rappeler ceux de l&rsquo;Amazonie.<\/div>\n<div>Durant la nuit, quand la mar\u00e9e est haute, les tortues viennent pondre leurs oeufs toutes les deux ou quatre ans. Chaque femelle d\u00e9posera entre une et six port\u00e9es d&rsquo;oeufs \u00e0 10 \u00e0 14 jours d&rsquo;intervalle. Les tortues vertes viennent pondre entre les mois de juillet et d&rsquo;octobre, alors que les tortues luth s&rsquo;invitent entre f\u00e9vrier et juin.&nbsp;<\/div>\n<div>R\u00e9duire la faune de la r\u00e9gion de Tortuguero aux seules tortues serait oublier les 107 autres esp\u00e8ces de reptiles, 57 esp\u00e8ces d&rsquo;amphibiens, 55 esp\u00e8ces de poissons d&rsquo;eau douce, 60 esp\u00e8ces de mammif\u00e8res et plus de 300 esp\u00e8ces d&rsquo;oiseaux.&nbsp;<\/div>\n<div>Les ornithologues amateurs seront ravis de pouvoir facilement observer diff\u00e9rentes esp\u00e8ces de toucans, trogons, perroquets, h\u00e9rons et autres aigrettes.&nbsp;<\/div>\n<div>&nbsp;<\/div>\n<div>A 5 km du village de Tortugero, le Cerro Tortuguero domine la r\u00e9gion, on ne peut y acc\u00e9der que par bateau. Le chemin qui m\u00e8ne \u00e0 son sommet est relativement court mais abrupt. On pourra y voir des singes, des petites grenouilles venimeuses et color\u00e9es ainsi que des arbres et plantes multiples qui composent cette dense for\u00eat. Au sommet, la vue donne sur le sud, o\u00f9 les canaux, la mer et la for\u00eat s&rsquo;\u00e9tendent \u00e0 l&rsquo;infini.&nbsp;<\/div>\n<h3>Pr\u00e9parez votre voyage \u00e0 Tortuguero:<\/h3>\n<div><a href=\"https:\/\/www.abc-latina.com\/costarica\/agence_de_voyages\">Agences de voyage g\u00e9n\u00e9ralistes et discounteurs<\/a><\/div>\n<div><a href=\"https:\/\/www.abc-latina.com\/costarica\/tour_operateur\">Tours Op\u00e9rateurs sp\u00e9cialistes du Costa Rica<\/a><\/div>\n<div><a href=\"https:\/\/www.abc-latina.com\/to\/reservation_billet_avion\" target=\"_blank\">R\u00e9servez votre billet d&rsquo;avion<\/a><\/div>\n<div><a href=\"https:\/\/www.abc-latina.com\/costarica\/hotels\">R\u00e9servez votre h\u00f4tel \u00e0 Tortuguero<\/a>&nbsp;<\/div>\n<div><a href=\"https:\/\/www.abc-latina.com\/to\/location_de_voiture_costa_rica\" target=\"_blank\">Location de voiture<\/a><\/div>\n","protected":false},"excerpt":{"rendered":"<p>La r\u00e9gion de Tortuguero inclut le village de Tortuguero, de nombreux canaux ainsi que le Parque Nacional Tortuguero. Il s&rsquo;agit [&hellip;]<\/p>\n","protected":false},"author":3,"featured_media":41,"parent":2300,"menu_order":0,"comment_status":"closed","ping_status":"closed","template":"","meta":{"site-sidebar-layout":"default","site-content-layout":"","ast-site-content-layout":"default","site-content-style":"default","site-sidebar-style":"default","ast-global-header-display":"","ast-banner-title-visibility":"","ast-main-header-display":"","ast-hfb-above-header-display":"","ast-hfb-below-header-display":"","ast-hfb-mobile-header-display":"","site-post-title":"","ast-breadcrumbs-content":"","ast-featured-img":"","footer-sml-layout":"","ast-disable-related-posts":"","theme-transparent-header-meta":"","adv-header-id-meta":"","stick-header-meta":"","header-above-stick-meta":"","header-main-stick-meta":"","header-below-stick-meta":"","astra-migrate-meta-layouts":"default","ast-page-background-enabled":"default","ast-page-background-meta":{"desktop":{"background-color":"var(--ast-global-color-5)","background-image":"","background-repeat":"repeat","background-position":"center center","background-size":"auto","background-attachment":"scroll","background-type":"","background-media":"","overlay-type":"","overlay-color":"","overlay-opacity":"","overlay-gradient":""},"tablet":{"background-color":"","background-image":"","background-repeat":"repeat","background-position":"center center","background-size":"auto","background-attachment":"scroll","background-type":"","background-media":"","overlay-type":"","overlay-color":"","overlay-opacity":"","overlay-gradient":""},"mobile":{"background-color":"","background-image":"","background-repeat":"repeat","background-position":"center center","background-size":"auto","background-attachment":"scroll","background-type":"","background-media":"","overlay-type":"","overlay-color":"","overlay-opacity":"","overlay-gradient":""}},"ast-content-background-meta":{"desktop":{"background-color":"var(--ast-global-color-4)","background-image":"","background-repeat":"repeat","background-position":"center center","background-size":"auto","background-attachment":"scroll","background-type":"","background-media":"","overlay-type":"","overlay-color":"","overlay-opacity":"","overlay-gradient":""},"tablet":{"background-color":"var(--ast-global-color-4)","background-image":"","background-repeat":"repeat","background-position":"center center","background-size":"auto","background-attachment":"scroll","background-type":"","background-media":"","overlay-type":"","overlay-color":"","overlay-opacity":"","overlay-gradient":""},"mobile":{"background-color":"var(--ast-global-color-4)","background-image":"","background-repeat":"repeat","background-position":"center center","background-size":"auto","background-attachment":"scroll","background-type":"","background-media":"","overlay-type":"","overlay-color":"","overlay-opacity":"","overlay-gradient":""}},"footnotes":""},"class_list":["post-259","page","type-page","status-publish","has-post-thumbnail","hentry"],"yoast_head":"<!-- This site is optimized with the Yoast SEO plugin v27.5 - https:\/\/yoast.com\/product\/yoast-seo-wordpress\/ -->\n<title>TORTUGUERO - Abc-latina<\/title>\n<meta name=\"description\" content=\"La r\u00e9gion de Tortuguero s&#039;av\u00e8re riche d&#039;une faune et d&#039;une flore exceptionnelles comptant d&#039;innombrables esp\u00e8ces gr\u00e2ce \u00e0 son climat particulier.\" \/>\n<meta name=\"robots\" content=\"index, follow, max-snippet:-1, max-image-preview:large, max-video-preview:-1\" \/>\n<link rel=\"canonical\" href=\"https:\/\/abc-latina.com\/costarica\/tortuguero\/\" \/>\n<meta property=\"og:locale\" content=\"fr_FR\" \/>\n<meta property=\"og:type\" content=\"article\" \/>\n<meta property=\"og:title\" content=\"TORTUGUERO - Abc-latina\" \/>\n<meta property=\"og:description\" content=\"La r\u00e9gion de Tortuguero s&#039;av\u00e8re riche d&#039;une faune et d&#039;une flore exceptionnelles comptant d&#039;innombrables esp\u00e8ces gr\u00e2ce \u00e0 son climat particulier.\" \/>\n<meta property=\"og:url\" content=\"https:\/\/abc-latina.com\/costarica\/tortuguero\/\" \/>\n<meta property=\"og:site_name\" content=\"Abc-latina\" \/>\n<meta property=\"article:modified_time\" content=\"2018-06-12T09:32:49+00:00\" \/>\n<meta property=\"og:image\" content=\"https:\/\/abc-latina.com\/wp-content\/uploads\/2010\/04\/timbre_to.gif\" \/>\n\t<meta property=\"og:image:width\" content=\"125\" \/>\n\t<meta property=\"og:image:height\" content=\"90\" \/>\n\t<meta property=\"og:image:type\" content=\"image\/gif\" \/>\n<meta name=\"twitter:card\" content=\"summary_large_image\" \/>\n<meta name=\"twitter:label1\" content=\"Dur\u00e9e de lecture estim\u00e9e\" \/>\n\t<meta name=\"twitter:data1\" content=\"2 minutes\" \/>\n<script type=\"application\/ld+json\" class=\"yoast-schema-graph\">{\"@context\":\"https:\\\/\\\/schema.org\",\"@graph\":[{\"@type\":\"WebPage\",\"@id\":\"https:\\\/\\\/abc-latina.com\\\/costarica\\\/tortuguero\\\/\",\"url\":\"https:\\\/\\\/abc-latina.com\\\/costarica\\\/tortuguero\\\/\",\"name\":\"TORTUGUERO - Abc-latina\",\"isPartOf\":{\"@id\":\"https:\\\/\\\/abc-latina.com\\\/#website\"},\"primaryImageOfPage\":{\"@id\":\"https:\\\/\\\/abc-latina.com\\\/costarica\\\/tortuguero\\\/#primaryimage\"},\"image\":{\"@id\":\"https:\\\/\\\/abc-latina.com\\\/costarica\\\/tortuguero\\\/#primaryimage\"},\"thumbnailUrl\":\"https:\\\/\\\/abc-latina.com\\\/wp-content\\\/uploads\\\/2010\\\/04\\\/timbre_to.gif\",\"datePublished\":\"2010-06-04T01:47:05+00:00\",\"dateModified\":\"2018-06-12T09:32:49+00:00\",\"description\":\"La r\u00e9gion de Tortuguero s'av\u00e8re riche d'une faune et d'une flore exceptionnelles comptant d'innombrables esp\u00e8ces gr\u00e2ce \u00e0 son climat particulier.\",\"breadcrumb\":{\"@id\":\"https:\\\/\\\/abc-latina.com\\\/costarica\\\/tortuguero\\\/#breadcrumb\"},\"inLanguage\":\"fr-FR\",\"potentialAction\":[{\"@type\":\"ReadAction\",\"target\":[\"https:\\\/\\\/abc-latina.com\\\/costarica\\\/tortuguero\\\/\"]}]},{\"@type\":\"ImageObject\",\"inLanguage\":\"fr-FR\",\"@id\":\"https:\\\/\\\/abc-latina.com\\\/costarica\\\/tortuguero\\\/#primaryimage\",\"url\":\"https:\\\/\\\/abc-latina.com\\\/wp-content\\\/uploads\\\/2010\\\/04\\\/timbre_to.gif\",\"contentUrl\":\"https:\\\/\\\/abc-latina.com\\\/wp-content\\\/uploads\\\/2010\\\/04\\\/timbre_to.gif\",\"width\":125,\"height\":90},{\"@type\":\"BreadcrumbList\",\"@id\":\"https:\\\/\\\/abc-latina.com\\\/costarica\\\/tortuguero\\\/#breadcrumb\",\"itemListElement\":[{\"@type\":\"ListItem\",\"position\":1,\"name\":\"Accueil\",\"item\":\"https:\\\/\\\/abc-latina.com\\\/\"},{\"@type\":\"ListItem\",\"position\":2,\"name\":\"TORTUGUERO\"}]},{\"@type\":\"WebSite\",\"@id\":\"https:\\\/\\\/abc-latina.com\\\/#website\",\"url\":\"https:\\\/\\\/abc-latina.com\\\/\",\"name\":\"Abc-latina\",\"description\":\"\",\"publisher\":{\"@id\":\"https:\\\/\\\/abc-latina.com\\\/#organization\"},\"potentialAction\":[{\"@type\":\"SearchAction\",\"target\":{\"@type\":\"EntryPoint\",\"urlTemplate\":\"https:\\\/\\\/abc-latina.com\\\/?s={search_term_string}\"},\"query-input\":{\"@type\":\"PropertyValueSpecification\",\"valueRequired\":true,\"valueName\":\"search_term_string\"}}],\"inLanguage\":\"fr-FR\"},{\"@type\":\"Organization\",\"@id\":\"https:\\\/\\\/abc-latina.com\\\/#organization\",\"name\":\"Abc-latina\",\"url\":\"https:\\\/\\\/abc-latina.com\\\/\",\"logo\":{\"@type\":\"ImageObject\",\"inLanguage\":\"fr-FR\",\"@id\":\"https:\\\/\\\/abc-latina.com\\\/#\\\/schema\\\/logo\\\/image\\\/\",\"url\":\"https:\\\/\\\/abc-latina.com\\\/wp-content\\\/uploads\\\/2026\\\/05\\\/cropped-logo.gif\",\"contentUrl\":\"https:\\\/\\\/abc-latina.com\\\/wp-content\\\/uploads\\\/2026\\\/05\\\/cropped-logo.gif\",\"width\":89,\"height\":84,\"caption\":\"Abc-latina\"},\"image\":{\"@id\":\"https:\\\/\\\/abc-latina.com\\\/#\\\/schema\\\/logo\\\/image\\\/\"}}]}<\/script>\n<!-- \/ Yoast SEO plugin. -->","yoast_head_json":{"title":"TORTUGUERO - Abc-latina","description":"La r\u00e9gion de Tortuguero s'av\u00e8re riche d'une faune et d'une flore exceptionnelles comptant d'innombrables esp\u00e8ces gr\u00e2ce \u00e0 son climat particulier.","robots":{"index":"index","follow":"follow","max-snippet":"max-snippet:-1","max-image-preview":"max-image-preview:large","max-video-preview":"max-video-preview:-1"},"canonical":"https:\/\/abc-latina.com\/costarica\/tortuguero\/","og_locale":"fr_FR","og_type":"article","og_title":"TORTUGUERO - Abc-latina","og_description":"La r\u00e9gion de Tortuguero s'av\u00e8re riche d'une faune et d'une flore exceptionnelles comptant d'innombrables esp\u00e8ces gr\u00e2ce \u00e0 son climat particulier.","og_url":"https:\/\/abc-latina.com\/costarica\/tortuguero\/","og_site_name":"Abc-latina","article_modified_time":"2018-06-12T09:32:49+00:00","og_image":[{"width":125,"height":90,"url":"https:\/\/abc-latina.com\/wp-content\/uploads\/2010\/04\/timbre_to.gif","type":"image\/gif"}],"twitter_card":"summary_large_image","twitter_misc":{"Dur\u00e9e de lecture estim\u00e9e":"2 minutes"},"schema":{"@context":"https:\/\/schema.org","@graph":[{"@type":"WebPage","@id":"https:\/\/abc-latina.com\/costarica\/tortuguero\/","url":"https:\/\/abc-latina.com\/costarica\/tortuguero\/","name":"TORTUGUERO - Abc-latina","isPartOf":{"@id":"https:\/\/abc-latina.com\/#website"},"primaryImageOfPage":{"@id":"https:\/\/abc-latina.com\/costarica\/tortuguero\/#primaryimage"},"image":{"@id":"https:\/\/abc-latina.com\/costarica\/tortuguero\/#primaryimage"},"thumbnailUrl":"https:\/\/abc-latina.com\/wp-content\/uploads\/2010\/04\/timbre_to.gif","datePublished":"2010-06-04T01:47:05+00:00","dateModified":"2018-06-12T09:32:49+00:00","description":"La r\u00e9gion de Tortuguero s'av\u00e8re riche d'une faune et d'une flore exceptionnelles comptant d'innombrables esp\u00e8ces gr\u00e2ce \u00e0 son climat particulier.","breadcrumb":{"@id":"https:\/\/abc-latina.com\/costarica\/tortuguero\/#breadcrumb"},"inLanguage":"fr-FR","potentialAction":[{"@type":"ReadAction","target":["https:\/\/abc-latina.com\/costarica\/tortuguero\/"]}]},{"@type":"ImageObject","inLanguage":"fr-FR","@id":"https:\/\/abc-latina.com\/costarica\/tortuguero\/#primaryimage","url":"https:\/\/abc-latina.com\/wp-content\/uploads\/2010\/04\/timbre_to.gif","contentUrl":"https:\/\/abc-latina.com\/wp-content\/uploads\/2010\/04\/timbre_to.gif","width":125,"height":90},{"@type":"BreadcrumbList","@id":"https:\/\/abc-latina.com\/costarica\/tortuguero\/#breadcrumb","itemListElement":[{"@type":"ListItem","position":1,"name":"Accueil","item":"https:\/\/abc-latina.com\/"},{"@type":"ListItem","position":2,"name":"TORTUGUERO"}]},{"@type":"WebSite","@id":"https:\/\/abc-latina.com\/#website","url":"https:\/\/abc-latina.com\/","name":"Abc-latina","description":"","publisher":{"@id":"https:\/\/abc-latina.com\/#organization"},"potentialAction":[{"@type":"SearchAction","target":{"@type":"EntryPoint","urlTemplate":"https:\/\/abc-latina.com\/?s={search_term_string}"},"query-input":{"@type":"PropertyValueSpecification","valueRequired":true,"valueName":"search_term_string"}}],"inLanguage":"fr-FR"},{"@type":"Organization","@id":"https:\/\/abc-latina.com\/#organization","name":"Abc-latina","url":"https:\/\/abc-latina.com\/","logo":{"@type":"ImageObject","inLanguage":"fr-FR","@id":"https:\/\/abc-latina.com\/#\/schema\/logo\/image\/","url":"https:\/\/abc-latina.com\/wp-content\/uploads\/2026\/05\/cropped-logo.gif","contentUrl":"https:\/\/abc-latina.com\/wp-content\/uploads\/2026\/05\/cropped-logo.gif","width":89,"height":84,"caption":"Abc-latina"},"image":{"@id":"https:\/\/abc-latina.com\/#\/schema\/logo\/image\/"}}]}},"_links":{"self":[{"href":"https:\/\/abc-latina.com\/wp-json\/wp\/v2\/pages\/259","targetHints":{"allow":["GET"]}}],"collection":[{"href":"https:\/\/abc-latina.com\/wp-json\/wp\/v2\/pages"}],"about":[{"href":"https:\/\/abc-latina.com\/wp-json\/wp\/v2\/types\/page"}],"author":[{"embeddable":true,"href":"https:\/\/abc-latina.com\/wp-json\/wp\/v2\/users\/3"}],"replies":[{"embeddable":true,"href":"https:\/\/abc-latina.com\/wp-json\/wp\/v2\/comments?post=259"}],"version-history":[{"count":0,"href":"https:\/\/abc-latina.com\/wp-json\/wp\/v2\/pages\/259\/revisions"}],"up":[{"embeddable":true,"href":"https:\/\/abc-latina.com\/wp-json\/wp\/v2\/pages\/2300"}],"wp:featuredmedia":[{"embeddable":true,"href":"https:\/\/abc-latina.com\/wp-json\/wp\/v2\/media\/41"}],"wp:attachment":[{"href":"https:\/\/abc-latina.com\/wp-json\/wp\/v2\/media?parent=259"}],"curies":[{"name":"wp","href":"https:\/\/api.w.org\/{rel}","templated":true}]}}