{"id":2591,"date":"2010-12-08T02:42:45","date_gmt":"2010-12-08T01:42:45","guid":{"rendered":"http:\/\/abc-latina.com\/juan_peron-htm\/"},"modified":"2026-04-30T18:25:22","modified_gmt":"2026-04-30T16:25:22","slug":"juan_peron","status":"publish","type":"page","link":"https:\/\/abc-latina.com\/personnalites\/juan_peron\/","title":{"rendered":"JUAN PERON"},"content":{"rendered":"<div><img loading=\"lazy\" decoding=\"async\" class=\" alignright size-full wp-image-2590\" src=\"http:\/\/abc-latina.com\/wp-content\/uploads\/2010\/12\/juan-peron.jpg\" title=\"JUAN PERON\" alt=\"\" width=\"220\" vspace=\"9\" hspace=\"15\" height=\"220\" align=\"right\" srcset=\"https:\/\/abc-latina.com\/wp-content\/uploads\/2010\/12\/juan-peron.jpg 220w, https:\/\/abc-latina.com\/wp-content\/uploads\/2010\/12\/juan-peron-150x150.jpg 150w\" sizes=\"auto, (max-width: 220px) 100vw, 220px\" \/>Militaire argentin, <span style=\"color: rgb(255, 102, 0); \"><strong>Juan Per\u00f3n<\/strong><\/span>&nbsp;fut pr\u00e9sident de l&rsquo;<a target=\"_blank\" href=\"https:\/\/www.abc-latina.com\/argentine\/\">Argentine<\/a> de 1946 \u00e0 1955 et de 1973 \u00e0 1974.&nbsp;<\/div>\n<div>\n<div>N\u00e9 en 1895 dans une petite ville pr\u00e8s de Lobos (province de Buenos Aires), il est le fils de Mario Tom\u00e1s Per\u00f3n, fermier, et de Juana Sosa.<\/div>\n<div>Il entre \u00e0 l&rsquo;\u00e9cole militaire \u00e0 l&rsquo;\u00e2ge de 10 ans et fait rapidement de gros progr\u00e8s dans sa hi\u00e9rarchie. Il a servi en Italie vers la fin des ann\u00e9es 1930 en tant qu&rsquo;observateur militaire.<\/div>\n<div>&nbsp;<\/div>\n<div>Juan Per\u00f3n s&rsquo;est mari\u00e9 avec Aurelia Tiz\u00f3n le 5 janvier 1929, mais elle est d\u00e9c\u00e9d\u00e9e d&rsquo;un cancer de l&rsquo;ut\u00e9rus 13 ans plus tard. Sa nouvelle femme, <a href=\"evita_peron\">Eva Duarte de Per\u00f3n<\/a> (1919-26 juillet 1952) se marie avec lui le 21 octobre 1945 et a \u00e9t\u00e9 extr\u00eamement populaire dans le pays. Surnomm\u00e9e Evita, elle a aid\u00e9 son mari a s&rsquo;attirer le soutien des milieux ouvriers et des femmes. Elle est morte d&rsquo;un cancer en 1952 \u00e0 l&rsquo;\u00e2ge de 33 ans. Per\u00f3n f\u00fbt r\u00e9\u00e9lu en 1951, mais les probl\u00e8mes \u00e9conomiques, la corruption g\u00e9n\u00e9ralis\u00e9e et le conflit avec l&rsquo;\u00c9glise catholique ont contribu\u00e9 \u00e0 sa chute apr\u00e8s le coup d&rsquo;\u00e9tat militaire de septembre 1955. Il s&rsquo;est alors exil\u00e9 au <a target=\"_blank\" href=\"https:\/\/www.abc-latina.com\/paraguay\/\">Paraguay<\/a> et install\u00e9 quelques temps \u00e0 Madrid. Il s&rsquo;est ensuite remari\u00e9 \u00e0 la chanteuse de cabaret Isabel Mart\u00ednez de Per\u00f3n en 1961.&nbsp;<\/div>\n<div>Il mourut le 1er juillet 1974.<\/div>\n<div>&nbsp;<\/div>\n<div><span class=\"person\">Rep\u00e8res<\/span><\/div>\n<div><span class=\"person-date\">1895<\/span> &#8211; Naissance de Juan&nbsp;Per\u00f3n<\/div>\n<div><span class=\"person-date\">1946<\/span> &#8211; Il est \u00e9lu \u00e0 la pr\u00e9sidence de la nation argentine<\/div>\n<div><span class=\"person-date\">1973<\/span> &#8211; Il est de nouveau \u00e9lu \u00e0 la t\u00eate de la nation<\/div>\n<div><span class=\"person-date\">1974<\/span> &#8211; Il meurt \u00e0 l&rsquo;age de 78 ans<\/div>\n<div>&nbsp;<\/div>\n<div><span class=\"tourisme-chapitre\">Personnalit\u00e9s argentines<\/span><\/div>\n<div><a href=\"bernardino_rivadavia\">Bernardino Rivadavia<\/a><\/div>\n<div><a href=\"ernesto_guevara\">Che Guevara<\/a><\/div>\n<div><a href=\"cristina_kirchner\">Cristina Kirchner<\/a><\/div>\n<div><a href=\"evita_peron\">Evita Peron<\/a><\/div>\n<div><a href=\"jorge_rafael_videla\">Jorge Rafael Videla<\/a><\/div>\n<div><a href=\"juan_peron\">Juan Peron<\/a><\/div>\n<div><a href=\"nestor_kirchner\">Nestor Kirchner<\/a><\/div>\n<div><a href=\"personnalites-argentines\">Tous les argentins<\/a><\/div>\n<\/div>\n","protected":false},"excerpt":{"rendered":"<p>Militaire argentin, Juan Per\u00f3n&nbsp;fut pr\u00e9sident de l&rsquo;Argentine de 1946 \u00e0 1955 et de 1973 \u00e0 1974.&nbsp; N\u00e9 en 1895 dans [&hellip;]<\/p>\n","protected":false},"author":3,"featured_media":2590,"parent":2633,"menu_order":0,"comment_status":"closed","ping_status":"closed","template":"","meta":{"site-sidebar-layout":"default","site-content-layout":"","ast-site-content-layout":"default","site-content-style":"default","site-sidebar-style":"default","ast-global-header-display":"","ast-banner-title-visibility":"","ast-main-header-display":"","ast-hfb-above-header-display":"","ast-hfb-below-header-display":"","ast-hfb-mobile-header-display":"","site-post-title":"","ast-breadcrumbs-content":"","ast-featured-img":"","footer-sml-layout":"","ast-disable-related-posts":"","theme-transparent-header-meta":"","adv-header-id-meta":"","stick-header-meta":"","header-above-stick-meta":"","header-main-stick-meta":"","header-below-stick-meta":"","astra-migrate-meta-layouts":"default","ast-page-background-enabled":"default","ast-page-background-meta":{"desktop":{"background-color":"var(--ast-global-color-5)","background-image":"","background-repeat":"repeat","background-position":"center center","background-size":"auto","background-attachment":"scroll","background-type":"","background-media":"","overlay-type":"","overlay-color":"","overlay-opacity":"","overlay-gradient":""},"tablet":{"background-color":"","background-image":"","background-repeat":"repeat","background-position":"center center","background-size":"auto","background-attachment":"scroll","background-type":"","background-media":"","overlay-type":"","overlay-color":"","overlay-opacity":"","overlay-gradient":""},"mobile":{"background-color":"","background-image":"","background-repeat":"repeat","background-position":"center center","background-size":"auto","background-attachment":"scroll","background-type":"","background-media":"","overlay-type":"","overlay-color":"","overlay-opacity":"","overlay-gradient":""}},"ast-content-background-meta":{"desktop":{"background-color":"var(--ast-global-color-4)","background-image":"","background-repeat":"repeat","background-position":"center center","background-size":"auto","background-attachment":"scroll","background-type":"","background-media":"","overlay-type":"","overlay-color":"","overlay-opacity":"","overlay-gradient":""},"tablet":{"background-color":"var(--ast-global-color-4)","background-image":"","background-repeat":"repeat","background-position":"center center","background-size":"auto","background-attachment":"scroll","background-type":"","background-media":"","overlay-type":"","overlay-color":"","overlay-opacity":"","overlay-gradient":""},"mobile":{"background-color":"var(--ast-global-color-4)","background-image":"","background-repeat":"repeat","background-position":"center center","background-size":"auto","background-attachment":"scroll","background-type":"","background-media":"","overlay-type":"","overlay-color":"","overlay-opacity":"","overlay-gradient":""}},"footnotes":""},"class_list":["post-2591","page","type-page","status-publish","has-post-thumbnail","hentry"],"yoast_head":"<!-- This site is optimized with the Yoast SEO plugin v27.5 - https:\/\/yoast.com\/product\/yoast-seo-wordpress\/ -->\n<title>JUAN PERON - Abc-latina<\/title>\n<meta name=\"description\" content=\"Juan Domingo Peron.\" \/>\n<meta name=\"robots\" content=\"index, follow, max-snippet:-1, max-image-preview:large, max-video-preview:-1\" \/>\n<link rel=\"canonical\" href=\"https:\/\/abc-latina.com\/personnalites\/juan_peron\/\" \/>\n<meta property=\"og:locale\" content=\"fr_FR\" \/>\n<meta property=\"og:type\" content=\"article\" \/>\n<meta property=\"og:title\" content=\"JUAN PERON - Abc-latina\" \/>\n<meta property=\"og:description\" content=\"Juan Domingo Peron.\" \/>\n<meta property=\"og:url\" content=\"https:\/\/abc-latina.com\/personnalites\/juan_peron\/\" \/>\n<meta property=\"og:site_name\" content=\"Abc-latina\" \/>\n<meta property=\"article:modified_time\" content=\"2026-04-30T16:25:22+00:00\" \/>\n<meta property=\"og:image\" content=\"https:\/\/abc-latina.com\/wp-content\/uploads\/2010\/12\/juan-peron.jpg\" \/>\n\t<meta property=\"og:image:width\" content=\"220\" \/>\n\t<meta property=\"og:image:height\" content=\"220\" \/>\n\t<meta property=\"og:image:type\" content=\"image\/jpeg\" \/>\n<meta name=\"twitter:card\" content=\"summary_large_image\" \/>\n<meta name=\"twitter:label1\" content=\"Dur\u00e9e de lecture estim\u00e9e\" \/>\n\t<meta name=\"twitter:data1\" content=\"1 minute\" \/>\n<script type=\"application\/ld+json\" class=\"yoast-schema-graph\">{\"@context\":\"https:\\\/\\\/schema.org\",\"@graph\":[{\"@type\":\"WebPage\",\"@id\":\"https:\\\/\\\/abc-latina.com\\\/personnalites\\\/juan_peron\\\/\",\"url\":\"https:\\\/\\\/abc-latina.com\\\/personnalites\\\/juan_peron\\\/\",\"name\":\"JUAN PERON - Abc-latina\",\"isPartOf\":{\"@id\":\"https:\\\/\\\/abc-latina.com\\\/#website\"},\"primaryImageOfPage\":{\"@id\":\"https:\\\/\\\/abc-latina.com\\\/personnalites\\\/juan_peron\\\/#primaryimage\"},\"image\":{\"@id\":\"https:\\\/\\\/abc-latina.com\\\/personnalites\\\/juan_peron\\\/#primaryimage\"},\"thumbnailUrl\":\"https:\\\/\\\/abc-latina.com\\\/wp-content\\\/uploads\\\/2010\\\/12\\\/juan-peron.jpg\",\"datePublished\":\"2010-12-08T01:42:45+00:00\",\"dateModified\":\"2026-04-30T16:25:22+00:00\",\"description\":\"Juan Domingo Peron.\",\"breadcrumb\":{\"@id\":\"https:\\\/\\\/abc-latina.com\\\/personnalites\\\/juan_peron\\\/#breadcrumb\"},\"inLanguage\":\"fr-FR\",\"potentialAction\":[{\"@type\":\"ReadAction\",\"target\":[\"https:\\\/\\\/abc-latina.com\\\/personnalites\\\/juan_peron\\\/\"]}]},{\"@type\":\"ImageObject\",\"inLanguage\":\"fr-FR\",\"@id\":\"https:\\\/\\\/abc-latina.com\\\/personnalites\\\/juan_peron\\\/#primaryimage\",\"url\":\"https:\\\/\\\/abc-latina.com\\\/wp-content\\\/uploads\\\/2010\\\/12\\\/juan-peron.jpg\",\"contentUrl\":\"https:\\\/\\\/abc-latina.com\\\/wp-content\\\/uploads\\\/2010\\\/12\\\/juan-peron.jpg\",\"width\":220,\"height\":220,\"caption\":\"JUAN PERON\"},{\"@type\":\"BreadcrumbList\",\"@id\":\"https:\\\/\\\/abc-latina.com\\\/personnalites\\\/juan_peron\\\/#breadcrumb\",\"itemListElement\":[{\"@type\":\"ListItem\",\"position\":1,\"name\":\"Accueil\",\"item\":\"https:\\\/\\\/abc-latina.com\\\/\"},{\"@type\":\"ListItem\",\"position\":2,\"name\":\"JUAN PERON\"}]},{\"@type\":\"WebSite\",\"@id\":\"https:\\\/\\\/abc-latina.com\\\/#website\",\"url\":\"https:\\\/\\\/abc-latina.com\\\/\",\"name\":\"Abc-latina\",\"description\":\"\",\"publisher\":{\"@id\":\"https:\\\/\\\/abc-latina.com\\\/#organization\"},\"potentialAction\":[{\"@type\":\"SearchAction\",\"target\":{\"@type\":\"EntryPoint\",\"urlTemplate\":\"https:\\\/\\\/abc-latina.com\\\/?s={search_term_string}\"},\"query-input\":{\"@type\":\"PropertyValueSpecification\",\"valueRequired\":true,\"valueName\":\"search_term_string\"}}],\"inLanguage\":\"fr-FR\"},{\"@type\":\"Organization\",\"@id\":\"https:\\\/\\\/abc-latina.com\\\/#organization\",\"name\":\"Abc-latina\",\"url\":\"https:\\\/\\\/abc-latina.com\\\/\",\"logo\":{\"@type\":\"ImageObject\",\"inLanguage\":\"fr-FR\",\"@id\":\"https:\\\/\\\/abc-latina.com\\\/#\\\/schema\\\/logo\\\/image\\\/\",\"url\":\"https:\\\/\\\/abc-latina.com\\\/wp-content\\\/uploads\\\/2026\\\/05\\\/cropped-logo.gif\",\"contentUrl\":\"https:\\\/\\\/abc-latina.com\\\/wp-content\\\/uploads\\\/2026\\\/05\\\/cropped-logo.gif\",\"width\":89,\"height\":84,\"caption\":\"Abc-latina\"},\"image\":{\"@id\":\"https:\\\/\\\/abc-latina.com\\\/#\\\/schema\\\/logo\\\/image\\\/\"}}]}<\/script>\n<!-- \/ Yoast SEO plugin. -->","yoast_head_json":{"title":"JUAN PERON - Abc-latina","description":"Juan Domingo Peron.","robots":{"index":"index","follow":"follow","max-snippet":"max-snippet:-1","max-image-preview":"max-image-preview:large","max-video-preview":"max-video-preview:-1"},"canonical":"https:\/\/abc-latina.com\/personnalites\/juan_peron\/","og_locale":"fr_FR","og_type":"article","og_title":"JUAN PERON - Abc-latina","og_description":"Juan Domingo Peron.","og_url":"https:\/\/abc-latina.com\/personnalites\/juan_peron\/","og_site_name":"Abc-latina","article_modified_time":"2026-04-30T16:25:22+00:00","og_image":[{"width":220,"height":220,"url":"https:\/\/abc-latina.com\/wp-content\/uploads\/2010\/12\/juan-peron.jpg","type":"image\/jpeg"}],"twitter_card":"summary_large_image","twitter_misc":{"Dur\u00e9e de lecture estim\u00e9e":"1 minute"},"schema":{"@context":"https:\/\/schema.org","@graph":[{"@type":"WebPage","@id":"https:\/\/abc-latina.com\/personnalites\/juan_peron\/","url":"https:\/\/abc-latina.com\/personnalites\/juan_peron\/","name":"JUAN PERON - Abc-latina","isPartOf":{"@id":"https:\/\/abc-latina.com\/#website"},"primaryImageOfPage":{"@id":"https:\/\/abc-latina.com\/personnalites\/juan_peron\/#primaryimage"},"image":{"@id":"https:\/\/abc-latina.com\/personnalites\/juan_peron\/#primaryimage"},"thumbnailUrl":"https:\/\/abc-latina.com\/wp-content\/uploads\/2010\/12\/juan-peron.jpg","datePublished":"2010-12-08T01:42:45+00:00","dateModified":"2026-04-30T16:25:22+00:00","description":"Juan Domingo Peron.","breadcrumb":{"@id":"https:\/\/abc-latina.com\/personnalites\/juan_peron\/#breadcrumb"},"inLanguage":"fr-FR","potentialAction":[{"@type":"ReadAction","target":["https:\/\/abc-latina.com\/personnalites\/juan_peron\/"]}]},{"@type":"ImageObject","inLanguage":"fr-FR","@id":"https:\/\/abc-latina.com\/personnalites\/juan_peron\/#primaryimage","url":"https:\/\/abc-latina.com\/wp-content\/uploads\/2010\/12\/juan-peron.jpg","contentUrl":"https:\/\/abc-latina.com\/wp-content\/uploads\/2010\/12\/juan-peron.jpg","width":220,"height":220,"caption":"JUAN PERON"},{"@type":"BreadcrumbList","@id":"https:\/\/abc-latina.com\/personnalites\/juan_peron\/#breadcrumb","itemListElement":[{"@type":"ListItem","position":1,"name":"Accueil","item":"https:\/\/abc-latina.com\/"},{"@type":"ListItem","position":2,"name":"JUAN PERON"}]},{"@type":"WebSite","@id":"https:\/\/abc-latina.com\/#website","url":"https:\/\/abc-latina.com\/","name":"Abc-latina","description":"","publisher":{"@id":"https:\/\/abc-latina.com\/#organization"},"potentialAction":[{"@type":"SearchAction","target":{"@type":"EntryPoint","urlTemplate":"https:\/\/abc-latina.com\/?s={search_term_string}"},"query-input":{"@type":"PropertyValueSpecification","valueRequired":true,"valueName":"search_term_string"}}],"inLanguage":"fr-FR"},{"@type":"Organization","@id":"https:\/\/abc-latina.com\/#organization","name":"Abc-latina","url":"https:\/\/abc-latina.com\/","logo":{"@type":"ImageObject","inLanguage":"fr-FR","@id":"https:\/\/abc-latina.com\/#\/schema\/logo\/image\/","url":"https:\/\/abc-latina.com\/wp-content\/uploads\/2026\/05\/cropped-logo.gif","contentUrl":"https:\/\/abc-latina.com\/wp-content\/uploads\/2026\/05\/cropped-logo.gif","width":89,"height":84,"caption":"Abc-latina"},"image":{"@id":"https:\/\/abc-latina.com\/#\/schema\/logo\/image\/"}}]}},"_links":{"self":[{"href":"https:\/\/abc-latina.com\/wp-json\/wp\/v2\/pages\/2591","targetHints":{"allow":["GET"]}}],"collection":[{"href":"https:\/\/abc-latina.com\/wp-json\/wp\/v2\/pages"}],"about":[{"href":"https:\/\/abc-latina.com\/wp-json\/wp\/v2\/types\/page"}],"author":[{"embeddable":true,"href":"https:\/\/abc-latina.com\/wp-json\/wp\/v2\/users\/3"}],"replies":[{"embeddable":true,"href":"https:\/\/abc-latina.com\/wp-json\/wp\/v2\/comments?post=2591"}],"version-history":[{"count":1,"href":"https:\/\/abc-latina.com\/wp-json\/wp\/v2\/pages\/2591\/revisions"}],"predecessor-version":[{"id":3843,"href":"https:\/\/abc-latina.com\/wp-json\/wp\/v2\/pages\/2591\/revisions\/3843"}],"up":[{"embeddable":true,"href":"https:\/\/abc-latina.com\/wp-json\/wp\/v2\/pages\/2633"}],"wp:featuredmedia":[{"embeddable":true,"href":"https:\/\/abc-latina.com\/wp-json\/wp\/v2\/media\/2590"}],"wp:attachment":[{"href":"https:\/\/abc-latina.com\/wp-json\/wp\/v2\/media?parent=2591"}],"curies":[{"name":"wp","href":"https:\/\/api.w.org\/{rel}","templated":true}]}}