{"id":2594,"date":"2010-12-08T02:59:06","date_gmt":"2010-12-08T01:59:06","guid":{"rendered":"http:\/\/abc-latina.com\/juan_velasco_alvarado-htm\/"},"modified":"2026-04-30T18:25:22","modified_gmt":"2026-04-30T16:25:22","slug":"juan_velasco_alvarado","status":"publish","type":"page","link":"https:\/\/abc-latina.com\/personnalites\/juan_velasco_alvarado\/","title":{"rendered":"JUAN VELASCO ALVARADO"},"content":{"rendered":"<div><span style=\"color: rgb(255, 102, 0); \"><strong><img loading=\"lazy\" decoding=\"async\" class=\" alignright size-full wp-image-2593\" src=\"http:\/\/abc-latina.com\/wp-content\/uploads\/2010\/12\/velasco-alvarado.jpg\" title=\"JUAN VELASCO\" alt=\"\" width=\"220\" vspace=\"9\" hspace=\"15\" height=\"220\" align=\"right\" srcset=\"https:\/\/abc-latina.com\/wp-content\/uploads\/2010\/12\/velasco-alvarado.jpg 220w, https:\/\/abc-latina.com\/wp-content\/uploads\/2010\/12\/velasco-alvarado-150x150.jpg 150w\" sizes=\"auto, (max-width: 220px) 100vw, 220px\" \/>Velasco Alvarado<\/strong><\/span> est un militaire et homme politique p\u00e9ruvien n\u00e9 \u00e0 Piura le 16 juin 1910 et mort \u00e0 Lima le 24 d\u00e9cembre 1977. Il fut Pr\u00e9sident du <strong><a target=\"_blank\" href=\"https:\/\/www.abc-latina.com\/perou\/\">P\u00e9rou<\/a>&nbsp;<\/strong>entre 1968 et 1975 avec le titre de Pr\u00e9sident du Gouvernement r\u00e9volutionnaire.<\/div>\n<div>&nbsp;<\/div>\n<div>Fils de Manuel Jos\u00e9 Velasco et de Clara Luz Alvarado, il grandit au sein d&rsquo;une famille modeste. Il \u00e9pouse Consuelo Gonz\u00e1les Arriola. Il int\u00e8gre l&rsquo;Arm\u00e9e p\u00e9ruvienne, dans l&rsquo;infanterie, en 1929. En raison de son excellente discipline, il est s\u00e9lectionn\u00e9 pour entrer \u00e0 l&rsquo;Acad\u00e9mie militaire de Chorrillos. En 1934, il sort parmi les meilleurs de sa promotion. Il conservera des liens \u00e9troits avec ses camarades, dont la plupart \u00e9tudieront au Centre des Hautes \u00c9tudes militaires (CAEM). En 1965, il acc\u00e8de au grade de g\u00e9n\u00e9ral de division.<\/div>\n<div>&nbsp;<\/div>\n<div>Le gouvernement r\u00e9volutionnaire militaire (1968-1975)&nbsp;<\/div>\n<div>Devenu commandant g\u00e9n\u00e9ral de l&rsquo;Arm\u00e9e, il est \u00e0 la t\u00eate de la Junte militaire qui renverse le pr\u00e9sident <a href=\"https:\/\/www.abc-latina.com\/personnalites\/fernando_belaunde_terry\">Fernando Bela\u00fande Terry<\/a> le 3 octobre 1968, apr\u00e8s sa tentative d&rsquo;exproprier les compagnies p\u00e9troli\u00e8res \u00e9tats-uniennes.<\/div>\n<div>&nbsp;<\/div>\n<div>Velasco constitue un cabinet de ministres militaires, le &laquo; Gouvernement r\u00e9volutionnaire des Forces arm\u00e9es.&raquo; Il nationalise imm\u00e9diatement le secteur p\u00e9trolier, l&rsquo;Arm\u00e9e prend le contr\u00f4le des puits de p\u00e9trole le 8 octobre. Il restreint la libert\u00e9 de la presse, lance une r\u00e9forme agraire et nationalise les secteurs cl\u00e9 de l&rsquo;\u00e9conomie. Les p\u00eacheries, les mines, les t\u00e9l\u00e9communications, l&rsquo;\u00e9nergie, le p\u00e9trole, sont regroup\u00e9s dans des conglom\u00e9rats administr\u00e9s par l&rsquo;\u00c9tat (PescaPeru, MineroPeru, PetroPeru, ElectroPeru, EntelPeru, etc.). Le taux de change et le commerce ext\u00e9rieur sont \u00e9troitement contr\u00f4l\u00e9s.<\/div>\n<div>&nbsp;<\/div>\n<div>La pierre angulaire de la politique \u00e9conomique de ce gouvernement est la r\u00e9forme agraire visant \u00e0 \u00e9liminer les grandes haciendas. Les opposants \u00e0 ce programme crient \u00e0 la confiscation, car les biens expropri\u00e9s sont pay\u00e9s en bons non-n\u00e9gociables risquant de perdre toute valeur avec l&rsquo;inflation.<\/div>\n<div>&nbsp;<\/div>\n<div>Le r\u00e9gime de Velasco, appel\u00e9 le Velascato, se caract\u00e9rise aussi par un pouvoir de plus en plus autoritaire. Il ne tol\u00e8re aucune dissidence, emprisonnant, d\u00e9portant et harcelant les personnes suspect\u00e9es d&rsquo;\u00eatre des opposants. Il suspend et censure les m\u00e9dias audio-visuels et \u00e9crits, pour finalement tous les exproprier en 1974 et envoyer leurs propri\u00e9taires en exil.<\/div>\n<div>&nbsp;<\/div>\n<div>En politique ext\u00e9rieure, contrastant avec les dictatures militaires latino-am\u00e9ricaines contemporaines, qui sont de droite pour la plupart, il \u00e9tablit un partenariat avec le bloc sovi\u00e9tique, se rapproche de <a target=\"_blank\" href=\"https:\/\/www.abc-latina.com\/cuba\/\">Cuba<\/a> et de <a href=\"https:\/\/www.abc-latina.com\/personnalites\/fidel_castro\">Fidel Castro<\/a> et ach\u00e8te du mat\u00e9riel militaire sovi\u00e9tique. Ceci lui vaut l&rsquo;hostilit\u00e9 des \u00c9tats-Unis, qui r\u00e9pondent par des pressions commerciales, \u00e9conomiques et diplomatiques.<\/div>\n<div>&nbsp;<\/div>\n<div>En \u00e9conomie, la politique du gouvernement de Velasco s&rsquo;av\u00e8re inefficace. Les entit\u00e9s industrielles dirig\u00e9es par l&rsquo;administration sont sources de corruption et d&rsquo;incomp\u00e9tence et absorbent les ressources du budget. La dette de l&rsquo;\u00c9tat et la politique inflationniste contraignent \u00e0 d\u00e9valuer la monnaie.<\/div>\n<div>&nbsp;<\/div>\n<div>La p\u00eache et l&rsquo;agriculture sont des \u00e9checs particuli\u00e8rement patents. PescaPeru surp\u00eache l&rsquo;anchois qui sert principalement pour la production de farine de poisson et est un \u00e9l\u00e9ment-cl\u00e9 dans l&rsquo;\u00e9cosyst\u00e8me marin p\u00e9ruvien. La production atteint des records pendant les premi\u00e8res ann\u00e9es mais s&rsquo;ajoutant aux effets du ph\u00e9nom\u00e8ne El Ni\u00f1o de 1972, cela conduit \u00e0 une chute vertigineuse des prises \u00e0 tel point qu&rsquo;il faudra plus d&rsquo;une d\u00e9cennie pour retrouver un niveau d&rsquo;activit\u00e9 correct. La r\u00e9forme agraire mal conduite se traduit quant \u00e0 elle par la cr\u00e9ation de milliers de fermiers sans capitaux et pour la plupart insuffisamment form\u00e9s. La production et la distribution agricoles descendent nettement en dessous du niveau ant\u00e9rieur \u00e0 la r\u00e9forme. Avec les restrictions apport\u00e9es au commerce, ceci a pour cons\u00e9quence des p\u00e9nuries p\u00e9riodiques, du rationnement, et nourrit le malaise social.<\/div>\n<div>&nbsp;<\/div>\n<div>Velasco chass\u00e9 du pouvoir<\/div>\n<div>Ces difficult\u00e9s \u00e9conomiques et l&rsquo;opposition politique croissante apr\u00e8s le coup port\u00e9 \u00e0 la presse en 1974 finissent par affaiblir l&rsquo;administration Velasco et conduisent \u00e0 sa chute. Le 29 ao\u00fbt 1975, un groupe de commandants militaires importants (des 1\u00e8re, 2e, 3e, 4e, et 5e r\u00e9gions militaires) provoque un coup d&rsquo;\u00c9tat qui sera surnomm\u00e9 le Tacnazo car il a lieu dans la ville de Tacna au sud du pays. Les commandants d\u00e9clarent que Velasco a \u00e9chou\u00e9 \u00e0 atteindre les buts de la &laquo; R\u00e9volution p\u00e9ruvienne &raquo; et est dans l&rsquo;incapacit\u00e9 de rester \u00e0 son poste.<\/div>\n<div>&nbsp;<\/div>\n<div>Le g\u00e9n\u00e9ral <a href=\"https:\/\/www.abc-latina.com\/personnalites\/francisco_morales_bermudez\">Francisco Morales Berm\u00fadez Cerruti<\/a>, alors pr\u00e9sident du Conseil des ministres, rel\u00e8ve Velasco de ses fonctions et est nomm\u00e9 pr\u00e9sident, par une d\u00e9cision unanime de la nouvelle junte militaire. Il prend pour pr\u00e9texte la mauvaise situation \u00e9conomique et la sant\u00e9 fragile de Velasco, \u00e0 qui on a d\u00fb amputer une jambe en 1973 suite \u00e0 une embolie et dont on dit que les facult\u00e9s cognitives sont affect\u00e9es par des probl\u00e8mes circulatoires. Ce dernier se trouve alors en convalescence \u00e0 Chaclacayo, pr\u00e8s de Lima. Il d\u00e9cide de se r\u00e9unir avec son conseil des ministres mais il se rend compte qu&rsquo;il n&rsquo;y a pratiquement plus rien \u00e0 faire. Il r\u00e9dige un dernier discours \u00e0 la nation dans lequel il fait part de sa d\u00e9cision de ne pas opposer de r\u00e9sistance.<\/div>\n<div>&nbsp;<\/div>\n<div>Ecart\u00e9 du pouvoir, Velasco d\u00e9c\u00e8dera \u00e0 l&rsquo;H\u00f4pital militaire de <a target=\"_blank\" href=\"https:\/\/www.abc-latina.com\/perou\/lima\">Lima<\/a> en 1977.<\/div>\n<div>&nbsp;<\/div>\n<div><span class=\"tsource\">Source Wikip\u00e9dia<\/span><\/div>\n","protected":false},"excerpt":{"rendered":"<p>Velasco Alvarado est un militaire et homme politique p\u00e9ruvien n\u00e9 \u00e0 Piura le 16 juin 1910 et mort \u00e0 Lima [&hellip;]<\/p>\n","protected":false},"author":3,"featured_media":2593,"parent":2633,"menu_order":0,"comment_status":"closed","ping_status":"closed","template":"","meta":{"site-sidebar-layout":"default","site-content-layout":"","ast-site-content-layout":"default","site-content-style":"default","site-sidebar-style":"default","ast-global-header-display":"","ast-banner-title-visibility":"","ast-main-header-display":"","ast-hfb-above-header-display":"","ast-hfb-below-header-display":"","ast-hfb-mobile-header-display":"","site-post-title":"","ast-breadcrumbs-content":"","ast-featured-img":"","footer-sml-layout":"","ast-disable-related-posts":"","theme-transparent-header-meta":"","adv-header-id-meta":"","stick-header-meta":"","header-above-stick-meta":"","header-main-stick-meta":"","header-below-stick-meta":"","astra-migrate-meta-layouts":"default","ast-page-background-enabled":"default","ast-page-background-meta":{"desktop":{"background-color":"var(--ast-global-color-5)","background-image":"","background-repeat":"repeat","background-position":"center center","background-size":"auto","background-attachment":"scroll","background-type":"","background-media":"","overlay-type":"","overlay-color":"","overlay-opacity":"","overlay-gradient":""},"tablet":{"background-color":"","background-image":"","background-repeat":"repeat","background-position":"center center","background-size":"auto","background-attachment":"scroll","background-type":"","background-media":"","overlay-type":"","overlay-color":"","overlay-opacity":"","overlay-gradient":""},"mobile":{"background-color":"","background-image":"","background-repeat":"repeat","background-position":"center center","background-size":"auto","background-attachment":"scroll","background-type":"","background-media":"","overlay-type":"","overlay-color":"","overlay-opacity":"","overlay-gradient":""}},"ast-content-background-meta":{"desktop":{"background-color":"var(--ast-global-color-4)","background-image":"","background-repeat":"repeat","background-position":"center center","background-size":"auto","background-attachment":"scroll","background-type":"","background-media":"","overlay-type":"","overlay-color":"","overlay-opacity":"","overlay-gradient":""},"tablet":{"background-color":"var(--ast-global-color-4)","background-image":"","background-repeat":"repeat","background-position":"center center","background-size":"auto","background-attachment":"scroll","background-type":"","background-media":"","overlay-type":"","overlay-color":"","overlay-opacity":"","overlay-gradient":""},"mobile":{"background-color":"var(--ast-global-color-4)","background-image":"","background-repeat":"repeat","background-position":"center center","background-size":"auto","background-attachment":"scroll","background-type":"","background-media":"","overlay-type":"","overlay-color":"","overlay-opacity":"","overlay-gradient":""}},"footnotes":""},"class_list":["post-2594","page","type-page","status-publish","has-post-thumbnail","hentry"],"yoast_head":"<!-- This site is optimized with the Yoast SEO plugin v27.5 - https:\/\/yoast.com\/product\/yoast-seo-wordpress\/ -->\n<title>JUAN VELASCO ALVARADO - Abc-latina<\/title>\n<meta name=\"description\" content=\"Juan Velasco Alvarado, ancien pr\u00e9sident du P\u00e9rou.\" \/>\n<meta name=\"robots\" content=\"index, follow, max-snippet:-1, max-image-preview:large, max-video-preview:-1\" \/>\n<link rel=\"canonical\" href=\"https:\/\/abc-latina.com\/personnalites\/juan_velasco_alvarado\/\" \/>\n<meta property=\"og:locale\" content=\"fr_FR\" \/>\n<meta property=\"og:type\" content=\"article\" \/>\n<meta property=\"og:title\" content=\"JUAN VELASCO ALVARADO - Abc-latina\" \/>\n<meta property=\"og:description\" content=\"Juan Velasco Alvarado, ancien pr\u00e9sident du P\u00e9rou.\" \/>\n<meta property=\"og:url\" content=\"https:\/\/abc-latina.com\/personnalites\/juan_velasco_alvarado\/\" \/>\n<meta property=\"og:site_name\" content=\"Abc-latina\" \/>\n<meta property=\"article:modified_time\" content=\"2026-04-30T16:25:22+00:00\" \/>\n<meta property=\"og:image\" content=\"https:\/\/abc-latina.com\/wp-content\/uploads\/2010\/12\/velasco-alvarado.jpg\" \/>\n\t<meta property=\"og:image:width\" content=\"220\" \/>\n\t<meta property=\"og:image:height\" content=\"220\" \/>\n\t<meta property=\"og:image:type\" content=\"image\/jpeg\" \/>\n<meta name=\"twitter:card\" content=\"summary_large_image\" \/>\n<meta name=\"twitter:label1\" content=\"Dur\u00e9e de lecture estim\u00e9e\" \/>\n\t<meta name=\"twitter:data1\" content=\"5 minutes\" \/>\n<script type=\"application\/ld+json\" class=\"yoast-schema-graph\">{\"@context\":\"https:\\\/\\\/schema.org\",\"@graph\":[{\"@type\":\"WebPage\",\"@id\":\"https:\\\/\\\/abc-latina.com\\\/personnalites\\\/juan_velasco_alvarado\\\/\",\"url\":\"https:\\\/\\\/abc-latina.com\\\/personnalites\\\/juan_velasco_alvarado\\\/\",\"name\":\"JUAN VELASCO ALVARADO - Abc-latina\",\"isPartOf\":{\"@id\":\"https:\\\/\\\/abc-latina.com\\\/#website\"},\"primaryImageOfPage\":{\"@id\":\"https:\\\/\\\/abc-latina.com\\\/personnalites\\\/juan_velasco_alvarado\\\/#primaryimage\"},\"image\":{\"@id\":\"https:\\\/\\\/abc-latina.com\\\/personnalites\\\/juan_velasco_alvarado\\\/#primaryimage\"},\"thumbnailUrl\":\"https:\\\/\\\/abc-latina.com\\\/wp-content\\\/uploads\\\/2010\\\/12\\\/velasco-alvarado.jpg\",\"datePublished\":\"2010-12-08T01:59:06+00:00\",\"dateModified\":\"2026-04-30T16:25:22+00:00\",\"description\":\"Juan Velasco Alvarado, ancien pr\u00e9sident du P\u00e9rou.\",\"breadcrumb\":{\"@id\":\"https:\\\/\\\/abc-latina.com\\\/personnalites\\\/juan_velasco_alvarado\\\/#breadcrumb\"},\"inLanguage\":\"fr-FR\",\"potentialAction\":[{\"@type\":\"ReadAction\",\"target\":[\"https:\\\/\\\/abc-latina.com\\\/personnalites\\\/juan_velasco_alvarado\\\/\"]}]},{\"@type\":\"ImageObject\",\"inLanguage\":\"fr-FR\",\"@id\":\"https:\\\/\\\/abc-latina.com\\\/personnalites\\\/juan_velasco_alvarado\\\/#primaryimage\",\"url\":\"https:\\\/\\\/abc-latina.com\\\/wp-content\\\/uploads\\\/2010\\\/12\\\/velasco-alvarado.jpg\",\"contentUrl\":\"https:\\\/\\\/abc-latina.com\\\/wp-content\\\/uploads\\\/2010\\\/12\\\/velasco-alvarado.jpg\",\"width\":220,\"height\":220,\"caption\":\"JUAN VELASCO\"},{\"@type\":\"BreadcrumbList\",\"@id\":\"https:\\\/\\\/abc-latina.com\\\/personnalites\\\/juan_velasco_alvarado\\\/#breadcrumb\",\"itemListElement\":[{\"@type\":\"ListItem\",\"position\":1,\"name\":\"Accueil\",\"item\":\"https:\\\/\\\/abc-latina.com\\\/\"},{\"@type\":\"ListItem\",\"position\":2,\"name\":\"JUAN VELASCO ALVARADO\"}]},{\"@type\":\"WebSite\",\"@id\":\"https:\\\/\\\/abc-latina.com\\\/#website\",\"url\":\"https:\\\/\\\/abc-latina.com\\\/\",\"name\":\"Abc-latina\",\"description\":\"\",\"publisher\":{\"@id\":\"https:\\\/\\\/abc-latina.com\\\/#organization\"},\"potentialAction\":[{\"@type\":\"SearchAction\",\"target\":{\"@type\":\"EntryPoint\",\"urlTemplate\":\"https:\\\/\\\/abc-latina.com\\\/?s={search_term_string}\"},\"query-input\":{\"@type\":\"PropertyValueSpecification\",\"valueRequired\":true,\"valueName\":\"search_term_string\"}}],\"inLanguage\":\"fr-FR\"},{\"@type\":\"Organization\",\"@id\":\"https:\\\/\\\/abc-latina.com\\\/#organization\",\"name\":\"Abc-latina\",\"url\":\"https:\\\/\\\/abc-latina.com\\\/\",\"logo\":{\"@type\":\"ImageObject\",\"inLanguage\":\"fr-FR\",\"@id\":\"https:\\\/\\\/abc-latina.com\\\/#\\\/schema\\\/logo\\\/image\\\/\",\"url\":\"https:\\\/\\\/abc-latina.com\\\/wp-content\\\/uploads\\\/2026\\\/05\\\/cropped-logo.gif\",\"contentUrl\":\"https:\\\/\\\/abc-latina.com\\\/wp-content\\\/uploads\\\/2026\\\/05\\\/cropped-logo.gif\",\"width\":89,\"height\":84,\"caption\":\"Abc-latina\"},\"image\":{\"@id\":\"https:\\\/\\\/abc-latina.com\\\/#\\\/schema\\\/logo\\\/image\\\/\"}}]}<\/script>\n<!-- \/ Yoast SEO plugin. -->","yoast_head_json":{"title":"JUAN VELASCO ALVARADO - Abc-latina","description":"Juan Velasco Alvarado, ancien pr\u00e9sident du P\u00e9rou.","robots":{"index":"index","follow":"follow","max-snippet":"max-snippet:-1","max-image-preview":"max-image-preview:large","max-video-preview":"max-video-preview:-1"},"canonical":"https:\/\/abc-latina.com\/personnalites\/juan_velasco_alvarado\/","og_locale":"fr_FR","og_type":"article","og_title":"JUAN VELASCO ALVARADO - Abc-latina","og_description":"Juan Velasco Alvarado, ancien pr\u00e9sident du P\u00e9rou.","og_url":"https:\/\/abc-latina.com\/personnalites\/juan_velasco_alvarado\/","og_site_name":"Abc-latina","article_modified_time":"2026-04-30T16:25:22+00:00","og_image":[{"width":220,"height":220,"url":"https:\/\/abc-latina.com\/wp-content\/uploads\/2010\/12\/velasco-alvarado.jpg","type":"image\/jpeg"}],"twitter_card":"summary_large_image","twitter_misc":{"Dur\u00e9e de lecture estim\u00e9e":"5 minutes"},"schema":{"@context":"https:\/\/schema.org","@graph":[{"@type":"WebPage","@id":"https:\/\/abc-latina.com\/personnalites\/juan_velasco_alvarado\/","url":"https:\/\/abc-latina.com\/personnalites\/juan_velasco_alvarado\/","name":"JUAN VELASCO ALVARADO - Abc-latina","isPartOf":{"@id":"https:\/\/abc-latina.com\/#website"},"primaryImageOfPage":{"@id":"https:\/\/abc-latina.com\/personnalites\/juan_velasco_alvarado\/#primaryimage"},"image":{"@id":"https:\/\/abc-latina.com\/personnalites\/juan_velasco_alvarado\/#primaryimage"},"thumbnailUrl":"https:\/\/abc-latina.com\/wp-content\/uploads\/2010\/12\/velasco-alvarado.jpg","datePublished":"2010-12-08T01:59:06+00:00","dateModified":"2026-04-30T16:25:22+00:00","description":"Juan Velasco Alvarado, ancien pr\u00e9sident du P\u00e9rou.","breadcrumb":{"@id":"https:\/\/abc-latina.com\/personnalites\/juan_velasco_alvarado\/#breadcrumb"},"inLanguage":"fr-FR","potentialAction":[{"@type":"ReadAction","target":["https:\/\/abc-latina.com\/personnalites\/juan_velasco_alvarado\/"]}]},{"@type":"ImageObject","inLanguage":"fr-FR","@id":"https:\/\/abc-latina.com\/personnalites\/juan_velasco_alvarado\/#primaryimage","url":"https:\/\/abc-latina.com\/wp-content\/uploads\/2010\/12\/velasco-alvarado.jpg","contentUrl":"https:\/\/abc-latina.com\/wp-content\/uploads\/2010\/12\/velasco-alvarado.jpg","width":220,"height":220,"caption":"JUAN VELASCO"},{"@type":"BreadcrumbList","@id":"https:\/\/abc-latina.com\/personnalites\/juan_velasco_alvarado\/#breadcrumb","itemListElement":[{"@type":"ListItem","position":1,"name":"Accueil","item":"https:\/\/abc-latina.com\/"},{"@type":"ListItem","position":2,"name":"JUAN VELASCO ALVARADO"}]},{"@type":"WebSite","@id":"https:\/\/abc-latina.com\/#website","url":"https:\/\/abc-latina.com\/","name":"Abc-latina","description":"","publisher":{"@id":"https:\/\/abc-latina.com\/#organization"},"potentialAction":[{"@type":"SearchAction","target":{"@type":"EntryPoint","urlTemplate":"https:\/\/abc-latina.com\/?s={search_term_string}"},"query-input":{"@type":"PropertyValueSpecification","valueRequired":true,"valueName":"search_term_string"}}],"inLanguage":"fr-FR"},{"@type":"Organization","@id":"https:\/\/abc-latina.com\/#organization","name":"Abc-latina","url":"https:\/\/abc-latina.com\/","logo":{"@type":"ImageObject","inLanguage":"fr-FR","@id":"https:\/\/abc-latina.com\/#\/schema\/logo\/image\/","url":"https:\/\/abc-latina.com\/wp-content\/uploads\/2026\/05\/cropped-logo.gif","contentUrl":"https:\/\/abc-latina.com\/wp-content\/uploads\/2026\/05\/cropped-logo.gif","width":89,"height":84,"caption":"Abc-latina"},"image":{"@id":"https:\/\/abc-latina.com\/#\/schema\/logo\/image\/"}}]}},"_links":{"self":[{"href":"https:\/\/abc-latina.com\/wp-json\/wp\/v2\/pages\/2594","targetHints":{"allow":["GET"]}}],"collection":[{"href":"https:\/\/abc-latina.com\/wp-json\/wp\/v2\/pages"}],"about":[{"href":"https:\/\/abc-latina.com\/wp-json\/wp\/v2\/types\/page"}],"author":[{"embeddable":true,"href":"https:\/\/abc-latina.com\/wp-json\/wp\/v2\/users\/3"}],"replies":[{"embeddable":true,"href":"https:\/\/abc-latina.com\/wp-json\/wp\/v2\/comments?post=2594"}],"version-history":[{"count":1,"href":"https:\/\/abc-latina.com\/wp-json\/wp\/v2\/pages\/2594\/revisions"}],"predecessor-version":[{"id":3845,"href":"https:\/\/abc-latina.com\/wp-json\/wp\/v2\/pages\/2594\/revisions\/3845"}],"up":[{"embeddable":true,"href":"https:\/\/abc-latina.com\/wp-json\/wp\/v2\/pages\/2633"}],"wp:featuredmedia":[{"embeddable":true,"href":"https:\/\/abc-latina.com\/wp-json\/wp\/v2\/media\/2593"}],"wp:attachment":[{"href":"https:\/\/abc-latina.com\/wp-json\/wp\/v2\/media?parent=2594"}],"curies":[{"name":"wp","href":"https:\/\/api.w.org\/{rel}","templated":true}]}}