{"id":2596,"date":"2010-12-08T03:16:22","date_gmt":"2010-12-08T02:16:22","guid":{"rendered":"http:\/\/abc-latina.com\/juscelino_kubitschek-htm\/"},"modified":"2026-04-30T18:25:22","modified_gmt":"2026-04-30T16:25:22","slug":"juscelino_kubitschek","status":"publish","type":"page","link":"https:\/\/abc-latina.com\/personnalites\/juscelino_kubitschek\/","title":{"rendered":"JUSCELINO KUBITSCHEK"},"content":{"rendered":"<div><span class=\"person\"><img loading=\"lazy\" decoding=\"async\" class=\" alignright size-full wp-image-2595\" src=\"http:\/\/abc-latina.com\/wp-content\/uploads\/2010\/12\/juscelino-kubitschek.jpg\" title=\"JUSCELINO KUBITSCHEK\" alt=\"\" width=\"220\" vspace=\"9\" hspace=\"15\" height=\"220\" align=\"right\" srcset=\"https:\/\/abc-latina.com\/wp-content\/uploads\/2010\/12\/juscelino-kubitschek.jpg 220w, https:\/\/abc-latina.com\/wp-content\/uploads\/2010\/12\/juscelino-kubitschek-150x150.jpg 150w\" sizes=\"auto, (max-width: 220px) 100vw, 220px\" \/><\/span><span class=\"person\">Juscelino Kubitschek<\/span>, le p\u00e8re de <a target=\"_blank\" href=\"https:\/\/www.abc-latina.com\/bresil\/brasilia\">Brasilia<\/a>, \u00e9tait un Mineiro-Gerais, un homme du Minas, cette Auvergne du Br\u00e9sil. Il \u00e9tait n\u00e9 le 12 d\u00e9cembre 1902 \u00e0 <a target=\"_blank\" href=\"https:\/\/www.abc-latina.com\/bresil\/voyage\/diamantina\">Diamantina<\/a>, dans une famille modeste. Sa m\u00e8re \u00e9tait une solide femme aux yeux clairs ayant conserv\u00e9 de ses a\u00efeux moraves une \u00e9nergie peu ordinaire. Son p\u00e8re, de Oliveira, \u00e9tait un petit fonctionnaire qui mourut jeune. Juscelino fut \u00e9lev\u00e9 par sa m\u00e8re, qui exer\u00e7ait la profession d&rsquo;institutrice \u00e0 Diamantina. La cit\u00e9 avait connu au dix-neuvi\u00e8me si\u00e8cle la ru\u00e9e des prospecteurs de diamants. Puis elle s&rsquo;\u00e9tait assoupie apr\u00e8s le &quot;boom&quot;de la mineracao.&nbsp;<\/p>\n<div>&nbsp;<\/div>\n<div>L&rsquo;\u00e9ducation maternelle fut rude mais efficace. &quot;Je dois tout \u00e0 ma m\u00e8re&quot;, disait Juscelino. Il d\u00e9cide, ses \u00e9tudes secondaires termin\u00e9es, d&rsquo;\u00e9tudier la m\u00e9decine \u00e0 la facult\u00e9 de <a target=\"_blank\" href=\"https:\/\/www.abc-latina.com\/bresil\/voyage\/belo_horizonte\">Belo-Horizonte<\/a>. Mais il lui faut gagner sa vie. Juscelino prend le chemin de fer \u00e0 voie \u00e9troite et chauffant au bois qui reliait alors Diamantina \u00e0 Belo-Horizonte.&nbsp;<\/div>\n<div>T\u00e9l\u00e9graphiste le jour ou gardien la nuit, il entreprend sa m\u00e9decine, passe l&rsquo;internat. Chirurgien, il obtient une bourse pour un stage de perfectionnement \u00e0 Paris. Il est affect\u00e9 \u00e0 l&rsquo;h\u00f4pital Cochin et d\u00e9couvre ce qu&rsquo;il appelle &quot;les richesses de la tradition, le sens de la culture, l&rsquo;\u00e9quilibre, la gaiet\u00e9&quot;. Il profite de cette escale europ\u00e9enne pour se rendre en Tch\u00e9coslovaquie, sur la terre de ses anc\u00eatres.&nbsp;<\/div>\n<div>Gouverneur du Minas de 1950 \u00e0 1955 puis <a target=\"_blank\" href=\"https:\/\/www.abc-latina.com\/bresil\/div\/presidents_bresiliens\">pr\u00e9sident de la r\u00e9publique<\/a> de 1955 \u00e0 1961, il met en pratique un plan qui lui permettra plus tard d&rsquo;affirmer qu&rsquo;il avait fait progresser le Br\u00e9sil &quot;de cinquante ans en cinq ans&quot;. Les routes, les barrages, les centrales, les usines : tels sont alors et tels seront de 1956 \u00e0 1961 les &quot;mots-cl\u00e9s&quot;de son programme.&nbsp;<\/div>\n<div>&nbsp;<\/div>\n<div>Pour imposer Brasilia, il dut lutter contre les sarcasmes, l&rsquo;apathie ou l&rsquo;indiff\u00e9rence de la majorit\u00e9 des Br\u00e9siliens. En fait, l&rsquo;id\u00e9e de transf\u00e9rer la capitale f\u00e9d\u00e9rale sur le haut plateau du Goias n&rsquo;\u00e9tait pas neuve. Le premier projet remonte \u00e0 1853. Une commission gouvernementale avait, en 1934, choisi le site. Mais la poussi\u00e8re avait recouvert tous les dossiers quand Juscelino proclama : &quot;Je ferai Brasilia !&quot;Il tint parole. En mars 1957, le concours donna la pr\u00e9f\u00e9rence aux architectes Lucio Costa et Oscar Niemeyer, qui avaient d\u00e9j\u00e0 construit le minist\u00e8re de l&rsquo;\u00e9ducation \u00e0 <a target=\"_blank\" href=\"https:\/\/www.abc-latina.com\/bresil\/rio_de_janeiro\">Rio<\/a>. L&rsquo;inauguration officielle eut lieu le 21 avril 1960 dans une atmosph\u00e8re de recueillement et d&rsquo;\u00e9tonnement au milieu des tourbillons de rouges poussi\u00e8res lat\u00e9ritiques emport\u00e9es par le vent de la savane.&nbsp;<\/div>\n<div>Juscelino ne passa que cinq mois, les derniers de son mandat, dans le d\u00e9licat palais de l&rsquo;Alvorada. Il s&rsquo;effor\u00e7a d&rsquo;acc\u00e9l\u00e9rer le transfert r\u00e9el des pouvoirs, des hommes et des dossiers. L&rsquo;homme du Minas \u00e9tait parfaitement \u00e0 l&rsquo;aise dans ce d\u00e9cor de pionnier. Dans son esprit, Brasilia n&rsquo;\u00e9tait pas une fin, mais un moyen. La cit\u00e9 futuriste aux &quot;super-blocs&quot;et au r\u00e9seau d&rsquo;autoroutes entrecrois\u00e9es n&rsquo;avait de sens que si elle pouvait favoriser la cr\u00e9ation de nouvelles villes et de nouveaux centres de vie. Kubitschek pr\u00e9tendait r\u00e9ussir avec la route ce que les Am\u00e9ricains du Nord avaient r\u00e9alis\u00e9 avec le rail. Il s&rsquo;agissait, selon sa propre formule, de &quot;faire participer 6 millions de kilom\u00e8tres carr\u00e9s de territoires au progr\u00e8s g\u00e9n\u00e9ral du Br\u00e9sil&quot;.<\/div>\n<div>&nbsp;<\/div>\n<div><span class=\"tsource\">Marcel Niedergang<\/span><\/div>\n<div><span class=\"tsource\">Le Monde du 24 ao\u00fbt 1976<\/span><\/div>\n<div>&nbsp;<\/div>\n<div><span class=\"person\">REPERES<\/span><\/div>\n<div><span class=\"person-date\">1902<\/span> &#8211; Naissance de Juscelino Kubitschek<\/div>\n<div><span class=\"person-date\">1945<\/span> &#8211; Il est \u00e9lu maire de Belo Horizonte<\/div>\n<div><span class=\"person-date\">1950<\/span> &#8211; Il est \u00e9lu gouverneur du Minas Gerais<\/div>\n<div><span class=\"person-date\">1956<\/span> &#8211; Il est \u00e9lu \u00e0 la pr\u00e9sidence du pays<\/div>\n<div><span class=\"person-date\">1976<\/span> &#8211; Il meurt \u00e0 l&rsquo;age de 73 ans<\/div>\n<\/div>\n","protected":false},"excerpt":{"rendered":"<p>Juscelino Kubitschek, le p\u00e8re de Brasilia, \u00e9tait un Mineiro-Gerais, un homme du Minas, cette Auvergne du Br\u00e9sil. Il \u00e9tait n\u00e9 [&hellip;]<\/p>\n","protected":false},"author":3,"featured_media":2595,"parent":2633,"menu_order":0,"comment_status":"closed","ping_status":"closed","template":"","meta":{"site-sidebar-layout":"default","site-content-layout":"","ast-site-content-layout":"default","site-content-style":"default","site-sidebar-style":"default","ast-global-header-display":"","ast-banner-title-visibility":"","ast-main-header-display":"","ast-hfb-above-header-display":"","ast-hfb-below-header-display":"","ast-hfb-mobile-header-display":"","site-post-title":"","ast-breadcrumbs-content":"","ast-featured-img":"","footer-sml-layout":"","ast-disable-related-posts":"","theme-transparent-header-meta":"","adv-header-id-meta":"","stick-header-meta":"","header-above-stick-meta":"","header-main-stick-meta":"","header-below-stick-meta":"","astra-migrate-meta-layouts":"default","ast-page-background-enabled":"default","ast-page-background-meta":{"desktop":{"background-color":"var(--ast-global-color-5)","background-image":"","background-repeat":"repeat","background-position":"center center","background-size":"auto","background-attachment":"scroll","background-type":"","background-media":"","overlay-type":"","overlay-color":"","overlay-opacity":"","overlay-gradient":""},"tablet":{"background-color":"","background-image":"","background-repeat":"repeat","background-position":"center center","background-size":"auto","background-attachment":"scroll","background-type":"","background-media":"","overlay-type":"","overlay-color":"","overlay-opacity":"","overlay-gradient":""},"mobile":{"background-color":"","background-image":"","background-repeat":"repeat","background-position":"center center","background-size":"auto","background-attachment":"scroll","background-type":"","background-media":"","overlay-type":"","overlay-color":"","overlay-opacity":"","overlay-gradient":""}},"ast-content-background-meta":{"desktop":{"background-color":"var(--ast-global-color-4)","background-image":"","background-repeat":"repeat","background-position":"center center","background-size":"auto","background-attachment":"scroll","background-type":"","background-media":"","overlay-type":"","overlay-color":"","overlay-opacity":"","overlay-gradient":""},"tablet":{"background-color":"var(--ast-global-color-4)","background-image":"","background-repeat":"repeat","background-position":"center center","background-size":"auto","background-attachment":"scroll","background-type":"","background-media":"","overlay-type":"","overlay-color":"","overlay-opacity":"","overlay-gradient":""},"mobile":{"background-color":"var(--ast-global-color-4)","background-image":"","background-repeat":"repeat","background-position":"center center","background-size":"auto","background-attachment":"scroll","background-type":"","background-media":"","overlay-type":"","overlay-color":"","overlay-opacity":"","overlay-gradient":""}},"footnotes":""},"class_list":["post-2596","page","type-page","status-publish","has-post-thumbnail","hentry"],"yoast_head":"<!-- This site is optimized with the Yoast SEO plugin v27.5 - https:\/\/yoast.com\/product\/yoast-seo-wordpress\/ -->\n<title>JUSCELINO KUBITSCHEK - Abc-latina<\/title>\n<meta name=\"description\" content=\"Juscelino Kubitschek, ancien pr\u00e9sident du Br\u00e9sil.\" \/>\n<meta name=\"robots\" content=\"index, follow, max-snippet:-1, max-image-preview:large, max-video-preview:-1\" \/>\n<link rel=\"canonical\" href=\"https:\/\/abc-latina.com\/personnalites\/juscelino_kubitschek\/\" \/>\n<meta property=\"og:locale\" content=\"fr_FR\" \/>\n<meta property=\"og:type\" content=\"article\" \/>\n<meta property=\"og:title\" content=\"JUSCELINO KUBITSCHEK - Abc-latina\" \/>\n<meta property=\"og:description\" content=\"Juscelino Kubitschek, ancien pr\u00e9sident du Br\u00e9sil.\" \/>\n<meta property=\"og:url\" content=\"https:\/\/abc-latina.com\/personnalites\/juscelino_kubitschek\/\" \/>\n<meta property=\"og:site_name\" content=\"Abc-latina\" \/>\n<meta property=\"article:modified_time\" content=\"2026-04-30T16:25:22+00:00\" \/>\n<meta property=\"og:image\" content=\"https:\/\/abc-latina.com\/wp-content\/uploads\/2010\/12\/juscelino-kubitschek.jpg\" \/>\n\t<meta property=\"og:image:width\" content=\"220\" \/>\n\t<meta property=\"og:image:height\" content=\"220\" \/>\n\t<meta property=\"og:image:type\" content=\"image\/jpeg\" \/>\n<meta name=\"twitter:card\" content=\"summary_large_image\" \/>\n<meta name=\"twitter:label1\" content=\"Dur\u00e9e de lecture estim\u00e9e\" \/>\n\t<meta name=\"twitter:data1\" content=\"3 minutes\" \/>\n<script type=\"application\/ld+json\" class=\"yoast-schema-graph\">{\"@context\":\"https:\\\/\\\/schema.org\",\"@graph\":[{\"@type\":\"WebPage\",\"@id\":\"https:\\\/\\\/abc-latina.com\\\/personnalites\\\/juscelino_kubitschek\\\/\",\"url\":\"https:\\\/\\\/abc-latina.com\\\/personnalites\\\/juscelino_kubitschek\\\/\",\"name\":\"JUSCELINO KUBITSCHEK - Abc-latina\",\"isPartOf\":{\"@id\":\"https:\\\/\\\/abc-latina.com\\\/#website\"},\"primaryImageOfPage\":{\"@id\":\"https:\\\/\\\/abc-latina.com\\\/personnalites\\\/juscelino_kubitschek\\\/#primaryimage\"},\"image\":{\"@id\":\"https:\\\/\\\/abc-latina.com\\\/personnalites\\\/juscelino_kubitschek\\\/#primaryimage\"},\"thumbnailUrl\":\"https:\\\/\\\/abc-latina.com\\\/wp-content\\\/uploads\\\/2010\\\/12\\\/juscelino-kubitschek.jpg\",\"datePublished\":\"2010-12-08T02:16:22+00:00\",\"dateModified\":\"2026-04-30T16:25:22+00:00\",\"description\":\"Juscelino Kubitschek, ancien pr\u00e9sident du Br\u00e9sil.\",\"breadcrumb\":{\"@id\":\"https:\\\/\\\/abc-latina.com\\\/personnalites\\\/juscelino_kubitschek\\\/#breadcrumb\"},\"inLanguage\":\"fr-FR\",\"potentialAction\":[{\"@type\":\"ReadAction\",\"target\":[\"https:\\\/\\\/abc-latina.com\\\/personnalites\\\/juscelino_kubitschek\\\/\"]}]},{\"@type\":\"ImageObject\",\"inLanguage\":\"fr-FR\",\"@id\":\"https:\\\/\\\/abc-latina.com\\\/personnalites\\\/juscelino_kubitschek\\\/#primaryimage\",\"url\":\"https:\\\/\\\/abc-latina.com\\\/wp-content\\\/uploads\\\/2010\\\/12\\\/juscelino-kubitschek.jpg\",\"contentUrl\":\"https:\\\/\\\/abc-latina.com\\\/wp-content\\\/uploads\\\/2010\\\/12\\\/juscelino-kubitschek.jpg\",\"width\":220,\"height\":220,\"caption\":\"JUSCELINO KUBITSCHEK\"},{\"@type\":\"BreadcrumbList\",\"@id\":\"https:\\\/\\\/abc-latina.com\\\/personnalites\\\/juscelino_kubitschek\\\/#breadcrumb\",\"itemListElement\":[{\"@type\":\"ListItem\",\"position\":1,\"name\":\"Accueil\",\"item\":\"https:\\\/\\\/abc-latina.com\\\/\"},{\"@type\":\"ListItem\",\"position\":2,\"name\":\"JUSCELINO KUBITSCHEK\"}]},{\"@type\":\"WebSite\",\"@id\":\"https:\\\/\\\/abc-latina.com\\\/#website\",\"url\":\"https:\\\/\\\/abc-latina.com\\\/\",\"name\":\"Abc-latina\",\"description\":\"\",\"publisher\":{\"@id\":\"https:\\\/\\\/abc-latina.com\\\/#organization\"},\"potentialAction\":[{\"@type\":\"SearchAction\",\"target\":{\"@type\":\"EntryPoint\",\"urlTemplate\":\"https:\\\/\\\/abc-latina.com\\\/?s={search_term_string}\"},\"query-input\":{\"@type\":\"PropertyValueSpecification\",\"valueRequired\":true,\"valueName\":\"search_term_string\"}}],\"inLanguage\":\"fr-FR\"},{\"@type\":\"Organization\",\"@id\":\"https:\\\/\\\/abc-latina.com\\\/#organization\",\"name\":\"Abc-latina\",\"url\":\"https:\\\/\\\/abc-latina.com\\\/\",\"logo\":{\"@type\":\"ImageObject\",\"inLanguage\":\"fr-FR\",\"@id\":\"https:\\\/\\\/abc-latina.com\\\/#\\\/schema\\\/logo\\\/image\\\/\",\"url\":\"https:\\\/\\\/abc-latina.com\\\/wp-content\\\/uploads\\\/2026\\\/05\\\/cropped-logo.gif\",\"contentUrl\":\"https:\\\/\\\/abc-latina.com\\\/wp-content\\\/uploads\\\/2026\\\/05\\\/cropped-logo.gif\",\"width\":89,\"height\":84,\"caption\":\"Abc-latina\"},\"image\":{\"@id\":\"https:\\\/\\\/abc-latina.com\\\/#\\\/schema\\\/logo\\\/image\\\/\"}}]}<\/script>\n<!-- \/ Yoast SEO plugin. -->","yoast_head_json":{"title":"JUSCELINO KUBITSCHEK - Abc-latina","description":"Juscelino Kubitschek, ancien pr\u00e9sident du Br\u00e9sil.","robots":{"index":"index","follow":"follow","max-snippet":"max-snippet:-1","max-image-preview":"max-image-preview:large","max-video-preview":"max-video-preview:-1"},"canonical":"https:\/\/abc-latina.com\/personnalites\/juscelino_kubitschek\/","og_locale":"fr_FR","og_type":"article","og_title":"JUSCELINO KUBITSCHEK - Abc-latina","og_description":"Juscelino Kubitschek, ancien pr\u00e9sident du Br\u00e9sil.","og_url":"https:\/\/abc-latina.com\/personnalites\/juscelino_kubitschek\/","og_site_name":"Abc-latina","article_modified_time":"2026-04-30T16:25:22+00:00","og_image":[{"width":220,"height":220,"url":"https:\/\/abc-latina.com\/wp-content\/uploads\/2010\/12\/juscelino-kubitschek.jpg","type":"image\/jpeg"}],"twitter_card":"summary_large_image","twitter_misc":{"Dur\u00e9e de lecture estim\u00e9e":"3 minutes"},"schema":{"@context":"https:\/\/schema.org","@graph":[{"@type":"WebPage","@id":"https:\/\/abc-latina.com\/personnalites\/juscelino_kubitschek\/","url":"https:\/\/abc-latina.com\/personnalites\/juscelino_kubitschek\/","name":"JUSCELINO KUBITSCHEK - Abc-latina","isPartOf":{"@id":"https:\/\/abc-latina.com\/#website"},"primaryImageOfPage":{"@id":"https:\/\/abc-latina.com\/personnalites\/juscelino_kubitschek\/#primaryimage"},"image":{"@id":"https:\/\/abc-latina.com\/personnalites\/juscelino_kubitschek\/#primaryimage"},"thumbnailUrl":"https:\/\/abc-latina.com\/wp-content\/uploads\/2010\/12\/juscelino-kubitschek.jpg","datePublished":"2010-12-08T02:16:22+00:00","dateModified":"2026-04-30T16:25:22+00:00","description":"Juscelino Kubitschek, ancien pr\u00e9sident du Br\u00e9sil.","breadcrumb":{"@id":"https:\/\/abc-latina.com\/personnalites\/juscelino_kubitschek\/#breadcrumb"},"inLanguage":"fr-FR","potentialAction":[{"@type":"ReadAction","target":["https:\/\/abc-latina.com\/personnalites\/juscelino_kubitschek\/"]}]},{"@type":"ImageObject","inLanguage":"fr-FR","@id":"https:\/\/abc-latina.com\/personnalites\/juscelino_kubitschek\/#primaryimage","url":"https:\/\/abc-latina.com\/wp-content\/uploads\/2010\/12\/juscelino-kubitschek.jpg","contentUrl":"https:\/\/abc-latina.com\/wp-content\/uploads\/2010\/12\/juscelino-kubitschek.jpg","width":220,"height":220,"caption":"JUSCELINO KUBITSCHEK"},{"@type":"BreadcrumbList","@id":"https:\/\/abc-latina.com\/personnalites\/juscelino_kubitschek\/#breadcrumb","itemListElement":[{"@type":"ListItem","position":1,"name":"Accueil","item":"https:\/\/abc-latina.com\/"},{"@type":"ListItem","position":2,"name":"JUSCELINO KUBITSCHEK"}]},{"@type":"WebSite","@id":"https:\/\/abc-latina.com\/#website","url":"https:\/\/abc-latina.com\/","name":"Abc-latina","description":"","publisher":{"@id":"https:\/\/abc-latina.com\/#organization"},"potentialAction":[{"@type":"SearchAction","target":{"@type":"EntryPoint","urlTemplate":"https:\/\/abc-latina.com\/?s={search_term_string}"},"query-input":{"@type":"PropertyValueSpecification","valueRequired":true,"valueName":"search_term_string"}}],"inLanguage":"fr-FR"},{"@type":"Organization","@id":"https:\/\/abc-latina.com\/#organization","name":"Abc-latina","url":"https:\/\/abc-latina.com\/","logo":{"@type":"ImageObject","inLanguage":"fr-FR","@id":"https:\/\/abc-latina.com\/#\/schema\/logo\/image\/","url":"https:\/\/abc-latina.com\/wp-content\/uploads\/2026\/05\/cropped-logo.gif","contentUrl":"https:\/\/abc-latina.com\/wp-content\/uploads\/2026\/05\/cropped-logo.gif","width":89,"height":84,"caption":"Abc-latina"},"image":{"@id":"https:\/\/abc-latina.com\/#\/schema\/logo\/image\/"}}]}},"_links":{"self":[{"href":"https:\/\/abc-latina.com\/wp-json\/wp\/v2\/pages\/2596","targetHints":{"allow":["GET"]}}],"collection":[{"href":"https:\/\/abc-latina.com\/wp-json\/wp\/v2\/pages"}],"about":[{"href":"https:\/\/abc-latina.com\/wp-json\/wp\/v2\/types\/page"}],"author":[{"embeddable":true,"href":"https:\/\/abc-latina.com\/wp-json\/wp\/v2\/users\/3"}],"replies":[{"embeddable":true,"href":"https:\/\/abc-latina.com\/wp-json\/wp\/v2\/comments?post=2596"}],"version-history":[{"count":1,"href":"https:\/\/abc-latina.com\/wp-json\/wp\/v2\/pages\/2596\/revisions"}],"predecessor-version":[{"id":3846,"href":"https:\/\/abc-latina.com\/wp-json\/wp\/v2\/pages\/2596\/revisions\/3846"}],"up":[{"embeddable":true,"href":"https:\/\/abc-latina.com\/wp-json\/wp\/v2\/pages\/2633"}],"wp:featuredmedia":[{"embeddable":true,"href":"https:\/\/abc-latina.com\/wp-json\/wp\/v2\/media\/2595"}],"wp:attachment":[{"href":"https:\/\/abc-latina.com\/wp-json\/wp\/v2\/media?parent=2596"}],"curies":[{"name":"wp","href":"https:\/\/api.w.org\/{rel}","templated":true}]}}