{"id":2598,"date":"2010-12-08T03:23:53","date_gmt":"2010-12-08T02:23:53","guid":{"rendered":"http:\/\/abc-latina.com\/luiz_inacio_lula_da_silva-htm\/"},"modified":"2026-04-30T18:25:22","modified_gmt":"2026-04-30T16:25:22","slug":"luiz_inacio_lula_da_silva","status":"publish","type":"page","link":"https:\/\/abc-latina.com\/personnalites\/luiz_inacio_lula_da_silva\/","title":{"rendered":"LULA"},"content":{"rendered":"<h2 style=\"text-align: center;\">Luiz In\u00e1cio Lula da Silva<\/h2>\n<div>\n<div>&nbsp;<\/div>\n<div><span style=\"color: rgb(255, 102, 0); \"><strong><img loading=\"lazy\" decoding=\"async\" class=\" alignright size-full wp-image-2597\" src=\"http:\/\/abc-latina.com\/wp-content\/uploads\/2010\/12\/lula.jpg\" title=\"LULA\" alt=\"\" width=\"220\" vspace=\"9\" hspace=\"15\" height=\"220\" align=\"right\" srcset=\"https:\/\/abc-latina.com\/wp-content\/uploads\/2010\/12\/lula.jpg 220w, https:\/\/abc-latina.com\/wp-content\/uploads\/2010\/12\/lula-150x150.jpg 150w\" sizes=\"auto, (max-width: 220px) 100vw, 220px\" \/>Luiz In\u00e1cio Lula da Silva<\/strong><\/span> na\u00eet le 27 octobre 1945 \u00e0 Garanhuns, dans l&rsquo;\u00e9tat de <a target=\"_blank\" href=\"https:\/\/www.abc-latina.com\/bresil\/regions\/pernambuco\">Pernambuco<\/a>. Mari\u00e9 \u00e0 Marisa Leticia depuis 1974, il a cinq enfants. Lula est le septi\u00e8me des huit enfants d&rsquo;Aristides Inacio da Silva et Euridice Ferreira de Mello. En d\u00e9cembre 1952, la famille de Lula part vers le littoral de l&rsquo;<a target=\"_blank\" href=\"https:\/\/www.abc-latina.com\/bresil\/regions\/sao_paulo\">\u00e9tat de S\u00e3o Paulo<\/a>, voyageant pendant 13 jours dans un camion &quot; pau de arara &quot; (camion qui transporte les migrants du Nord-Est vers le Sud du pays). Il vit alors \u00e0 Vicente de Carvalho, quartier pauvre de Guaruja.<\/div>\n<div>Il apprend \u00e0 lire et \u00e0 \u00e9crire au Groupe Scolaire Marcilio Dias. En 1956, la famille part \u00e0 <a target=\"_blank\" href=\"https:\/\/www.abc-latina.com\/bresil\/sao-paulo\">S\u00e3o Paulo<\/a>, vivant dans une seule pi\u00e8ce, derri\u00e8re un bar, dans le quartier Ipiranga. A 12 ans, Lula trouve son premier emploi, dans une blanchisserie. Il est aussi cireur de chaussures et messager d&rsquo;entreprise.<\/div>\n<div>A 14 ans, il commence \u00e0 travailler dans les Entrep\u00f4ts G\u00e9n\u00e9raux Columbia, o\u00f9 il a sa Carte de Travailleur sign\u00e9e pour la premi\u00e8re fois. Lula est transf\u00e9r\u00e9 ensuite vers la Fabrique de Vis Marte et obtient une place dans le cours d&rsquo;ouvrier tourneur m\u00e9canicien du Senai &#8211; Service National de l&rsquo;Industrie. Le cours dure 3 ans et Lula devient m\u00e9tallurgiste.<\/div>\n<div>&nbsp;<\/div>\n<div>La crise qui suit le coup d&rsquo;Etat militaire de 1964 cause le changement d&#8217;emploi de Lula, qui passe par de nombreuses usines, jusqu&rsquo;\u00e0 son arriv\u00e9e aux Usines Villares, l&rsquo;une des principales en industrie m\u00e9tallurgique du pays, qui se trouve \u00e0 S\u00e3o Bernardo do Campo, dans l&rsquo; &quot; ABC paulista &quot;. A Villares, Lula prend contact avec les mouvements syndicaux, gr\u00e2ce \u00e0 son fr\u00e8re Jos\u00e9 Ferreira da Silva, plus connu comme Frei Chico (Fr\u00e8re Chico, titre religieux).<\/div>\n<div>&nbsp;<\/div>\n<div>En 1969, le Syndicat des M\u00e9tallurgistes de S\u00e3o Bernardo do Campo et de Diadema \u00e9lit une nouvelle direction, dont Lula est \u00e9lu. Lors de l&rsquo;\u00e9lection suivante, en 1972, il devient premier-secr\u00e9taire. E, 1975, il est \u00e9lu pr\u00e9sident du syndicat avec 92% des voix, repr\u00e9sentant alors cent mille travailleurs.<\/div>\n<div>Lula donne alors une nouvelle direction au mouvement syndical br\u00e9silien. En 1978, Lula est r\u00e9\u00e9lu pr\u00e9sident du syndicat, et, apr\u00e8s 10 ans sans gr\u00e8ves ouvri\u00e8res, elles arrivent au Br\u00e9sil. En mars 1979, 170 000 m\u00e9tallurgistes arr\u00eatent l&rsquo;ABC paulista. La r\u00e9pression de la police et l&rsquo;inexistence presque totale d&rsquo;hommes politiques qui repr\u00e9sentent les int\u00e9r\u00eats des travailleurs dans le Congr\u00e8s National donne, pour la premi\u00e8re fois, l&rsquo;id\u00e9e \u00e0 Lula de cr\u00e9er un Parti des Travailleurs.&nbsp;<\/div>\n<div>&nbsp;<\/div>\n<div>Le <strong><a target=\"_blank\" href=\"https:\/\/www.abc-latina.com\/bresil\/\">Br\u00e9sil<\/a>&nbsp;<\/strong>traverse alors un processus d&rsquo;ouverture politique lente et graduelle command\u00e9e par les militaires, toujours au pouvoir. Le 10 f\u00e9vrier 1980, Lula fonde le PT (Parti des Travailleurs), avec d&rsquo;autres syndicalistes, des intellectuels, des hommes politiques et des repr\u00e9sentants de mouvements sociaux, comme des leaders ruraux et religieux. En 1980, une nouvelle gr\u00e8ve des m\u00e9tallurgistes provoque l&rsquo;intervention du Gouvernement F\u00e9d\u00e9ral sur le syndicat et la prison de Lula et d&rsquo;autres dirigeants syndicaux, s&rsquo;appuyant sur la Loi de S\u00e9curit\u00e9 Nationale. La d\u00e9tention dure 31 jours.<\/div>\n<div>En 1982 le PT est d\u00e9j\u00e0 implant\u00e9 dans la quasi-totalit\u00e9 du territoire national. Lula m\u00e8ne l&rsquo;organisation du parti et dispute cette ann\u00e9e-l\u00e0 le poste de gouverneur de S\u00e3o Paulo. En ao\u00fbt 1983, il participe \u00e0 la fondation de la CUT &#8211; Centrale Unique des Travailleurs. En 1984 il participe, en tant que l&rsquo;un des plus importants leaders, \u00e0 la campagne &quot; diretas ja &quot;, qui demandait l&rsquo;\u00e9lection au suffrage direct du Pr\u00e9sident de la R\u00e9publique. En 1986, il est \u00e9lu d\u00e9put\u00e9 f\u00e9d\u00e9ral avec le plus grand nombre de votes du pays, et si\u00e8ge \u00e0 l&rsquo;Assembl\u00e9e Constituante.<\/div>\n<div>&nbsp;<\/div>\n<div>Le PT lance Lula dans la dispute pour la pr\u00e9sidence de la R\u00e9publique en 1989, apr\u00e8s 29 ans sans \u00e9lection au suffrage direct pour cette charge. Il perd l&rsquo;\u00e9lection au second tour, la diff\u00e9rence de voix \u00e9tant petite, mais deux ans plus tard il m\u00e8ne une mobilisation nationale contre la corruption qui aboutit \u00e0 l&#8217;emp\u00eachement du pr\u00e9sident Fernando Collor de Mello. En 1994 et 1998, Lula est \u00e0 nouveau candidat \u00e0 la Pr\u00e9sidence et est battu par Fernando Henrique Cardoso.<\/div>\n<div>Depuis 1992, Lula est conseiller de l&rsquo;Institut Citoyennet\u00e9, ONG cr\u00e9\u00e9e apr\u00e8s l&rsquo;exp\u00e9rience du Gouvernement Parall\u00e8le, tourn\u00e9 vers les \u00e9tudes, les recherches, les d\u00e9bats, les publications et surtout la formulation de campagnes de mobilisation de la soci\u00e9t\u00e9 civile vers la conqu\u00eate des droits de citoyennet\u00e9 pour la totalit\u00e9 du peuple br\u00e9silien.<\/div>\n<div>Lors de la derni\u00e8re semaine de juin 2002, la convention nationale du PT approuve une ample alliance politique (PT, PL, PcdoB, PCB et PMN) qui a pour base un programme de gouvernement qui cherchera \u00e0 r\u00e9gler les grandes dettes sociales fondamentales que le pays a contract\u00e9es envers la grande majorit\u00e9 du peuple br\u00e9silien. Le candidat \u00e0 la vice-pr\u00e9sidence est le s\u00e9nateur Jos\u00e9 Alencar, du PL de Minas Gerais.<\/div>\n<div>Le 27 octobre 2002, \u00e0 57 ans, avec presque 53 millions de voix, Luis Inacio Lula da Silva est \u00e9lu <a target=\"_blank\" href=\"https:\/\/www.abc-latina.com\/bresil\/div\/presidents_bresiliens\">pr\u00e9sident de la R\u00e9publique<\/a> F\u00e9d\u00e9rale du Br\u00e9sil. Il sera r\u00e9\u00e9lu pour un second mandat le 29 octobre 2006.<\/div>\n<div>&nbsp;<\/div>\n<div><span class=\"tsource\">Source braseuropa.be<\/span><\/div>\n<div>&nbsp;<\/div>\n<div><span class=\"person\">REPERES<\/span><\/div>\n<div><span class=\"person-date\">1945<\/span> &#8211; Naissance de Lula<\/div>\n<div><span class=\"person-date\">1980<\/span> &#8211; Elu pr\u00e9sident du parti des travailleurs<\/div>\n<div><span class=\"person-date\">1986<\/span> &#8211; Elu d\u00e9put\u00e9<\/div>\n<div><span class=\"person-date\">2002<\/span> &#8211; Elu \u00e0 la pr\u00e9sidence<\/div>\n<div><span class=\"person-date\">2006<\/span> &#8211; R\u00e9\u00e9lu \u00e0 la pr\u00e9sidence<\/div>\n<\/div>\n","protected":false},"excerpt":{"rendered":"<p>Luiz In\u00e1cio Lula da Silva &nbsp; Luiz In\u00e1cio Lula da Silva na\u00eet le 27 octobre 1945 \u00e0 Garanhuns, dans l&rsquo;\u00e9tat [&hellip;]<\/p>\n","protected":false},"author":3,"featured_media":2597,"parent":2633,"menu_order":0,"comment_status":"closed","ping_status":"closed","template":"","meta":{"site-sidebar-layout":"default","site-content-layout":"","ast-site-content-layout":"default","site-content-style":"default","site-sidebar-style":"default","ast-global-header-display":"","ast-banner-title-visibility":"","ast-main-header-display":"","ast-hfb-above-header-display":"","ast-hfb-below-header-display":"","ast-hfb-mobile-header-display":"","site-post-title":"","ast-breadcrumbs-content":"","ast-featured-img":"","footer-sml-layout":"","ast-disable-related-posts":"","theme-transparent-header-meta":"","adv-header-id-meta":"","stick-header-meta":"","header-above-stick-meta":"","header-main-stick-meta":"","header-below-stick-meta":"","astra-migrate-meta-layouts":"default","ast-page-background-enabled":"default","ast-page-background-meta":{"desktop":{"background-color":"var(--ast-global-color-5)","background-image":"","background-repeat":"repeat","background-position":"center center","background-size":"auto","background-attachment":"scroll","background-type":"","background-media":"","overlay-type":"","overlay-color":"","overlay-opacity":"","overlay-gradient":""},"tablet":{"background-color":"","background-image":"","background-repeat":"repeat","background-position":"center center","background-size":"auto","background-attachment":"scroll","background-type":"","background-media":"","overlay-type":"","overlay-color":"","overlay-opacity":"","overlay-gradient":""},"mobile":{"background-color":"","background-image":"","background-repeat":"repeat","background-position":"center center","background-size":"auto","background-attachment":"scroll","background-type":"","background-media":"","overlay-type":"","overlay-color":"","overlay-opacity":"","overlay-gradient":""}},"ast-content-background-meta":{"desktop":{"background-color":"var(--ast-global-color-4)","background-image":"","background-repeat":"repeat","background-position":"center center","background-size":"auto","background-attachment":"scroll","background-type":"","background-media":"","overlay-type":"","overlay-color":"","overlay-opacity":"","overlay-gradient":""},"tablet":{"background-color":"var(--ast-global-color-4)","background-image":"","background-repeat":"repeat","background-position":"center center","background-size":"auto","background-attachment":"scroll","background-type":"","background-media":"","overlay-type":"","overlay-color":"","overlay-opacity":"","overlay-gradient":""},"mobile":{"background-color":"var(--ast-global-color-4)","background-image":"","background-repeat":"repeat","background-position":"center center","background-size":"auto","background-attachment":"scroll","background-type":"","background-media":"","overlay-type":"","overlay-color":"","overlay-opacity":"","overlay-gradient":""}},"footnotes":""},"class_list":["post-2598","page","type-page","status-publish","has-post-thumbnail","hentry"],"yoast_head":"<!-- This site is optimized with the Yoast SEO plugin v27.5 - https:\/\/yoast.com\/product\/yoast-seo-wordpress\/ -->\n<title>LULA - Abc-latina<\/title>\n<meta name=\"description\" content=\"Biographie de Lula - Luiz Inacio da Silva.\" \/>\n<meta name=\"robots\" content=\"index, follow, max-snippet:-1, max-image-preview:large, max-video-preview:-1\" \/>\n<link rel=\"canonical\" href=\"https:\/\/abc-latina.com\/personnalites\/luiz_inacio_lula_da_silva\/\" \/>\n<meta property=\"og:locale\" content=\"fr_FR\" \/>\n<meta property=\"og:type\" content=\"article\" \/>\n<meta property=\"og:title\" content=\"LULA - Abc-latina\" \/>\n<meta property=\"og:description\" content=\"Biographie de Lula - Luiz Inacio da Silva.\" \/>\n<meta property=\"og:url\" content=\"https:\/\/abc-latina.com\/personnalites\/luiz_inacio_lula_da_silva\/\" \/>\n<meta property=\"og:site_name\" content=\"Abc-latina\" \/>\n<meta property=\"article:modified_time\" content=\"2026-04-30T16:25:22+00:00\" \/>\n<meta property=\"og:image\" content=\"https:\/\/abc-latina.com\/wp-content\/uploads\/2010\/12\/lula.jpg\" \/>\n\t<meta property=\"og:image:width\" content=\"220\" \/>\n\t<meta property=\"og:image:height\" content=\"220\" \/>\n\t<meta property=\"og:image:type\" content=\"image\/jpeg\" \/>\n<meta name=\"twitter:card\" content=\"summary_large_image\" \/>\n<meta name=\"twitter:label1\" content=\"Dur\u00e9e de lecture estim\u00e9e\" \/>\n\t<meta name=\"twitter:data1\" content=\"5 minutes\" \/>\n<script type=\"application\/ld+json\" class=\"yoast-schema-graph\">{\"@context\":\"https:\\\/\\\/schema.org\",\"@graph\":[{\"@type\":\"WebPage\",\"@id\":\"https:\\\/\\\/abc-latina.com\\\/personnalites\\\/luiz_inacio_lula_da_silva\\\/\",\"url\":\"https:\\\/\\\/abc-latina.com\\\/personnalites\\\/luiz_inacio_lula_da_silva\\\/\",\"name\":\"LULA - Abc-latina\",\"isPartOf\":{\"@id\":\"https:\\\/\\\/abc-latina.com\\\/#website\"},\"primaryImageOfPage\":{\"@id\":\"https:\\\/\\\/abc-latina.com\\\/personnalites\\\/luiz_inacio_lula_da_silva\\\/#primaryimage\"},\"image\":{\"@id\":\"https:\\\/\\\/abc-latina.com\\\/personnalites\\\/luiz_inacio_lula_da_silva\\\/#primaryimage\"},\"thumbnailUrl\":\"https:\\\/\\\/abc-latina.com\\\/wp-content\\\/uploads\\\/2010\\\/12\\\/lula.jpg\",\"datePublished\":\"2010-12-08T02:23:53+00:00\",\"dateModified\":\"2026-04-30T16:25:22+00:00\",\"description\":\"Biographie de Lula - Luiz Inacio da Silva.\",\"breadcrumb\":{\"@id\":\"https:\\\/\\\/abc-latina.com\\\/personnalites\\\/luiz_inacio_lula_da_silva\\\/#breadcrumb\"},\"inLanguage\":\"fr-FR\",\"potentialAction\":[{\"@type\":\"ReadAction\",\"target\":[\"https:\\\/\\\/abc-latina.com\\\/personnalites\\\/luiz_inacio_lula_da_silva\\\/\"]}]},{\"@type\":\"ImageObject\",\"inLanguage\":\"fr-FR\",\"@id\":\"https:\\\/\\\/abc-latina.com\\\/personnalites\\\/luiz_inacio_lula_da_silva\\\/#primaryimage\",\"url\":\"https:\\\/\\\/abc-latina.com\\\/wp-content\\\/uploads\\\/2010\\\/12\\\/lula.jpg\",\"contentUrl\":\"https:\\\/\\\/abc-latina.com\\\/wp-content\\\/uploads\\\/2010\\\/12\\\/lula.jpg\",\"width\":220,\"height\":220,\"caption\":\"LULA\"},{\"@type\":\"BreadcrumbList\",\"@id\":\"https:\\\/\\\/abc-latina.com\\\/personnalites\\\/luiz_inacio_lula_da_silva\\\/#breadcrumb\",\"itemListElement\":[{\"@type\":\"ListItem\",\"position\":1,\"name\":\"Accueil\",\"item\":\"https:\\\/\\\/abc-latina.com\\\/\"},{\"@type\":\"ListItem\",\"position\":2,\"name\":\"LULA\"}]},{\"@type\":\"WebSite\",\"@id\":\"https:\\\/\\\/abc-latina.com\\\/#website\",\"url\":\"https:\\\/\\\/abc-latina.com\\\/\",\"name\":\"Abc-latina\",\"description\":\"\",\"publisher\":{\"@id\":\"https:\\\/\\\/abc-latina.com\\\/#organization\"},\"potentialAction\":[{\"@type\":\"SearchAction\",\"target\":{\"@type\":\"EntryPoint\",\"urlTemplate\":\"https:\\\/\\\/abc-latina.com\\\/?s={search_term_string}\"},\"query-input\":{\"@type\":\"PropertyValueSpecification\",\"valueRequired\":true,\"valueName\":\"search_term_string\"}}],\"inLanguage\":\"fr-FR\"},{\"@type\":\"Organization\",\"@id\":\"https:\\\/\\\/abc-latina.com\\\/#organization\",\"name\":\"Abc-latina\",\"url\":\"https:\\\/\\\/abc-latina.com\\\/\",\"logo\":{\"@type\":\"ImageObject\",\"inLanguage\":\"fr-FR\",\"@id\":\"https:\\\/\\\/abc-latina.com\\\/#\\\/schema\\\/logo\\\/image\\\/\",\"url\":\"https:\\\/\\\/abc-latina.com\\\/wp-content\\\/uploads\\\/2026\\\/05\\\/cropped-logo.gif\",\"contentUrl\":\"https:\\\/\\\/abc-latina.com\\\/wp-content\\\/uploads\\\/2026\\\/05\\\/cropped-logo.gif\",\"width\":89,\"height\":84,\"caption\":\"Abc-latina\"},\"image\":{\"@id\":\"https:\\\/\\\/abc-latina.com\\\/#\\\/schema\\\/logo\\\/image\\\/\"}}]}<\/script>\n<!-- \/ Yoast SEO plugin. -->","yoast_head_json":{"title":"LULA - Abc-latina","description":"Biographie de Lula - Luiz Inacio da Silva.","robots":{"index":"index","follow":"follow","max-snippet":"max-snippet:-1","max-image-preview":"max-image-preview:large","max-video-preview":"max-video-preview:-1"},"canonical":"https:\/\/abc-latina.com\/personnalites\/luiz_inacio_lula_da_silva\/","og_locale":"fr_FR","og_type":"article","og_title":"LULA - Abc-latina","og_description":"Biographie de Lula - Luiz Inacio da Silva.","og_url":"https:\/\/abc-latina.com\/personnalites\/luiz_inacio_lula_da_silva\/","og_site_name":"Abc-latina","article_modified_time":"2026-04-30T16:25:22+00:00","og_image":[{"width":220,"height":220,"url":"https:\/\/abc-latina.com\/wp-content\/uploads\/2010\/12\/lula.jpg","type":"image\/jpeg"}],"twitter_card":"summary_large_image","twitter_misc":{"Dur\u00e9e de lecture estim\u00e9e":"5 minutes"},"schema":{"@context":"https:\/\/schema.org","@graph":[{"@type":"WebPage","@id":"https:\/\/abc-latina.com\/personnalites\/luiz_inacio_lula_da_silva\/","url":"https:\/\/abc-latina.com\/personnalites\/luiz_inacio_lula_da_silva\/","name":"LULA - Abc-latina","isPartOf":{"@id":"https:\/\/abc-latina.com\/#website"},"primaryImageOfPage":{"@id":"https:\/\/abc-latina.com\/personnalites\/luiz_inacio_lula_da_silva\/#primaryimage"},"image":{"@id":"https:\/\/abc-latina.com\/personnalites\/luiz_inacio_lula_da_silva\/#primaryimage"},"thumbnailUrl":"https:\/\/abc-latina.com\/wp-content\/uploads\/2010\/12\/lula.jpg","datePublished":"2010-12-08T02:23:53+00:00","dateModified":"2026-04-30T16:25:22+00:00","description":"Biographie de Lula - Luiz Inacio da Silva.","breadcrumb":{"@id":"https:\/\/abc-latina.com\/personnalites\/luiz_inacio_lula_da_silva\/#breadcrumb"},"inLanguage":"fr-FR","potentialAction":[{"@type":"ReadAction","target":["https:\/\/abc-latina.com\/personnalites\/luiz_inacio_lula_da_silva\/"]}]},{"@type":"ImageObject","inLanguage":"fr-FR","@id":"https:\/\/abc-latina.com\/personnalites\/luiz_inacio_lula_da_silva\/#primaryimage","url":"https:\/\/abc-latina.com\/wp-content\/uploads\/2010\/12\/lula.jpg","contentUrl":"https:\/\/abc-latina.com\/wp-content\/uploads\/2010\/12\/lula.jpg","width":220,"height":220,"caption":"LULA"},{"@type":"BreadcrumbList","@id":"https:\/\/abc-latina.com\/personnalites\/luiz_inacio_lula_da_silva\/#breadcrumb","itemListElement":[{"@type":"ListItem","position":1,"name":"Accueil","item":"https:\/\/abc-latina.com\/"},{"@type":"ListItem","position":2,"name":"LULA"}]},{"@type":"WebSite","@id":"https:\/\/abc-latina.com\/#website","url":"https:\/\/abc-latina.com\/","name":"Abc-latina","description":"","publisher":{"@id":"https:\/\/abc-latina.com\/#organization"},"potentialAction":[{"@type":"SearchAction","target":{"@type":"EntryPoint","urlTemplate":"https:\/\/abc-latina.com\/?s={search_term_string}"},"query-input":{"@type":"PropertyValueSpecification","valueRequired":true,"valueName":"search_term_string"}}],"inLanguage":"fr-FR"},{"@type":"Organization","@id":"https:\/\/abc-latina.com\/#organization","name":"Abc-latina","url":"https:\/\/abc-latina.com\/","logo":{"@type":"ImageObject","inLanguage":"fr-FR","@id":"https:\/\/abc-latina.com\/#\/schema\/logo\/image\/","url":"https:\/\/abc-latina.com\/wp-content\/uploads\/2026\/05\/cropped-logo.gif","contentUrl":"https:\/\/abc-latina.com\/wp-content\/uploads\/2026\/05\/cropped-logo.gif","width":89,"height":84,"caption":"Abc-latina"},"image":{"@id":"https:\/\/abc-latina.com\/#\/schema\/logo\/image\/"}}]}},"_links":{"self":[{"href":"https:\/\/abc-latina.com\/wp-json\/wp\/v2\/pages\/2598","targetHints":{"allow":["GET"]}}],"collection":[{"href":"https:\/\/abc-latina.com\/wp-json\/wp\/v2\/pages"}],"about":[{"href":"https:\/\/abc-latina.com\/wp-json\/wp\/v2\/types\/page"}],"author":[{"embeddable":true,"href":"https:\/\/abc-latina.com\/wp-json\/wp\/v2\/users\/3"}],"replies":[{"embeddable":true,"href":"https:\/\/abc-latina.com\/wp-json\/wp\/v2\/comments?post=2598"}],"version-history":[{"count":1,"href":"https:\/\/abc-latina.com\/wp-json\/wp\/v2\/pages\/2598\/revisions"}],"predecessor-version":[{"id":3847,"href":"https:\/\/abc-latina.com\/wp-json\/wp\/v2\/pages\/2598\/revisions\/3847"}],"up":[{"embeddable":true,"href":"https:\/\/abc-latina.com\/wp-json\/wp\/v2\/pages\/2633"}],"wp:featuredmedia":[{"embeddable":true,"href":"https:\/\/abc-latina.com\/wp-json\/wp\/v2\/media\/2597"}],"wp:attachment":[{"href":"https:\/\/abc-latina.com\/wp-json\/wp\/v2\/media?parent=2598"}],"curies":[{"name":"wp","href":"https:\/\/api.w.org\/{rel}","templated":true}]}}