{"id":2604,"date":"2010-12-08T03:47:41","date_gmt":"2010-12-08T02:47:41","guid":{"rendered":"http:\/\/abc-latina.com\/mario_vargas_llosa-htm\/"},"modified":"2026-04-30T18:25:22","modified_gmt":"2026-04-30T16:25:22","slug":"mario_vargas_llosa","status":"publish","type":"page","link":"https:\/\/abc-latina.com\/personnalites\/mario_vargas_llosa\/","title":{"rendered":"MARIO VARGAS LLOSA"},"content":{"rendered":"<div>Ecrivain p\u00e9ruvien (Arequipa, 1936).&nbsp;<\/div>\n<div>&nbsp;<\/div>\n<div><img loading=\"lazy\" decoding=\"async\" class=\" alignright size-full wp-image-2603\" src=\"http:\/\/abc-latina.com\/wp-content\/uploads\/2010\/12\/mario-vargas-llosa.jpg\" title=\"MARIO VARGAS LLOSA\" alt=\"\" width=\"220\" vspace=\"9\" hspace=\"15\" height=\"220\" align=\"right\" srcset=\"https:\/\/abc-latina.com\/wp-content\/uploads\/2010\/12\/mario-vargas-llosa.jpg 220w, https:\/\/abc-latina.com\/wp-content\/uploads\/2010\/12\/mario-vargas-llosa-150x150.jpg 150w\" sizes=\"auto, (max-width: 220px) 100vw, 220px\" \/>Critique litt\u00e9raire et surtout romancier, <span class=\"person\">Mario vargas Llosa<\/span> est consid\u00e9r\u00e9 comme l&rsquo;un des chefs de file de la litt\u00e9rature latino-am\u00e9ricaine depuis les ann\u00e9es 1950. Apr\u00e8s avoir s\u00e9journ\u00e9 \u00e0 Paris, Londres et Barcelone, il regagne le <a target=\"_blank\" href=\"https:\/\/www.abc-latina.com\/perou\/\"><strong>P\u00e9rou<\/strong><\/a> o\u00f9 il compose une vaste fresque de la soci\u00e9t\u00e9 p\u00e9ruvienne: la Ville et les Chiens (1962); la Maison verte (1965); Conversation \u00e0 la cath\u00e9drale (1971); la Tante Julia et le Scribouillard (1977); Histoire de Mayta (1984). Candidat \u00e0 l&rsquo;\u00e9lection pr\u00e9sidentielle de 1990, il fut battu, au second tour, par <a href=\"alberto_fujimori\">Alberto Fujimori<\/a>. Depuis, il a notamment publi\u00e9 En selle avec Tirant le blanc (1996), les Enjeux de la libert\u00e9 (1997) ou la F\u00eate au bouc (2002).<\/div>\n<div>Il re\u00e7oit en 2010, le <a target=\"_blank\" href=\"https:\/\/www.abc-latina.com\/amerique_latine\/prix_nobel\">prix Nobel<\/a> de litt\u00e9rature.<\/div>\n<div>&nbsp;<\/div>\n<div><span class=\"person\">REPERES<\/span><\/div>\n<div><span class=\"person-date\">1936<\/span> &#8211; Naissance de Mario Vargas Llosa<\/div>\n<div><span class=\"person-date\">1990<\/span> &#8211; Il se pr\u00e9sente \u00e0 l&rsquo;\u00e9lection pr\u00e9sidentielle<\/div>\n<div><span class=\"person-date\">2010<\/span> &#8211; Prix Nobel de litt\u00e9rature<\/div>\n","protected":false},"excerpt":{"rendered":"<p>Ecrivain p\u00e9ruvien (Arequipa, 1936).&nbsp; &nbsp; Critique litt\u00e9raire et surtout romancier, Mario vargas Llosa est consid\u00e9r\u00e9 comme l&rsquo;un des chefs de [&hellip;]<\/p>\n","protected":false},"author":3,"featured_media":2603,"parent":2633,"menu_order":0,"comment_status":"closed","ping_status":"closed","template":"","meta":{"site-sidebar-layout":"default","site-content-layout":"","ast-site-content-layout":"default","site-content-style":"default","site-sidebar-style":"default","ast-global-header-display":"","ast-banner-title-visibility":"","ast-main-header-display":"","ast-hfb-above-header-display":"","ast-hfb-below-header-display":"","ast-hfb-mobile-header-display":"","site-post-title":"","ast-breadcrumbs-content":"","ast-featured-img":"","footer-sml-layout":"","ast-disable-related-posts":"","theme-transparent-header-meta":"","adv-header-id-meta":"","stick-header-meta":"","header-above-stick-meta":"","header-main-stick-meta":"","header-below-stick-meta":"","astra-migrate-meta-layouts":"default","ast-page-background-enabled":"default","ast-page-background-meta":{"desktop":{"background-color":"var(--ast-global-color-5)","background-image":"","background-repeat":"repeat","background-position":"center center","background-size":"auto","background-attachment":"scroll","background-type":"","background-media":"","overlay-type":"","overlay-color":"","overlay-opacity":"","overlay-gradient":""},"tablet":{"background-color":"","background-image":"","background-repeat":"repeat","background-position":"center center","background-size":"auto","background-attachment":"scroll","background-type":"","background-media":"","overlay-type":"","overlay-color":"","overlay-opacity":"","overlay-gradient":""},"mobile":{"background-color":"","background-image":"","background-repeat":"repeat","background-position":"center center","background-size":"auto","background-attachment":"scroll","background-type":"","background-media":"","overlay-type":"","overlay-color":"","overlay-opacity":"","overlay-gradient":""}},"ast-content-background-meta":{"desktop":{"background-color":"var(--ast-global-color-4)","background-image":"","background-repeat":"repeat","background-position":"center center","background-size":"auto","background-attachment":"scroll","background-type":"","background-media":"","overlay-type":"","overlay-color":"","overlay-opacity":"","overlay-gradient":""},"tablet":{"background-color":"var(--ast-global-color-4)","background-image":"","background-repeat":"repeat","background-position":"center center","background-size":"auto","background-attachment":"scroll","background-type":"","background-media":"","overlay-type":"","overlay-color":"","overlay-opacity":"","overlay-gradient":""},"mobile":{"background-color":"var(--ast-global-color-4)","background-image":"","background-repeat":"repeat","background-position":"center center","background-size":"auto","background-attachment":"scroll","background-type":"","background-media":"","overlay-type":"","overlay-color":"","overlay-opacity":"","overlay-gradient":""}},"footnotes":""},"class_list":["post-2604","page","type-page","status-publish","has-post-thumbnail","hentry"],"yoast_head":"<!-- This site is optimized with the Yoast SEO plugin v27.5 - https:\/\/yoast.com\/product\/yoast-seo-wordpress\/ -->\n<title>MARIO VARGAS LLOSA - Abc-latina<\/title>\n<meta name=\"description\" content=\"Mario Vargas Llosa, \u00e9crivain p\u00e9ruvien.\" \/>\n<meta name=\"robots\" content=\"index, follow, max-snippet:-1, max-image-preview:large, max-video-preview:-1\" \/>\n<link rel=\"canonical\" href=\"https:\/\/abc-latina.com\/personnalites\/mario_vargas_llosa\/\" \/>\n<meta property=\"og:locale\" content=\"fr_FR\" \/>\n<meta property=\"og:type\" content=\"article\" \/>\n<meta property=\"og:title\" content=\"MARIO VARGAS LLOSA - Abc-latina\" \/>\n<meta property=\"og:description\" content=\"Mario Vargas Llosa, \u00e9crivain p\u00e9ruvien.\" \/>\n<meta property=\"og:url\" content=\"https:\/\/abc-latina.com\/personnalites\/mario_vargas_llosa\/\" \/>\n<meta property=\"og:site_name\" content=\"Abc-latina\" \/>\n<meta property=\"article:modified_time\" content=\"2026-04-30T16:25:22+00:00\" \/>\n<meta property=\"og:image\" content=\"https:\/\/abc-latina.com\/wp-content\/uploads\/2010\/12\/mario-vargas-llosa.jpg\" \/>\n\t<meta property=\"og:image:width\" content=\"220\" \/>\n\t<meta property=\"og:image:height\" content=\"220\" \/>\n\t<meta property=\"og:image:type\" content=\"image\/jpeg\" \/>\n<meta name=\"twitter:card\" content=\"summary_large_image\" \/>\n<meta name=\"twitter:label1\" content=\"Dur\u00e9e de lecture estim\u00e9e\" \/>\n\t<meta name=\"twitter:data1\" content=\"1 minute\" \/>\n<script type=\"application\/ld+json\" class=\"yoast-schema-graph\">{\"@context\":\"https:\\\/\\\/schema.org\",\"@graph\":[{\"@type\":\"WebPage\",\"@id\":\"https:\\\/\\\/abc-latina.com\\\/personnalites\\\/mario_vargas_llosa\\\/\",\"url\":\"https:\\\/\\\/abc-latina.com\\\/personnalites\\\/mario_vargas_llosa\\\/\",\"name\":\"MARIO VARGAS LLOSA - Abc-latina\",\"isPartOf\":{\"@id\":\"https:\\\/\\\/abc-latina.com\\\/#website\"},\"primaryImageOfPage\":{\"@id\":\"https:\\\/\\\/abc-latina.com\\\/personnalites\\\/mario_vargas_llosa\\\/#primaryimage\"},\"image\":{\"@id\":\"https:\\\/\\\/abc-latina.com\\\/personnalites\\\/mario_vargas_llosa\\\/#primaryimage\"},\"thumbnailUrl\":\"https:\\\/\\\/abc-latina.com\\\/wp-content\\\/uploads\\\/2010\\\/12\\\/mario-vargas-llosa.jpg\",\"datePublished\":\"2010-12-08T02:47:41+00:00\",\"dateModified\":\"2026-04-30T16:25:22+00:00\",\"description\":\"Mario Vargas Llosa, \u00e9crivain p\u00e9ruvien.\",\"breadcrumb\":{\"@id\":\"https:\\\/\\\/abc-latina.com\\\/personnalites\\\/mario_vargas_llosa\\\/#breadcrumb\"},\"inLanguage\":\"fr-FR\",\"potentialAction\":[{\"@type\":\"ReadAction\",\"target\":[\"https:\\\/\\\/abc-latina.com\\\/personnalites\\\/mario_vargas_llosa\\\/\"]}]},{\"@type\":\"ImageObject\",\"inLanguage\":\"fr-FR\",\"@id\":\"https:\\\/\\\/abc-latina.com\\\/personnalites\\\/mario_vargas_llosa\\\/#primaryimage\",\"url\":\"https:\\\/\\\/abc-latina.com\\\/wp-content\\\/uploads\\\/2010\\\/12\\\/mario-vargas-llosa.jpg\",\"contentUrl\":\"https:\\\/\\\/abc-latina.com\\\/wp-content\\\/uploads\\\/2010\\\/12\\\/mario-vargas-llosa.jpg\",\"width\":220,\"height\":220,\"caption\":\"MARIO VARGAS LLOSA\"},{\"@type\":\"BreadcrumbList\",\"@id\":\"https:\\\/\\\/abc-latina.com\\\/personnalites\\\/mario_vargas_llosa\\\/#breadcrumb\",\"itemListElement\":[{\"@type\":\"ListItem\",\"position\":1,\"name\":\"Accueil\",\"item\":\"https:\\\/\\\/abc-latina.com\\\/\"},{\"@type\":\"ListItem\",\"position\":2,\"name\":\"MARIO VARGAS LLOSA\"}]},{\"@type\":\"WebSite\",\"@id\":\"https:\\\/\\\/abc-latina.com\\\/#website\",\"url\":\"https:\\\/\\\/abc-latina.com\\\/\",\"name\":\"Abc-latina\",\"description\":\"\",\"publisher\":{\"@id\":\"https:\\\/\\\/abc-latina.com\\\/#organization\"},\"potentialAction\":[{\"@type\":\"SearchAction\",\"target\":{\"@type\":\"EntryPoint\",\"urlTemplate\":\"https:\\\/\\\/abc-latina.com\\\/?s={search_term_string}\"},\"query-input\":{\"@type\":\"PropertyValueSpecification\",\"valueRequired\":true,\"valueName\":\"search_term_string\"}}],\"inLanguage\":\"fr-FR\"},{\"@type\":\"Organization\",\"@id\":\"https:\\\/\\\/abc-latina.com\\\/#organization\",\"name\":\"Abc-latina\",\"url\":\"https:\\\/\\\/abc-latina.com\\\/\",\"logo\":{\"@type\":\"ImageObject\",\"inLanguage\":\"fr-FR\",\"@id\":\"https:\\\/\\\/abc-latina.com\\\/#\\\/schema\\\/logo\\\/image\\\/\",\"url\":\"https:\\\/\\\/abc-latina.com\\\/wp-content\\\/uploads\\\/2026\\\/05\\\/cropped-logo.gif\",\"contentUrl\":\"https:\\\/\\\/abc-latina.com\\\/wp-content\\\/uploads\\\/2026\\\/05\\\/cropped-logo.gif\",\"width\":89,\"height\":84,\"caption\":\"Abc-latina\"},\"image\":{\"@id\":\"https:\\\/\\\/abc-latina.com\\\/#\\\/schema\\\/logo\\\/image\\\/\"}}]}<\/script>\n<!-- \/ Yoast SEO plugin. -->","yoast_head_json":{"title":"MARIO VARGAS LLOSA - Abc-latina","description":"Mario Vargas Llosa, \u00e9crivain p\u00e9ruvien.","robots":{"index":"index","follow":"follow","max-snippet":"max-snippet:-1","max-image-preview":"max-image-preview:large","max-video-preview":"max-video-preview:-1"},"canonical":"https:\/\/abc-latina.com\/personnalites\/mario_vargas_llosa\/","og_locale":"fr_FR","og_type":"article","og_title":"MARIO VARGAS LLOSA - Abc-latina","og_description":"Mario Vargas Llosa, \u00e9crivain p\u00e9ruvien.","og_url":"https:\/\/abc-latina.com\/personnalites\/mario_vargas_llosa\/","og_site_name":"Abc-latina","article_modified_time":"2026-04-30T16:25:22+00:00","og_image":[{"width":220,"height":220,"url":"https:\/\/abc-latina.com\/wp-content\/uploads\/2010\/12\/mario-vargas-llosa.jpg","type":"image\/jpeg"}],"twitter_card":"summary_large_image","twitter_misc":{"Dur\u00e9e de lecture estim\u00e9e":"1 minute"},"schema":{"@context":"https:\/\/schema.org","@graph":[{"@type":"WebPage","@id":"https:\/\/abc-latina.com\/personnalites\/mario_vargas_llosa\/","url":"https:\/\/abc-latina.com\/personnalites\/mario_vargas_llosa\/","name":"MARIO VARGAS LLOSA - Abc-latina","isPartOf":{"@id":"https:\/\/abc-latina.com\/#website"},"primaryImageOfPage":{"@id":"https:\/\/abc-latina.com\/personnalites\/mario_vargas_llosa\/#primaryimage"},"image":{"@id":"https:\/\/abc-latina.com\/personnalites\/mario_vargas_llosa\/#primaryimage"},"thumbnailUrl":"https:\/\/abc-latina.com\/wp-content\/uploads\/2010\/12\/mario-vargas-llosa.jpg","datePublished":"2010-12-08T02:47:41+00:00","dateModified":"2026-04-30T16:25:22+00:00","description":"Mario Vargas Llosa, \u00e9crivain p\u00e9ruvien.","breadcrumb":{"@id":"https:\/\/abc-latina.com\/personnalites\/mario_vargas_llosa\/#breadcrumb"},"inLanguage":"fr-FR","potentialAction":[{"@type":"ReadAction","target":["https:\/\/abc-latina.com\/personnalites\/mario_vargas_llosa\/"]}]},{"@type":"ImageObject","inLanguage":"fr-FR","@id":"https:\/\/abc-latina.com\/personnalites\/mario_vargas_llosa\/#primaryimage","url":"https:\/\/abc-latina.com\/wp-content\/uploads\/2010\/12\/mario-vargas-llosa.jpg","contentUrl":"https:\/\/abc-latina.com\/wp-content\/uploads\/2010\/12\/mario-vargas-llosa.jpg","width":220,"height":220,"caption":"MARIO VARGAS LLOSA"},{"@type":"BreadcrumbList","@id":"https:\/\/abc-latina.com\/personnalites\/mario_vargas_llosa\/#breadcrumb","itemListElement":[{"@type":"ListItem","position":1,"name":"Accueil","item":"https:\/\/abc-latina.com\/"},{"@type":"ListItem","position":2,"name":"MARIO VARGAS LLOSA"}]},{"@type":"WebSite","@id":"https:\/\/abc-latina.com\/#website","url":"https:\/\/abc-latina.com\/","name":"Abc-latina","description":"","publisher":{"@id":"https:\/\/abc-latina.com\/#organization"},"potentialAction":[{"@type":"SearchAction","target":{"@type":"EntryPoint","urlTemplate":"https:\/\/abc-latina.com\/?s={search_term_string}"},"query-input":{"@type":"PropertyValueSpecification","valueRequired":true,"valueName":"search_term_string"}}],"inLanguage":"fr-FR"},{"@type":"Organization","@id":"https:\/\/abc-latina.com\/#organization","name":"Abc-latina","url":"https:\/\/abc-latina.com\/","logo":{"@type":"ImageObject","inLanguage":"fr-FR","@id":"https:\/\/abc-latina.com\/#\/schema\/logo\/image\/","url":"https:\/\/abc-latina.com\/wp-content\/uploads\/2026\/05\/cropped-logo.gif","contentUrl":"https:\/\/abc-latina.com\/wp-content\/uploads\/2026\/05\/cropped-logo.gif","width":89,"height":84,"caption":"Abc-latina"},"image":{"@id":"https:\/\/abc-latina.com\/#\/schema\/logo\/image\/"}}]}},"_links":{"self":[{"href":"https:\/\/abc-latina.com\/wp-json\/wp\/v2\/pages\/2604","targetHints":{"allow":["GET"]}}],"collection":[{"href":"https:\/\/abc-latina.com\/wp-json\/wp\/v2\/pages"}],"about":[{"href":"https:\/\/abc-latina.com\/wp-json\/wp\/v2\/types\/page"}],"author":[{"embeddable":true,"href":"https:\/\/abc-latina.com\/wp-json\/wp\/v2\/users\/3"}],"replies":[{"embeddable":true,"href":"https:\/\/abc-latina.com\/wp-json\/wp\/v2\/comments?post=2604"}],"version-history":[{"count":1,"href":"https:\/\/abc-latina.com\/wp-json\/wp\/v2\/pages\/2604\/revisions"}],"predecessor-version":[{"id":3850,"href":"https:\/\/abc-latina.com\/wp-json\/wp\/v2\/pages\/2604\/revisions\/3850"}],"up":[{"embeddable":true,"href":"https:\/\/abc-latina.com\/wp-json\/wp\/v2\/pages\/2633"}],"wp:featuredmedia":[{"embeddable":true,"href":"https:\/\/abc-latina.com\/wp-json\/wp\/v2\/media\/2603"}],"wp:attachment":[{"href":"https:\/\/abc-latina.com\/wp-json\/wp\/v2\/media?parent=2604"}],"curies":[{"name":"wp","href":"https:\/\/api.w.org\/{rel}","templated":true}]}}