{"id":2612,"date":"2010-12-08T04:35:18","date_gmt":"2010-12-08T03:35:18","guid":{"rendered":"http:\/\/abc-latina.com\/pablo_escobar-htm\/"},"modified":"2026-04-30T18:25:23","modified_gmt":"2026-04-30T16:25:23","slug":"pablo_escobar","status":"publish","type":"page","link":"https:\/\/abc-latina.com\/personnalites\/pablo_escobar\/","title":{"rendered":"PABLO ESCOBAR"},"content":{"rendered":"<div><img loading=\"lazy\" decoding=\"async\" class=\" alignright size-full wp-image-2611\" src=\"http:\/\/abc-latina.com\/wp-content\/uploads\/2010\/12\/pablo-escobar.jpg\" title=\"PABLO ESCOBAR\" alt=\"\" width=\"220\" vspace=\"9\" hspace=\"15\" height=\"220\" align=\"right\" srcset=\"https:\/\/abc-latina.com\/wp-content\/uploads\/2010\/12\/pablo-escobar.jpg 220w, https:\/\/abc-latina.com\/wp-content\/uploads\/2010\/12\/pablo-escobar-150x150.jpg 150w\" sizes=\"auto, (max-width: 220px) 100vw, 220px\" \/>Issu d&rsquo;une famille de la classe moyenne, dans une Colombie de tous les drames, <span style=\"color: rgb(255, 102, 0); \"><strong>Pablo Escobar <\/strong><\/span>d\u00e9bute par le vol comme nombre de petits truands. Dans une publication anonyme, parue en <strong><a target=\"_blank\" href=\"https:\/\/www.abc-latina.com\/colombie\/\">Colombie<\/a>&nbsp;<\/strong>en 1989, Pablo Escobar raconte ses d\u00e9buts : &laquo; Comment ai-je commenc\u00e9 ? J&rsquo;\u00e9tais jeune, j&rsquo;avais envie de vivre et j&rsquo;avais de l&rsquo;ambition. Je ne connaissais rien des affaires du narco-trafic. C&rsquo;est alors que j&rsquo;ai rencontr\u00e9 un jeune gringo dans une discoth\u00e8que de Medell\u00edn (&#8230;) Le gringo avait un avion. Il voulait acheter de la coca\u00efne dans le pays. Plus tard, j&rsquo;ai pris ma d\u00e9cision. Je l&rsquo;ai mis en contact avec des gens sp\u00e9cialis\u00e9s. D\u00e8s lors, je me suis trouv\u00e9 embarqu\u00e9 dans cette fili\u00e8re, o\u00f9 j&rsquo;ai fait entrer de nombreux amis. (&#8230;) Nous avons commenc\u00e9 \u00e0 vendre de la marchandise \u00e0 ce pilote am\u00e9ricain, qui arrivait en Colombie avec son avion US et payait comptant en dollars. Ca commerce me semblait facile \u00e0 premi\u00e8re vue: il y avait peu de risques, c&rsquo;\u00e9tait rentable. En plus, il ne fallait tuer personne, ce qui m&rsquo;\u00e9tait important. (&#8230;) A cette \u00e9poque, ce trafic ne faisait pas la une des journaux&hellip; au fond, je trouvais cette activit\u00e9 normale (&#8230;) &raquo;.<\/p>\n<div>&nbsp;<\/div>\n<div>Le mythique chef du cartel de Medell\u00edn terrorise le pays \u00e0 partir de 1984, assassinant juges, policiers, journalistes et hommes politiques. Il est convaincu d&rsquo;avoir tu\u00e9 par lui-m\u00eame un peu plus de 100 personnes. \u00c0 lui tout seul, il est responsable de l&rsquo;assassinat de trois des cinq candidats \u00e0 la pr\u00e9sidentielle colombienne de 1989. \u00c9lu en 1982, membre du Parlement colombien, il fait construire des routes, plus de 500 maisons, des h\u00f4pitaux et devient un h\u00e9ros pour les pauvres, mal inform\u00e9s de la r\u00e9alit\u00e9 du personnage. Au sommet de sa carri\u00e8re, il dispose de revenus consid\u00e9rables provenant du trafic de drogue et est terriblement dangereux. Pablo Escobar aurait, pendant toute sa carri\u00e8re, amass\u00e9 plus de quatre milliards de dollars US.<\/div>\n<div>&nbsp;<\/div>\n<div>Il n\u00e9gociait activement des accords avec des dictateurs d&rsquo;Am\u00e9rique centrale tels que le g\u00e9n\u00e9ral Manuel Noriega, du Panama, pour que les cargaisons de drogues colombiennes transitent vers les \u00c9tats-Unis en toute qui\u00e9tude via leurs territoires nationaux. Le 15 f\u00e9vrier 1990, un sommet anti-drogue r\u00e9unit \u00e0 Carthag\u00e8ne les pr\u00e9sidents Bush (USA), Barco (Colombie), Paz Zamora (Bolivie) et Garc\u00eda (P\u00e9rou). En avril, l&rsquo;arm\u00e9e colombienne cerne le si\u00e8ge de Pablo Escobar, un des plus influents barons de la drogue. Il y aura 510 morts mais ce dernier r\u00e9ussira \u00e0 s&rsquo;\u00e9chapper.<\/div>\n<div>&nbsp;<\/div>\n<div>Pablo Escobar avait cr\u00e9\u00e9 un v\u00e9ritable groupe arm\u00e9 autour de lui, environ 3 000 tueurs, les &laquo; sicarios &raquo;, \u00e2g\u00e9s de 10 ans pour les plus jeunes. En 1992, \u00e0 Medellin 6 662 personnes ont \u00e9t\u00e9 tu\u00e9es dans des affrontements arm\u00e9s, auxquelles il faut ajouter 1 292 cadavres non identifi\u00e9s et 967 habitants port\u00e9s d\u00e9finitivements disparus, soit un total de 8 921 morts. Pablo Escobar \u00e9tait le sommet d&rsquo;une pyramide compos\u00e9e de chacun des membres de son clan ou de sa famille. Pour le faire tomber, il aurait \u00e9t\u00e9 pr\u00e9vu de d\u00e9truire une \u00e0 une les personnes qui composaient la pyramide, jusqu&rsquo;\u00e0 ce que Pablo n&rsquo;ait plus de soutien logistique suffisant et s\u00fbr, plus d&rsquo;endroit o\u00f9 se r\u00e9fugier.<\/div>\n<div>&nbsp;<\/div>\n<div>Selon la revue colombienne Semana, sa mort aurait \u00e9t\u00e9 le r\u00e9sultat d&rsquo;une vaste op\u00e9ration am\u00e9ricaine, d\u00e9nomm\u00e9e Heavy Shadow (Ombre pesante), qui &laquo; mobilisait des \u00e9quipes de la CIA, de la DEA, du FBI et de la NSA &raquo;, c&rsquo;est-\u00e0-dire, tous les services f\u00e9d\u00e9raux de s\u00e9curit\u00e9 \u00e9tats-uniens. Cette op\u00e9ration &laquo; a co\u00fbt\u00e9 en fonds secrets, charges de personnels et armes, plusieurs centaines de millions de dollars &raquo;. Les policiers et les soldats d&rsquo;\u00e9lite du groupe sp\u00e9cial de recherche, arriv\u00e9s \u00e0 Medell\u00edn le 22 juillet 1992, r\u00e9alis\u00e8rent pr\u00e8s de 20 000 perquisitions dans la ville et dans toute sa r\u00e9gion, tr\u00e8s bois\u00e9e et accident\u00e9e, o\u00f9 le parrain poss\u00e9dait de tr\u00e8s nombreuses propri\u00e9t\u00e9s.<\/div>\n<div>&nbsp;<\/div>\n<div>Mais de nombreux autres groupes et personnages \u00e9taient aussi sur ses traces : les tueurs \u00e0 gage du cartel de Cali qui avaient eu avec le cartel de Medell\u00edn de nombreux r\u00e9glements de comptes sanglants pour la pr\u00e9\u00e9minence de la livraison de drogue ; les mercenaires am\u00e9ricains, isra\u00e9liens et autres, all\u00e9ch\u00e9s par la prime de plusieurs millions de dollars US offerte par le gouvernement et les organismes anti-stup\u00e9fiants am\u00e9ricains ; les nombreux proches et familles des &laquo; collaborateurs &raquo; qu&rsquo;il avait fait tuer, et tous ceux qui avaient r\u00e9ussi \u00e0 d\u00e9tourner l&rsquo;argent du crime par millions de dollars.<\/div>\n<div>&nbsp;<\/div>\n<div>Le 10 d\u00e9cembre 1992, avec 30 hommes, Pablo Escobar, kidnappe un groupe d&rsquo;hommes d&rsquo;affaire entre l&rsquo;a\u00e9roport et le centre de Medell\u00edn ; il exige une ran\u00e7on de 300 000 $US. D\u00e9but 1993, un nouveau groupe paramilitaire terroriste &laquo; Pepe &raquo; appara\u00eet, d\u00e9cid\u00e9 \u00e0 \u00e9liminer Pablo Escobar et le cartel de Medell\u00edn, et fait r\u00e9gner la terreur sur la ville. Apr\u00e8s des mois de travail, l&rsquo;\u00e9quipe de surveillance du bloc de recherche, r\u00e9ussit un jour \u00e0 rep\u00e9rer Pablo Escobar dans le quartier de Los Olivos. Contrairement \u00e0 son habitude, il avait longuement et imprudemment t\u00e9l\u00e9phon\u00e9 \u00e0 sa femme et \u00e0 son fils Juan Pablo, dans un hotel de Bogot\u00e1. Le commandant Hugo Mart\u00ednez, \u00e0 l&rsquo;aide d&rsquo;un \u00e9cran de visualisation de signal de communication, \u00e9tait parvenu devant un p\u00e2t\u00e9 de maisons. Mais, plut\u00f4t que de faire encercler le quartier, il pr\u00e9f\u00e9ra l&rsquo;attente, l&rsquo;infiltration et la surveillance.<\/div>\n<div>&nbsp;<\/div>\n<div>Scrutant les fen\u00eatres des maisons, une \u00e0 une, il aper\u00e7ut \u00e0 l&rsquo;une d&rsquo;elles, un homme corpulent qu&rsquo;il identifia comme \u00e9tant Pablo Escobar. Ayant alert\u00e9 le quartier g\u00e9n\u00e9ral local de la PNC (Police Nationale Colombienne), il fut rejoint par un commando. Le plan d&rsquo;alerte se termina par l&rsquo;assaut et la mort du parrain alors qu&rsquo;il tentait de fuir par le to\u00eet.<\/div>\n<div>&nbsp;<\/div>\n<div><span class=\"tsource\">Source : fr.wikipedia.org<\/span><\/div>\n<\/div>\n","protected":false},"excerpt":{"rendered":"<p>Issu d&rsquo;une famille de la classe moyenne, dans une Colombie de tous les drames, Pablo Escobar d\u00e9bute par le vol [&hellip;]<\/p>\n","protected":false},"author":3,"featured_media":2611,"parent":2633,"menu_order":0,"comment_status":"closed","ping_status":"closed","template":"","meta":{"site-sidebar-layout":"default","site-content-layout":"","ast-site-content-layout":"default","site-content-style":"default","site-sidebar-style":"default","ast-global-header-display":"","ast-banner-title-visibility":"","ast-main-header-display":"","ast-hfb-above-header-display":"","ast-hfb-below-header-display":"","ast-hfb-mobile-header-display":"","site-post-title":"","ast-breadcrumbs-content":"","ast-featured-img":"","footer-sml-layout":"","ast-disable-related-posts":"","theme-transparent-header-meta":"","adv-header-id-meta":"","stick-header-meta":"","header-above-stick-meta":"","header-main-stick-meta":"","header-below-stick-meta":"","astra-migrate-meta-layouts":"default","ast-page-background-enabled":"default","ast-page-background-meta":{"desktop":{"background-color":"var(--ast-global-color-5)","background-image":"","background-repeat":"repeat","background-position":"center center","background-size":"auto","background-attachment":"scroll","background-type":"","background-media":"","overlay-type":"","overlay-color":"","overlay-opacity":"","overlay-gradient":""},"tablet":{"background-color":"","background-image":"","background-repeat":"repeat","background-position":"center center","background-size":"auto","background-attachment":"scroll","background-type":"","background-media":"","overlay-type":"","overlay-color":"","overlay-opacity":"","overlay-gradient":""},"mobile":{"background-color":"","background-image":"","background-repeat":"repeat","background-position":"center center","background-size":"auto","background-attachment":"scroll","background-type":"","background-media":"","overlay-type":"","overlay-color":"","overlay-opacity":"","overlay-gradient":""}},"ast-content-background-meta":{"desktop":{"background-color":"var(--ast-global-color-4)","background-image":"","background-repeat":"repeat","background-position":"center center","background-size":"auto","background-attachment":"scroll","background-type":"","background-media":"","overlay-type":"","overlay-color":"","overlay-opacity":"","overlay-gradient":""},"tablet":{"background-color":"var(--ast-global-color-4)","background-image":"","background-repeat":"repeat","background-position":"center center","background-size":"auto","background-attachment":"scroll","background-type":"","background-media":"","overlay-type":"","overlay-color":"","overlay-opacity":"","overlay-gradient":""},"mobile":{"background-color":"var(--ast-global-color-4)","background-image":"","background-repeat":"repeat","background-position":"center center","background-size":"auto","background-attachment":"scroll","background-type":"","background-media":"","overlay-type":"","overlay-color":"","overlay-opacity":"","overlay-gradient":""}},"footnotes":""},"class_list":["post-2612","page","type-page","status-publish","has-post-thumbnail","hentry"],"yoast_head":"<!-- This site is optimized with the Yoast SEO plugin v27.5 - https:\/\/yoast.com\/product\/yoast-seo-wordpress\/ -->\n<title>PABLO ESCOBAR - Abc-latina<\/title>\n<meta name=\"description\" content=\"Pablo escobar, narcotrafiquant colombien.\" \/>\n<meta name=\"robots\" content=\"index, follow, max-snippet:-1, max-image-preview:large, max-video-preview:-1\" \/>\n<link rel=\"canonical\" href=\"https:\/\/abc-latina.com\/personnalites\/pablo_escobar\/\" \/>\n<meta property=\"og:locale\" content=\"fr_FR\" \/>\n<meta property=\"og:type\" content=\"article\" \/>\n<meta property=\"og:title\" content=\"PABLO ESCOBAR - Abc-latina\" \/>\n<meta property=\"og:description\" content=\"Pablo escobar, narcotrafiquant colombien.\" \/>\n<meta property=\"og:url\" content=\"https:\/\/abc-latina.com\/personnalites\/pablo_escobar\/\" \/>\n<meta property=\"og:site_name\" content=\"Abc-latina\" \/>\n<meta property=\"article:modified_time\" content=\"2026-04-30T16:25:23+00:00\" \/>\n<meta property=\"og:image\" content=\"https:\/\/abc-latina.com\/wp-content\/uploads\/2010\/12\/pablo-escobar.jpg\" \/>\n\t<meta property=\"og:image:width\" content=\"220\" \/>\n\t<meta property=\"og:image:height\" content=\"220\" \/>\n\t<meta property=\"og:image:type\" content=\"image\/jpeg\" \/>\n<meta name=\"twitter:card\" content=\"summary_large_image\" \/>\n<meta name=\"twitter:label1\" content=\"Dur\u00e9e de lecture estim\u00e9e\" \/>\n\t<meta name=\"twitter:data1\" content=\"5 minutes\" \/>\n<script type=\"application\/ld+json\" class=\"yoast-schema-graph\">{\"@context\":\"https:\\\/\\\/schema.org\",\"@graph\":[{\"@type\":\"WebPage\",\"@id\":\"https:\\\/\\\/abc-latina.com\\\/personnalites\\\/pablo_escobar\\\/\",\"url\":\"https:\\\/\\\/abc-latina.com\\\/personnalites\\\/pablo_escobar\\\/\",\"name\":\"PABLO ESCOBAR - Abc-latina\",\"isPartOf\":{\"@id\":\"https:\\\/\\\/abc-latina.com\\\/#website\"},\"primaryImageOfPage\":{\"@id\":\"https:\\\/\\\/abc-latina.com\\\/personnalites\\\/pablo_escobar\\\/#primaryimage\"},\"image\":{\"@id\":\"https:\\\/\\\/abc-latina.com\\\/personnalites\\\/pablo_escobar\\\/#primaryimage\"},\"thumbnailUrl\":\"https:\\\/\\\/abc-latina.com\\\/wp-content\\\/uploads\\\/2010\\\/12\\\/pablo-escobar.jpg\",\"datePublished\":\"2010-12-08T03:35:18+00:00\",\"dateModified\":\"2026-04-30T16:25:23+00:00\",\"description\":\"Pablo escobar, narcotrafiquant colombien.\",\"breadcrumb\":{\"@id\":\"https:\\\/\\\/abc-latina.com\\\/personnalites\\\/pablo_escobar\\\/#breadcrumb\"},\"inLanguage\":\"fr-FR\",\"potentialAction\":[{\"@type\":\"ReadAction\",\"target\":[\"https:\\\/\\\/abc-latina.com\\\/personnalites\\\/pablo_escobar\\\/\"]}]},{\"@type\":\"ImageObject\",\"inLanguage\":\"fr-FR\",\"@id\":\"https:\\\/\\\/abc-latina.com\\\/personnalites\\\/pablo_escobar\\\/#primaryimage\",\"url\":\"https:\\\/\\\/abc-latina.com\\\/wp-content\\\/uploads\\\/2010\\\/12\\\/pablo-escobar.jpg\",\"contentUrl\":\"https:\\\/\\\/abc-latina.com\\\/wp-content\\\/uploads\\\/2010\\\/12\\\/pablo-escobar.jpg\",\"width\":220,\"height\":220,\"caption\":\"PABLO ESCOBAR\"},{\"@type\":\"BreadcrumbList\",\"@id\":\"https:\\\/\\\/abc-latina.com\\\/personnalites\\\/pablo_escobar\\\/#breadcrumb\",\"itemListElement\":[{\"@type\":\"ListItem\",\"position\":1,\"name\":\"Accueil\",\"item\":\"https:\\\/\\\/abc-latina.com\\\/\"},{\"@type\":\"ListItem\",\"position\":2,\"name\":\"PABLO ESCOBAR\"}]},{\"@type\":\"WebSite\",\"@id\":\"https:\\\/\\\/abc-latina.com\\\/#website\",\"url\":\"https:\\\/\\\/abc-latina.com\\\/\",\"name\":\"Abc-latina\",\"description\":\"\",\"publisher\":{\"@id\":\"https:\\\/\\\/abc-latina.com\\\/#organization\"},\"potentialAction\":[{\"@type\":\"SearchAction\",\"target\":{\"@type\":\"EntryPoint\",\"urlTemplate\":\"https:\\\/\\\/abc-latina.com\\\/?s={search_term_string}\"},\"query-input\":{\"@type\":\"PropertyValueSpecification\",\"valueRequired\":true,\"valueName\":\"search_term_string\"}}],\"inLanguage\":\"fr-FR\"},{\"@type\":\"Organization\",\"@id\":\"https:\\\/\\\/abc-latina.com\\\/#organization\",\"name\":\"Abc-latina\",\"url\":\"https:\\\/\\\/abc-latina.com\\\/\",\"logo\":{\"@type\":\"ImageObject\",\"inLanguage\":\"fr-FR\",\"@id\":\"https:\\\/\\\/abc-latina.com\\\/#\\\/schema\\\/logo\\\/image\\\/\",\"url\":\"https:\\\/\\\/abc-latina.com\\\/wp-content\\\/uploads\\\/2026\\\/05\\\/cropped-logo.gif\",\"contentUrl\":\"https:\\\/\\\/abc-latina.com\\\/wp-content\\\/uploads\\\/2026\\\/05\\\/cropped-logo.gif\",\"width\":89,\"height\":84,\"caption\":\"Abc-latina\"},\"image\":{\"@id\":\"https:\\\/\\\/abc-latina.com\\\/#\\\/schema\\\/logo\\\/image\\\/\"}}]}<\/script>\n<!-- \/ Yoast SEO plugin. -->","yoast_head_json":{"title":"PABLO ESCOBAR - Abc-latina","description":"Pablo escobar, narcotrafiquant colombien.","robots":{"index":"index","follow":"follow","max-snippet":"max-snippet:-1","max-image-preview":"max-image-preview:large","max-video-preview":"max-video-preview:-1"},"canonical":"https:\/\/abc-latina.com\/personnalites\/pablo_escobar\/","og_locale":"fr_FR","og_type":"article","og_title":"PABLO ESCOBAR - Abc-latina","og_description":"Pablo escobar, narcotrafiquant colombien.","og_url":"https:\/\/abc-latina.com\/personnalites\/pablo_escobar\/","og_site_name":"Abc-latina","article_modified_time":"2026-04-30T16:25:23+00:00","og_image":[{"width":220,"height":220,"url":"https:\/\/abc-latina.com\/wp-content\/uploads\/2010\/12\/pablo-escobar.jpg","type":"image\/jpeg"}],"twitter_card":"summary_large_image","twitter_misc":{"Dur\u00e9e de lecture estim\u00e9e":"5 minutes"},"schema":{"@context":"https:\/\/schema.org","@graph":[{"@type":"WebPage","@id":"https:\/\/abc-latina.com\/personnalites\/pablo_escobar\/","url":"https:\/\/abc-latina.com\/personnalites\/pablo_escobar\/","name":"PABLO ESCOBAR - Abc-latina","isPartOf":{"@id":"https:\/\/abc-latina.com\/#website"},"primaryImageOfPage":{"@id":"https:\/\/abc-latina.com\/personnalites\/pablo_escobar\/#primaryimage"},"image":{"@id":"https:\/\/abc-latina.com\/personnalites\/pablo_escobar\/#primaryimage"},"thumbnailUrl":"https:\/\/abc-latina.com\/wp-content\/uploads\/2010\/12\/pablo-escobar.jpg","datePublished":"2010-12-08T03:35:18+00:00","dateModified":"2026-04-30T16:25:23+00:00","description":"Pablo escobar, narcotrafiquant colombien.","breadcrumb":{"@id":"https:\/\/abc-latina.com\/personnalites\/pablo_escobar\/#breadcrumb"},"inLanguage":"fr-FR","potentialAction":[{"@type":"ReadAction","target":["https:\/\/abc-latina.com\/personnalites\/pablo_escobar\/"]}]},{"@type":"ImageObject","inLanguage":"fr-FR","@id":"https:\/\/abc-latina.com\/personnalites\/pablo_escobar\/#primaryimage","url":"https:\/\/abc-latina.com\/wp-content\/uploads\/2010\/12\/pablo-escobar.jpg","contentUrl":"https:\/\/abc-latina.com\/wp-content\/uploads\/2010\/12\/pablo-escobar.jpg","width":220,"height":220,"caption":"PABLO ESCOBAR"},{"@type":"BreadcrumbList","@id":"https:\/\/abc-latina.com\/personnalites\/pablo_escobar\/#breadcrumb","itemListElement":[{"@type":"ListItem","position":1,"name":"Accueil","item":"https:\/\/abc-latina.com\/"},{"@type":"ListItem","position":2,"name":"PABLO ESCOBAR"}]},{"@type":"WebSite","@id":"https:\/\/abc-latina.com\/#website","url":"https:\/\/abc-latina.com\/","name":"Abc-latina","description":"","publisher":{"@id":"https:\/\/abc-latina.com\/#organization"},"potentialAction":[{"@type":"SearchAction","target":{"@type":"EntryPoint","urlTemplate":"https:\/\/abc-latina.com\/?s={search_term_string}"},"query-input":{"@type":"PropertyValueSpecification","valueRequired":true,"valueName":"search_term_string"}}],"inLanguage":"fr-FR"},{"@type":"Organization","@id":"https:\/\/abc-latina.com\/#organization","name":"Abc-latina","url":"https:\/\/abc-latina.com\/","logo":{"@type":"ImageObject","inLanguage":"fr-FR","@id":"https:\/\/abc-latina.com\/#\/schema\/logo\/image\/","url":"https:\/\/abc-latina.com\/wp-content\/uploads\/2026\/05\/cropped-logo.gif","contentUrl":"https:\/\/abc-latina.com\/wp-content\/uploads\/2026\/05\/cropped-logo.gif","width":89,"height":84,"caption":"Abc-latina"},"image":{"@id":"https:\/\/abc-latina.com\/#\/schema\/logo\/image\/"}}]}},"_links":{"self":[{"href":"https:\/\/abc-latina.com\/wp-json\/wp\/v2\/pages\/2612","targetHints":{"allow":["GET"]}}],"collection":[{"href":"https:\/\/abc-latina.com\/wp-json\/wp\/v2\/pages"}],"about":[{"href":"https:\/\/abc-latina.com\/wp-json\/wp\/v2\/types\/page"}],"author":[{"embeddable":true,"href":"https:\/\/abc-latina.com\/wp-json\/wp\/v2\/users\/3"}],"replies":[{"embeddable":true,"href":"https:\/\/abc-latina.com\/wp-json\/wp\/v2\/comments?post=2612"}],"version-history":[{"count":1,"href":"https:\/\/abc-latina.com\/wp-json\/wp\/v2\/pages\/2612\/revisions"}],"predecessor-version":[{"id":3855,"href":"https:\/\/abc-latina.com\/wp-json\/wp\/v2\/pages\/2612\/revisions\/3855"}],"up":[{"embeddable":true,"href":"https:\/\/abc-latina.com\/wp-json\/wp\/v2\/pages\/2633"}],"wp:featuredmedia":[{"embeddable":true,"href":"https:\/\/abc-latina.com\/wp-json\/wp\/v2\/media\/2611"}],"wp:attachment":[{"href":"https:\/\/abc-latina.com\/wp-json\/wp\/v2\/media?parent=2612"}],"curies":[{"name":"wp","href":"https:\/\/api.w.org\/{rel}","templated":true}]}}