{"id":262,"date":"2010-06-04T06:37:39","date_gmt":"2010-06-04T04:37:39","guid":{"rendered":"http:\/\/abc-latina.com\/camaguey-htm\/"},"modified":"2018-06-10T15:24:43","modified_gmt":"2018-06-10T13:24:43","slug":"camaguey","status":"publish","type":"page","link":"https:\/\/abc-latina.com\/cuba\/camaguey\/","title":{"rendered":"CAMAG\u00dcEY"},"content":{"rendered":"<div><span class=\"tourisme-chapitre\"><img loading=\"lazy\" decoding=\"async\" class=\" size-full wp-image-260\" src=\"http:\/\/abc-latina.com\/wp-content\/uploads\/2010\/06\/camaguey_2.jpg\" title=\"VOYAGE \u00e0 CAMAGUEY\" alt=\"VOYAGE \u00e0 CAMAGUEY\" width=\"480\" height=\"320\" srcset=\"https:\/\/abc-latina.com\/wp-content\/uploads\/2010\/06\/camaguey_2.jpg 620w, https:\/\/abc-latina.com\/wp-content\/uploads\/2010\/06\/camaguey_2-300x200.jpg 300w\" sizes=\"auto, (max-width: 480px) 100vw, 480px\" \/><\/span><\/div>\n<div>&nbsp;<\/div>\n<div><span class=\"tourisme-chapitre\">L&rsquo;archipel de Sabana-Camag\u00fcey <\/span>porte dor\u00e9navant aussi le nom de Los Jardines del Rey, qui signifie &laquo;les jardins du roi&raquo; en espagnol. La l\u00e9gende raconte que le conquistador Diego Vel\u00e1zquez s&rsquo;aventura dans cette r\u00e9gion en 1513 et 1514, et qu&rsquo;il fut fascin\u00e9 par la beaut\u00e9 des lieux. Cet archipel, le plus grand du pays, est s\u00e9par\u00e9 de l&rsquo;\u00eele de Cuba par un ensemble de lagunes et de baies peu profondes. On y d\u00e9nombre pr\u00e8s de 400 \u00eelots qui sont s\u00e9par\u00e9s des eaux profondes du large par une barri\u00e8re corallienne d&rsquo;environ 400 km de longueur. La flore de l&rsquo;archipel se compose en g\u00e9n\u00e9ral de mangliers. Cayo Coco porte d&rsquo;ailleurs bien son nom, puisque vous pourrez vous prot\u00e9ger \u00e0 souhait du soleil intense \u00e0 l&rsquo;ombre de milliers de cocotiers.<\/div>\n<div>&nbsp;<\/div>\n<div>Pour s&rsquo;y rendre, une route spectaculaire de 17 km traverse des marais jusqu&rsquo;\u00e0 Cayo Coco. Cette route ayant \u00e9t\u00e9 construite en 1991 par un remplissage de pierres et de terre sur les mar\u00e9cages, l&rsquo;exploit de sa r\u00e9alisation fait l&rsquo;orgueil des habitants de la r\u00e9gion. On peut voir une abondante faune marine tout au long du trajet.<\/div>\n<div>&nbsp;<\/div>\n<div><span class=\"tourisme-chapitre\">Cayo Coco<\/span><\/div>\n<div>&nbsp;<\/div>\n<div><a href=\"..\/tour_operateur\" target=\"_blank\"><img loading=\"lazy\" decoding=\"async\" class=\" size-full wp-image-41\" alt=\"\" class=\"touroperateur\" src=\"http:\/\/abc-latina.com\/wp-content\/uploads\/2010\/04\/timbre_to.gif\" width=\"125\" height=\"90\" \/><\/a>Plus grande \u00eele de l&rsquo;archipel de Sabana-Camag\u00fcey, Cayo Coco est en voie de devenir l&rsquo;une des principales r\u00e9gions touristiques de Cuba. Les plages de sable blanc et les eaux cristallines allant du bleu au turquoise constituent le principal attrait de cette \u00eele sur la c\u00f4te atlantique de Cuba.<\/div>\n<div>&nbsp;<\/div>\n<div>Avec ses 370 km2 de superficie, Cayo Coco est la quatri\u00e8me \u00eele en importance au pays. Vous y d\u00e9couvrirez 22 km de plages de sable blanc idylliques caress\u00e9es par des eaux qui demeurent chaudes \u00e0 longueur d&rsquo;ann\u00e9e. Les Cubains peuvent affirmer, sans pr\u00e9tention, que ces plages constituent l&rsquo;un des joyaux de leur patrimoine naturel et qu&rsquo;\u00e0 ce titre elles figurent parmi les plus belles plages du monde.<\/div>\n<div>&nbsp;<\/div>\n<div>Avant le d\u00e9veloppement du tourisme au d\u00e9but des ann\u00e9es quatre-vingt-dix, Cayo Coco se pr\u00e9sentait comme une \u00eele d\u00e9serte, bien que des l\u00e9gendes racontent que des pirates fr\u00e9quentaient cette r\u00e9gion. Ici, de superbes plages aux eaux \u00e9meraude et des paysages mar\u00e9cageux feront de votre vill\u00e9giature un s\u00e9jour sans souci, tout \u00e0 fait propice au repos.&nbsp;<\/div>\n<div>&nbsp;<\/div>\n<div><span class=\"tourisme-chapitre\"><img loading=\"lazy\" decoding=\"async\" class=\" alignright size-full wp-image-261\" src=\"http:\/\/abc-latina.com\/wp-content\/uploads\/2010\/06\/camaguey.jpg\" title=\"PHOTOS DE CAMAGUEY\" alt=\"\" width=\"220\" vspace=\"9\" hspace=\"15\" height=\"220\" align=\"right\" srcset=\"https:\/\/abc-latina.com\/wp-content\/uploads\/2010\/06\/camaguey.jpg 220w, https:\/\/abc-latina.com\/wp-content\/uploads\/2010\/06\/camaguey-150x150.jpg 150w\" sizes=\"auto, (max-width: 220px) 100vw, 220px\" \/><\/span>Le d\u00e9veloppement touristique inqui\u00e8te cependant les environnementalistes. La construction de nombreux complexes h\u00f4teliers aura un impact certain dans cette zone pratiquement vierge et \u00e0 l&rsquo;\u00e9quilibre \u00e9cologique fragile. Pour en savoir davantage, vous pouvez sortir des sentiers battus pour vous rendre au Centro de Investigaci\u00f3n de Ecosistemas Costeros, \u00e0 l&rsquo;entr\u00e9e de Cayo Coco, pr\u00e8s de la rotonde. Administr\u00e9 par le minist\u00e8re des Sciences de Cuba, ce centre \u00e9tudie l&rsquo;\u00e9cosyst\u00e8me de Cayo Coco afin de le prot\u00e9ger. D&rsquo;ailleurs, sur leur conseil, il a \u00e9t\u00e9 entendu que seulement 4 % du territoire de Cayo Coco ferait l&rsquo;objet d&rsquo;un d\u00e9veloppement touristique.<\/div>\n<h3>Pr\u00e9parez votre voyage \u00e0 Camaguey:<\/h3>\n<div><a href=\"https:\/\/www.abc-latina.com\/cuba\/agence_de_voyages\">Agences de voyage g\u00e9n\u00e9ralistes et discounteurs<\/a><\/div>\n<div><a href=\"https:\/\/www.abc-latina.com\/cuba\/tour_operateur\">Tours Op\u00e9rateurs sp\u00e9cialistes de Cuba<\/a><\/div>\n<div><a href=\"https:\/\/www.abc-latina.com\/to\/reservation_billet_avion\" target=\"_blank\">R\u00e9servez votre billet d&rsquo;avion<\/a><\/div>\n<div><a href=\"https:\/\/www.abc-latina.com\/cuba\/hotels\">R\u00e9servez votre h\u00f4tel \u00e0 Camaguey<\/a>&nbsp;<\/div>\n<div><a href=\"https:\/\/www.abc-latina.com\/to\/location_de_voiture_cuba\" target=\"_blank\">Location de voiture<\/a><\/div>\n<p>&nbsp;<\/p>\n","protected":false},"excerpt":{"rendered":"<p>&nbsp; L&rsquo;archipel de Sabana-Camag\u00fcey porte dor\u00e9navant aussi le nom de Los Jardines del Rey, qui signifie &laquo;les jardins du roi&raquo; [&hellip;]<\/p>\n","protected":false},"author":3,"featured_media":260,"parent":2302,"menu_order":0,"comment_status":"closed","ping_status":"closed","template":"","meta":{"site-sidebar-layout":"default","site-content-layout":"","ast-site-content-layout":"default","site-content-style":"default","site-sidebar-style":"default","ast-global-header-display":"","ast-banner-title-visibility":"","ast-main-header-display":"","ast-hfb-above-header-display":"","ast-hfb-below-header-display":"","ast-hfb-mobile-header-display":"","site-post-title":"","ast-breadcrumbs-content":"","ast-featured-img":"","footer-sml-layout":"","ast-disable-related-posts":"","theme-transparent-header-meta":"","adv-header-id-meta":"","stick-header-meta":"","header-above-stick-meta":"","header-main-stick-meta":"","header-below-stick-meta":"","astra-migrate-meta-layouts":"default","ast-page-background-enabled":"default","ast-page-background-meta":{"desktop":{"background-color":"var(--ast-global-color-5)","background-image":"","background-repeat":"repeat","background-position":"center center","background-size":"auto","background-attachment":"scroll","background-type":"","background-media":"","overlay-type":"","overlay-color":"","overlay-opacity":"","overlay-gradient":""},"tablet":{"background-color":"","background-image":"","background-repeat":"repeat","background-position":"center center","background-size":"auto","background-attachment":"scroll","background-type":"","background-media":"","overlay-type":"","overlay-color":"","overlay-opacity":"","overlay-gradient":""},"mobile":{"background-color":"","background-image":"","background-repeat":"repeat","background-position":"center center","background-size":"auto","background-attachment":"scroll","background-type":"","background-media":"","overlay-type":"","overlay-color":"","overlay-opacity":"","overlay-gradient":""}},"ast-content-background-meta":{"desktop":{"background-color":"var(--ast-global-color-4)","background-image":"","background-repeat":"repeat","background-position":"center center","background-size":"auto","background-attachment":"scroll","background-type":"","background-media":"","overlay-type":"","overlay-color":"","overlay-opacity":"","overlay-gradient":""},"tablet":{"background-color":"var(--ast-global-color-4)","background-image":"","background-repeat":"repeat","background-position":"center center","background-size":"auto","background-attachment":"scroll","background-type":"","background-media":"","overlay-type":"","overlay-color":"","overlay-opacity":"","overlay-gradient":""},"mobile":{"background-color":"var(--ast-global-color-4)","background-image":"","background-repeat":"repeat","background-position":"center center","background-size":"auto","background-attachment":"scroll","background-type":"","background-media":"","overlay-type":"","overlay-color":"","overlay-opacity":"","overlay-gradient":""}},"footnotes":""},"class_list":["post-262","page","type-page","status-publish","has-post-thumbnail","hentry"],"yoast_head":"<!-- This site is optimized with the Yoast SEO plugin v27.5 - https:\/\/yoast.com\/product\/yoast-seo-wordpress\/ -->\n<title>CAMAG\u00dcEY - Abc-latina<\/title>\n<meta name=\"description\" content=\"Cet archipel, le plus grand du pays, est s\u00e9par\u00e9 de l&#039;\u00eele de Cuba par un ensemble de lagunes et de baies peu profondes. On y d\u00e9nombre pr\u00e8s de 400 \u00eelots...\" \/>\n<meta name=\"robots\" content=\"index, follow, max-snippet:-1, max-image-preview:large, max-video-preview:-1\" \/>\n<link rel=\"canonical\" href=\"https:\/\/abc-latina.com\/cuba\/camaguey\/\" \/>\n<meta property=\"og:locale\" content=\"fr_FR\" \/>\n<meta property=\"og:type\" content=\"article\" \/>\n<meta property=\"og:title\" content=\"CAMAG\u00dcEY - Abc-latina\" \/>\n<meta property=\"og:description\" content=\"Cet archipel, le plus grand du pays, est s\u00e9par\u00e9 de l&#039;\u00eele de Cuba par un ensemble de lagunes et de baies peu profondes. On y d\u00e9nombre pr\u00e8s de 400 \u00eelots...\" \/>\n<meta property=\"og:url\" content=\"https:\/\/abc-latina.com\/cuba\/camaguey\/\" \/>\n<meta property=\"og:site_name\" content=\"Abc-latina\" \/>\n<meta property=\"article:modified_time\" content=\"2018-06-10T13:24:43+00:00\" \/>\n<meta property=\"og:image\" content=\"https:\/\/abc-latina.com\/wp-content\/uploads\/2010\/06\/camaguey_2.jpg\" \/>\n\t<meta property=\"og:image:width\" content=\"620\" \/>\n\t<meta property=\"og:image:height\" content=\"413\" \/>\n\t<meta property=\"og:image:type\" content=\"image\/jpeg\" \/>\n<meta name=\"twitter:card\" content=\"summary_large_image\" \/>\n<meta name=\"twitter:label1\" content=\"Dur\u00e9e de lecture estim\u00e9e\" \/>\n\t<meta name=\"twitter:data1\" content=\"3 minutes\" \/>\n<script type=\"application\/ld+json\" class=\"yoast-schema-graph\">{\"@context\":\"https:\\\/\\\/schema.org\",\"@graph\":[{\"@type\":\"WebPage\",\"@id\":\"https:\\\/\\\/abc-latina.com\\\/cuba\\\/camaguey\\\/\",\"url\":\"https:\\\/\\\/abc-latina.com\\\/cuba\\\/camaguey\\\/\",\"name\":\"CAMAG\u00dcEY - Abc-latina\",\"isPartOf\":{\"@id\":\"https:\\\/\\\/abc-latina.com\\\/#website\"},\"primaryImageOfPage\":{\"@id\":\"https:\\\/\\\/abc-latina.com\\\/cuba\\\/camaguey\\\/#primaryimage\"},\"image\":{\"@id\":\"https:\\\/\\\/abc-latina.com\\\/cuba\\\/camaguey\\\/#primaryimage\"},\"thumbnailUrl\":\"https:\\\/\\\/abc-latina.com\\\/wp-content\\\/uploads\\\/2010\\\/06\\\/camaguey_2.jpg\",\"datePublished\":\"2010-06-04T04:37:39+00:00\",\"dateModified\":\"2018-06-10T13:24:43+00:00\",\"description\":\"Cet archipel, le plus grand du pays, est s\u00e9par\u00e9 de l'\u00eele de Cuba par un ensemble de lagunes et de baies peu profondes. On y d\u00e9nombre pr\u00e8s de 400 \u00eelots...\",\"breadcrumb\":{\"@id\":\"https:\\\/\\\/abc-latina.com\\\/cuba\\\/camaguey\\\/#breadcrumb\"},\"inLanguage\":\"fr-FR\",\"potentialAction\":[{\"@type\":\"ReadAction\",\"target\":[\"https:\\\/\\\/abc-latina.com\\\/cuba\\\/camaguey\\\/\"]}]},{\"@type\":\"ImageObject\",\"inLanguage\":\"fr-FR\",\"@id\":\"https:\\\/\\\/abc-latina.com\\\/cuba\\\/camaguey\\\/#primaryimage\",\"url\":\"https:\\\/\\\/abc-latina.com\\\/wp-content\\\/uploads\\\/2010\\\/06\\\/camaguey_2.jpg\",\"contentUrl\":\"https:\\\/\\\/abc-latina.com\\\/wp-content\\\/uploads\\\/2010\\\/06\\\/camaguey_2.jpg\",\"width\":620,\"height\":413,\"caption\":\"VOYAGE \u00e0 CAMAGUEY\"},{\"@type\":\"BreadcrumbList\",\"@id\":\"https:\\\/\\\/abc-latina.com\\\/cuba\\\/camaguey\\\/#breadcrumb\",\"itemListElement\":[{\"@type\":\"ListItem\",\"position\":1,\"name\":\"Accueil\",\"item\":\"https:\\\/\\\/abc-latina.com\\\/\"},{\"@type\":\"ListItem\",\"position\":2,\"name\":\"CAMAG\u00dcEY\"}]},{\"@type\":\"WebSite\",\"@id\":\"https:\\\/\\\/abc-latina.com\\\/#website\",\"url\":\"https:\\\/\\\/abc-latina.com\\\/\",\"name\":\"Abc-latina\",\"description\":\"\",\"publisher\":{\"@id\":\"https:\\\/\\\/abc-latina.com\\\/#organization\"},\"potentialAction\":[{\"@type\":\"SearchAction\",\"target\":{\"@type\":\"EntryPoint\",\"urlTemplate\":\"https:\\\/\\\/abc-latina.com\\\/?s={search_term_string}\"},\"query-input\":{\"@type\":\"PropertyValueSpecification\",\"valueRequired\":true,\"valueName\":\"search_term_string\"}}],\"inLanguage\":\"fr-FR\"},{\"@type\":\"Organization\",\"@id\":\"https:\\\/\\\/abc-latina.com\\\/#organization\",\"name\":\"Abc-latina\",\"url\":\"https:\\\/\\\/abc-latina.com\\\/\",\"logo\":{\"@type\":\"ImageObject\",\"inLanguage\":\"fr-FR\",\"@id\":\"https:\\\/\\\/abc-latina.com\\\/#\\\/schema\\\/logo\\\/image\\\/\",\"url\":\"https:\\\/\\\/abc-latina.com\\\/wp-content\\\/uploads\\\/2026\\\/05\\\/cropped-logo.gif\",\"contentUrl\":\"https:\\\/\\\/abc-latina.com\\\/wp-content\\\/uploads\\\/2026\\\/05\\\/cropped-logo.gif\",\"width\":89,\"height\":84,\"caption\":\"Abc-latina\"},\"image\":{\"@id\":\"https:\\\/\\\/abc-latina.com\\\/#\\\/schema\\\/logo\\\/image\\\/\"}}]}<\/script>\n<!-- \/ Yoast SEO plugin. -->","yoast_head_json":{"title":"CAMAG\u00dcEY - Abc-latina","description":"Cet archipel, le plus grand du pays, est s\u00e9par\u00e9 de l'\u00eele de Cuba par un ensemble de lagunes et de baies peu profondes. On y d\u00e9nombre pr\u00e8s de 400 \u00eelots...","robots":{"index":"index","follow":"follow","max-snippet":"max-snippet:-1","max-image-preview":"max-image-preview:large","max-video-preview":"max-video-preview:-1"},"canonical":"https:\/\/abc-latina.com\/cuba\/camaguey\/","og_locale":"fr_FR","og_type":"article","og_title":"CAMAG\u00dcEY - Abc-latina","og_description":"Cet archipel, le plus grand du pays, est s\u00e9par\u00e9 de l'\u00eele de Cuba par un ensemble de lagunes et de baies peu profondes. On y d\u00e9nombre pr\u00e8s de 400 \u00eelots...","og_url":"https:\/\/abc-latina.com\/cuba\/camaguey\/","og_site_name":"Abc-latina","article_modified_time":"2018-06-10T13:24:43+00:00","og_image":[{"width":620,"height":413,"url":"https:\/\/abc-latina.com\/wp-content\/uploads\/2010\/06\/camaguey_2.jpg","type":"image\/jpeg"}],"twitter_card":"summary_large_image","twitter_misc":{"Dur\u00e9e de lecture estim\u00e9e":"3 minutes"},"schema":{"@context":"https:\/\/schema.org","@graph":[{"@type":"WebPage","@id":"https:\/\/abc-latina.com\/cuba\/camaguey\/","url":"https:\/\/abc-latina.com\/cuba\/camaguey\/","name":"CAMAG\u00dcEY - Abc-latina","isPartOf":{"@id":"https:\/\/abc-latina.com\/#website"},"primaryImageOfPage":{"@id":"https:\/\/abc-latina.com\/cuba\/camaguey\/#primaryimage"},"image":{"@id":"https:\/\/abc-latina.com\/cuba\/camaguey\/#primaryimage"},"thumbnailUrl":"https:\/\/abc-latina.com\/wp-content\/uploads\/2010\/06\/camaguey_2.jpg","datePublished":"2010-06-04T04:37:39+00:00","dateModified":"2018-06-10T13:24:43+00:00","description":"Cet archipel, le plus grand du pays, est s\u00e9par\u00e9 de l'\u00eele de Cuba par un ensemble de lagunes et de baies peu profondes. On y d\u00e9nombre pr\u00e8s de 400 \u00eelots...","breadcrumb":{"@id":"https:\/\/abc-latina.com\/cuba\/camaguey\/#breadcrumb"},"inLanguage":"fr-FR","potentialAction":[{"@type":"ReadAction","target":["https:\/\/abc-latina.com\/cuba\/camaguey\/"]}]},{"@type":"ImageObject","inLanguage":"fr-FR","@id":"https:\/\/abc-latina.com\/cuba\/camaguey\/#primaryimage","url":"https:\/\/abc-latina.com\/wp-content\/uploads\/2010\/06\/camaguey_2.jpg","contentUrl":"https:\/\/abc-latina.com\/wp-content\/uploads\/2010\/06\/camaguey_2.jpg","width":620,"height":413,"caption":"VOYAGE \u00e0 CAMAGUEY"},{"@type":"BreadcrumbList","@id":"https:\/\/abc-latina.com\/cuba\/camaguey\/#breadcrumb","itemListElement":[{"@type":"ListItem","position":1,"name":"Accueil","item":"https:\/\/abc-latina.com\/"},{"@type":"ListItem","position":2,"name":"CAMAG\u00dcEY"}]},{"@type":"WebSite","@id":"https:\/\/abc-latina.com\/#website","url":"https:\/\/abc-latina.com\/","name":"Abc-latina","description":"","publisher":{"@id":"https:\/\/abc-latina.com\/#organization"},"potentialAction":[{"@type":"SearchAction","target":{"@type":"EntryPoint","urlTemplate":"https:\/\/abc-latina.com\/?s={search_term_string}"},"query-input":{"@type":"PropertyValueSpecification","valueRequired":true,"valueName":"search_term_string"}}],"inLanguage":"fr-FR"},{"@type":"Organization","@id":"https:\/\/abc-latina.com\/#organization","name":"Abc-latina","url":"https:\/\/abc-latina.com\/","logo":{"@type":"ImageObject","inLanguage":"fr-FR","@id":"https:\/\/abc-latina.com\/#\/schema\/logo\/image\/","url":"https:\/\/abc-latina.com\/wp-content\/uploads\/2026\/05\/cropped-logo.gif","contentUrl":"https:\/\/abc-latina.com\/wp-content\/uploads\/2026\/05\/cropped-logo.gif","width":89,"height":84,"caption":"Abc-latina"},"image":{"@id":"https:\/\/abc-latina.com\/#\/schema\/logo\/image\/"}}]}},"_links":{"self":[{"href":"https:\/\/abc-latina.com\/wp-json\/wp\/v2\/pages\/262","targetHints":{"allow":["GET"]}}],"collection":[{"href":"https:\/\/abc-latina.com\/wp-json\/wp\/v2\/pages"}],"about":[{"href":"https:\/\/abc-latina.com\/wp-json\/wp\/v2\/types\/page"}],"author":[{"embeddable":true,"href":"https:\/\/abc-latina.com\/wp-json\/wp\/v2\/users\/3"}],"replies":[{"embeddable":true,"href":"https:\/\/abc-latina.com\/wp-json\/wp\/v2\/comments?post=262"}],"version-history":[{"count":0,"href":"https:\/\/abc-latina.com\/wp-json\/wp\/v2\/pages\/262\/revisions"}],"up":[{"embeddable":true,"href":"https:\/\/abc-latina.com\/wp-json\/wp\/v2\/pages\/2302"}],"wp:featuredmedia":[{"embeddable":true,"href":"https:\/\/abc-latina.com\/wp-json\/wp\/v2\/media\/260"}],"wp:attachment":[{"href":"https:\/\/abc-latina.com\/wp-json\/wp\/v2\/media?parent=262"}],"curies":[{"name":"wp","href":"https:\/\/api.w.org\/{rel}","templated":true}]}}