{"id":2620,"date":"2010-12-08T05:17:19","date_gmt":"2010-12-08T04:17:19","guid":{"rendered":"http:\/\/abc-latina.com\/personnalites-argentines-htm\/"},"modified":"2026-04-30T18:25:23","modified_gmt":"2026-04-30T16:25:23","slug":"personnalites-argentines","status":"publish","type":"page","link":"https:\/\/abc-latina.com\/personnalites\/personnalites-argentines\/","title":{"rendered":"PERSONNALITES ARGENTINES"},"content":{"rendered":"<p>&nbsp;<\/p>\n<div><span class=\"tourisme-chapitre\">Personnalit\u00e9s argentines<\/span><\/div>\n<div><a href=\"bernardino_rivadavia\">Bernardino Rivadavia<\/a><\/div>\n<div><a href=\"ernesto_guevara\">Che Guevara<\/a><\/div>\n<div><a href=\"cristina_kirchner\">Cristina Kirchner<\/a><\/div>\n<div><a href=\"evita_peron\">Evita Peron<\/a><\/div>\n<div><a href=\"jorge_rafael_videla\">Jorge Rafael Videla<\/a><\/div>\n<div><a href=\"juan_peron\">Juan Peron<\/a><\/div>\n<div><a href=\"nestor_kirchner\">Nestor Kirchner<\/a><\/div>\n<div><a href=\"personnalites-argentines\">Tous les argentins<\/a><\/div>\n<p>&nbsp;<\/p>\n","protected":false},"excerpt":{"rendered":"<p>&nbsp; Personnalit\u00e9s argentines Bernardino Rivadavia Che Guevara Cristina Kirchner Evita Peron Jorge Rafael Videla Juan Peron Nestor Kirchner Tous les [&hellip;]<\/p>\n","protected":false},"author":3,"featured_media":0,"parent":2633,"menu_order":0,"comment_status":"closed","ping_status":"closed","template":"","meta":{"site-sidebar-layout":"default","site-content-layout":"","ast-site-content-layout":"default","site-content-style":"default","site-sidebar-style":"default","ast-global-header-display":"","ast-banner-title-visibility":"","ast-main-header-display":"","ast-hfb-above-header-display":"","ast-hfb-below-header-display":"","ast-hfb-mobile-header-display":"","site-post-title":"","ast-breadcrumbs-content":"","ast-featured-img":"","footer-sml-layout":"","ast-disable-related-posts":"","theme-transparent-header-meta":"","adv-header-id-meta":"","stick-header-meta":"","header-above-stick-meta":"","header-main-stick-meta":"","header-below-stick-meta":"","astra-migrate-meta-layouts":"default","ast-page-background-enabled":"default","ast-page-background-meta":{"desktop":{"background-color":"var(--ast-global-color-5)","background-image":"","background-repeat":"repeat","background-position":"center center","background-size":"auto","background-attachment":"scroll","background-type":"","background-media":"","overlay-type":"","overlay-color":"","overlay-opacity":"","overlay-gradient":""},"tablet":{"background-color":"","background-image":"","background-repeat":"repeat","background-position":"center center","background-size":"auto","background-attachment":"scroll","background-type":"","background-media":"","overlay-type":"","overlay-color":"","overlay-opacity":"","overlay-gradient":""},"mobile":{"background-color":"","background-image":"","background-repeat":"repeat","background-position":"center center","background-size":"auto","background-attachment":"scroll","background-type":"","background-media":"","overlay-type":"","overlay-color":"","overlay-opacity":"","overlay-gradient":""}},"ast-content-background-meta":{"desktop":{"background-color":"var(--ast-global-color-4)","background-image":"","background-repeat":"repeat","background-position":"center center","background-size":"auto","background-attachment":"scroll","background-type":"","background-media":"","overlay-type":"","overlay-color":"","overlay-opacity":"","overlay-gradient":""},"tablet":{"background-color":"var(--ast-global-color-4)","background-image":"","background-repeat":"repeat","background-position":"center center","background-size":"auto","background-attachment":"scroll","background-type":"","background-media":"","overlay-type":"","overlay-color":"","overlay-opacity":"","overlay-gradient":""},"mobile":{"background-color":"var(--ast-global-color-4)","background-image":"","background-repeat":"repeat","background-position":"center center","background-size":"auto","background-attachment":"scroll","background-type":"","background-media":"","overlay-type":"","overlay-color":"","overlay-opacity":"","overlay-gradient":""}},"footnotes":""},"class_list":["post-2620","page","type-page","status-publish","hentry"],"yoast_head":"<!-- This site is optimized with the Yoast SEO plugin v27.5 - https:\/\/yoast.com\/product\/yoast-seo-wordpress\/ -->\n<title>PERSONNALITES ARGENTINES - Abc-latina<\/title>\n<meta name=\"description\" content=\"Les personnalit\u00e9s et c\u00e9l\u00e9brit\u00e9s de l&#039;Argentine.\" \/>\n<meta name=\"robots\" content=\"index, follow, max-snippet:-1, max-image-preview:large, max-video-preview:-1\" \/>\n<link rel=\"canonical\" href=\"https:\/\/abc-latina.com\/personnalites\/personnalites-argentines\/\" \/>\n<meta property=\"og:locale\" content=\"fr_FR\" \/>\n<meta property=\"og:type\" content=\"article\" \/>\n<meta property=\"og:title\" content=\"PERSONNALITES ARGENTINES - Abc-latina\" \/>\n<meta property=\"og:description\" content=\"Les personnalit\u00e9s et c\u00e9l\u00e9brit\u00e9s de l&#039;Argentine.\" \/>\n<meta property=\"og:url\" content=\"https:\/\/abc-latina.com\/personnalites\/personnalites-argentines\/\" \/>\n<meta property=\"og:site_name\" content=\"Abc-latina\" \/>\n<meta property=\"article:modified_time\" content=\"2026-04-30T16:25:23+00:00\" \/>\n<meta name=\"twitter:card\" content=\"summary_large_image\" \/>\n<script type=\"application\/ld+json\" class=\"yoast-schema-graph\">{\"@context\":\"https:\\\/\\\/schema.org\",\"@graph\":[{\"@type\":\"WebPage\",\"@id\":\"https:\\\/\\\/abc-latina.com\\\/personnalites\\\/personnalites-argentines\\\/\",\"url\":\"https:\\\/\\\/abc-latina.com\\\/personnalites\\\/personnalites-argentines\\\/\",\"name\":\"PERSONNALITES ARGENTINES - Abc-latina\",\"isPartOf\":{\"@id\":\"https:\\\/\\\/abc-latina.com\\\/#website\"},\"datePublished\":\"2010-12-08T04:17:19+00:00\",\"dateModified\":\"2026-04-30T16:25:23+00:00\",\"description\":\"Les personnalit\u00e9s et c\u00e9l\u00e9brit\u00e9s de l'Argentine.\",\"breadcrumb\":{\"@id\":\"https:\\\/\\\/abc-latina.com\\\/personnalites\\\/personnalites-argentines\\\/#breadcrumb\"},\"inLanguage\":\"fr-FR\",\"potentialAction\":[{\"@type\":\"ReadAction\",\"target\":[\"https:\\\/\\\/abc-latina.com\\\/personnalites\\\/personnalites-argentines\\\/\"]}]},{\"@type\":\"BreadcrumbList\",\"@id\":\"https:\\\/\\\/abc-latina.com\\\/personnalites\\\/personnalites-argentines\\\/#breadcrumb\",\"itemListElement\":[{\"@type\":\"ListItem\",\"position\":1,\"name\":\"Accueil\",\"item\":\"https:\\\/\\\/abc-latina.com\\\/\"},{\"@type\":\"ListItem\",\"position\":2,\"name\":\"PERSONNALITES ARGENTINES\"}]},{\"@type\":\"WebSite\",\"@id\":\"https:\\\/\\\/abc-latina.com\\\/#website\",\"url\":\"https:\\\/\\\/abc-latina.com\\\/\",\"name\":\"Abc-latina\",\"description\":\"\",\"publisher\":{\"@id\":\"https:\\\/\\\/abc-latina.com\\\/#organization\"},\"potentialAction\":[{\"@type\":\"SearchAction\",\"target\":{\"@type\":\"EntryPoint\",\"urlTemplate\":\"https:\\\/\\\/abc-latina.com\\\/?s={search_term_string}\"},\"query-input\":{\"@type\":\"PropertyValueSpecification\",\"valueRequired\":true,\"valueName\":\"search_term_string\"}}],\"inLanguage\":\"fr-FR\"},{\"@type\":\"Organization\",\"@id\":\"https:\\\/\\\/abc-latina.com\\\/#organization\",\"name\":\"Abc-latina\",\"url\":\"https:\\\/\\\/abc-latina.com\\\/\",\"logo\":{\"@type\":\"ImageObject\",\"inLanguage\":\"fr-FR\",\"@id\":\"https:\\\/\\\/abc-latina.com\\\/#\\\/schema\\\/logo\\\/image\\\/\",\"url\":\"https:\\\/\\\/abc-latina.com\\\/wp-content\\\/uploads\\\/2026\\\/05\\\/cropped-logo.gif\",\"contentUrl\":\"https:\\\/\\\/abc-latina.com\\\/wp-content\\\/uploads\\\/2026\\\/05\\\/cropped-logo.gif\",\"width\":89,\"height\":84,\"caption\":\"Abc-latina\"},\"image\":{\"@id\":\"https:\\\/\\\/abc-latina.com\\\/#\\\/schema\\\/logo\\\/image\\\/\"}}]}<\/script>\n<!-- \/ Yoast SEO plugin. -->","yoast_head_json":{"title":"PERSONNALITES ARGENTINES - Abc-latina","description":"Les personnalit\u00e9s et c\u00e9l\u00e9brit\u00e9s de l'Argentine.","robots":{"index":"index","follow":"follow","max-snippet":"max-snippet:-1","max-image-preview":"max-image-preview:large","max-video-preview":"max-video-preview:-1"},"canonical":"https:\/\/abc-latina.com\/personnalites\/personnalites-argentines\/","og_locale":"fr_FR","og_type":"article","og_title":"PERSONNALITES ARGENTINES - Abc-latina","og_description":"Les personnalit\u00e9s et c\u00e9l\u00e9brit\u00e9s de l'Argentine.","og_url":"https:\/\/abc-latina.com\/personnalites\/personnalites-argentines\/","og_site_name":"Abc-latina","article_modified_time":"2026-04-30T16:25:23+00:00","twitter_card":"summary_large_image","schema":{"@context":"https:\/\/schema.org","@graph":[{"@type":"WebPage","@id":"https:\/\/abc-latina.com\/personnalites\/personnalites-argentines\/","url":"https:\/\/abc-latina.com\/personnalites\/personnalites-argentines\/","name":"PERSONNALITES ARGENTINES - Abc-latina","isPartOf":{"@id":"https:\/\/abc-latina.com\/#website"},"datePublished":"2010-12-08T04:17:19+00:00","dateModified":"2026-04-30T16:25:23+00:00","description":"Les personnalit\u00e9s et c\u00e9l\u00e9brit\u00e9s de l'Argentine.","breadcrumb":{"@id":"https:\/\/abc-latina.com\/personnalites\/personnalites-argentines\/#breadcrumb"},"inLanguage":"fr-FR","potentialAction":[{"@type":"ReadAction","target":["https:\/\/abc-latina.com\/personnalites\/personnalites-argentines\/"]}]},{"@type":"BreadcrumbList","@id":"https:\/\/abc-latina.com\/personnalites\/personnalites-argentines\/#breadcrumb","itemListElement":[{"@type":"ListItem","position":1,"name":"Accueil","item":"https:\/\/abc-latina.com\/"},{"@type":"ListItem","position":2,"name":"PERSONNALITES ARGENTINES"}]},{"@type":"WebSite","@id":"https:\/\/abc-latina.com\/#website","url":"https:\/\/abc-latina.com\/","name":"Abc-latina","description":"","publisher":{"@id":"https:\/\/abc-latina.com\/#organization"},"potentialAction":[{"@type":"SearchAction","target":{"@type":"EntryPoint","urlTemplate":"https:\/\/abc-latina.com\/?s={search_term_string}"},"query-input":{"@type":"PropertyValueSpecification","valueRequired":true,"valueName":"search_term_string"}}],"inLanguage":"fr-FR"},{"@type":"Organization","@id":"https:\/\/abc-latina.com\/#organization","name":"Abc-latina","url":"https:\/\/abc-latina.com\/","logo":{"@type":"ImageObject","inLanguage":"fr-FR","@id":"https:\/\/abc-latina.com\/#\/schema\/logo\/image\/","url":"https:\/\/abc-latina.com\/wp-content\/uploads\/2026\/05\/cropped-logo.gif","contentUrl":"https:\/\/abc-latina.com\/wp-content\/uploads\/2026\/05\/cropped-logo.gif","width":89,"height":84,"caption":"Abc-latina"},"image":{"@id":"https:\/\/abc-latina.com\/#\/schema\/logo\/image\/"}}]}},"_links":{"self":[{"href":"https:\/\/abc-latina.com\/wp-json\/wp\/v2\/pages\/2620","targetHints":{"allow":["GET"]}}],"collection":[{"href":"https:\/\/abc-latina.com\/wp-json\/wp\/v2\/pages"}],"about":[{"href":"https:\/\/abc-latina.com\/wp-json\/wp\/v2\/types\/page"}],"author":[{"embeddable":true,"href":"https:\/\/abc-latina.com\/wp-json\/wp\/v2\/users\/3"}],"replies":[{"embeddable":true,"href":"https:\/\/abc-latina.com\/wp-json\/wp\/v2\/comments?post=2620"}],"version-history":[{"count":1,"href":"https:\/\/abc-latina.com\/wp-json\/wp\/v2\/pages\/2620\/revisions"}],"predecessor-version":[{"id":3860,"href":"https:\/\/abc-latina.com\/wp-json\/wp\/v2\/pages\/2620\/revisions\/3860"}],"up":[{"embeddable":true,"href":"https:\/\/abc-latina.com\/wp-json\/wp\/v2\/pages\/2633"}],"wp:attachment":[{"href":"https:\/\/abc-latina.com\/wp-json\/wp\/v2\/media?parent=2620"}],"curies":[{"name":"wp","href":"https:\/\/api.w.org\/{rel}","templated":true}]}}