{"id":2629,"date":"2010-12-08T05:41:10","date_gmt":"2010-12-08T04:41:10","guid":{"rendered":"http:\/\/abc-latina.com\/simon_bolivar-htm\/"},"modified":"2026-04-30T18:25:24","modified_gmt":"2026-04-30T16:25:24","slug":"simon_bolivar","status":"publish","type":"page","link":"https:\/\/abc-latina.com\/personnalites\/simon_bolivar\/","title":{"rendered":"SIMON BOLIVAR"},"content":{"rendered":"<p style=\"text-align: center;\"><a href=\"https:\/\/www.abc-latina.com\/personnalites\/photos\/photos-simon-bolivar.php\"><img loading=\"lazy\" decoding=\"async\" class=\" size-full wp-image-2628\" src=\"http:\/\/abc-latina.com\/wp-content\/uploads\/2010\/12\/simon-bolivar-4.jpg\" title=\"SIMON BOLIVAR\" alt=\"SIMON BOLIVAR\" width=\"313\" height=\"450\" srcset=\"https:\/\/abc-latina.com\/wp-content\/uploads\/2010\/12\/simon-bolivar-4.jpg 313w, https:\/\/abc-latina.com\/wp-content\/uploads\/2010\/12\/simon-bolivar-4-209x300.jpg 209w\" sizes=\"auto, (max-width: 313px) 100vw, 313px\" \/><\/a><\/p>\n<div>\n<div>&nbsp;<\/div>\n<div>Cet illustre g\u00e9n\u00e9ral, n\u00e9 \u00e0 Caracas (<a target=\"_blank\" href=\"https:\/\/www.abc-latina.com\/venezuela\/\">Venezuela<\/a>) en 1783, restera c\u00e9l\u00e8bre dans l&rsquo;histoire pour avoir, le premier, tent\u00e9 d&rsquo;unifier les pays d&rsquo;Am\u00e9rique latine afin d&rsquo;en faire une seule et m\u00eame nation. Apr\u00e8s de longues luttes contre la domination espagnole, il r\u00e9ussit \u00e0 lib\u00e9rer le Venezuela, la <a target=\"_blank\" href=\"https:\/\/www.abc-latina.com\/colombie\/\">Colombie<\/a>, l&rsquo;<a target=\"_blank\" href=\"https:\/\/www.abc-latina.com\/equateur\/\">Equateur<\/a>, le <a target=\"_blank\" href=\"https:\/\/www.abc-latina.com\/perou\/\">P\u00e9rou<\/a> et la <a target=\"_blank\" href=\"https:\/\/www.abc-latina.com\/bolivie\/\">Bolivie<\/a> de la domination espagnole. Fort de ses victoires, il cr\u00e9e la r\u00e9publique de la grande Colombie (englobant tous ces \u00e9tats) et en devient pr\u00e9sident. M\u00eame avec son succ\u00e8s militaire et la tenue du premier congr\u00e8s panam\u00e9ricains \u00e0 Panama, El Libertador (titre qu&rsquo;il re\u00e7ut lors de la lib\u00e9ration de Caracas) ne r\u00e9ussira pas \u00e0 maintenir l&rsquo;unit\u00e9 de ces pays et, d\u00e9sesp\u00e9r\u00e9, il s&rsquo;\u00e9teindra \u00e0 Santa Marta (Colombie) en 1830.&nbsp;<\/div>\n<div>Simon Bolivar \u00e9tant consid\u00e9r\u00e9 comme un v\u00e9ritable h\u00e9ros, son nom se trouve rattach\u00e9 \u00e0 bien des lieux dans toute l&rsquo;Am\u00e9rique latine.<\/div>\n<p>&nbsp;<\/p>\n<div><span class=\"person\">REPERES<\/span><span class=\"Apple-tab-span\" style=\"white-space:pre\">\t<\/span><\/div>\n<div><span class=\"person-date\">1783<\/span> &#8211; Naissance de Simon Bolivar<\/div>\n<div><span class=\"person-date\">1813<\/span> &#8211; Pr\u00e9sident du Venezuela<\/div>\n<div><span class=\"person-date\">1819<\/span> &#8211; Pr\u00e9sident de Grande Colombie<\/div>\n<div><span class=\"person-date\">1824<\/span> &#8211; Pr\u00e9sident du P\u00e9rou<\/div>\n<div><span class=\"person-date\">1825<\/span> &#8211; Pr\u00e9sident de Bolivie&nbsp;<\/div>\n<div><span class=\"person-date\">1830<\/span> &#8211; Il meurt \u00e0 l&rsquo;\u00e2ge de 47 ans<\/div>\n<\/div>\n","protected":false},"excerpt":{"rendered":"<p>&nbsp; Cet illustre g\u00e9n\u00e9ral, n\u00e9 \u00e0 Caracas (Venezuela) en 1783, restera c\u00e9l\u00e8bre dans l&rsquo;histoire pour avoir, le premier, tent\u00e9 d&rsquo;unifier [&hellip;]<\/p>\n","protected":false},"author":3,"featured_media":2628,"parent":2633,"menu_order":0,"comment_status":"closed","ping_status":"closed","template":"","meta":{"site-sidebar-layout":"default","site-content-layout":"","ast-site-content-layout":"default","site-content-style":"default","site-sidebar-style":"default","ast-global-header-display":"","ast-banner-title-visibility":"","ast-main-header-display":"","ast-hfb-above-header-display":"","ast-hfb-below-header-display":"","ast-hfb-mobile-header-display":"","site-post-title":"","ast-breadcrumbs-content":"","ast-featured-img":"","footer-sml-layout":"","ast-disable-related-posts":"","theme-transparent-header-meta":"","adv-header-id-meta":"","stick-header-meta":"","header-above-stick-meta":"","header-main-stick-meta":"","header-below-stick-meta":"","astra-migrate-meta-layouts":"default","ast-page-background-enabled":"default","ast-page-background-meta":{"desktop":{"background-color":"var(--ast-global-color-5)","background-image":"","background-repeat":"repeat","background-position":"center center","background-size":"auto","background-attachment":"scroll","background-type":"","background-media":"","overlay-type":"","overlay-color":"","overlay-opacity":"","overlay-gradient":""},"tablet":{"background-color":"","background-image":"","background-repeat":"repeat","background-position":"center center","background-size":"auto","background-attachment":"scroll","background-type":"","background-media":"","overlay-type":"","overlay-color":"","overlay-opacity":"","overlay-gradient":""},"mobile":{"background-color":"","background-image":"","background-repeat":"repeat","background-position":"center center","background-size":"auto","background-attachment":"scroll","background-type":"","background-media":"","overlay-type":"","overlay-color":"","overlay-opacity":"","overlay-gradient":""}},"ast-content-background-meta":{"desktop":{"background-color":"var(--ast-global-color-4)","background-image":"","background-repeat":"repeat","background-position":"center center","background-size":"auto","background-attachment":"scroll","background-type":"","background-media":"","overlay-type":"","overlay-color":"","overlay-opacity":"","overlay-gradient":""},"tablet":{"background-color":"var(--ast-global-color-4)","background-image":"","background-repeat":"repeat","background-position":"center center","background-size":"auto","background-attachment":"scroll","background-type":"","background-media":"","overlay-type":"","overlay-color":"","overlay-opacity":"","overlay-gradient":""},"mobile":{"background-color":"var(--ast-global-color-4)","background-image":"","background-repeat":"repeat","background-position":"center center","background-size":"auto","background-attachment":"scroll","background-type":"","background-media":"","overlay-type":"","overlay-color":"","overlay-opacity":"","overlay-gradient":""}},"footnotes":""},"class_list":["post-2629","page","type-page","status-publish","has-post-thumbnail","hentry"],"yoast_head":"<!-- This site is optimized with the Yoast SEO plugin v27.5 - https:\/\/yoast.com\/product\/yoast-seo-wordpress\/ -->\n<title>SIMON BOLIVAR - Abc-latina<\/title>\n<meta name=\"description\" content=\"Simon Bolivar, lib\u00e9rateur de l&#039;Am\u00e9rique latine.\" \/>\n<meta name=\"robots\" content=\"index, follow, max-snippet:-1, max-image-preview:large, max-video-preview:-1\" \/>\n<link rel=\"canonical\" href=\"https:\/\/abc-latina.com\/personnalites\/simon_bolivar\/\" \/>\n<meta property=\"og:locale\" content=\"fr_FR\" \/>\n<meta property=\"og:type\" content=\"article\" \/>\n<meta property=\"og:title\" content=\"SIMON BOLIVAR - Abc-latina\" \/>\n<meta property=\"og:description\" content=\"Simon Bolivar, lib\u00e9rateur de l&#039;Am\u00e9rique latine.\" \/>\n<meta property=\"og:url\" content=\"https:\/\/abc-latina.com\/personnalites\/simon_bolivar\/\" \/>\n<meta property=\"og:site_name\" content=\"Abc-latina\" \/>\n<meta property=\"article:modified_time\" content=\"2026-04-30T16:25:24+00:00\" \/>\n<meta property=\"og:image\" content=\"https:\/\/abc-latina.com\/wp-content\/uploads\/2010\/12\/simon-bolivar-4.jpg\" \/>\n\t<meta property=\"og:image:width\" content=\"313\" \/>\n\t<meta property=\"og:image:height\" content=\"450\" \/>\n\t<meta property=\"og:image:type\" content=\"image\/jpeg\" \/>\n<meta name=\"twitter:card\" content=\"summary_large_image\" \/>\n<meta name=\"twitter:label1\" content=\"Dur\u00e9e de lecture estim\u00e9e\" \/>\n\t<meta name=\"twitter:data1\" content=\"1 minute\" \/>\n<script type=\"application\/ld+json\" class=\"yoast-schema-graph\">{\"@context\":\"https:\\\/\\\/schema.org\",\"@graph\":[{\"@type\":\"WebPage\",\"@id\":\"https:\\\/\\\/abc-latina.com\\\/personnalites\\\/simon_bolivar\\\/\",\"url\":\"https:\\\/\\\/abc-latina.com\\\/personnalites\\\/simon_bolivar\\\/\",\"name\":\"SIMON BOLIVAR - Abc-latina\",\"isPartOf\":{\"@id\":\"https:\\\/\\\/abc-latina.com\\\/#website\"},\"primaryImageOfPage\":{\"@id\":\"https:\\\/\\\/abc-latina.com\\\/personnalites\\\/simon_bolivar\\\/#primaryimage\"},\"image\":{\"@id\":\"https:\\\/\\\/abc-latina.com\\\/personnalites\\\/simon_bolivar\\\/#primaryimage\"},\"thumbnailUrl\":\"https:\\\/\\\/abc-latina.com\\\/wp-content\\\/uploads\\\/2010\\\/12\\\/simon-bolivar-4.jpg\",\"datePublished\":\"2010-12-08T04:41:10+00:00\",\"dateModified\":\"2026-04-30T16:25:24+00:00\",\"description\":\"Simon Bolivar, lib\u00e9rateur de l'Am\u00e9rique latine.\",\"breadcrumb\":{\"@id\":\"https:\\\/\\\/abc-latina.com\\\/personnalites\\\/simon_bolivar\\\/#breadcrumb\"},\"inLanguage\":\"fr-FR\",\"potentialAction\":[{\"@type\":\"ReadAction\",\"target\":[\"https:\\\/\\\/abc-latina.com\\\/personnalites\\\/simon_bolivar\\\/\"]}]},{\"@type\":\"ImageObject\",\"inLanguage\":\"fr-FR\",\"@id\":\"https:\\\/\\\/abc-latina.com\\\/personnalites\\\/simon_bolivar\\\/#primaryimage\",\"url\":\"https:\\\/\\\/abc-latina.com\\\/wp-content\\\/uploads\\\/2010\\\/12\\\/simon-bolivar-4.jpg\",\"contentUrl\":\"https:\\\/\\\/abc-latina.com\\\/wp-content\\\/uploads\\\/2010\\\/12\\\/simon-bolivar-4.jpg\",\"width\":313,\"height\":450,\"caption\":\"SIMON BOLIVAR\"},{\"@type\":\"BreadcrumbList\",\"@id\":\"https:\\\/\\\/abc-latina.com\\\/personnalites\\\/simon_bolivar\\\/#breadcrumb\",\"itemListElement\":[{\"@type\":\"ListItem\",\"position\":1,\"name\":\"Accueil\",\"item\":\"https:\\\/\\\/abc-latina.com\\\/\"},{\"@type\":\"ListItem\",\"position\":2,\"name\":\"SIMON BOLIVAR\"}]},{\"@type\":\"WebSite\",\"@id\":\"https:\\\/\\\/abc-latina.com\\\/#website\",\"url\":\"https:\\\/\\\/abc-latina.com\\\/\",\"name\":\"Abc-latina\",\"description\":\"\",\"publisher\":{\"@id\":\"https:\\\/\\\/abc-latina.com\\\/#organization\"},\"potentialAction\":[{\"@type\":\"SearchAction\",\"target\":{\"@type\":\"EntryPoint\",\"urlTemplate\":\"https:\\\/\\\/abc-latina.com\\\/?s={search_term_string}\"},\"query-input\":{\"@type\":\"PropertyValueSpecification\",\"valueRequired\":true,\"valueName\":\"search_term_string\"}}],\"inLanguage\":\"fr-FR\"},{\"@type\":\"Organization\",\"@id\":\"https:\\\/\\\/abc-latina.com\\\/#organization\",\"name\":\"Abc-latina\",\"url\":\"https:\\\/\\\/abc-latina.com\\\/\",\"logo\":{\"@type\":\"ImageObject\",\"inLanguage\":\"fr-FR\",\"@id\":\"https:\\\/\\\/abc-latina.com\\\/#\\\/schema\\\/logo\\\/image\\\/\",\"url\":\"https:\\\/\\\/abc-latina.com\\\/wp-content\\\/uploads\\\/2026\\\/05\\\/cropped-logo.gif\",\"contentUrl\":\"https:\\\/\\\/abc-latina.com\\\/wp-content\\\/uploads\\\/2026\\\/05\\\/cropped-logo.gif\",\"width\":89,\"height\":84,\"caption\":\"Abc-latina\"},\"image\":{\"@id\":\"https:\\\/\\\/abc-latina.com\\\/#\\\/schema\\\/logo\\\/image\\\/\"}}]}<\/script>\n<!-- \/ Yoast SEO plugin. -->","yoast_head_json":{"title":"SIMON BOLIVAR - Abc-latina","description":"Simon Bolivar, lib\u00e9rateur de l'Am\u00e9rique latine.","robots":{"index":"index","follow":"follow","max-snippet":"max-snippet:-1","max-image-preview":"max-image-preview:large","max-video-preview":"max-video-preview:-1"},"canonical":"https:\/\/abc-latina.com\/personnalites\/simon_bolivar\/","og_locale":"fr_FR","og_type":"article","og_title":"SIMON BOLIVAR - Abc-latina","og_description":"Simon Bolivar, lib\u00e9rateur de l'Am\u00e9rique latine.","og_url":"https:\/\/abc-latina.com\/personnalites\/simon_bolivar\/","og_site_name":"Abc-latina","article_modified_time":"2026-04-30T16:25:24+00:00","og_image":[{"width":313,"height":450,"url":"https:\/\/abc-latina.com\/wp-content\/uploads\/2010\/12\/simon-bolivar-4.jpg","type":"image\/jpeg"}],"twitter_card":"summary_large_image","twitter_misc":{"Dur\u00e9e de lecture estim\u00e9e":"1 minute"},"schema":{"@context":"https:\/\/schema.org","@graph":[{"@type":"WebPage","@id":"https:\/\/abc-latina.com\/personnalites\/simon_bolivar\/","url":"https:\/\/abc-latina.com\/personnalites\/simon_bolivar\/","name":"SIMON BOLIVAR - Abc-latina","isPartOf":{"@id":"https:\/\/abc-latina.com\/#website"},"primaryImageOfPage":{"@id":"https:\/\/abc-latina.com\/personnalites\/simon_bolivar\/#primaryimage"},"image":{"@id":"https:\/\/abc-latina.com\/personnalites\/simon_bolivar\/#primaryimage"},"thumbnailUrl":"https:\/\/abc-latina.com\/wp-content\/uploads\/2010\/12\/simon-bolivar-4.jpg","datePublished":"2010-12-08T04:41:10+00:00","dateModified":"2026-04-30T16:25:24+00:00","description":"Simon Bolivar, lib\u00e9rateur de l'Am\u00e9rique latine.","breadcrumb":{"@id":"https:\/\/abc-latina.com\/personnalites\/simon_bolivar\/#breadcrumb"},"inLanguage":"fr-FR","potentialAction":[{"@type":"ReadAction","target":["https:\/\/abc-latina.com\/personnalites\/simon_bolivar\/"]}]},{"@type":"ImageObject","inLanguage":"fr-FR","@id":"https:\/\/abc-latina.com\/personnalites\/simon_bolivar\/#primaryimage","url":"https:\/\/abc-latina.com\/wp-content\/uploads\/2010\/12\/simon-bolivar-4.jpg","contentUrl":"https:\/\/abc-latina.com\/wp-content\/uploads\/2010\/12\/simon-bolivar-4.jpg","width":313,"height":450,"caption":"SIMON BOLIVAR"},{"@type":"BreadcrumbList","@id":"https:\/\/abc-latina.com\/personnalites\/simon_bolivar\/#breadcrumb","itemListElement":[{"@type":"ListItem","position":1,"name":"Accueil","item":"https:\/\/abc-latina.com\/"},{"@type":"ListItem","position":2,"name":"SIMON BOLIVAR"}]},{"@type":"WebSite","@id":"https:\/\/abc-latina.com\/#website","url":"https:\/\/abc-latina.com\/","name":"Abc-latina","description":"","publisher":{"@id":"https:\/\/abc-latina.com\/#organization"},"potentialAction":[{"@type":"SearchAction","target":{"@type":"EntryPoint","urlTemplate":"https:\/\/abc-latina.com\/?s={search_term_string}"},"query-input":{"@type":"PropertyValueSpecification","valueRequired":true,"valueName":"search_term_string"}}],"inLanguage":"fr-FR"},{"@type":"Organization","@id":"https:\/\/abc-latina.com\/#organization","name":"Abc-latina","url":"https:\/\/abc-latina.com\/","logo":{"@type":"ImageObject","inLanguage":"fr-FR","@id":"https:\/\/abc-latina.com\/#\/schema\/logo\/image\/","url":"https:\/\/abc-latina.com\/wp-content\/uploads\/2026\/05\/cropped-logo.gif","contentUrl":"https:\/\/abc-latina.com\/wp-content\/uploads\/2026\/05\/cropped-logo.gif","width":89,"height":84,"caption":"Abc-latina"},"image":{"@id":"https:\/\/abc-latina.com\/#\/schema\/logo\/image\/"}}]}},"_links":{"self":[{"href":"https:\/\/abc-latina.com\/wp-json\/wp\/v2\/pages\/2629","targetHints":{"allow":["GET"]}}],"collection":[{"href":"https:\/\/abc-latina.com\/wp-json\/wp\/v2\/pages"}],"about":[{"href":"https:\/\/abc-latina.com\/wp-json\/wp\/v2\/types\/page"}],"author":[{"embeddable":true,"href":"https:\/\/abc-latina.com\/wp-json\/wp\/v2\/users\/3"}],"replies":[{"embeddable":true,"href":"https:\/\/abc-latina.com\/wp-json\/wp\/v2\/comments?post=2629"}],"version-history":[{"count":1,"href":"https:\/\/abc-latina.com\/wp-json\/wp\/v2\/pages\/2629\/revisions"}],"predecessor-version":[{"id":3878,"href":"https:\/\/abc-latina.com\/wp-json\/wp\/v2\/pages\/2629\/revisions\/3878"}],"up":[{"embeddable":true,"href":"https:\/\/abc-latina.com\/wp-json\/wp\/v2\/pages\/2633"}],"wp:featuredmedia":[{"embeddable":true,"href":"https:\/\/abc-latina.com\/wp-json\/wp\/v2\/media\/2628"}],"wp:attachment":[{"href":"https:\/\/abc-latina.com\/wp-json\/wp\/v2\/media?parent=2629"}],"curies":[{"name":"wp","href":"https:\/\/api.w.org\/{rel}","templated":true}]}}