{"id":2631,"date":"2010-12-08T05:55:30","date_gmt":"2010-12-08T04:55:30","guid":{"rendered":"http:\/\/abc-latina.com\/valentin_paniagua-htm\/"},"modified":"2026-04-30T18:25:24","modified_gmt":"2026-04-30T16:25:24","slug":"valentin_paniagua","status":"publish","type":"page","link":"https:\/\/abc-latina.com\/personnalites\/valentin_paniagua\/","title":{"rendered":"VALENTIN PANIAGUA"},"content":{"rendered":"<div><span class=\"person\"><img loading=\"lazy\" decoding=\"async\" class=\" alignright size-full wp-image-2630\" src=\"http:\/\/abc-latina.com\/wp-content\/uploads\/2010\/12\/valentine-paniagua.jpg\" title=\"VALENTIN PANIAGUA\" alt=\"\" width=\"220\" vspace=\"9\" hspace=\"15\" height=\"220\" align=\"right\" srcset=\"https:\/\/abc-latina.com\/wp-content\/uploads\/2010\/12\/valentine-paniagua.jpg 220w, https:\/\/abc-latina.com\/wp-content\/uploads\/2010\/12\/valentine-paniagua-150x150.jpg 150w\" sizes=\"auto, (max-width: 220px) 100vw, 220px\" \/><\/span><span class=\"person\">Valent\u00edn Paniagua Corazao<\/span> \u00e9tait un avocat et homme politique p\u00e9ruvien n\u00e9 \u00e0 <a target=\"_blank\" href=\"https:\/\/www.abc-latina.com\/perou\/cuzco\">Cuzco<\/a>, le 23 septembre 1936. Il a occup\u00e9 la fonction de <a target=\"_blank\" href=\"https:\/\/www.abc-latina.com\/perou\/div\/president_peruvien\">Pr\u00e9sident du P\u00e9rou<\/a> entre le 22 novembre 2000 et le 28 juillet 2001.<\/p>\n<div>&nbsp;<\/div>\n<div>Militant du parti Acci\u00f3n Popular, il fut \u00e9lu d\u00e9put\u00e9 en 1963 quand <a href=\"fernando_belaunde_terry\">Fernando Bela\u00fande Terry<\/a>, le chef de la coalition form\u00e9e avec la D\u00e9mocratie Chr\u00e9tienne fut \u00e9lu pr\u00e9sident. Au sein du gouvernement, il occupa la charge de Ministre de la Justice.<\/div>\n<div>&nbsp;<\/div>\n<div>Pendant le gouvernement militaire du g\u00e9n\u00e9ral <a href=\"juan_velasco_alvarado\">Juan Velasco Alvarado<\/a>, Paniagua se retira de la vie politique et se consacra \u00e0 l&rsquo;enseignement. Il fut toujours consid\u00e9r\u00e9 comme un opposant au r\u00e9gime militaire de Velasco et de son successeur le g\u00e9n\u00e9ral <a href=\"francisco_morales_bermudez\">Francisco Morales Berm\u00fadez<\/a>.<\/div>\n<div>&nbsp;<\/div>\n<div>En 1980, il redevint d\u00e9put\u00e9 pour 5 ans, et fut \u00e9lu en 1982 Pr\u00e9sident de la Chambre des D\u00e9put\u00e9s. En 1984, dans les derniers mois du second mandat pr\u00e9sidentiel de Bela\u00fande, il fut nomm\u00e9 Ministre de l&rsquo;\u00c9ducation. Quand <a href=\"alan_garcia_perez\">Alan Garc\u00eda P\u00e9rez<\/a> acc\u00e9da \u00e0 la pr\u00e9sidence du P\u00e9rou, Paniagua se retira de nouveau de la vie politique pour se consacrer \u00e0 l&rsquo;enseignement.<\/div>\n<div>&nbsp;<\/div>\n<div>En 1990, son parti soutint l&rsquo;\u00e9crivain <a href=\"mario_vargas_llosa\">Mario Vargas Llosa<\/a> et prit part au FREDEMO. Il fut fermement oppos\u00e9 \u00e0 l&rsquo;&laquo; autogolpe &raquo; de <a href=\"alberto_fujimori\">Alberto Fujimori<\/a> en 1992.<\/div>\n<div>&nbsp;<\/div>\n<div>En 2000, Paniagua fut \u00e9lu congressiste et en octobre de la m\u00eame ann\u00e9e fut \u00e9lu pr\u00e9sident du Congr\u00e8s. En novembre 2000, le pr\u00e9sident Fujimori d\u00e9missionna alors qu&rsquo;il se trouvait au Japon, de m\u00eame que ses deux vice-pr\u00e9sidents \u00e0 Lima. Le Congr\u00e8s le d\u00e9signe comme pr\u00e9sident par int\u00e9rim.<\/div>\n<div>&nbsp;<\/div>\n<div>Pendant son mandat pr\u00e9sidentiel, il choisit l&rsquo;ex-Secr\u00e9taire G\u00e9n\u00e9ral des Nations unies, Javier P\u00e9rez de Cu\u00e9llar, comme Premier Ministre et ministre des Relations Ext\u00e9rieures.<\/div>\n<div>&nbsp;<\/div>\n<div>Le principal objectif de son mandat fut d&rsquo;organiser les \u00e9lections de 2001, remport\u00e9es par Alejandro Toledo Manrique du parti Per\u00fa Posible.<\/div>\n<div>&nbsp;<\/div>\n<div>En 2001, Valent\u00edn Paniagua a succ\u00e9d\u00e9 \u00e0 la t\u00eate de son parti au fondateur Fernando Bela\u00fande Terry.<\/div>\n<div>&nbsp;<\/div>\n<div>Au nom de ce parti, il s&rsquo;est pr\u00e9sent\u00e9 comme candidat \u00e0 la Pr\u00e9sidence de la R\u00e9publique aux \u00e9lections g\u00e9n\u00e9rales de 2006 \u00e0 la t\u00eate de la coalition de partis politiques &quot;Frente de Centro&quot;.<br \/> Il est d\u00e9c\u00e9d\u00e9 \u00e0 Lima le 16 octobre 2006.<\/div>\n<div>&nbsp;<\/div>\n<div><span class=\"tsource\">Source Wikip\u00e9dia<\/span><\/div>\n<div>&nbsp;<\/div>\n<div><span class=\"person\">REPERES<\/span><\/div>\n<div><span class=\"person-date\">1936<\/span> &#8211; Naissance de Valentine Paniagua<\/div>\n<div><span class=\"person-date\">1963<\/span> &#8211; Il est \u00e9lu d\u00e9put\u00e9 \u00e0 l&rsquo;age de 26 ans<\/div>\n<div><span class=\"person-date\">2000<\/span> &#8211; Pr\u00e9sident du congr\u00e8s<\/div>\n<div><span class=\"person-date\">2000<\/span> &#8211; Pr\u00e9sident de la r\u00e9publique par int\u00e9rim<\/div>\n<div><span class=\"person-date\">2006<\/span> &#8211; Il d\u00e9c\u00e9de<\/div>\n<\/div>\n","protected":false},"excerpt":{"rendered":"<p>Valent\u00edn Paniagua Corazao \u00e9tait un avocat et homme politique p\u00e9ruvien n\u00e9 \u00e0 Cuzco, le 23 septembre 1936. Il a occup\u00e9 [&hellip;]<\/p>\n","protected":false},"author":3,"featured_media":2630,"parent":2633,"menu_order":0,"comment_status":"closed","ping_status":"closed","template":"","meta":{"site-sidebar-layout":"default","site-content-layout":"","ast-site-content-layout":"default","site-content-style":"default","site-sidebar-style":"default","ast-global-header-display":"","ast-banner-title-visibility":"","ast-main-header-display":"","ast-hfb-above-header-display":"","ast-hfb-below-header-display":"","ast-hfb-mobile-header-display":"","site-post-title":"","ast-breadcrumbs-content":"","ast-featured-img":"","footer-sml-layout":"","ast-disable-related-posts":"","theme-transparent-header-meta":"","adv-header-id-meta":"","stick-header-meta":"","header-above-stick-meta":"","header-main-stick-meta":"","header-below-stick-meta":"","astra-migrate-meta-layouts":"default","ast-page-background-enabled":"default","ast-page-background-meta":{"desktop":{"background-color":"var(--ast-global-color-5)","background-image":"","background-repeat":"repeat","background-position":"center center","background-size":"auto","background-attachment":"scroll","background-type":"","background-media":"","overlay-type":"","overlay-color":"","overlay-opacity":"","overlay-gradient":""},"tablet":{"background-color":"","background-image":"","background-repeat":"repeat","background-position":"center center","background-size":"auto","background-attachment":"scroll","background-type":"","background-media":"","overlay-type":"","overlay-color":"","overlay-opacity":"","overlay-gradient":""},"mobile":{"background-color":"","background-image":"","background-repeat":"repeat","background-position":"center center","background-size":"auto","background-attachment":"scroll","background-type":"","background-media":"","overlay-type":"","overlay-color":"","overlay-opacity":"","overlay-gradient":""}},"ast-content-background-meta":{"desktop":{"background-color":"var(--ast-global-color-4)","background-image":"","background-repeat":"repeat","background-position":"center center","background-size":"auto","background-attachment":"scroll","background-type":"","background-media":"","overlay-type":"","overlay-color":"","overlay-opacity":"","overlay-gradient":""},"tablet":{"background-color":"var(--ast-global-color-4)","background-image":"","background-repeat":"repeat","background-position":"center center","background-size":"auto","background-attachment":"scroll","background-type":"","background-media":"","overlay-type":"","overlay-color":"","overlay-opacity":"","overlay-gradient":""},"mobile":{"background-color":"var(--ast-global-color-4)","background-image":"","background-repeat":"repeat","background-position":"center center","background-size":"auto","background-attachment":"scroll","background-type":"","background-media":"","overlay-type":"","overlay-color":"","overlay-opacity":"","overlay-gradient":""}},"footnotes":""},"class_list":["post-2631","page","type-page","status-publish","has-post-thumbnail","hentry"],"yoast_head":"<!-- This site is optimized with the Yoast SEO plugin v27.5 - https:\/\/yoast.com\/product\/yoast-seo-wordpress\/ -->\n<title>VALENTIN PANIAGUA - Abc-latina<\/title>\n<meta name=\"description\" content=\"Valentin Paniagua, Pr\u00e9sident du P\u00e9rou en 2001.\" \/>\n<meta name=\"robots\" content=\"index, follow, max-snippet:-1, max-image-preview:large, max-video-preview:-1\" \/>\n<link rel=\"canonical\" href=\"https:\/\/abc-latina.com\/personnalites\/valentin_paniagua\/\" \/>\n<meta property=\"og:locale\" content=\"fr_FR\" \/>\n<meta property=\"og:type\" content=\"article\" \/>\n<meta property=\"og:title\" content=\"VALENTIN PANIAGUA - Abc-latina\" \/>\n<meta property=\"og:description\" content=\"Valentin Paniagua, Pr\u00e9sident du P\u00e9rou en 2001.\" \/>\n<meta property=\"og:url\" content=\"https:\/\/abc-latina.com\/personnalites\/valentin_paniagua\/\" \/>\n<meta property=\"og:site_name\" content=\"Abc-latina\" \/>\n<meta property=\"article:modified_time\" content=\"2026-04-30T16:25:24+00:00\" \/>\n<meta property=\"og:image\" content=\"https:\/\/abc-latina.com\/wp-content\/uploads\/2010\/12\/valentine-paniagua.jpg\" \/>\n\t<meta property=\"og:image:width\" content=\"220\" \/>\n\t<meta property=\"og:image:height\" content=\"220\" \/>\n\t<meta property=\"og:image:type\" content=\"image\/jpeg\" \/>\n<meta name=\"twitter:card\" content=\"summary_large_image\" \/>\n<meta name=\"twitter:label1\" content=\"Dur\u00e9e de lecture estim\u00e9e\" \/>\n\t<meta name=\"twitter:data1\" content=\"2 minutes\" \/>\n<script type=\"application\/ld+json\" class=\"yoast-schema-graph\">{\"@context\":\"https:\\\/\\\/schema.org\",\"@graph\":[{\"@type\":\"WebPage\",\"@id\":\"https:\\\/\\\/abc-latina.com\\\/personnalites\\\/valentin_paniagua\\\/\",\"url\":\"https:\\\/\\\/abc-latina.com\\\/personnalites\\\/valentin_paniagua\\\/\",\"name\":\"VALENTIN PANIAGUA - Abc-latina\",\"isPartOf\":{\"@id\":\"https:\\\/\\\/abc-latina.com\\\/#website\"},\"primaryImageOfPage\":{\"@id\":\"https:\\\/\\\/abc-latina.com\\\/personnalites\\\/valentin_paniagua\\\/#primaryimage\"},\"image\":{\"@id\":\"https:\\\/\\\/abc-latina.com\\\/personnalites\\\/valentin_paniagua\\\/#primaryimage\"},\"thumbnailUrl\":\"https:\\\/\\\/abc-latina.com\\\/wp-content\\\/uploads\\\/2010\\\/12\\\/valentine-paniagua.jpg\",\"datePublished\":\"2010-12-08T04:55:30+00:00\",\"dateModified\":\"2026-04-30T16:25:24+00:00\",\"description\":\"Valentin Paniagua, Pr\u00e9sident du P\u00e9rou en 2001.\",\"breadcrumb\":{\"@id\":\"https:\\\/\\\/abc-latina.com\\\/personnalites\\\/valentin_paniagua\\\/#breadcrumb\"},\"inLanguage\":\"fr-FR\",\"potentialAction\":[{\"@type\":\"ReadAction\",\"target\":[\"https:\\\/\\\/abc-latina.com\\\/personnalites\\\/valentin_paniagua\\\/\"]}]},{\"@type\":\"ImageObject\",\"inLanguage\":\"fr-FR\",\"@id\":\"https:\\\/\\\/abc-latina.com\\\/personnalites\\\/valentin_paniagua\\\/#primaryimage\",\"url\":\"https:\\\/\\\/abc-latina.com\\\/wp-content\\\/uploads\\\/2010\\\/12\\\/valentine-paniagua.jpg\",\"contentUrl\":\"https:\\\/\\\/abc-latina.com\\\/wp-content\\\/uploads\\\/2010\\\/12\\\/valentine-paniagua.jpg\",\"width\":220,\"height\":220,\"caption\":\"VALENTIN PANIAGUA\"},{\"@type\":\"BreadcrumbList\",\"@id\":\"https:\\\/\\\/abc-latina.com\\\/personnalites\\\/valentin_paniagua\\\/#breadcrumb\",\"itemListElement\":[{\"@type\":\"ListItem\",\"position\":1,\"name\":\"Accueil\",\"item\":\"https:\\\/\\\/abc-latina.com\\\/\"},{\"@type\":\"ListItem\",\"position\":2,\"name\":\"VALENTIN PANIAGUA\"}]},{\"@type\":\"WebSite\",\"@id\":\"https:\\\/\\\/abc-latina.com\\\/#website\",\"url\":\"https:\\\/\\\/abc-latina.com\\\/\",\"name\":\"Abc-latina\",\"description\":\"\",\"publisher\":{\"@id\":\"https:\\\/\\\/abc-latina.com\\\/#organization\"},\"potentialAction\":[{\"@type\":\"SearchAction\",\"target\":{\"@type\":\"EntryPoint\",\"urlTemplate\":\"https:\\\/\\\/abc-latina.com\\\/?s={search_term_string}\"},\"query-input\":{\"@type\":\"PropertyValueSpecification\",\"valueRequired\":true,\"valueName\":\"search_term_string\"}}],\"inLanguage\":\"fr-FR\"},{\"@type\":\"Organization\",\"@id\":\"https:\\\/\\\/abc-latina.com\\\/#organization\",\"name\":\"Abc-latina\",\"url\":\"https:\\\/\\\/abc-latina.com\\\/\",\"logo\":{\"@type\":\"ImageObject\",\"inLanguage\":\"fr-FR\",\"@id\":\"https:\\\/\\\/abc-latina.com\\\/#\\\/schema\\\/logo\\\/image\\\/\",\"url\":\"https:\\\/\\\/abc-latina.com\\\/wp-content\\\/uploads\\\/2026\\\/05\\\/cropped-logo.gif\",\"contentUrl\":\"https:\\\/\\\/abc-latina.com\\\/wp-content\\\/uploads\\\/2026\\\/05\\\/cropped-logo.gif\",\"width\":89,\"height\":84,\"caption\":\"Abc-latina\"},\"image\":{\"@id\":\"https:\\\/\\\/abc-latina.com\\\/#\\\/schema\\\/logo\\\/image\\\/\"}}]}<\/script>\n<!-- \/ Yoast SEO plugin. -->","yoast_head_json":{"title":"VALENTIN PANIAGUA - Abc-latina","description":"Valentin Paniagua, Pr\u00e9sident du P\u00e9rou en 2001.","robots":{"index":"index","follow":"follow","max-snippet":"max-snippet:-1","max-image-preview":"max-image-preview:large","max-video-preview":"max-video-preview:-1"},"canonical":"https:\/\/abc-latina.com\/personnalites\/valentin_paniagua\/","og_locale":"fr_FR","og_type":"article","og_title":"VALENTIN PANIAGUA - Abc-latina","og_description":"Valentin Paniagua, Pr\u00e9sident du P\u00e9rou en 2001.","og_url":"https:\/\/abc-latina.com\/personnalites\/valentin_paniagua\/","og_site_name":"Abc-latina","article_modified_time":"2026-04-30T16:25:24+00:00","og_image":[{"width":220,"height":220,"url":"https:\/\/abc-latina.com\/wp-content\/uploads\/2010\/12\/valentine-paniagua.jpg","type":"image\/jpeg"}],"twitter_card":"summary_large_image","twitter_misc":{"Dur\u00e9e de lecture estim\u00e9e":"2 minutes"},"schema":{"@context":"https:\/\/schema.org","@graph":[{"@type":"WebPage","@id":"https:\/\/abc-latina.com\/personnalites\/valentin_paniagua\/","url":"https:\/\/abc-latina.com\/personnalites\/valentin_paniagua\/","name":"VALENTIN PANIAGUA - Abc-latina","isPartOf":{"@id":"https:\/\/abc-latina.com\/#website"},"primaryImageOfPage":{"@id":"https:\/\/abc-latina.com\/personnalites\/valentin_paniagua\/#primaryimage"},"image":{"@id":"https:\/\/abc-latina.com\/personnalites\/valentin_paniagua\/#primaryimage"},"thumbnailUrl":"https:\/\/abc-latina.com\/wp-content\/uploads\/2010\/12\/valentine-paniagua.jpg","datePublished":"2010-12-08T04:55:30+00:00","dateModified":"2026-04-30T16:25:24+00:00","description":"Valentin Paniagua, Pr\u00e9sident du P\u00e9rou en 2001.","breadcrumb":{"@id":"https:\/\/abc-latina.com\/personnalites\/valentin_paniagua\/#breadcrumb"},"inLanguage":"fr-FR","potentialAction":[{"@type":"ReadAction","target":["https:\/\/abc-latina.com\/personnalites\/valentin_paniagua\/"]}]},{"@type":"ImageObject","inLanguage":"fr-FR","@id":"https:\/\/abc-latina.com\/personnalites\/valentin_paniagua\/#primaryimage","url":"https:\/\/abc-latina.com\/wp-content\/uploads\/2010\/12\/valentine-paniagua.jpg","contentUrl":"https:\/\/abc-latina.com\/wp-content\/uploads\/2010\/12\/valentine-paniagua.jpg","width":220,"height":220,"caption":"VALENTIN PANIAGUA"},{"@type":"BreadcrumbList","@id":"https:\/\/abc-latina.com\/personnalites\/valentin_paniagua\/#breadcrumb","itemListElement":[{"@type":"ListItem","position":1,"name":"Accueil","item":"https:\/\/abc-latina.com\/"},{"@type":"ListItem","position":2,"name":"VALENTIN PANIAGUA"}]},{"@type":"WebSite","@id":"https:\/\/abc-latina.com\/#website","url":"https:\/\/abc-latina.com\/","name":"Abc-latina","description":"","publisher":{"@id":"https:\/\/abc-latina.com\/#organization"},"potentialAction":[{"@type":"SearchAction","target":{"@type":"EntryPoint","urlTemplate":"https:\/\/abc-latina.com\/?s={search_term_string}"},"query-input":{"@type":"PropertyValueSpecification","valueRequired":true,"valueName":"search_term_string"}}],"inLanguage":"fr-FR"},{"@type":"Organization","@id":"https:\/\/abc-latina.com\/#organization","name":"Abc-latina","url":"https:\/\/abc-latina.com\/","logo":{"@type":"ImageObject","inLanguage":"fr-FR","@id":"https:\/\/abc-latina.com\/#\/schema\/logo\/image\/","url":"https:\/\/abc-latina.com\/wp-content\/uploads\/2026\/05\/cropped-logo.gif","contentUrl":"https:\/\/abc-latina.com\/wp-content\/uploads\/2026\/05\/cropped-logo.gif","width":89,"height":84,"caption":"Abc-latina"},"image":{"@id":"https:\/\/abc-latina.com\/#\/schema\/logo\/image\/"}}]}},"_links":{"self":[{"href":"https:\/\/abc-latina.com\/wp-json\/wp\/v2\/pages\/2631","targetHints":{"allow":["GET"]}}],"collection":[{"href":"https:\/\/abc-latina.com\/wp-json\/wp\/v2\/pages"}],"about":[{"href":"https:\/\/abc-latina.com\/wp-json\/wp\/v2\/types\/page"}],"author":[{"embeddable":true,"href":"https:\/\/abc-latina.com\/wp-json\/wp\/v2\/users\/3"}],"replies":[{"embeddable":true,"href":"https:\/\/abc-latina.com\/wp-json\/wp\/v2\/comments?post=2631"}],"version-history":[{"count":1,"href":"https:\/\/abc-latina.com\/wp-json\/wp\/v2\/pages\/2631\/revisions"}],"predecessor-version":[{"id":3879,"href":"https:\/\/abc-latina.com\/wp-json\/wp\/v2\/pages\/2631\/revisions\/3879"}],"up":[{"embeddable":true,"href":"https:\/\/abc-latina.com\/wp-json\/wp\/v2\/pages\/2633"}],"wp:featuredmedia":[{"embeddable":true,"href":"https:\/\/abc-latina.com\/wp-json\/wp\/v2\/media\/2630"}],"wp:attachment":[{"href":"https:\/\/abc-latina.com\/wp-json\/wp\/v2\/media?parent=2631"}],"curies":[{"name":"wp","href":"https:\/\/api.w.org\/{rel}","templated":true}]}}