{"id":2633,"date":"2010-12-08T06:20:53","date_gmt":"2010-12-08T05:20:53","guid":{"rendered":"http:\/\/abc-latina.com\/index-htm-32\/"},"modified":"2026-04-30T18:25:22","modified_gmt":"2026-04-30T16:25:22","slug":"personnalites","status":"publish","type":"page","link":"https:\/\/abc-latina.com\/personnalites\/","title":{"rendered":"PERSONNALITES LATINO-AMERICAINES"},"content":{"rendered":"<h3>&nbsp;<img loading=\"lazy\" decoding=\"async\" class=\" alignright size-full wp-image-2632\" src=\"http:\/\/abc-latina.com\/wp-content\/uploads\/2010\/12\/personnalites.jpg\" title=\"PERSONNALITES LATINO-AMERICAINES\" alt=\"\" width=\"220\" vspace=\"9\" hspace=\"15\" height=\"220\" align=\"right\" srcset=\"https:\/\/abc-latina.com\/wp-content\/uploads\/2010\/12\/personnalites.jpg 220w, https:\/\/abc-latina.com\/wp-content\/uploads\/2010\/12\/personnalites-150x150.jpg 150w\" sizes=\"auto, (max-width: 220px) 100vw, 220px\" \/>Liste des personnalit\u00e9s &#8230;<\/h3>\n<p>&nbsp;<\/p>\n<div><span class=\"person\">&#8230; argentines&nbsp;<\/span><\/div>\n<div>. <a href=\"https:\/\/www.abc-latina.com\/personnalites\/ernesto_guevara\">Ernesto Che Guevara<\/a>&nbsp;<\/div>\n<div>. <a href=\"https:\/\/www.abc-latina.com\/personnalites\/evita_peron\">Evita Peron<\/a>&nbsp;<\/div>\n<div>. <a href=\"https:\/\/www.abc-latina.com\/personnalites\/cristina_kirchner\">Cristina Kirchner<\/a><\/div>\n<div>. <a href=\"https:\/\/www.abc-latina.com\/personnalites\/jorge_rafael_videla\">G\u00e9n\u00e9ral Videla<\/a><\/div>\n<div>. <a href=\"https:\/\/www.abc-latina.com\/personnalites\/juan_peron\">Juan Peron<\/a><\/div>\n<div>. <a href=\"https:\/\/www.abc-latina.com\/personnalites\/nestor_kirchner\">Nestor Kirchner<\/a><\/div>\n<div>&nbsp;<\/div>\n<div><span class=\"person\">&#8230; boliviennes&nbsp;<\/span><\/div>\n<div>. <a href=\"https:\/\/www.abc-latina.com\/personnalites\/evo_morales\">Evo Morales<\/a>&nbsp;<\/div>\n<div>. <a href=\"https:\/\/www.abc-latina.com\/personnalites\/gonzalo_sanchez_de_lozada\">Gonzalo Sanchez<\/a><\/div>\n<div>&nbsp;<\/div>\n<div><span class=\"person\">&#8230; br\u00e9siliennes<\/span><\/div>\n<div>. <a href=\"https:\/\/www.abc-latina.com\/personnalites\/juscelino_kubitschek\">Juscelino Kubitschek<\/a><\/div>\n<div>. <a href=\"https:\/\/www.abc-latina.com\/personnalites\/luiz_inacio_lula_da_silva\">Lula<\/a>&nbsp;<\/div>\n<div>&nbsp;<\/div>\n<div><span class=\"person\">&#8230; chiliennes&nbsp;<\/span><\/div>\n<div>. <a href=\"https:\/\/www.abc-latina.com\/personnalites\/augusto_pinochet\">Augusto Pinochet<\/a><\/div>\n<div>. <a href=\"https:\/\/www.abc-latina.com\/personnalites\/michelle_bachelet\">Michelle Bachelet<\/a><\/div>\n<div>. <a href=\"https:\/\/www.abc-latina.com\/personnalites\/patricio_aylwin\">Patricio Aylwin<\/a><\/div>\n<div>. <a href=\"https:\/\/www.abc-latina.com\/personnalites\/salvador_allende\">Salvador Allende<\/a><\/div>\n<div>. <a href=\"https:\/\/www.abc-latina.com\/personnalites\/gabriela_mistral\">Gabriela Mistral<\/a><\/div>\n<div>. <a href=\"https:\/\/www.abc-latina.com\/personnalites\/pablo_neruda\">Pablo Neruda<\/a><\/div>\n<div>&nbsp;<\/div>\n<div><span class=\"person\">&#8230; cubaines&nbsp;<\/span><\/div>\n<div>. <a href=\"https:\/\/www.abc-latina.com\/personnalites\/fidel_castro\">Fidel Castro<\/a><\/div>\n<div>. <a href=\"https:\/\/www.abc-latina.com\/personnalites\/fulgencio_batista\">Fulgencio Batista<\/a><\/div>\n<div>. <a href=\"https:\/\/www.abc-latina.com\/personnalites\/jose_marti\">Jos\u00e9 Marti<\/a><\/div>\n<div>&nbsp;<\/div>\n<div><span class=\"person\">&#8230; colombiennes&nbsp;<\/span><\/div>\n<div>. <a href=\"https:\/\/www.abc-latina.com\/personnalites\/alvaro_uribe\">Alvaro Uribe<\/a><\/div>\n<div>. <a href=\"https:\/\/www.abc-latina.com\/personnalites\/fernando_botero\">Fernando Botero<\/a><\/div>\n<div>. <a href=\"https:\/\/www.abc-latina.com\/personnalites\/ingrid_betancourt\">Ingrid Betancourt<\/a><\/div>\n<div>. <a href=\"https:\/\/www.abc-latina.com\/personnalites\/manuel_marulanda\">Manuel Marulanda<\/a><\/div>\n<div>. <a href=\"https:\/\/www.abc-latina.com\/personnalites\/pablo_escobar\">Pablo Escobar<\/a><\/div>\n<div>. <a href=\"https:\/\/www.abc-latina.com\/personnalites\/gabriel_garcia_marquez\">Garcia Marquez<\/a><\/div>\n<div>&nbsp;<\/div>\n<div><span class=\"person\">&#8230; guat\u00e9malt\u00e8ques&nbsp;<\/span><\/div>\n<div>. <a href=\"https:\/\/www.abc-latina.com\/personnalites\/alfonso_portillo\">Alfonso Portillo<\/a><\/div>\n<div>. <a href=\"https:\/\/www.abc-latina.com\/personnalites\/alvaro_arzu\">Alvaro Arzu<\/a><\/div>\n<div>. <a href=\"https:\/\/www.abc-latina.com\/personnalites\/rigoberta_menchu\">Rigoberta Menchu<\/a><\/div>\n<div>. <a href=\"https:\/\/www.abc-latina.com\/personnalites\/efrain_rios_montt\">Efrain Rios Montt<\/a><\/div>\n<div>&nbsp;<\/div>\n<div><span class=\"person\">&#8230; mexicaines&nbsp;<\/span><\/div>\n<div>. <a href=\"https:\/\/www.abc-latina.com\/personnalites\/benito_juarez\">Benito Juarez<\/a><\/div>\n<div>. <a href=\"https:\/\/www.abc-latina.com\/personnalites\/emiliano_zapata\">Emiliano Zapata<\/a><\/div>\n<div>. <a href=\"https:\/\/www.abc-latina.com\/personnalites\/don_jose_de_la_borda\">Jos\u00e9 de la Borda<\/a><\/div>\n<div>. <a href=\"https:\/\/www.abc-latina.com\/personnalites\/pancho_villa\">Pancho Villa<\/a><\/div>\n<div>. <a href=\"https:\/\/www.abc-latina.com\/personnalites\/porfirio_diaz\">Porfirio Diaz<\/a><\/div>\n<div>&nbsp;<\/div>\n<div><span class=\"person\">&#8230; nicaraguayennes&nbsp;<\/span><\/div>\n<div>. <a href=\"https:\/\/www.abc-latina.com\/personnalites\/anastasio_somoza\">Anastasio Somoza<\/a><\/div>\n<div>. <a href=\"https:\/\/www.abc-latina.com\/personnalites\/augusto_sandino\">Augusto Sandino<\/a><\/div>\n<div>. <a href=\"https:\/\/www.abc-latina.com\/personnalites\/daniel_ortega\">Daniel Ortega<\/a><\/div>\n<div>. <a href=\"https:\/\/www.abc-latina.com\/personnalites\/violeta-barrios-de-chamorro\">Violeta Barrios<\/a><\/div>\n<div>&nbsp;<\/div>\n<div><span class=\"person\">&#8230; paraguayennes&nbsp;<\/span><\/div>\n<div>. <a href=\"https:\/\/www.abc-latina.com\/personnalites\/alfredo_stroessner\">Alfredo Stroessner<\/a><\/div>\n<div>. <a href=\"https:\/\/www.abc-latina.com\/personnalites\/fernando_lugo\">Fernando Lugo<\/a><\/div>\n<div>&nbsp;<\/div>\n<div><span class=\"person\">&#8230; p\u00e9ruviennes&nbsp;<\/span><\/div>\n<div>. <a href=\"https:\/\/www.abc-latina.com\/personnalites\/alan_garcia_perez\">Alan Garcia<\/a><\/div>\n<div>. <a href=\"https:\/\/www.abc-latina.com\/personnalites\/alberto_fujimori\">Alberto Fujimori<\/a><\/div>\n<div>. <a href=\"https:\/\/www.abc-latina.com\/personnalites\/alejandro_toledo_manrique\">Alejandro Toledo<\/a><\/div>\n<div>. <a href=\"https:\/\/www.abc-latina.com\/personnalites\/francisco_morales_bermudez\">F. Morales Bermudez<\/a><\/div>\n<div>. <a href=\"https:\/\/www.abc-latina.com\/personnalites\/juan_velasco_alvarado\">Juan Velasco Alvarado<\/a><\/div>\n<div>. <a href=\"https:\/\/www.abc-latina.com\/personnalites\/valentin_paniagua\">Valentin Paniagua<\/a><\/div>\n<div>. <a href=\"https:\/\/www.abc-latina.com\/personnalites\/mario_vargas_llosa\">M. Vargas Llosa<\/a><\/div>\n<div>&nbsp;<\/div>\n<div><span class=\"person\">&#8230; v\u00e9n\u00e9zueliennes&nbsp;<\/span><\/div>\n<div>. <a href=\"https:\/\/www.abc-latina.com\/personnalites\/hugo_chavez\">Hugo Chavez<\/a><\/div>\n<div>. <a href=\"https:\/\/www.abc-latina.com\/personnalites\/simon_bolivar\">Simon Bolivar<\/a><\/div>\n<div>&nbsp;<\/div>\n<div><span class=\"person\">&#8230; autres pays latino-am\u00e9ricains&nbsp;<\/span><\/div>\n<div>. <a href=\"https:\/\/www.abc-latina.com\/personnalites\/general_manuel_noriega\">G\u00e9n\u00e9ral Noriega<\/a> (Panama)<\/div>\n<div>. <a href=\"https:\/\/www.abc-latina.com\/personnalites\/gregorio_alvarez\">Gregorio Alvarez<\/a> (Uruguay)<\/div>\n<div>. <a href=\"https:\/\/www.abc-latina.com\/personnalites\/oscar_arias_sanchez\">Oscar Arias Sanchez<\/a> (Costa rica)<\/div>\n<div>. <a href=\"https:\/\/www.abc-latina.com\/personnalites\/oscar_romero\">Oscar Romero<\/a> (El Salvador)<\/div>\n<div>. <a href=\"https:\/\/www.abc-latina.com\/personnalites\/rafael_correa\">Rafael Correa<\/a> (Equateur)<\/div>\n<div>&nbsp;<\/div>\n<div><span class=\"person\">Les Conquistadors et explorateurs&nbsp;<\/span><\/div>\n<div>. <a href=\"https:\/\/www.abc-latina.com\/personnalites\/amerigo_vespucci\">Amerigo Vespucci<\/a>&nbsp;<\/div>\n<div>. <a href=\"https:\/\/www.abc-latina.com\/personnalites\/bartolome_de_las_casas\">B de las Casas<\/a><\/div>\n<div>. <a href=\"https:\/\/www.abc-latina.com\/personnalites\/christophe_colomb\">Christophe Colomb<\/a>&nbsp;<\/div>\n<div>. <a href=\"https:\/\/www.abc-latina.com\/personnalites\/diego_de_almagro\">Diego de Almagro<\/a><\/div>\n<div>. <a href=\"https:\/\/www.abc-latina.com\/personnalites\/diego_velazquez\">Diego Velazquez<\/a><\/div>\n<div>. <a href=\"https:\/\/www.abc-latina.com\/personnalites\/francisco_pizarro\">Francisco Pizarro<\/a><\/div>\n<div>. <a href=\"https:\/\/www.abc-latina.com\/personnalites\/herman_cortes\">Hernan Cort\u00e8s<\/a><\/div>\n<div>. <a href=\"https:\/\/www.abc-latina.com\/personnalites\/pedro_de_valdivia\">Pedro de Valdivia<\/a><\/div>\n<div>&nbsp;<\/div>\n<div><span class=\"person\">Personnalit\u00e9s \u00e9trang\u00e8res&nbsp;<\/span><\/div>\n<div>. <a href=\"https:\/\/www.abc-latina.com\/personnalites\/alexander_von_humboldt\">A. von Humboldt<\/a><\/div>\n<div>. <a href=\"https:\/\/www.abc-latina.com\/personnalites\/alfred_metraux\">Alfred Metraux<\/a><\/div>\n<div>. <a href=\"https:\/\/www.abc-latina.com\/personnalites\/armand_reclus\">Armand Reclus<\/a><\/div>\n<div>. <a href=\"https:\/\/www.abc-latina.com\/personnalites\/hiram_bingham\">Hiram Bingham<\/a><\/div>\n<div>. <a href=\"https:\/\/www.abc-latina.com\/personnalites\/maria_reiche\">Maria Reiche<\/a><\/div>\n<div>&nbsp;<\/div>\n<div><span class=\"person\">Les sportifs latino-am\u00e9ricains&nbsp;<\/span><\/div>\n<div>. <a href=\"https:\/\/www.abc-latina.com\/sport\/sportifs\" target=\"_blank\">25 sportifs<\/a><\/div>\n<div>&nbsp;<\/div>\n<div><span class=\"person\">Les artistes latino-am\u00e9ricains&nbsp;<\/span><\/div>\n<div>. <a href=\"https:\/\/www.abc-latina.com\/musique\/artistes\" target=\"_blank\">29 artistes<\/a><\/div>\n<div>&nbsp;<\/div>\n<div><a href=\"https:\/\/www.abc-latina.com\/amerique_latine\/div\/presidents_latino-americains\" target=\"_blank\">Les chefs d&rsquo;Etats latino-am\u00e9ricains<\/a>&nbsp;<\/div>\n<div><a href=\"https:\/\/www.abc-latina.com\/amerique_latine\/prix_nobel\" target=\"_blank\">Les Prix Nobel latino-am\u00e9ricains<\/a><\/div>\n<p>&nbsp;<\/p>\n","protected":false},"excerpt":{"rendered":"<p>&nbsp;Liste des personnalit\u00e9s &#8230; &nbsp; &#8230; argentines&nbsp; . Ernesto Che Guevara&nbsp; . Evita Peron&nbsp; . Cristina Kirchner . G\u00e9n\u00e9ral Videla [&hellip;]<\/p>\n","protected":false},"author":3,"featured_media":2632,"parent":0,"menu_order":0,"comment_status":"closed","ping_status":"closed","template":"","meta":{"site-sidebar-layout":"default","site-content-layout":"","ast-site-content-layout":"default","site-content-style":"default","site-sidebar-style":"default","ast-global-header-display":"","ast-banner-title-visibility":"","ast-main-header-display":"","ast-hfb-above-header-display":"","ast-hfb-below-header-display":"","ast-hfb-mobile-header-display":"","site-post-title":"","ast-breadcrumbs-content":"","ast-featured-img":"","footer-sml-layout":"","ast-disable-related-posts":"","theme-transparent-header-meta":"","adv-header-id-meta":"","stick-header-meta":"","header-above-stick-meta":"","header-main-stick-meta":"","header-below-stick-meta":"","astra-migrate-meta-layouts":"default","ast-page-background-enabled":"default","ast-page-background-meta":{"desktop":{"background-color":"var(--ast-global-color-5)","background-image":"","background-repeat":"repeat","background-position":"center center","background-size":"auto","background-attachment":"scroll","background-type":"","background-media":"","overlay-type":"","overlay-color":"","overlay-opacity":"","overlay-gradient":""},"tablet":{"background-color":"","background-image":"","background-repeat":"repeat","background-position":"center center","background-size":"auto","background-attachment":"scroll","background-type":"","background-media":"","overlay-type":"","overlay-color":"","overlay-opacity":"","overlay-gradient":""},"mobile":{"background-color":"","background-image":"","background-repeat":"repeat","background-position":"center center","background-size":"auto","background-attachment":"scroll","background-type":"","background-media":"","overlay-type":"","overlay-color":"","overlay-opacity":"","overlay-gradient":""}},"ast-content-background-meta":{"desktop":{"background-color":"var(--ast-global-color-4)","background-image":"","background-repeat":"repeat","background-position":"center center","background-size":"auto","background-attachment":"scroll","background-type":"","background-media":"","overlay-type":"","overlay-color":"","overlay-opacity":"","overlay-gradient":""},"tablet":{"background-color":"var(--ast-global-color-4)","background-image":"","background-repeat":"repeat","background-position":"center center","background-size":"auto","background-attachment":"scroll","background-type":"","background-media":"","overlay-type":"","overlay-color":"","overlay-opacity":"","overlay-gradient":""},"mobile":{"background-color":"var(--ast-global-color-4)","background-image":"","background-repeat":"repeat","background-position":"center center","background-size":"auto","background-attachment":"scroll","background-type":"","background-media":"","overlay-type":"","overlay-color":"","overlay-opacity":"","overlay-gradient":""}},"footnotes":""},"class_list":["post-2633","page","type-page","status-publish","has-post-thumbnail","hentry"],"yoast_head":"<!-- This site is optimized with the Yoast SEO plugin v27.5 - https:\/\/yoast.com\/product\/yoast-seo-wordpress\/ -->\n<title>PERSONNALITES LATINO-AMERICAINES - Abc-latina<\/title>\n<meta name=\"description\" content=\"Les personnalit\u00e9s latino am\u00e9ricaines. C\u00e9l\u00e9brit\u00e9s de l&#039;Am\u00e9rique latine.\" \/>\n<meta name=\"robots\" content=\"index, follow, max-snippet:-1, max-image-preview:large, max-video-preview:-1\" \/>\n<link rel=\"canonical\" href=\"https:\/\/abc-latina.com\/personnalites\/\" \/>\n<meta property=\"og:locale\" content=\"fr_FR\" \/>\n<meta property=\"og:type\" content=\"article\" \/>\n<meta property=\"og:title\" content=\"PERSONNALITES LATINO-AMERICAINES - Abc-latina\" \/>\n<meta property=\"og:description\" content=\"Les personnalit\u00e9s latino am\u00e9ricaines. C\u00e9l\u00e9brit\u00e9s de l&#039;Am\u00e9rique latine.\" \/>\n<meta property=\"og:url\" content=\"https:\/\/abc-latina.com\/personnalites\/\" \/>\n<meta property=\"og:site_name\" content=\"Abc-latina\" \/>\n<meta property=\"article:modified_time\" content=\"2026-04-30T16:25:22+00:00\" \/>\n<meta property=\"og:image\" content=\"https:\/\/abc-latina.com\/wp-content\/uploads\/2010\/12\/personnalites.jpg\" \/>\n\t<meta property=\"og:image:width\" content=\"220\" \/>\n\t<meta property=\"og:image:height\" content=\"220\" \/>\n\t<meta property=\"og:image:type\" content=\"image\/jpeg\" \/>\n<meta name=\"twitter:card\" content=\"summary_large_image\" \/>\n<meta name=\"twitter:label1\" content=\"Dur\u00e9e de lecture estim\u00e9e\" \/>\n\t<meta name=\"twitter:data1\" content=\"1 minute\" \/>\n<script type=\"application\/ld+json\" class=\"yoast-schema-graph\">{\"@context\":\"https:\\\/\\\/schema.org\",\"@graph\":[{\"@type\":\"WebPage\",\"@id\":\"https:\\\/\\\/abc-latina.com\\\/personnalites\\\/\",\"url\":\"https:\\\/\\\/abc-latina.com\\\/personnalites\\\/\",\"name\":\"PERSONNALITES LATINO-AMERICAINES - Abc-latina\",\"isPartOf\":{\"@id\":\"https:\\\/\\\/abc-latina.com\\\/#website\"},\"primaryImageOfPage\":{\"@id\":\"https:\\\/\\\/abc-latina.com\\\/personnalites\\\/#primaryimage\"},\"image\":{\"@id\":\"https:\\\/\\\/abc-latina.com\\\/personnalites\\\/#primaryimage\"},\"thumbnailUrl\":\"https:\\\/\\\/abc-latina.com\\\/wp-content\\\/uploads\\\/2010\\\/12\\\/personnalites.jpg\",\"datePublished\":\"2010-12-08T05:20:53+00:00\",\"dateModified\":\"2026-04-30T16:25:22+00:00\",\"description\":\"Les personnalit\u00e9s latino am\u00e9ricaines. C\u00e9l\u00e9brit\u00e9s de l'Am\u00e9rique latine.\",\"breadcrumb\":{\"@id\":\"https:\\\/\\\/abc-latina.com\\\/personnalites\\\/#breadcrumb\"},\"inLanguage\":\"fr-FR\",\"potentialAction\":[{\"@type\":\"ReadAction\",\"target\":[\"https:\\\/\\\/abc-latina.com\\\/personnalites\\\/\"]}]},{\"@type\":\"ImageObject\",\"inLanguage\":\"fr-FR\",\"@id\":\"https:\\\/\\\/abc-latina.com\\\/personnalites\\\/#primaryimage\",\"url\":\"https:\\\/\\\/abc-latina.com\\\/wp-content\\\/uploads\\\/2010\\\/12\\\/personnalites.jpg\",\"contentUrl\":\"https:\\\/\\\/abc-latina.com\\\/wp-content\\\/uploads\\\/2010\\\/12\\\/personnalites.jpg\",\"width\":220,\"height\":220,\"caption\":\"PERSONNALITES LATINO-AMERICAINES\"},{\"@type\":\"BreadcrumbList\",\"@id\":\"https:\\\/\\\/abc-latina.com\\\/personnalites\\\/#breadcrumb\",\"itemListElement\":[{\"@type\":\"ListItem\",\"position\":1,\"name\":\"Accueil\",\"item\":\"https:\\\/\\\/abc-latina.com\\\/\"},{\"@type\":\"ListItem\",\"position\":2,\"name\":\"PERSONNALITES LATINO-AMERICAINES\"}]},{\"@type\":\"WebSite\",\"@id\":\"https:\\\/\\\/abc-latina.com\\\/#website\",\"url\":\"https:\\\/\\\/abc-latina.com\\\/\",\"name\":\"Abc-latina\",\"description\":\"\",\"publisher\":{\"@id\":\"https:\\\/\\\/abc-latina.com\\\/#organization\"},\"potentialAction\":[{\"@type\":\"SearchAction\",\"target\":{\"@type\":\"EntryPoint\",\"urlTemplate\":\"https:\\\/\\\/abc-latina.com\\\/?s={search_term_string}\"},\"query-input\":{\"@type\":\"PropertyValueSpecification\",\"valueRequired\":true,\"valueName\":\"search_term_string\"}}],\"inLanguage\":\"fr-FR\"},{\"@type\":\"Organization\",\"@id\":\"https:\\\/\\\/abc-latina.com\\\/#organization\",\"name\":\"Abc-latina\",\"url\":\"https:\\\/\\\/abc-latina.com\\\/\",\"logo\":{\"@type\":\"ImageObject\",\"inLanguage\":\"fr-FR\",\"@id\":\"https:\\\/\\\/abc-latina.com\\\/#\\\/schema\\\/logo\\\/image\\\/\",\"url\":\"https:\\\/\\\/abc-latina.com\\\/wp-content\\\/uploads\\\/2026\\\/05\\\/cropped-logo.gif\",\"contentUrl\":\"https:\\\/\\\/abc-latina.com\\\/wp-content\\\/uploads\\\/2026\\\/05\\\/cropped-logo.gif\",\"width\":89,\"height\":84,\"caption\":\"Abc-latina\"},\"image\":{\"@id\":\"https:\\\/\\\/abc-latina.com\\\/#\\\/schema\\\/logo\\\/image\\\/\"}}]}<\/script>\n<!-- \/ Yoast SEO plugin. -->","yoast_head_json":{"title":"PERSONNALITES LATINO-AMERICAINES - Abc-latina","description":"Les personnalit\u00e9s latino am\u00e9ricaines. C\u00e9l\u00e9brit\u00e9s de l'Am\u00e9rique latine.","robots":{"index":"index","follow":"follow","max-snippet":"max-snippet:-1","max-image-preview":"max-image-preview:large","max-video-preview":"max-video-preview:-1"},"canonical":"https:\/\/abc-latina.com\/personnalites\/","og_locale":"fr_FR","og_type":"article","og_title":"PERSONNALITES LATINO-AMERICAINES - Abc-latina","og_description":"Les personnalit\u00e9s latino am\u00e9ricaines. C\u00e9l\u00e9brit\u00e9s de l'Am\u00e9rique latine.","og_url":"https:\/\/abc-latina.com\/personnalites\/","og_site_name":"Abc-latina","article_modified_time":"2026-04-30T16:25:22+00:00","og_image":[{"width":220,"height":220,"url":"https:\/\/abc-latina.com\/wp-content\/uploads\/2010\/12\/personnalites.jpg","type":"image\/jpeg"}],"twitter_card":"summary_large_image","twitter_misc":{"Dur\u00e9e de lecture estim\u00e9e":"1 minute"},"schema":{"@context":"https:\/\/schema.org","@graph":[{"@type":"WebPage","@id":"https:\/\/abc-latina.com\/personnalites\/","url":"https:\/\/abc-latina.com\/personnalites\/","name":"PERSONNALITES LATINO-AMERICAINES - Abc-latina","isPartOf":{"@id":"https:\/\/abc-latina.com\/#website"},"primaryImageOfPage":{"@id":"https:\/\/abc-latina.com\/personnalites\/#primaryimage"},"image":{"@id":"https:\/\/abc-latina.com\/personnalites\/#primaryimage"},"thumbnailUrl":"https:\/\/abc-latina.com\/wp-content\/uploads\/2010\/12\/personnalites.jpg","datePublished":"2010-12-08T05:20:53+00:00","dateModified":"2026-04-30T16:25:22+00:00","description":"Les personnalit\u00e9s latino am\u00e9ricaines. C\u00e9l\u00e9brit\u00e9s de l'Am\u00e9rique latine.","breadcrumb":{"@id":"https:\/\/abc-latina.com\/personnalites\/#breadcrumb"},"inLanguage":"fr-FR","potentialAction":[{"@type":"ReadAction","target":["https:\/\/abc-latina.com\/personnalites\/"]}]},{"@type":"ImageObject","inLanguage":"fr-FR","@id":"https:\/\/abc-latina.com\/personnalites\/#primaryimage","url":"https:\/\/abc-latina.com\/wp-content\/uploads\/2010\/12\/personnalites.jpg","contentUrl":"https:\/\/abc-latina.com\/wp-content\/uploads\/2010\/12\/personnalites.jpg","width":220,"height":220,"caption":"PERSONNALITES LATINO-AMERICAINES"},{"@type":"BreadcrumbList","@id":"https:\/\/abc-latina.com\/personnalites\/#breadcrumb","itemListElement":[{"@type":"ListItem","position":1,"name":"Accueil","item":"https:\/\/abc-latina.com\/"},{"@type":"ListItem","position":2,"name":"PERSONNALITES LATINO-AMERICAINES"}]},{"@type":"WebSite","@id":"https:\/\/abc-latina.com\/#website","url":"https:\/\/abc-latina.com\/","name":"Abc-latina","description":"","publisher":{"@id":"https:\/\/abc-latina.com\/#organization"},"potentialAction":[{"@type":"SearchAction","target":{"@type":"EntryPoint","urlTemplate":"https:\/\/abc-latina.com\/?s={search_term_string}"},"query-input":{"@type":"PropertyValueSpecification","valueRequired":true,"valueName":"search_term_string"}}],"inLanguage":"fr-FR"},{"@type":"Organization","@id":"https:\/\/abc-latina.com\/#organization","name":"Abc-latina","url":"https:\/\/abc-latina.com\/","logo":{"@type":"ImageObject","inLanguage":"fr-FR","@id":"https:\/\/abc-latina.com\/#\/schema\/logo\/image\/","url":"https:\/\/abc-latina.com\/wp-content\/uploads\/2026\/05\/cropped-logo.gif","contentUrl":"https:\/\/abc-latina.com\/wp-content\/uploads\/2026\/05\/cropped-logo.gif","width":89,"height":84,"caption":"Abc-latina"},"image":{"@id":"https:\/\/abc-latina.com\/#\/schema\/logo\/image\/"}}]}},"_links":{"self":[{"href":"https:\/\/abc-latina.com\/wp-json\/wp\/v2\/pages\/2633","targetHints":{"allow":["GET"]}}],"collection":[{"href":"https:\/\/abc-latina.com\/wp-json\/wp\/v2\/pages"}],"about":[{"href":"https:\/\/abc-latina.com\/wp-json\/wp\/v2\/types\/page"}],"author":[{"embeddable":true,"href":"https:\/\/abc-latina.com\/wp-json\/wp\/v2\/users\/3"}],"replies":[{"embeddable":true,"href":"https:\/\/abc-latina.com\/wp-json\/wp\/v2\/comments?post=2633"}],"version-history":[{"count":2,"href":"https:\/\/abc-latina.com\/wp-json\/wp\/v2\/pages\/2633\/revisions"}],"predecessor-version":[{"id":3842,"href":"https:\/\/abc-latina.com\/wp-json\/wp\/v2\/pages\/2633\/revisions\/3842"}],"wp:featuredmedia":[{"embeddable":true,"href":"https:\/\/abc-latina.com\/wp-json\/wp\/v2\/media\/2632"}],"wp:attachment":[{"href":"https:\/\/abc-latina.com\/wp-json\/wp\/v2\/media?parent=2633"}],"curies":[{"name":"wp","href":"https:\/\/api.w.org\/{rel}","templated":true}]}}