{"id":2638,"date":"2011-05-27T03:31:23","date_gmt":"2011-05-27T01:31:23","guid":{"rendered":"http:\/\/abc-latina.com\/jose-ignacio\/"},"modified":"2026-04-30T18:25:32","modified_gmt":"2026-04-30T16:25:32","slug":"jose-ignacio","status":"publish","type":"page","link":"https:\/\/abc-latina.com\/uruguay\/jose-ignacio\/","title":{"rendered":"JOSE IGNACIO"},"content":{"rendered":"<p>Jos\u00e9 Ignacio est une station baln\u00e9aire unique en Am\u00e9rique du Sud: un village de p\u00eacheurs o\u00f9 la nouvelle \u00e9lite internationale cultive l&rsquo;ambiance boh\u00eame \u00e0 des prix prohibitifs, notamment pour y construire les maisons les plus design de la c\u00f4te.<\/p>\n<div>&nbsp;<\/div>\n<div>Avec ses rues en terre, son phare pittoresque, ses bateaux color\u00e9s sur la plage et sa paisible campagne alentour, Jos\u00e9 Ignacio est devenu le rendez-vous de la jet set latino, et de plus en plus europ\u00e9enne et am\u00e9ricaine.<\/div>\n<div>&nbsp;<\/div>\n<div>La chanteuse Shakira y a une propri\u00e9t\u00e9. Cette ann\u00e9e, Ron Wood, le guitariste des Rolling Stones y a fait escale, tout comme la star du ballon rond Diego Maradona ou le fils de la princesse Caroline de Monaco.<\/div>\n<div>&nbsp;<\/div>\n<div>La crise mondiale n&rsquo;est pas arriv\u00e9e jusqu&rsquo;ici. &quot;La tendance \u00e0 la hausse des prix s&rsquo;est poursuivie, m\u00eame pendant la crise financi\u00e8re de 2008&quot;, constate David Gasparri, associ\u00e9 de l?agence immobili\u00e8re Antonio Mieres.<\/div>\n<div>&nbsp;<\/div>\n<div>&quot;Il n&rsquo;y a plus de terrain \u00e0 moins de 500.000 dollars (370.000 euros) \u00e0 Jos\u00e9 Ignacio&quot;, explique Rodrigo Barros, de la m\u00eame agence. &quot;Des terrains face \u00e0 la mer de 1.000 m\u00e8tres carr\u00e9s se sont vendus l&rsquo;an dernier pour 1,5 million de dollars chacun&quot;.<\/div>\n<div>&nbsp;<\/div>\n<div>Alejandra, une Argentine ayant requis l&rsquo;anonymat, vient d&rsquo;acheter une ravissante maison blanche aux volets bleus, face \u00e0 la mer. &quot;C&rsquo;est magique pour nous de savoir que l&rsquo;on a ce petit bout de terre, que nos enfants peuvent profiter du bruit de la mer au r\u00e9veil et de la s\u00e9r\u00e9nit\u00e9 de la plage&quot;, s&rsquo;enthousiasme-t-elle sur sa terrasse.<\/div>\n<div>&nbsp;<\/div>\n<div>A 30 km \u00e0 l&rsquo;ouest se trouve Punta del Este, station baln\u00e9aire mythique \u00e0 la d\u00e9lirante vie nocturne.<\/div>\n<div>&nbsp;<\/div>\n<div>Au fil des ans, les grosses fortunes ont migr\u00e9 de &quot;Punta&quot; vers l&rsquo;est, \u00e0 la recherche de plus de tranquillit\u00e9 et de s\u00e9curit\u00e9, jusqu&rsquo;\u00e0 d\u00e9barquer \u00e0 Jos\u00e9 Ignacio o\u00f9 l&rsquo;eau et l&rsquo;\u00e9lectricit\u00e9 sont arriv\u00e9es dans les ann\u00e9es 80.<\/div>\n<div>&nbsp;<\/div>\n<div>Si \u00e0 &quot;Punta&quot; les ventes et achats immobiliers ont explos\u00e9 de 53% en 2010, les transactions dans la partie rurale de la station baln\u00e9aire, qui comprend Jos\u00e9 Ignacio, ont cr\u00fb de 168%, \u00e0 265 millions de dollars, selon la direction du Tourisme du d\u00e9partement de Maldonado.<\/div>\n<div>&nbsp;<\/div>\n<div>A Jos\u00e9 Ignacio, aucune maison ne ressemble \u00e0 une autre.<\/div>\n<div>&nbsp;<\/div>\n<div>La derni\u00e8re r\u00e9sidence en vogue, celle du milliardaire norv\u00e9gien Alexander Vik, avec ses toits v\u00e9g\u00e9taux, est l&rsquo;oeuvre de Carlos Ott, co-architecte de l&rsquo;Op\u00e9ra Bastille.<\/div>\n<div>&nbsp;<\/div>\n<div>Dans les alentours, il y a aussi des &quot;estancias&quot; (propri\u00e9t\u00e9s de campagne) de r\u00eave, de plus en plus recherch\u00e9es.<\/div>\n<div>&nbsp;<\/div>\n<div>Selon David Gasparri, 70% des acheteurs \u00e0 Jos\u00e9 Ignacio sont Argentins, 30% Europ\u00e9ens (Espagnols, Italiens, Britanniques, Scandinaves) et Am\u00e9ricains.<\/div>\n<div>&nbsp;<\/div>\n<div>Pour pr\u00e9server le cadre idyllique &#8211; et leurs investissements &#8211; les habitants ont fait \u00e9tablir en 1993 des r\u00e8gles strictes, au moins pour le centre du village: Interdiction de construire immeubles, h\u00f4tels ou auberges. Idem pour les bars et discoth\u00e8ques.<\/div>\n<div>&nbsp;<\/div>\n<div>&quot;Nous voulons un endroit o\u00f9 les gens viennent parce qu&rsquo;ils aiment la plage, le bruit du vent et des vagues se brisant sur le sable&quot;, explique Ignacio Ruibal, de l&rsquo;association pour le d\u00e9veloppement de Jos\u00e9 Ignacio.<\/div>\n<div>&nbsp;<\/div>\n<div>Seuls quelques restaurants de luxe ont droit de cit\u00e9.<\/div>\n<div>&nbsp;<\/div>\n<div>Mais c&rsquo;est d\u00e9j\u00e0 trop pour certains natifs. Eduardo Techera, cuisinier, est n\u00e9 il y a 51 ans \u00e0 Jos\u00e9 Ignacio et habite maintenant sa &quot;banlieue&quot;, La Juanita.<\/div>\n<div>&nbsp;<\/div>\n<div>&quot;Economiquement, il y a eu des am\u00e9liorations et il y a beaucoup d&rsquo;argent, mais ne pas pouvoir se garer, ne pas pouvoir \u00eatre propri\u00e9taire d&rsquo;une maison \u00e0 Jos\u00e9 Ignacio, ce n&rsquo;est plus la m\u00eame tranquillit\u00e9&quot;, dit-il.<\/div>\n<div>&nbsp;<\/div>\n<div>Environ 2.500 personnes, viennent passer l&rsquo;\u00e9t\u00e9 \u00e0 Jos\u00e9 Ignacio. Trente vivent dans le centre toute l&rsquo;ann\u00e9e. Face aux offres mirobolantes, seule une famille originaire des lieux a refus\u00e9 de vendre.<\/div>\n<div>&nbsp;<\/div>\n<div><span class=\"tsource\">Source www.tdg.ch<\/span><\/div>\n","protected":false},"excerpt":{"rendered":"<p>Jos\u00e9 Ignacio est une station baln\u00e9aire unique en Am\u00e9rique du Sud: un village de p\u00eacheurs o\u00f9 la nouvelle \u00e9lite internationale [&hellip;]<\/p>\n","protected":false},"author":3,"featured_media":0,"parent":2319,"menu_order":0,"comment_status":"closed","ping_status":"closed","template":"","meta":{"site-sidebar-layout":"default","site-content-layout":"","ast-site-content-layout":"default","site-content-style":"default","site-sidebar-style":"default","ast-global-header-display":"","ast-banner-title-visibility":"","ast-main-header-display":"","ast-hfb-above-header-display":"","ast-hfb-below-header-display":"","ast-hfb-mobile-header-display":"","site-post-title":"","ast-breadcrumbs-content":"","ast-featured-img":"","footer-sml-layout":"","ast-disable-related-posts":"","theme-transparent-header-meta":"","adv-header-id-meta":"","stick-header-meta":"","header-above-stick-meta":"","header-main-stick-meta":"","header-below-stick-meta":"","astra-migrate-meta-layouts":"default","ast-page-background-enabled":"default","ast-page-background-meta":{"desktop":{"background-color":"var(--ast-global-color-5)","background-image":"","background-repeat":"repeat","background-position":"center center","background-size":"auto","background-attachment":"scroll","background-type":"","background-media":"","overlay-type":"","overlay-color":"","overlay-opacity":"","overlay-gradient":""},"tablet":{"background-color":"","background-image":"","background-repeat":"repeat","background-position":"center center","background-size":"auto","background-attachment":"scroll","background-type":"","background-media":"","overlay-type":"","overlay-color":"","overlay-opacity":"","overlay-gradient":""},"mobile":{"background-color":"","background-image":"","background-repeat":"repeat","background-position":"center center","background-size":"auto","background-attachment":"scroll","background-type":"","background-media":"","overlay-type":"","overlay-color":"","overlay-opacity":"","overlay-gradient":""}},"ast-content-background-meta":{"desktop":{"background-color":"var(--ast-global-color-4)","background-image":"","background-repeat":"repeat","background-position":"center center","background-size":"auto","background-attachment":"scroll","background-type":"","background-media":"","overlay-type":"","overlay-color":"","overlay-opacity":"","overlay-gradient":""},"tablet":{"background-color":"var(--ast-global-color-4)","background-image":"","background-repeat":"repeat","background-position":"center center","background-size":"auto","background-attachment":"scroll","background-type":"","background-media":"","overlay-type":"","overlay-color":"","overlay-opacity":"","overlay-gradient":""},"mobile":{"background-color":"var(--ast-global-color-4)","background-image":"","background-repeat":"repeat","background-position":"center center","background-size":"auto","background-attachment":"scroll","background-type":"","background-media":"","overlay-type":"","overlay-color":"","overlay-opacity":"","overlay-gradient":""}},"footnotes":""},"class_list":["post-2638","page","type-page","status-publish","hentry"],"yoast_head":"<!-- This site is optimized with the Yoast SEO plugin v27.5 - https:\/\/yoast.com\/product\/yoast-seo-wordpress\/ -->\n<title>JOSE IGNACIO - Abc-latina<\/title>\n<meta name=\"description\" content=\"La station baln\u00e9aire de Jos\u00e9 Ignacio en Uruguay.\" \/>\n<meta name=\"robots\" content=\"index, follow, max-snippet:-1, max-image-preview:large, max-video-preview:-1\" \/>\n<link rel=\"canonical\" href=\"https:\/\/abc-latina.com\/uruguay\/jose-ignacio\/\" \/>\n<meta property=\"og:locale\" content=\"fr_FR\" \/>\n<meta property=\"og:type\" content=\"article\" \/>\n<meta property=\"og:title\" content=\"JOSE IGNACIO - Abc-latina\" \/>\n<meta property=\"og:description\" content=\"La station baln\u00e9aire de Jos\u00e9 Ignacio en Uruguay.\" \/>\n<meta property=\"og:url\" content=\"https:\/\/abc-latina.com\/uruguay\/jose-ignacio\/\" \/>\n<meta property=\"og:site_name\" content=\"Abc-latina\" \/>\n<meta property=\"article:modified_time\" content=\"2026-04-30T16:25:32+00:00\" \/>\n<meta name=\"twitter:card\" content=\"summary_large_image\" \/>\n<meta name=\"twitter:label1\" content=\"Dur\u00e9e de lecture estim\u00e9e\" \/>\n\t<meta name=\"twitter:data1\" content=\"3 minutes\" \/>\n<script type=\"application\/ld+json\" class=\"yoast-schema-graph\">{\"@context\":\"https:\\\/\\\/schema.org\",\"@graph\":[{\"@type\":\"WebPage\",\"@id\":\"https:\\\/\\\/abc-latina.com\\\/uruguay\\\/jose-ignacio\\\/\",\"url\":\"https:\\\/\\\/abc-latina.com\\\/uruguay\\\/jose-ignacio\\\/\",\"name\":\"JOSE IGNACIO - Abc-latina\",\"isPartOf\":{\"@id\":\"https:\\\/\\\/abc-latina.com\\\/#website\"},\"datePublished\":\"2011-05-27T01:31:23+00:00\",\"dateModified\":\"2026-04-30T16:25:32+00:00\",\"description\":\"La station baln\u00e9aire de Jos\u00e9 Ignacio en Uruguay.\",\"breadcrumb\":{\"@id\":\"https:\\\/\\\/abc-latina.com\\\/uruguay\\\/jose-ignacio\\\/#breadcrumb\"},\"inLanguage\":\"fr-FR\",\"potentialAction\":[{\"@type\":\"ReadAction\",\"target\":[\"https:\\\/\\\/abc-latina.com\\\/uruguay\\\/jose-ignacio\\\/\"]}]},{\"@type\":\"BreadcrumbList\",\"@id\":\"https:\\\/\\\/abc-latina.com\\\/uruguay\\\/jose-ignacio\\\/#breadcrumb\",\"itemListElement\":[{\"@type\":\"ListItem\",\"position\":1,\"name\":\"Accueil\",\"item\":\"https:\\\/\\\/abc-latina.com\\\/\"},{\"@type\":\"ListItem\",\"position\":2,\"name\":\"JOSE IGNACIO\"}]},{\"@type\":\"WebSite\",\"@id\":\"https:\\\/\\\/abc-latina.com\\\/#website\",\"url\":\"https:\\\/\\\/abc-latina.com\\\/\",\"name\":\"Abc-latina\",\"description\":\"\",\"publisher\":{\"@id\":\"https:\\\/\\\/abc-latina.com\\\/#organization\"},\"potentialAction\":[{\"@type\":\"SearchAction\",\"target\":{\"@type\":\"EntryPoint\",\"urlTemplate\":\"https:\\\/\\\/abc-latina.com\\\/?s={search_term_string}\"},\"query-input\":{\"@type\":\"PropertyValueSpecification\",\"valueRequired\":true,\"valueName\":\"search_term_string\"}}],\"inLanguage\":\"fr-FR\"},{\"@type\":\"Organization\",\"@id\":\"https:\\\/\\\/abc-latina.com\\\/#organization\",\"name\":\"Abc-latina\",\"url\":\"https:\\\/\\\/abc-latina.com\\\/\",\"logo\":{\"@type\":\"ImageObject\",\"inLanguage\":\"fr-FR\",\"@id\":\"https:\\\/\\\/abc-latina.com\\\/#\\\/schema\\\/logo\\\/image\\\/\",\"url\":\"https:\\\/\\\/abc-latina.com\\\/wp-content\\\/uploads\\\/2026\\\/05\\\/cropped-logo.gif\",\"contentUrl\":\"https:\\\/\\\/abc-latina.com\\\/wp-content\\\/uploads\\\/2026\\\/05\\\/cropped-logo.gif\",\"width\":89,\"height\":84,\"caption\":\"Abc-latina\"},\"image\":{\"@id\":\"https:\\\/\\\/abc-latina.com\\\/#\\\/schema\\\/logo\\\/image\\\/\"}}]}<\/script>\n<!-- \/ Yoast SEO plugin. -->","yoast_head_json":{"title":"JOSE IGNACIO - Abc-latina","description":"La station baln\u00e9aire de Jos\u00e9 Ignacio en Uruguay.","robots":{"index":"index","follow":"follow","max-snippet":"max-snippet:-1","max-image-preview":"max-image-preview:large","max-video-preview":"max-video-preview:-1"},"canonical":"https:\/\/abc-latina.com\/uruguay\/jose-ignacio\/","og_locale":"fr_FR","og_type":"article","og_title":"JOSE IGNACIO - Abc-latina","og_description":"La station baln\u00e9aire de Jos\u00e9 Ignacio en Uruguay.","og_url":"https:\/\/abc-latina.com\/uruguay\/jose-ignacio\/","og_site_name":"Abc-latina","article_modified_time":"2026-04-30T16:25:32+00:00","twitter_card":"summary_large_image","twitter_misc":{"Dur\u00e9e de lecture estim\u00e9e":"3 minutes"},"schema":{"@context":"https:\/\/schema.org","@graph":[{"@type":"WebPage","@id":"https:\/\/abc-latina.com\/uruguay\/jose-ignacio\/","url":"https:\/\/abc-latina.com\/uruguay\/jose-ignacio\/","name":"JOSE IGNACIO - Abc-latina","isPartOf":{"@id":"https:\/\/abc-latina.com\/#website"},"datePublished":"2011-05-27T01:31:23+00:00","dateModified":"2026-04-30T16:25:32+00:00","description":"La station baln\u00e9aire de Jos\u00e9 Ignacio en Uruguay.","breadcrumb":{"@id":"https:\/\/abc-latina.com\/uruguay\/jose-ignacio\/#breadcrumb"},"inLanguage":"fr-FR","potentialAction":[{"@type":"ReadAction","target":["https:\/\/abc-latina.com\/uruguay\/jose-ignacio\/"]}]},{"@type":"BreadcrumbList","@id":"https:\/\/abc-latina.com\/uruguay\/jose-ignacio\/#breadcrumb","itemListElement":[{"@type":"ListItem","position":1,"name":"Accueil","item":"https:\/\/abc-latina.com\/"},{"@type":"ListItem","position":2,"name":"JOSE IGNACIO"}]},{"@type":"WebSite","@id":"https:\/\/abc-latina.com\/#website","url":"https:\/\/abc-latina.com\/","name":"Abc-latina","description":"","publisher":{"@id":"https:\/\/abc-latina.com\/#organization"},"potentialAction":[{"@type":"SearchAction","target":{"@type":"EntryPoint","urlTemplate":"https:\/\/abc-latina.com\/?s={search_term_string}"},"query-input":{"@type":"PropertyValueSpecification","valueRequired":true,"valueName":"search_term_string"}}],"inLanguage":"fr-FR"},{"@type":"Organization","@id":"https:\/\/abc-latina.com\/#organization","name":"Abc-latina","url":"https:\/\/abc-latina.com\/","logo":{"@type":"ImageObject","inLanguage":"fr-FR","@id":"https:\/\/abc-latina.com\/#\/schema\/logo\/image\/","url":"https:\/\/abc-latina.com\/wp-content\/uploads\/2026\/05\/cropped-logo.gif","contentUrl":"https:\/\/abc-latina.com\/wp-content\/uploads\/2026\/05\/cropped-logo.gif","width":89,"height":84,"caption":"Abc-latina"},"image":{"@id":"https:\/\/abc-latina.com\/#\/schema\/logo\/image\/"}}]}},"_links":{"self":[{"href":"https:\/\/abc-latina.com\/wp-json\/wp\/v2\/pages\/2638","targetHints":{"allow":["GET"]}}],"collection":[{"href":"https:\/\/abc-latina.com\/wp-json\/wp\/v2\/pages"}],"about":[{"href":"https:\/\/abc-latina.com\/wp-json\/wp\/v2\/types\/page"}],"author":[{"embeddable":true,"href":"https:\/\/abc-latina.com\/wp-json\/wp\/v2\/users\/3"}],"replies":[{"embeddable":true,"href":"https:\/\/abc-latina.com\/wp-json\/wp\/v2\/comments?post=2638"}],"version-history":[{"count":1,"href":"https:\/\/abc-latina.com\/wp-json\/wp\/v2\/pages\/2638\/revisions"}],"predecessor-version":[{"id":4094,"href":"https:\/\/abc-latina.com\/wp-json\/wp\/v2\/pages\/2638\/revisions\/4094"}],"up":[{"embeddable":true,"href":"https:\/\/abc-latina.com\/wp-json\/wp\/v2\/pages\/2319"}],"wp:attachment":[{"href":"https:\/\/abc-latina.com\/wp-json\/wp\/v2\/media?parent=2638"}],"curies":[{"name":"wp","href":"https:\/\/api.w.org\/{rel}","templated":true}]}}