{"id":2641,"date":"2011-08-23T21:49:35","date_gmt":"2011-08-23T19:49:35","guid":{"rendered":"http:\/\/abc-latina.com\/amazonie\/"},"modified":"2018-07-01T00:35:17","modified_gmt":"2018-06-30T22:35:17","slug":"amazonie","status":"publish","type":"page","link":"https:\/\/abc-latina.com\/amazonie\/","title":{"rendered":"AMAZONIE"},"content":{"rendered":"<p style=\"text-align: center; \">&nbsp;<font size=\"1\" color=\"#0000ff\"><b><font face=\"Arial\"><font size=\"1\" face=\"Verdana, Arial, Helvetica, sans-serif\" color=\"#3f0f7d\"><b><font size=\"1\" color=\"#0000ff\"><b><font face=\"Arial\"> <\/font><\/b><\/font><font size=\"1\" color=\"#0000ff\"><b><font face=\"Arial\"><font size=\"1\" face=\"Verdana, Arial, Helvetica, sans-serif\" color=\"#3f0f7d\"><b><a target=\"_blank\" href=\"https:\/\/www.abc-latina.com\/bresil\/amazonie\"><font color=\"#538efd\">BRESIL<\/font><\/a><\/b><\/font><\/font><\/b><\/font>  <font size=\"1\" color=\"#0000ff\"><b><font face=\"Arial\"><font size=\"3\" color=\"#ff8000\"><strong>.<\/strong><\/font><strong><font color=\"#ff8000\"><font face=\"Verdana, Arial, Helvetica, sans-serif\"> <\/font><\/font><\/strong><\/font><\/b><\/font><font size=\"1\" color=\"#0000ff\"><b><font face=\"Arial\"><font size=\"1\" face=\"Verdana, Arial, Helvetica, sans-serif\" color=\"#3f0f7d\"><b><a target=\"_blank\" href=\"https:\/\/www.abc-latina.com\/equateur\/voyages\/amazonie\"><font color=\"#538efd\">EQUATEUR<\/font><\/a><\/b><\/font><\/font><\/b><\/font> <font size=\"1\" color=\"#0000ff\"><b><font face=\"Arial\"><font size=\"3\" color=\"#ff8000\"><strong>.<font size=\"1\" face=\"Verdana, Arial, Helvetica, sans-serif\" color=\"#538efd\">  <\/font><\/strong><\/font><\/font><\/b><\/font><font size=\"1\" color=\"#0000ff\"><b><font face=\"Arial\"><font size=\"1\" face=\"Verdana, Arial, Helvetica, sans-serif\" color=\"#3f0f7d\"><b><a target=\"_blank\" href=\"https:\/\/www.abc-latina.com\/perou\/amazonie\"><font color=\"#538efd\">PEROU  <\/font><\/a><\/b><\/font><font size=\"3\" color=\"#ff8000\"><strong>.<font size=\"1\" face=\"Verdana, Arial, Helvetica, sans-serif\" color=\"#538efd\">  <\/font><\/strong><\/font><\/font><\/b><\/font><font size=\"1\" color=\"#0000ff\"><b><font face=\"Arial\"><font size=\"1\" face=\"Verdana, Arial, Helvetica, sans-serif\" color=\"#3f0f7d\"><b><a target=\"_blank\" href=\"https:\/\/www.abc-latina.com\/venezuela\/amazonie\"><font color=\"#538efd\">VENEZUELA<\/font><\/a><\/b><\/font><\/font><\/b><\/font><\/b><\/font><\/font><\/b><\/font><\/p>\n<div style=\"text-align: left;\"><font size=\"1\" color=\"#0000ff\"><font face=\"Arial\"><font size=\"1\" face=\"Verdana, Arial, Helvetica, sans-serif\" color=\"#3f0f7d\"><b>L&rsquo;Amazonie est la seule r\u00e9gion que les Incas ne purent jamais p\u00e9n\u00e9trer. L&rsquo;Amazone aurait \u00e9t\u00e9 d\u00e9couverte par Francisco de Orellana, qui donna au fleuve le nom des f\u00e9roces guerri\u00e8res de la mythologie grecque. En 1560, au cours d&rsquo;une exp\u00e9dition espagnole, Aguirre remonta l&rsquo;Amazone jusqu&rsquo;\u00e0 l&rsquo;actuel Venezuela et atteignit l&rsquo;Atlantique.<\/b><\/font><\/font><\/font><\/div>\n<div align=\"center\"><font size=\"1\" color=\"#0000ff\"><font face=\"Arial\"><font size=\"1\" face=\"Verdana, Arial, Helvetica, sans-serif\" color=\"#3f0f7d\"><b>&nbsp;<\/b><\/font><\/font><\/font><\/div>\n<p><font size=\"1\" color=\"#0000ff\"><font face=\"Arial\"><font size=\"1\" face=\"Verdana, Arial, Helvetica, sans-serif\" color=\"#3f0f7d\"><b> <\/b><\/font><\/font><\/font><\/p>\n<blockquote><p><font size=\"1\" color=\"#0000ff\"><font face=\"Arial\"><font size=\"1\" face=\"Verdana, Arial, Helvetica, sans-serif\" color=\"#3f0f7d\"><b> <\/p>\n<div align=\"justify\">\n<p><font size=\"2\" face=\"Arial, Helvetica, sans-serif\">Les premiers  explorateurs<\/font><\/p>\n<p><font size=\"2\" face=\"Arial, Helvetica, sans-serif\">Les missionnaires<\/font><\/p>\n<p><font size=\"2\" face=\"Arial, Helvetica, sans-serif\">La construction de la ligne  t\u00e9l\u00e9graphique<\/font><\/p>\n<p><font size=\"2\" face=\"Arial, Helvetica, sans-serif\"><a href=\"https:\/\/www.abc-latina.com\/amazonie\/caoutchouc.php\">Le  boom du cahoutchou<\/a><\/font><\/p>\n<p><font size=\"2\" face=\"Arial, Helvetica, sans-serif\">L&rsquo;histoire de  Fordlandia<\/font><\/p>\n<p><font size=\"2\" face=\"Arial, Helvetica, sans-serif\">La  transamzonienne<\/font><\/p>\n<p><font size=\"2\" face=\"Arial, Helvetica, sans-serif\">L&rsquo;arriv\u00e9e des &quot;hommes sans  terre pour une terre sans homme&quot;<\/font><\/p>\n<p><font size=\"2\" face=\"Arial, Helvetica, sans-serif\">L&rsquo;histoire des  waimiri<\/font><\/p>\n<p><font size=\"2\" face=\"Arial, Helvetica, sans-serif\">La ru\u00e9e vers l&rsquo;or<\/font><\/p>\n<p><font size=\"2\" face=\"Arial, Helvetica, sans-serif\">Jari, une usine de cellulose  au coeur de l&rsquo;amazonie ou le projet fou d&rsquo;un riche am\u00e9ricain qui voulait voir la  foret amazonienne plant\u00e9e d&rsquo;une meme essence d&rsquo;arbre tel un champ de  mais<\/font><\/p>\n<p><font size=\"2\" face=\"Arial, Helvetica, sans-serif\"><a href=\"https:\/\/www.abc-latina.com\/amazonie\/fleuve-amazone.php\">Le fleuve Amazone<\/a><\/font><\/p>\n<p><font size=\"2\" face=\"Arial, Helvetica, sans-serif\"><a href=\"https:\/\/www.abc-latina.com\/amazonie\/cuisine-amazonniene.php\">La cuisine<\/a><\/font><\/p>\n<p><font size=\"2\" face=\"Arial, Helvetica, sans-serif\"><a href=\"https:\/\/www.abc-latina.com\/amazonie\/faune-flore.php\">La  faune et la flore<\/a><\/font><\/p>\n<\/div>\n<p><\/b><\/font><\/font><\/font><\/p><\/blockquote>\n<p><font size=\"1\" color=\"#0000ff\"><font face=\"Arial\"><font size=\"1\" face=\"Verdana, Arial, Helvetica, sans-serif\" color=\"#3f0f7d\"><b>&nbsp;<\/b><\/font><\/font><\/font><\/p>\n<p>&nbsp;<\/p>\n","protected":false},"excerpt":{"rendered":"<p>&nbsp; BRESIL . EQUATEUR . PEROU . VENEZUELA L&rsquo;Amazonie est la seule r\u00e9gion que les Incas ne purent jamais p\u00e9n\u00e9trer. [&hellip;]<\/p>\n","protected":false},"author":3,"featured_media":0,"parent":0,"menu_order":0,"comment_status":"closed","ping_status":"closed","template":"","meta":{"site-sidebar-layout":"default","site-content-layout":"","ast-site-content-layout":"default","site-content-style":"default","site-sidebar-style":"default","ast-global-header-display":"","ast-banner-title-visibility":"","ast-main-header-display":"","ast-hfb-above-header-display":"","ast-hfb-below-header-display":"","ast-hfb-mobile-header-display":"","site-post-title":"","ast-breadcrumbs-content":"","ast-featured-img":"","footer-sml-layout":"","ast-disable-related-posts":"","theme-transparent-header-meta":"","adv-header-id-meta":"","stick-header-meta":"","header-above-stick-meta":"","header-main-stick-meta":"","header-below-stick-meta":"","astra-migrate-meta-layouts":"default","ast-page-background-enabled":"default","ast-page-background-meta":{"desktop":{"background-color":"var(--ast-global-color-5)","background-image":"","background-repeat":"repeat","background-position":"center center","background-size":"auto","background-attachment":"scroll","background-type":"","background-media":"","overlay-type":"","overlay-color":"","overlay-opacity":"","overlay-gradient":""},"tablet":{"background-color":"","background-image":"","background-repeat":"repeat","background-position":"center center","background-size":"auto","background-attachment":"scroll","background-type":"","background-media":"","overlay-type":"","overlay-color":"","overlay-opacity":"","overlay-gradient":""},"mobile":{"background-color":"","background-image":"","background-repeat":"repeat","background-position":"center center","background-size":"auto","background-attachment":"scroll","background-type":"","background-media":"","overlay-type":"","overlay-color":"","overlay-opacity":"","overlay-gradient":""}},"ast-content-background-meta":{"desktop":{"background-color":"var(--ast-global-color-4)","background-image":"","background-repeat":"repeat","background-position":"center center","background-size":"auto","background-attachment":"scroll","background-type":"","background-media":"","overlay-type":"","overlay-color":"","overlay-opacity":"","overlay-gradient":""},"tablet":{"background-color":"var(--ast-global-color-4)","background-image":"","background-repeat":"repeat","background-position":"center center","background-size":"auto","background-attachment":"scroll","background-type":"","background-media":"","overlay-type":"","overlay-color":"","overlay-opacity":"","overlay-gradient":""},"mobile":{"background-color":"var(--ast-global-color-4)","background-image":"","background-repeat":"repeat","background-position":"center center","background-size":"auto","background-attachment":"scroll","background-type":"","background-media":"","overlay-type":"","overlay-color":"","overlay-opacity":"","overlay-gradient":""}},"footnotes":""},"class_list":["post-2641","page","type-page","status-publish","hentry"],"yoast_head":"<!-- This site is optimized with the Yoast SEO plugin v27.5 - https:\/\/yoast.com\/product\/yoast-seo-wordpress\/ -->\n<title>AMAZONIE - Abc-latina<\/title>\n<meta name=\"description\" content=\"L&#039;Amazonie.\" \/>\n<meta name=\"robots\" content=\"index, follow, max-snippet:-1, max-image-preview:large, max-video-preview:-1\" \/>\n<link rel=\"canonical\" href=\"https:\/\/abc-latina.com\/amazonie\/\" \/>\n<meta property=\"og:locale\" content=\"fr_FR\" \/>\n<meta property=\"og:type\" content=\"article\" \/>\n<meta property=\"og:title\" content=\"AMAZONIE - Abc-latina\" \/>\n<meta property=\"og:description\" content=\"L&#039;Amazonie.\" \/>\n<meta property=\"og:url\" content=\"https:\/\/abc-latina.com\/amazonie\/\" \/>\n<meta property=\"og:site_name\" content=\"Abc-latina\" \/>\n<meta property=\"article:modified_time\" content=\"2018-06-30T22:35:17+00:00\" \/>\n<meta name=\"twitter:card\" content=\"summary_large_image\" \/>\n<meta name=\"twitter:label1\" content=\"Dur\u00e9e de lecture estim\u00e9e\" \/>\n\t<meta name=\"twitter:data1\" content=\"1 minute\" \/>\n<script type=\"application\/ld+json\" class=\"yoast-schema-graph\">{\"@context\":\"https:\\\/\\\/schema.org\",\"@graph\":[{\"@type\":\"WebPage\",\"@id\":\"https:\\\/\\\/abc-latina.com\\\/amazonie\\\/\",\"url\":\"https:\\\/\\\/abc-latina.com\\\/amazonie\\\/\",\"name\":\"AMAZONIE - Abc-latina\",\"isPartOf\":{\"@id\":\"https:\\\/\\\/abc-latina.com\\\/#website\"},\"datePublished\":\"2011-08-23T19:49:35+00:00\",\"dateModified\":\"2018-06-30T22:35:17+00:00\",\"description\":\"L'Amazonie.\",\"breadcrumb\":{\"@id\":\"https:\\\/\\\/abc-latina.com\\\/amazonie\\\/#breadcrumb\"},\"inLanguage\":\"fr-FR\",\"potentialAction\":[{\"@type\":\"ReadAction\",\"target\":[\"https:\\\/\\\/abc-latina.com\\\/amazonie\\\/\"]}]},{\"@type\":\"BreadcrumbList\",\"@id\":\"https:\\\/\\\/abc-latina.com\\\/amazonie\\\/#breadcrumb\",\"itemListElement\":[{\"@type\":\"ListItem\",\"position\":1,\"name\":\"Accueil\",\"item\":\"https:\\\/\\\/abc-latina.com\\\/\"},{\"@type\":\"ListItem\",\"position\":2,\"name\":\"AMAZONIE\"}]},{\"@type\":\"WebSite\",\"@id\":\"https:\\\/\\\/abc-latina.com\\\/#website\",\"url\":\"https:\\\/\\\/abc-latina.com\\\/\",\"name\":\"Abc-latina\",\"description\":\"\",\"publisher\":{\"@id\":\"https:\\\/\\\/abc-latina.com\\\/#organization\"},\"potentialAction\":[{\"@type\":\"SearchAction\",\"target\":{\"@type\":\"EntryPoint\",\"urlTemplate\":\"https:\\\/\\\/abc-latina.com\\\/?s={search_term_string}\"},\"query-input\":{\"@type\":\"PropertyValueSpecification\",\"valueRequired\":true,\"valueName\":\"search_term_string\"}}],\"inLanguage\":\"fr-FR\"},{\"@type\":\"Organization\",\"@id\":\"https:\\\/\\\/abc-latina.com\\\/#organization\",\"name\":\"Abc-latina\",\"url\":\"https:\\\/\\\/abc-latina.com\\\/\",\"logo\":{\"@type\":\"ImageObject\",\"inLanguage\":\"fr-FR\",\"@id\":\"https:\\\/\\\/abc-latina.com\\\/#\\\/schema\\\/logo\\\/image\\\/\",\"url\":\"https:\\\/\\\/abc-latina.com\\\/wp-content\\\/uploads\\\/2026\\\/05\\\/cropped-logo.gif\",\"contentUrl\":\"https:\\\/\\\/abc-latina.com\\\/wp-content\\\/uploads\\\/2026\\\/05\\\/cropped-logo.gif\",\"width\":89,\"height\":84,\"caption\":\"Abc-latina\"},\"image\":{\"@id\":\"https:\\\/\\\/abc-latina.com\\\/#\\\/schema\\\/logo\\\/image\\\/\"}}]}<\/script>\n<!-- \/ Yoast SEO plugin. -->","yoast_head_json":{"title":"AMAZONIE - Abc-latina","description":"L'Amazonie.","robots":{"index":"index","follow":"follow","max-snippet":"max-snippet:-1","max-image-preview":"max-image-preview:large","max-video-preview":"max-video-preview:-1"},"canonical":"https:\/\/abc-latina.com\/amazonie\/","og_locale":"fr_FR","og_type":"article","og_title":"AMAZONIE - Abc-latina","og_description":"L'Amazonie.","og_url":"https:\/\/abc-latina.com\/amazonie\/","og_site_name":"Abc-latina","article_modified_time":"2018-06-30T22:35:17+00:00","twitter_card":"summary_large_image","twitter_misc":{"Dur\u00e9e de lecture estim\u00e9e":"1 minute"},"schema":{"@context":"https:\/\/schema.org","@graph":[{"@type":"WebPage","@id":"https:\/\/abc-latina.com\/amazonie\/","url":"https:\/\/abc-latina.com\/amazonie\/","name":"AMAZONIE - Abc-latina","isPartOf":{"@id":"https:\/\/abc-latina.com\/#website"},"datePublished":"2011-08-23T19:49:35+00:00","dateModified":"2018-06-30T22:35:17+00:00","description":"L'Amazonie.","breadcrumb":{"@id":"https:\/\/abc-latina.com\/amazonie\/#breadcrumb"},"inLanguage":"fr-FR","potentialAction":[{"@type":"ReadAction","target":["https:\/\/abc-latina.com\/amazonie\/"]}]},{"@type":"BreadcrumbList","@id":"https:\/\/abc-latina.com\/amazonie\/#breadcrumb","itemListElement":[{"@type":"ListItem","position":1,"name":"Accueil","item":"https:\/\/abc-latina.com\/"},{"@type":"ListItem","position":2,"name":"AMAZONIE"}]},{"@type":"WebSite","@id":"https:\/\/abc-latina.com\/#website","url":"https:\/\/abc-latina.com\/","name":"Abc-latina","description":"","publisher":{"@id":"https:\/\/abc-latina.com\/#organization"},"potentialAction":[{"@type":"SearchAction","target":{"@type":"EntryPoint","urlTemplate":"https:\/\/abc-latina.com\/?s={search_term_string}"},"query-input":{"@type":"PropertyValueSpecification","valueRequired":true,"valueName":"search_term_string"}}],"inLanguage":"fr-FR"},{"@type":"Organization","@id":"https:\/\/abc-latina.com\/#organization","name":"Abc-latina","url":"https:\/\/abc-latina.com\/","logo":{"@type":"ImageObject","inLanguage":"fr-FR","@id":"https:\/\/abc-latina.com\/#\/schema\/logo\/image\/","url":"https:\/\/abc-latina.com\/wp-content\/uploads\/2026\/05\/cropped-logo.gif","contentUrl":"https:\/\/abc-latina.com\/wp-content\/uploads\/2026\/05\/cropped-logo.gif","width":89,"height":84,"caption":"Abc-latina"},"image":{"@id":"https:\/\/abc-latina.com\/#\/schema\/logo\/image\/"}}]}},"_links":{"self":[{"href":"https:\/\/abc-latina.com\/wp-json\/wp\/v2\/pages\/2641","targetHints":{"allow":["GET"]}}],"collection":[{"href":"https:\/\/abc-latina.com\/wp-json\/wp\/v2\/pages"}],"about":[{"href":"https:\/\/abc-latina.com\/wp-json\/wp\/v2\/types\/page"}],"author":[{"embeddable":true,"href":"https:\/\/abc-latina.com\/wp-json\/wp\/v2\/users\/3"}],"replies":[{"embeddable":true,"href":"https:\/\/abc-latina.com\/wp-json\/wp\/v2\/comments?post=2641"}],"version-history":[{"count":0,"href":"https:\/\/abc-latina.com\/wp-json\/wp\/v2\/pages\/2641\/revisions"}],"wp:attachment":[{"href":"https:\/\/abc-latina.com\/wp-json\/wp\/v2\/media?parent=2641"}],"curies":[{"name":"wp","href":"https:\/\/api.w.org\/{rel}","templated":true}]}}