{"id":2642,"date":"2011-09-04T04:40:39","date_gmt":"2011-09-04T02:40:39","guid":{"rendered":"http:\/\/abc-latina.com\/cyclone_mitch-htm\/"},"modified":"2026-04-30T18:25:05","modified_gmt":"2026-04-30T16:25:05","slug":"cyclone_mitch","status":"publish","type":"page","link":"https:\/\/abc-latina.com\/histoire\/cyclone_mitch\/","title":{"rendered":"Le CYCLONE MITCH"},"content":{"rendered":"<p>Cette temp\u00eate insignifiante dans ces premiers jours va devenir un des ouragans le plus puissant et le plus meurtrier du 20 eme si\u00e8cle dans le bassin Atlantique. il provoqua des d\u00e9g\u00e2ts extr\u00eamement graves en Am\u00e9rique Centrale et sema la terreur au <a target=\"_blank\" href=\"https:\/\/www.abc-latina.com\/honduras\/\">Honduras<\/a> et au <a target=\"_blank\" href=\"https:\/\/www.abc-latina.com\/nicaragua\/\">Nicaragua<\/a> o\u00f9 on d\u00e9nombra 10 000 Morts et des centaines de milliers de sans abris. Les infrastructures des ces pays ont \u00e9t\u00e9 compl\u00e8tement an\u00e9anties, routes d\u00e9truites, ponts emport\u00e9s, sources et puits obstru\u00e9s par la boue, r\u00e9coltes d\u00e9truites, villages emport\u00e9s par des torrents de boue.<\/p>\n<p>Trajectoire du cyclone:<\/p>\n<p>Le cyclone MITCH prit naissance le 21 Octobre 1998 \u00e0 environ 500 Km au sud de la Jama\u00efque dans la mer des Cara\u00efbes. Du 21 au 23 Octobre il demeure une temp\u00eate tropicale insignifiante.<\/p>\n<p>Mais subitement \u00e0 partir du 24 il va se renforcer \u00e0 un rythme extr\u00eamement rapide pour atteindre son apog\u00e9e le 26 Octobre. Il est alors class\u00e9 ouragan de cat\u00e9gorie 5 et des vents soutenus de 290 Km\/h ce qui le classe dans les 4 plus fort cyclones du 20 eme si\u00e8cle dans l&rsquo;Atlantique. Son oeil atteint la taille exceptionnelle de 50 Km de diam\u00e8tre, il est devenu un monstre destructeur.&nbsp;<\/p>\n<p>Le 27 et 28 Octobre il commence \u00e0 s&rsquo;affaiblir mais il s&rsquo;approche dangereusement des c\u00f4tes d&rsquo;Am\u00e9rique centrale.<\/p>\n<p>Entre le 28 et le 31 Octobre il se d\u00e9place lentement au dessus du Honduras o\u00f9 il d\u00e9verse des trombes d&rsquo;eau noyant et d\u00e9vastant tout sur son passage.&nbsp;<\/p>\n<p>Du 31 Octobre au 2 Novembre il s&rsquo;est encore affaibli et poursuit sa course au <a target=\"_blank\" href=\"https:\/\/www.abc-latina.com\/guatemala\/\">Guatemala<\/a> et au <a target=\"_blank\" href=\"https:\/\/www.abc-latina.com\/mexique\/\">Mexique<\/a> o\u00f9 les d\u00e9g\u00e2ts sont plus l\u00e9gers. Le 3 Novembre il amorce un virage vers l&rsquo;est et continue de s&rsquo;affaiblir. Il atteint les c\u00f4tes de Floride le 5 Novembre mais n&rsquo;occasionnera pas de gros d\u00e9g\u00e2ts car il est redevenu un cyclone de moindre importance.<\/p>\n","protected":false},"excerpt":{"rendered":"<p>Cette temp\u00eate insignifiante dans ces premiers jours va devenir un des ouragans le plus puissant et le plus meurtrier du [&hellip;]<\/p>\n","protected":false},"author":3,"featured_media":0,"parent":2647,"menu_order":0,"comment_status":"closed","ping_status":"closed","template":"","meta":{"site-sidebar-layout":"default","site-content-layout":"","ast-site-content-layout":"default","site-content-style":"default","site-sidebar-style":"default","ast-global-header-display":"","ast-banner-title-visibility":"","ast-main-header-display":"","ast-hfb-above-header-display":"","ast-hfb-below-header-display":"","ast-hfb-mobile-header-display":"","site-post-title":"","ast-breadcrumbs-content":"","ast-featured-img":"","footer-sml-layout":"","ast-disable-related-posts":"","theme-transparent-header-meta":"","adv-header-id-meta":"","stick-header-meta":"","header-above-stick-meta":"","header-main-stick-meta":"","header-below-stick-meta":"","astra-migrate-meta-layouts":"default","ast-page-background-enabled":"default","ast-page-background-meta":{"desktop":{"background-color":"var(--ast-global-color-5)","background-image":"","background-repeat":"repeat","background-position":"center center","background-size":"auto","background-attachment":"scroll","background-type":"","background-media":"","overlay-type":"","overlay-color":"","overlay-opacity":"","overlay-gradient":""},"tablet":{"background-color":"","background-image":"","background-repeat":"repeat","background-position":"center center","background-size":"auto","background-attachment":"scroll","background-type":"","background-media":"","overlay-type":"","overlay-color":"","overlay-opacity":"","overlay-gradient":""},"mobile":{"background-color":"","background-image":"","background-repeat":"repeat","background-position":"center center","background-size":"auto","background-attachment":"scroll","background-type":"","background-media":"","overlay-type":"","overlay-color":"","overlay-opacity":"","overlay-gradient":""}},"ast-content-background-meta":{"desktop":{"background-color":"var(--ast-global-color-4)","background-image":"","background-repeat":"repeat","background-position":"center center","background-size":"auto","background-attachment":"scroll","background-type":"","background-media":"","overlay-type":"","overlay-color":"","overlay-opacity":"","overlay-gradient":""},"tablet":{"background-color":"var(--ast-global-color-4)","background-image":"","background-repeat":"repeat","background-position":"center center","background-size":"auto","background-attachment":"scroll","background-type":"","background-media":"","overlay-type":"","overlay-color":"","overlay-opacity":"","overlay-gradient":""},"mobile":{"background-color":"var(--ast-global-color-4)","background-image":"","background-repeat":"repeat","background-position":"center center","background-size":"auto","background-attachment":"scroll","background-type":"","background-media":"","overlay-type":"","overlay-color":"","overlay-opacity":"","overlay-gradient":""}},"footnotes":""},"class_list":["post-2642","page","type-page","status-publish","hentry"],"yoast_head":"<!-- This site is optimized with the Yoast SEO plugin v27.5 - https:\/\/yoast.com\/product\/yoast-seo-wordpress\/ -->\n<title>Le CYCLONE MITCH - Abc-latina<\/title>\n<meta name=\"description\" content=\"Le cyclone Mitch d\u00e9vaste une partie du Honduras et du Nicaragua en 1998.\" \/>\n<meta name=\"robots\" content=\"index, follow, max-snippet:-1, max-image-preview:large, max-video-preview:-1\" \/>\n<link rel=\"canonical\" href=\"https:\/\/abc-latina.com\/histoire\/cyclone_mitch\/\" \/>\n<meta property=\"og:locale\" content=\"fr_FR\" \/>\n<meta property=\"og:type\" content=\"article\" \/>\n<meta property=\"og:title\" content=\"Le CYCLONE MITCH - Abc-latina\" \/>\n<meta property=\"og:description\" content=\"Le cyclone Mitch d\u00e9vaste une partie du Honduras et du Nicaragua en 1998.\" \/>\n<meta property=\"og:url\" content=\"https:\/\/abc-latina.com\/histoire\/cyclone_mitch\/\" \/>\n<meta property=\"og:site_name\" content=\"Abc-latina\" \/>\n<meta property=\"article:modified_time\" content=\"2026-04-30T16:25:05+00:00\" \/>\n<meta name=\"twitter:card\" content=\"summary_large_image\" \/>\n<meta name=\"twitter:label1\" content=\"Dur\u00e9e de lecture estim\u00e9e\" \/>\n\t<meta name=\"twitter:data1\" content=\"2 minutes\" \/>\n<script type=\"application\/ld+json\" class=\"yoast-schema-graph\">{\"@context\":\"https:\\\/\\\/schema.org\",\"@graph\":[{\"@type\":\"WebPage\",\"@id\":\"https:\\\/\\\/abc-latina.com\\\/histoire\\\/cyclone_mitch\\\/\",\"url\":\"https:\\\/\\\/abc-latina.com\\\/histoire\\\/cyclone_mitch\\\/\",\"name\":\"Le CYCLONE MITCH - Abc-latina\",\"isPartOf\":{\"@id\":\"https:\\\/\\\/abc-latina.com\\\/#website\"},\"datePublished\":\"2011-09-04T02:40:39+00:00\",\"dateModified\":\"2026-04-30T16:25:05+00:00\",\"description\":\"Le cyclone Mitch d\u00e9vaste une partie du Honduras et du Nicaragua en 1998.\",\"breadcrumb\":{\"@id\":\"https:\\\/\\\/abc-latina.com\\\/histoire\\\/cyclone_mitch\\\/#breadcrumb\"},\"inLanguage\":\"fr-FR\",\"potentialAction\":[{\"@type\":\"ReadAction\",\"target\":[\"https:\\\/\\\/abc-latina.com\\\/histoire\\\/cyclone_mitch\\\/\"]}]},{\"@type\":\"BreadcrumbList\",\"@id\":\"https:\\\/\\\/abc-latina.com\\\/histoire\\\/cyclone_mitch\\\/#breadcrumb\",\"itemListElement\":[{\"@type\":\"ListItem\",\"position\":1,\"name\":\"Accueil\",\"item\":\"https:\\\/\\\/abc-latina.com\\\/\"},{\"@type\":\"ListItem\",\"position\":2,\"name\":\"Le CYCLONE MITCH\"}]},{\"@type\":\"WebSite\",\"@id\":\"https:\\\/\\\/abc-latina.com\\\/#website\",\"url\":\"https:\\\/\\\/abc-latina.com\\\/\",\"name\":\"Abc-latina\",\"description\":\"\",\"publisher\":{\"@id\":\"https:\\\/\\\/abc-latina.com\\\/#organization\"},\"potentialAction\":[{\"@type\":\"SearchAction\",\"target\":{\"@type\":\"EntryPoint\",\"urlTemplate\":\"https:\\\/\\\/abc-latina.com\\\/?s={search_term_string}\"},\"query-input\":{\"@type\":\"PropertyValueSpecification\",\"valueRequired\":true,\"valueName\":\"search_term_string\"}}],\"inLanguage\":\"fr-FR\"},{\"@type\":\"Organization\",\"@id\":\"https:\\\/\\\/abc-latina.com\\\/#organization\",\"name\":\"Abc-latina\",\"url\":\"https:\\\/\\\/abc-latina.com\\\/\",\"logo\":{\"@type\":\"ImageObject\",\"inLanguage\":\"fr-FR\",\"@id\":\"https:\\\/\\\/abc-latina.com\\\/#\\\/schema\\\/logo\\\/image\\\/\",\"url\":\"https:\\\/\\\/abc-latina.com\\\/wp-content\\\/uploads\\\/2026\\\/05\\\/cropped-logo.gif\",\"contentUrl\":\"https:\\\/\\\/abc-latina.com\\\/wp-content\\\/uploads\\\/2026\\\/05\\\/cropped-logo.gif\",\"width\":89,\"height\":84,\"caption\":\"Abc-latina\"},\"image\":{\"@id\":\"https:\\\/\\\/abc-latina.com\\\/#\\\/schema\\\/logo\\\/image\\\/\"}}]}<\/script>\n<!-- \/ Yoast SEO plugin. -->","yoast_head_json":{"title":"Le CYCLONE MITCH - Abc-latina","description":"Le cyclone Mitch d\u00e9vaste une partie du Honduras et du Nicaragua en 1998.","robots":{"index":"index","follow":"follow","max-snippet":"max-snippet:-1","max-image-preview":"max-image-preview:large","max-video-preview":"max-video-preview:-1"},"canonical":"https:\/\/abc-latina.com\/histoire\/cyclone_mitch\/","og_locale":"fr_FR","og_type":"article","og_title":"Le CYCLONE MITCH - Abc-latina","og_description":"Le cyclone Mitch d\u00e9vaste une partie du Honduras et du Nicaragua en 1998.","og_url":"https:\/\/abc-latina.com\/histoire\/cyclone_mitch\/","og_site_name":"Abc-latina","article_modified_time":"2026-04-30T16:25:05+00:00","twitter_card":"summary_large_image","twitter_misc":{"Dur\u00e9e de lecture estim\u00e9e":"2 minutes"},"schema":{"@context":"https:\/\/schema.org","@graph":[{"@type":"WebPage","@id":"https:\/\/abc-latina.com\/histoire\/cyclone_mitch\/","url":"https:\/\/abc-latina.com\/histoire\/cyclone_mitch\/","name":"Le CYCLONE MITCH - Abc-latina","isPartOf":{"@id":"https:\/\/abc-latina.com\/#website"},"datePublished":"2011-09-04T02:40:39+00:00","dateModified":"2026-04-30T16:25:05+00:00","description":"Le cyclone Mitch d\u00e9vaste une partie du Honduras et du Nicaragua en 1998.","breadcrumb":{"@id":"https:\/\/abc-latina.com\/histoire\/cyclone_mitch\/#breadcrumb"},"inLanguage":"fr-FR","potentialAction":[{"@type":"ReadAction","target":["https:\/\/abc-latina.com\/histoire\/cyclone_mitch\/"]}]},{"@type":"BreadcrumbList","@id":"https:\/\/abc-latina.com\/histoire\/cyclone_mitch\/#breadcrumb","itemListElement":[{"@type":"ListItem","position":1,"name":"Accueil","item":"https:\/\/abc-latina.com\/"},{"@type":"ListItem","position":2,"name":"Le CYCLONE MITCH"}]},{"@type":"WebSite","@id":"https:\/\/abc-latina.com\/#website","url":"https:\/\/abc-latina.com\/","name":"Abc-latina","description":"","publisher":{"@id":"https:\/\/abc-latina.com\/#organization"},"potentialAction":[{"@type":"SearchAction","target":{"@type":"EntryPoint","urlTemplate":"https:\/\/abc-latina.com\/?s={search_term_string}"},"query-input":{"@type":"PropertyValueSpecification","valueRequired":true,"valueName":"search_term_string"}}],"inLanguage":"fr-FR"},{"@type":"Organization","@id":"https:\/\/abc-latina.com\/#organization","name":"Abc-latina","url":"https:\/\/abc-latina.com\/","logo":{"@type":"ImageObject","inLanguage":"fr-FR","@id":"https:\/\/abc-latina.com\/#\/schema\/logo\/image\/","url":"https:\/\/abc-latina.com\/wp-content\/uploads\/2026\/05\/cropped-logo.gif","contentUrl":"https:\/\/abc-latina.com\/wp-content\/uploads\/2026\/05\/cropped-logo.gif","width":89,"height":84,"caption":"Abc-latina"},"image":{"@id":"https:\/\/abc-latina.com\/#\/schema\/logo\/image\/"}}]}},"_links":{"self":[{"href":"https:\/\/abc-latina.com\/wp-json\/wp\/v2\/pages\/2642","targetHints":{"allow":["GET"]}}],"collection":[{"href":"https:\/\/abc-latina.com\/wp-json\/wp\/v2\/pages"}],"about":[{"href":"https:\/\/abc-latina.com\/wp-json\/wp\/v2\/types\/page"}],"author":[{"embeddable":true,"href":"https:\/\/abc-latina.com\/wp-json\/wp\/v2\/users\/3"}],"replies":[{"embeddable":true,"href":"https:\/\/abc-latina.com\/wp-json\/wp\/v2\/comments?post=2642"}],"version-history":[{"count":1,"href":"https:\/\/abc-latina.com\/wp-json\/wp\/v2\/pages\/2642\/revisions"}],"predecessor-version":[{"id":3488,"href":"https:\/\/abc-latina.com\/wp-json\/wp\/v2\/pages\/2642\/revisions\/3488"}],"up":[{"embeddable":true,"href":"https:\/\/abc-latina.com\/wp-json\/wp\/v2\/pages\/2647"}],"wp:attachment":[{"href":"https:\/\/abc-latina.com\/wp-json\/wp\/v2\/media?parent=2642"}],"curies":[{"name":"wp","href":"https:\/\/api.w.org\/{rel}","templated":true}]}}