{"id":2643,"date":"2011-09-04T04:42:19","date_gmt":"2011-09-04T02:42:19","guid":{"rendered":"http:\/\/abc-latina.com\/guerre_du_chaco-htm\/"},"modified":"2026-04-30T18:25:05","modified_gmt":"2026-04-30T16:25:05","slug":"guerre_du_chaco","status":"publish","type":"page","link":"https:\/\/abc-latina.com\/histoire\/guerre_du_chaco\/","title":{"rendered":"La GUERRE du CHACO"},"content":{"rendered":"<p>Depuis le milieu du XIXe si\u00e8cle, un diff\u00e9rend frontalier oppose la <a target=\"_blank\" href=\"https:\/\/www.abc-latina.com\/bolivie\/\">Bolivie<\/a> au <a target=\"_blank\" href=\"https:\/\/www.abc-latina.com\/paraguay\/\">Paraguay<\/a>. L&rsquo;enjeu en est un immense territoire, quasi d\u00e9sert et insalubre, connu sous le nom de Grand Chaco. La Bolivie et le Paraguay n&rsquo;ont colonis\u00e9 que les pourtours du Grand Chaco jouxtant leur propre territoire, mais chacun des deux pays en revendique la totalit\u00e9.<\/p>\n<p>Des accrochages aux postes fronti\u00e8res surviennent r\u00e9guli\u00e8rement. Les Paraguayens et les Boliviens ont construit une double ligne de fortins \u00e0 travers tout le territoire du Chaco et, en juin 1932, la prise de l&rsquo;un de ces fortins par une patrouille bolivienne provoque une escalade militaire qui aboutit \u00e0 un conflit ouvert. La guerre va s&rsquo;enliser et ce n&rsquo;est que le 12 juin 1935 que les deux pays adoptent un protocole d&rsquo;armistice. La conf\u00e9rence de Buenos Aires en 1936 mit un terme au conflit, attribuant au Paraguay la plus grande partie du territoire contest\u00e9.<\/p>\n<div>&nbsp;<\/div>\n<div>&copy; CICR<\/div>\n<div>&nbsp;<\/div>\n<div>EN SAVOIR PLUS&nbsp;<\/div>\n<div><a target=\"_blank\" href=\"https:\/\/www.abc-latina.com\/paraguay\/histoire\">L&rsquo;histoire du Paraguay<\/a>&nbsp;<\/div>\n<div><a target=\"_blank\" href=\"https:\/\/www.abc-latina.com\/bolivie\/histoire\">L&rsquo;histoire de la Bolivie<\/a>&nbsp;<\/div>\n","protected":false},"excerpt":{"rendered":"<p>Depuis le milieu du XIXe si\u00e8cle, un diff\u00e9rend frontalier oppose la Bolivie au Paraguay. L&rsquo;enjeu en est un immense territoire, [&hellip;]<\/p>\n","protected":false},"author":3,"featured_media":0,"parent":2647,"menu_order":0,"comment_status":"closed","ping_status":"closed","template":"","meta":{"site-sidebar-layout":"default","site-content-layout":"","ast-site-content-layout":"default","site-content-style":"default","site-sidebar-style":"default","ast-global-header-display":"","ast-banner-title-visibility":"","ast-main-header-display":"","ast-hfb-above-header-display":"","ast-hfb-below-header-display":"","ast-hfb-mobile-header-display":"","site-post-title":"","ast-breadcrumbs-content":"","ast-featured-img":"","footer-sml-layout":"","ast-disable-related-posts":"","theme-transparent-header-meta":"","adv-header-id-meta":"","stick-header-meta":"","header-above-stick-meta":"","header-main-stick-meta":"","header-below-stick-meta":"","astra-migrate-meta-layouts":"default","ast-page-background-enabled":"default","ast-page-background-meta":{"desktop":{"background-color":"var(--ast-global-color-5)","background-image":"","background-repeat":"repeat","background-position":"center center","background-size":"auto","background-attachment":"scroll","background-type":"","background-media":"","overlay-type":"","overlay-color":"","overlay-opacity":"","overlay-gradient":""},"tablet":{"background-color":"","background-image":"","background-repeat":"repeat","background-position":"center center","background-size":"auto","background-attachment":"scroll","background-type":"","background-media":"","overlay-type":"","overlay-color":"","overlay-opacity":"","overlay-gradient":""},"mobile":{"background-color":"","background-image":"","background-repeat":"repeat","background-position":"center center","background-size":"auto","background-attachment":"scroll","background-type":"","background-media":"","overlay-type":"","overlay-color":"","overlay-opacity":"","overlay-gradient":""}},"ast-content-background-meta":{"desktop":{"background-color":"var(--ast-global-color-4)","background-image":"","background-repeat":"repeat","background-position":"center center","background-size":"auto","background-attachment":"scroll","background-type":"","background-media":"","overlay-type":"","overlay-color":"","overlay-opacity":"","overlay-gradient":""},"tablet":{"background-color":"var(--ast-global-color-4)","background-image":"","background-repeat":"repeat","background-position":"center center","background-size":"auto","background-attachment":"scroll","background-type":"","background-media":"","overlay-type":"","overlay-color":"","overlay-opacity":"","overlay-gradient":""},"mobile":{"background-color":"var(--ast-global-color-4)","background-image":"","background-repeat":"repeat","background-position":"center center","background-size":"auto","background-attachment":"scroll","background-type":"","background-media":"","overlay-type":"","overlay-color":"","overlay-opacity":"","overlay-gradient":""}},"footnotes":""},"class_list":["post-2643","page","type-page","status-publish","hentry"],"yoast_head":"<!-- This site is optimized with the Yoast SEO plugin v27.5 - https:\/\/yoast.com\/product\/yoast-seo-wordpress\/ -->\n<title>La GUERRE du CHACO - Abc-latina<\/title>\n<meta name=\"description\" content=\"La guerre du Chaco.\" \/>\n<meta name=\"robots\" content=\"index, follow, max-snippet:-1, max-image-preview:large, max-video-preview:-1\" \/>\n<link rel=\"canonical\" href=\"https:\/\/abc-latina.com\/histoire\/guerre_du_chaco\/\" \/>\n<meta property=\"og:locale\" content=\"fr_FR\" \/>\n<meta property=\"og:type\" content=\"article\" \/>\n<meta property=\"og:title\" content=\"La GUERRE du CHACO - Abc-latina\" \/>\n<meta property=\"og:description\" content=\"La guerre du Chaco.\" \/>\n<meta property=\"og:url\" content=\"https:\/\/abc-latina.com\/histoire\/guerre_du_chaco\/\" \/>\n<meta property=\"og:site_name\" content=\"Abc-latina\" \/>\n<meta property=\"article:modified_time\" content=\"2026-04-30T16:25:05+00:00\" \/>\n<meta name=\"twitter:card\" content=\"summary_large_image\" \/>\n<meta name=\"twitter:label1\" content=\"Dur\u00e9e de lecture estim\u00e9e\" \/>\n\t<meta name=\"twitter:data1\" content=\"1 minute\" \/>\n<script type=\"application\/ld+json\" class=\"yoast-schema-graph\">{\"@context\":\"https:\\\/\\\/schema.org\",\"@graph\":[{\"@type\":\"WebPage\",\"@id\":\"https:\\\/\\\/abc-latina.com\\\/histoire\\\/guerre_du_chaco\\\/\",\"url\":\"https:\\\/\\\/abc-latina.com\\\/histoire\\\/guerre_du_chaco\\\/\",\"name\":\"La GUERRE du CHACO - Abc-latina\",\"isPartOf\":{\"@id\":\"https:\\\/\\\/abc-latina.com\\\/#website\"},\"datePublished\":\"2011-09-04T02:42:19+00:00\",\"dateModified\":\"2026-04-30T16:25:05+00:00\",\"description\":\"La guerre du Chaco.\",\"breadcrumb\":{\"@id\":\"https:\\\/\\\/abc-latina.com\\\/histoire\\\/guerre_du_chaco\\\/#breadcrumb\"},\"inLanguage\":\"fr-FR\",\"potentialAction\":[{\"@type\":\"ReadAction\",\"target\":[\"https:\\\/\\\/abc-latina.com\\\/histoire\\\/guerre_du_chaco\\\/\"]}]},{\"@type\":\"BreadcrumbList\",\"@id\":\"https:\\\/\\\/abc-latina.com\\\/histoire\\\/guerre_du_chaco\\\/#breadcrumb\",\"itemListElement\":[{\"@type\":\"ListItem\",\"position\":1,\"name\":\"Accueil\",\"item\":\"https:\\\/\\\/abc-latina.com\\\/\"},{\"@type\":\"ListItem\",\"position\":2,\"name\":\"La GUERRE du CHACO\"}]},{\"@type\":\"WebSite\",\"@id\":\"https:\\\/\\\/abc-latina.com\\\/#website\",\"url\":\"https:\\\/\\\/abc-latina.com\\\/\",\"name\":\"Abc-latina\",\"description\":\"\",\"publisher\":{\"@id\":\"https:\\\/\\\/abc-latina.com\\\/#organization\"},\"potentialAction\":[{\"@type\":\"SearchAction\",\"target\":{\"@type\":\"EntryPoint\",\"urlTemplate\":\"https:\\\/\\\/abc-latina.com\\\/?s={search_term_string}\"},\"query-input\":{\"@type\":\"PropertyValueSpecification\",\"valueRequired\":true,\"valueName\":\"search_term_string\"}}],\"inLanguage\":\"fr-FR\"},{\"@type\":\"Organization\",\"@id\":\"https:\\\/\\\/abc-latina.com\\\/#organization\",\"name\":\"Abc-latina\",\"url\":\"https:\\\/\\\/abc-latina.com\\\/\",\"logo\":{\"@type\":\"ImageObject\",\"inLanguage\":\"fr-FR\",\"@id\":\"https:\\\/\\\/abc-latina.com\\\/#\\\/schema\\\/logo\\\/image\\\/\",\"url\":\"https:\\\/\\\/abc-latina.com\\\/wp-content\\\/uploads\\\/2026\\\/05\\\/cropped-logo.gif\",\"contentUrl\":\"https:\\\/\\\/abc-latina.com\\\/wp-content\\\/uploads\\\/2026\\\/05\\\/cropped-logo.gif\",\"width\":89,\"height\":84,\"caption\":\"Abc-latina\"},\"image\":{\"@id\":\"https:\\\/\\\/abc-latina.com\\\/#\\\/schema\\\/logo\\\/image\\\/\"}}]}<\/script>\n<!-- \/ Yoast SEO plugin. -->","yoast_head_json":{"title":"La GUERRE du CHACO - Abc-latina","description":"La guerre du Chaco.","robots":{"index":"index","follow":"follow","max-snippet":"max-snippet:-1","max-image-preview":"max-image-preview:large","max-video-preview":"max-video-preview:-1"},"canonical":"https:\/\/abc-latina.com\/histoire\/guerre_du_chaco\/","og_locale":"fr_FR","og_type":"article","og_title":"La GUERRE du CHACO - Abc-latina","og_description":"La guerre du Chaco.","og_url":"https:\/\/abc-latina.com\/histoire\/guerre_du_chaco\/","og_site_name":"Abc-latina","article_modified_time":"2026-04-30T16:25:05+00:00","twitter_card":"summary_large_image","twitter_misc":{"Dur\u00e9e de lecture estim\u00e9e":"1 minute"},"schema":{"@context":"https:\/\/schema.org","@graph":[{"@type":"WebPage","@id":"https:\/\/abc-latina.com\/histoire\/guerre_du_chaco\/","url":"https:\/\/abc-latina.com\/histoire\/guerre_du_chaco\/","name":"La GUERRE du CHACO - Abc-latina","isPartOf":{"@id":"https:\/\/abc-latina.com\/#website"},"datePublished":"2011-09-04T02:42:19+00:00","dateModified":"2026-04-30T16:25:05+00:00","description":"La guerre du Chaco.","breadcrumb":{"@id":"https:\/\/abc-latina.com\/histoire\/guerre_du_chaco\/#breadcrumb"},"inLanguage":"fr-FR","potentialAction":[{"@type":"ReadAction","target":["https:\/\/abc-latina.com\/histoire\/guerre_du_chaco\/"]}]},{"@type":"BreadcrumbList","@id":"https:\/\/abc-latina.com\/histoire\/guerre_du_chaco\/#breadcrumb","itemListElement":[{"@type":"ListItem","position":1,"name":"Accueil","item":"https:\/\/abc-latina.com\/"},{"@type":"ListItem","position":2,"name":"La GUERRE du CHACO"}]},{"@type":"WebSite","@id":"https:\/\/abc-latina.com\/#website","url":"https:\/\/abc-latina.com\/","name":"Abc-latina","description":"","publisher":{"@id":"https:\/\/abc-latina.com\/#organization"},"potentialAction":[{"@type":"SearchAction","target":{"@type":"EntryPoint","urlTemplate":"https:\/\/abc-latina.com\/?s={search_term_string}"},"query-input":{"@type":"PropertyValueSpecification","valueRequired":true,"valueName":"search_term_string"}}],"inLanguage":"fr-FR"},{"@type":"Organization","@id":"https:\/\/abc-latina.com\/#organization","name":"Abc-latina","url":"https:\/\/abc-latina.com\/","logo":{"@type":"ImageObject","inLanguage":"fr-FR","@id":"https:\/\/abc-latina.com\/#\/schema\/logo\/image\/","url":"https:\/\/abc-latina.com\/wp-content\/uploads\/2026\/05\/cropped-logo.gif","contentUrl":"https:\/\/abc-latina.com\/wp-content\/uploads\/2026\/05\/cropped-logo.gif","width":89,"height":84,"caption":"Abc-latina"},"image":{"@id":"https:\/\/abc-latina.com\/#\/schema\/logo\/image\/"}}]}},"_links":{"self":[{"href":"https:\/\/abc-latina.com\/wp-json\/wp\/v2\/pages\/2643","targetHints":{"allow":["GET"]}}],"collection":[{"href":"https:\/\/abc-latina.com\/wp-json\/wp\/v2\/pages"}],"about":[{"href":"https:\/\/abc-latina.com\/wp-json\/wp\/v2\/types\/page"}],"author":[{"embeddable":true,"href":"https:\/\/abc-latina.com\/wp-json\/wp\/v2\/users\/3"}],"replies":[{"embeddable":true,"href":"https:\/\/abc-latina.com\/wp-json\/wp\/v2\/comments?post=2643"}],"version-history":[{"count":1,"href":"https:\/\/abc-latina.com\/wp-json\/wp\/v2\/pages\/2643\/revisions"}],"predecessor-version":[{"id":3489,"href":"https:\/\/abc-latina.com\/wp-json\/wp\/v2\/pages\/2643\/revisions\/3489"}],"up":[{"embeddable":true,"href":"https:\/\/abc-latina.com\/wp-json\/wp\/v2\/pages\/2647"}],"wp:attachment":[{"href":"https:\/\/abc-latina.com\/wp-json\/wp\/v2\/media?parent=2643"}],"curies":[{"name":"wp","href":"https:\/\/api.w.org\/{rel}","templated":true}]}}