{"id":266,"date":"2010-06-04T06:43:05","date_gmt":"2010-06-04T04:43:05","guid":{"rendered":"http:\/\/abc-latina.com\/isla_juventud-htm\/"},"modified":"2018-06-10T15:23:44","modified_gmt":"2018-06-10T13:23:44","slug":"isla_juventud","status":"publish","type":"page","link":"https:\/\/abc-latina.com\/cuba\/isla_juventud\/","title":{"rendered":"ISLA DE LA JUVENTUD"},"content":{"rendered":"<div><img loading=\"lazy\" decoding=\"async\" class=\" alignright size-full wp-image-265\" src=\"http:\/\/abc-latina.com\/wp-content\/uploads\/2010\/06\/isla-juventud.jpg\" alt=\"\" width=\"220\" vspace=\"9\" hspace=\"15\" height=\"220\" align=\"right\" srcset=\"https:\/\/abc-latina.com\/wp-content\/uploads\/2010\/06\/isla-juventud.jpg 220w, https:\/\/abc-latina.com\/wp-content\/uploads\/2010\/06\/isla-juventud-150x150.jpg 150w\" sizes=\"auto, (max-width: 220px) 100vw, 220px\" \/>Avec ses 2200 km&sup2;, l&rsquo;\u00eele de la jeunesse (<span class=\"tourisme-chapitre\">Isla de la Juventud<\/span>), \u00e0 l&rsquo;extr\u00e9mit\u00e9 occidentale de l&rsquo;archipel, est la plus vaste apr\u00e8s Cuba elle-m\u00eame.<\/div>\n<div>&nbsp;<\/div>\n<div>Nueva Gerona, sur la c\u00f4te nord. La capital de l&rsquo;\u00eele, fond\u00e9e par les Espagnols en 1830, comptait 42 000 habitants en 1995.<\/div>\n<div>&nbsp;<\/div>\n<div>Punta del Este est certainement le site plus int\u00e9ressant de l&rsquo;\u00eele de la jeunesse. Le long d&rsquo;une magnifique plage sauvage s&rsquo;\u00e9gr\u00e8ne sur 15 km un chapelet de grottes d\u00e9cor\u00e9es de peintures rupestres.<\/div>\n<div>&nbsp;<\/div>\n<div>Les Cayos<\/div>\n<p><a href=\"..\/tour_operateur\" target=\"_blank\" style=\"text-decoration: none;\"><img loading=\"lazy\" decoding=\"async\" class=\" size-full wp-image-41\" alt=\"\" src=\"http:\/\/abc-latina.com\/wp-content\/uploads\/2010\/04\/timbre_to.gif\" class=\"touroperateur\" width=\"125\" height=\"90\" \/><\/a><\/p>\n<div>Tout le long de la fa\u00e7ade nord-est de l&rsquo;\u00eele se d\u00e9roule un long chapelet d&rsquo;\u00eelots, les cayos. Cayo Largo et l&rsquo;arch\u00e9type du paradis tropical. Autrefois d\u00e9sert, cet \u00eelot long et \u00e9troit (165 km&sup2;), au climat exceptionnel, est devenu l&#8217;embl\u00e8me de l&rsquo;ouverture au tourisme lanc\u00e9 par le gouvernement \u00e0 la fin des ann\u00e9es 80. Il est d&rsquo;ailleurs r\u00e9serv\u00e9 aux \u00e9trangers.<\/div>\n<div>25 km de plage de sable fin permette de se pr\u00e9lasser au soleil ou de nager sans \u00eatre g\u00ean\u00e9 par le voisin. On peut \u00e9galement faire excursions en bateau vers les cayos plus petits des alentours qui sont rest\u00e9s vierges de toute installation touristique.<\/div>\n<div>&nbsp;<\/div>\n<h3>Pr\u00e9parez votre voyage \u00e0 la \u00eesla de la juventud:<\/h3>\n<div><a href=\"https:\/\/www.abc-latina.com\/cuba\/agence_de_voyages\">Agences de voyage g\u00e9n\u00e9ralistes et discounteurs<\/a><\/div>\n<div><a href=\"https:\/\/www.abc-latina.com\/cuba\/tour_operateur\">Tours Op\u00e9rateurs sp\u00e9cialistes de Cuba<\/a><\/div>\n<div><a href=\"https:\/\/www.abc-latina.com\/to\/reservation_billet_avion\" target=\"_blank\">R\u00e9servez votre billet d&rsquo;avion<\/a><\/div>\n<div><a href=\"https:\/\/www.abc-latina.com\/cuba\/hotels\">R\u00e9servez votre h\u00f4tel \u00e0 la \u00eesla de la Juventud<\/a>&nbsp;<\/div>\n<div><a href=\"https:\/\/www.abc-latina.com\/to\/location_de_voiture_cuba\" target=\"_blank\">Location de voiture<\/a><\/div>\n<p>&nbsp;<\/p>\n","protected":false},"excerpt":{"rendered":"<p>Avec ses 2200 km&sup2;, l&rsquo;\u00eele de la jeunesse (Isla de la Juventud), \u00e0 l&rsquo;extr\u00e9mit\u00e9 occidentale de l&rsquo;archipel, est la plus [&hellip;]<\/p>\n","protected":false},"author":3,"featured_media":265,"parent":2302,"menu_order":0,"comment_status":"closed","ping_status":"closed","template":"","meta":{"site-sidebar-layout":"default","site-content-layout":"","ast-site-content-layout":"default","site-content-style":"default","site-sidebar-style":"default","ast-global-header-display":"","ast-banner-title-visibility":"","ast-main-header-display":"","ast-hfb-above-header-display":"","ast-hfb-below-header-display":"","ast-hfb-mobile-header-display":"","site-post-title":"","ast-breadcrumbs-content":"","ast-featured-img":"","footer-sml-layout":"","ast-disable-related-posts":"","theme-transparent-header-meta":"","adv-header-id-meta":"","stick-header-meta":"","header-above-stick-meta":"","header-main-stick-meta":"","header-below-stick-meta":"","astra-migrate-meta-layouts":"default","ast-page-background-enabled":"default","ast-page-background-meta":{"desktop":{"background-color":"var(--ast-global-color-5)","background-image":"","background-repeat":"repeat","background-position":"center center","background-size":"auto","background-attachment":"scroll","background-type":"","background-media":"","overlay-type":"","overlay-color":"","overlay-opacity":"","overlay-gradient":""},"tablet":{"background-color":"","background-image":"","background-repeat":"repeat","background-position":"center center","background-size":"auto","background-attachment":"scroll","background-type":"","background-media":"","overlay-type":"","overlay-color":"","overlay-opacity":"","overlay-gradient":""},"mobile":{"background-color":"","background-image":"","background-repeat":"repeat","background-position":"center center","background-size":"auto","background-attachment":"scroll","background-type":"","background-media":"","overlay-type":"","overlay-color":"","overlay-opacity":"","overlay-gradient":""}},"ast-content-background-meta":{"desktop":{"background-color":"var(--ast-global-color-4)","background-image":"","background-repeat":"repeat","background-position":"center center","background-size":"auto","background-attachment":"scroll","background-type":"","background-media":"","overlay-type":"","overlay-color":"","overlay-opacity":"","overlay-gradient":""},"tablet":{"background-color":"var(--ast-global-color-4)","background-image":"","background-repeat":"repeat","background-position":"center center","background-size":"auto","background-attachment":"scroll","background-type":"","background-media":"","overlay-type":"","overlay-color":"","overlay-opacity":"","overlay-gradient":""},"mobile":{"background-color":"var(--ast-global-color-4)","background-image":"","background-repeat":"repeat","background-position":"center center","background-size":"auto","background-attachment":"scroll","background-type":"","background-media":"","overlay-type":"","overlay-color":"","overlay-opacity":"","overlay-gradient":""}},"footnotes":""},"class_list":["post-266","page","type-page","status-publish","has-post-thumbnail","hentry"],"yoast_head":"<!-- This site is optimized with the Yoast SEO plugin v27.5 - https:\/\/yoast.com\/product\/yoast-seo-wordpress\/ -->\n<title>ISLA DE LA JUVENTUD - Abc-latina<\/title>\n<meta name=\"description\" content=\"Tourisme et voyage vers la Isla de la Juventud \u00e0 Cuba.\" \/>\n<meta name=\"robots\" content=\"index, follow, max-snippet:-1, max-image-preview:large, max-video-preview:-1\" \/>\n<link rel=\"canonical\" href=\"https:\/\/abc-latina.com\/cuba\/isla_juventud\/\" \/>\n<meta property=\"og:locale\" content=\"fr_FR\" \/>\n<meta property=\"og:type\" content=\"article\" \/>\n<meta property=\"og:title\" content=\"ISLA DE LA JUVENTUD - Abc-latina\" \/>\n<meta property=\"og:description\" content=\"Tourisme et voyage vers la Isla de la Juventud \u00e0 Cuba.\" \/>\n<meta property=\"og:url\" content=\"https:\/\/abc-latina.com\/cuba\/isla_juventud\/\" \/>\n<meta property=\"og:site_name\" content=\"Abc-latina\" \/>\n<meta property=\"article:modified_time\" content=\"2018-06-10T13:23:44+00:00\" \/>\n<meta property=\"og:image\" content=\"https:\/\/abc-latina.com\/wp-content\/uploads\/2010\/06\/isla-juventud.jpg\" \/>\n\t<meta property=\"og:image:width\" content=\"220\" \/>\n\t<meta property=\"og:image:height\" content=\"220\" \/>\n\t<meta property=\"og:image:type\" content=\"image\/jpeg\" \/>\n<meta name=\"twitter:card\" content=\"summary_large_image\" \/>\n<meta name=\"twitter:label1\" content=\"Dur\u00e9e de lecture estim\u00e9e\" \/>\n\t<meta name=\"twitter:data1\" content=\"1 minute\" \/>\n<script type=\"application\/ld+json\" class=\"yoast-schema-graph\">{\"@context\":\"https:\\\/\\\/schema.org\",\"@graph\":[{\"@type\":\"WebPage\",\"@id\":\"https:\\\/\\\/abc-latina.com\\\/cuba\\\/isla_juventud\\\/\",\"url\":\"https:\\\/\\\/abc-latina.com\\\/cuba\\\/isla_juventud\\\/\",\"name\":\"ISLA DE LA JUVENTUD - Abc-latina\",\"isPartOf\":{\"@id\":\"https:\\\/\\\/abc-latina.com\\\/#website\"},\"primaryImageOfPage\":{\"@id\":\"https:\\\/\\\/abc-latina.com\\\/cuba\\\/isla_juventud\\\/#primaryimage\"},\"image\":{\"@id\":\"https:\\\/\\\/abc-latina.com\\\/cuba\\\/isla_juventud\\\/#primaryimage\"},\"thumbnailUrl\":\"https:\\\/\\\/abc-latina.com\\\/wp-content\\\/uploads\\\/2010\\\/06\\\/isla-juventud.jpg\",\"datePublished\":\"2010-06-04T04:43:05+00:00\",\"dateModified\":\"2018-06-10T13:23:44+00:00\",\"description\":\"Tourisme et voyage vers la Isla de la Juventud \u00e0 Cuba.\",\"breadcrumb\":{\"@id\":\"https:\\\/\\\/abc-latina.com\\\/cuba\\\/isla_juventud\\\/#breadcrumb\"},\"inLanguage\":\"fr-FR\",\"potentialAction\":[{\"@type\":\"ReadAction\",\"target\":[\"https:\\\/\\\/abc-latina.com\\\/cuba\\\/isla_juventud\\\/\"]}]},{\"@type\":\"ImageObject\",\"inLanguage\":\"fr-FR\",\"@id\":\"https:\\\/\\\/abc-latina.com\\\/cuba\\\/isla_juventud\\\/#primaryimage\",\"url\":\"https:\\\/\\\/abc-latina.com\\\/wp-content\\\/uploads\\\/2010\\\/06\\\/isla-juventud.jpg\",\"contentUrl\":\"https:\\\/\\\/abc-latina.com\\\/wp-content\\\/uploads\\\/2010\\\/06\\\/isla-juventud.jpg\",\"width\":220,\"height\":220},{\"@type\":\"BreadcrumbList\",\"@id\":\"https:\\\/\\\/abc-latina.com\\\/cuba\\\/isla_juventud\\\/#breadcrumb\",\"itemListElement\":[{\"@type\":\"ListItem\",\"position\":1,\"name\":\"Accueil\",\"item\":\"https:\\\/\\\/abc-latina.com\\\/\"},{\"@type\":\"ListItem\",\"position\":2,\"name\":\"ISLA DE LA JUVENTUD\"}]},{\"@type\":\"WebSite\",\"@id\":\"https:\\\/\\\/abc-latina.com\\\/#website\",\"url\":\"https:\\\/\\\/abc-latina.com\\\/\",\"name\":\"Abc-latina\",\"description\":\"\",\"publisher\":{\"@id\":\"https:\\\/\\\/abc-latina.com\\\/#organization\"},\"potentialAction\":[{\"@type\":\"SearchAction\",\"target\":{\"@type\":\"EntryPoint\",\"urlTemplate\":\"https:\\\/\\\/abc-latina.com\\\/?s={search_term_string}\"},\"query-input\":{\"@type\":\"PropertyValueSpecification\",\"valueRequired\":true,\"valueName\":\"search_term_string\"}}],\"inLanguage\":\"fr-FR\"},{\"@type\":\"Organization\",\"@id\":\"https:\\\/\\\/abc-latina.com\\\/#organization\",\"name\":\"Abc-latina\",\"url\":\"https:\\\/\\\/abc-latina.com\\\/\",\"logo\":{\"@type\":\"ImageObject\",\"inLanguage\":\"fr-FR\",\"@id\":\"https:\\\/\\\/abc-latina.com\\\/#\\\/schema\\\/logo\\\/image\\\/\",\"url\":\"https:\\\/\\\/abc-latina.com\\\/wp-content\\\/uploads\\\/2026\\\/05\\\/cropped-logo.gif\",\"contentUrl\":\"https:\\\/\\\/abc-latina.com\\\/wp-content\\\/uploads\\\/2026\\\/05\\\/cropped-logo.gif\",\"width\":89,\"height\":84,\"caption\":\"Abc-latina\"},\"image\":{\"@id\":\"https:\\\/\\\/abc-latina.com\\\/#\\\/schema\\\/logo\\\/image\\\/\"}}]}<\/script>\n<!-- \/ Yoast SEO plugin. -->","yoast_head_json":{"title":"ISLA DE LA JUVENTUD - Abc-latina","description":"Tourisme et voyage vers la Isla de la Juventud \u00e0 Cuba.","robots":{"index":"index","follow":"follow","max-snippet":"max-snippet:-1","max-image-preview":"max-image-preview:large","max-video-preview":"max-video-preview:-1"},"canonical":"https:\/\/abc-latina.com\/cuba\/isla_juventud\/","og_locale":"fr_FR","og_type":"article","og_title":"ISLA DE LA JUVENTUD - Abc-latina","og_description":"Tourisme et voyage vers la Isla de la Juventud \u00e0 Cuba.","og_url":"https:\/\/abc-latina.com\/cuba\/isla_juventud\/","og_site_name":"Abc-latina","article_modified_time":"2018-06-10T13:23:44+00:00","og_image":[{"width":220,"height":220,"url":"https:\/\/abc-latina.com\/wp-content\/uploads\/2010\/06\/isla-juventud.jpg","type":"image\/jpeg"}],"twitter_card":"summary_large_image","twitter_misc":{"Dur\u00e9e de lecture estim\u00e9e":"1 minute"},"schema":{"@context":"https:\/\/schema.org","@graph":[{"@type":"WebPage","@id":"https:\/\/abc-latina.com\/cuba\/isla_juventud\/","url":"https:\/\/abc-latina.com\/cuba\/isla_juventud\/","name":"ISLA DE LA JUVENTUD - Abc-latina","isPartOf":{"@id":"https:\/\/abc-latina.com\/#website"},"primaryImageOfPage":{"@id":"https:\/\/abc-latina.com\/cuba\/isla_juventud\/#primaryimage"},"image":{"@id":"https:\/\/abc-latina.com\/cuba\/isla_juventud\/#primaryimage"},"thumbnailUrl":"https:\/\/abc-latina.com\/wp-content\/uploads\/2010\/06\/isla-juventud.jpg","datePublished":"2010-06-04T04:43:05+00:00","dateModified":"2018-06-10T13:23:44+00:00","description":"Tourisme et voyage vers la Isla de la Juventud \u00e0 Cuba.","breadcrumb":{"@id":"https:\/\/abc-latina.com\/cuba\/isla_juventud\/#breadcrumb"},"inLanguage":"fr-FR","potentialAction":[{"@type":"ReadAction","target":["https:\/\/abc-latina.com\/cuba\/isla_juventud\/"]}]},{"@type":"ImageObject","inLanguage":"fr-FR","@id":"https:\/\/abc-latina.com\/cuba\/isla_juventud\/#primaryimage","url":"https:\/\/abc-latina.com\/wp-content\/uploads\/2010\/06\/isla-juventud.jpg","contentUrl":"https:\/\/abc-latina.com\/wp-content\/uploads\/2010\/06\/isla-juventud.jpg","width":220,"height":220},{"@type":"BreadcrumbList","@id":"https:\/\/abc-latina.com\/cuba\/isla_juventud\/#breadcrumb","itemListElement":[{"@type":"ListItem","position":1,"name":"Accueil","item":"https:\/\/abc-latina.com\/"},{"@type":"ListItem","position":2,"name":"ISLA DE LA JUVENTUD"}]},{"@type":"WebSite","@id":"https:\/\/abc-latina.com\/#website","url":"https:\/\/abc-latina.com\/","name":"Abc-latina","description":"","publisher":{"@id":"https:\/\/abc-latina.com\/#organization"},"potentialAction":[{"@type":"SearchAction","target":{"@type":"EntryPoint","urlTemplate":"https:\/\/abc-latina.com\/?s={search_term_string}"},"query-input":{"@type":"PropertyValueSpecification","valueRequired":true,"valueName":"search_term_string"}}],"inLanguage":"fr-FR"},{"@type":"Organization","@id":"https:\/\/abc-latina.com\/#organization","name":"Abc-latina","url":"https:\/\/abc-latina.com\/","logo":{"@type":"ImageObject","inLanguage":"fr-FR","@id":"https:\/\/abc-latina.com\/#\/schema\/logo\/image\/","url":"https:\/\/abc-latina.com\/wp-content\/uploads\/2026\/05\/cropped-logo.gif","contentUrl":"https:\/\/abc-latina.com\/wp-content\/uploads\/2026\/05\/cropped-logo.gif","width":89,"height":84,"caption":"Abc-latina"},"image":{"@id":"https:\/\/abc-latina.com\/#\/schema\/logo\/image\/"}}]}},"_links":{"self":[{"href":"https:\/\/abc-latina.com\/wp-json\/wp\/v2\/pages\/266","targetHints":{"allow":["GET"]}}],"collection":[{"href":"https:\/\/abc-latina.com\/wp-json\/wp\/v2\/pages"}],"about":[{"href":"https:\/\/abc-latina.com\/wp-json\/wp\/v2\/types\/page"}],"author":[{"embeddable":true,"href":"https:\/\/abc-latina.com\/wp-json\/wp\/v2\/users\/3"}],"replies":[{"embeddable":true,"href":"https:\/\/abc-latina.com\/wp-json\/wp\/v2\/comments?post=266"}],"version-history":[{"count":0,"href":"https:\/\/abc-latina.com\/wp-json\/wp\/v2\/pages\/266\/revisions"}],"up":[{"embeddable":true,"href":"https:\/\/abc-latina.com\/wp-json\/wp\/v2\/pages\/2302"}],"wp:featuredmedia":[{"embeddable":true,"href":"https:\/\/abc-latina.com\/wp-json\/wp\/v2\/media\/265"}],"wp:attachment":[{"href":"https:\/\/abc-latina.com\/wp-json\/wp\/v2\/media?parent=266"}],"curies":[{"name":"wp","href":"https:\/\/api.w.org\/{rel}","templated":true}]}}