{"id":2709,"date":"2011-09-05T23:07:06","date_gmt":"2011-09-05T21:07:06","guid":{"rendered":"http:\/\/abc-latina.com\/sport\/"},"modified":"2018-07-01T01:07:52","modified_gmt":"2018-06-30T23:07:52","slug":"sport","status":"publish","type":"page","link":"https:\/\/abc-latina.com\/sport\/","title":{"rendered":"Le SPORT en AMERIQUE LATINE"},"content":{"rendered":"<p><img loading=\"lazy\" decoding=\"async\" class=\" alignright size-full wp-image-2707\" src=\"http:\/\/abc-latina.com\/wp-content\/uploads\/2011\/09\/sport.jpg\" title=\"Le SPORT en AMERIQUE LATINE\" alt=\"\" width=\"220\" vspace=\"9\" hspace=\"15\" height=\"220\" align=\"right\" srcset=\"https:\/\/abc-latina.com\/wp-content\/uploads\/2011\/09\/sport.jpg 220w, https:\/\/abc-latina.com\/wp-content\/uploads\/2011\/09\/sport-150x150.jpg 150w\" sizes=\"auto, (max-width: 220px) 100vw, 220px\" \/>Si le <span class=\"tourisme-chapitre\">sport<\/span> num\u00e9ro un en <span class=\"tourisme-chapitre\">Am\u00e9rique latine<\/span>, le football, fait beaucoup d&rsquo;ombre aux autres activit\u00e9s sportives, il ne faut pas croire pour autant qu&rsquo;il est le seul \u00e0 apporter le bonheur de la victoire aux peuples latino-am\u00e9ricains.<\/p>\n<p>L&rsquo;Argentine, le Chili et le Br\u00e9sil obtiennent quelques bons r\u00e9sultats dans certains sports principalement collectifs.<\/p>\n<p>Cuba et le Br\u00e9sil obtiennent quelques r\u00e9sultats dans les sports dits olympiques. On peut d&rsquo;ailleurs constater que Cuba, au regard de sa population obtient r\u00e9guli\u00e8rement de bons r\u00e9sultats aux JO, ceci gr\u00e2ce \u00e0 une politique sportive efficace mise en place depuis de nombreuses ann\u00e9es.<\/p>\n<p>Les pilotes sud-am\u00e9ricains, principalement br\u00e9siliens et argentins, ont \u00e9crit parmi les plus belles pages de la Formule 1. Un paradoxe dans un continent en voie de d\u00e9veloppement pour un sport o\u00f9 l&rsquo;argent et les technologies les plus pointues sont les principaux \u00e9l\u00e9ments.<\/p>\n<div>&nbsp;<\/div>\n<div><img loading=\"lazy\" decoding=\"async\" class=\" alignleft size-full wp-image-2708\" src=\"http:\/\/abc-latina.com\/wp-content\/uploads\/2011\/09\/jo.gif\" alt=\"Anneaux des jeux olympiques\" width=\"180\" height=\"63\" align=\"left\" \/><\/div>\n<div>&nbsp;<\/div>\n<div>&nbsp;<\/div>\n<div>&nbsp;<\/div>\n<div>&nbsp;<\/div>\n<div><span class=\"tourisme-chapitre\">Tableau des m\u00e9dailles aux jeux olympiques 2012<\/p>\n<p><\/span><\/div>\n<table width=\"99%\" cellspacing=\"0\" cellpadding=\"0\" border=\"0\">\n<tbody>\n<tr>\n<td><span style=\"font-size: smaller; \"><strong>Rang<\/strong><\/span><\/td>\n<td><span style=\"font-size: smaller; \"><strong>Pays<\/strong><\/span><\/td>\n<td style=\"text-align: center; \"><span style=\"font-size: smaller; \"><strong>Or<\/strong><\/span><\/td>\n<td style=\"text-align: center; \"><span style=\"font-size: smaller; \"><strong>Argent<\/strong><\/span><\/td>\n<td style=\"text-align: center; \"><span style=\"font-size: smaller; \"><strong>Bronze<\/strong><\/span><\/td>\n<td style=\"text-align: center; \"><span style=\"font-size: smaller; \"><strong>Total<\/strong><\/span><\/td>\n<\/tr>\n<tr>\n<td><span style=\"font-size: smaller; \">1<\/span><\/td>\n<td><span style=\"font-size: smaller; \">Etats-unis<\/span><\/td>\n<td style=\"text-align: center; \"><span style=\"font-size: smaller; \">46<\/span><\/td>\n<td style=\"text-align: center; \"><span style=\"font-size: smaller; \">29<\/span><\/td>\n<td style=\"text-align: center; \"><span style=\"font-size: smaller; \">29<\/span><\/td>\n<td style=\"text-align: center; \"><span style=\"font-size: smaller; \">104<\/span><\/td>\n<\/tr>\n<tr>\n<td><span style=\"font-size: smaller; \">15<\/span><\/td>\n<td><span style=\"font-size: smaller; \">Cuba<\/span><\/td>\n<td style=\"text-align: center; \"><span style=\"font-size: smaller; \">5<\/span><\/td>\n<td style=\"text-align: center; \"><span style=\"font-size: smaller; \">3<\/span><\/td>\n<td style=\"text-align: center; \"><span style=\"font-size: smaller; \">6<\/span><\/td>\n<td style=\"text-align: center; \"><span style=\"font-size: smaller; \">14<\/span><\/td>\n<\/tr>\n<tr>\n<td><span style=\"font-size: smaller; \">22<\/span><\/td>\n<td><span style=\"font-size: smaller; \">Br\u00e9sil<\/span><\/td>\n<td style=\"text-align: center; \"><span style=\"font-size: smaller; \">3<\/span><\/td>\n<td style=\"text-align: center; \"><span style=\"font-size: smaller; \">5<\/span><\/td>\n<td style=\"text-align: center; \"><span style=\"font-size: smaller; \">9<\/span><\/td>\n<td style=\"text-align: center; \"><span style=\"font-size: smaller; \">17<\/span><\/td>\n<\/tr>\n<tr>\n<td><span style=\"font-size: smaller; \">38<\/span><\/td>\n<td><span style=\"font-size: smaller; \">Colombie<\/span><\/td>\n<td style=\"text-align: center; \"><span style=\"font-size: smaller; \">1<\/span><\/td>\n<td style=\"text-align: center; \"><span style=\"font-size: smaller; \">3<\/span><\/td>\n<td style=\"text-align: center; \"><span style=\"font-size: smaller; \">4<\/span><\/td>\n<td style=\"text-align: center; \"><span style=\"font-size: smaller; \">8<\/span><\/td>\n<\/tr>\n<tr>\n<td><span style=\"font-size: smaller; \">40<\/span><\/td>\n<td><span style=\"font-size: smaller; \">Mexique<\/span><\/td>\n<td style=\"text-align: center; \"><span style=\"font-size: smaller; \">1<\/span><\/td>\n<td style=\"text-align: center; \"><span style=\"font-size: smaller; \">3<\/span><\/td>\n<td style=\"text-align: center; \"><span style=\"font-size: smaller; \">3<\/span><\/td>\n<td style=\"text-align: center; \"><span style=\"font-size: smaller; \">7<\/span><\/td>\n<\/tr>\n<tr>\n<td><span style=\"font-size: smaller; \">42<\/span><\/td>\n<td><span style=\"font-size: smaller; \">Argentine<\/span><\/td>\n<td style=\"text-align: center; \"><span style=\"font-size: smaller; \">1<\/span><\/td>\n<td style=\"text-align: center; \"><span style=\"font-size: smaller; \">1<\/span><\/td>\n<td style=\"text-align: center; \"><span style=\"font-size: smaller; \">2<\/span><\/td>\n<td style=\"text-align: center; \"><span style=\"font-size: smaller; \">4<\/span><\/td>\n<\/tr>\n<tr>\n<td><span style=\"font-size: smaller; \">46&nbsp;<\/span><\/td>\n<td><span style=\"font-size: smaller; \">Rep. dominicaine<\/span><\/td>\n<td style=\"text-align: center; \"><span style=\"font-size: smaller; \">1<\/span><\/td>\n<td style=\"text-align: center; \"><span style=\"font-size: smaller; \">1<\/span><\/td>\n<td style=\"text-align: center; \"><span style=\"font-size: smaller; \">0<\/span><\/td>\n<td style=\"text-align: center; \"><span style=\"font-size: smaller; \">2<\/span><\/td>\n<\/tr>\n<tr>\n<td><span style=\"font-size: smaller; \">54<\/span><\/td>\n<td><span style=\"font-size: smaller; \">Venezuela<\/span><\/td>\n<td style=\"text-align: center; \"><span style=\"font-size: smaller; \">1<\/span><\/td>\n<td style=\"text-align: center; \"><span style=\"font-size: smaller; \">0<\/span><\/td>\n<td style=\"text-align: center; \"><span style=\"font-size: smaller; \">0<\/span><\/td>\n<td style=\"text-align: center; \"><span style=\"font-size: smaller; \">1<\/span><\/td>\n<\/tr>\n<tr>\n<td><span style=\"font-size: smaller; \">72<\/span><\/td>\n<td><span style=\"font-size: smaller; \">Guatemala<\/span><\/td>\n<td style=\"text-align: center; \"><span style=\"font-size: smaller; \">0<\/span><\/td>\n<td style=\"text-align: center; \"><span style=\"font-size: smaller; \">1<\/span><\/td>\n<td style=\"text-align: center; \"><span style=\"font-size: smaller; \">0<\/span><\/td>\n<td style=\"text-align: center; \"><span style=\"font-size: smaller; \">1<\/span><\/td>\n<\/tr>\n<\/tbody>\n<\/table>\n<p>&nbsp;<\/p>\n","protected":false},"excerpt":{"rendered":"<p>Si le sport num\u00e9ro un en Am\u00e9rique latine, le football, fait beaucoup d&rsquo;ombre aux autres activit\u00e9s sportives, il ne faut [&hellip;]<\/p>\n","protected":false},"author":3,"featured_media":2707,"parent":0,"menu_order":0,"comment_status":"closed","ping_status":"closed","template":"","meta":{"site-sidebar-layout":"default","site-content-layout":"","ast-site-content-layout":"default","site-content-style":"default","site-sidebar-style":"default","ast-global-header-display":"","ast-banner-title-visibility":"","ast-main-header-display":"","ast-hfb-above-header-display":"","ast-hfb-below-header-display":"","ast-hfb-mobile-header-display":"","site-post-title":"","ast-breadcrumbs-content":"","ast-featured-img":"","footer-sml-layout":"","ast-disable-related-posts":"","theme-transparent-header-meta":"","adv-header-id-meta":"","stick-header-meta":"","header-above-stick-meta":"","header-main-stick-meta":"","header-below-stick-meta":"","astra-migrate-meta-layouts":"default","ast-page-background-enabled":"default","ast-page-background-meta":{"desktop":{"background-color":"var(--ast-global-color-5)","background-image":"","background-repeat":"repeat","background-position":"center center","background-size":"auto","background-attachment":"scroll","background-type":"","background-media":"","overlay-type":"","overlay-color":"","overlay-opacity":"","overlay-gradient":""},"tablet":{"background-color":"","background-image":"","background-repeat":"repeat","background-position":"center center","background-size":"auto","background-attachment":"scroll","background-type":"","background-media":"","overlay-type":"","overlay-color":"","overlay-opacity":"","overlay-gradient":""},"mobile":{"background-color":"","background-image":"","background-repeat":"repeat","background-position":"center center","background-size":"auto","background-attachment":"scroll","background-type":"","background-media":"","overlay-type":"","overlay-color":"","overlay-opacity":"","overlay-gradient":""}},"ast-content-background-meta":{"desktop":{"background-color":"var(--ast-global-color-4)","background-image":"","background-repeat":"repeat","background-position":"center center","background-size":"auto","background-attachment":"scroll","background-type":"","background-media":"","overlay-type":"","overlay-color":"","overlay-opacity":"","overlay-gradient":""},"tablet":{"background-color":"var(--ast-global-color-4)","background-image":"","background-repeat":"repeat","background-position":"center center","background-size":"auto","background-attachment":"scroll","background-type":"","background-media":"","overlay-type":"","overlay-color":"","overlay-opacity":"","overlay-gradient":""},"mobile":{"background-color":"var(--ast-global-color-4)","background-image":"","background-repeat":"repeat","background-position":"center center","background-size":"auto","background-attachment":"scroll","background-type":"","background-media":"","overlay-type":"","overlay-color":"","overlay-opacity":"","overlay-gradient":""}},"footnotes":""},"class_list":["post-2709","page","type-page","status-publish","has-post-thumbnail","hentry"],"yoast_head":"<!-- This site is optimized with the Yoast SEO plugin v27.5 - https:\/\/yoast.com\/product\/yoast-seo-wordpress\/ -->\n<title>Le SPORT en AMERIQUE LATINE - Abc-latina<\/title>\n<meta name=\"description\" content=\"Le sport en Am\u00e9rique latine.\" \/>\n<meta name=\"robots\" content=\"index, follow, max-snippet:-1, max-image-preview:large, max-video-preview:-1\" \/>\n<link rel=\"canonical\" href=\"https:\/\/abc-latina.com\/sport\/\" \/>\n<meta property=\"og:locale\" content=\"fr_FR\" \/>\n<meta property=\"og:type\" content=\"article\" \/>\n<meta property=\"og:title\" content=\"Le SPORT en AMERIQUE LATINE - Abc-latina\" \/>\n<meta property=\"og:description\" content=\"Le sport en Am\u00e9rique latine.\" \/>\n<meta property=\"og:url\" content=\"https:\/\/abc-latina.com\/sport\/\" \/>\n<meta property=\"og:site_name\" content=\"Abc-latina\" \/>\n<meta property=\"article:modified_time\" content=\"2018-06-30T23:07:52+00:00\" \/>\n<meta property=\"og:image\" content=\"https:\/\/abc-latina.com\/wp-content\/uploads\/2011\/09\/sport.jpg\" \/>\n\t<meta property=\"og:image:width\" content=\"220\" \/>\n\t<meta property=\"og:image:height\" content=\"220\" \/>\n\t<meta property=\"og:image:type\" content=\"image\/jpeg\" \/>\n<meta name=\"twitter:card\" content=\"summary_large_image\" \/>\n<meta name=\"twitter:label1\" content=\"Dur\u00e9e de lecture estim\u00e9e\" \/>\n\t<meta name=\"twitter:data1\" content=\"1 minute\" \/>\n<script type=\"application\/ld+json\" class=\"yoast-schema-graph\">{\"@context\":\"https:\\\/\\\/schema.org\",\"@graph\":[{\"@type\":\"WebPage\",\"@id\":\"https:\\\/\\\/abc-latina.com\\\/sport\\\/\",\"url\":\"https:\\\/\\\/abc-latina.com\\\/sport\\\/\",\"name\":\"Le SPORT en AMERIQUE LATINE - Abc-latina\",\"isPartOf\":{\"@id\":\"https:\\\/\\\/abc-latina.com\\\/#website\"},\"primaryImageOfPage\":{\"@id\":\"https:\\\/\\\/abc-latina.com\\\/sport\\\/#primaryimage\"},\"image\":{\"@id\":\"https:\\\/\\\/abc-latina.com\\\/sport\\\/#primaryimage\"},\"thumbnailUrl\":\"https:\\\/\\\/abc-latina.com\\\/wp-content\\\/uploads\\\/2011\\\/09\\\/sport.jpg\",\"datePublished\":\"2011-09-05T21:07:06+00:00\",\"dateModified\":\"2018-06-30T23:07:52+00:00\",\"description\":\"Le sport en Am\u00e9rique latine.\",\"breadcrumb\":{\"@id\":\"https:\\\/\\\/abc-latina.com\\\/sport\\\/#breadcrumb\"},\"inLanguage\":\"fr-FR\",\"potentialAction\":[{\"@type\":\"ReadAction\",\"target\":[\"https:\\\/\\\/abc-latina.com\\\/sport\\\/\"]}]},{\"@type\":\"ImageObject\",\"inLanguage\":\"fr-FR\",\"@id\":\"https:\\\/\\\/abc-latina.com\\\/sport\\\/#primaryimage\",\"url\":\"https:\\\/\\\/abc-latina.com\\\/wp-content\\\/uploads\\\/2011\\\/09\\\/sport.jpg\",\"contentUrl\":\"https:\\\/\\\/abc-latina.com\\\/wp-content\\\/uploads\\\/2011\\\/09\\\/sport.jpg\",\"width\":220,\"height\":220,\"caption\":\"Le SPORT en AMERIQUE LATINE\"},{\"@type\":\"BreadcrumbList\",\"@id\":\"https:\\\/\\\/abc-latina.com\\\/sport\\\/#breadcrumb\",\"itemListElement\":[{\"@type\":\"ListItem\",\"position\":1,\"name\":\"Accueil\",\"item\":\"https:\\\/\\\/abc-latina.com\\\/\"},{\"@type\":\"ListItem\",\"position\":2,\"name\":\"Le SPORT en AMERIQUE LATINE\"}]},{\"@type\":\"WebSite\",\"@id\":\"https:\\\/\\\/abc-latina.com\\\/#website\",\"url\":\"https:\\\/\\\/abc-latina.com\\\/\",\"name\":\"Abc-latina\",\"description\":\"\",\"publisher\":{\"@id\":\"https:\\\/\\\/abc-latina.com\\\/#organization\"},\"potentialAction\":[{\"@type\":\"SearchAction\",\"target\":{\"@type\":\"EntryPoint\",\"urlTemplate\":\"https:\\\/\\\/abc-latina.com\\\/?s={search_term_string}\"},\"query-input\":{\"@type\":\"PropertyValueSpecification\",\"valueRequired\":true,\"valueName\":\"search_term_string\"}}],\"inLanguage\":\"fr-FR\"},{\"@type\":\"Organization\",\"@id\":\"https:\\\/\\\/abc-latina.com\\\/#organization\",\"name\":\"Abc-latina\",\"url\":\"https:\\\/\\\/abc-latina.com\\\/\",\"logo\":{\"@type\":\"ImageObject\",\"inLanguage\":\"fr-FR\",\"@id\":\"https:\\\/\\\/abc-latina.com\\\/#\\\/schema\\\/logo\\\/image\\\/\",\"url\":\"https:\\\/\\\/abc-latina.com\\\/wp-content\\\/uploads\\\/2026\\\/05\\\/cropped-logo.gif\",\"contentUrl\":\"https:\\\/\\\/abc-latina.com\\\/wp-content\\\/uploads\\\/2026\\\/05\\\/cropped-logo.gif\",\"width\":89,\"height\":84,\"caption\":\"Abc-latina\"},\"image\":{\"@id\":\"https:\\\/\\\/abc-latina.com\\\/#\\\/schema\\\/logo\\\/image\\\/\"}}]}<\/script>\n<!-- \/ Yoast SEO plugin. -->","yoast_head_json":{"title":"Le SPORT en AMERIQUE LATINE - Abc-latina","description":"Le sport en Am\u00e9rique latine.","robots":{"index":"index","follow":"follow","max-snippet":"max-snippet:-1","max-image-preview":"max-image-preview:large","max-video-preview":"max-video-preview:-1"},"canonical":"https:\/\/abc-latina.com\/sport\/","og_locale":"fr_FR","og_type":"article","og_title":"Le SPORT en AMERIQUE LATINE - Abc-latina","og_description":"Le sport en Am\u00e9rique latine.","og_url":"https:\/\/abc-latina.com\/sport\/","og_site_name":"Abc-latina","article_modified_time":"2018-06-30T23:07:52+00:00","og_image":[{"width":220,"height":220,"url":"https:\/\/abc-latina.com\/wp-content\/uploads\/2011\/09\/sport.jpg","type":"image\/jpeg"}],"twitter_card":"summary_large_image","twitter_misc":{"Dur\u00e9e de lecture estim\u00e9e":"1 minute"},"schema":{"@context":"https:\/\/schema.org","@graph":[{"@type":"WebPage","@id":"https:\/\/abc-latina.com\/sport\/","url":"https:\/\/abc-latina.com\/sport\/","name":"Le SPORT en AMERIQUE LATINE - Abc-latina","isPartOf":{"@id":"https:\/\/abc-latina.com\/#website"},"primaryImageOfPage":{"@id":"https:\/\/abc-latina.com\/sport\/#primaryimage"},"image":{"@id":"https:\/\/abc-latina.com\/sport\/#primaryimage"},"thumbnailUrl":"https:\/\/abc-latina.com\/wp-content\/uploads\/2011\/09\/sport.jpg","datePublished":"2011-09-05T21:07:06+00:00","dateModified":"2018-06-30T23:07:52+00:00","description":"Le sport en Am\u00e9rique latine.","breadcrumb":{"@id":"https:\/\/abc-latina.com\/sport\/#breadcrumb"},"inLanguage":"fr-FR","potentialAction":[{"@type":"ReadAction","target":["https:\/\/abc-latina.com\/sport\/"]}]},{"@type":"ImageObject","inLanguage":"fr-FR","@id":"https:\/\/abc-latina.com\/sport\/#primaryimage","url":"https:\/\/abc-latina.com\/wp-content\/uploads\/2011\/09\/sport.jpg","contentUrl":"https:\/\/abc-latina.com\/wp-content\/uploads\/2011\/09\/sport.jpg","width":220,"height":220,"caption":"Le SPORT en AMERIQUE LATINE"},{"@type":"BreadcrumbList","@id":"https:\/\/abc-latina.com\/sport\/#breadcrumb","itemListElement":[{"@type":"ListItem","position":1,"name":"Accueil","item":"https:\/\/abc-latina.com\/"},{"@type":"ListItem","position":2,"name":"Le SPORT en AMERIQUE LATINE"}]},{"@type":"WebSite","@id":"https:\/\/abc-latina.com\/#website","url":"https:\/\/abc-latina.com\/","name":"Abc-latina","description":"","publisher":{"@id":"https:\/\/abc-latina.com\/#organization"},"potentialAction":[{"@type":"SearchAction","target":{"@type":"EntryPoint","urlTemplate":"https:\/\/abc-latina.com\/?s={search_term_string}"},"query-input":{"@type":"PropertyValueSpecification","valueRequired":true,"valueName":"search_term_string"}}],"inLanguage":"fr-FR"},{"@type":"Organization","@id":"https:\/\/abc-latina.com\/#organization","name":"Abc-latina","url":"https:\/\/abc-latina.com\/","logo":{"@type":"ImageObject","inLanguage":"fr-FR","@id":"https:\/\/abc-latina.com\/#\/schema\/logo\/image\/","url":"https:\/\/abc-latina.com\/wp-content\/uploads\/2026\/05\/cropped-logo.gif","contentUrl":"https:\/\/abc-latina.com\/wp-content\/uploads\/2026\/05\/cropped-logo.gif","width":89,"height":84,"caption":"Abc-latina"},"image":{"@id":"https:\/\/abc-latina.com\/#\/schema\/logo\/image\/"}}]}},"_links":{"self":[{"href":"https:\/\/abc-latina.com\/wp-json\/wp\/v2\/pages\/2709","targetHints":{"allow":["GET"]}}],"collection":[{"href":"https:\/\/abc-latina.com\/wp-json\/wp\/v2\/pages"}],"about":[{"href":"https:\/\/abc-latina.com\/wp-json\/wp\/v2\/types\/page"}],"author":[{"embeddable":true,"href":"https:\/\/abc-latina.com\/wp-json\/wp\/v2\/users\/3"}],"replies":[{"embeddable":true,"href":"https:\/\/abc-latina.com\/wp-json\/wp\/v2\/comments?post=2709"}],"version-history":[{"count":0,"href":"https:\/\/abc-latina.com\/wp-json\/wp\/v2\/pages\/2709\/revisions"}],"wp:featuredmedia":[{"embeddable":true,"href":"https:\/\/abc-latina.com\/wp-json\/wp\/v2\/media\/2707"}],"wp:attachment":[{"href":"https:\/\/abc-latina.com\/wp-json\/wp\/v2\/media?parent=2709"}],"curies":[{"name":"wp","href":"https:\/\/api.w.org\/{rel}","templated":true}]}}