{"id":2712,"date":"2011-09-05T23:32:36","date_gmt":"2011-09-05T21:32:36","guid":{"rendered":"http:\/\/abc-latina.com\/bresil-htm\/"},"modified":"2026-04-30T18:25:26","modified_gmt":"2026-04-30T16:25:26","slug":"bresil","status":"publish","type":"page","link":"https:\/\/abc-latina.com\/sport\/bresil\/","title":{"rendered":"SPORT &#8211; BRESIL"},"content":{"rendered":"<h3>Le Br\u00e9sil aux Jeux olympiques<\/h3>\n<p>A la suite des derniers Jeux de Londres &nbsp;le Br\u00e9sil a remport\u00e9 23 m\u00e9dailles d&rsquo;or au cours de son histoire olympique, et ce dans des sports aussi vari\u00e9s que la voile, le judo, l&rsquo;<a href=\"https:\/\/www.abc-latina.com\/sport\/athletisme\/\">athl\u00e9tisme<\/a> et le tir.&nbsp;<\/p>\n<h3>Le football<\/h3>\n<div>Le sport le plus populaire au monde n&rsquo;est pas n\u00e9 au Br\u00e9sil, mais c&rsquo;est ici que les dieux du football ont d\u00e9cid\u00e9 d&rsquo;y cr\u00e9er le paradis. Cinq titres de champion du monde et une passion populaire d\u00e9raisonnable.&nbsp;<\/div>\n<div>&nbsp;<\/div>\n<h3>Formule 1<\/h3>\n<div>\n<div>La course automobile, et plus particuli\u00e8rement la <a href=\"https:\/\/www.abc-latina.com\/sport\/formule_1\/\">formule 1<\/a>, est le sport le plus populaire au Br\u00e9sil apr\u00e8s le <a href=\"https:\/\/www.abc-latina.com\/sport\/football\/\">football<\/a>.<\/div>\n<div><a href=\"https:\/\/www.abc-latina.com\/sport\/sportifs\/nelson_piquet\">Nelson Piquet<\/a> et le plan\u00e9taire <a href=\"https:\/\/www.abc-latina.com\/sport\/sportifs\/ayrton_senna\">Ayrton Senna<\/a> ont chacun remport\u00e9 trois titre de champion du monde.<\/div>\n<div>&nbsp;<\/div>\n<\/div>\n<h3>Le volley ball<\/h3>\n<div>Le <a href=\"https:\/\/www.abc-latina.com\/sport\/volley-ball\/\">volley-ball<\/a> est sur le point de devenir un des sports les plus populaires du pays, en tout cas l&rsquo;un des plus prolifiques en termes de titres olympiques.&nbsp;<\/div>\n<div>En 1992, l&rsquo;\u00e9quipe masculine a remport\u00e9 la m\u00e9daille d&rsquo;or. En 1996, lors du premier tournoi de volley-ball de plage f\u00e9minin, la finale fut 100% br\u00e9silienne. Aux Jeux Olympiques de Sydney en 2000, les \u00e9quipes f\u00e9minines br\u00e9siliennes ont remport\u00e9 l&rsquo;argent et le bronze en volley-ball de plage et le bronze en volley-ball en salle. Les hommes ont \u00e9galement d\u00e9croch\u00e9 une m\u00e9daille d&rsquo;argent en volley-ball de plage.&nbsp;<\/div>\n<div>&nbsp;<\/div>\n<h3>Sports nautiques<\/h3>\n<div>De par l&rsquo;\u00e9tendue de son littoral, la Br\u00e9sil dispose d&rsquo;un potentiel \u00e9norme. Le surf et la planche \u00e0 voile b\u00e9n\u00e9ficie d&rsquo;un fort engouement.<br \/>&nbsp;<\/div>\n<div>&nbsp;<\/div>\n<p align=\"left\"><font size=\"2\" face=\"Arial, Helvetica, sans-serif\"><font color=\"#ff8000\"><strong>Quelques grands noms du sport  br\u00e9silien<\/strong><\/font><br \/><a href=\"https:\/\/www.abc-latina.com\/sport\/sportifs\/pele\"><font color=\"#000000\">Pel\u00e9<\/font><\/a><br \/><a href=\"https:\/\/www.abc-latina.com\/sport\/sportifs\/ayrton_senna\"><font color=\"#000000\">Ayrton Senna<\/font><\/a><br \/><a href=\"https:\/\/www.abc-latina.com\/sport\/sportifs\/emerson_fittipaldi\"><font color=\"#000000\">Emerson  Fittipaldi<\/font><\/a><br \/><a href=\"https:\/\/www.abc-latina.com\/sport\/sportifs\/nelson_piquet\"><font color=\"#000000\">Nelson Piquet<\/font><\/a><br \/><a href=\"https:\/\/www.abc-latina.com\/sport\/sportifs\/rubens_barrichello\"><font color=\"#000000\">Rubens  Barrichello<\/font><\/a><br \/><a href=\"https:\/\/www.abc-latina.com\/sport\/sportifs\/garrincha\"><font color=\"#000000\">Garrincha<\/font><\/a><br \/><a href=\"https:\/\/www.abc-latina.com\/sport\/sportifs\/romario\"><font color=\"#000000\">Romario<\/font><\/a><br \/><a href=\"https:\/\/www.abc-latina.com\/sport\/sportifs\/ronaldinho\"><font color=\"#000000\">Ronaldinho<\/font><\/a><br \/><a href=\"https:\/\/www.abc-latina.com\/sport\/sportifs\/ronaldo\"><font color=\"#000000\">Ronaldo<\/font><\/a><br \/><a href=\"https:\/\/www.abc-latina.com\/sport\/sportifs\/socrates\"><font color=\"#000000\">Socrates<\/font><\/a><br \/><a href=\"https:\/\/www.abc-latina.com\/sport\/sportifs\/tostao\"><font color=\"#000000\">Tostao<\/font><\/a><br \/><a href=\"https:\/\/www.abc-latina.com\/sport\/sportifs\/zico\"><font color=\"#000000\">Zico<\/font><\/a><\/font><\/p>\n<p align=\"left\"><font size=\"2\" face=\"Arial, Helvetica, sans-serif\"><font color=\"#ff8000\"><strong>Autres sportifs latino-am\u00e9ricains<\/strong><\/font><br \/><a href=\"https:\/\/www.abc-latina.com\/sport\/sportifs\/index\"><font color=\"#000000\">Cliquez ici<\/font><\/a><\/font><\/p>\n<p align=\"left\"><font size=\"2\" face=\"Arial, Helvetica, sans-serif\"><font color=\"#ff8000\"><strong>Autres infos <br \/><\/strong><\/font><font size=\"2\" face=\"Arial, Helvetica, sans-serif\"><a href=\"https:\/\/www.abc-latina.com\/sport\/jeux_olympiques\/tableau_medailles\"><font color=\"#000000\">Tabelau des  m\u00e9dailles aux J-O<\/font><\/a><\/font><font color=\"#ff8000\"><strong><br \/><\/strong><\/font><font size=\"2\" face=\"Arial, Helvetica, sans-serif\"><a target=\"_blank\" href=\"https:\/\/www.abc-latina.com\/sport\/football\/bresil\"><font color=\"#000000\">Le football br\u00e9silien<\/font><\/a><\/font><font color=\"#ff8000\"><strong><br \/><\/strong><\/font><font size=\"2\" face=\"Arial, Helvetica, sans-serif\"><font size=\"2\" face=\"Arial, Helvetica, sans-serif\"><a target=\"_blank\" href=\"http:\/\/www.worldstadiums.com\/south_america\/countries\/brazil.shtml\"><font color=\"#000000\">Les stades  br\u00e9siliens<\/font><\/a><\/font><\/font><\/font><\/p>\n","protected":false},"excerpt":{"rendered":"<p>Le Br\u00e9sil aux Jeux olympiques A la suite des derniers Jeux de Londres &nbsp;le Br\u00e9sil a remport\u00e9 23 m\u00e9dailles d&rsquo;or [&hellip;]<\/p>\n","protected":false},"author":3,"featured_media":0,"parent":2709,"menu_order":0,"comment_status":"closed","ping_status":"closed","template":"","meta":{"site-sidebar-layout":"default","site-content-layout":"","ast-site-content-layout":"default","site-content-style":"default","site-sidebar-style":"default","ast-global-header-display":"","ast-banner-title-visibility":"","ast-main-header-display":"","ast-hfb-above-header-display":"","ast-hfb-below-header-display":"","ast-hfb-mobile-header-display":"","site-post-title":"","ast-breadcrumbs-content":"","ast-featured-img":"","footer-sml-layout":"","ast-disable-related-posts":"","theme-transparent-header-meta":"","adv-header-id-meta":"","stick-header-meta":"","header-above-stick-meta":"","header-main-stick-meta":"","header-below-stick-meta":"","astra-migrate-meta-layouts":"default","ast-page-background-enabled":"default","ast-page-background-meta":{"desktop":{"background-color":"var(--ast-global-color-5)","background-image":"","background-repeat":"repeat","background-position":"center center","background-size":"auto","background-attachment":"scroll","background-type":"","background-media":"","overlay-type":"","overlay-color":"","overlay-opacity":"","overlay-gradient":""},"tablet":{"background-color":"","background-image":"","background-repeat":"repeat","background-position":"center center","background-size":"auto","background-attachment":"scroll","background-type":"","background-media":"","overlay-type":"","overlay-color":"","overlay-opacity":"","overlay-gradient":""},"mobile":{"background-color":"","background-image":"","background-repeat":"repeat","background-position":"center center","background-size":"auto","background-attachment":"scroll","background-type":"","background-media":"","overlay-type":"","overlay-color":"","overlay-opacity":"","overlay-gradient":""}},"ast-content-background-meta":{"desktop":{"background-color":"var(--ast-global-color-4)","background-image":"","background-repeat":"repeat","background-position":"center center","background-size":"auto","background-attachment":"scroll","background-type":"","background-media":"","overlay-type":"","overlay-color":"","overlay-opacity":"","overlay-gradient":""},"tablet":{"background-color":"var(--ast-global-color-4)","background-image":"","background-repeat":"repeat","background-position":"center center","background-size":"auto","background-attachment":"scroll","background-type":"","background-media":"","overlay-type":"","overlay-color":"","overlay-opacity":"","overlay-gradient":""},"mobile":{"background-color":"var(--ast-global-color-4)","background-image":"","background-repeat":"repeat","background-position":"center center","background-size":"auto","background-attachment":"scroll","background-type":"","background-media":"","overlay-type":"","overlay-color":"","overlay-opacity":"","overlay-gradient":""}},"footnotes":""},"class_list":["post-2712","page","type-page","status-publish","hentry"],"yoast_head":"<!-- This site is optimized with the Yoast SEO plugin v27.5 - https:\/\/yoast.com\/product\/yoast-seo-wordpress\/ -->\n<title>SPORT - BRESIL - Abc-latina<\/title>\n<meta name=\"description\" content=\"Le sport au Br\u00e9sil.\" \/>\n<meta name=\"robots\" content=\"index, follow, max-snippet:-1, max-image-preview:large, max-video-preview:-1\" \/>\n<link rel=\"canonical\" href=\"https:\/\/abc-latina.com\/sport\/bresil\/\" \/>\n<meta property=\"og:locale\" content=\"fr_FR\" \/>\n<meta property=\"og:type\" content=\"article\" \/>\n<meta property=\"og:title\" content=\"SPORT - BRESIL - Abc-latina\" \/>\n<meta property=\"og:description\" content=\"Le sport au Br\u00e9sil.\" \/>\n<meta property=\"og:url\" content=\"https:\/\/abc-latina.com\/sport\/bresil\/\" \/>\n<meta property=\"og:site_name\" content=\"Abc-latina\" \/>\n<meta property=\"article:modified_time\" content=\"2026-04-30T16:25:26+00:00\" \/>\n<meta name=\"twitter:card\" content=\"summary_large_image\" \/>\n<meta name=\"twitter:label1\" content=\"Dur\u00e9e de lecture estim\u00e9e\" \/>\n\t<meta name=\"twitter:data1\" content=\"2 minutes\" \/>\n<script type=\"application\/ld+json\" class=\"yoast-schema-graph\">{\"@context\":\"https:\\\/\\\/schema.org\",\"@graph\":[{\"@type\":\"WebPage\",\"@id\":\"https:\\\/\\\/abc-latina.com\\\/sport\\\/bresil\\\/\",\"url\":\"https:\\\/\\\/abc-latina.com\\\/sport\\\/bresil\\\/\",\"name\":\"SPORT - BRESIL - Abc-latina\",\"isPartOf\":{\"@id\":\"https:\\\/\\\/abc-latina.com\\\/#website\"},\"datePublished\":\"2011-09-05T21:32:36+00:00\",\"dateModified\":\"2026-04-30T16:25:26+00:00\",\"description\":\"Le sport au Br\u00e9sil.\",\"breadcrumb\":{\"@id\":\"https:\\\/\\\/abc-latina.com\\\/sport\\\/bresil\\\/#breadcrumb\"},\"inLanguage\":\"fr-FR\",\"potentialAction\":[{\"@type\":\"ReadAction\",\"target\":[\"https:\\\/\\\/abc-latina.com\\\/sport\\\/bresil\\\/\"]}]},{\"@type\":\"BreadcrumbList\",\"@id\":\"https:\\\/\\\/abc-latina.com\\\/sport\\\/bresil\\\/#breadcrumb\",\"itemListElement\":[{\"@type\":\"ListItem\",\"position\":1,\"name\":\"Accueil\",\"item\":\"https:\\\/\\\/abc-latina.com\\\/\"},{\"@type\":\"ListItem\",\"position\":2,\"name\":\"SPORT &#8211; BRESIL\"}]},{\"@type\":\"WebSite\",\"@id\":\"https:\\\/\\\/abc-latina.com\\\/#website\",\"url\":\"https:\\\/\\\/abc-latina.com\\\/\",\"name\":\"Abc-latina\",\"description\":\"\",\"publisher\":{\"@id\":\"https:\\\/\\\/abc-latina.com\\\/#organization\"},\"potentialAction\":[{\"@type\":\"SearchAction\",\"target\":{\"@type\":\"EntryPoint\",\"urlTemplate\":\"https:\\\/\\\/abc-latina.com\\\/?s={search_term_string}\"},\"query-input\":{\"@type\":\"PropertyValueSpecification\",\"valueRequired\":true,\"valueName\":\"search_term_string\"}}],\"inLanguage\":\"fr-FR\"},{\"@type\":\"Organization\",\"@id\":\"https:\\\/\\\/abc-latina.com\\\/#organization\",\"name\":\"Abc-latina\",\"url\":\"https:\\\/\\\/abc-latina.com\\\/\",\"logo\":{\"@type\":\"ImageObject\",\"inLanguage\":\"fr-FR\",\"@id\":\"https:\\\/\\\/abc-latina.com\\\/#\\\/schema\\\/logo\\\/image\\\/\",\"url\":\"https:\\\/\\\/abc-latina.com\\\/wp-content\\\/uploads\\\/2026\\\/05\\\/cropped-logo.gif\",\"contentUrl\":\"https:\\\/\\\/abc-latina.com\\\/wp-content\\\/uploads\\\/2026\\\/05\\\/cropped-logo.gif\",\"width\":89,\"height\":84,\"caption\":\"Abc-latina\"},\"image\":{\"@id\":\"https:\\\/\\\/abc-latina.com\\\/#\\\/schema\\\/logo\\\/image\\\/\"}}]}<\/script>\n<!-- \/ Yoast SEO plugin. -->","yoast_head_json":{"title":"SPORT - BRESIL - Abc-latina","description":"Le sport au Br\u00e9sil.","robots":{"index":"index","follow":"follow","max-snippet":"max-snippet:-1","max-image-preview":"max-image-preview:large","max-video-preview":"max-video-preview:-1"},"canonical":"https:\/\/abc-latina.com\/sport\/bresil\/","og_locale":"fr_FR","og_type":"article","og_title":"SPORT - BRESIL - Abc-latina","og_description":"Le sport au Br\u00e9sil.","og_url":"https:\/\/abc-latina.com\/sport\/bresil\/","og_site_name":"Abc-latina","article_modified_time":"2026-04-30T16:25:26+00:00","twitter_card":"summary_large_image","twitter_misc":{"Dur\u00e9e de lecture estim\u00e9e":"2 minutes"},"schema":{"@context":"https:\/\/schema.org","@graph":[{"@type":"WebPage","@id":"https:\/\/abc-latina.com\/sport\/bresil\/","url":"https:\/\/abc-latina.com\/sport\/bresil\/","name":"SPORT - BRESIL - Abc-latina","isPartOf":{"@id":"https:\/\/abc-latina.com\/#website"},"datePublished":"2011-09-05T21:32:36+00:00","dateModified":"2026-04-30T16:25:26+00:00","description":"Le sport au Br\u00e9sil.","breadcrumb":{"@id":"https:\/\/abc-latina.com\/sport\/bresil\/#breadcrumb"},"inLanguage":"fr-FR","potentialAction":[{"@type":"ReadAction","target":["https:\/\/abc-latina.com\/sport\/bresil\/"]}]},{"@type":"BreadcrumbList","@id":"https:\/\/abc-latina.com\/sport\/bresil\/#breadcrumb","itemListElement":[{"@type":"ListItem","position":1,"name":"Accueil","item":"https:\/\/abc-latina.com\/"},{"@type":"ListItem","position":2,"name":"SPORT &#8211; BRESIL"}]},{"@type":"WebSite","@id":"https:\/\/abc-latina.com\/#website","url":"https:\/\/abc-latina.com\/","name":"Abc-latina","description":"","publisher":{"@id":"https:\/\/abc-latina.com\/#organization"},"potentialAction":[{"@type":"SearchAction","target":{"@type":"EntryPoint","urlTemplate":"https:\/\/abc-latina.com\/?s={search_term_string}"},"query-input":{"@type":"PropertyValueSpecification","valueRequired":true,"valueName":"search_term_string"}}],"inLanguage":"fr-FR"},{"@type":"Organization","@id":"https:\/\/abc-latina.com\/#organization","name":"Abc-latina","url":"https:\/\/abc-latina.com\/","logo":{"@type":"ImageObject","inLanguage":"fr-FR","@id":"https:\/\/abc-latina.com\/#\/schema\/logo\/image\/","url":"https:\/\/abc-latina.com\/wp-content\/uploads\/2026\/05\/cropped-logo.gif","contentUrl":"https:\/\/abc-latina.com\/wp-content\/uploads\/2026\/05\/cropped-logo.gif","width":89,"height":84,"caption":"Abc-latina"},"image":{"@id":"https:\/\/abc-latina.com\/#\/schema\/logo\/image\/"}}]}},"_links":{"self":[{"href":"https:\/\/abc-latina.com\/wp-json\/wp\/v2\/pages\/2712","targetHints":{"allow":["GET"]}}],"collection":[{"href":"https:\/\/abc-latina.com\/wp-json\/wp\/v2\/pages"}],"about":[{"href":"https:\/\/abc-latina.com\/wp-json\/wp\/v2\/types\/page"}],"author":[{"embeddable":true,"href":"https:\/\/abc-latina.com\/wp-json\/wp\/v2\/users\/3"}],"replies":[{"embeddable":true,"href":"https:\/\/abc-latina.com\/wp-json\/wp\/v2\/comments?post=2712"}],"version-history":[{"count":1,"href":"https:\/\/abc-latina.com\/wp-json\/wp\/v2\/pages\/2712\/revisions"}],"predecessor-version":[{"id":3928,"href":"https:\/\/abc-latina.com\/wp-json\/wp\/v2\/pages\/2712\/revisions\/3928"}],"up":[{"embeddable":true,"href":"https:\/\/abc-latina.com\/wp-json\/wp\/v2\/pages\/2709"}],"wp:attachment":[{"href":"https:\/\/abc-latina.com\/wp-json\/wp\/v2\/media?parent=2712"}],"curies":[{"name":"wp","href":"https:\/\/api.w.org\/{rel}","templated":true}]}}