{"id":2718,"date":"2011-09-05T23:52:33","date_gmt":"2011-09-05T21:52:33","guid":{"rendered":"http:\/\/abc-latina.com\/equateur-htm\/"},"modified":"2026-04-30T18:25:26","modified_gmt":"2026-04-30T16:25:26","slug":"equateur","status":"publish","type":"page","link":"https:\/\/abc-latina.com\/sport\/equateur\/","title":{"rendered":"SPORT &#8211; EQUATEUR"},"content":{"rendered":"<p><b style=\"color: rgb(255, 128, 0); font-family: Arial, Helvetica, sans-serif; font-size: small; \">L&rsquo;Equateur au J-O<\/b><\/p>\n<div>L&rsquo;Equateur n&rsquo;a remport\u00e9 que deux m\u00e9dailles olympiques, et elles sont dues \u00e0 une seule et m\u00eame personne, celui d&rsquo;un marcheur de <a href=\"https:\/\/www.abc-latina.com\/equateur\/voyages\/cuenca\" target=\"_blank\">Cuenca<\/a> \u00e2g\u00e9 de 22 ans (lors de sa premi\u00e8re m\u00e9daille). Le 26 juillet 1996, Jefferson Perez a inscrit son nom dans l&rsquo;histoire du pays andin en remportant la m\u00e9daille d&rsquo;or au 20 km marche sur route, devenant ainsi le premier m\u00e9daill\u00e9 olympique \u00e9quatorien.&nbsp;<\/div>\n<div>Nullement rassasi\u00e9, il \u00e9chouera de tr\u00e8s peu lors des deux Jeux suivants en ne terminant &laquo; que &raquo; quatri\u00e8me \u00e0 chaque fois.<\/div>\n<div>Et c&rsquo;est finalement, douze ans plus tard, lors des Jeux de P\u00e9kin, qu&rsquo;il r\u00e9\u00e9dite presque l&rsquo;exploit. L&rsquo;or lui \u00e9chappe mais c&rsquo;est l&rsquo;argent qui ram\u00e8nera sur les hauteurs de <a href=\"https:\/\/www.abc-latina.com\/equateur\/voyages\/quito\" target=\"_blank\">Quito<\/a>.<\/div>\n<div>&nbsp;<\/div>\n<p align=\"left\"><font size=\"2\" face=\"Arial, Helvetica, sans-serif\"><font color=\"#ff8000\"><strong>Autres sportifs latino-am\u00e9ricains<\/strong><\/font><br \/><a href=\"https:\/\/www.abc-latina.com\/sport\/sportifs\/index\"><font color=\"#000000\">Cliquez ici<\/font><\/a><\/font><\/p>\n<p align=\"left\"><font size=\"2\" face=\"Arial, Helvetica, sans-serif\"><font color=\"#ff8000\"><strong>Autres infos <br \/><\/strong><\/font><font size=\"2\" face=\"Arial, Helvetica, sans-serif\"><a href=\"https:\/\/www.abc-latina.com\/sport\/jeux_olympiques\/tableau_medailles\"><font color=\"#000000\">Tabelau des  m\u00e9dailles aux J-O<\/font><\/a><\/font><font color=\"#ff8000\"><strong><br \/><\/strong><\/font><a target=\"_blank\" href=\"https:\/\/www.abc-latina.com\/sport\/football\/equateur\"><font size=\"2\" face=\"Arial, Helvetica, sans-serif\" color=\"#000000\">Le  football equatorien<\/font><\/a><font size=\"2\" face=\"Arial, Helvetica, sans-serif\"><a target=\"_blank\" href=\"http:\/\/www.worldstadiums.com\/south_america\/countries\/ecuador.shtml\"><br \/><font color=\"#000000\">Les stades \u00e9quatoriens<\/font><\/a><\/font><\/font><\/p>\n","protected":false},"excerpt":{"rendered":"<p>L&rsquo;Equateur au J-O L&rsquo;Equateur n&rsquo;a remport\u00e9 que deux m\u00e9dailles olympiques, et elles sont dues \u00e0 une seule et m\u00eame personne, [&hellip;]<\/p>\n","protected":false},"author":3,"featured_media":0,"parent":2709,"menu_order":0,"comment_status":"closed","ping_status":"closed","template":"","meta":{"site-sidebar-layout":"default","site-content-layout":"","ast-site-content-layout":"default","site-content-style":"default","site-sidebar-style":"default","ast-global-header-display":"","ast-banner-title-visibility":"","ast-main-header-display":"","ast-hfb-above-header-display":"","ast-hfb-below-header-display":"","ast-hfb-mobile-header-display":"","site-post-title":"","ast-breadcrumbs-content":"","ast-featured-img":"","footer-sml-layout":"","ast-disable-related-posts":"","theme-transparent-header-meta":"","adv-header-id-meta":"","stick-header-meta":"","header-above-stick-meta":"","header-main-stick-meta":"","header-below-stick-meta":"","astra-migrate-meta-layouts":"default","ast-page-background-enabled":"default","ast-page-background-meta":{"desktop":{"background-color":"var(--ast-global-color-5)","background-image":"","background-repeat":"repeat","background-position":"center center","background-size":"auto","background-attachment":"scroll","background-type":"","background-media":"","overlay-type":"","overlay-color":"","overlay-opacity":"","overlay-gradient":""},"tablet":{"background-color":"","background-image":"","background-repeat":"repeat","background-position":"center center","background-size":"auto","background-attachment":"scroll","background-type":"","background-media":"","overlay-type":"","overlay-color":"","overlay-opacity":"","overlay-gradient":""},"mobile":{"background-color":"","background-image":"","background-repeat":"repeat","background-position":"center center","background-size":"auto","background-attachment":"scroll","background-type":"","background-media":"","overlay-type":"","overlay-color":"","overlay-opacity":"","overlay-gradient":""}},"ast-content-background-meta":{"desktop":{"background-color":"var(--ast-global-color-4)","background-image":"","background-repeat":"repeat","background-position":"center center","background-size":"auto","background-attachment":"scroll","background-type":"","background-media":"","overlay-type":"","overlay-color":"","overlay-opacity":"","overlay-gradient":""},"tablet":{"background-color":"var(--ast-global-color-4)","background-image":"","background-repeat":"repeat","background-position":"center center","background-size":"auto","background-attachment":"scroll","background-type":"","background-media":"","overlay-type":"","overlay-color":"","overlay-opacity":"","overlay-gradient":""},"mobile":{"background-color":"var(--ast-global-color-4)","background-image":"","background-repeat":"repeat","background-position":"center center","background-size":"auto","background-attachment":"scroll","background-type":"","background-media":"","overlay-type":"","overlay-color":"","overlay-opacity":"","overlay-gradient":""}},"footnotes":""},"class_list":["post-2718","page","type-page","status-publish","hentry"],"yoast_head":"<!-- This site is optimized with the Yoast SEO plugin v27.5 - https:\/\/yoast.com\/product\/yoast-seo-wordpress\/ -->\n<title>SPORT - EQUATEUR - Abc-latina<\/title>\n<meta name=\"description\" content=\"Le sport en Equateur.\" \/>\n<meta name=\"robots\" content=\"index, follow, max-snippet:-1, max-image-preview:large, max-video-preview:-1\" \/>\n<link rel=\"canonical\" href=\"https:\/\/abc-latina.com\/sport\/equateur\/\" \/>\n<meta property=\"og:locale\" content=\"fr_FR\" \/>\n<meta property=\"og:type\" content=\"article\" \/>\n<meta property=\"og:title\" content=\"SPORT - EQUATEUR - Abc-latina\" \/>\n<meta property=\"og:description\" content=\"Le sport en Equateur.\" \/>\n<meta property=\"og:url\" content=\"https:\/\/abc-latina.com\/sport\/equateur\/\" \/>\n<meta property=\"og:site_name\" content=\"Abc-latina\" \/>\n<meta property=\"article:modified_time\" content=\"2026-04-30T16:25:26+00:00\" \/>\n<meta name=\"twitter:card\" content=\"summary_large_image\" \/>\n<meta name=\"twitter:label1\" content=\"Dur\u00e9e de lecture estim\u00e9e\" \/>\n\t<meta name=\"twitter:data1\" content=\"1 minute\" \/>\n<script type=\"application\/ld+json\" class=\"yoast-schema-graph\">{\"@context\":\"https:\\\/\\\/schema.org\",\"@graph\":[{\"@type\":\"WebPage\",\"@id\":\"https:\\\/\\\/abc-latina.com\\\/sport\\\/equateur\\\/\",\"url\":\"https:\\\/\\\/abc-latina.com\\\/sport\\\/equateur\\\/\",\"name\":\"SPORT - EQUATEUR - Abc-latina\",\"isPartOf\":{\"@id\":\"https:\\\/\\\/abc-latina.com\\\/#website\"},\"datePublished\":\"2011-09-05T21:52:33+00:00\",\"dateModified\":\"2026-04-30T16:25:26+00:00\",\"description\":\"Le sport en Equateur.\",\"breadcrumb\":{\"@id\":\"https:\\\/\\\/abc-latina.com\\\/sport\\\/equateur\\\/#breadcrumb\"},\"inLanguage\":\"fr-FR\",\"potentialAction\":[{\"@type\":\"ReadAction\",\"target\":[\"https:\\\/\\\/abc-latina.com\\\/sport\\\/equateur\\\/\"]}]},{\"@type\":\"BreadcrumbList\",\"@id\":\"https:\\\/\\\/abc-latina.com\\\/sport\\\/equateur\\\/#breadcrumb\",\"itemListElement\":[{\"@type\":\"ListItem\",\"position\":1,\"name\":\"Accueil\",\"item\":\"https:\\\/\\\/abc-latina.com\\\/\"},{\"@type\":\"ListItem\",\"position\":2,\"name\":\"SPORT &#8211; EQUATEUR\"}]},{\"@type\":\"WebSite\",\"@id\":\"https:\\\/\\\/abc-latina.com\\\/#website\",\"url\":\"https:\\\/\\\/abc-latina.com\\\/\",\"name\":\"Abc-latina\",\"description\":\"\",\"publisher\":{\"@id\":\"https:\\\/\\\/abc-latina.com\\\/#organization\"},\"potentialAction\":[{\"@type\":\"SearchAction\",\"target\":{\"@type\":\"EntryPoint\",\"urlTemplate\":\"https:\\\/\\\/abc-latina.com\\\/?s={search_term_string}\"},\"query-input\":{\"@type\":\"PropertyValueSpecification\",\"valueRequired\":true,\"valueName\":\"search_term_string\"}}],\"inLanguage\":\"fr-FR\"},{\"@type\":\"Organization\",\"@id\":\"https:\\\/\\\/abc-latina.com\\\/#organization\",\"name\":\"Abc-latina\",\"url\":\"https:\\\/\\\/abc-latina.com\\\/\",\"logo\":{\"@type\":\"ImageObject\",\"inLanguage\":\"fr-FR\",\"@id\":\"https:\\\/\\\/abc-latina.com\\\/#\\\/schema\\\/logo\\\/image\\\/\",\"url\":\"https:\\\/\\\/abc-latina.com\\\/wp-content\\\/uploads\\\/2026\\\/05\\\/cropped-logo.gif\",\"contentUrl\":\"https:\\\/\\\/abc-latina.com\\\/wp-content\\\/uploads\\\/2026\\\/05\\\/cropped-logo.gif\",\"width\":89,\"height\":84,\"caption\":\"Abc-latina\"},\"image\":{\"@id\":\"https:\\\/\\\/abc-latina.com\\\/#\\\/schema\\\/logo\\\/image\\\/\"}}]}<\/script>\n<!-- \/ Yoast SEO plugin. -->","yoast_head_json":{"title":"SPORT - EQUATEUR - Abc-latina","description":"Le sport en Equateur.","robots":{"index":"index","follow":"follow","max-snippet":"max-snippet:-1","max-image-preview":"max-image-preview:large","max-video-preview":"max-video-preview:-1"},"canonical":"https:\/\/abc-latina.com\/sport\/equateur\/","og_locale":"fr_FR","og_type":"article","og_title":"SPORT - EQUATEUR - Abc-latina","og_description":"Le sport en Equateur.","og_url":"https:\/\/abc-latina.com\/sport\/equateur\/","og_site_name":"Abc-latina","article_modified_time":"2026-04-30T16:25:26+00:00","twitter_card":"summary_large_image","twitter_misc":{"Dur\u00e9e de lecture estim\u00e9e":"1 minute"},"schema":{"@context":"https:\/\/schema.org","@graph":[{"@type":"WebPage","@id":"https:\/\/abc-latina.com\/sport\/equateur\/","url":"https:\/\/abc-latina.com\/sport\/equateur\/","name":"SPORT - EQUATEUR - Abc-latina","isPartOf":{"@id":"https:\/\/abc-latina.com\/#website"},"datePublished":"2011-09-05T21:52:33+00:00","dateModified":"2026-04-30T16:25:26+00:00","description":"Le sport en Equateur.","breadcrumb":{"@id":"https:\/\/abc-latina.com\/sport\/equateur\/#breadcrumb"},"inLanguage":"fr-FR","potentialAction":[{"@type":"ReadAction","target":["https:\/\/abc-latina.com\/sport\/equateur\/"]}]},{"@type":"BreadcrumbList","@id":"https:\/\/abc-latina.com\/sport\/equateur\/#breadcrumb","itemListElement":[{"@type":"ListItem","position":1,"name":"Accueil","item":"https:\/\/abc-latina.com\/"},{"@type":"ListItem","position":2,"name":"SPORT &#8211; EQUATEUR"}]},{"@type":"WebSite","@id":"https:\/\/abc-latina.com\/#website","url":"https:\/\/abc-latina.com\/","name":"Abc-latina","description":"","publisher":{"@id":"https:\/\/abc-latina.com\/#organization"},"potentialAction":[{"@type":"SearchAction","target":{"@type":"EntryPoint","urlTemplate":"https:\/\/abc-latina.com\/?s={search_term_string}"},"query-input":{"@type":"PropertyValueSpecification","valueRequired":true,"valueName":"search_term_string"}}],"inLanguage":"fr-FR"},{"@type":"Organization","@id":"https:\/\/abc-latina.com\/#organization","name":"Abc-latina","url":"https:\/\/abc-latina.com\/","logo":{"@type":"ImageObject","inLanguage":"fr-FR","@id":"https:\/\/abc-latina.com\/#\/schema\/logo\/image\/","url":"https:\/\/abc-latina.com\/wp-content\/uploads\/2026\/05\/cropped-logo.gif","contentUrl":"https:\/\/abc-latina.com\/wp-content\/uploads\/2026\/05\/cropped-logo.gif","width":89,"height":84,"caption":"Abc-latina"},"image":{"@id":"https:\/\/abc-latina.com\/#\/schema\/logo\/image\/"}}]}},"_links":{"self":[{"href":"https:\/\/abc-latina.com\/wp-json\/wp\/v2\/pages\/2718","targetHints":{"allow":["GET"]}}],"collection":[{"href":"https:\/\/abc-latina.com\/wp-json\/wp\/v2\/pages"}],"about":[{"href":"https:\/\/abc-latina.com\/wp-json\/wp\/v2\/types\/page"}],"author":[{"embeddable":true,"href":"https:\/\/abc-latina.com\/wp-json\/wp\/v2\/users\/3"}],"replies":[{"embeddable":true,"href":"https:\/\/abc-latina.com\/wp-json\/wp\/v2\/comments?post=2718"}],"version-history":[{"count":1,"href":"https:\/\/abc-latina.com\/wp-json\/wp\/v2\/pages\/2718\/revisions"}],"predecessor-version":[{"id":3942,"href":"https:\/\/abc-latina.com\/wp-json\/wp\/v2\/pages\/2718\/revisions\/3942"}],"up":[{"embeddable":true,"href":"https:\/\/abc-latina.com\/wp-json\/wp\/v2\/pages\/2709"}],"wp:attachment":[{"href":"https:\/\/abc-latina.com\/wp-json\/wp\/v2\/media?parent=2718"}],"curies":[{"name":"wp","href":"https:\/\/api.w.org\/{rel}","templated":true}]}}