{"id":2719,"date":"2011-09-06T00:05:12","date_gmt":"2011-09-05T22:05:12","guid":{"rendered":"http:\/\/abc-latina.com\/guatemala-htm\/"},"modified":"2026-04-30T18:25:28","modified_gmt":"2026-04-30T16:25:28","slug":"guatemala","status":"publish","type":"page","link":"https:\/\/abc-latina.com\/sport\/guatemala\/","title":{"rendered":"SPORT &#8211; GUATEMALA"},"content":{"rendered":"<p><b style=\"color: rgb(255, 128, 0); font-family: Arial, Helvetica, sans-serif; font-size: small; \">Le Guatemala au J-O<\/b><\/p>\n<div>Jusqu&rsquo;au Jeux de Londres (2012), les guat\u00e9malt\u00e8ques se d\u00e9sesp\u00e9raient de remporter un titre ou simplement une m\u00e9daille olympique. Rien pas l&rsquo;ombre d&rsquo;une breloque avant qu&rsquo;un marcheur de 22 ans, nomm\u00e9 Erick Barrondo, n&rsquo;apporta la d\u00e9livrance \u00e0 toute une nation au bout de 20 km de marche sur route.<\/div>\n<p align=\"left\"><font size=\"2\" face=\"Arial, Helvetica, sans-serif\"><br \/><\/font><\/p>\n<p align=\"left\"><font size=\"2\" face=\"Arial, Helvetica, sans-serif\"><font color=\"#ff8000\"><strong>Autres sportifs latino-am\u00e9ricains<\/strong><\/font><br \/><a href=\"https:\/\/www.abc-latina.com\/sport\/sportifs\/index\"><font color=\"#000000\">Cliquez ici<\/font><\/a><\/font><\/p>\n<p align=\"left\"><font size=\"2\" face=\"Arial, Helvetica, sans-serif\"><font color=\"#ff8000\"><strong>Autres infos <br \/><\/strong><\/font><font size=\"2\" face=\"Arial, Helvetica, sans-serif\"><a href=\"https:\/\/www.abc-latina.com\/sport\/jeux_olympiques\/tableau_medailles\"><font color=\"#000000\">Tabelau des  m\u00e9dailles aux J-O<\/font><\/a><\/font><br \/><\/font><font size=\"2\" face=\"Arial, Helvetica, sans-serif\"><a target=\"_blank\" href=\"https:\/\/www.abc-latina.com\/sport\/football\/guatemala\"><font color=\"#000000\">Le football guatemalt\u00e8que<\/font><\/a><br \/><a target=\"_blank\" href=\"http:\/\/www.worldstadiums.com\/middle_america\/countries\/guatemala.shtml\"><font color=\"#000000\">Les stades guatemalteques<\/font><\/a><\/font><\/p>\n","protected":false},"excerpt":{"rendered":"<p>Le Guatemala au J-O Jusqu&rsquo;au Jeux de Londres (2012), les guat\u00e9malt\u00e8ques se d\u00e9sesp\u00e9raient de remporter un titre ou simplement une [&hellip;]<\/p>\n","protected":false},"author":3,"featured_media":0,"parent":2709,"menu_order":0,"comment_status":"closed","ping_status":"closed","template":"","meta":{"site-sidebar-layout":"default","site-content-layout":"","ast-site-content-layout":"default","site-content-style":"default","site-sidebar-style":"default","ast-global-header-display":"","ast-banner-title-visibility":"","ast-main-header-display":"","ast-hfb-above-header-display":"","ast-hfb-below-header-display":"","ast-hfb-mobile-header-display":"","site-post-title":"","ast-breadcrumbs-content":"","ast-featured-img":"","footer-sml-layout":"","ast-disable-related-posts":"","theme-transparent-header-meta":"","adv-header-id-meta":"","stick-header-meta":"","header-above-stick-meta":"","header-main-stick-meta":"","header-below-stick-meta":"","astra-migrate-meta-layouts":"default","ast-page-background-enabled":"default","ast-page-background-meta":{"desktop":{"background-color":"var(--ast-global-color-5)","background-image":"","background-repeat":"repeat","background-position":"center center","background-size":"auto","background-attachment":"scroll","background-type":"","background-media":"","overlay-type":"","overlay-color":"","overlay-opacity":"","overlay-gradient":""},"tablet":{"background-color":"","background-image":"","background-repeat":"repeat","background-position":"center center","background-size":"auto","background-attachment":"scroll","background-type":"","background-media":"","overlay-type":"","overlay-color":"","overlay-opacity":"","overlay-gradient":""},"mobile":{"background-color":"","background-image":"","background-repeat":"repeat","background-position":"center center","background-size":"auto","background-attachment":"scroll","background-type":"","background-media":"","overlay-type":"","overlay-color":"","overlay-opacity":"","overlay-gradient":""}},"ast-content-background-meta":{"desktop":{"background-color":"var(--ast-global-color-4)","background-image":"","background-repeat":"repeat","background-position":"center center","background-size":"auto","background-attachment":"scroll","background-type":"","background-media":"","overlay-type":"","overlay-color":"","overlay-opacity":"","overlay-gradient":""},"tablet":{"background-color":"var(--ast-global-color-4)","background-image":"","background-repeat":"repeat","background-position":"center center","background-size":"auto","background-attachment":"scroll","background-type":"","background-media":"","overlay-type":"","overlay-color":"","overlay-opacity":"","overlay-gradient":""},"mobile":{"background-color":"var(--ast-global-color-4)","background-image":"","background-repeat":"repeat","background-position":"center center","background-size":"auto","background-attachment":"scroll","background-type":"","background-media":"","overlay-type":"","overlay-color":"","overlay-opacity":"","overlay-gradient":""}},"footnotes":""},"class_list":["post-2719","page","type-page","status-publish","hentry"],"yoast_head":"<!-- This site is optimized with the Yoast SEO plugin v27.5 - https:\/\/yoast.com\/product\/yoast-seo-wordpress\/ -->\n<title>SPORT - GUATEMALA - Abc-latina<\/title>\n<meta name=\"description\" content=\"Le sport au Guatemala.\" \/>\n<meta name=\"robots\" content=\"index, follow, max-snippet:-1, max-image-preview:large, max-video-preview:-1\" \/>\n<link rel=\"canonical\" href=\"https:\/\/abc-latina.com\/sport\/guatemala\/\" \/>\n<meta property=\"og:locale\" content=\"fr_FR\" \/>\n<meta property=\"og:type\" content=\"article\" \/>\n<meta property=\"og:title\" content=\"SPORT - GUATEMALA - Abc-latina\" \/>\n<meta property=\"og:description\" content=\"Le sport au Guatemala.\" \/>\n<meta property=\"og:url\" content=\"https:\/\/abc-latina.com\/sport\/guatemala\/\" \/>\n<meta property=\"og:site_name\" content=\"Abc-latina\" \/>\n<meta property=\"article:modified_time\" content=\"2026-04-30T16:25:28+00:00\" \/>\n<meta name=\"twitter:card\" content=\"summary_large_image\" \/>\n<script type=\"application\/ld+json\" class=\"yoast-schema-graph\">{\"@context\":\"https:\\\/\\\/schema.org\",\"@graph\":[{\"@type\":\"WebPage\",\"@id\":\"https:\\\/\\\/abc-latina.com\\\/sport\\\/guatemala\\\/\",\"url\":\"https:\\\/\\\/abc-latina.com\\\/sport\\\/guatemala\\\/\",\"name\":\"SPORT - GUATEMALA - Abc-latina\",\"isPartOf\":{\"@id\":\"https:\\\/\\\/abc-latina.com\\\/#website\"},\"datePublished\":\"2011-09-05T22:05:12+00:00\",\"dateModified\":\"2026-04-30T16:25:28+00:00\",\"description\":\"Le sport au Guatemala.\",\"breadcrumb\":{\"@id\":\"https:\\\/\\\/abc-latina.com\\\/sport\\\/guatemala\\\/#breadcrumb\"},\"inLanguage\":\"fr-FR\",\"potentialAction\":[{\"@type\":\"ReadAction\",\"target\":[\"https:\\\/\\\/abc-latina.com\\\/sport\\\/guatemala\\\/\"]}]},{\"@type\":\"BreadcrumbList\",\"@id\":\"https:\\\/\\\/abc-latina.com\\\/sport\\\/guatemala\\\/#breadcrumb\",\"itemListElement\":[{\"@type\":\"ListItem\",\"position\":1,\"name\":\"Accueil\",\"item\":\"https:\\\/\\\/abc-latina.com\\\/\"},{\"@type\":\"ListItem\",\"position\":2,\"name\":\"SPORT &#8211; GUATEMALA\"}]},{\"@type\":\"WebSite\",\"@id\":\"https:\\\/\\\/abc-latina.com\\\/#website\",\"url\":\"https:\\\/\\\/abc-latina.com\\\/\",\"name\":\"Abc-latina\",\"description\":\"\",\"publisher\":{\"@id\":\"https:\\\/\\\/abc-latina.com\\\/#organization\"},\"potentialAction\":[{\"@type\":\"SearchAction\",\"target\":{\"@type\":\"EntryPoint\",\"urlTemplate\":\"https:\\\/\\\/abc-latina.com\\\/?s={search_term_string}\"},\"query-input\":{\"@type\":\"PropertyValueSpecification\",\"valueRequired\":true,\"valueName\":\"search_term_string\"}}],\"inLanguage\":\"fr-FR\"},{\"@type\":\"Organization\",\"@id\":\"https:\\\/\\\/abc-latina.com\\\/#organization\",\"name\":\"Abc-latina\",\"url\":\"https:\\\/\\\/abc-latina.com\\\/\",\"logo\":{\"@type\":\"ImageObject\",\"inLanguage\":\"fr-FR\",\"@id\":\"https:\\\/\\\/abc-latina.com\\\/#\\\/schema\\\/logo\\\/image\\\/\",\"url\":\"https:\\\/\\\/abc-latina.com\\\/wp-content\\\/uploads\\\/2026\\\/05\\\/cropped-logo.gif\",\"contentUrl\":\"https:\\\/\\\/abc-latina.com\\\/wp-content\\\/uploads\\\/2026\\\/05\\\/cropped-logo.gif\",\"width\":89,\"height\":84,\"caption\":\"Abc-latina\"},\"image\":{\"@id\":\"https:\\\/\\\/abc-latina.com\\\/#\\\/schema\\\/logo\\\/image\\\/\"}}]}<\/script>\n<!-- \/ Yoast SEO plugin. -->","yoast_head_json":{"title":"SPORT - GUATEMALA - Abc-latina","description":"Le sport au Guatemala.","robots":{"index":"index","follow":"follow","max-snippet":"max-snippet:-1","max-image-preview":"max-image-preview:large","max-video-preview":"max-video-preview:-1"},"canonical":"https:\/\/abc-latina.com\/sport\/guatemala\/","og_locale":"fr_FR","og_type":"article","og_title":"SPORT - GUATEMALA - Abc-latina","og_description":"Le sport au Guatemala.","og_url":"https:\/\/abc-latina.com\/sport\/guatemala\/","og_site_name":"Abc-latina","article_modified_time":"2026-04-30T16:25:28+00:00","twitter_card":"summary_large_image","schema":{"@context":"https:\/\/schema.org","@graph":[{"@type":"WebPage","@id":"https:\/\/abc-latina.com\/sport\/guatemala\/","url":"https:\/\/abc-latina.com\/sport\/guatemala\/","name":"SPORT - GUATEMALA - Abc-latina","isPartOf":{"@id":"https:\/\/abc-latina.com\/#website"},"datePublished":"2011-09-05T22:05:12+00:00","dateModified":"2026-04-30T16:25:28+00:00","description":"Le sport au Guatemala.","breadcrumb":{"@id":"https:\/\/abc-latina.com\/sport\/guatemala\/#breadcrumb"},"inLanguage":"fr-FR","potentialAction":[{"@type":"ReadAction","target":["https:\/\/abc-latina.com\/sport\/guatemala\/"]}]},{"@type":"BreadcrumbList","@id":"https:\/\/abc-latina.com\/sport\/guatemala\/#breadcrumb","itemListElement":[{"@type":"ListItem","position":1,"name":"Accueil","item":"https:\/\/abc-latina.com\/"},{"@type":"ListItem","position":2,"name":"SPORT &#8211; GUATEMALA"}]},{"@type":"WebSite","@id":"https:\/\/abc-latina.com\/#website","url":"https:\/\/abc-latina.com\/","name":"Abc-latina","description":"","publisher":{"@id":"https:\/\/abc-latina.com\/#organization"},"potentialAction":[{"@type":"SearchAction","target":{"@type":"EntryPoint","urlTemplate":"https:\/\/abc-latina.com\/?s={search_term_string}"},"query-input":{"@type":"PropertyValueSpecification","valueRequired":true,"valueName":"search_term_string"}}],"inLanguage":"fr-FR"},{"@type":"Organization","@id":"https:\/\/abc-latina.com\/#organization","name":"Abc-latina","url":"https:\/\/abc-latina.com\/","logo":{"@type":"ImageObject","inLanguage":"fr-FR","@id":"https:\/\/abc-latina.com\/#\/schema\/logo\/image\/","url":"https:\/\/abc-latina.com\/wp-content\/uploads\/2026\/05\/cropped-logo.gif","contentUrl":"https:\/\/abc-latina.com\/wp-content\/uploads\/2026\/05\/cropped-logo.gif","width":89,"height":84,"caption":"Abc-latina"},"image":{"@id":"https:\/\/abc-latina.com\/#\/schema\/logo\/image\/"}}]}},"_links":{"self":[{"href":"https:\/\/abc-latina.com\/wp-json\/wp\/v2\/pages\/2719","targetHints":{"allow":["GET"]}}],"collection":[{"href":"https:\/\/abc-latina.com\/wp-json\/wp\/v2\/pages"}],"about":[{"href":"https:\/\/abc-latina.com\/wp-json\/wp\/v2\/types\/page"}],"author":[{"embeddable":true,"href":"https:\/\/abc-latina.com\/wp-json\/wp\/v2\/users\/3"}],"replies":[{"embeddable":true,"href":"https:\/\/abc-latina.com\/wp-json\/wp\/v2\/comments?post=2719"}],"version-history":[{"count":1,"href":"https:\/\/abc-latina.com\/wp-json\/wp\/v2\/pages\/2719\/revisions"}],"predecessor-version":[{"id":3968,"href":"https:\/\/abc-latina.com\/wp-json\/wp\/v2\/pages\/2719\/revisions\/3968"}],"up":[{"embeddable":true,"href":"https:\/\/abc-latina.com\/wp-json\/wp\/v2\/pages\/2709"}],"wp:attachment":[{"href":"https:\/\/abc-latina.com\/wp-json\/wp\/v2\/media?parent=2719"}],"curies":[{"name":"wp","href":"https:\/\/api.w.org\/{rel}","templated":true}]}}