{"id":2725,"date":"2011-09-06T00:27:55","date_gmt":"2011-09-05T22:27:55","guid":{"rendered":"http:\/\/abc-latina.com\/perou-htm\/"},"modified":"2026-04-30T18:25:28","modified_gmt":"2026-04-30T16:25:28","slug":"perou","status":"publish","type":"page","link":"https:\/\/abc-latina.com\/sport\/perou\/","title":{"rendered":"SPORT &#8211; PEROU"},"content":{"rendered":"<h3>Le P\u00e9rou au J-O<\/h3>\n<div>Le P\u00e9rou a remport\u00e9 trois de ses quatre m\u00e9dailles olympiques en tir. La toute premi\u00e8re, et seule m\u00e9daille d&rsquo;or du P\u00e9rou, a \u00e9t\u00e9 d\u00e9croch\u00e9e aux Jeux Olympiques de Londres, en 1948, par Edwin Vasquez Cam dans l&rsquo;\u00e9preuve de pistolet libre hommes. Les trois autres m\u00e9dailles (argent), ont respectivement \u00e9t\u00e9 remport\u00e9es par Francisco Boza dans l&rsquo;\u00e9preuve de fosse olympique hommes lors des Jeux Olympiques de Los Angeles de 1984, Juan Jorge Giha Yahur dans l&rsquo;\u00e9preuve de skeet olympique hommes \u00e0 Barcelone en 1992, et l&rsquo;\u00e9quipe f\u00e9minine de volley-ball, laquelle a termin\u00e9 deuxi\u00e8me derri\u00e8re l&rsquo;Union Sovi\u00e9tique \u00e0 S\u00e9oul, en 1988.&nbsp;<\/div>\n<h3>Le football p\u00e9ruvien<\/h3>\n<div>Le <a href=\"https:\/\/www.abc-latina.com\/sport\/football\/\">football<\/a> est le sport le plus populaire et le plus pratiqu\u00e9 au P\u00e9rou, malheureusement les bons r\u00e9sultats de l&rsquo;\u00e9quipe nationale ne sont plus au rendez-vous depuis la fin des ann\u00e9es 70, voire d\u00e9but 80. Quelques bons joueurs p\u00e9ruviens (Pizarro, Farfan, Guerrero font ou ont fait le bonheur de quelques bons europ\u00e9ens, (notamment en Allemagne).<\/div>\n<h3>Le volley-ball<\/h3>\n<div>Le <a href=\"https:\/\/www.abc-latina.com\/sport\/volley-ball\/\">volley<\/a> est l&rsquo;un des sports majeurs au P\u00e9rou, surtout pratiqu\u00e9 par les f\u00e9minines, c&rsquo;est aussi par elles que le plaisir de la victoire passe. Ces derni\u00e8res ann\u00e9es c&rsquo;est surtout gr\u00e2ce aux cat\u00e9gories de jeunes que le P\u00e9rou obtient quelques bons r\u00e9sultats.<\/div>\n<h3>Le tennis<\/h3>\n<div>Ici, le <a href=\"https:\/\/www.abc-latina.com\/sport\/tennis\/\">tennis<\/a> ne s&rsquo;est pas d\u00e9mocratis\u00e9 et il est presque exclusivement pratiqu\u00e9 par la classe moyenne sup\u00e9rieure. Deux joueurs ont longtemps jou\u00e9 et fait bonne figure sur le circuit international : Jaime Yzaga et Luis Horna.<\/div>\n<h3>Le surf<\/h3>\n<div>La g\u00e9ographie p\u00e9ruvienne se pr\u00eate parfaitement \u00e0 la pratique du surf et les surfeurs sont ici nombreux. Le pays donnera deux champions du monde de surf : Felipe Pomar, en 1965 et Sofia Mulanovich en 2004 et 2007.<\/div>\n<h3>La boxe<\/h3>\n<div>La boxe remporte une grande ferveur populaire, surtout depuis l&rsquo;arriv\u00e9e au plus niveau de la boxe f\u00e9minine de Kina Malpartida dans la cat\u00e9gorie super-plume.<\/div>\n<div>&nbsp;<\/div>\n<p align=\"justify\"><font size=\"2\" face=\"Arial, Helvetica, sans-serif\"><font color=\"#ff8000\"><strong>Quelques grands noms du sport  peruvien<\/strong><\/font><br \/><a href=\"https:\/\/www.abc-latina.com\/sport\/sportifs\/teofilo_cubillas\"><font color=\"#000000\">Teofilo Cubillas<\/font><\/a><br \/><\/font><\/p>\n<p align=\"left\"><font size=\"2\" face=\"Arial, Helvetica, sans-serif\"><font color=\"#ff8000\"><strong>Autres sportifs latino-am\u00e9ricains<\/strong><\/font><br \/><a href=\"https:\/\/www.abc-latina.com\/sport\/sportifs\/index\"><font color=\"#000000\">Cliquez ici<\/font><\/a><\/font><\/p>\n<p align=\"left\"><font size=\"2\" face=\"Arial, Helvetica, sans-serif\"><font color=\"#ff8000\"><strong>Autres infos <br \/><\/strong><\/font><font size=\"2\" face=\"Arial, Helvetica, sans-serif\"><a href=\"https:\/\/www.abc-latina.com\/sport\/jeux_olympiques\/tableau_medailles\"><font color=\"#000000\">Tabelau des  m\u00e9dailles aux J-O<\/font><\/a><\/font><font color=\"#ff8000\"><strong>  <br \/><\/strong><\/font><a target=\"_blank\" href=\"https:\/\/www.abc-latina.com\/sport\/football\/perou\"><font size=\"2\" face=\"Arial, Helvetica, sans-serif\" color=\"#000000\">Le football  p\u00e9ruvien<\/font><\/a><font size=\"2\" face=\"Arial, Helvetica, sans-serif\"><br \/><a target=\"_blank\" href=\"http:\/\/www.fpf.com.pe\/\"><font color=\"#000000\">F\u00e9deration  p\u00e9ruvienne de football<\/font><\/a><\/font> <font size=\"2\" face=\"Arial, Helvetica, sans-serif\"><br \/><a target=\"_blank\" href=\"https:\/\/www.abc-latina.com\/sport\/jeux_olympiques\/le-perou-aux-jo.php\"><font size=\"2\" face=\"Arial, Helvetica, sans-serif\" color=\"#000000\">Le P\u00e9rou aux JO<\/font><\/a><br \/><a target=\"_blank\" href=\"http:\/\/www.worldstadiums.com\/south_america\/countries\/peru.shtml\"><font color=\"#000000\">Les Stades au P\u00e9rou<\/font><\/a> <a target=\"_blank\" href=\"http:\/\/www.fotosdeestadios.hpg.ig.com.br\/Peru\/estadios_do_peru\"><br \/><\/a><font color=\"#000000\">&nbsp;<a target=\"_blank\" href=\"http:\/\/www.fpf.com.pe\/escenario\"><font color=\"#000001\">Estadio Monumental  &ldquo;U&rdquo;<\/font><\/a><\/font><\/font><\/font><\/p>\n","protected":false},"excerpt":{"rendered":"<p>Le P\u00e9rou au J-O Le P\u00e9rou a remport\u00e9 trois de ses quatre m\u00e9dailles olympiques en tir. La toute premi\u00e8re, et [&hellip;]<\/p>\n","protected":false},"author":3,"featured_media":0,"parent":2709,"menu_order":0,"comment_status":"closed","ping_status":"closed","template":"","meta":{"site-sidebar-layout":"default","site-content-layout":"","ast-site-content-layout":"default","site-content-style":"default","site-sidebar-style":"default","ast-global-header-display":"","ast-banner-title-visibility":"","ast-main-header-display":"","ast-hfb-above-header-display":"","ast-hfb-below-header-display":"","ast-hfb-mobile-header-display":"","site-post-title":"","ast-breadcrumbs-content":"","ast-featured-img":"","footer-sml-layout":"","ast-disable-related-posts":"","theme-transparent-header-meta":"","adv-header-id-meta":"","stick-header-meta":"","header-above-stick-meta":"","header-main-stick-meta":"","header-below-stick-meta":"","astra-migrate-meta-layouts":"default","ast-page-background-enabled":"default","ast-page-background-meta":{"desktop":{"background-color":"var(--ast-global-color-5)","background-image":"","background-repeat":"repeat","background-position":"center center","background-size":"auto","background-attachment":"scroll","background-type":"","background-media":"","overlay-type":"","overlay-color":"","overlay-opacity":"","overlay-gradient":""},"tablet":{"background-color":"","background-image":"","background-repeat":"repeat","background-position":"center center","background-size":"auto","background-attachment":"scroll","background-type":"","background-media":"","overlay-type":"","overlay-color":"","overlay-opacity":"","overlay-gradient":""},"mobile":{"background-color":"","background-image":"","background-repeat":"repeat","background-position":"center center","background-size":"auto","background-attachment":"scroll","background-type":"","background-media":"","overlay-type":"","overlay-color":"","overlay-opacity":"","overlay-gradient":""}},"ast-content-background-meta":{"desktop":{"background-color":"var(--ast-global-color-4)","background-image":"","background-repeat":"repeat","background-position":"center center","background-size":"auto","background-attachment":"scroll","background-type":"","background-media":"","overlay-type":"","overlay-color":"","overlay-opacity":"","overlay-gradient":""},"tablet":{"background-color":"var(--ast-global-color-4)","background-image":"","background-repeat":"repeat","background-position":"center center","background-size":"auto","background-attachment":"scroll","background-type":"","background-media":"","overlay-type":"","overlay-color":"","overlay-opacity":"","overlay-gradient":""},"mobile":{"background-color":"var(--ast-global-color-4)","background-image":"","background-repeat":"repeat","background-position":"center center","background-size":"auto","background-attachment":"scroll","background-type":"","background-media":"","overlay-type":"","overlay-color":"","overlay-opacity":"","overlay-gradient":""}},"footnotes":""},"class_list":["post-2725","page","type-page","status-publish","hentry"],"yoast_head":"<!-- This site is optimized with the Yoast SEO plugin v27.5 - https:\/\/yoast.com\/product\/yoast-seo-wordpress\/ -->\n<title>SPORT - PEROU - Abc-latina<\/title>\n<meta name=\"description\" content=\"Le sport au P\u00e9rou.\" \/>\n<meta name=\"robots\" content=\"index, follow, max-snippet:-1, max-image-preview:large, max-video-preview:-1\" \/>\n<link rel=\"canonical\" href=\"https:\/\/abc-latina.com\/sport\/perou\/\" \/>\n<meta property=\"og:locale\" content=\"fr_FR\" \/>\n<meta property=\"og:type\" content=\"article\" \/>\n<meta property=\"og:title\" content=\"SPORT - PEROU - Abc-latina\" \/>\n<meta property=\"og:description\" content=\"Le sport au P\u00e9rou.\" \/>\n<meta property=\"og:url\" content=\"https:\/\/abc-latina.com\/sport\/perou\/\" \/>\n<meta property=\"og:site_name\" content=\"Abc-latina\" \/>\n<meta property=\"article:modified_time\" content=\"2026-04-30T16:25:28+00:00\" \/>\n<meta name=\"twitter:card\" content=\"summary_large_image\" \/>\n<meta name=\"twitter:label1\" content=\"Dur\u00e9e de lecture estim\u00e9e\" \/>\n\t<meta name=\"twitter:data1\" content=\"2 minutes\" \/>\n<script type=\"application\/ld+json\" class=\"yoast-schema-graph\">{\"@context\":\"https:\\\/\\\/schema.org\",\"@graph\":[{\"@type\":\"WebPage\",\"@id\":\"https:\\\/\\\/abc-latina.com\\\/sport\\\/perou\\\/\",\"url\":\"https:\\\/\\\/abc-latina.com\\\/sport\\\/perou\\\/\",\"name\":\"SPORT - PEROU - Abc-latina\",\"isPartOf\":{\"@id\":\"https:\\\/\\\/abc-latina.com\\\/#website\"},\"datePublished\":\"2011-09-05T22:27:55+00:00\",\"dateModified\":\"2026-04-30T16:25:28+00:00\",\"description\":\"Le sport au P\u00e9rou.\",\"breadcrumb\":{\"@id\":\"https:\\\/\\\/abc-latina.com\\\/sport\\\/perou\\\/#breadcrumb\"},\"inLanguage\":\"fr-FR\",\"potentialAction\":[{\"@type\":\"ReadAction\",\"target\":[\"https:\\\/\\\/abc-latina.com\\\/sport\\\/perou\\\/\"]}]},{\"@type\":\"BreadcrumbList\",\"@id\":\"https:\\\/\\\/abc-latina.com\\\/sport\\\/perou\\\/#breadcrumb\",\"itemListElement\":[{\"@type\":\"ListItem\",\"position\":1,\"name\":\"Accueil\",\"item\":\"https:\\\/\\\/abc-latina.com\\\/\"},{\"@type\":\"ListItem\",\"position\":2,\"name\":\"SPORT &#8211; PEROU\"}]},{\"@type\":\"WebSite\",\"@id\":\"https:\\\/\\\/abc-latina.com\\\/#website\",\"url\":\"https:\\\/\\\/abc-latina.com\\\/\",\"name\":\"Abc-latina\",\"description\":\"\",\"publisher\":{\"@id\":\"https:\\\/\\\/abc-latina.com\\\/#organization\"},\"potentialAction\":[{\"@type\":\"SearchAction\",\"target\":{\"@type\":\"EntryPoint\",\"urlTemplate\":\"https:\\\/\\\/abc-latina.com\\\/?s={search_term_string}\"},\"query-input\":{\"@type\":\"PropertyValueSpecification\",\"valueRequired\":true,\"valueName\":\"search_term_string\"}}],\"inLanguage\":\"fr-FR\"},{\"@type\":\"Organization\",\"@id\":\"https:\\\/\\\/abc-latina.com\\\/#organization\",\"name\":\"Abc-latina\",\"url\":\"https:\\\/\\\/abc-latina.com\\\/\",\"logo\":{\"@type\":\"ImageObject\",\"inLanguage\":\"fr-FR\",\"@id\":\"https:\\\/\\\/abc-latina.com\\\/#\\\/schema\\\/logo\\\/image\\\/\",\"url\":\"https:\\\/\\\/abc-latina.com\\\/wp-content\\\/uploads\\\/2026\\\/05\\\/cropped-logo.gif\",\"contentUrl\":\"https:\\\/\\\/abc-latina.com\\\/wp-content\\\/uploads\\\/2026\\\/05\\\/cropped-logo.gif\",\"width\":89,\"height\":84,\"caption\":\"Abc-latina\"},\"image\":{\"@id\":\"https:\\\/\\\/abc-latina.com\\\/#\\\/schema\\\/logo\\\/image\\\/\"}}]}<\/script>\n<!-- \/ Yoast SEO plugin. -->","yoast_head_json":{"title":"SPORT - PEROU - Abc-latina","description":"Le sport au P\u00e9rou.","robots":{"index":"index","follow":"follow","max-snippet":"max-snippet:-1","max-image-preview":"max-image-preview:large","max-video-preview":"max-video-preview:-1"},"canonical":"https:\/\/abc-latina.com\/sport\/perou\/","og_locale":"fr_FR","og_type":"article","og_title":"SPORT - PEROU - Abc-latina","og_description":"Le sport au P\u00e9rou.","og_url":"https:\/\/abc-latina.com\/sport\/perou\/","og_site_name":"Abc-latina","article_modified_time":"2026-04-30T16:25:28+00:00","twitter_card":"summary_large_image","twitter_misc":{"Dur\u00e9e de lecture estim\u00e9e":"2 minutes"},"schema":{"@context":"https:\/\/schema.org","@graph":[{"@type":"WebPage","@id":"https:\/\/abc-latina.com\/sport\/perou\/","url":"https:\/\/abc-latina.com\/sport\/perou\/","name":"SPORT - PEROU - Abc-latina","isPartOf":{"@id":"https:\/\/abc-latina.com\/#website"},"datePublished":"2011-09-05T22:27:55+00:00","dateModified":"2026-04-30T16:25:28+00:00","description":"Le sport au P\u00e9rou.","breadcrumb":{"@id":"https:\/\/abc-latina.com\/sport\/perou\/#breadcrumb"},"inLanguage":"fr-FR","potentialAction":[{"@type":"ReadAction","target":["https:\/\/abc-latina.com\/sport\/perou\/"]}]},{"@type":"BreadcrumbList","@id":"https:\/\/abc-latina.com\/sport\/perou\/#breadcrumb","itemListElement":[{"@type":"ListItem","position":1,"name":"Accueil","item":"https:\/\/abc-latina.com\/"},{"@type":"ListItem","position":2,"name":"SPORT &#8211; PEROU"}]},{"@type":"WebSite","@id":"https:\/\/abc-latina.com\/#website","url":"https:\/\/abc-latina.com\/","name":"Abc-latina","description":"","publisher":{"@id":"https:\/\/abc-latina.com\/#organization"},"potentialAction":[{"@type":"SearchAction","target":{"@type":"EntryPoint","urlTemplate":"https:\/\/abc-latina.com\/?s={search_term_string}"},"query-input":{"@type":"PropertyValueSpecification","valueRequired":true,"valueName":"search_term_string"}}],"inLanguage":"fr-FR"},{"@type":"Organization","@id":"https:\/\/abc-latina.com\/#organization","name":"Abc-latina","url":"https:\/\/abc-latina.com\/","logo":{"@type":"ImageObject","inLanguage":"fr-FR","@id":"https:\/\/abc-latina.com\/#\/schema\/logo\/image\/","url":"https:\/\/abc-latina.com\/wp-content\/uploads\/2026\/05\/cropped-logo.gif","contentUrl":"https:\/\/abc-latina.com\/wp-content\/uploads\/2026\/05\/cropped-logo.gif","width":89,"height":84,"caption":"Abc-latina"},"image":{"@id":"https:\/\/abc-latina.com\/#\/schema\/logo\/image\/"}}]}},"_links":{"self":[{"href":"https:\/\/abc-latina.com\/wp-json\/wp\/v2\/pages\/2725","targetHints":{"allow":["GET"]}}],"collection":[{"href":"https:\/\/abc-latina.com\/wp-json\/wp\/v2\/pages"}],"about":[{"href":"https:\/\/abc-latina.com\/wp-json\/wp\/v2\/types\/page"}],"author":[{"embeddable":true,"href":"https:\/\/abc-latina.com\/wp-json\/wp\/v2\/users\/3"}],"replies":[{"embeddable":true,"href":"https:\/\/abc-latina.com\/wp-json\/wp\/v2\/comments?post=2725"}],"version-history":[{"count":1,"href":"https:\/\/abc-latina.com\/wp-json\/wp\/v2\/pages\/2725\/revisions"}],"predecessor-version":[{"id":3989,"href":"https:\/\/abc-latina.com\/wp-json\/wp\/v2\/pages\/2725\/revisions\/3989"}],"up":[{"embeddable":true,"href":"https:\/\/abc-latina.com\/wp-json\/wp\/v2\/pages\/2709"}],"wp:attachment":[{"href":"https:\/\/abc-latina.com\/wp-json\/wp\/v2\/media?parent=2725"}],"curies":[{"name":"wp","href":"https:\/\/api.w.org\/{rel}","templated":true}]}}