{"id":2726,"date":"2011-09-06T01:31:43","date_gmt":"2011-09-05T23:31:43","guid":{"rendered":"http:\/\/abc-latina.com\/uruguay-htm\/"},"modified":"2026-04-30T18:25:30","modified_gmt":"2026-04-30T16:25:30","slug":"uruguay","status":"publish","type":"page","link":"https:\/\/abc-latina.com\/sport\/uruguay\/","title":{"rendered":"SPORT &#8211; URUGUAY"},"content":{"rendered":"<p><b style=\"color: rgb(255, 128, 0); font-family: Arial, Helvetica, sans-serif; font-size: small; \">L&rsquo;Uruguay au J-O<\/b><\/p>\n<p align=\"justify\"><font size=\"2\" face=\"Arial, Helvetica, sans-serif\">L&rsquo;\u00e9quipe masculine de football de  l&rsquo;Uruguay a remport\u00e9 deux m\u00e9dailles d&rsquo;or cons\u00e9cutives, aux Jeux Olympiques de  Paris, en 1924, et aux Jeux Olympiques de Londres, en 1928. Les basketteurs  uruguayens ont quant \u00e0 eux \u00e9t\u00e9 m\u00e9daill\u00e9s de bronze \u00e0 deux reprises en 1952 et  1956. En aviron, l&rsquo;Uruguay a d\u00e9croch\u00e9 une m\u00e9daille d&rsquo;argent et deux m\u00e9dailles de  bronze entre 1948 et 1952. Le cycliste Milton Wynants a remport\u00e9 la derni\u00e8re  m\u00e9daille olympique en date de l&rsquo;Uruguay, en finissant \u00e0 la deuxi\u00e8me place de la  course aux points hommes, lors des Jeux Olympiques de Sydney, en  2000.<br \/><\/font><font size=\"1\" face=\"Arial\" color=\"#666666\">&copy; CIO<\/font><\/p>\n<p align=\"justify\"><font size=\"2\" face=\"Arial, Helvetica, sans-serif\"><font color=\"#ff8000\"><strong>Quelques grands noms du sport  uruguayen<\/strong><\/font><br \/><a href=\"https:\/\/www.abc-latina.com\/sport\/sportifs\/index\"><font color=\"#000000\">En  cours &#8230;<\/font><\/a><br \/><\/font><\/p>\n<p align=\"left\"><font size=\"2\" face=\"Arial, Helvetica, sans-serif\"><font color=\"#ff8000\"><strong>Autres sportifs latino-am\u00e9ricains<\/strong><\/font><br \/><a href=\"https:\/\/www.abc-latina.com\/sport\/sportifs\/index\"><font color=\"#000000\">Cliquez ici<\/font><\/a><\/font><\/p>\n<p align=\"left\"><font size=\"2\" face=\"Arial, Helvetica, sans-serif\"><font color=\"#ff8000\"><strong>Autres infos <br \/><\/strong><\/font><font size=\"2\" face=\"Arial, Helvetica, sans-serif\"><a href=\"https:\/\/www.abc-latina.com\/sport\/jeux_olympiques\/tableau_medailles\"><font color=\"#000000\">Tabelau des  m\u00e9dailles aux J-O<\/font><\/a><\/font><font color=\"#ff8000\"><strong><br \/><\/strong><\/font><font size=\"2\" face=\"Arial, Helvetica, sans-serif\"><font size=\"2\" face=\"Arial, Helvetica, sans-serif\"><a target=\"_blank\" href=\"https:\/\/www.abc-latina.com\/sport\/football\/uruguay\"><font color=\"#000000\">Le football uruguayen<\/font><\/a><\/font><font color=\"#000000\"><br \/><\/font><a target=\"_blank\" href=\"http:\/\/www.worldstadiums.com\/south_america\/countries\/uruguay.shtml\"><font size=\"2\" face=\"Arial, Helvetica, sans-serif\" color=\"#000000\">Les  stades uruguayens&nbsp;<\/font><\/a><a target=\"_blank\" href=\"https:\/\/www.abc-latina.com\/sport\/football\/bresil\"><font color=\"#000000\"><br \/><\/font><\/a><\/font><\/font><\/p>\n","protected":false},"excerpt":{"rendered":"<p>L&rsquo;Uruguay au J-O L&rsquo;\u00e9quipe masculine de football de l&rsquo;Uruguay a remport\u00e9 deux m\u00e9dailles d&rsquo;or cons\u00e9cutives, aux Jeux Olympiques de Paris, [&hellip;]<\/p>\n","protected":false},"author":3,"featured_media":0,"parent":2709,"menu_order":0,"comment_status":"closed","ping_status":"closed","template":"","meta":{"site-sidebar-layout":"default","site-content-layout":"","ast-site-content-layout":"default","site-content-style":"default","site-sidebar-style":"default","ast-global-header-display":"","ast-banner-title-visibility":"","ast-main-header-display":"","ast-hfb-above-header-display":"","ast-hfb-below-header-display":"","ast-hfb-mobile-header-display":"","site-post-title":"","ast-breadcrumbs-content":"","ast-featured-img":"","footer-sml-layout":"","ast-disable-related-posts":"","theme-transparent-header-meta":"","adv-header-id-meta":"","stick-header-meta":"","header-above-stick-meta":"","header-main-stick-meta":"","header-below-stick-meta":"","astra-migrate-meta-layouts":"default","ast-page-background-enabled":"default","ast-page-background-meta":{"desktop":{"background-color":"var(--ast-global-color-5)","background-image":"","background-repeat":"repeat","background-position":"center center","background-size":"auto","background-attachment":"scroll","background-type":"","background-media":"","overlay-type":"","overlay-color":"","overlay-opacity":"","overlay-gradient":""},"tablet":{"background-color":"","background-image":"","background-repeat":"repeat","background-position":"center center","background-size":"auto","background-attachment":"scroll","background-type":"","background-media":"","overlay-type":"","overlay-color":"","overlay-opacity":"","overlay-gradient":""},"mobile":{"background-color":"","background-image":"","background-repeat":"repeat","background-position":"center center","background-size":"auto","background-attachment":"scroll","background-type":"","background-media":"","overlay-type":"","overlay-color":"","overlay-opacity":"","overlay-gradient":""}},"ast-content-background-meta":{"desktop":{"background-color":"var(--ast-global-color-4)","background-image":"","background-repeat":"repeat","background-position":"center center","background-size":"auto","background-attachment":"scroll","background-type":"","background-media":"","overlay-type":"","overlay-color":"","overlay-opacity":"","overlay-gradient":""},"tablet":{"background-color":"var(--ast-global-color-4)","background-image":"","background-repeat":"repeat","background-position":"center center","background-size":"auto","background-attachment":"scroll","background-type":"","background-media":"","overlay-type":"","overlay-color":"","overlay-opacity":"","overlay-gradient":""},"mobile":{"background-color":"var(--ast-global-color-4)","background-image":"","background-repeat":"repeat","background-position":"center center","background-size":"auto","background-attachment":"scroll","background-type":"","background-media":"","overlay-type":"","overlay-color":"","overlay-opacity":"","overlay-gradient":""}},"footnotes":""},"class_list":["post-2726","page","type-page","status-publish","hentry"],"yoast_head":"<!-- This site is optimized with the Yoast SEO plugin v27.5 - https:\/\/yoast.com\/product\/yoast-seo-wordpress\/ -->\n<title>SPORT - URUGUAY - Abc-latina<\/title>\n<meta name=\"description\" content=\"Le sport en Uruguay.\" \/>\n<meta name=\"robots\" content=\"index, follow, max-snippet:-1, max-image-preview:large, max-video-preview:-1\" \/>\n<link rel=\"canonical\" href=\"https:\/\/abc-latina.com\/sport\/uruguay\/\" \/>\n<meta property=\"og:locale\" content=\"fr_FR\" \/>\n<meta property=\"og:type\" content=\"article\" \/>\n<meta property=\"og:title\" content=\"SPORT - URUGUAY - Abc-latina\" \/>\n<meta property=\"og:description\" content=\"Le sport en Uruguay.\" \/>\n<meta property=\"og:url\" content=\"https:\/\/abc-latina.com\/sport\/uruguay\/\" \/>\n<meta property=\"og:site_name\" content=\"Abc-latina\" \/>\n<meta property=\"article:modified_time\" content=\"2026-04-30T16:25:30+00:00\" \/>\n<meta name=\"twitter:card\" content=\"summary_large_image\" \/>\n<meta name=\"twitter:label1\" content=\"Dur\u00e9e de lecture estim\u00e9e\" \/>\n\t<meta name=\"twitter:data1\" content=\"1 minute\" \/>\n<script type=\"application\/ld+json\" class=\"yoast-schema-graph\">{\"@context\":\"https:\\\/\\\/schema.org\",\"@graph\":[{\"@type\":\"WebPage\",\"@id\":\"https:\\\/\\\/abc-latina.com\\\/sport\\\/uruguay\\\/\",\"url\":\"https:\\\/\\\/abc-latina.com\\\/sport\\\/uruguay\\\/\",\"name\":\"SPORT - URUGUAY - Abc-latina\",\"isPartOf\":{\"@id\":\"https:\\\/\\\/abc-latina.com\\\/#website\"},\"datePublished\":\"2011-09-05T23:31:43+00:00\",\"dateModified\":\"2026-04-30T16:25:30+00:00\",\"description\":\"Le sport en Uruguay.\",\"breadcrumb\":{\"@id\":\"https:\\\/\\\/abc-latina.com\\\/sport\\\/uruguay\\\/#breadcrumb\"},\"inLanguage\":\"fr-FR\",\"potentialAction\":[{\"@type\":\"ReadAction\",\"target\":[\"https:\\\/\\\/abc-latina.com\\\/sport\\\/uruguay\\\/\"]}]},{\"@type\":\"BreadcrumbList\",\"@id\":\"https:\\\/\\\/abc-latina.com\\\/sport\\\/uruguay\\\/#breadcrumb\",\"itemListElement\":[{\"@type\":\"ListItem\",\"position\":1,\"name\":\"Accueil\",\"item\":\"https:\\\/\\\/abc-latina.com\\\/\"},{\"@type\":\"ListItem\",\"position\":2,\"name\":\"SPORT &#8211; URUGUAY\"}]},{\"@type\":\"WebSite\",\"@id\":\"https:\\\/\\\/abc-latina.com\\\/#website\",\"url\":\"https:\\\/\\\/abc-latina.com\\\/\",\"name\":\"Abc-latina\",\"description\":\"\",\"publisher\":{\"@id\":\"https:\\\/\\\/abc-latina.com\\\/#organization\"},\"potentialAction\":[{\"@type\":\"SearchAction\",\"target\":{\"@type\":\"EntryPoint\",\"urlTemplate\":\"https:\\\/\\\/abc-latina.com\\\/?s={search_term_string}\"},\"query-input\":{\"@type\":\"PropertyValueSpecification\",\"valueRequired\":true,\"valueName\":\"search_term_string\"}}],\"inLanguage\":\"fr-FR\"},{\"@type\":\"Organization\",\"@id\":\"https:\\\/\\\/abc-latina.com\\\/#organization\",\"name\":\"Abc-latina\",\"url\":\"https:\\\/\\\/abc-latina.com\\\/\",\"logo\":{\"@type\":\"ImageObject\",\"inLanguage\":\"fr-FR\",\"@id\":\"https:\\\/\\\/abc-latina.com\\\/#\\\/schema\\\/logo\\\/image\\\/\",\"url\":\"https:\\\/\\\/abc-latina.com\\\/wp-content\\\/uploads\\\/2026\\\/05\\\/cropped-logo.gif\",\"contentUrl\":\"https:\\\/\\\/abc-latina.com\\\/wp-content\\\/uploads\\\/2026\\\/05\\\/cropped-logo.gif\",\"width\":89,\"height\":84,\"caption\":\"Abc-latina\"},\"image\":{\"@id\":\"https:\\\/\\\/abc-latina.com\\\/#\\\/schema\\\/logo\\\/image\\\/\"}}]}<\/script>\n<!-- \/ Yoast SEO plugin. -->","yoast_head_json":{"title":"SPORT - URUGUAY - Abc-latina","description":"Le sport en Uruguay.","robots":{"index":"index","follow":"follow","max-snippet":"max-snippet:-1","max-image-preview":"max-image-preview:large","max-video-preview":"max-video-preview:-1"},"canonical":"https:\/\/abc-latina.com\/sport\/uruguay\/","og_locale":"fr_FR","og_type":"article","og_title":"SPORT - URUGUAY - Abc-latina","og_description":"Le sport en Uruguay.","og_url":"https:\/\/abc-latina.com\/sport\/uruguay\/","og_site_name":"Abc-latina","article_modified_time":"2026-04-30T16:25:30+00:00","twitter_card":"summary_large_image","twitter_misc":{"Dur\u00e9e de lecture estim\u00e9e":"1 minute"},"schema":{"@context":"https:\/\/schema.org","@graph":[{"@type":"WebPage","@id":"https:\/\/abc-latina.com\/sport\/uruguay\/","url":"https:\/\/abc-latina.com\/sport\/uruguay\/","name":"SPORT - URUGUAY - Abc-latina","isPartOf":{"@id":"https:\/\/abc-latina.com\/#website"},"datePublished":"2011-09-05T23:31:43+00:00","dateModified":"2026-04-30T16:25:30+00:00","description":"Le sport en Uruguay.","breadcrumb":{"@id":"https:\/\/abc-latina.com\/sport\/uruguay\/#breadcrumb"},"inLanguage":"fr-FR","potentialAction":[{"@type":"ReadAction","target":["https:\/\/abc-latina.com\/sport\/uruguay\/"]}]},{"@type":"BreadcrumbList","@id":"https:\/\/abc-latina.com\/sport\/uruguay\/#breadcrumb","itemListElement":[{"@type":"ListItem","position":1,"name":"Accueil","item":"https:\/\/abc-latina.com\/"},{"@type":"ListItem","position":2,"name":"SPORT &#8211; URUGUAY"}]},{"@type":"WebSite","@id":"https:\/\/abc-latina.com\/#website","url":"https:\/\/abc-latina.com\/","name":"Abc-latina","description":"","publisher":{"@id":"https:\/\/abc-latina.com\/#organization"},"potentialAction":[{"@type":"SearchAction","target":{"@type":"EntryPoint","urlTemplate":"https:\/\/abc-latina.com\/?s={search_term_string}"},"query-input":{"@type":"PropertyValueSpecification","valueRequired":true,"valueName":"search_term_string"}}],"inLanguage":"fr-FR"},{"@type":"Organization","@id":"https:\/\/abc-latina.com\/#organization","name":"Abc-latina","url":"https:\/\/abc-latina.com\/","logo":{"@type":"ImageObject","inLanguage":"fr-FR","@id":"https:\/\/abc-latina.com\/#\/schema\/logo\/image\/","url":"https:\/\/abc-latina.com\/wp-content\/uploads\/2026\/05\/cropped-logo.gif","contentUrl":"https:\/\/abc-latina.com\/wp-content\/uploads\/2026\/05\/cropped-logo.gif","width":89,"height":84,"caption":"Abc-latina"},"image":{"@id":"https:\/\/abc-latina.com\/#\/schema\/logo\/image\/"}}]}},"_links":{"self":[{"href":"https:\/\/abc-latina.com\/wp-json\/wp\/v2\/pages\/2726","targetHints":{"allow":["GET"]}}],"collection":[{"href":"https:\/\/abc-latina.com\/wp-json\/wp\/v2\/pages"}],"about":[{"href":"https:\/\/abc-latina.com\/wp-json\/wp\/v2\/types\/page"}],"author":[{"embeddable":true,"href":"https:\/\/abc-latina.com\/wp-json\/wp\/v2\/users\/3"}],"replies":[{"embeddable":true,"href":"https:\/\/abc-latina.com\/wp-json\/wp\/v2\/comments?post=2726"}],"version-history":[{"count":1,"href":"https:\/\/abc-latina.com\/wp-json\/wp\/v2\/pages\/2726\/revisions"}],"predecessor-version":[{"id":4024,"href":"https:\/\/abc-latina.com\/wp-json\/wp\/v2\/pages\/2726\/revisions\/4024"}],"up":[{"embeddable":true,"href":"https:\/\/abc-latina.com\/wp-json\/wp\/v2\/pages\/2709"}],"wp:attachment":[{"href":"https:\/\/abc-latina.com\/wp-json\/wp\/v2\/media?parent=2726"}],"curies":[{"name":"wp","href":"https:\/\/api.w.org\/{rel}","templated":true}]}}