{"id":273,"date":"2010-06-04T06:49:11","date_gmt":"2010-06-04T04:49:11","guid":{"rendered":"http:\/\/abc-latina.com\/pinar_del_rio-htm\/"},"modified":"2018-06-10T15:22:36","modified_gmt":"2018-06-10T13:22:36","slug":"pinar_del_rio","status":"publish","type":"page","link":"https:\/\/abc-latina.com\/cuba\/pinar_del_rio\/","title":{"rendered":"PINAR DEL RIO"},"content":{"rendered":"<div><img loading=\"lazy\" decoding=\"async\" class=\" size-full wp-image-272\" src=\"http:\/\/abc-latina.com\/wp-content\/uploads\/2010\/06\/stm-sidecar_1.jpg\" title=\"VOYAGE \u00e0 PINAR DEL RIO\" alt=\"VOYAGE \u00e0 PINAR DEL RIO\" width=\"480\" height=\"321\" srcset=\"https:\/\/abc-latina.com\/wp-content\/uploads\/2010\/06\/stm-sidecar_1.jpg 587w, https:\/\/abc-latina.com\/wp-content\/uploads\/2010\/06\/stm-sidecar_1-300x201.jpg 300w\" sizes=\"auto, (max-width: 480px) 100vw, 480px\" \/><\/div>\n<div>&nbsp;<\/div>\n<div>La province de <span class=\"tourisme-chapitre\">Pinar del R\u00edo<\/span> est en voie de devenir La Mecque du tourisme \u00e9cologique. Sculpt\u00e9e par la cha\u00eene de montagnes de Guaniguanico, cette province cache dans ces nombreux replis de v\u00e9ritables merveilles de la nature. Au diable les plages qui font la renomm\u00e9e de Cuba! Voici la province la plus occidentale du pays, le rendez-vous des promeneurs et des amants de la nature. Dissimul\u00e9es dans des paysages extraordinaires, les huttes de s\u00e9chage du tabac sont en quelque sorte les symboles de la province. Une grande partie de la paysannerie cultive encore le tabac selon la m\u00e9thode traditionnelle; si les serres ultramodernes c\u00f4toient cependant de plus en plus les huttes \u00e0 toit de feuilles de palmier, les tracteurs se font rares et les boeufs sont l\u00e9gion sur ces terres rouges.<\/div>\n<h3>Pr\u00e9parez votre voyage \u00e0 Pinar de Rio:<\/h3>\n<p><a href=\"..\/tour_operateur\" target=\"_blank\" style=\"text-decoration: none;\"><img loading=\"lazy\" decoding=\"async\" class=\" size-full wp-image-41\" alt=\"\" src=\"http:\/\/abc-latina.com\/wp-content\/uploads\/2010\/04\/timbre_to.gif\" class=\"touroperateur\" width=\"125\" height=\"90\" \/><\/a><\/p>\n<div><a href=\"https:\/\/www.abc-latina.com\/cuba\/agence_de_voyages\">Agences de voyage g\u00e9n\u00e9ralistes et discounteurs<\/a><\/div>\n<div><a href=\"https:\/\/www.abc-latina.com\/cuba\/tour_operateur\">Tours Op\u00e9rateurs sp\u00e9cialistes de Cuba<\/a><\/div>\n<div><a href=\"https:\/\/www.abc-latina.com\/to\/reservation_billet_avion\" target=\"_blank\">R\u00e9servez votre billet d&rsquo;avion<\/a><\/div>\n<div><a href=\"https:\/\/www.abc-latina.com\/cuba\/hotels\">R\u00e9servez votre h\u00f4tel \u00e0 Pinar del Rio<\/a>&nbsp;<\/div>\n<div><a href=\"https:\/\/www.abc-latina.com\/to\/location_de_voiture_cuba\" target=\"_blank\">Location de voiture<\/a><\/div>\n<p>&nbsp;<\/p>\n","protected":false},"excerpt":{"rendered":"<p>&nbsp; La province de Pinar del R\u00edo est en voie de devenir La Mecque du tourisme \u00e9cologique. Sculpt\u00e9e par la [&hellip;]<\/p>\n","protected":false},"author":3,"featured_media":272,"parent":2302,"menu_order":0,"comment_status":"closed","ping_status":"closed","template":"","meta":{"site-sidebar-layout":"default","site-content-layout":"","ast-site-content-layout":"default","site-content-style":"default","site-sidebar-style":"default","ast-global-header-display":"","ast-banner-title-visibility":"","ast-main-header-display":"","ast-hfb-above-header-display":"","ast-hfb-below-header-display":"","ast-hfb-mobile-header-display":"","site-post-title":"","ast-breadcrumbs-content":"","ast-featured-img":"","footer-sml-layout":"","ast-disable-related-posts":"","theme-transparent-header-meta":"","adv-header-id-meta":"","stick-header-meta":"","header-above-stick-meta":"","header-main-stick-meta":"","header-below-stick-meta":"","astra-migrate-meta-layouts":"default","ast-page-background-enabled":"default","ast-page-background-meta":{"desktop":{"background-color":"var(--ast-global-color-5)","background-image":"","background-repeat":"repeat","background-position":"center center","background-size":"auto","background-attachment":"scroll","background-type":"","background-media":"","overlay-type":"","overlay-color":"","overlay-opacity":"","overlay-gradient":""},"tablet":{"background-color":"","background-image":"","background-repeat":"repeat","background-position":"center center","background-size":"auto","background-attachment":"scroll","background-type":"","background-media":"","overlay-type":"","overlay-color":"","overlay-opacity":"","overlay-gradient":""},"mobile":{"background-color":"","background-image":"","background-repeat":"repeat","background-position":"center center","background-size":"auto","background-attachment":"scroll","background-type":"","background-media":"","overlay-type":"","overlay-color":"","overlay-opacity":"","overlay-gradient":""}},"ast-content-background-meta":{"desktop":{"background-color":"var(--ast-global-color-4)","background-image":"","background-repeat":"repeat","background-position":"center center","background-size":"auto","background-attachment":"scroll","background-type":"","background-media":"","overlay-type":"","overlay-color":"","overlay-opacity":"","overlay-gradient":""},"tablet":{"background-color":"var(--ast-global-color-4)","background-image":"","background-repeat":"repeat","background-position":"center center","background-size":"auto","background-attachment":"scroll","background-type":"","background-media":"","overlay-type":"","overlay-color":"","overlay-opacity":"","overlay-gradient":""},"mobile":{"background-color":"var(--ast-global-color-4)","background-image":"","background-repeat":"repeat","background-position":"center center","background-size":"auto","background-attachment":"scroll","background-type":"","background-media":"","overlay-type":"","overlay-color":"","overlay-opacity":"","overlay-gradient":""}},"footnotes":""},"class_list":["post-273","page","type-page","status-publish","has-post-thumbnail","hentry"],"yoast_head":"<!-- This site is optimized with the Yoast SEO plugin v27.5 - https:\/\/yoast.com\/product\/yoast-seo-wordpress\/ -->\n<title>PINAR DEL RIO - Abc-latina<\/title>\n<meta name=\"description\" content=\"Tourisme et voyage \u00e0 Pinar del Rio, Cuba.\" \/>\n<meta name=\"robots\" content=\"index, follow, max-snippet:-1, max-image-preview:large, max-video-preview:-1\" \/>\n<link rel=\"canonical\" href=\"https:\/\/abc-latina.com\/cuba\/pinar_del_rio\/\" \/>\n<meta property=\"og:locale\" content=\"fr_FR\" \/>\n<meta property=\"og:type\" content=\"article\" \/>\n<meta property=\"og:title\" content=\"PINAR DEL RIO - Abc-latina\" \/>\n<meta property=\"og:description\" content=\"Tourisme et voyage \u00e0 Pinar del Rio, Cuba.\" \/>\n<meta property=\"og:url\" content=\"https:\/\/abc-latina.com\/cuba\/pinar_del_rio\/\" \/>\n<meta property=\"og:site_name\" content=\"Abc-latina\" \/>\n<meta property=\"article:modified_time\" content=\"2018-06-10T13:22:36+00:00\" \/>\n<meta property=\"og:image\" content=\"https:\/\/abc-latina.com\/wp-content\/uploads\/2010\/06\/stm-sidecar_1.jpg\" \/>\n\t<meta property=\"og:image:width\" content=\"587\" \/>\n\t<meta property=\"og:image:height\" content=\"393\" \/>\n\t<meta property=\"og:image:type\" content=\"image\/jpeg\" \/>\n<meta name=\"twitter:card\" content=\"summary_large_image\" \/>\n<meta name=\"twitter:label1\" content=\"Dur\u00e9e de lecture estim\u00e9e\" \/>\n\t<meta name=\"twitter:data1\" content=\"1 minute\" \/>\n<script type=\"application\/ld+json\" class=\"yoast-schema-graph\">{\"@context\":\"https:\\\/\\\/schema.org\",\"@graph\":[{\"@type\":\"WebPage\",\"@id\":\"https:\\\/\\\/abc-latina.com\\\/cuba\\\/pinar_del_rio\\\/\",\"url\":\"https:\\\/\\\/abc-latina.com\\\/cuba\\\/pinar_del_rio\\\/\",\"name\":\"PINAR DEL RIO - Abc-latina\",\"isPartOf\":{\"@id\":\"https:\\\/\\\/abc-latina.com\\\/#website\"},\"primaryImageOfPage\":{\"@id\":\"https:\\\/\\\/abc-latina.com\\\/cuba\\\/pinar_del_rio\\\/#primaryimage\"},\"image\":{\"@id\":\"https:\\\/\\\/abc-latina.com\\\/cuba\\\/pinar_del_rio\\\/#primaryimage\"},\"thumbnailUrl\":\"https:\\\/\\\/abc-latina.com\\\/wp-content\\\/uploads\\\/2010\\\/06\\\/stm-sidecar_1.jpg\",\"datePublished\":\"2010-06-04T04:49:11+00:00\",\"dateModified\":\"2018-06-10T13:22:36+00:00\",\"description\":\"Tourisme et voyage \u00e0 Pinar del Rio, Cuba.\",\"breadcrumb\":{\"@id\":\"https:\\\/\\\/abc-latina.com\\\/cuba\\\/pinar_del_rio\\\/#breadcrumb\"},\"inLanguage\":\"fr-FR\",\"potentialAction\":[{\"@type\":\"ReadAction\",\"target\":[\"https:\\\/\\\/abc-latina.com\\\/cuba\\\/pinar_del_rio\\\/\"]}]},{\"@type\":\"ImageObject\",\"inLanguage\":\"fr-FR\",\"@id\":\"https:\\\/\\\/abc-latina.com\\\/cuba\\\/pinar_del_rio\\\/#primaryimage\",\"url\":\"https:\\\/\\\/abc-latina.com\\\/wp-content\\\/uploads\\\/2010\\\/06\\\/stm-sidecar_1.jpg\",\"contentUrl\":\"https:\\\/\\\/abc-latina.com\\\/wp-content\\\/uploads\\\/2010\\\/06\\\/stm-sidecar_1.jpg\",\"width\":587,\"height\":393,\"caption\":\"VOYAGE \u00e0 PINAR DEL RIO\"},{\"@type\":\"BreadcrumbList\",\"@id\":\"https:\\\/\\\/abc-latina.com\\\/cuba\\\/pinar_del_rio\\\/#breadcrumb\",\"itemListElement\":[{\"@type\":\"ListItem\",\"position\":1,\"name\":\"Accueil\",\"item\":\"https:\\\/\\\/abc-latina.com\\\/\"},{\"@type\":\"ListItem\",\"position\":2,\"name\":\"PINAR DEL RIO\"}]},{\"@type\":\"WebSite\",\"@id\":\"https:\\\/\\\/abc-latina.com\\\/#website\",\"url\":\"https:\\\/\\\/abc-latina.com\\\/\",\"name\":\"Abc-latina\",\"description\":\"\",\"publisher\":{\"@id\":\"https:\\\/\\\/abc-latina.com\\\/#organization\"},\"potentialAction\":[{\"@type\":\"SearchAction\",\"target\":{\"@type\":\"EntryPoint\",\"urlTemplate\":\"https:\\\/\\\/abc-latina.com\\\/?s={search_term_string}\"},\"query-input\":{\"@type\":\"PropertyValueSpecification\",\"valueRequired\":true,\"valueName\":\"search_term_string\"}}],\"inLanguage\":\"fr-FR\"},{\"@type\":\"Organization\",\"@id\":\"https:\\\/\\\/abc-latina.com\\\/#organization\",\"name\":\"Abc-latina\",\"url\":\"https:\\\/\\\/abc-latina.com\\\/\",\"logo\":{\"@type\":\"ImageObject\",\"inLanguage\":\"fr-FR\",\"@id\":\"https:\\\/\\\/abc-latina.com\\\/#\\\/schema\\\/logo\\\/image\\\/\",\"url\":\"https:\\\/\\\/abc-latina.com\\\/wp-content\\\/uploads\\\/2026\\\/05\\\/cropped-logo.gif\",\"contentUrl\":\"https:\\\/\\\/abc-latina.com\\\/wp-content\\\/uploads\\\/2026\\\/05\\\/cropped-logo.gif\",\"width\":89,\"height\":84,\"caption\":\"Abc-latina\"},\"image\":{\"@id\":\"https:\\\/\\\/abc-latina.com\\\/#\\\/schema\\\/logo\\\/image\\\/\"}}]}<\/script>\n<!-- \/ Yoast SEO plugin. -->","yoast_head_json":{"title":"PINAR DEL RIO - Abc-latina","description":"Tourisme et voyage \u00e0 Pinar del Rio, Cuba.","robots":{"index":"index","follow":"follow","max-snippet":"max-snippet:-1","max-image-preview":"max-image-preview:large","max-video-preview":"max-video-preview:-1"},"canonical":"https:\/\/abc-latina.com\/cuba\/pinar_del_rio\/","og_locale":"fr_FR","og_type":"article","og_title":"PINAR DEL RIO - Abc-latina","og_description":"Tourisme et voyage \u00e0 Pinar del Rio, Cuba.","og_url":"https:\/\/abc-latina.com\/cuba\/pinar_del_rio\/","og_site_name":"Abc-latina","article_modified_time":"2018-06-10T13:22:36+00:00","og_image":[{"width":587,"height":393,"url":"https:\/\/abc-latina.com\/wp-content\/uploads\/2010\/06\/stm-sidecar_1.jpg","type":"image\/jpeg"}],"twitter_card":"summary_large_image","twitter_misc":{"Dur\u00e9e de lecture estim\u00e9e":"1 minute"},"schema":{"@context":"https:\/\/schema.org","@graph":[{"@type":"WebPage","@id":"https:\/\/abc-latina.com\/cuba\/pinar_del_rio\/","url":"https:\/\/abc-latina.com\/cuba\/pinar_del_rio\/","name":"PINAR DEL RIO - Abc-latina","isPartOf":{"@id":"https:\/\/abc-latina.com\/#website"},"primaryImageOfPage":{"@id":"https:\/\/abc-latina.com\/cuba\/pinar_del_rio\/#primaryimage"},"image":{"@id":"https:\/\/abc-latina.com\/cuba\/pinar_del_rio\/#primaryimage"},"thumbnailUrl":"https:\/\/abc-latina.com\/wp-content\/uploads\/2010\/06\/stm-sidecar_1.jpg","datePublished":"2010-06-04T04:49:11+00:00","dateModified":"2018-06-10T13:22:36+00:00","description":"Tourisme et voyage \u00e0 Pinar del Rio, Cuba.","breadcrumb":{"@id":"https:\/\/abc-latina.com\/cuba\/pinar_del_rio\/#breadcrumb"},"inLanguage":"fr-FR","potentialAction":[{"@type":"ReadAction","target":["https:\/\/abc-latina.com\/cuba\/pinar_del_rio\/"]}]},{"@type":"ImageObject","inLanguage":"fr-FR","@id":"https:\/\/abc-latina.com\/cuba\/pinar_del_rio\/#primaryimage","url":"https:\/\/abc-latina.com\/wp-content\/uploads\/2010\/06\/stm-sidecar_1.jpg","contentUrl":"https:\/\/abc-latina.com\/wp-content\/uploads\/2010\/06\/stm-sidecar_1.jpg","width":587,"height":393,"caption":"VOYAGE \u00e0 PINAR DEL RIO"},{"@type":"BreadcrumbList","@id":"https:\/\/abc-latina.com\/cuba\/pinar_del_rio\/#breadcrumb","itemListElement":[{"@type":"ListItem","position":1,"name":"Accueil","item":"https:\/\/abc-latina.com\/"},{"@type":"ListItem","position":2,"name":"PINAR DEL RIO"}]},{"@type":"WebSite","@id":"https:\/\/abc-latina.com\/#website","url":"https:\/\/abc-latina.com\/","name":"Abc-latina","description":"","publisher":{"@id":"https:\/\/abc-latina.com\/#organization"},"potentialAction":[{"@type":"SearchAction","target":{"@type":"EntryPoint","urlTemplate":"https:\/\/abc-latina.com\/?s={search_term_string}"},"query-input":{"@type":"PropertyValueSpecification","valueRequired":true,"valueName":"search_term_string"}}],"inLanguage":"fr-FR"},{"@type":"Organization","@id":"https:\/\/abc-latina.com\/#organization","name":"Abc-latina","url":"https:\/\/abc-latina.com\/","logo":{"@type":"ImageObject","inLanguage":"fr-FR","@id":"https:\/\/abc-latina.com\/#\/schema\/logo\/image\/","url":"https:\/\/abc-latina.com\/wp-content\/uploads\/2026\/05\/cropped-logo.gif","contentUrl":"https:\/\/abc-latina.com\/wp-content\/uploads\/2026\/05\/cropped-logo.gif","width":89,"height":84,"caption":"Abc-latina"},"image":{"@id":"https:\/\/abc-latina.com\/#\/schema\/logo\/image\/"}}]}},"_links":{"self":[{"href":"https:\/\/abc-latina.com\/wp-json\/wp\/v2\/pages\/273","targetHints":{"allow":["GET"]}}],"collection":[{"href":"https:\/\/abc-latina.com\/wp-json\/wp\/v2\/pages"}],"about":[{"href":"https:\/\/abc-latina.com\/wp-json\/wp\/v2\/types\/page"}],"author":[{"embeddable":true,"href":"https:\/\/abc-latina.com\/wp-json\/wp\/v2\/users\/3"}],"replies":[{"embeddable":true,"href":"https:\/\/abc-latina.com\/wp-json\/wp\/v2\/comments?post=273"}],"version-history":[{"count":0,"href":"https:\/\/abc-latina.com\/wp-json\/wp\/v2\/pages\/273\/revisions"}],"up":[{"embeddable":true,"href":"https:\/\/abc-latina.com\/wp-json\/wp\/v2\/pages\/2302"}],"wp:featuredmedia":[{"embeddable":true,"href":"https:\/\/abc-latina.com\/wp-json\/wp\/v2\/media\/272"}],"wp:attachment":[{"href":"https:\/\/abc-latina.com\/wp-json\/wp\/v2\/media?parent=273"}],"curies":[{"name":"wp","href":"https:\/\/api.w.org\/{rel}","templated":true}]}}