{"id":2730,"date":"2011-09-06T04:42:42","date_gmt":"2011-09-06T02:42:42","guid":{"rendered":"http:\/\/abc-latina.com\/argentine-htm-2\/"},"modified":"2026-04-30T18:25:27","modified_gmt":"2026-04-30T16:25:27","slug":"argentine","status":"publish","type":"page","link":"https:\/\/abc-latina.com\/index\/argentine\/","title":{"rendered":"FOOTBALL ARGENTIN"},"content":{"rendered":"<p>&nbsp;<b style=\"font-family: Arial, Helvetica, sans-serif; \"><font size=\"4\" color=\"#800040\">ARGENTINE<\/font><\/b><\/p>\n<div align=\"center\">\n<blockquote>\n<div align=\"center\">\n<div align=\"left\">\n<p><font face=\"Arial, Helvetica, sans-serif\"><b style=\"font-size: small; \">Nom<\/b><font size=\"2\">: Asociaci\u00f3n del F\u00fatbol  Argentino<\/font><br \/><b style=\"font-size: small; \">Ann\u00e9e de fondation<\/b><font size=\"2\"> : 1893 <\/font><br \/><b style=\"font-size: small; \">Affiliations<\/b> <a style=\"font-size: small; \" href=\"https:\/\/www.abc-latina.com\/sport\/football\/conmebol.php\"><font color=\"#000000\"><u>CONMEBOL<\/u><\/font><\/a><font size=\"2\"> en 1916 FIFA  en 1912 <\/font><br \/><b style=\"font-size: small; \">Couleur<\/b><font size=\"2\"> maillot \u00e0 rayures bleues ciel et blanches, short  noir, bas blancs <\/font><br \/><font size=\"2\">Rechange: maillot bleu, short blanc, bas  blancs<\/font><br \/><\/font><font size=\"2\" face=\"Arial, Helvetica, sans-serif\"><b>Nombre de  clubs<\/b> : 3.035 <br \/><b>Nombre de licenci\u00e9s<\/b> : 530.000 <br \/><b>Nombre  d&rsquo;arbitres<\/b> : 4.500<\/font><\/p>\n<\/div>\n<\/div>\n<div align=\"left\">\n<p><font size=\"2\" face=\"Arial, Helvetica, sans-serif\"><b><font color=\"#ff8000\">PALMARES <\/font><\/b><br \/><font color=\"#800040\"><b>Coupe du Monde :  <\/b><\/font><b>2<\/b><br \/>1978, 1986<br \/><font color=\"#800040\"><b>Coupe des  Conf\u00e9d\u00e9rations : <\/b><\/font><b>1<\/b><br \/>1992<br \/><b><font color=\"#800040\">Copa America : <\/font><\/b><b>14<\/b> <br \/>1921, 1925, 1927, 1929,  1937, 1941, 1945, 1946, 1947, 1955, 1957, 1959, 1991, 1993<br \/><\/font><font size=\"2\" face=\"Arial, Helvetica, sans-serif\"><b><font color=\"#800040\">Tournoi  olympique : <font color=\"#000000\">1<\/font><\/font><\/b><br \/>2004 <br \/><b><font color=\"#800040\">Coupe du Monde Juniors : <\/font><\/b><b>3 <\/b><br \/>1979, 1995,  1997<br \/><b><font color=\"#800040\">Troph\u00e9e Artemio Franchi : <\/font><\/b><b>1  <\/b><br \/>1993 <br \/><\/font><font size=\"2\" face=\"Arial, Helvetica, sans-serif\"><b><font color=\"#800040\">Autres performances :  <br \/><\/font><\/b><font color=\"#000000\">Vainqueur de la Coupe du Monde U-20 de la  FIFA (1979, 1995, 1997, 2001, 2005, 2007)<br \/>Second au Tournoi Olympique de  Football Final (1928, 1996)<br \/>Second \u00e0 la Coupe du Monde U-20 de la FIFA  (1983)<br \/>Second \u00e0 la <\/font><\/font><font size=\"2\" face=\"Arial, Helvetica, sans-serif\"><font color=\"#000000\">Coupe des Conf\u00e9d\u00e9rations  de la FIFA (1995, 2005)<br \/>Troisi\u00e8me \u00e0 la Coupe du Monde U-17 de la FIFA (1991,  1995, 2003) <br \/>Quatri\u00e8me \u00e0 la Coupe du Monde U-17 de la FIFA  (2001)<br \/><\/font><font size=\"2\" face=\"Arial, Helvetica, sans-serif\"><font color=\"#000000\">Quatri\u00e8me \u00e0 la<\/font><\/font> <font color=\"#000000\">Coupe du Monde  U-20 de la FIFA (2003), <br \/><\/font><font size=\"2\" face=\"Arial, Helvetica, sans-serif\"><font color=\"#000000\">Quatri\u00e8me \u00e0  la<\/font><\/font> <font color=\"#000000\">Coupe du Monde de Futsal de la FIFA  (2004)<\/font><\/font><\/p>\n<\/div>\n<div align=\"left\">\n<p><font size=\"2\" face=\"Arial, Helvetica, sans-serif\"><b><font color=\"#ff8000\">PERFORMANCES EN COUPE DU MONDE <\/font><\/b><br \/><font color=\"#800040\"><b>Nombre de participations <\/b><\/font>: 14<br \/>(1930, 1934, 1958,  1962, 1966, 1974, 1978, 1982, 1986, 1990, 1994, 1998, 2002, 2006<br \/><b><font color=\"#800040\">Meilleures Performances <\/font><\/b><br \/>Victorieux en 1978  (ARGENTINE -PAYS-BAS : 3-1 ap) <br \/>Victorieux en 1986 (ARGENTINE -R.F.A :  3-2)<\/font><\/p>\n<p><font size=\"2\" face=\"Arial, Helvetica, sans-serif\">Site Internet officiel :  <\/font><a target=\"_blank\" href=\"http:\/\/www.afa.org.ar\/\"><font size=\"2\" face=\"Arial, Helvetica, sans-serif\">http:\/\/www.afa.org.ar<\/font><\/a><br \/><font size=\"2\" face=\"Arial, Helvetica, sans-serif\"><b>Si\u00e8ge<\/b> Viamonte 1366\/76 1053  BUENOS AIRES <br \/>T\u00e9l\u00e9phone\/Fax 54-11\/4371 4276 \/ 54-11\/4375 4410  <br \/><b>Pr\u00e9sident<\/b> Julio H. Grondona <br \/><b>Secr\u00e9taire G\u00e9n\u00e9ral<\/b> Fernando  J.F. Miele<\/font><\/p>\n<\/div>\n<\/blockquote>\n<\/div>\n<div align=\"center\">\n<blockquote>\n<div align=\"left\"><font size=\"1\" color=\"#0000ff\"><b><font face=\"Arial\"><font size=\"3\" color=\"#ff8000\"><strong>.<font size=\"1\" face=\"Verdana, Arial, Helvetica, sans-serif\" color=\"#538efd\"> <\/font><\/strong><\/font><font size=\"1\" color=\"#0000ff\"><b><font face=\"Arial\"><font size=\"1\" face=\"Verdana, Arial, Helvetica, sans-serif\" color=\"#3f0f7d\"><b><a href=\"https:\/\/www.abc-latina.com\/sport\/football\/copa_america\"><font color=\"#538efd\">La COPA  AMERICA<\/font><\/a><\/b><\/font><\/font><\/b><\/font><\/font><\/b><\/font> <br \/><font size=\"1\" color=\"#0000ff\"><b><font face=\"Arial\"><font size=\"1\" color=\"#0000ff\"><b><font face=\"Arial\"><font size=\"1\" color=\"#0000ff\"><b><font face=\"Arial\"><font size=\"3\" color=\"#ff8000\"><strong>.<font size=\"1\" face=\"Verdana, Arial, Helvetica, sans-serif\" color=\"#538efd\"> <\/font><\/strong><\/font><font size=\"1\" color=\"#0000ff\"><b><font face=\"Arial\"><font size=\"1\" face=\"Verdana, Arial, Helvetica, sans-serif\" color=\"#3f0f7d\"><b><a href=\"https:\/\/www.abc-latina.com\/sport\/football\/copa-libertadores.php\"><font color=\"#538efd\">La COPA  LIBERTADORES<\/font><\/a><\/b><\/font><\/font><\/b><\/font><\/font><\/b><\/font><\/font><\/b><\/font><\/font><\/b><\/font><br \/><font size=\"1\" color=\"#0000ff\"><b><font face=\"Arial\"><font size=\"1\" color=\"#0000ff\"><b><font face=\"Arial\"><font size=\"1\" color=\"#0000ff\"><b><font face=\"Arial\"><font size=\"3\" color=\"#ff8000\"><strong>.<font size=\"1\" face=\"Verdana, Arial, Helvetica, sans-serif\" color=\"#538efd\"> <\/font><\/strong><\/font><font size=\"1\" color=\"#0000ff\"><b><font face=\"Arial\"><font size=\"1\" face=\"Verdana, Arial, Helvetica, sans-serif\" color=\"#3f0f7d\"><b><a href=\"https:\/\/www.abc-latina.com\/sport\/football\/copa-sudamericana.php\"><font color=\"#538efd\">La COPA  SUDAMERICANA<\/font><\/a><\/b><\/font><\/font><\/b><\/font><\/font><\/b><\/font><\/font><\/b><\/font><\/font><\/b><\/font><br \/><font size=\"1\" color=\"#0000ff\"><b><font face=\"Arial\"><font size=\"1\" color=\"#0000ff\"><b><font face=\"Arial\"><font size=\"1\" color=\"#0000ff\"><b><font face=\"Arial\"><font size=\"3\" color=\"#ff8000\"><strong>.<font size=\"1\" face=\"Verdana, Arial, Helvetica, sans-serif\" color=\"#538efd\"> <\/font><\/strong><\/font><font size=\"1\" color=\"#0000ff\"><b><font face=\"Arial\"><font size=\"1\" face=\"Verdana, Arial, Helvetica, sans-serif\" color=\"#3f0f7d\"><b><a href=\"https:\/\/www.abc-latina.com\/sport\/football\/gold-cup-concacaf.php\"><font color=\"#538efd\">La COLD CUP  (CONCACAF)<\/font><\/a><\/b><\/font><\/font><\/b><\/font><\/font><\/b><\/font><\/font><\/b><\/font><\/font><\/b><\/font><br \/><font size=\"1\" color=\"#0000ff\"><b><font face=\"Arial\"><font size=\"1\" color=\"#0000ff\"><b><font face=\"Arial\"><font size=\"1\" color=\"#0000ff\"><b><font face=\"Arial\"><font size=\"3\" color=\"#ff8000\"><strong>.<font size=\"1\" face=\"Verdana, Arial, Helvetica, sans-serif\" color=\"#538efd\"> <\/font><\/strong><\/font><font size=\"1\" color=\"#0000ff\"><b><font face=\"Arial\"><font size=\"1\" face=\"Verdana, Arial, Helvetica, sans-serif\" color=\"#3f0f7d\"><b><a href=\"https:\/\/www.abc-latina.com\/sport\/football\/meilleur_footballeur_sud_americain\"><font color=\"#538efd\">ELECTION DU  JOUEUR DE  L&rsquo;ANNEE<\/font><\/a><\/b><\/font><\/font><\/b><\/font><\/font><\/b><\/font><\/font><\/b><\/font><\/font><\/b><\/font><br \/><font size=\"1\" color=\"#0000ff\"><b><font face=\"Arial\"><font size=\"1\" color=\"#0000ff\"><b><font face=\"Arial\"><font size=\"1\" color=\"#0000ff\"><b><font face=\"Arial\"><font size=\"3\" color=\"#ff8000\"><strong>.<font size=\"1\" face=\"Verdana, Arial, Helvetica, sans-serif\" color=\"#538efd\"> <\/font><\/strong><\/font><font size=\"1\" color=\"#0000ff\"><b><font face=\"Arial\"><font size=\"1\" face=\"Verdana, Arial, Helvetica, sans-serif\" color=\"#3f0f7d\"><b><a href=\"https:\/\/www.abc-latina.com\/sport\/football\/ballon-d-or-sud-americain.php\"><font color=\"#538efd\">BALLONS D&rsquo;OR SUD  AMERICAINS<\/font><\/a><\/b><\/font><\/font><\/b><\/font><\/font><\/b><\/font><\/font><\/b><\/font><\/font><\/b><\/font>  <br \/><font size=\"1\" color=\"#0000ff\"><b><font face=\"Arial\"><font size=\"1\" color=\"#0000ff\"><b><font face=\"Arial\"><font size=\"1\" color=\"#0000ff\"><b><font face=\"Arial\"><font size=\"3\" color=\"#ff8000\"><strong>.<font size=\"1\" face=\"Verdana, Arial, Helvetica, sans-serif\" color=\"#538efd\"> <\/font><\/strong><\/font><font size=\"1\" color=\"#0000ff\"><b><font face=\"Arial\"><font size=\"1\" face=\"Verdana, Arial, Helvetica, sans-serif\" color=\"#3f0f7d\"><b><a href=\"https:\/\/www.abc-latina.com\/sport\/football\/footballeur-annee-fifa.php\"><font color=\"#538efd\">JOUEUR FIFA DE  L&rsquo;ANNEE<\/font><\/a><\/b><\/font><\/font><\/b><\/font><\/font><\/b><\/font><\/font><\/b><\/font><\/font><\/b><\/font><\/div>\n<\/blockquote>\n<\/div>\n","protected":false},"excerpt":{"rendered":"<p>&nbsp;ARGENTINE Nom: Asociaci\u00f3n del F\u00fatbol ArgentinoAnn\u00e9e de fondation : 1893 Affiliations CONMEBOL en 1916 FIFA en 1912 Couleur maillot \u00e0 [&hellip;]<\/p>\n","protected":false},"author":3,"featured_media":0,"parent":2786,"menu_order":0,"comment_status":"closed","ping_status":"closed","template":"","meta":{"site-sidebar-layout":"default","site-content-layout":"","ast-site-content-layout":"default","site-content-style":"default","site-sidebar-style":"default","ast-global-header-display":"","ast-banner-title-visibility":"","ast-main-header-display":"","ast-hfb-above-header-display":"","ast-hfb-below-header-display":"","ast-hfb-mobile-header-display":"","site-post-title":"","ast-breadcrumbs-content":"","ast-featured-img":"","footer-sml-layout":"","ast-disable-related-posts":"","theme-transparent-header-meta":"","adv-header-id-meta":"","stick-header-meta":"","header-above-stick-meta":"","header-main-stick-meta":"","header-below-stick-meta":"","astra-migrate-meta-layouts":"default","ast-page-background-enabled":"default","ast-page-background-meta":{"desktop":{"background-color":"var(--ast-global-color-5)","background-image":"","background-repeat":"repeat","background-position":"center center","background-size":"auto","background-attachment":"scroll","background-type":"","background-media":"","overlay-type":"","overlay-color":"","overlay-opacity":"","overlay-gradient":""},"tablet":{"background-color":"","background-image":"","background-repeat":"repeat","background-position":"center center","background-size":"auto","background-attachment":"scroll","background-type":"","background-media":"","overlay-type":"","overlay-color":"","overlay-opacity":"","overlay-gradient":""},"mobile":{"background-color":"","background-image":"","background-repeat":"repeat","background-position":"center center","background-size":"auto","background-attachment":"scroll","background-type":"","background-media":"","overlay-type":"","overlay-color":"","overlay-opacity":"","overlay-gradient":""}},"ast-content-background-meta":{"desktop":{"background-color":"var(--ast-global-color-4)","background-image":"","background-repeat":"repeat","background-position":"center center","background-size":"auto","background-attachment":"scroll","background-type":"","background-media":"","overlay-type":"","overlay-color":"","overlay-opacity":"","overlay-gradient":""},"tablet":{"background-color":"var(--ast-global-color-4)","background-image":"","background-repeat":"repeat","background-position":"center center","background-size":"auto","background-attachment":"scroll","background-type":"","background-media":"","overlay-type":"","overlay-color":"","overlay-opacity":"","overlay-gradient":""},"mobile":{"background-color":"var(--ast-global-color-4)","background-image":"","background-repeat":"repeat","background-position":"center center","background-size":"auto","background-attachment":"scroll","background-type":"","background-media":"","overlay-type":"","overlay-color":"","overlay-opacity":"","overlay-gradient":""}},"footnotes":""},"class_list":["post-2730","page","type-page","status-publish","hentry"],"yoast_head":"<!-- This site is optimized with the Yoast SEO plugin v27.5 - https:\/\/yoast.com\/product\/yoast-seo-wordpress\/ -->\n<title>FOOTBALL ARGENTIN - Abc-latina<\/title>\n<meta name=\"description\" content=\"Le football argentin. Informations sur le football argentin.\" \/>\n<meta name=\"robots\" content=\"index, follow, max-snippet:-1, max-image-preview:large, max-video-preview:-1\" \/>\n<link rel=\"canonical\" href=\"https:\/\/abc-latina.com\/index\/argentine\/\" \/>\n<meta property=\"og:locale\" content=\"fr_FR\" \/>\n<meta property=\"og:type\" content=\"article\" \/>\n<meta property=\"og:title\" content=\"FOOTBALL ARGENTIN - Abc-latina\" \/>\n<meta property=\"og:description\" content=\"Le football argentin. Informations sur le football argentin.\" \/>\n<meta property=\"og:url\" content=\"https:\/\/abc-latina.com\/index\/argentine\/\" \/>\n<meta property=\"og:site_name\" content=\"Abc-latina\" \/>\n<meta property=\"article:modified_time\" content=\"2026-04-30T16:25:27+00:00\" \/>\n<meta name=\"twitter:card\" content=\"summary_large_image\" \/>\n<meta name=\"twitter:label1\" content=\"Dur\u00e9e de lecture estim\u00e9e\" \/>\n\t<meta name=\"twitter:data1\" content=\"1 minute\" \/>\n<script type=\"application\/ld+json\" class=\"yoast-schema-graph\">{\"@context\":\"https:\\\/\\\/schema.org\",\"@graph\":[{\"@type\":\"WebPage\",\"@id\":\"https:\\\/\\\/abc-latina.com\\\/index\\\/argentine\\\/\",\"url\":\"https:\\\/\\\/abc-latina.com\\\/index\\\/argentine\\\/\",\"name\":\"FOOTBALL ARGENTIN - Abc-latina\",\"isPartOf\":{\"@id\":\"https:\\\/\\\/abc-latina.com\\\/#website\"},\"datePublished\":\"2011-09-06T02:42:42+00:00\",\"dateModified\":\"2026-04-30T16:25:27+00:00\",\"description\":\"Le football argentin. Informations sur le football argentin.\",\"breadcrumb\":{\"@id\":\"https:\\\/\\\/abc-latina.com\\\/index\\\/argentine\\\/#breadcrumb\"},\"inLanguage\":\"fr-FR\",\"potentialAction\":[{\"@type\":\"ReadAction\",\"target\":[\"https:\\\/\\\/abc-latina.com\\\/index\\\/argentine\\\/\"]}]},{\"@type\":\"BreadcrumbList\",\"@id\":\"https:\\\/\\\/abc-latina.com\\\/index\\\/argentine\\\/#breadcrumb\",\"itemListElement\":[{\"@type\":\"ListItem\",\"position\":1,\"name\":\"Accueil\",\"item\":\"https:\\\/\\\/abc-latina.com\\\/\"},{\"@type\":\"ListItem\",\"position\":2,\"name\":\"FOOTBALL ARGENTIN\"}]},{\"@type\":\"WebSite\",\"@id\":\"https:\\\/\\\/abc-latina.com\\\/#website\",\"url\":\"https:\\\/\\\/abc-latina.com\\\/\",\"name\":\"Abc-latina\",\"description\":\"\",\"publisher\":{\"@id\":\"https:\\\/\\\/abc-latina.com\\\/#organization\"},\"potentialAction\":[{\"@type\":\"SearchAction\",\"target\":{\"@type\":\"EntryPoint\",\"urlTemplate\":\"https:\\\/\\\/abc-latina.com\\\/?s={search_term_string}\"},\"query-input\":{\"@type\":\"PropertyValueSpecification\",\"valueRequired\":true,\"valueName\":\"search_term_string\"}}],\"inLanguage\":\"fr-FR\"},{\"@type\":\"Organization\",\"@id\":\"https:\\\/\\\/abc-latina.com\\\/#organization\",\"name\":\"Abc-latina\",\"url\":\"https:\\\/\\\/abc-latina.com\\\/\",\"logo\":{\"@type\":\"ImageObject\",\"inLanguage\":\"fr-FR\",\"@id\":\"https:\\\/\\\/abc-latina.com\\\/#\\\/schema\\\/logo\\\/image\\\/\",\"url\":\"https:\\\/\\\/abc-latina.com\\\/wp-content\\\/uploads\\\/2026\\\/05\\\/cropped-logo.gif\",\"contentUrl\":\"https:\\\/\\\/abc-latina.com\\\/wp-content\\\/uploads\\\/2026\\\/05\\\/cropped-logo.gif\",\"width\":89,\"height\":84,\"caption\":\"Abc-latina\"},\"image\":{\"@id\":\"https:\\\/\\\/abc-latina.com\\\/#\\\/schema\\\/logo\\\/image\\\/\"}}]}<\/script>\n<!-- \/ Yoast SEO plugin. -->","yoast_head_json":{"title":"FOOTBALL ARGENTIN - Abc-latina","description":"Le football argentin. Informations sur le football argentin.","robots":{"index":"index","follow":"follow","max-snippet":"max-snippet:-1","max-image-preview":"max-image-preview:large","max-video-preview":"max-video-preview:-1"},"canonical":"https:\/\/abc-latina.com\/index\/argentine\/","og_locale":"fr_FR","og_type":"article","og_title":"FOOTBALL ARGENTIN - Abc-latina","og_description":"Le football argentin. Informations sur le football argentin.","og_url":"https:\/\/abc-latina.com\/index\/argentine\/","og_site_name":"Abc-latina","article_modified_time":"2026-04-30T16:25:27+00:00","twitter_card":"summary_large_image","twitter_misc":{"Dur\u00e9e de lecture estim\u00e9e":"1 minute"},"schema":{"@context":"https:\/\/schema.org","@graph":[{"@type":"WebPage","@id":"https:\/\/abc-latina.com\/index\/argentine\/","url":"https:\/\/abc-latina.com\/index\/argentine\/","name":"FOOTBALL ARGENTIN - Abc-latina","isPartOf":{"@id":"https:\/\/abc-latina.com\/#website"},"datePublished":"2011-09-06T02:42:42+00:00","dateModified":"2026-04-30T16:25:27+00:00","description":"Le football argentin. Informations sur le football argentin.","breadcrumb":{"@id":"https:\/\/abc-latina.com\/index\/argentine\/#breadcrumb"},"inLanguage":"fr-FR","potentialAction":[{"@type":"ReadAction","target":["https:\/\/abc-latina.com\/index\/argentine\/"]}]},{"@type":"BreadcrumbList","@id":"https:\/\/abc-latina.com\/index\/argentine\/#breadcrumb","itemListElement":[{"@type":"ListItem","position":1,"name":"Accueil","item":"https:\/\/abc-latina.com\/"},{"@type":"ListItem","position":2,"name":"FOOTBALL ARGENTIN"}]},{"@type":"WebSite","@id":"https:\/\/abc-latina.com\/#website","url":"https:\/\/abc-latina.com\/","name":"Abc-latina","description":"","publisher":{"@id":"https:\/\/abc-latina.com\/#organization"},"potentialAction":[{"@type":"SearchAction","target":{"@type":"EntryPoint","urlTemplate":"https:\/\/abc-latina.com\/?s={search_term_string}"},"query-input":{"@type":"PropertyValueSpecification","valueRequired":true,"valueName":"search_term_string"}}],"inLanguage":"fr-FR"},{"@type":"Organization","@id":"https:\/\/abc-latina.com\/#organization","name":"Abc-latina","url":"https:\/\/abc-latina.com\/","logo":{"@type":"ImageObject","inLanguage":"fr-FR","@id":"https:\/\/abc-latina.com\/#\/schema\/logo\/image\/","url":"https:\/\/abc-latina.com\/wp-content\/uploads\/2026\/05\/cropped-logo.gif","contentUrl":"https:\/\/abc-latina.com\/wp-content\/uploads\/2026\/05\/cropped-logo.gif","width":89,"height":84,"caption":"Abc-latina"},"image":{"@id":"https:\/\/abc-latina.com\/#\/schema\/logo\/image\/"}}]}},"_links":{"self":[{"href":"https:\/\/abc-latina.com\/wp-json\/wp\/v2\/pages\/2730","targetHints":{"allow":["GET"]}}],"collection":[{"href":"https:\/\/abc-latina.com\/wp-json\/wp\/v2\/pages"}],"about":[{"href":"https:\/\/abc-latina.com\/wp-json\/wp\/v2\/types\/page"}],"author":[{"embeddable":true,"href":"https:\/\/abc-latina.com\/wp-json\/wp\/v2\/users\/3"}],"replies":[{"embeddable":true,"href":"https:\/\/abc-latina.com\/wp-json\/wp\/v2\/comments?post=2730"}],"version-history":[{"count":1,"href":"https:\/\/abc-latina.com\/wp-json\/wp\/v2\/pages\/2730\/revisions"}],"predecessor-version":[{"id":3944,"href":"https:\/\/abc-latina.com\/wp-json\/wp\/v2\/pages\/2730\/revisions\/3944"}],"up":[{"embeddable":true,"href":"https:\/\/abc-latina.com\/wp-json\/wp\/v2\/pages\/2786"}],"wp:attachment":[{"href":"https:\/\/abc-latina.com\/wp-json\/wp\/v2\/media?parent=2730"}],"curies":[{"name":"wp","href":"https:\/\/api.w.org\/{rel}","templated":true}]}}