{"id":2732,"date":"2011-09-06T04:46:07","date_gmt":"2011-09-06T02:46:07","guid":{"rendered":"http:\/\/abc-latina.com\/circuit-interlagos-php\/"},"modified":"2026-04-30T18:25:27","modified_gmt":"2026-04-30T16:25:27","slug":"circuit-interlagos","status":"publish","type":"page","link":"https:\/\/abc-latina.com\/index\/circuit-interlagos\/","title":{"rendered":"FORMULE 1 &#8211; CIRCUIT de INTERLAGOS"},"content":{"rendered":"<p>Le circuit automobile Jos\u00e9 Carlos Pace plus connu sous son premier nom, Interlagos est un des circuits sur lequel se tient le Grand Prix automobile de Formule 1 du <a target=\"_blank\" href=\"https:\/\/www.abc-latina.com\/bresil\/\">Br\u00e9sil<\/a>. Situ\u00e9 dans la banlieue de <a target=\"_blank\" href=\"https:\/\/www.abc-latina.com\/bresil\/sao-paulo\">S\u00e3o Paulo<\/a>, ce complexe automobile inclus aussi un circuit de kart appel\u00e9 <a href=\"https:\/\/www.abc-latina.com\/sport\/sportifs\/ayrton_senna\">Ayrton Senna<\/a>.<\/p>\n<div>Tr\u00e8s \u00e9prouvant pour les pilotes, ce trac\u00e9 a l&rsquo;avantage de garantir le spectacle. Tournant dans le sens inverse des autres circuits, la piste est tr\u00e8s bossel\u00e9e et met les monoplaces \u00e0 rude \u00e9preuve mais offre de bonnes possibilit\u00e9s de d\u00e9passement.&nbsp;<\/div>\n<div>&nbsp;<\/div>\n<div>Le trac\u00e9 actuel du circuit date des ann\u00e9es 1990, le circuit original fut raccourci de 7 829 \u00e0 4 397 m\u00e8tres afin de correspondre aux nouvelles normes de la f\u00e9d\u00e9ration internationale. Le r\u00e9sultat de cette diminution fut principalement la perte de trois longues lignes droites et de trois courbes rapides tandis qu&rsquo;un virage fut renvers\u00e9 et un autre cr\u00e9\u00e9. Le trac\u00e9 original, qui permettait aux voitures de rester \u00e0 pleine charge pendant plus de vingt secondes, \u00e9tait consid\u00e9r\u00e9 comme tr\u00e8s dangereux (bien qu&rsquo;aucun accident grave ne se soit produit).&nbsp;<\/div>\n<div>&nbsp;<\/div>\n<div>En marge du circuit, de nombreuses critiques se font entendre \u00e0 propos des alentours qui ont mauvaise r\u00e9putation. Certains pilotes, dirigeants d&rsquo;\u00e9curies ou journalistes se d\u00e9placent entre le circuit et le centre de S\u00e3o Paulo en h\u00e9licopt\u00e8re. Lors du Grand Prix automobile du Br\u00e9sil 2006, des membres de l&rsquo;encadrement du team Toyota furent attaqu\u00e9s par des hommes arm\u00e9s. Les embouteillages lors des grands \u00e9v\u00e9nements sont aussi une source de g\u00eanes pour les autorit\u00e9s de la ville de S\u00e3o Paulo.<\/div>\n<div>&nbsp;<\/div>\n<div style=\"text-align: center; \">&nbsp;<\/div>\n<p style=\"text-align: center; \"><img loading=\"lazy\" decoding=\"async\" class=\" size-full wp-image-2731\" src=\"http:\/\/abc-latina.com\/wp-content\/uploads\/2011\/09\/circuit-interlagos.gif\" alt=\"CIRCUIT de INTERLAGOS\" title=\"CIRCUIT de INTERLAGOS\" width=\"450\" height=\"265\" \/><\/p>\n<div><strong>Les autres circuits F1 latino-am\u00e9ricains&nbsp;<\/strong><\/div>\n<div><a href=\"circuit-jacarepagua.php\">Jacarepagua \u00e0 Rio de Janeiro<\/a><\/div>\n<div><a href=\"circuit-autodromo-hermanos-rodriguez.php\">Autodromo Hermanos Rodriguez \u00e0 Mexico<\/a><\/div>\n","protected":false},"excerpt":{"rendered":"<p>Le circuit automobile Jos\u00e9 Carlos Pace plus connu sous son premier nom, Interlagos est un des circuits sur lequel se [&hellip;]<\/p>\n","protected":false},"author":3,"featured_media":2731,"parent":2801,"menu_order":0,"comment_status":"closed","ping_status":"closed","template":"","meta":{"site-sidebar-layout":"default","site-content-layout":"","ast-site-content-layout":"default","site-content-style":"default","site-sidebar-style":"default","ast-global-header-display":"","ast-banner-title-visibility":"","ast-main-header-display":"","ast-hfb-above-header-display":"","ast-hfb-below-header-display":"","ast-hfb-mobile-header-display":"","site-post-title":"","ast-breadcrumbs-content":"","ast-featured-img":"","footer-sml-layout":"","ast-disable-related-posts":"","theme-transparent-header-meta":"","adv-header-id-meta":"","stick-header-meta":"","header-above-stick-meta":"","header-main-stick-meta":"","header-below-stick-meta":"","astra-migrate-meta-layouts":"default","ast-page-background-enabled":"default","ast-page-background-meta":{"desktop":{"background-color":"var(--ast-global-color-5)","background-image":"","background-repeat":"repeat","background-position":"center center","background-size":"auto","background-attachment":"scroll","background-type":"","background-media":"","overlay-type":"","overlay-color":"","overlay-opacity":"","overlay-gradient":""},"tablet":{"background-color":"","background-image":"","background-repeat":"repeat","background-position":"center center","background-size":"auto","background-attachment":"scroll","background-type":"","background-media":"","overlay-type":"","overlay-color":"","overlay-opacity":"","overlay-gradient":""},"mobile":{"background-color":"","background-image":"","background-repeat":"repeat","background-position":"center center","background-size":"auto","background-attachment":"scroll","background-type":"","background-media":"","overlay-type":"","overlay-color":"","overlay-opacity":"","overlay-gradient":""}},"ast-content-background-meta":{"desktop":{"background-color":"var(--ast-global-color-4)","background-image":"","background-repeat":"repeat","background-position":"center center","background-size":"auto","background-attachment":"scroll","background-type":"","background-media":"","overlay-type":"","overlay-color":"","overlay-opacity":"","overlay-gradient":""},"tablet":{"background-color":"var(--ast-global-color-4)","background-image":"","background-repeat":"repeat","background-position":"center center","background-size":"auto","background-attachment":"scroll","background-type":"","background-media":"","overlay-type":"","overlay-color":"","overlay-opacity":"","overlay-gradient":""},"mobile":{"background-color":"var(--ast-global-color-4)","background-image":"","background-repeat":"repeat","background-position":"center center","background-size":"auto","background-attachment":"scroll","background-type":"","background-media":"","overlay-type":"","overlay-color":"","overlay-opacity":"","overlay-gradient":""}},"footnotes":""},"class_list":["post-2732","page","type-page","status-publish","has-post-thumbnail","hentry"],"yoast_head":"<!-- This site is optimized with the Yoast SEO plugin v27.5 - https:\/\/yoast.com\/product\/yoast-seo-wordpress\/ -->\n<title>FORMULE 1 - CIRCUIT de INTERLAGOS - Abc-latina<\/title>\n<meta name=\"robots\" content=\"index, follow, max-snippet:-1, max-image-preview:large, max-video-preview:-1\" \/>\n<link rel=\"canonical\" href=\"https:\/\/abc-latina.com\/index\/circuit-interlagos\/\" \/>\n<meta property=\"og:locale\" content=\"fr_FR\" \/>\n<meta property=\"og:type\" content=\"article\" \/>\n<meta property=\"og:title\" content=\"FORMULE 1 - CIRCUIT de INTERLAGOS - Abc-latina\" \/>\n<meta property=\"og:description\" content=\"Le circuit automobile Jos\u00e9 Carlos Pace plus connu sous son premier nom, Interlagos est un des circuits sur lequel se [&hellip;]\" \/>\n<meta property=\"og:url\" content=\"https:\/\/abc-latina.com\/index\/circuit-interlagos\/\" \/>\n<meta property=\"og:site_name\" content=\"Abc-latina\" \/>\n<meta property=\"article:modified_time\" content=\"2026-04-30T16:25:27+00:00\" \/>\n<meta property=\"og:image\" content=\"https:\/\/abc-latina.com\/wp-content\/uploads\/2011\/09\/circuit-interlagos.gif\" \/>\n\t<meta property=\"og:image:width\" content=\"450\" \/>\n\t<meta property=\"og:image:height\" content=\"265\" \/>\n\t<meta property=\"og:image:type\" content=\"image\/gif\" \/>\n<meta name=\"twitter:card\" content=\"summary_large_image\" \/>\n<meta name=\"twitter:label1\" content=\"Dur\u00e9e de lecture estim\u00e9e\" \/>\n\t<meta name=\"twitter:data1\" content=\"1 minute\" \/>\n<script type=\"application\/ld+json\" class=\"yoast-schema-graph\">{\"@context\":\"https:\\\/\\\/schema.org\",\"@graph\":[{\"@type\":\"WebPage\",\"@id\":\"https:\\\/\\\/abc-latina.com\\\/index\\\/circuit-interlagos\\\/\",\"url\":\"https:\\\/\\\/abc-latina.com\\\/index\\\/circuit-interlagos\\\/\",\"name\":\"FORMULE 1 - CIRCUIT de INTERLAGOS - Abc-latina\",\"isPartOf\":{\"@id\":\"https:\\\/\\\/abc-latina.com\\\/#website\"},\"primaryImageOfPage\":{\"@id\":\"https:\\\/\\\/abc-latina.com\\\/index\\\/circuit-interlagos\\\/#primaryimage\"},\"image\":{\"@id\":\"https:\\\/\\\/abc-latina.com\\\/index\\\/circuit-interlagos\\\/#primaryimage\"},\"thumbnailUrl\":\"https:\\\/\\\/abc-latina.com\\\/wp-content\\\/uploads\\\/2011\\\/09\\\/circuit-interlagos.gif\",\"datePublished\":\"2011-09-06T02:46:07+00:00\",\"dateModified\":\"2026-04-30T16:25:27+00:00\",\"breadcrumb\":{\"@id\":\"https:\\\/\\\/abc-latina.com\\\/index\\\/circuit-interlagos\\\/#breadcrumb\"},\"inLanguage\":\"fr-FR\",\"potentialAction\":[{\"@type\":\"ReadAction\",\"target\":[\"https:\\\/\\\/abc-latina.com\\\/index\\\/circuit-interlagos\\\/\"]}]},{\"@type\":\"ImageObject\",\"inLanguage\":\"fr-FR\",\"@id\":\"https:\\\/\\\/abc-latina.com\\\/index\\\/circuit-interlagos\\\/#primaryimage\",\"url\":\"https:\\\/\\\/abc-latina.com\\\/wp-content\\\/uploads\\\/2011\\\/09\\\/circuit-interlagos.gif\",\"contentUrl\":\"https:\\\/\\\/abc-latina.com\\\/wp-content\\\/uploads\\\/2011\\\/09\\\/circuit-interlagos.gif\",\"width\":450,\"height\":265,\"caption\":\"CIRCUIT de INTERLAGOS\"},{\"@type\":\"BreadcrumbList\",\"@id\":\"https:\\\/\\\/abc-latina.com\\\/index\\\/circuit-interlagos\\\/#breadcrumb\",\"itemListElement\":[{\"@type\":\"ListItem\",\"position\":1,\"name\":\"Accueil\",\"item\":\"https:\\\/\\\/abc-latina.com\\\/\"},{\"@type\":\"ListItem\",\"position\":2,\"name\":\"FORMULE 1 &#8211; CIRCUIT de INTERLAGOS\"}]},{\"@type\":\"WebSite\",\"@id\":\"https:\\\/\\\/abc-latina.com\\\/#website\",\"url\":\"https:\\\/\\\/abc-latina.com\\\/\",\"name\":\"Abc-latina\",\"description\":\"\",\"publisher\":{\"@id\":\"https:\\\/\\\/abc-latina.com\\\/#organization\"},\"potentialAction\":[{\"@type\":\"SearchAction\",\"target\":{\"@type\":\"EntryPoint\",\"urlTemplate\":\"https:\\\/\\\/abc-latina.com\\\/?s={search_term_string}\"},\"query-input\":{\"@type\":\"PropertyValueSpecification\",\"valueRequired\":true,\"valueName\":\"search_term_string\"}}],\"inLanguage\":\"fr-FR\"},{\"@type\":\"Organization\",\"@id\":\"https:\\\/\\\/abc-latina.com\\\/#organization\",\"name\":\"Abc-latina\",\"url\":\"https:\\\/\\\/abc-latina.com\\\/\",\"logo\":{\"@type\":\"ImageObject\",\"inLanguage\":\"fr-FR\",\"@id\":\"https:\\\/\\\/abc-latina.com\\\/#\\\/schema\\\/logo\\\/image\\\/\",\"url\":\"https:\\\/\\\/abc-latina.com\\\/wp-content\\\/uploads\\\/2026\\\/05\\\/cropped-logo.gif\",\"contentUrl\":\"https:\\\/\\\/abc-latina.com\\\/wp-content\\\/uploads\\\/2026\\\/05\\\/cropped-logo.gif\",\"width\":89,\"height\":84,\"caption\":\"Abc-latina\"},\"image\":{\"@id\":\"https:\\\/\\\/abc-latina.com\\\/#\\\/schema\\\/logo\\\/image\\\/\"}}]}<\/script>\n<!-- \/ Yoast SEO plugin. -->","yoast_head_json":{"title":"FORMULE 1 - CIRCUIT de INTERLAGOS - Abc-latina","robots":{"index":"index","follow":"follow","max-snippet":"max-snippet:-1","max-image-preview":"max-image-preview:large","max-video-preview":"max-video-preview:-1"},"canonical":"https:\/\/abc-latina.com\/index\/circuit-interlagos\/","og_locale":"fr_FR","og_type":"article","og_title":"FORMULE 1 - CIRCUIT de INTERLAGOS - Abc-latina","og_description":"Le circuit automobile Jos\u00e9 Carlos Pace plus connu sous son premier nom, Interlagos est un des circuits sur lequel se [&hellip;]","og_url":"https:\/\/abc-latina.com\/index\/circuit-interlagos\/","og_site_name":"Abc-latina","article_modified_time":"2026-04-30T16:25:27+00:00","og_image":[{"width":450,"height":265,"url":"https:\/\/abc-latina.com\/wp-content\/uploads\/2011\/09\/circuit-interlagos.gif","type":"image\/gif"}],"twitter_card":"summary_large_image","twitter_misc":{"Dur\u00e9e de lecture estim\u00e9e":"1 minute"},"schema":{"@context":"https:\/\/schema.org","@graph":[{"@type":"WebPage","@id":"https:\/\/abc-latina.com\/index\/circuit-interlagos\/","url":"https:\/\/abc-latina.com\/index\/circuit-interlagos\/","name":"FORMULE 1 - CIRCUIT de INTERLAGOS - Abc-latina","isPartOf":{"@id":"https:\/\/abc-latina.com\/#website"},"primaryImageOfPage":{"@id":"https:\/\/abc-latina.com\/index\/circuit-interlagos\/#primaryimage"},"image":{"@id":"https:\/\/abc-latina.com\/index\/circuit-interlagos\/#primaryimage"},"thumbnailUrl":"https:\/\/abc-latina.com\/wp-content\/uploads\/2011\/09\/circuit-interlagos.gif","datePublished":"2011-09-06T02:46:07+00:00","dateModified":"2026-04-30T16:25:27+00:00","breadcrumb":{"@id":"https:\/\/abc-latina.com\/index\/circuit-interlagos\/#breadcrumb"},"inLanguage":"fr-FR","potentialAction":[{"@type":"ReadAction","target":["https:\/\/abc-latina.com\/index\/circuit-interlagos\/"]}]},{"@type":"ImageObject","inLanguage":"fr-FR","@id":"https:\/\/abc-latina.com\/index\/circuit-interlagos\/#primaryimage","url":"https:\/\/abc-latina.com\/wp-content\/uploads\/2011\/09\/circuit-interlagos.gif","contentUrl":"https:\/\/abc-latina.com\/wp-content\/uploads\/2011\/09\/circuit-interlagos.gif","width":450,"height":265,"caption":"CIRCUIT de INTERLAGOS"},{"@type":"BreadcrumbList","@id":"https:\/\/abc-latina.com\/index\/circuit-interlagos\/#breadcrumb","itemListElement":[{"@type":"ListItem","position":1,"name":"Accueil","item":"https:\/\/abc-latina.com\/"},{"@type":"ListItem","position":2,"name":"FORMULE 1 &#8211; CIRCUIT de INTERLAGOS"}]},{"@type":"WebSite","@id":"https:\/\/abc-latina.com\/#website","url":"https:\/\/abc-latina.com\/","name":"Abc-latina","description":"","publisher":{"@id":"https:\/\/abc-latina.com\/#organization"},"potentialAction":[{"@type":"SearchAction","target":{"@type":"EntryPoint","urlTemplate":"https:\/\/abc-latina.com\/?s={search_term_string}"},"query-input":{"@type":"PropertyValueSpecification","valueRequired":true,"valueName":"search_term_string"}}],"inLanguage":"fr-FR"},{"@type":"Organization","@id":"https:\/\/abc-latina.com\/#organization","name":"Abc-latina","url":"https:\/\/abc-latina.com\/","logo":{"@type":"ImageObject","inLanguage":"fr-FR","@id":"https:\/\/abc-latina.com\/#\/schema\/logo\/image\/","url":"https:\/\/abc-latina.com\/wp-content\/uploads\/2026\/05\/cropped-logo.gif","contentUrl":"https:\/\/abc-latina.com\/wp-content\/uploads\/2026\/05\/cropped-logo.gif","width":89,"height":84,"caption":"Abc-latina"},"image":{"@id":"https:\/\/abc-latina.com\/#\/schema\/logo\/image\/"}}]}},"_links":{"self":[{"href":"https:\/\/abc-latina.com\/wp-json\/wp\/v2\/pages\/2732","targetHints":{"allow":["GET"]}}],"collection":[{"href":"https:\/\/abc-latina.com\/wp-json\/wp\/v2\/pages"}],"about":[{"href":"https:\/\/abc-latina.com\/wp-json\/wp\/v2\/types\/page"}],"author":[{"embeddable":true,"href":"https:\/\/abc-latina.com\/wp-json\/wp\/v2\/users\/3"}],"replies":[{"embeddable":true,"href":"https:\/\/abc-latina.com\/wp-json\/wp\/v2\/comments?post=2732"}],"version-history":[{"count":1,"href":"https:\/\/abc-latina.com\/wp-json\/wp\/v2\/pages\/2732\/revisions"}],"predecessor-version":[{"id":3965,"href":"https:\/\/abc-latina.com\/wp-json\/wp\/v2\/pages\/2732\/revisions\/3965"}],"up":[{"embeddable":true,"href":"https:\/\/abc-latina.com\/wp-json\/wp\/v2\/pages\/2801"}],"wp:featuredmedia":[{"embeddable":true,"href":"https:\/\/abc-latina.com\/wp-json\/wp\/v2\/media\/2731"}],"wp:attachment":[{"href":"https:\/\/abc-latina.com\/wp-json\/wp\/v2\/media?parent=2732"}],"curies":[{"name":"wp","href":"https:\/\/api.w.org\/{rel}","templated":true}]}}