{"id":2739,"date":"2011-09-09T04:57:55","date_gmt":"2011-09-09T02:57:55","guid":{"rendered":"http:\/\/abc-latina.com\/information-pratique-php\/"},"modified":"2026-04-30T18:25:24","modified_gmt":"2026-04-30T16:25:24","slug":"information-pratique","status":"publish","type":"page","link":"https:\/\/abc-latina.com\/index\/information-pratique\/","title":{"rendered":"INFORMATIONS PRATIQUES"},"content":{"rendered":"<p>&nbsp;PASSEPORT &#8211; VISA&nbsp;<\/p>\n<div>Pas .&nbsp;<\/div>\n<div>Les adresses des ambassades dominicaines<\/div>\n<div>&nbsp;<\/div>\n<div>S\u00e9curit\u00e9: les conseils aux voyageurs du minist\u00e8re des affaires \u00e9trang\u00e8res&nbsp;<\/div>\n<div>&nbsp;<\/div>\n<div>SANTE<\/div>\n<div>Pas .<\/div>\n<div>N\u00e9anmoins les conditions sanitaires peuvent changer, aussi nous vous conseillons vivement de lire:&nbsp;<\/div>\n<div>Les recommandations de l&rsquo;Institut Pasteur&nbsp;<\/div>\n<div>&nbsp;&nbsp;<\/div>\n<div>CLIMAT<\/div>\n<div>A Bu.&nbsp;<\/div>\n<div>La M\u00e9t\u00e9o<\/div>\n<div>&nbsp;<\/div>\n<div>ARGENT<\/div>\n<div>La monnaie nationale est le .<\/div>\n<div>Le change<\/div>\n<div>&nbsp;<\/div>\n<div>DECALAGE HORAIRE&nbsp;<\/div>\n<div>Lorsqu&rsquo;il est midi \u00e0 Paris:<\/div>\n<div>il est 0h du matin en R\u00e9publique dominicaine en hiver (-0), et 0h du matin en \u00e9t\u00e9 (-0).<\/div>\n<div>Connaitre l&rsquo;heure qu&rsquo;il est en ce moment en Argentine<\/div>\n<div>&nbsp;<\/div>\n<div>TRANSPORT<\/div>\n<div>En bus, en train, en avion, en voiture ou m\u00eame en stop selon votre budget et la dur\u00e9e de votre s\u00e9jour. &nbsp;<\/div>\n<div>&nbsp;<\/div>\n<div>En bus : Les .<\/div>\n<div>&nbsp;<\/div>\n<div>En Avion : Les vols int\u00e9rieurs constituent une solution pratique pour visiter l&rsquo;ensemble du pays.&nbsp;<\/div>\n<div>Billet d&rsquo;avion: comparez 10 millions d&rsquo;offres en moins de 30 secondes&nbsp;<\/div>\n<div>Les compagnies locales sont<\/div>\n<div>Aerolineas Argentinas &#8211; Southern winds &#8211; Lapa &nbsp;<\/div>\n<div>&nbsp;<\/div>\n<div>En train : Dans .<\/div>\n<div>&nbsp;<\/div>\n<div>En voiture : Ce type .&nbsp;<\/div>\n<div>Location de voitures : le meilleur prix en comparant 50 agences&nbsp;<\/div>\n<div>&nbsp;<\/div>\n<div>JOURS FERIES&nbsp;<\/div>\n<div>&nbsp; &#8211;<\/div>\n<div>&nbsp; &#8211; &nbsp;&nbsp;<\/div>\n<div>&nbsp; &#8211; &nbsp;&nbsp;<\/div>\n<div>&nbsp; &#8211; &nbsp;&nbsp;<\/div>\n<div>&nbsp; &#8211; &nbsp;&nbsp;<\/div>\n<div>&nbsp; &#8211; &nbsp;&nbsp;<\/div>\n<div>&nbsp; &#8211; &nbsp;&nbsp;<\/div>\n<div>&nbsp; &#8211; &nbsp;&nbsp;<\/div>\n<div>&nbsp; &#8211; &nbsp;&nbsp;<\/div>\n<div>&nbsp; &#8211; &nbsp;&nbsp;<\/div>\n<div>&nbsp; &#8211; &nbsp;&nbsp;<\/div>\n<div>&nbsp;<\/div>\n<div>LANGUES<\/div>\n<div>L&rsquo;espagnol est la langue officielle.<\/div>\n<div>L&rsquo;espagnol pour mieux voyager en Am\u00e9rique&nbsp;<\/div>\n<div>&nbsp;&nbsp;<\/div>\n<div>ACHATS<\/div>\n<div>En cours&nbsp;<\/div>\n<div>&nbsp;<\/div>\n<div>HOTELS &#8211; HEBERGEMENT<\/div>\n<div>Les h\u00f4tels: les .<\/div>\n<div>Les auberges de jeunesse: seulement .&nbsp;<\/div>\n<div>&nbsp; &nbsp;<\/div>\n<div>TELEPHONE &#8211; INTERNET<\/div>\n<div>Le r\u00e9seau t\u00e9l\u00e9phonique est de bonne qualit\u00e9. Le plus \u00e9conomique pour appeler en Europe est de t\u00e9l\u00e9phoner dans les locutorios de la Telefonica entre 9 &amp; 10 h du matin.<\/div>\n<div>Pour Internet, de nombreux cybercaf\u00e9s proposent leurs services (une heure co\u00fbte entre 2 et 6 $).<\/div>\n<div>Si vous souhaitez appeler vers l&rsquo;Argentine depuis votre pays d&rsquo;origine, pour joindre des amis ou faire des d\u00e9marches avant votre d\u00e9part, nous vous conseillons: Les minutes.com.<\/div>\n<div>Pour exemple la minute Paris-Buenos Aires est \u00e0 partir de 0,0074 Euros (0,05 FF).<\/div>\n<div>&nbsp;<\/div>\n<div>Pour appeler de l&rsquo;Argentine vers la France: 00 + 33 + num\u00e9ro \u00e0 9 chiffres (sans le 0)<\/div>\n<div>Pour appeler de la France vers l&rsquo;Argentine: 00 + 54 + indicatif de la ville (sans le 0) + num\u00e9ro<\/div>\n<div>Annuaires t\u00e9l\u00e9phoniques &nbsp;<\/div>\n<div>&nbsp; &nbsp;<\/div>\n<div>DIVERS<\/div>\n<div>&nbsp;<\/div>\n","protected":false},"excerpt":{"rendered":"<p>&nbsp;PASSEPORT &#8211; VISA&nbsp; Pas .&nbsp; Les adresses des ambassades dominicaines &nbsp; S\u00e9curit\u00e9: les conseils aux voyageurs du minist\u00e8re des affaires [&hellip;]<\/p>\n","protected":false},"author":3,"featured_media":0,"parent":2316,"menu_order":0,"comment_status":"closed","ping_status":"closed","template":"","meta":{"site-sidebar-layout":"default","site-content-layout":"","ast-site-content-layout":"default","site-content-style":"default","site-sidebar-style":"default","ast-global-header-display":"","ast-banner-title-visibility":"","ast-main-header-display":"","ast-hfb-above-header-display":"","ast-hfb-below-header-display":"","ast-hfb-mobile-header-display":"","site-post-title":"","ast-breadcrumbs-content":"","ast-featured-img":"","footer-sml-layout":"","ast-disable-related-posts":"","theme-transparent-header-meta":"","adv-header-id-meta":"","stick-header-meta":"","header-above-stick-meta":"","header-main-stick-meta":"","header-below-stick-meta":"","astra-migrate-meta-layouts":"default","ast-page-background-enabled":"default","ast-page-background-meta":{"desktop":{"background-color":"var(--ast-global-color-5)","background-image":"","background-repeat":"repeat","background-position":"center center","background-size":"auto","background-attachment":"scroll","background-type":"","background-media":"","overlay-type":"","overlay-color":"","overlay-opacity":"","overlay-gradient":""},"tablet":{"background-color":"","background-image":"","background-repeat":"repeat","background-position":"center center","background-size":"auto","background-attachment":"scroll","background-type":"","background-media":"","overlay-type":"","overlay-color":"","overlay-opacity":"","overlay-gradient":""},"mobile":{"background-color":"","background-image":"","background-repeat":"repeat","background-position":"center center","background-size":"auto","background-attachment":"scroll","background-type":"","background-media":"","overlay-type":"","overlay-color":"","overlay-opacity":"","overlay-gradient":""}},"ast-content-background-meta":{"desktop":{"background-color":"var(--ast-global-color-4)","background-image":"","background-repeat":"repeat","background-position":"center center","background-size":"auto","background-attachment":"scroll","background-type":"","background-media":"","overlay-type":"","overlay-color":"","overlay-opacity":"","overlay-gradient":""},"tablet":{"background-color":"var(--ast-global-color-4)","background-image":"","background-repeat":"repeat","background-position":"center center","background-size":"auto","background-attachment":"scroll","background-type":"","background-media":"","overlay-type":"","overlay-color":"","overlay-opacity":"","overlay-gradient":""},"mobile":{"background-color":"var(--ast-global-color-4)","background-image":"","background-repeat":"repeat","background-position":"center center","background-size":"auto","background-attachment":"scroll","background-type":"","background-media":"","overlay-type":"","overlay-color":"","overlay-opacity":"","overlay-gradient":""}},"footnotes":""},"class_list":["post-2739","page","type-page","status-publish","hentry"],"yoast_head":"<!-- This site is optimized with the Yoast SEO plugin v27.5 - https:\/\/yoast.com\/product\/yoast-seo-wordpress\/ -->\n<title>INFORMATIONS PRATIQUES - Abc-latina<\/title>\n<meta name=\"description\" content=\"Informations pratiques - R\u00e9publique dominicaine.\" \/>\n<meta name=\"robots\" content=\"index, follow, max-snippet:-1, max-image-preview:large, max-video-preview:-1\" \/>\n<link rel=\"canonical\" href=\"https:\/\/abc-latina.com\/index\/information-pratique\/\" \/>\n<meta property=\"og:locale\" content=\"fr_FR\" \/>\n<meta property=\"og:type\" content=\"article\" \/>\n<meta property=\"og:title\" content=\"INFORMATIONS PRATIQUES - Abc-latina\" \/>\n<meta property=\"og:description\" content=\"Informations pratiques - R\u00e9publique dominicaine.\" \/>\n<meta property=\"og:url\" content=\"https:\/\/abc-latina.com\/index\/information-pratique\/\" \/>\n<meta property=\"og:site_name\" content=\"Abc-latina\" \/>\n<meta property=\"article:modified_time\" content=\"2026-04-30T16:25:24+00:00\" \/>\n<meta name=\"twitter:card\" content=\"summary_large_image\" \/>\n<meta name=\"twitter:label1\" content=\"Dur\u00e9e de lecture estim\u00e9e\" \/>\n\t<meta name=\"twitter:data1\" content=\"2 minutes\" \/>\n<script type=\"application\/ld+json\" class=\"yoast-schema-graph\">{\"@context\":\"https:\\\/\\\/schema.org\",\"@graph\":[{\"@type\":\"WebPage\",\"@id\":\"https:\\\/\\\/abc-latina.com\\\/index\\\/information-pratique\\\/\",\"url\":\"https:\\\/\\\/abc-latina.com\\\/index\\\/information-pratique\\\/\",\"name\":\"INFORMATIONS PRATIQUES - Abc-latina\",\"isPartOf\":{\"@id\":\"https:\\\/\\\/abc-latina.com\\\/#website\"},\"datePublished\":\"2011-09-09T02:57:55+00:00\",\"dateModified\":\"2026-04-30T16:25:24+00:00\",\"description\":\"Informations pratiques - R\u00e9publique dominicaine.\",\"breadcrumb\":{\"@id\":\"https:\\\/\\\/abc-latina.com\\\/index\\\/information-pratique\\\/#breadcrumb\"},\"inLanguage\":\"fr-FR\",\"potentialAction\":[{\"@type\":\"ReadAction\",\"target\":[\"https:\\\/\\\/abc-latina.com\\\/index\\\/information-pratique\\\/\"]}]},{\"@type\":\"BreadcrumbList\",\"@id\":\"https:\\\/\\\/abc-latina.com\\\/index\\\/information-pratique\\\/#breadcrumb\",\"itemListElement\":[{\"@type\":\"ListItem\",\"position\":1,\"name\":\"Accueil\",\"item\":\"https:\\\/\\\/abc-latina.com\\\/\"},{\"@type\":\"ListItem\",\"position\":2,\"name\":\"INFORMATIONS PRATIQUES\"}]},{\"@type\":\"WebSite\",\"@id\":\"https:\\\/\\\/abc-latina.com\\\/#website\",\"url\":\"https:\\\/\\\/abc-latina.com\\\/\",\"name\":\"Abc-latina\",\"description\":\"\",\"publisher\":{\"@id\":\"https:\\\/\\\/abc-latina.com\\\/#organization\"},\"potentialAction\":[{\"@type\":\"SearchAction\",\"target\":{\"@type\":\"EntryPoint\",\"urlTemplate\":\"https:\\\/\\\/abc-latina.com\\\/?s={search_term_string}\"},\"query-input\":{\"@type\":\"PropertyValueSpecification\",\"valueRequired\":true,\"valueName\":\"search_term_string\"}}],\"inLanguage\":\"fr-FR\"},{\"@type\":\"Organization\",\"@id\":\"https:\\\/\\\/abc-latina.com\\\/#organization\",\"name\":\"Abc-latina\",\"url\":\"https:\\\/\\\/abc-latina.com\\\/\",\"logo\":{\"@type\":\"ImageObject\",\"inLanguage\":\"fr-FR\",\"@id\":\"https:\\\/\\\/abc-latina.com\\\/#\\\/schema\\\/logo\\\/image\\\/\",\"url\":\"https:\\\/\\\/abc-latina.com\\\/wp-content\\\/uploads\\\/2026\\\/05\\\/cropped-logo.gif\",\"contentUrl\":\"https:\\\/\\\/abc-latina.com\\\/wp-content\\\/uploads\\\/2026\\\/05\\\/cropped-logo.gif\",\"width\":89,\"height\":84,\"caption\":\"Abc-latina\"},\"image\":{\"@id\":\"https:\\\/\\\/abc-latina.com\\\/#\\\/schema\\\/logo\\\/image\\\/\"}}]}<\/script>\n<!-- \/ Yoast SEO plugin. -->","yoast_head_json":{"title":"INFORMATIONS PRATIQUES - Abc-latina","description":"Informations pratiques - R\u00e9publique dominicaine.","robots":{"index":"index","follow":"follow","max-snippet":"max-snippet:-1","max-image-preview":"max-image-preview:large","max-video-preview":"max-video-preview:-1"},"canonical":"https:\/\/abc-latina.com\/index\/information-pratique\/","og_locale":"fr_FR","og_type":"article","og_title":"INFORMATIONS PRATIQUES - Abc-latina","og_description":"Informations pratiques - R\u00e9publique dominicaine.","og_url":"https:\/\/abc-latina.com\/index\/information-pratique\/","og_site_name":"Abc-latina","article_modified_time":"2026-04-30T16:25:24+00:00","twitter_card":"summary_large_image","twitter_misc":{"Dur\u00e9e de lecture estim\u00e9e":"2 minutes"},"schema":{"@context":"https:\/\/schema.org","@graph":[{"@type":"WebPage","@id":"https:\/\/abc-latina.com\/index\/information-pratique\/","url":"https:\/\/abc-latina.com\/index\/information-pratique\/","name":"INFORMATIONS PRATIQUES - Abc-latina","isPartOf":{"@id":"https:\/\/abc-latina.com\/#website"},"datePublished":"2011-09-09T02:57:55+00:00","dateModified":"2026-04-30T16:25:24+00:00","description":"Informations pratiques - R\u00e9publique dominicaine.","breadcrumb":{"@id":"https:\/\/abc-latina.com\/index\/information-pratique\/#breadcrumb"},"inLanguage":"fr-FR","potentialAction":[{"@type":"ReadAction","target":["https:\/\/abc-latina.com\/index\/information-pratique\/"]}]},{"@type":"BreadcrumbList","@id":"https:\/\/abc-latina.com\/index\/information-pratique\/#breadcrumb","itemListElement":[{"@type":"ListItem","position":1,"name":"Accueil","item":"https:\/\/abc-latina.com\/"},{"@type":"ListItem","position":2,"name":"INFORMATIONS PRATIQUES"}]},{"@type":"WebSite","@id":"https:\/\/abc-latina.com\/#website","url":"https:\/\/abc-latina.com\/","name":"Abc-latina","description":"","publisher":{"@id":"https:\/\/abc-latina.com\/#organization"},"potentialAction":[{"@type":"SearchAction","target":{"@type":"EntryPoint","urlTemplate":"https:\/\/abc-latina.com\/?s={search_term_string}"},"query-input":{"@type":"PropertyValueSpecification","valueRequired":true,"valueName":"search_term_string"}}],"inLanguage":"fr-FR"},{"@type":"Organization","@id":"https:\/\/abc-latina.com\/#organization","name":"Abc-latina","url":"https:\/\/abc-latina.com\/","logo":{"@type":"ImageObject","inLanguage":"fr-FR","@id":"https:\/\/abc-latina.com\/#\/schema\/logo\/image\/","url":"https:\/\/abc-latina.com\/wp-content\/uploads\/2026\/05\/cropped-logo.gif","contentUrl":"https:\/\/abc-latina.com\/wp-content\/uploads\/2026\/05\/cropped-logo.gif","width":89,"height":84,"caption":"Abc-latina"},"image":{"@id":"https:\/\/abc-latina.com\/#\/schema\/logo\/image\/"}}]}},"_links":{"self":[{"href":"https:\/\/abc-latina.com\/wp-json\/wp\/v2\/pages\/2739","targetHints":{"allow":["GET"]}}],"collection":[{"href":"https:\/\/abc-latina.com\/wp-json\/wp\/v2\/pages"}],"about":[{"href":"https:\/\/abc-latina.com\/wp-json\/wp\/v2\/types\/page"}],"author":[{"embeddable":true,"href":"https:\/\/abc-latina.com\/wp-json\/wp\/v2\/users\/3"}],"replies":[{"embeddable":true,"href":"https:\/\/abc-latina.com\/wp-json\/wp\/v2\/comments?post=2739"}],"version-history":[{"count":1,"href":"https:\/\/abc-latina.com\/wp-json\/wp\/v2\/pages\/2739\/revisions"}],"predecessor-version":[{"id":3889,"href":"https:\/\/abc-latina.com\/wp-json\/wp\/v2\/pages\/2739\/revisions\/3889"}],"up":[{"embeddable":true,"href":"https:\/\/abc-latina.com\/wp-json\/wp\/v2\/pages\/2316"}],"wp:attachment":[{"href":"https:\/\/abc-latina.com\/wp-json\/wp\/v2\/media?parent=2739"}],"curies":[{"name":"wp","href":"https:\/\/api.w.org\/{rel}","templated":true}]}}