{"id":2740,"date":"2011-09-09T05:01:15","date_gmt":"2011-09-09T03:01:15","guid":{"rendered":"http:\/\/abc-latina.com\/tourisme-php\/"},"modified":"2026-04-30T18:25:24","modified_gmt":"2026-04-30T16:25:24","slug":"tourisme","status":"publish","type":"page","link":"https:\/\/abc-latina.com\/index\/tourisme\/","title":{"rendered":"TOURISME en REPUBLIQUE DOMINICAINE"},"content":{"rendered":"<p><span class=\"tourisme-chapitre\">Puerto Plata<\/span><\/p>\n<div>Parque Central&nbsp;<\/div>\n<div><img loading=\"lazy\" decoding=\"async\" class=\" alignright size-full wp-image-2315\" src=\"http:\/\/abc-latina.com\/wp-content\/uploads\/2010\/10\/republique-dominicaine.jpg\" alt=\"\" width=\"220\" vspace=\"9\" hspace=\"15\" height=\"220\" align=\"right\" srcset=\"https:\/\/abc-latina.com\/wp-content\/uploads\/2010\/10\/republique-dominicaine.jpg 220w, https:\/\/abc-latina.com\/wp-content\/uploads\/2010\/10\/republique-dominicaine-150x150.jpg 150w\" sizes=\"auto, (max-width: 220px) 100vw, 220px\" \/>Le Parque Central est l&rsquo;un des principaux points d&rsquo;animation de la ville. Ce parc, situ\u00e9 dans l&rsquo;ancien quartier de la ville, est bord\u00e9 de plusieurs b\u00e2timents datant du 19e si\u00e8cle. En son centre se dresse une jolie glorieta dont la construction remonte \u00e0 1872. Il est aussi flanqu\u00e9, sur son c\u00f4t\u00e9 sud, de l&rsquo;Iglesia San Felipe, dat\u00e9e de 1934, un b\u00e2timent Art d\u00e9co \u00e0 l&rsquo;am\u00e9nagement int\u00e9rieur tr\u00e8s sobre. Non loin du parc se trouve \u00e9galement le Museo de Arte Taino.<\/div>\n<div>&nbsp;<\/div>\n<div>Fuerte San Felipe&nbsp;<\/div>\n<div>La forteresse San Felipe de Puerto Plata se dresse sur une petite pointe s&rsquo;avan\u00e7ant dans l&rsquo;oc\u00e9an \u00e0 l&rsquo;extr\u00e9mit\u00e9 ouest de la ville. Ce b\u00e2timent de d\u00e9fense abrite d\u00e9sormais un petit mus\u00e9e militaire.<\/div>\n<div>&nbsp;<\/div>\n<div>Museo de Ambar&nbsp;<\/div>\n<div>Ce mus\u00e9e poss\u00e8de une petite mais belle collection de pi\u00e8ces d&rsquo;ambre, cette r\u00e9sine fossile qu&rsquo;on trouve en abondance en R\u00e9publique dominicaine.<\/div>\n<div>&nbsp;<\/div>\n<div>Pico Isabel de Torres&nbsp;<\/div>\n<div>De son point le plus \u00e9lev\u00e9, \u00e0 793 m au-dessus du niveau de la mer, admirez un panorama exceptionnel de Puerto Plata et des plages, des montagnes, et d&rsquo;autres villes de la r\u00e9gion. Un t\u00e9l\u00e9ph\u00e9rique payant (\u00e0 environ 500 m de la sortie ouest de la ville) ainsi qu&rsquo;une petite route abrupte et dangereuse m\u00e8ne au sommet.<\/div>\n<div>&nbsp;<\/div>\n<div>Rhumerie Brugal&nbsp;<\/div>\n<div>Si vous \u00eates un amateur de rhum, venez visiter gratuitement la rhumerie Brugal. C&rsquo;est dans cette petite usine moderne qu&rsquo;est embouteill\u00e9 annuellement l&rsquo;\u00e9quivalent de 1 300 000 litres de rhum brun ou blanc, dont 95% est consomm\u00e9 en R\u00e9publique dominicaine.<\/div>\n<div>&nbsp;<\/div>\n<div><span class=\"tourisme-chapitre\">Sos\u00faa<\/span><\/div>\n<div>Le museo et la synagogue de Sos\u00faa&nbsp;<\/div>\n<div>Le mus\u00e9e de Sos\u00faa a pour vocation de faire conna\u00eetre l&rsquo;histoire de la fondation de la ville par les premiers colons juifs. La synagogue de Sos\u00faa accueille les rites religieux des descendants de r\u00e9fugi\u00e9s accueillis dans les ann\u00e9es 1940 par le dictateur Trujillo.<\/div>\n<div>&nbsp;<\/div>\n<div><span class=\"tourisme-chapitre\">R\u00edo San Juan<\/span><\/div>\n<div>La lagune Gri-Gri&nbsp;<\/div>\n<div>Cette balade dans la lagune Gri-Gri est l&rsquo;occasion de traverser une for\u00eat de mangliers et de pal\u00e9tuviers, d&rsquo;observer de pr\u00e8s plusieurs esp\u00e8ces d&rsquo;oiseaux qui y nichent. La promenade continue le long de la c\u00f4te jusqu&rsquo;\u00e0 une crique appel\u00e9e La Piscina, aux eaux cristallines, ainsi qu&rsquo;\u00e0 la petite plage Calet\u00f3n.<\/div>\n<div>&nbsp;<\/div>\n","protected":false},"excerpt":{"rendered":"<p>Puerto Plata Parque Central&nbsp; Le Parque Central est l&rsquo;un des principaux points d&rsquo;animation de la ville. Ce parc, situ\u00e9 dans [&hellip;]<\/p>\n","protected":false},"author":3,"featured_media":2315,"parent":2316,"menu_order":0,"comment_status":"closed","ping_status":"closed","template":"","meta":{"site-sidebar-layout":"default","site-content-layout":"","ast-site-content-layout":"default","site-content-style":"default","site-sidebar-style":"default","ast-global-header-display":"","ast-banner-title-visibility":"","ast-main-header-display":"","ast-hfb-above-header-display":"","ast-hfb-below-header-display":"","ast-hfb-mobile-header-display":"","site-post-title":"","ast-breadcrumbs-content":"","ast-featured-img":"","footer-sml-layout":"","ast-disable-related-posts":"","theme-transparent-header-meta":"","adv-header-id-meta":"","stick-header-meta":"","header-above-stick-meta":"","header-main-stick-meta":"","header-below-stick-meta":"","astra-migrate-meta-layouts":"default","ast-page-background-enabled":"default","ast-page-background-meta":{"desktop":{"background-color":"var(--ast-global-color-5)","background-image":"","background-repeat":"repeat","background-position":"center center","background-size":"auto","background-attachment":"scroll","background-type":"","background-media":"","overlay-type":"","overlay-color":"","overlay-opacity":"","overlay-gradient":""},"tablet":{"background-color":"","background-image":"","background-repeat":"repeat","background-position":"center center","background-size":"auto","background-attachment":"scroll","background-type":"","background-media":"","overlay-type":"","overlay-color":"","overlay-opacity":"","overlay-gradient":""},"mobile":{"background-color":"","background-image":"","background-repeat":"repeat","background-position":"center center","background-size":"auto","background-attachment":"scroll","background-type":"","background-media":"","overlay-type":"","overlay-color":"","overlay-opacity":"","overlay-gradient":""}},"ast-content-background-meta":{"desktop":{"background-color":"var(--ast-global-color-4)","background-image":"","background-repeat":"repeat","background-position":"center center","background-size":"auto","background-attachment":"scroll","background-type":"","background-media":"","overlay-type":"","overlay-color":"","overlay-opacity":"","overlay-gradient":""},"tablet":{"background-color":"var(--ast-global-color-4)","background-image":"","background-repeat":"repeat","background-position":"center center","background-size":"auto","background-attachment":"scroll","background-type":"","background-media":"","overlay-type":"","overlay-color":"","overlay-opacity":"","overlay-gradient":""},"mobile":{"background-color":"var(--ast-global-color-4)","background-image":"","background-repeat":"repeat","background-position":"center center","background-size":"auto","background-attachment":"scroll","background-type":"","background-media":"","overlay-type":"","overlay-color":"","overlay-opacity":"","overlay-gradient":""}},"footnotes":""},"class_list":["post-2740","page","type-page","status-publish","has-post-thumbnail","hentry"],"yoast_head":"<!-- This site is optimized with the Yoast SEO plugin v27.5 - https:\/\/yoast.com\/product\/yoast-seo-wordpress\/ -->\n<title>TOURISME en REPUBLIQUE DOMINICAINE - Abc-latina<\/title>\n<meta name=\"description\" content=\"Voyage et d\u00e9couverte de la R\u00e9publique dominicaine.\" \/>\n<meta name=\"robots\" content=\"index, follow, max-snippet:-1, max-image-preview:large, max-video-preview:-1\" \/>\n<link rel=\"canonical\" href=\"https:\/\/abc-latina.com\/index\/tourisme\/\" \/>\n<meta property=\"og:locale\" content=\"fr_FR\" \/>\n<meta property=\"og:type\" content=\"article\" \/>\n<meta property=\"og:title\" content=\"TOURISME en REPUBLIQUE DOMINICAINE - Abc-latina\" \/>\n<meta property=\"og:description\" content=\"Voyage et d\u00e9couverte de la R\u00e9publique dominicaine.\" \/>\n<meta property=\"og:url\" content=\"https:\/\/abc-latina.com\/index\/tourisme\/\" \/>\n<meta property=\"og:site_name\" content=\"Abc-latina\" \/>\n<meta property=\"article:modified_time\" content=\"2026-04-30T16:25:24+00:00\" \/>\n<meta property=\"og:image\" content=\"https:\/\/abc-latina.com\/wp-content\/uploads\/2010\/10\/republique-dominicaine.jpg\" \/>\n\t<meta property=\"og:image:width\" content=\"220\" \/>\n\t<meta property=\"og:image:height\" content=\"220\" \/>\n\t<meta property=\"og:image:type\" content=\"image\/jpeg\" \/>\n<meta name=\"twitter:card\" content=\"summary_large_image\" \/>\n<meta name=\"twitter:label1\" content=\"Dur\u00e9e de lecture estim\u00e9e\" \/>\n\t<meta name=\"twitter:data1\" content=\"2 minutes\" \/>\n<script type=\"application\/ld+json\" class=\"yoast-schema-graph\">{\"@context\":\"https:\\\/\\\/schema.org\",\"@graph\":[{\"@type\":\"WebPage\",\"@id\":\"https:\\\/\\\/abc-latina.com\\\/index\\\/tourisme\\\/\",\"url\":\"https:\\\/\\\/abc-latina.com\\\/index\\\/tourisme\\\/\",\"name\":\"TOURISME en REPUBLIQUE DOMINICAINE - Abc-latina\",\"isPartOf\":{\"@id\":\"https:\\\/\\\/abc-latina.com\\\/#website\"},\"primaryImageOfPage\":{\"@id\":\"https:\\\/\\\/abc-latina.com\\\/index\\\/tourisme\\\/#primaryimage\"},\"image\":{\"@id\":\"https:\\\/\\\/abc-latina.com\\\/index\\\/tourisme\\\/#primaryimage\"},\"thumbnailUrl\":\"https:\\\/\\\/abc-latina.com\\\/wp-content\\\/uploads\\\/2010\\\/10\\\/republique-dominicaine.jpg\",\"datePublished\":\"2011-09-09T03:01:15+00:00\",\"dateModified\":\"2026-04-30T16:25:24+00:00\",\"description\":\"Voyage et d\u00e9couverte de la R\u00e9publique dominicaine.\",\"breadcrumb\":{\"@id\":\"https:\\\/\\\/abc-latina.com\\\/index\\\/tourisme\\\/#breadcrumb\"},\"inLanguage\":\"fr-FR\",\"potentialAction\":[{\"@type\":\"ReadAction\",\"target\":[\"https:\\\/\\\/abc-latina.com\\\/index\\\/tourisme\\\/\"]}]},{\"@type\":\"ImageObject\",\"inLanguage\":\"fr-FR\",\"@id\":\"https:\\\/\\\/abc-latina.com\\\/index\\\/tourisme\\\/#primaryimage\",\"url\":\"https:\\\/\\\/abc-latina.com\\\/wp-content\\\/uploads\\\/2010\\\/10\\\/republique-dominicaine.jpg\",\"contentUrl\":\"https:\\\/\\\/abc-latina.com\\\/wp-content\\\/uploads\\\/2010\\\/10\\\/republique-dominicaine.jpg\",\"width\":220,\"height\":220,\"caption\":\"REPUBLIQUE DOMINICAINE\"},{\"@type\":\"BreadcrumbList\",\"@id\":\"https:\\\/\\\/abc-latina.com\\\/index\\\/tourisme\\\/#breadcrumb\",\"itemListElement\":[{\"@type\":\"ListItem\",\"position\":1,\"name\":\"Accueil\",\"item\":\"https:\\\/\\\/abc-latina.com\\\/\"},{\"@type\":\"ListItem\",\"position\":2,\"name\":\"TOURISME en REPUBLIQUE DOMINICAINE\"}]},{\"@type\":\"WebSite\",\"@id\":\"https:\\\/\\\/abc-latina.com\\\/#website\",\"url\":\"https:\\\/\\\/abc-latina.com\\\/\",\"name\":\"Abc-latina\",\"description\":\"\",\"publisher\":{\"@id\":\"https:\\\/\\\/abc-latina.com\\\/#organization\"},\"potentialAction\":[{\"@type\":\"SearchAction\",\"target\":{\"@type\":\"EntryPoint\",\"urlTemplate\":\"https:\\\/\\\/abc-latina.com\\\/?s={search_term_string}\"},\"query-input\":{\"@type\":\"PropertyValueSpecification\",\"valueRequired\":true,\"valueName\":\"search_term_string\"}}],\"inLanguage\":\"fr-FR\"},{\"@type\":\"Organization\",\"@id\":\"https:\\\/\\\/abc-latina.com\\\/#organization\",\"name\":\"Abc-latina\",\"url\":\"https:\\\/\\\/abc-latina.com\\\/\",\"logo\":{\"@type\":\"ImageObject\",\"inLanguage\":\"fr-FR\",\"@id\":\"https:\\\/\\\/abc-latina.com\\\/#\\\/schema\\\/logo\\\/image\\\/\",\"url\":\"https:\\\/\\\/abc-latina.com\\\/wp-content\\\/uploads\\\/2026\\\/05\\\/cropped-logo.gif\",\"contentUrl\":\"https:\\\/\\\/abc-latina.com\\\/wp-content\\\/uploads\\\/2026\\\/05\\\/cropped-logo.gif\",\"width\":89,\"height\":84,\"caption\":\"Abc-latina\"},\"image\":{\"@id\":\"https:\\\/\\\/abc-latina.com\\\/#\\\/schema\\\/logo\\\/image\\\/\"}}]}<\/script>\n<!-- \/ Yoast SEO plugin. -->","yoast_head_json":{"title":"TOURISME en REPUBLIQUE DOMINICAINE - Abc-latina","description":"Voyage et d\u00e9couverte de la R\u00e9publique dominicaine.","robots":{"index":"index","follow":"follow","max-snippet":"max-snippet:-1","max-image-preview":"max-image-preview:large","max-video-preview":"max-video-preview:-1"},"canonical":"https:\/\/abc-latina.com\/index\/tourisme\/","og_locale":"fr_FR","og_type":"article","og_title":"TOURISME en REPUBLIQUE DOMINICAINE - Abc-latina","og_description":"Voyage et d\u00e9couverte de la R\u00e9publique dominicaine.","og_url":"https:\/\/abc-latina.com\/index\/tourisme\/","og_site_name":"Abc-latina","article_modified_time":"2026-04-30T16:25:24+00:00","og_image":[{"width":220,"height":220,"url":"https:\/\/abc-latina.com\/wp-content\/uploads\/2010\/10\/republique-dominicaine.jpg","type":"image\/jpeg"}],"twitter_card":"summary_large_image","twitter_misc":{"Dur\u00e9e de lecture estim\u00e9e":"2 minutes"},"schema":{"@context":"https:\/\/schema.org","@graph":[{"@type":"WebPage","@id":"https:\/\/abc-latina.com\/index\/tourisme\/","url":"https:\/\/abc-latina.com\/index\/tourisme\/","name":"TOURISME en REPUBLIQUE DOMINICAINE - Abc-latina","isPartOf":{"@id":"https:\/\/abc-latina.com\/#website"},"primaryImageOfPage":{"@id":"https:\/\/abc-latina.com\/index\/tourisme\/#primaryimage"},"image":{"@id":"https:\/\/abc-latina.com\/index\/tourisme\/#primaryimage"},"thumbnailUrl":"https:\/\/abc-latina.com\/wp-content\/uploads\/2010\/10\/republique-dominicaine.jpg","datePublished":"2011-09-09T03:01:15+00:00","dateModified":"2026-04-30T16:25:24+00:00","description":"Voyage et d\u00e9couverte de la R\u00e9publique dominicaine.","breadcrumb":{"@id":"https:\/\/abc-latina.com\/index\/tourisme\/#breadcrumb"},"inLanguage":"fr-FR","potentialAction":[{"@type":"ReadAction","target":["https:\/\/abc-latina.com\/index\/tourisme\/"]}]},{"@type":"ImageObject","inLanguage":"fr-FR","@id":"https:\/\/abc-latina.com\/index\/tourisme\/#primaryimage","url":"https:\/\/abc-latina.com\/wp-content\/uploads\/2010\/10\/republique-dominicaine.jpg","contentUrl":"https:\/\/abc-latina.com\/wp-content\/uploads\/2010\/10\/republique-dominicaine.jpg","width":220,"height":220,"caption":"REPUBLIQUE DOMINICAINE"},{"@type":"BreadcrumbList","@id":"https:\/\/abc-latina.com\/index\/tourisme\/#breadcrumb","itemListElement":[{"@type":"ListItem","position":1,"name":"Accueil","item":"https:\/\/abc-latina.com\/"},{"@type":"ListItem","position":2,"name":"TOURISME en REPUBLIQUE DOMINICAINE"}]},{"@type":"WebSite","@id":"https:\/\/abc-latina.com\/#website","url":"https:\/\/abc-latina.com\/","name":"Abc-latina","description":"","publisher":{"@id":"https:\/\/abc-latina.com\/#organization"},"potentialAction":[{"@type":"SearchAction","target":{"@type":"EntryPoint","urlTemplate":"https:\/\/abc-latina.com\/?s={search_term_string}"},"query-input":{"@type":"PropertyValueSpecification","valueRequired":true,"valueName":"search_term_string"}}],"inLanguage":"fr-FR"},{"@type":"Organization","@id":"https:\/\/abc-latina.com\/#organization","name":"Abc-latina","url":"https:\/\/abc-latina.com\/","logo":{"@type":"ImageObject","inLanguage":"fr-FR","@id":"https:\/\/abc-latina.com\/#\/schema\/logo\/image\/","url":"https:\/\/abc-latina.com\/wp-content\/uploads\/2026\/05\/cropped-logo.gif","contentUrl":"https:\/\/abc-latina.com\/wp-content\/uploads\/2026\/05\/cropped-logo.gif","width":89,"height":84,"caption":"Abc-latina"},"image":{"@id":"https:\/\/abc-latina.com\/#\/schema\/logo\/image\/"}}]}},"_links":{"self":[{"href":"https:\/\/abc-latina.com\/wp-json\/wp\/v2\/pages\/2740","targetHints":{"allow":["GET"]}}],"collection":[{"href":"https:\/\/abc-latina.com\/wp-json\/wp\/v2\/pages"}],"about":[{"href":"https:\/\/abc-latina.com\/wp-json\/wp\/v2\/types\/page"}],"author":[{"embeddable":true,"href":"https:\/\/abc-latina.com\/wp-json\/wp\/v2\/users\/3"}],"replies":[{"embeddable":true,"href":"https:\/\/abc-latina.com\/wp-json\/wp\/v2\/comments?post=2740"}],"version-history":[{"count":1,"href":"https:\/\/abc-latina.com\/wp-json\/wp\/v2\/pages\/2740\/revisions"}],"predecessor-version":[{"id":3894,"href":"https:\/\/abc-latina.com\/wp-json\/wp\/v2\/pages\/2740\/revisions\/3894"}],"up":[{"embeddable":true,"href":"https:\/\/abc-latina.com\/wp-json\/wp\/v2\/pages\/2316"}],"wp:featuredmedia":[{"embeddable":true,"href":"https:\/\/abc-latina.com\/wp-json\/wp\/v2\/media\/2315"}],"wp:attachment":[{"href":"https:\/\/abc-latina.com\/wp-json\/wp\/v2\/media?parent=2740"}],"curies":[{"name":"wp","href":"https:\/\/api.w.org\/{rel}","templated":true}]}}