{"id":2742,"date":"2011-09-09T05:10:35","date_gmt":"2011-09-09T03:10:35","guid":{"rendered":"http:\/\/abc-latina.com\/presidents-republique-dominicaine-php\/"},"modified":"2026-04-30T18:25:24","modified_gmt":"2026-04-30T16:25:24","slug":"presidents-republique-dominicaine","status":"publish","type":"page","link":"https:\/\/abc-latina.com\/index\/presidents-republique-dominicaine\/","title":{"rendered":"PRESIDENTS &#8211; REPUBLIQUE DOMINICAINE"},"content":{"rendered":"<p>1821-1822 : Jos\u00e9 N\u00fa\u00f1ez de C\u00e1ceres&nbsp;<\/p>\n<div>1822-27 f\u00e9vrier 1844 : Occupation ha\u00eftienne&nbsp;<\/div>\n<div>27 f\u00e9vrier 1844 &#8211; 1er mars 1844 : Francisco del Rosario Sanchez&nbsp;<\/div>\n<div>1er mars 1844 &#8211; 5 juin 1844 : Tomas Bobadilla y Briones&nbsp;<\/div>\n<div>5 juin 1844 &#8211; 9 juin 1844 : Jos\u00e9 Maria Caminero Ferrer&nbsp;<\/div>\n<div>9 juin 1844 &#8211; 16 juillet 1844 : Francisco del Rosario Sanchez&nbsp;<\/div>\n<div>16 juillet 1844 &#8211; 8 septembre 1848 : Pedro Santana Familias&nbsp;<\/div>\n<div>8 septembre 1848 &#8211; 29 mai 1849 : Manuel Jimenes&nbsp;<\/div>\n<div>30 mai 1849 &#8211; 23 septembre 1849 : Pedro Santana&nbsp;<\/div>\n<div>24 septembre 1849 -15 f\u00e9vrier 1853 : Buenaventura B\u00e1ez&nbsp;<\/div>\n<div>15 f\u00e9vrier 1853 &#8211; 26 mai 1856 : Pedro Santana&nbsp;<\/div>\n<div>26 mai 1856 &#8211; 8 octobre 1856 : Manuel de la Regla Mota&nbsp;<\/div>\n<div>8 octobre 1856 &#8211; 13 juin 1858 : Buenaventura B\u00e1ez&nbsp;<\/div>\n<div>13 juin 1858 &#8211; 28 juillet 1858 : Jos\u00e9 Desiderio Valverde&nbsp;<\/div>\n<div>28 juillet 1858 &#8211; 18 mars 1861 : Pedro Santana&nbsp;<\/div>\n<div>18 mars 1861 -24 mars 1865 : Annexation Espagnole&nbsp;<\/div>\n<div>25 mars 1865 &#8211; 4 ao\u00fbt 1865 : Pedro Antonio Pimentel&nbsp;<\/div>\n<div>4 ao\u00fbt 1865 &#8211; 15 novembre 1865 : Jos\u00e9 Mar\u00eda Cabral&nbsp;<\/div>\n<div>15 novembre 1865 &#8211; 8 d\u00e9cembre 1865 : Pedro Guillermo&nbsp;<\/div>\n<div>8 d\u00e9cembre 1865 &#8211; 29 mai 1866 : Buenaventura B\u00e1ez&nbsp;<\/div>\n<div>29 mai 1866 &#8211; 22 ao\u00fbt 1866 : Triumvirat&nbsp;<\/div>\n<div>22 ao\u00fbt 1866 &#8211; 31 janvier 1868 : Jos\u00e9 Mar\u00eda Cabral&nbsp;<\/div>\n<div>31 janvier 1868 &#8211; 13 f\u00e9vrier 1868 : Manuel Altagracia C\u00e1ceres&nbsp;<\/div>\n<div>13 f\u00e9vrier 1868 &#8211; 2 mai 1868 : junta de Generales&nbsp;<\/div>\n<div>2 mai 1868 &#8211; 2 janvier 1874 : Buenaventura B\u00e1ez&nbsp;<\/div>\n<div>2 janvier 1874 &#8211; 22 janvier 1874 : Ignacio Mar\u00eda Gonz\u00e1lez&nbsp;<\/div>\n<div>22 janvier 1874 &#8211; 6 avril 1874 : &quot;Generales en Jefe&quot;&nbsp;<\/div>\n<div>6 avril 1874 &#8211; 23 f\u00e9vrier 1876 : Ignacio Mar\u00eda Gonz\u00e1lez&nbsp;<\/div>\n<div>23 f\u00e9vrier 1876 &#8211; 29 avril 1876 : ?&nbsp;<\/div>\n<div>29 avril 1876 &#8211; 5 octobre 1876 : Ulises Francisco Espaillat&nbsp;<\/div>\n<div>5 octobre 1876 &#8211; 11 novembre 1876 : ?&nbsp;<\/div>\n<div>11 novembre 1876 &#8211; 9 d\u00e9cembre 1876 : Ignacio Mar\u00eda Gonz\u00e1lez&nbsp;<\/div>\n<div>10 d\u00e9cembre 1876 &#8211; 26 d\u00e9cembre 1876 : Marcos Antonio Cabral&nbsp;<\/div>\n<div>26 d\u00e9cembre 1876 &#8211; 2 mars 1878 : Buenaventura B\u00e1ez&nbsp;<\/div>\n<div>7 septembre 1878 &#8211; 29 septembre 1878 : Jacinto del Rosario de Castro&nbsp;<\/div>\n<div>30 septembre 1878 &#8211; 27 f\u00e9vrier 1879 : ?&nbsp;<\/div>\n<div>27 f\u00e9vrier 1878 -6 d\u00e9cembre 1879 : Ces\u00e1reo Guillermo&nbsp;<\/div>\n<div>6 d\u00e9cembre 1879 -1er septembre 1880 : Gregorio Luper\u00f3n&nbsp;<\/div>\n<div>1er septembre 1880 &#8211; 1er septembre 1882 : Fernando Arturo de Meri\u00f1o&nbsp;<\/div>\n<div>1er septembre 1882 -1er septembre 1884 : Ulises Heureaux&nbsp;<\/div>\n<div>1er septembre 1884 &#8211; 16 mai 1885 : Francisco Gregorio Billini&nbsp;<\/div>\n<div>16 mai 1885 &#8211; 6 janvier 1887 : Alejandro Woss y Gil&nbsp;<\/div>\n<div>6 janvier 1887 &#8211; 27 f\u00e9vrier 1889 : Ulises Heureaux&nbsp;<\/div>\n<div>21 f\u00e9vrier 1889 &#8211; 30 avril 1889 : Manuel Mar\u00eda Gautier&nbsp;<\/div>\n<div>30 avril 1889 &#8211; 26 juillet 1899 : Ulises Heureaux&nbsp;<\/div>\n<div>26 juillet 1899 &#8211; 30 ao\u00fbt 1899 : Juan Wenceslao Figuereo Caso&nbsp;<\/div>\n<div>30 ao\u00fbt 1899 &#8211; 15 novembre 1899 : Horacio Vasquez Lajara&nbsp;<\/div>\n<div>15 novembre 1899 &#8211; 26 avril 1902 : Juan Isidro Jimenes Pereyra&nbsp;<\/div>\n<div>26 avril 1902 &#8211; 23 avril 1903 : Horacio Vasquez Lajara&nbsp;<\/div>\n<div>23 avril 1903 &#8211; 24 novembre 1903 : Alejandro Woss y Gil&nbsp;<\/div>\n<div>24 novembre 1903 &#8211; 12 janvier 1906 : Carlos Felipe Morales Languasco&nbsp;<\/div>\n<div>12 janvier 1906 &#8211; 19 novembre 1911 : Ram\u00f3n C\u00e1ceres&nbsp;<\/div>\n<div>5 d\u00e9cembre 1911 &#8211; 30 novembre 1912 : Eladio Victoria Victoria&nbsp;<\/div>\n<div>1er d\u00e9cembre 1912 &#8211; 13 avril 1913 : Adolfo Alejandro Nouel y Bobadilla&nbsp;<\/div>\n<div>14 avril 1913 &#8211; 27 ao\u00fbt 1914 : Jos\u00e9 Bordas Vald\u00e9s&nbsp;<\/div>\n<div>28 ao\u00fbt 1914 &#8211; 5 d\u00e9cembre 1914 : Ramon B\u00e1ez Machado&nbsp;<\/div>\n<div>5 d\u00e9cembre 1914 &#8211; 7 mai 1916 : Juan Isidro Jimenez Pereyra&nbsp;<\/div>\n<div>1916-1924 : Occupation Am\u00e9ricaine&nbsp;<\/div>\n<div>12 juillet 1924 &#8211; 3 mars 1930 : Horacio V\u00e1squez&nbsp;<\/div>\n<div>3 mars 1930 &#8211; 16 ao\u00fbt 1930 : Rafael Estrella Ure\u00f1a&nbsp;<\/div>\n<div>16 ao\u00fbt 1930 &#8211; 16 ao\u00fbt 1938 : Rafael Le\u00f3nidas Trujillo Molina&nbsp;<\/div>\n<div>16 ao\u00fbt 1938 &#8211; 7 mars 1940 : Jacinto Bienenido Peynado&nbsp;<\/div>\n<div>7 mars 1940 &#8211; 18 mai 1942 : Manuel Troncoso de la Concha&nbsp;<\/div>\n<div>18 mai 1942 &#8211; [16 ao\u00fbt]] 1952 : Rafael Le\u00f3nidas Trujillo Molina&nbsp;<\/div>\n<div>16 ao\u00fbt 1952 &#8211; 3 ao\u00fbt 1960 : Hector Trujillo Molina&nbsp;<\/div>\n<div>3 ao\u00fbt 1960 &#8211; 18 janvier 1962 : Joaqu\u00edn Balaguer Ricardo&nbsp;<\/div>\n<div>18 janvier 1962 &#8211; 27 f\u00e9vrier 1963 : Rafael Bonelly&nbsp;<\/div>\n<div>27 f\u00e9vrier 1963 &#8211; 25 septembre 1963 : Juan Bosch&nbsp;<\/div>\n<div>26 septembre 1963 &#8211; 22 d\u00e9cembre 1963 : Emilio de Los Santos&nbsp;<\/div>\n<div>29 d\u00e9cembre 1963 &#8211; 25 avril 1965 : Donald Reid Cabral&nbsp;<\/div>\n<div>25 avril1965 &#8211; 27 avril 1965 : Jos\u00e9 Molina Ure\u00f1a&nbsp;<\/div>\n<div>1er mai 1965 &#8211; 7 mai 1965 : Pedro Bartolome Benoit Vanderhorst&nbsp;<\/div>\n<div>7 mai 1965 &#8211; 30 ao\u00fbt 1965 : Antonio Coseme Imbert Barrera&nbsp;<\/div>\n<div>3 septembre 1965 &#8211; 1er juillet 1966 : H\u00e9ctor Garc\u00eda Godoy&nbsp;<\/div>\n<div>1er juillet 1966 &#8211; 16 ao\u00fbt 1978 : Joaqu\u00edn Balaguer Ricardo&nbsp;<\/div>\n<div>16 ao\u00fbt 1978 &#8211; 16 ao\u00fbt 1982 : Silvestre Antonio Guzm\u00e1n Fern\u00e1ndez&nbsp;<\/div>\n<div>16 ao\u00fbt 1982 &#8211; 16 ao\u00fbt 1986 : Salvador Jorge Blanco&nbsp;<\/div>\n<div>16 ao\u00fbt 1986 &#8211; 16 ao\u00fbt 1996 : Joaqu\u00edn Balaguer Ricardo&nbsp;<\/div>\n<div>16 ao\u00fbt 1996 &#8211; 16 ao\u00fbt 2000 : Leonel Fern\u00e1ndez Reyna&nbsp;<\/div>\n<div>16 ao\u00fbt 2000- 16 ao\u00fbt 2004 : Hip\u00f3lito Mej\u00eda Dom\u00ednguez&nbsp;<\/div>\n<div>Depuis le 16 ao\u00fbt 2004 : Leonel Fern\u00e1ndez Reyna&nbsp;<\/div>\n<div>&nbsp;<\/div>\n<div>NOTA<\/div>\n<div><a href=\"https:\/\/www.abc-latina.com\/republique_dominicaine\/histoire.php\">Histoire de la R\u00e9publique dominicaine<\/a>&nbsp;<\/div>\n","protected":false},"excerpt":{"rendered":"<p>1821-1822 : Jos\u00e9 N\u00fa\u00f1ez de C\u00e1ceres&nbsp; 1822-27 f\u00e9vrier 1844 : Occupation ha\u00eftienne&nbsp; 27 f\u00e9vrier 1844 &#8211; 1er mars 1844 : [&hellip;]<\/p>\n","protected":false},"author":3,"featured_media":0,"parent":2316,"menu_order":0,"comment_status":"closed","ping_status":"closed","template":"","meta":{"site-sidebar-layout":"default","site-content-layout":"","ast-site-content-layout":"default","site-content-style":"default","site-sidebar-style":"default","ast-global-header-display":"","ast-banner-title-visibility":"","ast-main-header-display":"","ast-hfb-above-header-display":"","ast-hfb-below-header-display":"","ast-hfb-mobile-header-display":"","site-post-title":"","ast-breadcrumbs-content":"","ast-featured-img":"","footer-sml-layout":"","ast-disable-related-posts":"","theme-transparent-header-meta":"","adv-header-id-meta":"","stick-header-meta":"","header-above-stick-meta":"","header-main-stick-meta":"","header-below-stick-meta":"","astra-migrate-meta-layouts":"default","ast-page-background-enabled":"default","ast-page-background-meta":{"desktop":{"background-color":"var(--ast-global-color-5)","background-image":"","background-repeat":"repeat","background-position":"center center","background-size":"auto","background-attachment":"scroll","background-type":"","background-media":"","overlay-type":"","overlay-color":"","overlay-opacity":"","overlay-gradient":""},"tablet":{"background-color":"","background-image":"","background-repeat":"repeat","background-position":"center center","background-size":"auto","background-attachment":"scroll","background-type":"","background-media":"","overlay-type":"","overlay-color":"","overlay-opacity":"","overlay-gradient":""},"mobile":{"background-color":"","background-image":"","background-repeat":"repeat","background-position":"center center","background-size":"auto","background-attachment":"scroll","background-type":"","background-media":"","overlay-type":"","overlay-color":"","overlay-opacity":"","overlay-gradient":""}},"ast-content-background-meta":{"desktop":{"background-color":"var(--ast-global-color-4)","background-image":"","background-repeat":"repeat","background-position":"center center","background-size":"auto","background-attachment":"scroll","background-type":"","background-media":"","overlay-type":"","overlay-color":"","overlay-opacity":"","overlay-gradient":""},"tablet":{"background-color":"var(--ast-global-color-4)","background-image":"","background-repeat":"repeat","background-position":"center center","background-size":"auto","background-attachment":"scroll","background-type":"","background-media":"","overlay-type":"","overlay-color":"","overlay-opacity":"","overlay-gradient":""},"mobile":{"background-color":"var(--ast-global-color-4)","background-image":"","background-repeat":"repeat","background-position":"center center","background-size":"auto","background-attachment":"scroll","background-type":"","background-media":"","overlay-type":"","overlay-color":"","overlay-opacity":"","overlay-gradient":""}},"footnotes":""},"class_list":["post-2742","page","type-page","status-publish","hentry"],"yoast_head":"<!-- This site is optimized with the Yoast SEO plugin v27.5 - https:\/\/yoast.com\/product\/yoast-seo-wordpress\/ -->\n<title>PRESIDENTS - REPUBLIQUE DOMINICAINE - Abc-latina<\/title>\n<meta name=\"description\" content=\"Liste des pr\u00e9sidents de la R\u00e9publique dominicaine.\" \/>\n<meta name=\"robots\" content=\"index, follow, max-snippet:-1, max-image-preview:large, max-video-preview:-1\" \/>\n<link rel=\"canonical\" href=\"https:\/\/abc-latina.com\/index\/presidents-republique-dominicaine\/\" \/>\n<meta property=\"og:locale\" content=\"fr_FR\" \/>\n<meta property=\"og:type\" content=\"article\" \/>\n<meta property=\"og:title\" content=\"PRESIDENTS - REPUBLIQUE DOMINICAINE - Abc-latina\" \/>\n<meta property=\"og:description\" content=\"Liste des pr\u00e9sidents de la R\u00e9publique dominicaine.\" \/>\n<meta property=\"og:url\" content=\"https:\/\/abc-latina.com\/index\/presidents-republique-dominicaine\/\" \/>\n<meta property=\"og:site_name\" content=\"Abc-latina\" \/>\n<meta property=\"article:modified_time\" content=\"2026-04-30T16:25:24+00:00\" \/>\n<meta name=\"twitter:card\" content=\"summary_large_image\" \/>\n<meta name=\"twitter:label1\" content=\"Dur\u00e9e de lecture estim\u00e9e\" \/>\n\t<meta name=\"twitter:data1\" content=\"3 minutes\" \/>\n<script type=\"application\/ld+json\" class=\"yoast-schema-graph\">{\"@context\":\"https:\\\/\\\/schema.org\",\"@graph\":[{\"@type\":\"WebPage\",\"@id\":\"https:\\\/\\\/abc-latina.com\\\/index\\\/presidents-republique-dominicaine\\\/\",\"url\":\"https:\\\/\\\/abc-latina.com\\\/index\\\/presidents-republique-dominicaine\\\/\",\"name\":\"PRESIDENTS - REPUBLIQUE DOMINICAINE - Abc-latina\",\"isPartOf\":{\"@id\":\"https:\\\/\\\/abc-latina.com\\\/#website\"},\"datePublished\":\"2011-09-09T03:10:35+00:00\",\"dateModified\":\"2026-04-30T16:25:24+00:00\",\"description\":\"Liste des pr\u00e9sidents de la R\u00e9publique dominicaine.\",\"breadcrumb\":{\"@id\":\"https:\\\/\\\/abc-latina.com\\\/index\\\/presidents-republique-dominicaine\\\/#breadcrumb\"},\"inLanguage\":\"fr-FR\",\"potentialAction\":[{\"@type\":\"ReadAction\",\"target\":[\"https:\\\/\\\/abc-latina.com\\\/index\\\/presidents-republique-dominicaine\\\/\"]}]},{\"@type\":\"BreadcrumbList\",\"@id\":\"https:\\\/\\\/abc-latina.com\\\/index\\\/presidents-republique-dominicaine\\\/#breadcrumb\",\"itemListElement\":[{\"@type\":\"ListItem\",\"position\":1,\"name\":\"Accueil\",\"item\":\"https:\\\/\\\/abc-latina.com\\\/\"},{\"@type\":\"ListItem\",\"position\":2,\"name\":\"PRESIDENTS &#8211; REPUBLIQUE DOMINICAINE\"}]},{\"@type\":\"WebSite\",\"@id\":\"https:\\\/\\\/abc-latina.com\\\/#website\",\"url\":\"https:\\\/\\\/abc-latina.com\\\/\",\"name\":\"Abc-latina\",\"description\":\"\",\"publisher\":{\"@id\":\"https:\\\/\\\/abc-latina.com\\\/#organization\"},\"potentialAction\":[{\"@type\":\"SearchAction\",\"target\":{\"@type\":\"EntryPoint\",\"urlTemplate\":\"https:\\\/\\\/abc-latina.com\\\/?s={search_term_string}\"},\"query-input\":{\"@type\":\"PropertyValueSpecification\",\"valueRequired\":true,\"valueName\":\"search_term_string\"}}],\"inLanguage\":\"fr-FR\"},{\"@type\":\"Organization\",\"@id\":\"https:\\\/\\\/abc-latina.com\\\/#organization\",\"name\":\"Abc-latina\",\"url\":\"https:\\\/\\\/abc-latina.com\\\/\",\"logo\":{\"@type\":\"ImageObject\",\"inLanguage\":\"fr-FR\",\"@id\":\"https:\\\/\\\/abc-latina.com\\\/#\\\/schema\\\/logo\\\/image\\\/\",\"url\":\"https:\\\/\\\/abc-latina.com\\\/wp-content\\\/uploads\\\/2026\\\/05\\\/cropped-logo.gif\",\"contentUrl\":\"https:\\\/\\\/abc-latina.com\\\/wp-content\\\/uploads\\\/2026\\\/05\\\/cropped-logo.gif\",\"width\":89,\"height\":84,\"caption\":\"Abc-latina\"},\"image\":{\"@id\":\"https:\\\/\\\/abc-latina.com\\\/#\\\/schema\\\/logo\\\/image\\\/\"}}]}<\/script>\n<!-- \/ Yoast SEO plugin. -->","yoast_head_json":{"title":"PRESIDENTS - REPUBLIQUE DOMINICAINE - Abc-latina","description":"Liste des pr\u00e9sidents de la R\u00e9publique dominicaine.","robots":{"index":"index","follow":"follow","max-snippet":"max-snippet:-1","max-image-preview":"max-image-preview:large","max-video-preview":"max-video-preview:-1"},"canonical":"https:\/\/abc-latina.com\/index\/presidents-republique-dominicaine\/","og_locale":"fr_FR","og_type":"article","og_title":"PRESIDENTS - REPUBLIQUE DOMINICAINE - Abc-latina","og_description":"Liste des pr\u00e9sidents de la R\u00e9publique dominicaine.","og_url":"https:\/\/abc-latina.com\/index\/presidents-republique-dominicaine\/","og_site_name":"Abc-latina","article_modified_time":"2026-04-30T16:25:24+00:00","twitter_card":"summary_large_image","twitter_misc":{"Dur\u00e9e de lecture estim\u00e9e":"3 minutes"},"schema":{"@context":"https:\/\/schema.org","@graph":[{"@type":"WebPage","@id":"https:\/\/abc-latina.com\/index\/presidents-republique-dominicaine\/","url":"https:\/\/abc-latina.com\/index\/presidents-republique-dominicaine\/","name":"PRESIDENTS - REPUBLIQUE DOMINICAINE - Abc-latina","isPartOf":{"@id":"https:\/\/abc-latina.com\/#website"},"datePublished":"2011-09-09T03:10:35+00:00","dateModified":"2026-04-30T16:25:24+00:00","description":"Liste des pr\u00e9sidents de la R\u00e9publique dominicaine.","breadcrumb":{"@id":"https:\/\/abc-latina.com\/index\/presidents-republique-dominicaine\/#breadcrumb"},"inLanguage":"fr-FR","potentialAction":[{"@type":"ReadAction","target":["https:\/\/abc-latina.com\/index\/presidents-republique-dominicaine\/"]}]},{"@type":"BreadcrumbList","@id":"https:\/\/abc-latina.com\/index\/presidents-republique-dominicaine\/#breadcrumb","itemListElement":[{"@type":"ListItem","position":1,"name":"Accueil","item":"https:\/\/abc-latina.com\/"},{"@type":"ListItem","position":2,"name":"PRESIDENTS &#8211; REPUBLIQUE DOMINICAINE"}]},{"@type":"WebSite","@id":"https:\/\/abc-latina.com\/#website","url":"https:\/\/abc-latina.com\/","name":"Abc-latina","description":"","publisher":{"@id":"https:\/\/abc-latina.com\/#organization"},"potentialAction":[{"@type":"SearchAction","target":{"@type":"EntryPoint","urlTemplate":"https:\/\/abc-latina.com\/?s={search_term_string}"},"query-input":{"@type":"PropertyValueSpecification","valueRequired":true,"valueName":"search_term_string"}}],"inLanguage":"fr-FR"},{"@type":"Organization","@id":"https:\/\/abc-latina.com\/#organization","name":"Abc-latina","url":"https:\/\/abc-latina.com\/","logo":{"@type":"ImageObject","inLanguage":"fr-FR","@id":"https:\/\/abc-latina.com\/#\/schema\/logo\/image\/","url":"https:\/\/abc-latina.com\/wp-content\/uploads\/2026\/05\/cropped-logo.gif","contentUrl":"https:\/\/abc-latina.com\/wp-content\/uploads\/2026\/05\/cropped-logo.gif","width":89,"height":84,"caption":"Abc-latina"},"image":{"@id":"https:\/\/abc-latina.com\/#\/schema\/logo\/image\/"}}]}},"_links":{"self":[{"href":"https:\/\/abc-latina.com\/wp-json\/wp\/v2\/pages\/2742","targetHints":{"allow":["GET"]}}],"collection":[{"href":"https:\/\/abc-latina.com\/wp-json\/wp\/v2\/pages"}],"about":[{"href":"https:\/\/abc-latina.com\/wp-json\/wp\/v2\/types\/page"}],"author":[{"embeddable":true,"href":"https:\/\/abc-latina.com\/wp-json\/wp\/v2\/users\/3"}],"replies":[{"embeddable":true,"href":"https:\/\/abc-latina.com\/wp-json\/wp\/v2\/comments?post=2742"}],"version-history":[{"count":1,"href":"https:\/\/abc-latina.com\/wp-json\/wp\/v2\/pages\/2742\/revisions"}],"predecessor-version":[{"id":3893,"href":"https:\/\/abc-latina.com\/wp-json\/wp\/v2\/pages\/2742\/revisions\/3893"}],"up":[{"embeddable":true,"href":"https:\/\/abc-latina.com\/wp-json\/wp\/v2\/pages\/2316"}],"wp:attachment":[{"href":"https:\/\/abc-latina.com\/wp-json\/wp\/v2\/media?parent=2742"}],"curies":[{"name":"wp","href":"https:\/\/api.w.org\/{rel}","templated":true}]}}