{"id":2748,"date":"2011-09-20T16:24:18","date_gmt":"2011-09-20T14:24:18","guid":{"rendered":"http:\/\/abc-latina.com\/carlos_monzon-htm\/"},"modified":"2026-04-30T18:25:29","modified_gmt":"2026-04-30T16:25:29","slug":"carlos_monzon","status":"publish","type":"page","link":"https:\/\/abc-latina.com\/sport\/sportifs\/carlos_monzon\/","title":{"rendered":"CARLOS MONZON"},"content":{"rendered":"<p><img loading=\"lazy\" decoding=\"async\" class=\" alignright size-full wp-image-2747\" src=\"http:\/\/abc-latina.com\/wp-content\/uploads\/2011\/09\/monzon.jpg\" title=\"CARLOS MONZON\" alt=\"CARLOS MONZON\" width=\"220\" vspace=\"9\" hspace=\"15\" height=\"220\" align=\"right\" srcset=\"https:\/\/abc-latina.com\/wp-content\/uploads\/2011\/09\/monzon.jpg 220w, https:\/\/abc-latina.com\/wp-content\/uploads\/2011\/09\/monzon-150x150.jpg 150w\" sizes=\"auto, (max-width: 220px) 100vw, 220px\" \/><span class=\"tourisme-chapitre\">Carlos Monzon<\/span> a d\u00e9tenu le titre mondial de boxe dans la cat\u00e9gorie des poids moyens durant sept ann\u00e9es fut l&rsquo;idole de tout le peuple argentin \u00e0 l&rsquo;instar de <a href=\"juan_manuel_fangio\">Fangio<\/a> ou <a href=\"diego_maradona\">Maradona<\/a>, il est rest\u00e9 invaincu en championnat du monde gr\u00e2ce \u00e0 un style peu orthodoxe, mais efficace. Boxeur d&rsquo;instinct et sauvage, Monzon a malheureusement fait \u00e9galement la une lorsqu&rsquo;il a d\u00e9fenestr\u00e9 son ex-femme. Emprisonn\u00e9, il se tue dans un accident de la route alors que sa lib\u00e9ration \u00e9tait prononc\u00e9e.&nbsp;<\/p>\n<p>Un regard noir plant\u00e9 sur un corps longiligne. Deux bras interminables et des jambes presque fr\u00eales. Cette silhouette n&rsquo;\u00e9tait pas impressionnante. Carlos Monzon a n\u00e9anmoins \u00e9t\u00e9 un remarquable champion du monde des poids moyens entre 1970 et 1977. Sept ans d&rsquo;un r\u00e8gne sans partage, presque insolant tant son style, parfois contest\u00e9, n&rsquo;avait rien de sensationnel.<\/p>\n<p>N\u00e9 le 7 ao\u00fbt 1942 dans un bidonville sans eau ni \u00e9lectricit\u00e9 de Santa Fe, il entre dans une salle de boxe pour fuir \u00e0 cet univers qu&rsquo;il commentait lui-m\u00eame comme un &quot;capharna\u00fcm de t\u00f4les et de planches gondol\u00e9es et crev\u00e9es&quot;.<\/p>\n<p>Monzon, issu d&rsquo;une famille pauvre de douze fr\u00e8res et soeurs, commence \u00e0 travailler, encore enfant, comme vendeur de journaux. Tour \u00e0 tour marchand de quatre saisons, cireur de chaussures, ma\u00e7on ou livreur de lait, le jeune Argentin d\u00e9cide de disputer, \u00e0 dix-sept ans, son premier combat, qui lui rapporte&#8230; 50 pesos.<\/p>\n<p>Il entame ainsi une s\u00e9rie de 101 victoires, dont 61 par K-O, pour 9 nuls et 3 d\u00e9faites.&nbsp;<\/p>\n<p>C&rsquo;est en 1963, \u00e0 l&rsquo;\u00e2ge de 20 ans, que Carlos Monzon passe professionnel. Il devient champion d&rsquo; Argentine en septembre 1966 et d\u00e9plore trois d\u00e9faites. Les seules de sa carri\u00e8re que le champion qualifiera plus tard de vols. Sa trajectoire est ascendante.<\/p>\n<p>Champion d&rsquo;Am\u00e9rique du Sud en juin 1967, le boxeur doit franchir les fronti\u00e8res de son pays pour tenter de d\u00e9crocher le titre supr\u00eame.<\/p>\n<p>Le 7 novembre 1970, devant 20 000 spectateurs italiens qui chantent l&rsquo;hymne national sous le regard noir du challenger, il est accueilli sur le ring par des jets de tomates. Son orgueil est mis \u00e0 vif et c&rsquo;est Benvenuti qui va le payer. A la douzi\u00e8me reprise, il an\u00e9anti son adversaire d&rsquo;une droite concluant, ainsi, un long travail de sape.<\/p>\n<p>A son retour en <a target=\"_blank\" href=\"https:\/\/www.abc-latina.com\/argentine\/\">Argentine<\/a>, Carlos Monzon est f\u00eat\u00e9 par 200 000 personnes \u00e0 Santa Fe. &quot;El Macho&quot;, surnom n\u00e9 de sa hargne au combat, est champion du monde. Il devient un star adul\u00e9e en additionnant les d\u00e9fenses victorieuses: Benvenuti est envoy\u00e9 \u00e0 la retraite en trois rounds lors de la revanche, Griffith encaisse vingt-trois coups dans la 14e reprise, et Moyer s&rsquo;incline dans la 5e.<\/p>\n<p>La route du Monzon passe alors par Paris o\u00f9 l&rsquo;attend un homme \u00e9galement estim\u00e9 dans son pays. Jean-Claude Bouttier porte sur ses \u00e9paules les espoirs d&rsquo;un titre mondial des moyens parti avec le grand Marcel Cerdan.<\/p>\n<p>Le 17 juin 1972 au stade olympique de Colombes, ils sont 25 000 \u00e0 croire au sacre du Mayennais coach\u00e9 par Jean Bretonnel. L&rsquo;entra\u00eeneur ne renvoie par son boxeur au charbon \u00e0 l&rsquo;appel de 13e round. Bless\u00e9 \u00e0 l&rsquo;\u0153il par deux coups de pouce, Bouttier devra encore patienter. Entre-temps, Monzon a d\u00e9roul\u00e9 devant Bogs (arr\u00eat de l&rsquo;arbitre 5e) et franchit l&rsquo;obstacle Briscoe non sans avoir \u00e9t\u00e9 durement secou\u00e9 dans la 9e reprise. Et Griffith a fort courageusement tenu la distance en vain.<\/p>\n<p>Alain Delon, autant ami de Bouttier que passionn\u00e9 par Monzon, organise quinze mois plus tard la revanche sur le central de Roland-Garros. Surpris par la volont\u00e9 du Fran\u00e7ais, Monzon joue avec les cordes pour esquiver. Men\u00e9 au deux tiers du combat, le champion r\u00e9agi avec fiert\u00e9 pour s&rsquo;imposer aux points et prolonger la longue attente des Fran\u00e7ais.<\/p>\n<p>Quelques mois plus tard sous le chapiteau de la D\u00e9fense, Monzon punit en sept rounds Napoles pour ses paroles d\u00e9plac\u00e9es, mais est destitu\u00e9 par la WBC pour avoir refus\u00e9 le contr\u00f4le anti-dopage. Mundine, Licata et Gratien Tonna subissent \u00e0 leur tour la dure loi du champion. D\u00e8s lors, Monzon n&rsquo;esp\u00e8re plus que r\u00e9unifi\u00e9 le titre. Rodrigo Valdez, le d\u00e9sormais champion WBC, abandonne sa ceinture aux points \u00e0 Monaco en juin 1976 et \u00e9choue, encore selon le verdict des juge, lors de la revanche, toujours dans la Principaut\u00e9. Ce jour-l\u00e0, Monzon va au tapis. La seule et unique fois de sa carri\u00e8re. Car il annonce sa retraite un mois plus tard et reste \u00e0 ce jour l&rsquo;un des rares champions partis avec le titre.<\/p>\n<p>Il veut imposer sa belle gueule sur les toiles de cin\u00e9ma, mais ne tourne que dans deux films. En revanche, il fait la une dans la presse \u00e0 scandale. Auteur d&rsquo;une agression sur un photographe, il \u00e9chappe \u00e0 la prison en appel. Mais le 14 f\u00e9vrier 1988, son ex-femme Alicia Munoz, danseuse de cabaret, est retrouv\u00e9e morte sous le balcon de l&rsquo;ex-boxeur, victime lui de multiples fractures. Triste Saint-Valentin ! Monzon est reconnu coupable et condamn\u00e9 \u00e0 onze ans d&#8217;emprisonnement.<\/p>\n<p>Le 8 janvier 1995, il rentre au p\u00e9nitencier de Las Flores apr\u00e8s avoir pass\u00e9 un week-end de permission, son vehicule part en tonneau. L&rsquo;Argentin meurt sur le coup ainsi que son ami Geronimo Moturam. Carlos Monzon projetait de r\u00e9aliser, \u00e0 sa sortie de prison, un film consacr\u00e9 \u00e0 sa vie. Celle d&rsquo;un champion aux 89 victoires et 15 championnats du monde victorieux.&nbsp;<\/p>\n<div><a href=\"https:\/\/www.abc-latina.com\/sport\/sportifs\/\">Autres sportifs latino-am\u00e9ricains<\/a><\/div>\n<div><a href=\"https:\/\/www.abc-latina.com\/sport\/argentine\">Le sport Argentin<\/a><\/div>\n<div><a target=\"_blank\" href=\"https:\/\/www.abc-latina.com\/argentine\/\">L&rsquo;Argentine<\/a><\/div>\n","protected":false},"excerpt":{"rendered":"<p>Carlos Monzon a d\u00e9tenu le titre mondial de boxe dans la cat\u00e9gorie des poids moyens durant sept ann\u00e9es fut l&rsquo;idole [&hellip;]<\/p>\n","protected":false},"author":3,"featured_media":2747,"parent":2777,"menu_order":0,"comment_status":"closed","ping_status":"closed","template":"","meta":{"site-sidebar-layout":"default","site-content-layout":"","ast-site-content-layout":"default","site-content-style":"default","site-sidebar-style":"default","ast-global-header-display":"","ast-banner-title-visibility":"","ast-main-header-display":"","ast-hfb-above-header-display":"","ast-hfb-below-header-display":"","ast-hfb-mobile-header-display":"","site-post-title":"","ast-breadcrumbs-content":"","ast-featured-img":"","footer-sml-layout":"","ast-disable-related-posts":"","theme-transparent-header-meta":"","adv-header-id-meta":"","stick-header-meta":"","header-above-stick-meta":"","header-main-stick-meta":"","header-below-stick-meta":"","astra-migrate-meta-layouts":"default","ast-page-background-enabled":"default","ast-page-background-meta":{"desktop":{"background-color":"var(--ast-global-color-5)","background-image":"","background-repeat":"repeat","background-position":"center center","background-size":"auto","background-attachment":"scroll","background-type":"","background-media":"","overlay-type":"","overlay-color":"","overlay-opacity":"","overlay-gradient":""},"tablet":{"background-color":"","background-image":"","background-repeat":"repeat","background-position":"center center","background-size":"auto","background-attachment":"scroll","background-type":"","background-media":"","overlay-type":"","overlay-color":"","overlay-opacity":"","overlay-gradient":""},"mobile":{"background-color":"","background-image":"","background-repeat":"repeat","background-position":"center center","background-size":"auto","background-attachment":"scroll","background-type":"","background-media":"","overlay-type":"","overlay-color":"","overlay-opacity":"","overlay-gradient":""}},"ast-content-background-meta":{"desktop":{"background-color":"var(--ast-global-color-4)","background-image":"","background-repeat":"repeat","background-position":"center center","background-size":"auto","background-attachment":"scroll","background-type":"","background-media":"","overlay-type":"","overlay-color":"","overlay-opacity":"","overlay-gradient":""},"tablet":{"background-color":"var(--ast-global-color-4)","background-image":"","background-repeat":"repeat","background-position":"center center","background-size":"auto","background-attachment":"scroll","background-type":"","background-media":"","overlay-type":"","overlay-color":"","overlay-opacity":"","overlay-gradient":""},"mobile":{"background-color":"var(--ast-global-color-4)","background-image":"","background-repeat":"repeat","background-position":"center center","background-size":"auto","background-attachment":"scroll","background-type":"","background-media":"","overlay-type":"","overlay-color":"","overlay-opacity":"","overlay-gradient":""}},"footnotes":""},"class_list":["post-2748","page","type-page","status-publish","has-post-thumbnail","hentry"],"yoast_head":"<!-- This site is optimized with the Yoast SEO plugin v27.5 - https:\/\/yoast.com\/product\/yoast-seo-wordpress\/ -->\n<title>CARLOS MONZON - Abc-latina<\/title>\n<meta name=\"description\" content=\"Le boxeur argentin, Carlos Monzon.\" \/>\n<meta name=\"robots\" content=\"index, follow, max-snippet:-1, max-image-preview:large, max-video-preview:-1\" \/>\n<link rel=\"canonical\" href=\"https:\/\/abc-latina.com\/sport\/sportifs\/carlos_monzon\/\" \/>\n<meta property=\"og:locale\" content=\"fr_FR\" \/>\n<meta property=\"og:type\" content=\"article\" \/>\n<meta property=\"og:title\" content=\"CARLOS MONZON - Abc-latina\" \/>\n<meta property=\"og:description\" content=\"Le boxeur argentin, Carlos Monzon.\" \/>\n<meta property=\"og:url\" content=\"https:\/\/abc-latina.com\/sport\/sportifs\/carlos_monzon\/\" \/>\n<meta property=\"og:site_name\" content=\"Abc-latina\" \/>\n<meta property=\"article:modified_time\" content=\"2026-04-30T16:25:29+00:00\" \/>\n<meta property=\"og:image\" content=\"https:\/\/abc-latina.com\/wp-content\/uploads\/2011\/09\/monzon.jpg\" \/>\n\t<meta property=\"og:image:width\" content=\"220\" \/>\n\t<meta property=\"og:image:height\" content=\"220\" \/>\n\t<meta property=\"og:image:type\" content=\"image\/jpeg\" \/>\n<meta name=\"twitter:card\" content=\"summary_large_image\" \/>\n<meta name=\"twitter:label1\" content=\"Dur\u00e9e de lecture estim\u00e9e\" \/>\n\t<meta name=\"twitter:data1\" content=\"4 minutes\" \/>\n<script type=\"application\/ld+json\" class=\"yoast-schema-graph\">{\"@context\":\"https:\\\/\\\/schema.org\",\"@graph\":[{\"@type\":\"WebPage\",\"@id\":\"https:\\\/\\\/abc-latina.com\\\/sport\\\/sportifs\\\/carlos_monzon\\\/\",\"url\":\"https:\\\/\\\/abc-latina.com\\\/sport\\\/sportifs\\\/carlos_monzon\\\/\",\"name\":\"CARLOS MONZON - Abc-latina\",\"isPartOf\":{\"@id\":\"https:\\\/\\\/abc-latina.com\\\/#website\"},\"primaryImageOfPage\":{\"@id\":\"https:\\\/\\\/abc-latina.com\\\/sport\\\/sportifs\\\/carlos_monzon\\\/#primaryimage\"},\"image\":{\"@id\":\"https:\\\/\\\/abc-latina.com\\\/sport\\\/sportifs\\\/carlos_monzon\\\/#primaryimage\"},\"thumbnailUrl\":\"https:\\\/\\\/abc-latina.com\\\/wp-content\\\/uploads\\\/2011\\\/09\\\/monzon.jpg\",\"datePublished\":\"2011-09-20T14:24:18+00:00\",\"dateModified\":\"2026-04-30T16:25:29+00:00\",\"description\":\"Le boxeur argentin, Carlos Monzon.\",\"breadcrumb\":{\"@id\":\"https:\\\/\\\/abc-latina.com\\\/sport\\\/sportifs\\\/carlos_monzon\\\/#breadcrumb\"},\"inLanguage\":\"fr-FR\",\"potentialAction\":[{\"@type\":\"ReadAction\",\"target\":[\"https:\\\/\\\/abc-latina.com\\\/sport\\\/sportifs\\\/carlos_monzon\\\/\"]}]},{\"@type\":\"ImageObject\",\"inLanguage\":\"fr-FR\",\"@id\":\"https:\\\/\\\/abc-latina.com\\\/sport\\\/sportifs\\\/carlos_monzon\\\/#primaryimage\",\"url\":\"https:\\\/\\\/abc-latina.com\\\/wp-content\\\/uploads\\\/2011\\\/09\\\/monzon.jpg\",\"contentUrl\":\"https:\\\/\\\/abc-latina.com\\\/wp-content\\\/uploads\\\/2011\\\/09\\\/monzon.jpg\",\"width\":220,\"height\":220,\"caption\":\"CARLOS MONZON\"},{\"@type\":\"BreadcrumbList\",\"@id\":\"https:\\\/\\\/abc-latina.com\\\/sport\\\/sportifs\\\/carlos_monzon\\\/#breadcrumb\",\"itemListElement\":[{\"@type\":\"ListItem\",\"position\":1,\"name\":\"Accueil\",\"item\":\"https:\\\/\\\/abc-latina.com\\\/\"},{\"@type\":\"ListItem\",\"position\":2,\"name\":\"CARLOS MONZON\"}]},{\"@type\":\"WebSite\",\"@id\":\"https:\\\/\\\/abc-latina.com\\\/#website\",\"url\":\"https:\\\/\\\/abc-latina.com\\\/\",\"name\":\"Abc-latina\",\"description\":\"\",\"publisher\":{\"@id\":\"https:\\\/\\\/abc-latina.com\\\/#organization\"},\"potentialAction\":[{\"@type\":\"SearchAction\",\"target\":{\"@type\":\"EntryPoint\",\"urlTemplate\":\"https:\\\/\\\/abc-latina.com\\\/?s={search_term_string}\"},\"query-input\":{\"@type\":\"PropertyValueSpecification\",\"valueRequired\":true,\"valueName\":\"search_term_string\"}}],\"inLanguage\":\"fr-FR\"},{\"@type\":\"Organization\",\"@id\":\"https:\\\/\\\/abc-latina.com\\\/#organization\",\"name\":\"Abc-latina\",\"url\":\"https:\\\/\\\/abc-latina.com\\\/\",\"logo\":{\"@type\":\"ImageObject\",\"inLanguage\":\"fr-FR\",\"@id\":\"https:\\\/\\\/abc-latina.com\\\/#\\\/schema\\\/logo\\\/image\\\/\",\"url\":\"https:\\\/\\\/abc-latina.com\\\/wp-content\\\/uploads\\\/2026\\\/05\\\/cropped-logo.gif\",\"contentUrl\":\"https:\\\/\\\/abc-latina.com\\\/wp-content\\\/uploads\\\/2026\\\/05\\\/cropped-logo.gif\",\"width\":89,\"height\":84,\"caption\":\"Abc-latina\"},\"image\":{\"@id\":\"https:\\\/\\\/abc-latina.com\\\/#\\\/schema\\\/logo\\\/image\\\/\"}}]}<\/script>\n<!-- \/ Yoast SEO plugin. -->","yoast_head_json":{"title":"CARLOS MONZON - Abc-latina","description":"Le boxeur argentin, Carlos Monzon.","robots":{"index":"index","follow":"follow","max-snippet":"max-snippet:-1","max-image-preview":"max-image-preview:large","max-video-preview":"max-video-preview:-1"},"canonical":"https:\/\/abc-latina.com\/sport\/sportifs\/carlos_monzon\/","og_locale":"fr_FR","og_type":"article","og_title":"CARLOS MONZON - Abc-latina","og_description":"Le boxeur argentin, Carlos Monzon.","og_url":"https:\/\/abc-latina.com\/sport\/sportifs\/carlos_monzon\/","og_site_name":"Abc-latina","article_modified_time":"2026-04-30T16:25:29+00:00","og_image":[{"width":220,"height":220,"url":"https:\/\/abc-latina.com\/wp-content\/uploads\/2011\/09\/monzon.jpg","type":"image\/jpeg"}],"twitter_card":"summary_large_image","twitter_misc":{"Dur\u00e9e de lecture estim\u00e9e":"4 minutes"},"schema":{"@context":"https:\/\/schema.org","@graph":[{"@type":"WebPage","@id":"https:\/\/abc-latina.com\/sport\/sportifs\/carlos_monzon\/","url":"https:\/\/abc-latina.com\/sport\/sportifs\/carlos_monzon\/","name":"CARLOS MONZON - Abc-latina","isPartOf":{"@id":"https:\/\/abc-latina.com\/#website"},"primaryImageOfPage":{"@id":"https:\/\/abc-latina.com\/sport\/sportifs\/carlos_monzon\/#primaryimage"},"image":{"@id":"https:\/\/abc-latina.com\/sport\/sportifs\/carlos_monzon\/#primaryimage"},"thumbnailUrl":"https:\/\/abc-latina.com\/wp-content\/uploads\/2011\/09\/monzon.jpg","datePublished":"2011-09-20T14:24:18+00:00","dateModified":"2026-04-30T16:25:29+00:00","description":"Le boxeur argentin, Carlos Monzon.","breadcrumb":{"@id":"https:\/\/abc-latina.com\/sport\/sportifs\/carlos_monzon\/#breadcrumb"},"inLanguage":"fr-FR","potentialAction":[{"@type":"ReadAction","target":["https:\/\/abc-latina.com\/sport\/sportifs\/carlos_monzon\/"]}]},{"@type":"ImageObject","inLanguage":"fr-FR","@id":"https:\/\/abc-latina.com\/sport\/sportifs\/carlos_monzon\/#primaryimage","url":"https:\/\/abc-latina.com\/wp-content\/uploads\/2011\/09\/monzon.jpg","contentUrl":"https:\/\/abc-latina.com\/wp-content\/uploads\/2011\/09\/monzon.jpg","width":220,"height":220,"caption":"CARLOS MONZON"},{"@type":"BreadcrumbList","@id":"https:\/\/abc-latina.com\/sport\/sportifs\/carlos_monzon\/#breadcrumb","itemListElement":[{"@type":"ListItem","position":1,"name":"Accueil","item":"https:\/\/abc-latina.com\/"},{"@type":"ListItem","position":2,"name":"CARLOS MONZON"}]},{"@type":"WebSite","@id":"https:\/\/abc-latina.com\/#website","url":"https:\/\/abc-latina.com\/","name":"Abc-latina","description":"","publisher":{"@id":"https:\/\/abc-latina.com\/#organization"},"potentialAction":[{"@type":"SearchAction","target":{"@type":"EntryPoint","urlTemplate":"https:\/\/abc-latina.com\/?s={search_term_string}"},"query-input":{"@type":"PropertyValueSpecification","valueRequired":true,"valueName":"search_term_string"}}],"inLanguage":"fr-FR"},{"@type":"Organization","@id":"https:\/\/abc-latina.com\/#organization","name":"Abc-latina","url":"https:\/\/abc-latina.com\/","logo":{"@type":"ImageObject","inLanguage":"fr-FR","@id":"https:\/\/abc-latina.com\/#\/schema\/logo\/image\/","url":"https:\/\/abc-latina.com\/wp-content\/uploads\/2026\/05\/cropped-logo.gif","contentUrl":"https:\/\/abc-latina.com\/wp-content\/uploads\/2026\/05\/cropped-logo.gif","width":89,"height":84,"caption":"Abc-latina"},"image":{"@id":"https:\/\/abc-latina.com\/#\/schema\/logo\/image\/"}}]}},"_links":{"self":[{"href":"https:\/\/abc-latina.com\/wp-json\/wp\/v2\/pages\/2748","targetHints":{"allow":["GET"]}}],"collection":[{"href":"https:\/\/abc-latina.com\/wp-json\/wp\/v2\/pages"}],"about":[{"href":"https:\/\/abc-latina.com\/wp-json\/wp\/v2\/types\/page"}],"author":[{"embeddable":true,"href":"https:\/\/abc-latina.com\/wp-json\/wp\/v2\/users\/3"}],"replies":[{"embeddable":true,"href":"https:\/\/abc-latina.com\/wp-json\/wp\/v2\/comments?post=2748"}],"version-history":[{"count":1,"href":"https:\/\/abc-latina.com\/wp-json\/wp\/v2\/pages\/2748\/revisions"}],"predecessor-version":[{"id":3998,"href":"https:\/\/abc-latina.com\/wp-json\/wp\/v2\/pages\/2748\/revisions\/3998"}],"up":[{"embeddable":true,"href":"https:\/\/abc-latina.com\/wp-json\/wp\/v2\/pages\/2777"}],"wp:featuredmedia":[{"embeddable":true,"href":"https:\/\/abc-latina.com\/wp-json\/wp\/v2\/media\/2747"}],"wp:attachment":[{"href":"https:\/\/abc-latina.com\/wp-json\/wp\/v2\/media?parent=2748"}],"curies":[{"name":"wp","href":"https:\/\/api.w.org\/{rel}","templated":true}]}}