{"id":2750,"date":"2011-09-20T16:29:39","date_gmt":"2011-09-20T14:29:39","guid":{"rendered":"http:\/\/abc-latina.com\/diego_maradona-htm\/"},"modified":"2026-04-30T18:25:29","modified_gmt":"2026-04-30T16:25:29","slug":"diego_maradona","status":"publish","type":"page","link":"https:\/\/abc-latina.com\/sport\/sportifs\/diego_maradona\/","title":{"rendered":"DIEGO MARADONA"},"content":{"rendered":"<p><img loading=\"lazy\" decoding=\"async\" class=\" alignright size-full wp-image-2749\" src=\"http:\/\/abc-latina.com\/wp-content\/uploads\/2011\/09\/maradona.jpg\" title=\"DIEGO MARADONA\" alt=\"DIEGO MARADONA\" width=\"220\" vspace=\"9\" hspace=\"15\" height=\"220\" align=\"right\" srcset=\"https:\/\/abc-latina.com\/wp-content\/uploads\/2011\/09\/maradona.jpg 220w, https:\/\/abc-latina.com\/wp-content\/uploads\/2011\/09\/maradona-150x150.jpg 150w\" sizes=\"auto, (max-width: 220px) 100vw, 220px\" \/>N\u00e9 le 30 octobre 1960, dans les alentours de <a href=\"https:\/\/www.abc-latina.com\/argentine\/buenosaires\" target=\"_blank\">Buenos Aires<\/a>, <span class=\"tourisme-chapitre\">Diego Maradona<\/span> commence \u00e0 9 ans dans une \u00e9quipe junior, les Cebollitas. A 16 ans, il fait partie des Argentinos Juniors, et d\u00e9bute en premi\u00e8re division, le 20 octobre 1976. En 1980, il entre dans le club de Boca Juniors et triomphe dans le championnat m\u00e9tropolitain, en 1981. Sa trajectoire et celle d&rsquo;une \u00e9toile.<\/p>\n<div>En 1983, avec Barcelone, il gagne la coupe du roi, la super coupe d&rsquo;Espagne, la coupe de la ligue.<\/div>\n<div>Avec Naples, il gagne la coupe de l&rsquo;UEFA, en 1989, et deux nouvelles coupes de la ligue, en 1987 et 1990, une coupe d&rsquo;Italie en 1987, une super coupe d&rsquo;Italie en 1990.&nbsp;<\/div>\n<div>En 1986, son pied gauche, son extraordinaire rapidit\u00e9 et une vision du jeu hors du commun brillent lors du Mondial, o\u00f9 l&rsquo;<a target=\"_blank\" href=\"https:\/\/www.abc-latina.com\/argentine\/\">Argentine<\/a> sort victorieuse pour la seconde fois.<\/div>\n<div>Mais Maradona est aussi l&rsquo;homme de tous les scandales. Il est plusieurs fois accus\u00e9 de prendre de la coca\u00efne. Au cours des ann\u00e9es 90, il est disqualifi\u00e9 pour dopage. Aujourd&rsquo;hui, de retour d&rsquo;une cure de d\u00e9sintoxication \u00e0 <a target=\"_blank\" href=\"https:\/\/www.abc-latina.com\/cuba\/\">Cuba<\/a>, Diego n&rsquo;est plus que l&rsquo;ombre du sportif qu&rsquo;il \u00e9tait, mais quoi qu&rsquo;il en soit, il reste l&rsquo;un des plus extraordinaires joueurs de tous les temps.<\/div>\n<div>&nbsp;<\/div>\n<div><a href=\"https:\/\/www.abc-latina.com\/sport\/sportifs\">Autres sportifs latino-am\u00e9ricains<\/a><\/div>\n<div><a href=\"https:\/\/www.abc-latina.com\/sport\/football\/argentine\">Le football Argentin<\/a><\/div>\n<div><a target=\"_blank\" href=\"https:\/\/www.abc-latina.com\/argentine\">L&rsquo;Argentine<\/a><\/div>\n","protected":false},"excerpt":{"rendered":"<p>N\u00e9 le 30 octobre 1960, dans les alentours de Buenos Aires, Diego Maradona commence \u00e0 9 ans dans une \u00e9quipe [&hellip;]<\/p>\n","protected":false},"author":3,"featured_media":2749,"parent":2777,"menu_order":0,"comment_status":"closed","ping_status":"closed","template":"","meta":{"site-sidebar-layout":"default","site-content-layout":"","ast-site-content-layout":"default","site-content-style":"default","site-sidebar-style":"default","ast-global-header-display":"","ast-banner-title-visibility":"","ast-main-header-display":"","ast-hfb-above-header-display":"","ast-hfb-below-header-display":"","ast-hfb-mobile-header-display":"","site-post-title":"","ast-breadcrumbs-content":"","ast-featured-img":"","footer-sml-layout":"","ast-disable-related-posts":"","theme-transparent-header-meta":"","adv-header-id-meta":"","stick-header-meta":"","header-above-stick-meta":"","header-main-stick-meta":"","header-below-stick-meta":"","astra-migrate-meta-layouts":"default","ast-page-background-enabled":"default","ast-page-background-meta":{"desktop":{"background-color":"var(--ast-global-color-5)","background-image":"","background-repeat":"repeat","background-position":"center center","background-size":"auto","background-attachment":"scroll","background-type":"","background-media":"","overlay-type":"","overlay-color":"","overlay-opacity":"","overlay-gradient":""},"tablet":{"background-color":"","background-image":"","background-repeat":"repeat","background-position":"center center","background-size":"auto","background-attachment":"scroll","background-type":"","background-media":"","overlay-type":"","overlay-color":"","overlay-opacity":"","overlay-gradient":""},"mobile":{"background-color":"","background-image":"","background-repeat":"repeat","background-position":"center center","background-size":"auto","background-attachment":"scroll","background-type":"","background-media":"","overlay-type":"","overlay-color":"","overlay-opacity":"","overlay-gradient":""}},"ast-content-background-meta":{"desktop":{"background-color":"var(--ast-global-color-4)","background-image":"","background-repeat":"repeat","background-position":"center center","background-size":"auto","background-attachment":"scroll","background-type":"","background-media":"","overlay-type":"","overlay-color":"","overlay-opacity":"","overlay-gradient":""},"tablet":{"background-color":"var(--ast-global-color-4)","background-image":"","background-repeat":"repeat","background-position":"center center","background-size":"auto","background-attachment":"scroll","background-type":"","background-media":"","overlay-type":"","overlay-color":"","overlay-opacity":"","overlay-gradient":""},"mobile":{"background-color":"var(--ast-global-color-4)","background-image":"","background-repeat":"repeat","background-position":"center center","background-size":"auto","background-attachment":"scroll","background-type":"","background-media":"","overlay-type":"","overlay-color":"","overlay-opacity":"","overlay-gradient":""}},"footnotes":""},"class_list":["post-2750","page","type-page","status-publish","has-post-thumbnail","hentry"],"yoast_head":"<!-- This site is optimized with the Yoast SEO plugin v27.5 - https:\/\/yoast.com\/product\/yoast-seo-wordpress\/ -->\n<title>DIEGO MARADONA - Abc-latina<\/title>\n<meta name=\"description\" content=\"Le footballeur argentin, Diego Maradona.\" \/>\n<meta name=\"robots\" content=\"index, follow, max-snippet:-1, max-image-preview:large, max-video-preview:-1\" \/>\n<link rel=\"canonical\" href=\"https:\/\/abc-latina.com\/sport\/sportifs\/diego_maradona\/\" \/>\n<meta property=\"og:locale\" content=\"fr_FR\" \/>\n<meta property=\"og:type\" content=\"article\" \/>\n<meta property=\"og:title\" content=\"DIEGO MARADONA - Abc-latina\" \/>\n<meta property=\"og:description\" content=\"Le footballeur argentin, Diego Maradona.\" \/>\n<meta property=\"og:url\" content=\"https:\/\/abc-latina.com\/sport\/sportifs\/diego_maradona\/\" \/>\n<meta property=\"og:site_name\" content=\"Abc-latina\" \/>\n<meta property=\"article:modified_time\" content=\"2026-04-30T16:25:29+00:00\" \/>\n<meta property=\"og:image\" content=\"https:\/\/abc-latina.com\/wp-content\/uploads\/2011\/09\/maradona.jpg\" \/>\n\t<meta property=\"og:image:width\" content=\"220\" \/>\n\t<meta property=\"og:image:height\" content=\"220\" \/>\n\t<meta property=\"og:image:type\" content=\"image\/jpeg\" \/>\n<meta name=\"twitter:card\" content=\"summary_large_image\" \/>\n<meta name=\"twitter:label1\" content=\"Dur\u00e9e de lecture estim\u00e9e\" \/>\n\t<meta name=\"twitter:data1\" content=\"1 minute\" \/>\n<script type=\"application\/ld+json\" class=\"yoast-schema-graph\">{\"@context\":\"https:\\\/\\\/schema.org\",\"@graph\":[{\"@type\":\"WebPage\",\"@id\":\"https:\\\/\\\/abc-latina.com\\\/sport\\\/sportifs\\\/diego_maradona\\\/\",\"url\":\"https:\\\/\\\/abc-latina.com\\\/sport\\\/sportifs\\\/diego_maradona\\\/\",\"name\":\"DIEGO MARADONA - Abc-latina\",\"isPartOf\":{\"@id\":\"https:\\\/\\\/abc-latina.com\\\/#website\"},\"primaryImageOfPage\":{\"@id\":\"https:\\\/\\\/abc-latina.com\\\/sport\\\/sportifs\\\/diego_maradona\\\/#primaryimage\"},\"image\":{\"@id\":\"https:\\\/\\\/abc-latina.com\\\/sport\\\/sportifs\\\/diego_maradona\\\/#primaryimage\"},\"thumbnailUrl\":\"https:\\\/\\\/abc-latina.com\\\/wp-content\\\/uploads\\\/2011\\\/09\\\/maradona.jpg\",\"datePublished\":\"2011-09-20T14:29:39+00:00\",\"dateModified\":\"2026-04-30T16:25:29+00:00\",\"description\":\"Le footballeur argentin, Diego Maradona.\",\"breadcrumb\":{\"@id\":\"https:\\\/\\\/abc-latina.com\\\/sport\\\/sportifs\\\/diego_maradona\\\/#breadcrumb\"},\"inLanguage\":\"fr-FR\",\"potentialAction\":[{\"@type\":\"ReadAction\",\"target\":[\"https:\\\/\\\/abc-latina.com\\\/sport\\\/sportifs\\\/diego_maradona\\\/\"]}]},{\"@type\":\"ImageObject\",\"inLanguage\":\"fr-FR\",\"@id\":\"https:\\\/\\\/abc-latina.com\\\/sport\\\/sportifs\\\/diego_maradona\\\/#primaryimage\",\"url\":\"https:\\\/\\\/abc-latina.com\\\/wp-content\\\/uploads\\\/2011\\\/09\\\/maradona.jpg\",\"contentUrl\":\"https:\\\/\\\/abc-latina.com\\\/wp-content\\\/uploads\\\/2011\\\/09\\\/maradona.jpg\",\"width\":220,\"height\":220,\"caption\":\"DIEGO MARADONA\"},{\"@type\":\"BreadcrumbList\",\"@id\":\"https:\\\/\\\/abc-latina.com\\\/sport\\\/sportifs\\\/diego_maradona\\\/#breadcrumb\",\"itemListElement\":[{\"@type\":\"ListItem\",\"position\":1,\"name\":\"Accueil\",\"item\":\"https:\\\/\\\/abc-latina.com\\\/\"},{\"@type\":\"ListItem\",\"position\":2,\"name\":\"DIEGO MARADONA\"}]},{\"@type\":\"WebSite\",\"@id\":\"https:\\\/\\\/abc-latina.com\\\/#website\",\"url\":\"https:\\\/\\\/abc-latina.com\\\/\",\"name\":\"Abc-latina\",\"description\":\"\",\"publisher\":{\"@id\":\"https:\\\/\\\/abc-latina.com\\\/#organization\"},\"potentialAction\":[{\"@type\":\"SearchAction\",\"target\":{\"@type\":\"EntryPoint\",\"urlTemplate\":\"https:\\\/\\\/abc-latina.com\\\/?s={search_term_string}\"},\"query-input\":{\"@type\":\"PropertyValueSpecification\",\"valueRequired\":true,\"valueName\":\"search_term_string\"}}],\"inLanguage\":\"fr-FR\"},{\"@type\":\"Organization\",\"@id\":\"https:\\\/\\\/abc-latina.com\\\/#organization\",\"name\":\"Abc-latina\",\"url\":\"https:\\\/\\\/abc-latina.com\\\/\",\"logo\":{\"@type\":\"ImageObject\",\"inLanguage\":\"fr-FR\",\"@id\":\"https:\\\/\\\/abc-latina.com\\\/#\\\/schema\\\/logo\\\/image\\\/\",\"url\":\"https:\\\/\\\/abc-latina.com\\\/wp-content\\\/uploads\\\/2026\\\/05\\\/cropped-logo.gif\",\"contentUrl\":\"https:\\\/\\\/abc-latina.com\\\/wp-content\\\/uploads\\\/2026\\\/05\\\/cropped-logo.gif\",\"width\":89,\"height\":84,\"caption\":\"Abc-latina\"},\"image\":{\"@id\":\"https:\\\/\\\/abc-latina.com\\\/#\\\/schema\\\/logo\\\/image\\\/\"}}]}<\/script>\n<!-- \/ Yoast SEO plugin. -->","yoast_head_json":{"title":"DIEGO MARADONA - Abc-latina","description":"Le footballeur argentin, Diego Maradona.","robots":{"index":"index","follow":"follow","max-snippet":"max-snippet:-1","max-image-preview":"max-image-preview:large","max-video-preview":"max-video-preview:-1"},"canonical":"https:\/\/abc-latina.com\/sport\/sportifs\/diego_maradona\/","og_locale":"fr_FR","og_type":"article","og_title":"DIEGO MARADONA - Abc-latina","og_description":"Le footballeur argentin, Diego Maradona.","og_url":"https:\/\/abc-latina.com\/sport\/sportifs\/diego_maradona\/","og_site_name":"Abc-latina","article_modified_time":"2026-04-30T16:25:29+00:00","og_image":[{"width":220,"height":220,"url":"https:\/\/abc-latina.com\/wp-content\/uploads\/2011\/09\/maradona.jpg","type":"image\/jpeg"}],"twitter_card":"summary_large_image","twitter_misc":{"Dur\u00e9e de lecture estim\u00e9e":"1 minute"},"schema":{"@context":"https:\/\/schema.org","@graph":[{"@type":"WebPage","@id":"https:\/\/abc-latina.com\/sport\/sportifs\/diego_maradona\/","url":"https:\/\/abc-latina.com\/sport\/sportifs\/diego_maradona\/","name":"DIEGO MARADONA - Abc-latina","isPartOf":{"@id":"https:\/\/abc-latina.com\/#website"},"primaryImageOfPage":{"@id":"https:\/\/abc-latina.com\/sport\/sportifs\/diego_maradona\/#primaryimage"},"image":{"@id":"https:\/\/abc-latina.com\/sport\/sportifs\/diego_maradona\/#primaryimage"},"thumbnailUrl":"https:\/\/abc-latina.com\/wp-content\/uploads\/2011\/09\/maradona.jpg","datePublished":"2011-09-20T14:29:39+00:00","dateModified":"2026-04-30T16:25:29+00:00","description":"Le footballeur argentin, Diego Maradona.","breadcrumb":{"@id":"https:\/\/abc-latina.com\/sport\/sportifs\/diego_maradona\/#breadcrumb"},"inLanguage":"fr-FR","potentialAction":[{"@type":"ReadAction","target":["https:\/\/abc-latina.com\/sport\/sportifs\/diego_maradona\/"]}]},{"@type":"ImageObject","inLanguage":"fr-FR","@id":"https:\/\/abc-latina.com\/sport\/sportifs\/diego_maradona\/#primaryimage","url":"https:\/\/abc-latina.com\/wp-content\/uploads\/2011\/09\/maradona.jpg","contentUrl":"https:\/\/abc-latina.com\/wp-content\/uploads\/2011\/09\/maradona.jpg","width":220,"height":220,"caption":"DIEGO MARADONA"},{"@type":"BreadcrumbList","@id":"https:\/\/abc-latina.com\/sport\/sportifs\/diego_maradona\/#breadcrumb","itemListElement":[{"@type":"ListItem","position":1,"name":"Accueil","item":"https:\/\/abc-latina.com\/"},{"@type":"ListItem","position":2,"name":"DIEGO MARADONA"}]},{"@type":"WebSite","@id":"https:\/\/abc-latina.com\/#website","url":"https:\/\/abc-latina.com\/","name":"Abc-latina","description":"","publisher":{"@id":"https:\/\/abc-latina.com\/#organization"},"potentialAction":[{"@type":"SearchAction","target":{"@type":"EntryPoint","urlTemplate":"https:\/\/abc-latina.com\/?s={search_term_string}"},"query-input":{"@type":"PropertyValueSpecification","valueRequired":true,"valueName":"search_term_string"}}],"inLanguage":"fr-FR"},{"@type":"Organization","@id":"https:\/\/abc-latina.com\/#organization","name":"Abc-latina","url":"https:\/\/abc-latina.com\/","logo":{"@type":"ImageObject","inLanguage":"fr-FR","@id":"https:\/\/abc-latina.com\/#\/schema\/logo\/image\/","url":"https:\/\/abc-latina.com\/wp-content\/uploads\/2026\/05\/cropped-logo.gif","contentUrl":"https:\/\/abc-latina.com\/wp-content\/uploads\/2026\/05\/cropped-logo.gif","width":89,"height":84,"caption":"Abc-latina"},"image":{"@id":"https:\/\/abc-latina.com\/#\/schema\/logo\/image\/"}}]}},"_links":{"self":[{"href":"https:\/\/abc-latina.com\/wp-json\/wp\/v2\/pages\/2750","targetHints":{"allow":["GET"]}}],"collection":[{"href":"https:\/\/abc-latina.com\/wp-json\/wp\/v2\/pages"}],"about":[{"href":"https:\/\/abc-latina.com\/wp-json\/wp\/v2\/types\/page"}],"author":[{"embeddable":true,"href":"https:\/\/abc-latina.com\/wp-json\/wp\/v2\/users\/3"}],"replies":[{"embeddable":true,"href":"https:\/\/abc-latina.com\/wp-json\/wp\/v2\/comments?post=2750"}],"version-history":[{"count":1,"href":"https:\/\/abc-latina.com\/wp-json\/wp\/v2\/pages\/2750\/revisions"}],"predecessor-version":[{"id":3999,"href":"https:\/\/abc-latina.com\/wp-json\/wp\/v2\/pages\/2750\/revisions\/3999"}],"up":[{"embeddable":true,"href":"https:\/\/abc-latina.com\/wp-json\/wp\/v2\/pages\/2777"}],"wp:featuredmedia":[{"embeddable":true,"href":"https:\/\/abc-latina.com\/wp-json\/wp\/v2\/media\/2749"}],"wp:attachment":[{"href":"https:\/\/abc-latina.com\/wp-json\/wp\/v2\/media?parent=2750"}],"curies":[{"name":"wp","href":"https:\/\/api.w.org\/{rel}","templated":true}]}}