{"id":2752,"date":"2011-09-20T16:33:29","date_gmt":"2011-09-20T14:33:29","guid":{"rendered":"http:\/\/abc-latina.com\/emerson_fittipaldi-htm\/"},"modified":"2026-04-30T18:25:29","modified_gmt":"2026-04-30T16:25:29","slug":"emerson_fittipaldi","status":"publish","type":"page","link":"https:\/\/abc-latina.com\/sport\/sportifs\/emerson_fittipaldi\/","title":{"rendered":"Emerson FITTIPALDI"},"content":{"rendered":"<p><img loading=\"lazy\" decoding=\"async\" class=\" alignright size-full wp-image-2751\" src=\"http:\/\/abc-latina.com\/wp-content\/uploads\/2011\/09\/fittipaldi.jpg\" alt=\"Emerson FITTIPALDI\" title=\"Emerson FITTIPALDI\" width=\"220\" vspace=\"9\" hspace=\"15\" height=\"220\" align=\"right\" srcset=\"https:\/\/abc-latina.com\/wp-content\/uploads\/2011\/09\/fittipaldi.jpg 308w, https:\/\/abc-latina.com\/wp-content\/uploads\/2011\/09\/fittipaldi-300x300.jpg 300w, https:\/\/abc-latina.com\/wp-content\/uploads\/2011\/09\/fittipaldi-150x150.jpg 150w\" sizes=\"auto, (max-width: 220px) 100vw, 220px\" \/>&nbsp;<span class=\"tourisme-chapitre\">Emerson Fittipaldi<\/span> a connu une \u00e9closion rapide, l&rsquo;une des plus fulgurantes que le sport automobile ait connu, place d&#8217;embl\u00e9e le jeune pilote br\u00e9silien parmi les favoris pour le titre de champion du monde. Toujours chez Lotus en 1971, m\u00eame s&rsquo;il ne remporte aucune course, il termine sixi\u00e8me du championnat (avec 16 points), et affiche ses ambitions pour la saison suivante. En 1972, il remporte la Race of Champions et le BRDC International Trophy deux courses hors-championnat puis, avec 61 points et cinq victoires en douze \u00e9preuves, il devient champion du monde de F1 avec 16 points d&rsquo;avance sur le double champion du monde Jackie Stewart ! A 25 ans et 9 mois, Emerson Fittipaldi devient le plus jeune champion du monde de l&rsquo;histoire de la <a href=\"https:\/\/www.abc-latina.com\/sport\/formule_1\/\">Formule 1<\/a>. Ce record tiendra jusqu&rsquo;en 2005 et le titre mondial de l&rsquo;Espagnol Fernando Alonso, \u00e2g\u00e9 de 24 ans depuis le 29 juillet 2005.<\/p>\n<div>Avec trois victoires dans les quatre premi\u00e8res manches de la saison 1973, Fittipaldi semble bien parti pour se succ\u00e9der \u00e0 lui-m\u00eame. Mais une blessure lors d&rsquo;essais priv\u00e9s stoppe sa marche triomphale vers un second titre et permet \u00e0 Jackie Stewart de prendre sa revanche en obtenant sa troisi\u00e8me couronne. En 1974, il est recrut\u00e9 par l&rsquo;\u00e9curie McLaren avec laquelle il conquiert un deuxi\u00e8me titre de champion du monde (55 points, 3 victoires).<\/div>\n<div>&nbsp;<\/div>\n<div>En 1976, Emerson rejoint de mani\u00e8re surprise son fr\u00e8re Wilson au sein de la nouvelle \u00e9curie br\u00e9silienne Copersucar-Fittipaldi, mont\u00e9e un an plus t\u00f4t, et qui se tra\u00eene en fond de grille. Il s&rsquo;agit, pour le double champion du monde, d&rsquo;un beau challenge. Sa qualification en cinqui\u00e8me place au premier Grand Prix de la saison laisse entrevoir une possible progression, mais elle ne se reproduira plus jamais au cours des cinq ann\u00e9es de collaboration familiale ! De mieux en mieux, 1978 s&rsquo;ouvre sur une belle deuxi\u00e8me place, \u00e0 <a href=\"https:\/\/www.abc-latina.com\/bresil\/rio_de_janeiro\" target=\"_blank\">Rio<\/a> devant une foule br\u00e9silienne en d\u00e9lire&hellip; Hormis un podium chanceux \u00e0 Long Beach en 1980, Emerson vit deux derni\u00e8res saisons d\u00e9sastreuses et d\u00e9cide de jeter l&rsquo;\u00e9ponge.<\/div>\n<div>&nbsp;<\/div>\n<div>Continuant malgr\u00e9 tout \u00e0 croire dans le potentiel de l&rsquo;\u00e9curie qui porte son nom, il s&rsquo;occupera de son management pendant deux saisons, en 1981 et 1982, faisant courir le futur champion du monde Keke Rosberg et Chico Serra. Mais au terme de ces deux nouvelles ann\u00e9es la famille et les sponsors doivent baisser le rideau d\u00e9finitivement.<\/div>\n<div>&nbsp;<\/div>\n<div>Apr\u00e8s une tentative avort\u00e9e de retour en Formule 1 au d\u00e9but de la saison 1984, Fittipaldi tire un trait d\u00e9finitif sur la F1 et part s&rsquo;exiler aux Etats-Unis, dans le championnat CART. Devenu l&rsquo;une des stars du sport automobile nord-am\u00e9ricain, Fittipaldi remporte notamment le championnat CART et en 1989 et en 1993, sur le c\u00e9l\u00e8bre Indianapolis Motor Speedway, les 500 miles d&rsquo;Indianapolis. En 1996, un grave accident survenu sur le circuit du Michigan l&rsquo;oblige \u00e0 mettre un terme \u00e0 sa carri\u00e8re.<\/div>\n<div>&nbsp;<\/div>\n<div>Mais neuf ans apr\u00e8s avoir raccroch\u00e9 le casque, Emerson Fittipladi a effectu\u00e9 son retour \u00e0 la comp\u00e9tition en 2005 dans le cadre de la s\u00e9rie Grand Prix Masters, qui met au prise d&rsquo;anciennes gloires de la Formule 1.<\/div>\n<div>&nbsp;<\/div>\n<div>Date de naissance: 12 d\u00e9cembre 1946<\/div>\n<div>Lieu de naissance: <a href=\"https:\/\/www.abc-latina.com\/bresil\/sao-paulo\" target=\"_blank\">Sao Paulo<\/a> (Br\u00e9sil)<\/div>\n<div>D\u00e9buts en F1 en&nbsp;<\/div>\n<div>Nombre de GP 144<\/div>\n<div>2 fois champion du monde<\/div>\n<div>&nbsp;<\/div>\n<div><span class=\"tourisme-unesco\">14 Victoires en Grand Prix<\/span><\/div>\n<div>Argentine 1975 Buenos Aires&nbsp;<\/div>\n<div>Angleterre 1975 Silverstone&nbsp;<\/div>\n<div>Br\u00e9sil 1974 Interlagos&nbsp;<\/div>\n<div>Belgique 1974 Nivelles&nbsp;<\/div>\n<div>Canada 1974 Mosport&nbsp;<\/div>\n<div>Argentine 1973 Buenos Aires&nbsp;<\/div>\n<div>Br\u00e9sil 1973 Interlagos&nbsp;<\/div>\n<div>Espagne 1973 Montjuich&nbsp;<\/div>\n<div>Espagne 1972 Jarama&nbsp;<\/div>\n<div>Belgique 1972 Nivelles&nbsp;<\/div>\n<div>Angleterre 1972 Brands Hatch&nbsp;<\/div>\n<div>Autriche 1972 Zeltweg&nbsp;<\/div>\n<div>Italie 1972 Monza&nbsp;<\/div>\n<div>Etats Unis 1970 Watkins Glen<\/div>\n","protected":false},"excerpt":{"rendered":"<p>&nbsp;Emerson Fittipaldi a connu une \u00e9closion rapide, l&rsquo;une des plus fulgurantes que le sport automobile ait connu, place d&#8217;embl\u00e9e le [&hellip;]<\/p>\n","protected":false},"author":3,"featured_media":2751,"parent":2777,"menu_order":0,"comment_status":"closed","ping_status":"closed","template":"","meta":{"site-sidebar-layout":"default","site-content-layout":"","ast-site-content-layout":"default","site-content-style":"default","site-sidebar-style":"default","ast-global-header-display":"","ast-banner-title-visibility":"","ast-main-header-display":"","ast-hfb-above-header-display":"","ast-hfb-below-header-display":"","ast-hfb-mobile-header-display":"","site-post-title":"","ast-breadcrumbs-content":"","ast-featured-img":"","footer-sml-layout":"","ast-disable-related-posts":"","theme-transparent-header-meta":"","adv-header-id-meta":"","stick-header-meta":"","header-above-stick-meta":"","header-main-stick-meta":"","header-below-stick-meta":"","astra-migrate-meta-layouts":"default","ast-page-background-enabled":"default","ast-page-background-meta":{"desktop":{"background-color":"var(--ast-global-color-5)","background-image":"","background-repeat":"repeat","background-position":"center center","background-size":"auto","background-attachment":"scroll","background-type":"","background-media":"","overlay-type":"","overlay-color":"","overlay-opacity":"","overlay-gradient":""},"tablet":{"background-color":"","background-image":"","background-repeat":"repeat","background-position":"center center","background-size":"auto","background-attachment":"scroll","background-type":"","background-media":"","overlay-type":"","overlay-color":"","overlay-opacity":"","overlay-gradient":""},"mobile":{"background-color":"","background-image":"","background-repeat":"repeat","background-position":"center center","background-size":"auto","background-attachment":"scroll","background-type":"","background-media":"","overlay-type":"","overlay-color":"","overlay-opacity":"","overlay-gradient":""}},"ast-content-background-meta":{"desktop":{"background-color":"var(--ast-global-color-4)","background-image":"","background-repeat":"repeat","background-position":"center center","background-size":"auto","background-attachment":"scroll","background-type":"","background-media":"","overlay-type":"","overlay-color":"","overlay-opacity":"","overlay-gradient":""},"tablet":{"background-color":"var(--ast-global-color-4)","background-image":"","background-repeat":"repeat","background-position":"center center","background-size":"auto","background-attachment":"scroll","background-type":"","background-media":"","overlay-type":"","overlay-color":"","overlay-opacity":"","overlay-gradient":""},"mobile":{"background-color":"var(--ast-global-color-4)","background-image":"","background-repeat":"repeat","background-position":"center center","background-size":"auto","background-attachment":"scroll","background-type":"","background-media":"","overlay-type":"","overlay-color":"","overlay-opacity":"","overlay-gradient":""}},"footnotes":""},"class_list":["post-2752","page","type-page","status-publish","has-post-thumbnail","hentry"],"yoast_head":"<!-- This site is optimized with the Yoast SEO plugin v27.5 - https:\/\/yoast.com\/product\/yoast-seo-wordpress\/ -->\n<title>Emerson FITTIPALDI - Abc-latina<\/title>\n<meta name=\"description\" content=\"Le coureur automobile de formule 1, Emerson Fitipaldi.\" \/>\n<meta name=\"robots\" content=\"index, follow, max-snippet:-1, max-image-preview:large, max-video-preview:-1\" \/>\n<link rel=\"canonical\" href=\"https:\/\/abc-latina.com\/sport\/sportifs\/emerson_fittipaldi\/\" \/>\n<meta property=\"og:locale\" content=\"fr_FR\" \/>\n<meta property=\"og:type\" content=\"article\" \/>\n<meta property=\"og:title\" content=\"Emerson FITTIPALDI - Abc-latina\" \/>\n<meta property=\"og:description\" content=\"Le coureur automobile de formule 1, Emerson Fitipaldi.\" \/>\n<meta property=\"og:url\" content=\"https:\/\/abc-latina.com\/sport\/sportifs\/emerson_fittipaldi\/\" \/>\n<meta property=\"og:site_name\" content=\"Abc-latina\" \/>\n<meta property=\"article:modified_time\" content=\"2026-04-30T16:25:29+00:00\" \/>\n<meta property=\"og:image\" content=\"https:\/\/abc-latina.com\/wp-content\/uploads\/2011\/09\/fittipaldi.jpg\" \/>\n\t<meta property=\"og:image:width\" content=\"308\" \/>\n\t<meta property=\"og:image:height\" content=\"308\" \/>\n\t<meta property=\"og:image:type\" content=\"image\/jpeg\" \/>\n<meta name=\"twitter:card\" content=\"summary_large_image\" \/>\n<meta name=\"twitter:label1\" content=\"Dur\u00e9e de lecture estim\u00e9e\" \/>\n\t<meta name=\"twitter:data1\" content=\"3 minutes\" \/>\n<script type=\"application\/ld+json\" class=\"yoast-schema-graph\">{\"@context\":\"https:\\\/\\\/schema.org\",\"@graph\":[{\"@type\":\"WebPage\",\"@id\":\"https:\\\/\\\/abc-latina.com\\\/sport\\\/sportifs\\\/emerson_fittipaldi\\\/\",\"url\":\"https:\\\/\\\/abc-latina.com\\\/sport\\\/sportifs\\\/emerson_fittipaldi\\\/\",\"name\":\"Emerson FITTIPALDI - Abc-latina\",\"isPartOf\":{\"@id\":\"https:\\\/\\\/abc-latina.com\\\/#website\"},\"primaryImageOfPage\":{\"@id\":\"https:\\\/\\\/abc-latina.com\\\/sport\\\/sportifs\\\/emerson_fittipaldi\\\/#primaryimage\"},\"image\":{\"@id\":\"https:\\\/\\\/abc-latina.com\\\/sport\\\/sportifs\\\/emerson_fittipaldi\\\/#primaryimage\"},\"thumbnailUrl\":\"https:\\\/\\\/abc-latina.com\\\/wp-content\\\/uploads\\\/2011\\\/09\\\/fittipaldi.jpg\",\"datePublished\":\"2011-09-20T14:33:29+00:00\",\"dateModified\":\"2026-04-30T16:25:29+00:00\",\"description\":\"Le coureur automobile de formule 1, Emerson Fitipaldi.\",\"breadcrumb\":{\"@id\":\"https:\\\/\\\/abc-latina.com\\\/sport\\\/sportifs\\\/emerson_fittipaldi\\\/#breadcrumb\"},\"inLanguage\":\"fr-FR\",\"potentialAction\":[{\"@type\":\"ReadAction\",\"target\":[\"https:\\\/\\\/abc-latina.com\\\/sport\\\/sportifs\\\/emerson_fittipaldi\\\/\"]}]},{\"@type\":\"ImageObject\",\"inLanguage\":\"fr-FR\",\"@id\":\"https:\\\/\\\/abc-latina.com\\\/sport\\\/sportifs\\\/emerson_fittipaldi\\\/#primaryimage\",\"url\":\"https:\\\/\\\/abc-latina.com\\\/wp-content\\\/uploads\\\/2011\\\/09\\\/fittipaldi.jpg\",\"contentUrl\":\"https:\\\/\\\/abc-latina.com\\\/wp-content\\\/uploads\\\/2011\\\/09\\\/fittipaldi.jpg\",\"width\":308,\"height\":308,\"caption\":\"Emerson FITTIPALDI\"},{\"@type\":\"BreadcrumbList\",\"@id\":\"https:\\\/\\\/abc-latina.com\\\/sport\\\/sportifs\\\/emerson_fittipaldi\\\/#breadcrumb\",\"itemListElement\":[{\"@type\":\"ListItem\",\"position\":1,\"name\":\"Accueil\",\"item\":\"https:\\\/\\\/abc-latina.com\\\/\"},{\"@type\":\"ListItem\",\"position\":2,\"name\":\"Emerson FITTIPALDI\"}]},{\"@type\":\"WebSite\",\"@id\":\"https:\\\/\\\/abc-latina.com\\\/#website\",\"url\":\"https:\\\/\\\/abc-latina.com\\\/\",\"name\":\"Abc-latina\",\"description\":\"\",\"publisher\":{\"@id\":\"https:\\\/\\\/abc-latina.com\\\/#organization\"},\"potentialAction\":[{\"@type\":\"SearchAction\",\"target\":{\"@type\":\"EntryPoint\",\"urlTemplate\":\"https:\\\/\\\/abc-latina.com\\\/?s={search_term_string}\"},\"query-input\":{\"@type\":\"PropertyValueSpecification\",\"valueRequired\":true,\"valueName\":\"search_term_string\"}}],\"inLanguage\":\"fr-FR\"},{\"@type\":\"Organization\",\"@id\":\"https:\\\/\\\/abc-latina.com\\\/#organization\",\"name\":\"Abc-latina\",\"url\":\"https:\\\/\\\/abc-latina.com\\\/\",\"logo\":{\"@type\":\"ImageObject\",\"inLanguage\":\"fr-FR\",\"@id\":\"https:\\\/\\\/abc-latina.com\\\/#\\\/schema\\\/logo\\\/image\\\/\",\"url\":\"https:\\\/\\\/abc-latina.com\\\/wp-content\\\/uploads\\\/2026\\\/05\\\/cropped-logo.gif\",\"contentUrl\":\"https:\\\/\\\/abc-latina.com\\\/wp-content\\\/uploads\\\/2026\\\/05\\\/cropped-logo.gif\",\"width\":89,\"height\":84,\"caption\":\"Abc-latina\"},\"image\":{\"@id\":\"https:\\\/\\\/abc-latina.com\\\/#\\\/schema\\\/logo\\\/image\\\/\"}}]}<\/script>\n<!-- \/ Yoast SEO plugin. -->","yoast_head_json":{"title":"Emerson FITTIPALDI - Abc-latina","description":"Le coureur automobile de formule 1, Emerson Fitipaldi.","robots":{"index":"index","follow":"follow","max-snippet":"max-snippet:-1","max-image-preview":"max-image-preview:large","max-video-preview":"max-video-preview:-1"},"canonical":"https:\/\/abc-latina.com\/sport\/sportifs\/emerson_fittipaldi\/","og_locale":"fr_FR","og_type":"article","og_title":"Emerson FITTIPALDI - Abc-latina","og_description":"Le coureur automobile de formule 1, Emerson Fitipaldi.","og_url":"https:\/\/abc-latina.com\/sport\/sportifs\/emerson_fittipaldi\/","og_site_name":"Abc-latina","article_modified_time":"2026-04-30T16:25:29+00:00","og_image":[{"width":308,"height":308,"url":"https:\/\/abc-latina.com\/wp-content\/uploads\/2011\/09\/fittipaldi.jpg","type":"image\/jpeg"}],"twitter_card":"summary_large_image","twitter_misc":{"Dur\u00e9e de lecture estim\u00e9e":"3 minutes"},"schema":{"@context":"https:\/\/schema.org","@graph":[{"@type":"WebPage","@id":"https:\/\/abc-latina.com\/sport\/sportifs\/emerson_fittipaldi\/","url":"https:\/\/abc-latina.com\/sport\/sportifs\/emerson_fittipaldi\/","name":"Emerson FITTIPALDI - Abc-latina","isPartOf":{"@id":"https:\/\/abc-latina.com\/#website"},"primaryImageOfPage":{"@id":"https:\/\/abc-latina.com\/sport\/sportifs\/emerson_fittipaldi\/#primaryimage"},"image":{"@id":"https:\/\/abc-latina.com\/sport\/sportifs\/emerson_fittipaldi\/#primaryimage"},"thumbnailUrl":"https:\/\/abc-latina.com\/wp-content\/uploads\/2011\/09\/fittipaldi.jpg","datePublished":"2011-09-20T14:33:29+00:00","dateModified":"2026-04-30T16:25:29+00:00","description":"Le coureur automobile de formule 1, Emerson Fitipaldi.","breadcrumb":{"@id":"https:\/\/abc-latina.com\/sport\/sportifs\/emerson_fittipaldi\/#breadcrumb"},"inLanguage":"fr-FR","potentialAction":[{"@type":"ReadAction","target":["https:\/\/abc-latina.com\/sport\/sportifs\/emerson_fittipaldi\/"]}]},{"@type":"ImageObject","inLanguage":"fr-FR","@id":"https:\/\/abc-latina.com\/sport\/sportifs\/emerson_fittipaldi\/#primaryimage","url":"https:\/\/abc-latina.com\/wp-content\/uploads\/2011\/09\/fittipaldi.jpg","contentUrl":"https:\/\/abc-latina.com\/wp-content\/uploads\/2011\/09\/fittipaldi.jpg","width":308,"height":308,"caption":"Emerson FITTIPALDI"},{"@type":"BreadcrumbList","@id":"https:\/\/abc-latina.com\/sport\/sportifs\/emerson_fittipaldi\/#breadcrumb","itemListElement":[{"@type":"ListItem","position":1,"name":"Accueil","item":"https:\/\/abc-latina.com\/"},{"@type":"ListItem","position":2,"name":"Emerson FITTIPALDI"}]},{"@type":"WebSite","@id":"https:\/\/abc-latina.com\/#website","url":"https:\/\/abc-latina.com\/","name":"Abc-latina","description":"","publisher":{"@id":"https:\/\/abc-latina.com\/#organization"},"potentialAction":[{"@type":"SearchAction","target":{"@type":"EntryPoint","urlTemplate":"https:\/\/abc-latina.com\/?s={search_term_string}"},"query-input":{"@type":"PropertyValueSpecification","valueRequired":true,"valueName":"search_term_string"}}],"inLanguage":"fr-FR"},{"@type":"Organization","@id":"https:\/\/abc-latina.com\/#organization","name":"Abc-latina","url":"https:\/\/abc-latina.com\/","logo":{"@type":"ImageObject","inLanguage":"fr-FR","@id":"https:\/\/abc-latina.com\/#\/schema\/logo\/image\/","url":"https:\/\/abc-latina.com\/wp-content\/uploads\/2026\/05\/cropped-logo.gif","contentUrl":"https:\/\/abc-latina.com\/wp-content\/uploads\/2026\/05\/cropped-logo.gif","width":89,"height":84,"caption":"Abc-latina"},"image":{"@id":"https:\/\/abc-latina.com\/#\/schema\/logo\/image\/"}}]}},"_links":{"self":[{"href":"https:\/\/abc-latina.com\/wp-json\/wp\/v2\/pages\/2752","targetHints":{"allow":["GET"]}}],"collection":[{"href":"https:\/\/abc-latina.com\/wp-json\/wp\/v2\/pages"}],"about":[{"href":"https:\/\/abc-latina.com\/wp-json\/wp\/v2\/types\/page"}],"author":[{"embeddable":true,"href":"https:\/\/abc-latina.com\/wp-json\/wp\/v2\/users\/3"}],"replies":[{"embeddable":true,"href":"https:\/\/abc-latina.com\/wp-json\/wp\/v2\/comments?post=2752"}],"version-history":[{"count":1,"href":"https:\/\/abc-latina.com\/wp-json\/wp\/v2\/pages\/2752\/revisions"}],"predecessor-version":[{"id":4000,"href":"https:\/\/abc-latina.com\/wp-json\/wp\/v2\/pages\/2752\/revisions\/4000"}],"up":[{"embeddable":true,"href":"https:\/\/abc-latina.com\/wp-json\/wp\/v2\/pages\/2777"}],"wp:featuredmedia":[{"embeddable":true,"href":"https:\/\/abc-latina.com\/wp-json\/wp\/v2\/media\/2751"}],"wp:attachment":[{"href":"https:\/\/abc-latina.com\/wp-json\/wp\/v2\/media?parent=2752"}],"curies":[{"name":"wp","href":"https:\/\/api.w.org\/{rel}","templated":true}]}}