{"id":2754,"date":"2011-09-20T16:37:04","date_gmt":"2011-09-20T14:37:04","guid":{"rendered":"http:\/\/abc-latina.com\/garrincha-htm\/"},"modified":"2026-04-30T18:25:29","modified_gmt":"2026-04-30T16:25:29","slug":"garrincha","status":"publish","type":"page","link":"https:\/\/abc-latina.com\/sport\/sportifs\/garrincha\/","title":{"rendered":"GARRINCHA"},"content":{"rendered":"<p><img loading=\"lazy\" decoding=\"async\" class=\" alignright size-full wp-image-2753\" src=\"http:\/\/abc-latina.com\/wp-content\/uploads\/2011\/09\/garrincha.jpg\" title=\"GARRINCHA\" alt=\"GARRINCHA\" width=\"220\" vspace=\"9\" hspace=\"15\" height=\"220\" align=\"right\" srcset=\"https:\/\/abc-latina.com\/wp-content\/uploads\/2011\/09\/garrincha.jpg 220w, https:\/\/abc-latina.com\/wp-content\/uploads\/2011\/09\/garrincha-150x150.jpg 150w\" sizes=\"auto, (max-width: 220px) 100vw, 220px\" \/>&nbsp;Joueur hors-normes, Manuel Francisco dos Santos, plus connu sous le nom de <span class=\"tourisme-chapitre\">Garrincha<\/span>, \u00e9tait un footballeur br\u00e9silien n\u00e9 le 28 octobre 1933 \u00e0 Pau Grande au Br\u00e9sil.<\/p>\n<p>Probablement l&rsquo;un des meilleurs dribbleurs de l&rsquo;histoire du football, s\u00fbrement le plus attachant, avec son air trapu, son aspect court sur pattes et ses genoux rentrants (dont l&rsquo;un, le gauche, \u00e9tait d&rsquo;ailleurs d\u00e9form\u00e9 malgr\u00e9 une intervention), qui aurait pu lui pr\u00e9dire une telle carri\u00e8re aussi belle que m\u00e9connue du grand public tant il fut \u00e0 l&rsquo;\u00e9poque occult\u00e9 par son co\u00e9quipier de s\u00e9lection le jeune <a href=\"pele\">Pel\u00e9<\/a>. Ce dernier revendique la Coupe du monde 1962 alors qu&rsquo;il fut tr\u00e8s vite bless\u00e9, laissant Garrincha seul aux commandes pour ramener le titre.<\/p>\n<div>Garrincha \u00e9tait ce qui pourrait se qualifier un joueur de c\u0153ur, refusant la m\u00e9diatisation, il pr\u00e9f\u00e9rait retrouver ses camarades pour continuer de s&rsquo;adonner \u00e0 son sport f\u00e9tiche pieds nus sur la plage dans la plus pur tradition br\u00e9silienne. Capable de dribbler un joueur puis de repartir en arri\u00e8re afin de continuer de s&rsquo;amuser, c&rsquo;\u00e9tait un joueur unique s\u00fbrement en avance sur son temps de par le style de football qu&rsquo;il pratiquait tout en finesse, touch\u00e9 de balle et feintes de corps.<\/div>\n<div>&nbsp;<\/div>\n<div>Seule la fin de sa carri\u00e8re reste terne mais cela est essentiellement d\u00fb au caract\u00e8re de ce joueur qui malgr\u00e9 la vieillesse continuait de vouloir virevolter balle au pied alors que les d\u00e9fenseurs avait d\u00e9j\u00e0 rattrap\u00e9 leur retard et que ses jambes ne lui permettaient plus de r\u00e9ussir les dribbles fantasques qu&rsquo;il continuait de tenter. Ses d\u00e9boires dus \u00e0 l&rsquo;alcool et \u00e0 des d\u00e9m\u00eal\u00e9s conjugaux incessants (Pel\u00e9 raconte l&rsquo;avoir vu venir \u00e0 l&rsquo;entrainement avec un revolver, apr\u00e8s une dispute avec sa femme) font partie de la l\u00e9gende Garrincha.<\/div>\n<div>&nbsp;<\/div>\n<div>Il meurt le 20 janvier 1983 apr\u00e8s des ann\u00e9es sombres plong\u00e9es dans l&rsquo;alcool.<\/div>\n<div>&nbsp;<\/div>\n<p><a href=\"https:\/\/www.abc-latina.com\/sport\/sportifs\/\">Autres sportifs latinos-americains<\/a>&nbsp;<br \/><a href=\"https:\/\/www.abc-latina.com\/sport\/football\/bresil\">Le football br\u00e9silien<\/a>&nbsp;<br \/><a href=\"https:\/\/www.abc-latina.com\/sport\/bresil\">Le sport br\u00e9silien<\/a>&nbsp;<br \/><a href=\"https:\/\/www.abc-latina.com\/bresil\/\" target=\"_blank\">Le Br\u00e9sil<\/a><\/p>\n","protected":false},"excerpt":{"rendered":"<p>&nbsp;Joueur hors-normes, Manuel Francisco dos Santos, plus connu sous le nom de Garrincha, \u00e9tait un footballeur br\u00e9silien n\u00e9 le 28 [&hellip;]<\/p>\n","protected":false},"author":3,"featured_media":2753,"parent":2777,"menu_order":0,"comment_status":"closed","ping_status":"closed","template":"","meta":{"site-sidebar-layout":"default","site-content-layout":"","ast-site-content-layout":"default","site-content-style":"default","site-sidebar-style":"default","ast-global-header-display":"","ast-banner-title-visibility":"","ast-main-header-display":"","ast-hfb-above-header-display":"","ast-hfb-below-header-display":"","ast-hfb-mobile-header-display":"","site-post-title":"","ast-breadcrumbs-content":"","ast-featured-img":"","footer-sml-layout":"","ast-disable-related-posts":"","theme-transparent-header-meta":"","adv-header-id-meta":"","stick-header-meta":"","header-above-stick-meta":"","header-main-stick-meta":"","header-below-stick-meta":"","astra-migrate-meta-layouts":"default","ast-page-background-enabled":"default","ast-page-background-meta":{"desktop":{"background-color":"var(--ast-global-color-5)","background-image":"","background-repeat":"repeat","background-position":"center center","background-size":"auto","background-attachment":"scroll","background-type":"","background-media":"","overlay-type":"","overlay-color":"","overlay-opacity":"","overlay-gradient":""},"tablet":{"background-color":"","background-image":"","background-repeat":"repeat","background-position":"center center","background-size":"auto","background-attachment":"scroll","background-type":"","background-media":"","overlay-type":"","overlay-color":"","overlay-opacity":"","overlay-gradient":""},"mobile":{"background-color":"","background-image":"","background-repeat":"repeat","background-position":"center center","background-size":"auto","background-attachment":"scroll","background-type":"","background-media":"","overlay-type":"","overlay-color":"","overlay-opacity":"","overlay-gradient":""}},"ast-content-background-meta":{"desktop":{"background-color":"var(--ast-global-color-4)","background-image":"","background-repeat":"repeat","background-position":"center center","background-size":"auto","background-attachment":"scroll","background-type":"","background-media":"","overlay-type":"","overlay-color":"","overlay-opacity":"","overlay-gradient":""},"tablet":{"background-color":"var(--ast-global-color-4)","background-image":"","background-repeat":"repeat","background-position":"center center","background-size":"auto","background-attachment":"scroll","background-type":"","background-media":"","overlay-type":"","overlay-color":"","overlay-opacity":"","overlay-gradient":""},"mobile":{"background-color":"var(--ast-global-color-4)","background-image":"","background-repeat":"repeat","background-position":"center center","background-size":"auto","background-attachment":"scroll","background-type":"","background-media":"","overlay-type":"","overlay-color":"","overlay-opacity":"","overlay-gradient":""}},"footnotes":""},"class_list":["post-2754","page","type-page","status-publish","has-post-thumbnail","hentry"],"yoast_head":"<!-- This site is optimized with the Yoast SEO plugin v27.5 - https:\/\/yoast.com\/product\/yoast-seo-wordpress\/ -->\n<title>GARRINCHA - Abc-latina<\/title>\n<meta name=\"description\" content=\"Le footballeur br\u00e9silien Garrincha.\" \/>\n<meta name=\"robots\" content=\"index, follow, max-snippet:-1, max-image-preview:large, max-video-preview:-1\" \/>\n<link rel=\"canonical\" href=\"https:\/\/abc-latina.com\/sport\/sportifs\/garrincha\/\" \/>\n<meta property=\"og:locale\" content=\"fr_FR\" \/>\n<meta property=\"og:type\" content=\"article\" \/>\n<meta property=\"og:title\" content=\"GARRINCHA - Abc-latina\" \/>\n<meta property=\"og:description\" content=\"Le footballeur br\u00e9silien Garrincha.\" \/>\n<meta property=\"og:url\" content=\"https:\/\/abc-latina.com\/sport\/sportifs\/garrincha\/\" \/>\n<meta property=\"og:site_name\" content=\"Abc-latina\" \/>\n<meta property=\"article:modified_time\" content=\"2026-04-30T16:25:29+00:00\" \/>\n<meta property=\"og:image\" content=\"https:\/\/abc-latina.com\/wp-content\/uploads\/2011\/09\/garrincha.jpg\" \/>\n\t<meta property=\"og:image:width\" content=\"220\" \/>\n\t<meta property=\"og:image:height\" content=\"220\" \/>\n\t<meta property=\"og:image:type\" content=\"image\/jpeg\" \/>\n<meta name=\"twitter:card\" content=\"summary_large_image\" \/>\n<meta name=\"twitter:label1\" content=\"Dur\u00e9e de lecture estim\u00e9e\" \/>\n\t<meta name=\"twitter:data1\" content=\"2 minutes\" \/>\n<script type=\"application\/ld+json\" class=\"yoast-schema-graph\">{\"@context\":\"https:\\\/\\\/schema.org\",\"@graph\":[{\"@type\":\"WebPage\",\"@id\":\"https:\\\/\\\/abc-latina.com\\\/sport\\\/sportifs\\\/garrincha\\\/\",\"url\":\"https:\\\/\\\/abc-latina.com\\\/sport\\\/sportifs\\\/garrincha\\\/\",\"name\":\"GARRINCHA - Abc-latina\",\"isPartOf\":{\"@id\":\"https:\\\/\\\/abc-latina.com\\\/#website\"},\"primaryImageOfPage\":{\"@id\":\"https:\\\/\\\/abc-latina.com\\\/sport\\\/sportifs\\\/garrincha\\\/#primaryimage\"},\"image\":{\"@id\":\"https:\\\/\\\/abc-latina.com\\\/sport\\\/sportifs\\\/garrincha\\\/#primaryimage\"},\"thumbnailUrl\":\"https:\\\/\\\/abc-latina.com\\\/wp-content\\\/uploads\\\/2011\\\/09\\\/garrincha.jpg\",\"datePublished\":\"2011-09-20T14:37:04+00:00\",\"dateModified\":\"2026-04-30T16:25:29+00:00\",\"description\":\"Le footballeur br\u00e9silien Garrincha.\",\"breadcrumb\":{\"@id\":\"https:\\\/\\\/abc-latina.com\\\/sport\\\/sportifs\\\/garrincha\\\/#breadcrumb\"},\"inLanguage\":\"fr-FR\",\"potentialAction\":[{\"@type\":\"ReadAction\",\"target\":[\"https:\\\/\\\/abc-latina.com\\\/sport\\\/sportifs\\\/garrincha\\\/\"]}]},{\"@type\":\"ImageObject\",\"inLanguage\":\"fr-FR\",\"@id\":\"https:\\\/\\\/abc-latina.com\\\/sport\\\/sportifs\\\/garrincha\\\/#primaryimage\",\"url\":\"https:\\\/\\\/abc-latina.com\\\/wp-content\\\/uploads\\\/2011\\\/09\\\/garrincha.jpg\",\"contentUrl\":\"https:\\\/\\\/abc-latina.com\\\/wp-content\\\/uploads\\\/2011\\\/09\\\/garrincha.jpg\",\"width\":220,\"height\":220,\"caption\":\"GARRINCHA\"},{\"@type\":\"BreadcrumbList\",\"@id\":\"https:\\\/\\\/abc-latina.com\\\/sport\\\/sportifs\\\/garrincha\\\/#breadcrumb\",\"itemListElement\":[{\"@type\":\"ListItem\",\"position\":1,\"name\":\"Accueil\",\"item\":\"https:\\\/\\\/abc-latina.com\\\/\"},{\"@type\":\"ListItem\",\"position\":2,\"name\":\"GARRINCHA\"}]},{\"@type\":\"WebSite\",\"@id\":\"https:\\\/\\\/abc-latina.com\\\/#website\",\"url\":\"https:\\\/\\\/abc-latina.com\\\/\",\"name\":\"Abc-latina\",\"description\":\"\",\"publisher\":{\"@id\":\"https:\\\/\\\/abc-latina.com\\\/#organization\"},\"potentialAction\":[{\"@type\":\"SearchAction\",\"target\":{\"@type\":\"EntryPoint\",\"urlTemplate\":\"https:\\\/\\\/abc-latina.com\\\/?s={search_term_string}\"},\"query-input\":{\"@type\":\"PropertyValueSpecification\",\"valueRequired\":true,\"valueName\":\"search_term_string\"}}],\"inLanguage\":\"fr-FR\"},{\"@type\":\"Organization\",\"@id\":\"https:\\\/\\\/abc-latina.com\\\/#organization\",\"name\":\"Abc-latina\",\"url\":\"https:\\\/\\\/abc-latina.com\\\/\",\"logo\":{\"@type\":\"ImageObject\",\"inLanguage\":\"fr-FR\",\"@id\":\"https:\\\/\\\/abc-latina.com\\\/#\\\/schema\\\/logo\\\/image\\\/\",\"url\":\"https:\\\/\\\/abc-latina.com\\\/wp-content\\\/uploads\\\/2026\\\/05\\\/cropped-logo.gif\",\"contentUrl\":\"https:\\\/\\\/abc-latina.com\\\/wp-content\\\/uploads\\\/2026\\\/05\\\/cropped-logo.gif\",\"width\":89,\"height\":84,\"caption\":\"Abc-latina\"},\"image\":{\"@id\":\"https:\\\/\\\/abc-latina.com\\\/#\\\/schema\\\/logo\\\/image\\\/\"}}]}<\/script>\n<!-- \/ Yoast SEO plugin. -->","yoast_head_json":{"title":"GARRINCHA - Abc-latina","description":"Le footballeur br\u00e9silien Garrincha.","robots":{"index":"index","follow":"follow","max-snippet":"max-snippet:-1","max-image-preview":"max-image-preview:large","max-video-preview":"max-video-preview:-1"},"canonical":"https:\/\/abc-latina.com\/sport\/sportifs\/garrincha\/","og_locale":"fr_FR","og_type":"article","og_title":"GARRINCHA - Abc-latina","og_description":"Le footballeur br\u00e9silien Garrincha.","og_url":"https:\/\/abc-latina.com\/sport\/sportifs\/garrincha\/","og_site_name":"Abc-latina","article_modified_time":"2026-04-30T16:25:29+00:00","og_image":[{"width":220,"height":220,"url":"https:\/\/abc-latina.com\/wp-content\/uploads\/2011\/09\/garrincha.jpg","type":"image\/jpeg"}],"twitter_card":"summary_large_image","twitter_misc":{"Dur\u00e9e de lecture estim\u00e9e":"2 minutes"},"schema":{"@context":"https:\/\/schema.org","@graph":[{"@type":"WebPage","@id":"https:\/\/abc-latina.com\/sport\/sportifs\/garrincha\/","url":"https:\/\/abc-latina.com\/sport\/sportifs\/garrincha\/","name":"GARRINCHA - Abc-latina","isPartOf":{"@id":"https:\/\/abc-latina.com\/#website"},"primaryImageOfPage":{"@id":"https:\/\/abc-latina.com\/sport\/sportifs\/garrincha\/#primaryimage"},"image":{"@id":"https:\/\/abc-latina.com\/sport\/sportifs\/garrincha\/#primaryimage"},"thumbnailUrl":"https:\/\/abc-latina.com\/wp-content\/uploads\/2011\/09\/garrincha.jpg","datePublished":"2011-09-20T14:37:04+00:00","dateModified":"2026-04-30T16:25:29+00:00","description":"Le footballeur br\u00e9silien Garrincha.","breadcrumb":{"@id":"https:\/\/abc-latina.com\/sport\/sportifs\/garrincha\/#breadcrumb"},"inLanguage":"fr-FR","potentialAction":[{"@type":"ReadAction","target":["https:\/\/abc-latina.com\/sport\/sportifs\/garrincha\/"]}]},{"@type":"ImageObject","inLanguage":"fr-FR","@id":"https:\/\/abc-latina.com\/sport\/sportifs\/garrincha\/#primaryimage","url":"https:\/\/abc-latina.com\/wp-content\/uploads\/2011\/09\/garrincha.jpg","contentUrl":"https:\/\/abc-latina.com\/wp-content\/uploads\/2011\/09\/garrincha.jpg","width":220,"height":220,"caption":"GARRINCHA"},{"@type":"BreadcrumbList","@id":"https:\/\/abc-latina.com\/sport\/sportifs\/garrincha\/#breadcrumb","itemListElement":[{"@type":"ListItem","position":1,"name":"Accueil","item":"https:\/\/abc-latina.com\/"},{"@type":"ListItem","position":2,"name":"GARRINCHA"}]},{"@type":"WebSite","@id":"https:\/\/abc-latina.com\/#website","url":"https:\/\/abc-latina.com\/","name":"Abc-latina","description":"","publisher":{"@id":"https:\/\/abc-latina.com\/#organization"},"potentialAction":[{"@type":"SearchAction","target":{"@type":"EntryPoint","urlTemplate":"https:\/\/abc-latina.com\/?s={search_term_string}"},"query-input":{"@type":"PropertyValueSpecification","valueRequired":true,"valueName":"search_term_string"}}],"inLanguage":"fr-FR"},{"@type":"Organization","@id":"https:\/\/abc-latina.com\/#organization","name":"Abc-latina","url":"https:\/\/abc-latina.com\/","logo":{"@type":"ImageObject","inLanguage":"fr-FR","@id":"https:\/\/abc-latina.com\/#\/schema\/logo\/image\/","url":"https:\/\/abc-latina.com\/wp-content\/uploads\/2026\/05\/cropped-logo.gif","contentUrl":"https:\/\/abc-latina.com\/wp-content\/uploads\/2026\/05\/cropped-logo.gif","width":89,"height":84,"caption":"Abc-latina"},"image":{"@id":"https:\/\/abc-latina.com\/#\/schema\/logo\/image\/"}}]}},"_links":{"self":[{"href":"https:\/\/abc-latina.com\/wp-json\/wp\/v2\/pages\/2754","targetHints":{"allow":["GET"]}}],"collection":[{"href":"https:\/\/abc-latina.com\/wp-json\/wp\/v2\/pages"}],"about":[{"href":"https:\/\/abc-latina.com\/wp-json\/wp\/v2\/types\/page"}],"author":[{"embeddable":true,"href":"https:\/\/abc-latina.com\/wp-json\/wp\/v2\/users\/3"}],"replies":[{"embeddable":true,"href":"https:\/\/abc-latina.com\/wp-json\/wp\/v2\/comments?post=2754"}],"version-history":[{"count":1,"href":"https:\/\/abc-latina.com\/wp-json\/wp\/v2\/pages\/2754\/revisions"}],"predecessor-version":[{"id":4003,"href":"https:\/\/abc-latina.com\/wp-json\/wp\/v2\/pages\/2754\/revisions\/4003"}],"up":[{"embeddable":true,"href":"https:\/\/abc-latina.com\/wp-json\/wp\/v2\/pages\/2777"}],"wp:featuredmedia":[{"embeddable":true,"href":"https:\/\/abc-latina.com\/wp-json\/wp\/v2\/media\/2753"}],"wp:attachment":[{"href":"https:\/\/abc-latina.com\/wp-json\/wp\/v2\/media?parent=2754"}],"curies":[{"name":"wp","href":"https:\/\/api.w.org\/{rel}","templated":true}]}}