{"id":2755,"date":"2011-09-20T16:39:05","date_gmt":"2011-09-20T14:39:05","guid":{"rendered":"http:\/\/abc-latina.com\/guillermo_vilas-htm\/"},"modified":"2026-04-30T18:25:29","modified_gmt":"2026-04-30T16:25:29","slug":"guillermo_vilas","status":"publish","type":"page","link":"https:\/\/abc-latina.com\/sport\/sportifs\/guillermo_vilas\/","title":{"rendered":"GUILLERMO VILAS"},"content":{"rendered":"<p><span class=\"tourisme-chapitre\">Guillermo Vilas<\/span> (n\u00e9 le 17 ao\u00fbt 1952 \u00e0 <a href=\"https:\/\/www.abc-latina.com\/argentine\/mar_del_plata\" target=\"_blank\">Mar del Plata<\/a> en Argentine) est un joueur de tennis argentin, vainqueur de plusieurs tournois du Grand Chelem, notamment des Internationaux de France de Roland Garros en 1977 (finaliste en 1975, 1978 et 1982).<\/p>\n<p>Il surgit sur le devant de la sc\u00e8ne mondiale \u00e0 22 ans en 1974 en remportant 7 tournois dont le Masters de fin d&rsquo;ann\u00e9e (il bat Ilie Nastase en finale). L&rsquo;ann\u00e9e suivante il atteint la finale de Roland-Garros o\u00f9 il perd s\u00e8chement contre Bjorn Borg.<\/p>\n<div>Sa grande ann\u00e9e fut 1977. Il atteint son meilleur classement (2\u00e8me mondial derri\u00e8re Jimmy Connors) apr\u00e8s un record de 145 victoires et 14 d\u00e9faites. Il remporta cette ann\u00e9e-la pas moins de 16 tournois (sur 33 disput\u00e9s) dont Roland-Garros et l&rsquo;US Open (victoire en finale contre Connors 2-6, 6-3, 7-6(4), 6-0). Premier sud-am\u00e9ricain \u00e0 remporter un tournoi du Grand Chelem, il devint une idole dans toute l&rsquo;Am\u00e9rique Latine.<\/div>\n<div>&nbsp;<\/div>\n<div>A la surprise g\u00e9n\u00e9rale, ce grand sp\u00e9cialiste de la terre battue (53 victoires d&rsquo;affil\u00e9e sur cette surface, record battu r\u00e9cemment par Rafael Nadal) remporta ensuite deux titres \u00e0 l&rsquo;Open d&rsquo;Australie sur le gazon de Kooyong, en 1978 et 1979.<\/div>\n<div>&nbsp;<\/div>\n<div>Apr\u00e8s deux ann\u00e9es sans relief, il fit un retour tr\u00e8s remarqu\u00e9 en 1982 en remportant 7 tournois et en disputant la finale de Roland-Garros face au jeune prodige su\u00e9dois Mats Wilander.<\/div>\n<div>&nbsp;<\/div>\n<div>A la fin de sa carri\u00e8re, en 1989, Guillermo Vilas totalisait 62 tournois en simple plus 41 finales.<\/div>\n<div>&nbsp;<\/div>\n<div>Date de naissance: 17 ao\u00fbt 1952&nbsp;<\/div>\n<div>Taille 1m80 &#8211; Poids 75 kg&nbsp;<\/div>\n<div>D\u00e9buts Professionnel en 1972&nbsp;<\/div>\n<div>&nbsp;<\/div>\n<div><span class=\"tourisme-unesco\">PALMARES<\/span><\/div>\n<div>62 titres<\/div>\n<div>dont 4 du Grand Chelem: Roland Garros (1977) , US Open (1977) , Open d&rsquo;Australie (1978,1979)&nbsp;<\/div>\n<div>Coupe Davis Finaliste de la Coupa Davis en 1981.<\/div>\n<div>Meilleur Classement 2\u00e8me (30 avril 1975)&nbsp;<\/div>\n<div>&nbsp;<\/div>\n<p><a href=\"https:\/\/www.abc-latina.com\/sport\/sportifs\">Autres sportifs latino-am\u00e9ricains<\/a>&nbsp;<br \/><a href=\"https:\/\/www.abc-latina.com\/sport\/tennis\">Le tennis<\/a>&nbsp;<br \/><a href=\"https:\/\/www.abc-latina.com\/sport\/argentine\">Le Sport argentin<\/a>&nbsp;<br \/><a href=\"https:\/\/www.abc-latina.com\/argentine\" target=\"_blank\">L&rsquo;Argentine<\/a><\/p>\n","protected":false},"excerpt":{"rendered":"<p>Guillermo Vilas (n\u00e9 le 17 ao\u00fbt 1952 \u00e0 Mar del Plata en Argentine) est un joueur de tennis argentin, vainqueur [&hellip;]<\/p>\n","protected":false},"author":3,"featured_media":0,"parent":2777,"menu_order":0,"comment_status":"closed","ping_status":"closed","template":"","meta":{"site-sidebar-layout":"default","site-content-layout":"","ast-site-content-layout":"default","site-content-style":"default","site-sidebar-style":"default","ast-global-header-display":"","ast-banner-title-visibility":"","ast-main-header-display":"","ast-hfb-above-header-display":"","ast-hfb-below-header-display":"","ast-hfb-mobile-header-display":"","site-post-title":"","ast-breadcrumbs-content":"","ast-featured-img":"","footer-sml-layout":"","ast-disable-related-posts":"","theme-transparent-header-meta":"","adv-header-id-meta":"","stick-header-meta":"","header-above-stick-meta":"","header-main-stick-meta":"","header-below-stick-meta":"","astra-migrate-meta-layouts":"default","ast-page-background-enabled":"default","ast-page-background-meta":{"desktop":{"background-color":"var(--ast-global-color-5)","background-image":"","background-repeat":"repeat","background-position":"center center","background-size":"auto","background-attachment":"scroll","background-type":"","background-media":"","overlay-type":"","overlay-color":"","overlay-opacity":"","overlay-gradient":""},"tablet":{"background-color":"","background-image":"","background-repeat":"repeat","background-position":"center center","background-size":"auto","background-attachment":"scroll","background-type":"","background-media":"","overlay-type":"","overlay-color":"","overlay-opacity":"","overlay-gradient":""},"mobile":{"background-color":"","background-image":"","background-repeat":"repeat","background-position":"center center","background-size":"auto","background-attachment":"scroll","background-type":"","background-media":"","overlay-type":"","overlay-color":"","overlay-opacity":"","overlay-gradient":""}},"ast-content-background-meta":{"desktop":{"background-color":"var(--ast-global-color-4)","background-image":"","background-repeat":"repeat","background-position":"center center","background-size":"auto","background-attachment":"scroll","background-type":"","background-media":"","overlay-type":"","overlay-color":"","overlay-opacity":"","overlay-gradient":""},"tablet":{"background-color":"var(--ast-global-color-4)","background-image":"","background-repeat":"repeat","background-position":"center center","background-size":"auto","background-attachment":"scroll","background-type":"","background-media":"","overlay-type":"","overlay-color":"","overlay-opacity":"","overlay-gradient":""},"mobile":{"background-color":"var(--ast-global-color-4)","background-image":"","background-repeat":"repeat","background-position":"center center","background-size":"auto","background-attachment":"scroll","background-type":"","background-media":"","overlay-type":"","overlay-color":"","overlay-opacity":"","overlay-gradient":""}},"footnotes":""},"class_list":["post-2755","page","type-page","status-publish","hentry"],"yoast_head":"<!-- This site is optimized with the Yoast SEO plugin v27.5 - https:\/\/yoast.com\/product\/yoast-seo-wordpress\/ -->\n<title>GUILLERMO VILAS - Abc-latina<\/title>\n<meta name=\"description\" content=\"Le tennisman argentin, guillermo Vilas.\" \/>\n<meta name=\"robots\" content=\"index, follow, max-snippet:-1, max-image-preview:large, max-video-preview:-1\" \/>\n<link rel=\"canonical\" href=\"https:\/\/abc-latina.com\/sport\/sportifs\/guillermo_vilas\/\" \/>\n<meta property=\"og:locale\" content=\"fr_FR\" \/>\n<meta property=\"og:type\" content=\"article\" \/>\n<meta property=\"og:title\" content=\"GUILLERMO VILAS - Abc-latina\" \/>\n<meta property=\"og:description\" content=\"Le tennisman argentin, guillermo Vilas.\" \/>\n<meta property=\"og:url\" content=\"https:\/\/abc-latina.com\/sport\/sportifs\/guillermo_vilas\/\" \/>\n<meta property=\"og:site_name\" content=\"Abc-latina\" \/>\n<meta property=\"article:modified_time\" content=\"2026-04-30T16:25:29+00:00\" \/>\n<meta name=\"twitter:card\" content=\"summary_large_image\" \/>\n<meta name=\"twitter:label1\" content=\"Dur\u00e9e de lecture estim\u00e9e\" \/>\n\t<meta name=\"twitter:data1\" content=\"2 minutes\" \/>\n<script type=\"application\/ld+json\" class=\"yoast-schema-graph\">{\"@context\":\"https:\\\/\\\/schema.org\",\"@graph\":[{\"@type\":\"WebPage\",\"@id\":\"https:\\\/\\\/abc-latina.com\\\/sport\\\/sportifs\\\/guillermo_vilas\\\/\",\"url\":\"https:\\\/\\\/abc-latina.com\\\/sport\\\/sportifs\\\/guillermo_vilas\\\/\",\"name\":\"GUILLERMO VILAS - Abc-latina\",\"isPartOf\":{\"@id\":\"https:\\\/\\\/abc-latina.com\\\/#website\"},\"datePublished\":\"2011-09-20T14:39:05+00:00\",\"dateModified\":\"2026-04-30T16:25:29+00:00\",\"description\":\"Le tennisman argentin, guillermo Vilas.\",\"breadcrumb\":{\"@id\":\"https:\\\/\\\/abc-latina.com\\\/sport\\\/sportifs\\\/guillermo_vilas\\\/#breadcrumb\"},\"inLanguage\":\"fr-FR\",\"potentialAction\":[{\"@type\":\"ReadAction\",\"target\":[\"https:\\\/\\\/abc-latina.com\\\/sport\\\/sportifs\\\/guillermo_vilas\\\/\"]}]},{\"@type\":\"BreadcrumbList\",\"@id\":\"https:\\\/\\\/abc-latina.com\\\/sport\\\/sportifs\\\/guillermo_vilas\\\/#breadcrumb\",\"itemListElement\":[{\"@type\":\"ListItem\",\"position\":1,\"name\":\"Accueil\",\"item\":\"https:\\\/\\\/abc-latina.com\\\/\"},{\"@type\":\"ListItem\",\"position\":2,\"name\":\"GUILLERMO VILAS\"}]},{\"@type\":\"WebSite\",\"@id\":\"https:\\\/\\\/abc-latina.com\\\/#website\",\"url\":\"https:\\\/\\\/abc-latina.com\\\/\",\"name\":\"Abc-latina\",\"description\":\"\",\"publisher\":{\"@id\":\"https:\\\/\\\/abc-latina.com\\\/#organization\"},\"potentialAction\":[{\"@type\":\"SearchAction\",\"target\":{\"@type\":\"EntryPoint\",\"urlTemplate\":\"https:\\\/\\\/abc-latina.com\\\/?s={search_term_string}\"},\"query-input\":{\"@type\":\"PropertyValueSpecification\",\"valueRequired\":true,\"valueName\":\"search_term_string\"}}],\"inLanguage\":\"fr-FR\"},{\"@type\":\"Organization\",\"@id\":\"https:\\\/\\\/abc-latina.com\\\/#organization\",\"name\":\"Abc-latina\",\"url\":\"https:\\\/\\\/abc-latina.com\\\/\",\"logo\":{\"@type\":\"ImageObject\",\"inLanguage\":\"fr-FR\",\"@id\":\"https:\\\/\\\/abc-latina.com\\\/#\\\/schema\\\/logo\\\/image\\\/\",\"url\":\"https:\\\/\\\/abc-latina.com\\\/wp-content\\\/uploads\\\/2026\\\/05\\\/cropped-logo.gif\",\"contentUrl\":\"https:\\\/\\\/abc-latina.com\\\/wp-content\\\/uploads\\\/2026\\\/05\\\/cropped-logo.gif\",\"width\":89,\"height\":84,\"caption\":\"Abc-latina\"},\"image\":{\"@id\":\"https:\\\/\\\/abc-latina.com\\\/#\\\/schema\\\/logo\\\/image\\\/\"}}]}<\/script>\n<!-- \/ Yoast SEO plugin. -->","yoast_head_json":{"title":"GUILLERMO VILAS - Abc-latina","description":"Le tennisman argentin, guillermo Vilas.","robots":{"index":"index","follow":"follow","max-snippet":"max-snippet:-1","max-image-preview":"max-image-preview:large","max-video-preview":"max-video-preview:-1"},"canonical":"https:\/\/abc-latina.com\/sport\/sportifs\/guillermo_vilas\/","og_locale":"fr_FR","og_type":"article","og_title":"GUILLERMO VILAS - Abc-latina","og_description":"Le tennisman argentin, guillermo Vilas.","og_url":"https:\/\/abc-latina.com\/sport\/sportifs\/guillermo_vilas\/","og_site_name":"Abc-latina","article_modified_time":"2026-04-30T16:25:29+00:00","twitter_card":"summary_large_image","twitter_misc":{"Dur\u00e9e de lecture estim\u00e9e":"2 minutes"},"schema":{"@context":"https:\/\/schema.org","@graph":[{"@type":"WebPage","@id":"https:\/\/abc-latina.com\/sport\/sportifs\/guillermo_vilas\/","url":"https:\/\/abc-latina.com\/sport\/sportifs\/guillermo_vilas\/","name":"GUILLERMO VILAS - Abc-latina","isPartOf":{"@id":"https:\/\/abc-latina.com\/#website"},"datePublished":"2011-09-20T14:39:05+00:00","dateModified":"2026-04-30T16:25:29+00:00","description":"Le tennisman argentin, guillermo Vilas.","breadcrumb":{"@id":"https:\/\/abc-latina.com\/sport\/sportifs\/guillermo_vilas\/#breadcrumb"},"inLanguage":"fr-FR","potentialAction":[{"@type":"ReadAction","target":["https:\/\/abc-latina.com\/sport\/sportifs\/guillermo_vilas\/"]}]},{"@type":"BreadcrumbList","@id":"https:\/\/abc-latina.com\/sport\/sportifs\/guillermo_vilas\/#breadcrumb","itemListElement":[{"@type":"ListItem","position":1,"name":"Accueil","item":"https:\/\/abc-latina.com\/"},{"@type":"ListItem","position":2,"name":"GUILLERMO VILAS"}]},{"@type":"WebSite","@id":"https:\/\/abc-latina.com\/#website","url":"https:\/\/abc-latina.com\/","name":"Abc-latina","description":"","publisher":{"@id":"https:\/\/abc-latina.com\/#organization"},"potentialAction":[{"@type":"SearchAction","target":{"@type":"EntryPoint","urlTemplate":"https:\/\/abc-latina.com\/?s={search_term_string}"},"query-input":{"@type":"PropertyValueSpecification","valueRequired":true,"valueName":"search_term_string"}}],"inLanguage":"fr-FR"},{"@type":"Organization","@id":"https:\/\/abc-latina.com\/#organization","name":"Abc-latina","url":"https:\/\/abc-latina.com\/","logo":{"@type":"ImageObject","inLanguage":"fr-FR","@id":"https:\/\/abc-latina.com\/#\/schema\/logo\/image\/","url":"https:\/\/abc-latina.com\/wp-content\/uploads\/2026\/05\/cropped-logo.gif","contentUrl":"https:\/\/abc-latina.com\/wp-content\/uploads\/2026\/05\/cropped-logo.gif","width":89,"height":84,"caption":"Abc-latina"},"image":{"@id":"https:\/\/abc-latina.com\/#\/schema\/logo\/image\/"}}]}},"_links":{"self":[{"href":"https:\/\/abc-latina.com\/wp-json\/wp\/v2\/pages\/2755","targetHints":{"allow":["GET"]}}],"collection":[{"href":"https:\/\/abc-latina.com\/wp-json\/wp\/v2\/pages"}],"about":[{"href":"https:\/\/abc-latina.com\/wp-json\/wp\/v2\/types\/page"}],"author":[{"embeddable":true,"href":"https:\/\/abc-latina.com\/wp-json\/wp\/v2\/users\/3"}],"replies":[{"embeddable":true,"href":"https:\/\/abc-latina.com\/wp-json\/wp\/v2\/comments?post=2755"}],"version-history":[{"count":1,"href":"https:\/\/abc-latina.com\/wp-json\/wp\/v2\/pages\/2755\/revisions"}],"predecessor-version":[{"id":4004,"href":"https:\/\/abc-latina.com\/wp-json\/wp\/v2\/pages\/2755\/revisions\/4004"}],"up":[{"embeddable":true,"href":"https:\/\/abc-latina.com\/wp-json\/wp\/v2\/pages\/2777"}],"wp:attachment":[{"href":"https:\/\/abc-latina.com\/wp-json\/wp\/v2\/media?parent=2755"}],"curies":[{"name":"wp","href":"https:\/\/api.w.org\/{rel}","templated":true}]}}