{"id":2757,"date":"2011-09-20T16:43:37","date_gmt":"2011-09-20T14:43:37","guid":{"rendered":"http:\/\/abc-latina.com\/jose_parodi-htm\/"},"modified":"2026-04-30T18:25:29","modified_gmt":"2026-04-30T16:25:29","slug":"jose_parodi","status":"publish","type":"page","link":"https:\/\/abc-latina.com\/sport\/sportifs\/jose_parodi\/","title":{"rendered":"Jose PARODI"},"content":{"rendered":"<p>&nbsp;Le footballeur et attaquant paraguayen Jos\u00e9 Parodi a jou\u00e9 pour les clubs de N\u00eemes et de Nantes dans les ann\u00e9es 1960, apr\u00e8s avoir jou\u00e9 pour les clubs italiens de la Lazio Rome et de Padoue.<\/p>\n<div>Parodi avait gagn\u00e9 son surnom de &quot;t\u00eate d&rsquo;or&quot; en marquant 19 buts de la t\u00eate (23 au total) en une seule saison de premi\u00e8re division avec le N\u00eemes Olympique. Jos\u00e9 Parodi avait particip\u00e9 au Mondial de 1958 en Su\u00e8de avec la s\u00e9lection nationale paraguayenne.&nbsp;<\/div>\n<div>Il est d\u00e9c\u00e9d\u00e9 \u00e0 l&rsquo;age de 74 ans en l&rsquo;ann\u00e9e 2006.<\/div>\n<div>&nbsp;<\/div>\n<div>Autres sportifs latino-am\u00e9ricains<\/div>\n<div><a href=\"https:\/\/www.abc-latina.com\/sport\/football\/\">Le football en Am\u00e9rique latine<\/a><\/div>\n<div><a href=\"https:\/\/www.abc-latina.com\/sport\/paraguay\" target=\"_blank\">Le sport au Paraguay<\/a><\/div>\n<div><a href=\"https:\/\/www.abc-latina.com\/paraguay\/\">Le Paraguay<\/a><\/div>\n","protected":false},"excerpt":{"rendered":"<p>&nbsp;Le footballeur et attaquant paraguayen Jos\u00e9 Parodi a jou\u00e9 pour les clubs de N\u00eemes et de Nantes dans les ann\u00e9es [&hellip;]<\/p>\n","protected":false},"author":3,"featured_media":0,"parent":2777,"menu_order":0,"comment_status":"closed","ping_status":"closed","template":"","meta":{"site-sidebar-layout":"default","site-content-layout":"","ast-site-content-layout":"default","site-content-style":"default","site-sidebar-style":"default","ast-global-header-display":"","ast-banner-title-visibility":"","ast-main-header-display":"","ast-hfb-above-header-display":"","ast-hfb-below-header-display":"","ast-hfb-mobile-header-display":"","site-post-title":"","ast-breadcrumbs-content":"","ast-featured-img":"","footer-sml-layout":"","ast-disable-related-posts":"","theme-transparent-header-meta":"","adv-header-id-meta":"","stick-header-meta":"","header-above-stick-meta":"","header-main-stick-meta":"","header-below-stick-meta":"","astra-migrate-meta-layouts":"default","ast-page-background-enabled":"default","ast-page-background-meta":{"desktop":{"background-color":"var(--ast-global-color-5)","background-image":"","background-repeat":"repeat","background-position":"center center","background-size":"auto","background-attachment":"scroll","background-type":"","background-media":"","overlay-type":"","overlay-color":"","overlay-opacity":"","overlay-gradient":""},"tablet":{"background-color":"","background-image":"","background-repeat":"repeat","background-position":"center center","background-size":"auto","background-attachment":"scroll","background-type":"","background-media":"","overlay-type":"","overlay-color":"","overlay-opacity":"","overlay-gradient":""},"mobile":{"background-color":"","background-image":"","background-repeat":"repeat","background-position":"center center","background-size":"auto","background-attachment":"scroll","background-type":"","background-media":"","overlay-type":"","overlay-color":"","overlay-opacity":"","overlay-gradient":""}},"ast-content-background-meta":{"desktop":{"background-color":"var(--ast-global-color-4)","background-image":"","background-repeat":"repeat","background-position":"center center","background-size":"auto","background-attachment":"scroll","background-type":"","background-media":"","overlay-type":"","overlay-color":"","overlay-opacity":"","overlay-gradient":""},"tablet":{"background-color":"var(--ast-global-color-4)","background-image":"","background-repeat":"repeat","background-position":"center center","background-size":"auto","background-attachment":"scroll","background-type":"","background-media":"","overlay-type":"","overlay-color":"","overlay-opacity":"","overlay-gradient":""},"mobile":{"background-color":"var(--ast-global-color-4)","background-image":"","background-repeat":"repeat","background-position":"center center","background-size":"auto","background-attachment":"scroll","background-type":"","background-media":"","overlay-type":"","overlay-color":"","overlay-opacity":"","overlay-gradient":""}},"footnotes":""},"class_list":["post-2757","page","type-page","status-publish","hentry"],"yoast_head":"<!-- This site is optimized with the Yoast SEO plugin v27.5 - https:\/\/yoast.com\/product\/yoast-seo-wordpress\/ -->\n<title>Jose PARODI - Abc-latina<\/title>\n<meta name=\"description\" content=\"Le footballeur paraguayen, Jose Parodi.\" \/>\n<meta name=\"robots\" content=\"index, follow, max-snippet:-1, max-image-preview:large, max-video-preview:-1\" \/>\n<link rel=\"canonical\" href=\"https:\/\/abc-latina.com\/sport\/sportifs\/jose_parodi\/\" \/>\n<meta property=\"og:locale\" content=\"fr_FR\" \/>\n<meta property=\"og:type\" content=\"article\" \/>\n<meta property=\"og:title\" content=\"Jose PARODI - Abc-latina\" \/>\n<meta property=\"og:description\" content=\"Le footballeur paraguayen, Jose Parodi.\" \/>\n<meta property=\"og:url\" content=\"https:\/\/abc-latina.com\/sport\/sportifs\/jose_parodi\/\" \/>\n<meta property=\"og:site_name\" content=\"Abc-latina\" \/>\n<meta property=\"article:modified_time\" content=\"2026-04-30T16:25:29+00:00\" \/>\n<meta name=\"twitter:card\" content=\"summary_large_image\" \/>\n<meta name=\"twitter:label1\" content=\"Dur\u00e9e de lecture estim\u00e9e\" \/>\n\t<meta name=\"twitter:data1\" content=\"1 minute\" \/>\n<script type=\"application\/ld+json\" class=\"yoast-schema-graph\">{\"@context\":\"https:\\\/\\\/schema.org\",\"@graph\":[{\"@type\":\"WebPage\",\"@id\":\"https:\\\/\\\/abc-latina.com\\\/sport\\\/sportifs\\\/jose_parodi\\\/\",\"url\":\"https:\\\/\\\/abc-latina.com\\\/sport\\\/sportifs\\\/jose_parodi\\\/\",\"name\":\"Jose PARODI - Abc-latina\",\"isPartOf\":{\"@id\":\"https:\\\/\\\/abc-latina.com\\\/#website\"},\"datePublished\":\"2011-09-20T14:43:37+00:00\",\"dateModified\":\"2026-04-30T16:25:29+00:00\",\"description\":\"Le footballeur paraguayen, Jose Parodi.\",\"breadcrumb\":{\"@id\":\"https:\\\/\\\/abc-latina.com\\\/sport\\\/sportifs\\\/jose_parodi\\\/#breadcrumb\"},\"inLanguage\":\"fr-FR\",\"potentialAction\":[{\"@type\":\"ReadAction\",\"target\":[\"https:\\\/\\\/abc-latina.com\\\/sport\\\/sportifs\\\/jose_parodi\\\/\"]}]},{\"@type\":\"BreadcrumbList\",\"@id\":\"https:\\\/\\\/abc-latina.com\\\/sport\\\/sportifs\\\/jose_parodi\\\/#breadcrumb\",\"itemListElement\":[{\"@type\":\"ListItem\",\"position\":1,\"name\":\"Accueil\",\"item\":\"https:\\\/\\\/abc-latina.com\\\/\"},{\"@type\":\"ListItem\",\"position\":2,\"name\":\"Jose PARODI\"}]},{\"@type\":\"WebSite\",\"@id\":\"https:\\\/\\\/abc-latina.com\\\/#website\",\"url\":\"https:\\\/\\\/abc-latina.com\\\/\",\"name\":\"Abc-latina\",\"description\":\"\",\"publisher\":{\"@id\":\"https:\\\/\\\/abc-latina.com\\\/#organization\"},\"potentialAction\":[{\"@type\":\"SearchAction\",\"target\":{\"@type\":\"EntryPoint\",\"urlTemplate\":\"https:\\\/\\\/abc-latina.com\\\/?s={search_term_string}\"},\"query-input\":{\"@type\":\"PropertyValueSpecification\",\"valueRequired\":true,\"valueName\":\"search_term_string\"}}],\"inLanguage\":\"fr-FR\"},{\"@type\":\"Organization\",\"@id\":\"https:\\\/\\\/abc-latina.com\\\/#organization\",\"name\":\"Abc-latina\",\"url\":\"https:\\\/\\\/abc-latina.com\\\/\",\"logo\":{\"@type\":\"ImageObject\",\"inLanguage\":\"fr-FR\",\"@id\":\"https:\\\/\\\/abc-latina.com\\\/#\\\/schema\\\/logo\\\/image\\\/\",\"url\":\"https:\\\/\\\/abc-latina.com\\\/wp-content\\\/uploads\\\/2026\\\/05\\\/cropped-logo.gif\",\"contentUrl\":\"https:\\\/\\\/abc-latina.com\\\/wp-content\\\/uploads\\\/2026\\\/05\\\/cropped-logo.gif\",\"width\":89,\"height\":84,\"caption\":\"Abc-latina\"},\"image\":{\"@id\":\"https:\\\/\\\/abc-latina.com\\\/#\\\/schema\\\/logo\\\/image\\\/\"}}]}<\/script>\n<!-- \/ Yoast SEO plugin. -->","yoast_head_json":{"title":"Jose PARODI - Abc-latina","description":"Le footballeur paraguayen, Jose Parodi.","robots":{"index":"index","follow":"follow","max-snippet":"max-snippet:-1","max-image-preview":"max-image-preview:large","max-video-preview":"max-video-preview:-1"},"canonical":"https:\/\/abc-latina.com\/sport\/sportifs\/jose_parodi\/","og_locale":"fr_FR","og_type":"article","og_title":"Jose PARODI - Abc-latina","og_description":"Le footballeur paraguayen, Jose Parodi.","og_url":"https:\/\/abc-latina.com\/sport\/sportifs\/jose_parodi\/","og_site_name":"Abc-latina","article_modified_time":"2026-04-30T16:25:29+00:00","twitter_card":"summary_large_image","twitter_misc":{"Dur\u00e9e de lecture estim\u00e9e":"1 minute"},"schema":{"@context":"https:\/\/schema.org","@graph":[{"@type":"WebPage","@id":"https:\/\/abc-latina.com\/sport\/sportifs\/jose_parodi\/","url":"https:\/\/abc-latina.com\/sport\/sportifs\/jose_parodi\/","name":"Jose PARODI - Abc-latina","isPartOf":{"@id":"https:\/\/abc-latina.com\/#website"},"datePublished":"2011-09-20T14:43:37+00:00","dateModified":"2026-04-30T16:25:29+00:00","description":"Le footballeur paraguayen, Jose Parodi.","breadcrumb":{"@id":"https:\/\/abc-latina.com\/sport\/sportifs\/jose_parodi\/#breadcrumb"},"inLanguage":"fr-FR","potentialAction":[{"@type":"ReadAction","target":["https:\/\/abc-latina.com\/sport\/sportifs\/jose_parodi\/"]}]},{"@type":"BreadcrumbList","@id":"https:\/\/abc-latina.com\/sport\/sportifs\/jose_parodi\/#breadcrumb","itemListElement":[{"@type":"ListItem","position":1,"name":"Accueil","item":"https:\/\/abc-latina.com\/"},{"@type":"ListItem","position":2,"name":"Jose PARODI"}]},{"@type":"WebSite","@id":"https:\/\/abc-latina.com\/#website","url":"https:\/\/abc-latina.com\/","name":"Abc-latina","description":"","publisher":{"@id":"https:\/\/abc-latina.com\/#organization"},"potentialAction":[{"@type":"SearchAction","target":{"@type":"EntryPoint","urlTemplate":"https:\/\/abc-latina.com\/?s={search_term_string}"},"query-input":{"@type":"PropertyValueSpecification","valueRequired":true,"valueName":"search_term_string"}}],"inLanguage":"fr-FR"},{"@type":"Organization","@id":"https:\/\/abc-latina.com\/#organization","name":"Abc-latina","url":"https:\/\/abc-latina.com\/","logo":{"@type":"ImageObject","inLanguage":"fr-FR","@id":"https:\/\/abc-latina.com\/#\/schema\/logo\/image\/","url":"https:\/\/abc-latina.com\/wp-content\/uploads\/2026\/05\/cropped-logo.gif","contentUrl":"https:\/\/abc-latina.com\/wp-content\/uploads\/2026\/05\/cropped-logo.gif","width":89,"height":84,"caption":"Abc-latina"},"image":{"@id":"https:\/\/abc-latina.com\/#\/schema\/logo\/image\/"}}]}},"_links":{"self":[{"href":"https:\/\/abc-latina.com\/wp-json\/wp\/v2\/pages\/2757","targetHints":{"allow":["GET"]}}],"collection":[{"href":"https:\/\/abc-latina.com\/wp-json\/wp\/v2\/pages"}],"about":[{"href":"https:\/\/abc-latina.com\/wp-json\/wp\/v2\/types\/page"}],"author":[{"embeddable":true,"href":"https:\/\/abc-latina.com\/wp-json\/wp\/v2\/users\/3"}],"replies":[{"embeddable":true,"href":"https:\/\/abc-latina.com\/wp-json\/wp\/v2\/comments?post=2757"}],"version-history":[{"count":1,"href":"https:\/\/abc-latina.com\/wp-json\/wp\/v2\/pages\/2757\/revisions"}],"predecessor-version":[{"id":4007,"href":"https:\/\/abc-latina.com\/wp-json\/wp\/v2\/pages\/2757\/revisions\/4007"}],"up":[{"embeddable":true,"href":"https:\/\/abc-latina.com\/wp-json\/wp\/v2\/pages\/2777"}],"wp:attachment":[{"href":"https:\/\/abc-latina.com\/wp-json\/wp\/v2\/media?parent=2757"}],"curies":[{"name":"wp","href":"https:\/\/api.w.org\/{rel}","templated":true}]}}