{"id":276,"date":"2010-06-04T06:51:13","date_gmt":"2010-06-04T04:51:13","guid":{"rendered":"http:\/\/abc-latina.com\/santiago_de_cuba-htm\/"},"modified":"2018-06-10T15:22:09","modified_gmt":"2018-06-10T13:22:09","slug":"santiago_de_cuba","status":"publish","type":"page","link":"https:\/\/abc-latina.com\/cuba\/santiago_de_cuba\/","title":{"rendered":"SANTIAGO DE CUBA"},"content":{"rendered":"<p><img decoding=\"async\" class=\" size-full wp-image-274\" src=\"http:\/\/abc-latina.com\/wp-content\/uploads\/2010\/06\/santiago_cheval_4.jpg\" title=\"VOYAGE \u00e0 SANTIAGO DE CUBA\" alt=\"VOYAGE \u00e0 SANTIAGO DE CUBA\" width=\"480\" srcset=\"https:\/\/abc-latina.com\/wp-content\/uploads\/2010\/06\/santiago_cheval_4.jpg 620w, https:\/\/abc-latina.com\/wp-content\/uploads\/2010\/06\/santiago_cheval_4-300x225.jpg 300w\" sizes=\"(max-width: 620px) 100vw, 620px\" \/><\/p>\n<p>Santiago est la capitale de la province de <span class=\"tourisme-chapitre\">Santiago de Cuba<\/span> et la seconde ville du pays.<\/p>\n<div>Elle a su pr\u00e9server son caract\u00e8re colonial, avec ses rues \u00e9troites en escalier, ses balustrades en fer forg\u00e9, ses patios secrets et ses v\u00e9randas en bois pr\u00e9cieux.<\/div>\n<div>R\u00e9sultat de plusieurs si\u00e8cles de m\u00e9tissage, c&rsquo;est la plus cara\u00efbe des villes cubaines.<\/div>\n<div>&nbsp;<\/div>\n<div>Presque toute la musique cubaine vient de Santiago et le carnaval, qui a lieu au mois de juillet apr\u00e8s la Zafra (la r\u00e9colte de la canne \u00e0 sucre) est c\u00e9l\u00e8bre dans toutes les cara\u00efbes.<\/div>\n<div>&nbsp;<\/div>\n<div><strong>Attraits touristiques<\/strong><\/div>\n<div><img loading=\"lazy\" decoding=\"async\" class=\" alignright size-full wp-image-275\" src=\"http:\/\/abc-latina.com\/wp-content\/uploads\/2010\/06\/danseuse.jpg\" alt=\"\" vspace=\"9\" hspace=\"15\" align=\"right\" width=\"175\" height=\"266\" \/>Le centre de Santiago est articul\u00e9 autour de trois places : la Plaza de Marte, la Plaza de Dolores et le Parque de C\u00e9spedes, qui est le c\u0153ur du quartier colonial.<\/div>\n<div>&nbsp;<\/div>\n<div>La place de C\u00e9spedes est le point de d\u00e9part de rues \u00e9troites et pittoresques, bord\u00e9es d&rsquo;anciennes demeures coloniales.<\/div>\n<div>&nbsp;<\/div>\n<div>La rue Heredia, th\u00e9\u00e2tre de nombreux spectacles en plein air, auxquels se joignent musiciens, danseurs, clowns, magiciens et mimes.<\/div>\n<div>&nbsp;<\/div>\n<div>La rue Aguilera est l&rsquo;une des plus commer\u00e7antes de la ville. Elle m\u00e8ne \u00e0 la Plaza de Dolores, plus petite que la place de C\u00e9spedes mais tr\u00e8s anim\u00e9e et fort \u00e9l\u00e9gante avec ses b\u00e2timents aux balcons de bois ouvrag\u00e9s<\/div>\n<div>&nbsp;<\/div>\n<h3>Pr\u00e9parez votre voyage \u00e0 Santiago de Cuba:<\/h3>\n<div><a href=\"https:\/\/www.abc-latina.com\/cuba\/agence_de_voyages\">Agences de voyage g\u00e9n\u00e9ralistes et discounteurs<\/a><\/div>\n<div><a href=\"https:\/\/www.abc-latina.com\/cuba\/tour_operateur\">Tours Op\u00e9rateurs sp\u00e9cialistes de Cuba<\/a><\/div>\n<div><a href=\"https:\/\/www.abc-latina.com\/to\/reservation_billet_avion\" target=\"_blank\">R\u00e9servez votre billet d&rsquo;avion<\/a><\/div>\n<div><a href=\"https:\/\/www.abc-latina.com\/cuba\/hotels\">R\u00e9servez votre h\u00f4tel \u00e0 Santiago de Cuba<\/a>&nbsp;<\/div>\n<div><a href=\"https:\/\/www.abc-latina.com\/to\/location_de_voiture_cuba\" target=\"_blank\">Location de voiture<\/a><\/div>\n<p>&nbsp;<\/p>\n","protected":false},"excerpt":{"rendered":"<p>Santiago est la capitale de la province de Santiago de Cuba et la seconde ville du pays. Elle a su [&hellip;]<\/p>\n","protected":false},"author":3,"featured_media":274,"parent":2302,"menu_order":0,"comment_status":"closed","ping_status":"closed","template":"","meta":{"site-sidebar-layout":"default","site-content-layout":"","ast-site-content-layout":"default","site-content-style":"default","site-sidebar-style":"default","ast-global-header-display":"","ast-banner-title-visibility":"","ast-main-header-display":"","ast-hfb-above-header-display":"","ast-hfb-below-header-display":"","ast-hfb-mobile-header-display":"","site-post-title":"","ast-breadcrumbs-content":"","ast-featured-img":"","footer-sml-layout":"","ast-disable-related-posts":"","theme-transparent-header-meta":"","adv-header-id-meta":"","stick-header-meta":"","header-above-stick-meta":"","header-main-stick-meta":"","header-below-stick-meta":"","astra-migrate-meta-layouts":"default","ast-page-background-enabled":"default","ast-page-background-meta":{"desktop":{"background-color":"var(--ast-global-color-5)","background-image":"","background-repeat":"repeat","background-position":"center center","background-size":"auto","background-attachment":"scroll","background-type":"","background-media":"","overlay-type":"","overlay-color":"","overlay-opacity":"","overlay-gradient":""},"tablet":{"background-color":"","background-image":"","background-repeat":"repeat","background-position":"center center","background-size":"auto","background-attachment":"scroll","background-type":"","background-media":"","overlay-type":"","overlay-color":"","overlay-opacity":"","overlay-gradient":""},"mobile":{"background-color":"","background-image":"","background-repeat":"repeat","background-position":"center center","background-size":"auto","background-attachment":"scroll","background-type":"","background-media":"","overlay-type":"","overlay-color":"","overlay-opacity":"","overlay-gradient":""}},"ast-content-background-meta":{"desktop":{"background-color":"var(--ast-global-color-4)","background-image":"","background-repeat":"repeat","background-position":"center center","background-size":"auto","background-attachment":"scroll","background-type":"","background-media":"","overlay-type":"","overlay-color":"","overlay-opacity":"","overlay-gradient":""},"tablet":{"background-color":"var(--ast-global-color-4)","background-image":"","background-repeat":"repeat","background-position":"center center","background-size":"auto","background-attachment":"scroll","background-type":"","background-media":"","overlay-type":"","overlay-color":"","overlay-opacity":"","overlay-gradient":""},"mobile":{"background-color":"var(--ast-global-color-4)","background-image":"","background-repeat":"repeat","background-position":"center center","background-size":"auto","background-attachment":"scroll","background-type":"","background-media":"","overlay-type":"","overlay-color":"","overlay-opacity":"","overlay-gradient":""}},"footnotes":""},"class_list":["post-276","page","type-page","status-publish","has-post-thumbnail","hentry"],"yoast_head":"<!-- This site is optimized with the Yoast SEO plugin v27.5 - https:\/\/yoast.com\/product\/yoast-seo-wordpress\/ -->\n<title>SANTIAGO DE CUBA - Abc-latina<\/title>\n<meta name=\"description\" content=\"Voyage et tourisme \u00e0 Santiago de Cuba.\" \/>\n<meta name=\"robots\" content=\"index, follow, max-snippet:-1, max-image-preview:large, max-video-preview:-1\" \/>\n<link rel=\"canonical\" href=\"https:\/\/abc-latina.com\/cuba\/santiago_de_cuba\/\" \/>\n<meta property=\"og:locale\" content=\"fr_FR\" \/>\n<meta property=\"og:type\" content=\"article\" \/>\n<meta property=\"og:title\" content=\"SANTIAGO DE CUBA - Abc-latina\" \/>\n<meta property=\"og:description\" content=\"Voyage et tourisme \u00e0 Santiago de Cuba.\" \/>\n<meta property=\"og:url\" content=\"https:\/\/abc-latina.com\/cuba\/santiago_de_cuba\/\" \/>\n<meta property=\"og:site_name\" content=\"Abc-latina\" \/>\n<meta property=\"article:modified_time\" content=\"2018-06-10T13:22:09+00:00\" \/>\n<meta property=\"og:image\" content=\"https:\/\/abc-latina.com\/wp-content\/uploads\/2010\/06\/santiago_cheval_4.jpg\" \/>\n\t<meta property=\"og:image:width\" content=\"620\" \/>\n\t<meta property=\"og:image:height\" content=\"465\" \/>\n\t<meta property=\"og:image:type\" content=\"image\/jpeg\" \/>\n<meta name=\"twitter:card\" content=\"summary_large_image\" \/>\n<meta name=\"twitter:label1\" content=\"Dur\u00e9e de lecture estim\u00e9e\" \/>\n\t<meta name=\"twitter:data1\" content=\"1 minute\" \/>\n<script type=\"application\/ld+json\" class=\"yoast-schema-graph\">{\"@context\":\"https:\\\/\\\/schema.org\",\"@graph\":[{\"@type\":\"WebPage\",\"@id\":\"https:\\\/\\\/abc-latina.com\\\/cuba\\\/santiago_de_cuba\\\/\",\"url\":\"https:\\\/\\\/abc-latina.com\\\/cuba\\\/santiago_de_cuba\\\/\",\"name\":\"SANTIAGO DE CUBA - Abc-latina\",\"isPartOf\":{\"@id\":\"https:\\\/\\\/abc-latina.com\\\/#website\"},\"primaryImageOfPage\":{\"@id\":\"https:\\\/\\\/abc-latina.com\\\/cuba\\\/santiago_de_cuba\\\/#primaryimage\"},\"image\":{\"@id\":\"https:\\\/\\\/abc-latina.com\\\/cuba\\\/santiago_de_cuba\\\/#primaryimage\"},\"thumbnailUrl\":\"https:\\\/\\\/abc-latina.com\\\/wp-content\\\/uploads\\\/2010\\\/06\\\/santiago_cheval_4.jpg\",\"datePublished\":\"2010-06-04T04:51:13+00:00\",\"dateModified\":\"2018-06-10T13:22:09+00:00\",\"description\":\"Voyage et tourisme \u00e0 Santiago de Cuba.\",\"breadcrumb\":{\"@id\":\"https:\\\/\\\/abc-latina.com\\\/cuba\\\/santiago_de_cuba\\\/#breadcrumb\"},\"inLanguage\":\"fr-FR\",\"potentialAction\":[{\"@type\":\"ReadAction\",\"target\":[\"https:\\\/\\\/abc-latina.com\\\/cuba\\\/santiago_de_cuba\\\/\"]}]},{\"@type\":\"ImageObject\",\"inLanguage\":\"fr-FR\",\"@id\":\"https:\\\/\\\/abc-latina.com\\\/cuba\\\/santiago_de_cuba\\\/#primaryimage\",\"url\":\"https:\\\/\\\/abc-latina.com\\\/wp-content\\\/uploads\\\/2010\\\/06\\\/santiago_cheval_4.jpg\",\"contentUrl\":\"https:\\\/\\\/abc-latina.com\\\/wp-content\\\/uploads\\\/2010\\\/06\\\/santiago_cheval_4.jpg\",\"width\":620,\"height\":465,\"caption\":\"VOYAGE \u00e0 SANTIAGO DE CUBA\"},{\"@type\":\"BreadcrumbList\",\"@id\":\"https:\\\/\\\/abc-latina.com\\\/cuba\\\/santiago_de_cuba\\\/#breadcrumb\",\"itemListElement\":[{\"@type\":\"ListItem\",\"position\":1,\"name\":\"Accueil\",\"item\":\"https:\\\/\\\/abc-latina.com\\\/\"},{\"@type\":\"ListItem\",\"position\":2,\"name\":\"SANTIAGO DE CUBA\"}]},{\"@type\":\"WebSite\",\"@id\":\"https:\\\/\\\/abc-latina.com\\\/#website\",\"url\":\"https:\\\/\\\/abc-latina.com\\\/\",\"name\":\"Abc-latina\",\"description\":\"\",\"publisher\":{\"@id\":\"https:\\\/\\\/abc-latina.com\\\/#organization\"},\"potentialAction\":[{\"@type\":\"SearchAction\",\"target\":{\"@type\":\"EntryPoint\",\"urlTemplate\":\"https:\\\/\\\/abc-latina.com\\\/?s={search_term_string}\"},\"query-input\":{\"@type\":\"PropertyValueSpecification\",\"valueRequired\":true,\"valueName\":\"search_term_string\"}}],\"inLanguage\":\"fr-FR\"},{\"@type\":\"Organization\",\"@id\":\"https:\\\/\\\/abc-latina.com\\\/#organization\",\"name\":\"Abc-latina\",\"url\":\"https:\\\/\\\/abc-latina.com\\\/\",\"logo\":{\"@type\":\"ImageObject\",\"inLanguage\":\"fr-FR\",\"@id\":\"https:\\\/\\\/abc-latina.com\\\/#\\\/schema\\\/logo\\\/image\\\/\",\"url\":\"https:\\\/\\\/abc-latina.com\\\/wp-content\\\/uploads\\\/2026\\\/05\\\/cropped-logo.gif\",\"contentUrl\":\"https:\\\/\\\/abc-latina.com\\\/wp-content\\\/uploads\\\/2026\\\/05\\\/cropped-logo.gif\",\"width\":89,\"height\":84,\"caption\":\"Abc-latina\"},\"image\":{\"@id\":\"https:\\\/\\\/abc-latina.com\\\/#\\\/schema\\\/logo\\\/image\\\/\"}}]}<\/script>\n<!-- \/ Yoast SEO plugin. -->","yoast_head_json":{"title":"SANTIAGO DE CUBA - Abc-latina","description":"Voyage et tourisme \u00e0 Santiago de Cuba.","robots":{"index":"index","follow":"follow","max-snippet":"max-snippet:-1","max-image-preview":"max-image-preview:large","max-video-preview":"max-video-preview:-1"},"canonical":"https:\/\/abc-latina.com\/cuba\/santiago_de_cuba\/","og_locale":"fr_FR","og_type":"article","og_title":"SANTIAGO DE CUBA - Abc-latina","og_description":"Voyage et tourisme \u00e0 Santiago de Cuba.","og_url":"https:\/\/abc-latina.com\/cuba\/santiago_de_cuba\/","og_site_name":"Abc-latina","article_modified_time":"2018-06-10T13:22:09+00:00","og_image":[{"width":620,"height":465,"url":"https:\/\/abc-latina.com\/wp-content\/uploads\/2010\/06\/santiago_cheval_4.jpg","type":"image\/jpeg"}],"twitter_card":"summary_large_image","twitter_misc":{"Dur\u00e9e de lecture estim\u00e9e":"1 minute"},"schema":{"@context":"https:\/\/schema.org","@graph":[{"@type":"WebPage","@id":"https:\/\/abc-latina.com\/cuba\/santiago_de_cuba\/","url":"https:\/\/abc-latina.com\/cuba\/santiago_de_cuba\/","name":"SANTIAGO DE CUBA - Abc-latina","isPartOf":{"@id":"https:\/\/abc-latina.com\/#website"},"primaryImageOfPage":{"@id":"https:\/\/abc-latina.com\/cuba\/santiago_de_cuba\/#primaryimage"},"image":{"@id":"https:\/\/abc-latina.com\/cuba\/santiago_de_cuba\/#primaryimage"},"thumbnailUrl":"https:\/\/abc-latina.com\/wp-content\/uploads\/2010\/06\/santiago_cheval_4.jpg","datePublished":"2010-06-04T04:51:13+00:00","dateModified":"2018-06-10T13:22:09+00:00","description":"Voyage et tourisme \u00e0 Santiago de Cuba.","breadcrumb":{"@id":"https:\/\/abc-latina.com\/cuba\/santiago_de_cuba\/#breadcrumb"},"inLanguage":"fr-FR","potentialAction":[{"@type":"ReadAction","target":["https:\/\/abc-latina.com\/cuba\/santiago_de_cuba\/"]}]},{"@type":"ImageObject","inLanguage":"fr-FR","@id":"https:\/\/abc-latina.com\/cuba\/santiago_de_cuba\/#primaryimage","url":"https:\/\/abc-latina.com\/wp-content\/uploads\/2010\/06\/santiago_cheval_4.jpg","contentUrl":"https:\/\/abc-latina.com\/wp-content\/uploads\/2010\/06\/santiago_cheval_4.jpg","width":620,"height":465,"caption":"VOYAGE \u00e0 SANTIAGO DE CUBA"},{"@type":"BreadcrumbList","@id":"https:\/\/abc-latina.com\/cuba\/santiago_de_cuba\/#breadcrumb","itemListElement":[{"@type":"ListItem","position":1,"name":"Accueil","item":"https:\/\/abc-latina.com\/"},{"@type":"ListItem","position":2,"name":"SANTIAGO DE CUBA"}]},{"@type":"WebSite","@id":"https:\/\/abc-latina.com\/#website","url":"https:\/\/abc-latina.com\/","name":"Abc-latina","description":"","publisher":{"@id":"https:\/\/abc-latina.com\/#organization"},"potentialAction":[{"@type":"SearchAction","target":{"@type":"EntryPoint","urlTemplate":"https:\/\/abc-latina.com\/?s={search_term_string}"},"query-input":{"@type":"PropertyValueSpecification","valueRequired":true,"valueName":"search_term_string"}}],"inLanguage":"fr-FR"},{"@type":"Organization","@id":"https:\/\/abc-latina.com\/#organization","name":"Abc-latina","url":"https:\/\/abc-latina.com\/","logo":{"@type":"ImageObject","inLanguage":"fr-FR","@id":"https:\/\/abc-latina.com\/#\/schema\/logo\/image\/","url":"https:\/\/abc-latina.com\/wp-content\/uploads\/2026\/05\/cropped-logo.gif","contentUrl":"https:\/\/abc-latina.com\/wp-content\/uploads\/2026\/05\/cropped-logo.gif","width":89,"height":84,"caption":"Abc-latina"},"image":{"@id":"https:\/\/abc-latina.com\/#\/schema\/logo\/image\/"}}]}},"_links":{"self":[{"href":"https:\/\/abc-latina.com\/wp-json\/wp\/v2\/pages\/276","targetHints":{"allow":["GET"]}}],"collection":[{"href":"https:\/\/abc-latina.com\/wp-json\/wp\/v2\/pages"}],"about":[{"href":"https:\/\/abc-latina.com\/wp-json\/wp\/v2\/types\/page"}],"author":[{"embeddable":true,"href":"https:\/\/abc-latina.com\/wp-json\/wp\/v2\/users\/3"}],"replies":[{"embeddable":true,"href":"https:\/\/abc-latina.com\/wp-json\/wp\/v2\/comments?post=276"}],"version-history":[{"count":0,"href":"https:\/\/abc-latina.com\/wp-json\/wp\/v2\/pages\/276\/revisions"}],"up":[{"embeddable":true,"href":"https:\/\/abc-latina.com\/wp-json\/wp\/v2\/pages\/2302"}],"wp:featuredmedia":[{"embeddable":true,"href":"https:\/\/abc-latina.com\/wp-json\/wp\/v2\/media\/274"}],"wp:attachment":[{"href":"https:\/\/abc-latina.com\/wp-json\/wp\/v2\/media?parent=276"}],"curies":[{"name":"wp","href":"https:\/\/api.w.org\/{rel}","templated":true}]}}